{"id":10057,"date":"2023-02-01T17:04:15","date_gmt":"2023-02-01T16:04:15","guid":{"rendered":"https:\/\/discovergallura.it\/s-antonio-gallura\/parco-comunale-san-giacomo-san-giuseppe\/"},"modified":"2023-04-14T11:59:18","modified_gmt":"2023-04-14T09:59:18","slug":"parco-comunale-san-giacomo-san-giuseppe","status":"publish","type":"page","link":"https:\/\/discovergallura.it\/de\/destinazioni\/s-antonio-gallura\/parco-comunale-san-giacomo-san-giuseppe\/","title":{"rendered":"Gemeindepark von San Giacomo und San Giuseppe"},"content":{"rendered":"<div class=\"wpb-content-wrapper\"><p>[vc_row css_animation=&#8220;&#8220; row_type=&#8220;row&#8220; use_row_as_full_screen_section=&#8220;no&#8220; type=&#8220;grid&#8220; angled_section=&#8220;no&#8220; text_align=&#8220;left&#8220; background_image_as_pattern=&#8220;without_pattern&#8220; z_index=&#8220;&#8220;][vc_column css=&#8220;.vc_custom_1674214152573{margin-top: 80px !important;}&#8220;][vc_row_inner row_type=&#8220;row&#8220; type=&#8220;full_width&#8220; text_align=&#8220;left&#8220; css_animation=&#8220;&#8220;][vc_column_inner width=&#8220;2\/3&#8243; css=&#8220;.vc_custom_1674212921568{margin-bottom: 110px !important;}&#8220;][vc_separator type=&#8220;small&#8220; position=&#8220;left&#8220; color=&#8220;#3390b9&#8243; thickness=&#8220;4&#8243; width=&#8220;50&#8243;]<div class=\"custom_font_holder \" style=\"font-family: red hat display; font-style: normal; font-weight: 800; color: #3390b9; text-decoration: none; text-align: left; --qode-cf-font-size: 38px; --qode-cf-line-height: 39px; --qode-cf-font-size-1440: 38px; --qode-cf-line-height-1440: 39px; --qode-cf-font-size-1366: 38px; --qode-cf-line-height-1366: 39px; --qode-cf-font-size-1280: 38px; --qode-cf-line-height-1280: 39px; --qode-cf-font-size-1024: 38px; --qode-cf-line-height-1024: 39px; --qode-cf-font-size-768: 38px; --qode-cf-line-height-768: 39px; --qode-cf-font-size-680: 38px; --qode-cf-line-height-680: 39px; --qode-cf-font-size-480: 38px; --qode-cf-line-height-480: 39px;\">GEMEINDEPARK VON SAN GIACOMO UND SAN GIUSEPPE<\/div>[\/vc_column_inner][vc_column_inner width=&#8220;1\/3&#8243;][\/vc_column_inner][\/vc_row_inner][vc_row_inner row_type=&#8220;row&#8220; type=&#8220;full_width&#8220; text_align=&#8220;left&#8220; css_animation=&#8220;&#8220;][vc_column_inner width=&#8220;1\/2&#8243;][vc_single_image image=&#8220;3642&#8243; img_size=&#8220;500&#215;500&#8243; qode_css_animation=&#8220;&#8220;][vc_empty_space][\/vc_column_inner][vc_column_inner width=&#8220;1\/2&#8243; css=&#8220;.vc_custom_1675268125033{margin-bottom: 80px !important;}&#8220;]<div class=\"custom_font_holder \" style=\"font-family: EB garamond; font-style: italic; font-weight: 500; text-decoration: none; text-align: left; --qode-cf-font-size: 24px; --qode-cf-line-height: 28px; --qode-cf-font-size-1440: 24px; --qode-cf-line-height-1440: 28px; --qode-cf-font-size-1366: 24px; --qode-cf-line-height-1366: 28px; --qode-cf-font-size-1280: 24px; --qode-cf-line-height-1280: 28px; --qode-cf-font-size-1024: 24px; --qode-cf-line-height-1024: 28px; --qode-cf-font-size-768: 24px; --qode-cf-line-height-768: 28px; --qode-cf-font-size-680: 24px; --qode-cf-line-height-680: 28px; --qode-cf-font-size-480: 24px; --qode-cf-line-height-480: 28px;\">\n<p style=\"text-align: center;\"><span style=\"font-size: 24pt; line-height: 110%;\">Gemeindepark von San Giacomo, ein Park, der weniger als einen Kilometer vom Zentrum von Sant&#8217;Antonio di Gallura entfernt ist.<\/span><\/p>\n<\/div>[vc_empty_space height=&#8220;15px&#8220;][vc_column_text]<\/p>\n<p style=\"text-align: justify;\">Der Park San Giuseppe liegt an der Stra\u00dfe zum Liscia-See und ist von einem Wald aus Steineichen, Korkeichen und jahrhundertealten wilden Olivenb\u00e4umen umgeben. Das Grundst\u00fcck wurde der Gemeinde Sant&#8217;Antonio von der Familie Pala gestiftet, um es f\u00fcr alle B\u00fcrger zu einem Ort der Begegnung, der Erholung und des Miteinanders zu machen.<\/p>\n<p>[\/vc_column_text][\/vc_column_inner][\/vc_row_inner][vc_row_inner row_type=&#8220;row&#8220; type=&#8220;full_width&#8220; text_align=&#8220;left&#8220; css_animation=&#8220;&#8220;][vc_column_inner width=&#8220;1\/2&#8243; css=&#8220;.vc_custom_1675268130865{margin-top: 30px !important;}&#8220;][vc_single_image image=&#8220;3634&#8243; img_size=&#8220;500&#215;500&#8243; qode_css_animation=&#8220;&#8220;][vc_empty_space][\/vc_column_inner][vc_column_inner width=&#8220;1\/2&#8243; css=&#8220;.vc_custom_1675268135760{margin-top: 30px !important;margin-bottom: 80px !important;}&#8220;]<div class=\"custom_font_holder \" style=\"font-family: EB garamond; font-style: italic; font-weight: 500; text-decoration: none; text-align: left; --qode-cf-font-size: 24px; --qode-cf-line-height: 28px; --qode-cf-font-size-1440: 24px; --qode-cf-line-height-1440: 28px; --qode-cf-font-size-1366: 24px; --qode-cf-line-height-1366: 28px; --qode-cf-font-size-1280: 24px; --qode-cf-line-height-1280: 28px; --qode-cf-font-size-1024: 24px; --qode-cf-line-height-1024: 28px; --qode-cf-font-size-768: 24px; --qode-cf-line-height-768: 28px; --qode-cf-font-size-680: 24px; --qode-cf-line-height-680: 28px; --qode-cf-font-size-480: 24px; --qode-cf-line-height-480: 28px;\">\n<p style=\"text-align: center;\"><span style=\"font-size: 24pt; line-height: 110%;\">Der Gemeindepark von San Giuseppe ist ein paradiesisches Fleckchen Erde, das h\u00e4ufig Schauplatz von Festen und Feiern ist, aber auch von vielen Besuchern, Touristen und Wanderern aufgesucht wird.<\/span><\/p>\n<\/div>[vc_empty_space height=&#8220;15px&#8220;][vc_column_text]<\/p>\n<p style=\"text-align: justify;\">In dem zwischen dem 19. und 20. Jahrhundert angelegten Park, der von Granit- und Steineichenw\u00e4ldern umgeben ist, befindet sich die dem Heiligen geweihte Kirche. Der Park verf\u00fcgt \u00fcber eine gro\u00dfe Tanzfl\u00e4che, zahlreiche rund um die Kirche angeordnete Granittische mit Sitzgelegenheiten und einen gro\u00dfen K\u00fcchenraum, in dem w\u00e4hrend der Feste, die dem Heiligen gewidmet sind, typische Gerichte zubereitet werden.<\/p>\n<p>[\/vc_column_text][\/vc_column_inner][\/vc_row_inner][\/vc_column][\/vc_row][vc_row css_animation=&#8220;&#8220; row_type=&#8220;row&#8220; use_row_as_full_screen_section=&#8220;no&#8220; type=&#8220;full_width&#8220; angled_section=&#8220;no&#8220; text_align=&#8220;left&#8220; background_image_as_pattern=&#8220;without_pattern&#8220; z_index=&#8220;&#8220;][vc_column css=&#8220;.vc_custom_1675701152868{margin-top: 80px !important;margin-bottom: 120px !important;}&#8220;]<div class=\"qode-advanced-image-gallery  qode-aig-slider-type qode-tiny-space   \">\n\t<div class=\"qode-aig-slider qode-owl-slider\" data-number-of-items=\"1\" data-enable-loop=\"yes\" data-enable-autoplay=\"yes\" data-slider-speed=\"5000\" data-slider-speed-animation=\"600\" data-slider-padding=\"yes\" data-enable-navigation=\"yes\" data-enable-pagination=\"yes\">\n\t\t\t\t\t<div class=\"qode-aig-image\">\n\t\t\t\t\t\t\t\t\t<img loading=\"lazy\" decoding=\"async\" width=\"720\" height=\"960\" src=\"https:\/\/discovergallura.it\/wp-content\/uploads\/2023\/02\/chiesa-vecchia-parco.jpeg\" class=\"attachment-full size-full\" alt=\"\" srcset=\"https:\/\/discovergallura.it\/wp-content\/uploads\/2023\/02\/chiesa-vecchia-parco.jpeg 720w, https:\/\/discovergallura.it\/wp-content\/uploads\/2023\/02\/chiesa-vecchia-parco-225x300.jpeg 225w, https:\/\/discovergallura.it\/wp-content\/uploads\/2023\/02\/chiesa-vecchia-parco-600x800.jpeg 600w, https:\/\/discovergallura.it\/wp-content\/uploads\/2023\/02\/chiesa-vecchia-parco-700x933.jpeg 700w\" sizes=\"auto, (max-width: 720px) 100vw, 720px\" \/>\t\t\t\t\t<span class=\"aig-gallery-hover\">\n\t\t\t\t\t\t\t\t\t\t\t<\/span>\n\t\t\t\t\t\t\t<\/div>\n\t\t\t\t\t\t\t\t<div class=\"qode-aig-image\">\n\t\t\t\t\t\t\t\t\t<img loading=\"lazy\" decoding=\"async\" width=\"765\" height=\"1020\" src=\"https:\/\/discovergallura.it\/wp-content\/uploads\/2023\/02\/IMG_2113.jpeg\" class=\"attachment-full size-full\" alt=\"\" srcset=\"https:\/\/discovergallura.it\/wp-content\/uploads\/2023\/02\/IMG_2113.jpeg 765w, https:\/\/discovergallura.it\/wp-content\/uploads\/2023\/02\/IMG_2113-225x300.jpeg 225w, https:\/\/discovergallura.it\/wp-content\/uploads\/2023\/02\/IMG_2113-600x800.jpeg 600w, https:\/\/discovergallura.it\/wp-content\/uploads\/2023\/02\/IMG_2113-700x933.jpeg 700w\" sizes=\"auto, (max-width: 765px) 100vw, 765px\" \/>\t\t\t\t\t<span class=\"aig-gallery-hover\">\n\t\t\t\t\t\t\t\t\t\t\t<\/span>\n\t\t\t\t\t\t\t<\/div>\n\t\t\t\t\t\t\t\t<div class=\"qode-aig-image\">\n\t\t\t\t\t\t\t\t\t<img loading=\"lazy\" decoding=\"async\" width=\"2048\" height=\"1536\" src=\"https:\/\/discovergallura.it\/wp-content\/uploads\/2023\/02\/IMG_9278-2048x1536-1.jpeg\" class=\"attachment-full size-full\" alt=\"\" srcset=\"https:\/\/discovergallura.it\/wp-content\/uploads\/2023\/02\/IMG_9278-2048x1536-1.jpeg 2048w, https:\/\/discovergallura.it\/wp-content\/uploads\/2023\/02\/IMG_9278-2048x1536-1-300x225.jpeg 300w, https:\/\/discovergallura.it\/wp-content\/uploads\/2023\/02\/IMG_9278-2048x1536-1-1024x768.jpeg 1024w, https:\/\/discovergallura.it\/wp-content\/uploads\/2023\/02\/IMG_9278-2048x1536-1-768x576.jpeg 768w, https:\/\/discovergallura.it\/wp-content\/uploads\/2023\/02\/IMG_9278-2048x1536-1-1536x1152.jpeg 1536w, https:\/\/discovergallura.it\/wp-content\/uploads\/2023\/02\/IMG_9278-2048x1536-1-800x600.jpeg 800w, https:\/\/discovergallura.it\/wp-content\/uploads\/2023\/02\/IMG_9278-2048x1536-1-700x525.jpeg 700w\" sizes=\"auto, (max-width: 2048px) 100vw, 2048px\" \/>\t\t\t\t\t<span class=\"aig-gallery-hover\">\n\t\t\t\t\t\t\t\t\t\t\t<\/span>\n\t\t\t\t\t\t\t<\/div>\n\t\t\t\t\t\t\t\t<div class=\"qode-aig-image\">\n\t\t\t\t\t\t\t\t\t<img loading=\"lazy\" decoding=\"async\" width=\"1134\" height=\"1512\" src=\"https:\/\/discovergallura.it\/wp-content\/uploads\/2023\/02\/Chiesa-di-San-Giacomo-1.jpg\" class=\"attachment-full size-full\" alt=\"\" srcset=\"https:\/\/discovergallura.it\/wp-content\/uploads\/2023\/02\/Chiesa-di-San-Giacomo-1.jpg 1134w, https:\/\/discovergallura.it\/wp-content\/uploads\/2023\/02\/Chiesa-di-San-Giacomo-1-225x300.jpg 225w, https:\/\/discovergallura.it\/wp-content\/uploads\/2023\/02\/Chiesa-di-San-Giacomo-1-768x1024.jpg 768w, https:\/\/discovergallura.it\/wp-content\/uploads\/2023\/02\/Chiesa-di-San-Giacomo-1-600x800.jpg 600w, https:\/\/discovergallura.it\/wp-content\/uploads\/2023\/02\/Chiesa-di-San-Giacomo-1-700x933.jpg 700w\" sizes=\"auto, (max-width: 1134px) 100vw, 1134px\" \/>\t\t\t\t\t<span class=\"aig-gallery-hover\">\n\t\t\t\t\t\t\t\t\t\t\t<\/span>\n\t\t\t\t\t\t\t<\/div>\n\t\t\t\t\t\t\t\t<div class=\"qode-aig-image\">\n\t\t\t\t\t\t\t\t\t\t\t\t\t\t<span class=\"aig-gallery-hover\">\n\t\t\t\t\t\t\t\t\t\t\t<\/span>\n\t\t\t\t\t\t\t<\/div>\n\t\t\t\t\t\t\t\t<div class=\"qode-aig-image\">\n\t\t\t\t\t\t\t\t\t<img loading=\"lazy\" decoding=\"async\" width=\"798\" height=\"798\" src=\"https:\/\/discovergallura.it\/wp-content\/uploads\/2023\/02\/2021-07-04.jpeg\" class=\"attachment-full size-full\" alt=\"\" srcset=\"https:\/\/discovergallura.it\/wp-content\/uploads\/2023\/02\/2021-07-04.jpeg 798w, https:\/\/discovergallura.it\/wp-content\/uploads\/2023\/02\/2021-07-04-300x300.jpeg 300w, https:\/\/discovergallura.it\/wp-content\/uploads\/2023\/02\/2021-07-04-150x150.jpeg 150w, https:\/\/discovergallura.it\/wp-content\/uploads\/2023\/02\/2021-07-04-768x768.jpeg 768w, https:\/\/discovergallura.it\/wp-content\/uploads\/2023\/02\/2021-07-04-570x570.jpeg 570w, https:\/\/discovergallura.it\/wp-content\/uploads\/2023\/02\/2021-07-04-500x500.jpeg 500w, https:\/\/discovergallura.it\/wp-content\/uploads\/2023\/02\/2021-07-04-700x700.jpeg 700w, https:\/\/discovergallura.it\/wp-content\/uploads\/2023\/02\/2021-07-04-650x650.jpeg 650w\" sizes=\"auto, (max-width: 798px) 100vw, 798px\" \/>\t\t\t\t\t<span class=\"aig-gallery-hover\">\n\t\t\t\t\t\t\t\t\t\t\t<\/span>\n\t\t\t\t\t\t\t<\/div>\n\t\t\t\t\t\t\t\t<div class=\"qode-aig-image\">\n\t\t\t\t\t\t\t\t\t<img loading=\"lazy\" decoding=\"async\" width=\"765\" height=\"1020\" src=\"https:\/\/discovergallura.it\/wp-content\/uploads\/2023\/02\/2022-04-20.jpeg\" class=\"attachment-full size-full\" alt=\"\" srcset=\"https:\/\/discovergallura.it\/wp-content\/uploads\/2023\/02\/2022-04-20.jpeg 765w, https:\/\/discovergallura.it\/wp-content\/uploads\/2023\/02\/2022-04-20-225x300.jpeg 225w, https:\/\/discovergallura.it\/wp-content\/uploads\/2023\/02\/2022-04-20-600x800.jpeg 600w, https:\/\/discovergallura.it\/wp-content\/uploads\/2023\/02\/2022-04-20-700x933.jpeg 700w\" sizes=\"auto, (max-width: 765px) 100vw, 765px\" \/>\t\t\t\t\t<span class=\"aig-gallery-hover\">\n\t\t\t\t\t\t\t\t\t\t\t<\/span>\n\t\t\t\t\t\t\t<\/div>\n\t\t\t\t\t\t\t\t<div class=\"qode-aig-image\">\n\t\t\t\t\t\t\t\t\t<img loading=\"lazy\" decoding=\"async\" width=\"1200\" height=\"1200\" src=\"https:\/\/discovergallura.it\/wp-content\/uploads\/2023\/02\/cammino-di-san-giacomo.jpeg\" class=\"attachment-full size-full\" alt=\"\" srcset=\"https:\/\/discovergallura.it\/wp-content\/uploads\/2023\/02\/cammino-di-san-giacomo.jpeg 1200w, https:\/\/discovergallura.it\/wp-content\/uploads\/2023\/02\/cammino-di-san-giacomo-300x300.jpeg 300w, https:\/\/discovergallura.it\/wp-content\/uploads\/2023\/02\/cammino-di-san-giacomo-1024x1024.jpeg 1024w, https:\/\/discovergallura.it\/wp-content\/uploads\/2023\/02\/cammino-di-san-giacomo-150x150.jpeg 150w, https:\/\/discovergallura.it\/wp-content\/uploads\/2023\/02\/cammino-di-san-giacomo-768x768.jpeg 768w, https:\/\/discovergallura.it\/wp-content\/uploads\/2023\/02\/cammino-di-san-giacomo-570x570.jpeg 570w, https:\/\/discovergallura.it\/wp-content\/uploads\/2023\/02\/cammino-di-san-giacomo-500x500.jpeg 500w, https:\/\/discovergallura.it\/wp-content\/uploads\/2023\/02\/cammino-di-san-giacomo-1000x1000.jpeg 1000w, https:\/\/discovergallura.it\/wp-content\/uploads\/2023\/02\/cammino-di-san-giacomo-700x700.jpeg 700w, https:\/\/discovergallura.it\/wp-content\/uploads\/2023\/02\/cammino-di-san-giacomo-650x650.jpeg 650w\" sizes=\"auto, (max-width: 1200px) 100vw, 1200px\" \/>\t\t\t\t\t<span class=\"aig-gallery-hover\">\n\t\t\t\t\t\t\t\t\t\t\t<\/span>\n\t\t\t\t\t\t\t<\/div>\n\t\t\t\t\t\t\t\t<div class=\"qode-aig-image\">\n\t\t\t\t\t\t\t\t\t<img loading=\"lazy\" decoding=\"async\" width=\"1141\" height=\"1199\" src=\"https:\/\/discovergallura.it\/wp-content\/uploads\/2023\/02\/Chiesa-di-San-Giacomo-2.jpg\" class=\"attachment-full size-full\" alt=\"\" srcset=\"https:\/\/discovergallura.it\/wp-content\/uploads\/2023\/02\/Chiesa-di-San-Giacomo-2.jpg 1141w, https:\/\/discovergallura.it\/wp-content\/uploads\/2023\/02\/Chiesa-di-San-Giacomo-2-285x300.jpg 285w, https:\/\/discovergallura.it\/wp-content\/uploads\/2023\/02\/Chiesa-di-San-Giacomo-2-974x1024.jpg 974w, https:\/\/discovergallura.it\/wp-content\/uploads\/2023\/02\/Chiesa-di-San-Giacomo-2-768x807.jpg 768w, https:\/\/discovergallura.it\/wp-content\/uploads\/2023\/02\/Chiesa-di-San-Giacomo-2-700x736.jpg 700w\" sizes=\"auto, (max-width: 1141px) 100vw, 1141px\" \/>\t\t\t\t\t<span class=\"aig-gallery-hover\">\n\t\t\t\t\t\t\t\t\t\t\t<\/span>\n\t\t\t\t\t\t\t<\/div>\n\t\t\t\t\t\t<\/div>\n<\/div>[\/vc_column][\/vc_row]<\/p>\n<\/div>","protected":false},"excerpt":{"rendered":"<p>[vc_row css_animation=&#8220;&#8220; row_type=&#8220;row&#8220; use_row_as_full_screen_section=&#8220;no&#8220; type=&#8220;grid&#8220; angled_section=&#8220;no&#8220; text_align=&#8220;left&#8220; background_image_as_pattern=&#8220;without_pattern&#8220; z_index=&#8220;&#8220;][vc_column css=&#8220;.vc_custom_1674214152573{margin-top: 80px !important;}&#8220;][vc_row_inner row_type=&#8220;row&#8220; type=&#8220;full_width&#8220; text_align=&#8220;left&#8220; css_animation=&#8220;&#8220;][vc_column_inner width=&#8220;2\/3&#8243; css=&#8220;.vc_custom_1674212921568{margin-bottom: 110px !important;}&#8220;][vc_separator type=&#8220;small&#8220; position=&#8220;left&#8220; color=&#8220;#3390b9&#8243; thickness=&#8220;4&#8243; width=&#8220;50&#8243;][\/vc_column_inner][vc_column_inner width=&#8220;1\/3&#8243;][\/vc_column_inner][\/vc_row_inner][vc_row_inner row_type=&#8220;row&#8220; type=&#8220;full_width&#8220; text_align=&#8220;left&#8220; css_animation=&#8220;&#8220;][vc_column_inner width=&#8220;1\/2&#8243;][vc_single_image image=&#8220;3642&#8243; img_size=&#8220;500&#215;500&#8243; qode_css_animation=&#8220;&#8220;][vc_empty_space][\/vc_column_inner][vc_column_inner width=&#8220;1\/2&#8243; css=&#8220;.vc_custom_1675268125033{margin-bottom: 80px !important;}&#8220;][vc_empty_space height=&#8220;15px&#8220;][vc_column_text] Der Park San Giuseppe liegt an&#8230;<\/p>\n","protected":false},"author":1,"featured_media":9525,"parent":10050,"menu_order":0,"comment_status":"closed","ping_status":"closed","template":"full_width.php","meta":{"inline_featured_image":false,"footnotes":""},"class_list":["post-10057","page","type-page","status-publish","has-post-thumbnail","hentry"],"_links":{"self":[{"href":"https:\/\/discovergallura.it\/de\/wp-json\/wp\/v2\/pages\/10057","targetHints":{"allow":["GET"]}}],"collection":[{"href":"https:\/\/discovergallura.it\/de\/wp-json\/wp\/v2\/pages"}],"about":[{"href":"https:\/\/discovergallura.it\/de\/wp-json\/wp\/v2\/types\/page"}],"author":[{"embeddable":true,"href":"https:\/\/discovergallura.it\/de\/wp-json\/wp\/v2\/users\/1"}],"replies":[{"embeddable":true,"href":"https:\/\/discovergallura.it\/de\/wp-json\/wp\/v2\/comments?post=10057"}],"version-history":[{"count":3,"href":"https:\/\/discovergallura.it\/de\/wp-json\/wp\/v2\/pages\/10057\/revisions"}],"predecessor-version":[{"id":10060,"href":"https:\/\/discovergallura.it\/de\/wp-json\/wp\/v2\/pages\/10057\/revisions\/10060"}],"up":[{"embeddable":true,"href":"https:\/\/discovergallura.it\/de\/wp-json\/wp\/v2\/pages\/10050"}],"wp:featuredmedia":[{"embeddable":true,"href":"https:\/\/discovergallura.it\/de\/wp-json\/wp\/v2\/media\/9525"}],"wp:attachment":[{"href":"https:\/\/discovergallura.it\/de\/wp-json\/wp\/v2\/media?parent=10057"}],"curies":[{"name":"wp","href":"https:\/\/api.w.org\/{rel}","templated":true}]}}