{"id":10069,"date":"2023-02-01T17:33:23","date_gmt":"2023-02-01T16:33:23","guid":{"rendered":"https:\/\/discovergallura.it\/telti\/monte-pinu\/"},"modified":"2023-04-14T12:10:26","modified_gmt":"2023-04-14T10:10:26","slug":"monte-pinu","status":"publish","type":"page","link":"https:\/\/discovergallura.it\/de\/destinazioni\/telti\/monte-pinu\/","title":{"rendered":"Monte Pinu"},"content":{"rendered":"<div class=\"wpb-content-wrapper\"><p>[vc_row css_animation=&#8220;&#8220; row_type=&#8220;row&#8220; use_row_as_full_screen_section=&#8220;no&#8220; type=&#8220;grid&#8220; angled_section=&#8220;no&#8220; text_align=&#8220;left&#8220; background_image_as_pattern=&#8220;without_pattern&#8220; z_index=&#8220;&#8220;][vc_column css=&#8220;.vc_custom_1674214152573{margin-top: 80px !important;}&#8220;][vc_row_inner row_type=&#8220;row&#8220; type=&#8220;full_width&#8220; text_align=&#8220;left&#8220; css_animation=&#8220;&#8220;][vc_column_inner width=&#8220;1\/2&#8243; css=&#8220;.vc_custom_1674212921568{margin-bottom: 110px !important;}&#8220;][vc_separator type=&#8220;small&#8220; position=&#8220;left&#8220; color=&#8220;#3390b9&#8243; thickness=&#8220;4&#8243; width=&#8220;50&#8243;]<div class=\"custom_font_holder \" style=\"font-family: red hat display; font-style: normal; font-weight: 800; color: #3390b9; text-decoration: none; text-align: left; --qode-cf-font-size: 38px; --qode-cf-line-height: 39px; --qode-cf-font-size-1440: 38px; --qode-cf-line-height-1440: 39px; --qode-cf-font-size-1366: 38px; --qode-cf-line-height-1366: 39px; --qode-cf-font-size-1280: 38px; --qode-cf-line-height-1280: 39px; --qode-cf-font-size-1024: 38px; --qode-cf-line-height-1024: 39px; --qode-cf-font-size-768: 38px; --qode-cf-line-height-768: 39px; --qode-cf-font-size-680: 38px; --qode-cf-line-height-680: 39px; --qode-cf-font-size-480: 38px; --qode-cf-line-height-480: 39px;\">MONTE PINU<\/div>[\/vc_column_inner][vc_column_inner width=&#8220;1\/2&#8243;][\/vc_column_inner][\/vc_row_inner][vc_row_inner row_type=&#8220;row&#8220; type=&#8220;full_width&#8220; text_align=&#8220;left&#8220; css_animation=&#8220;&#8220;][vc_column_inner width=&#8220;1\/2&#8243;][vc_single_image image=&#8220;3662&#8243; img_size=&#8220;full&#8220; qode_css_animation=&#8220;&#8220;][vc_empty_space][\/vc_column_inner][vc_column_inner width=&#8220;1\/2&#8243; css=&#8220;.vc_custom_1674212910857{margin-bottom: 80px !important;}&#8220;][vc_column_text]<\/p>\n<p style=\"text-align: justify;\">Der Monte Pino liegt in einer bergigen Gegend, die die Fortsetzung des Limbara-Gebirges ist; er \u00fcberragt die Ebene von Olbia und bietet einen herrlichen Blick auf die K\u00fcste von <a href=\"https:\/\/discovergallura.it\/en\/destinations\/golfo-aranci\/\">Golfo Aranci<\/a> bis zur <a href=\"https:\/\/discovergallura.it\/siti-iconici-gallura\/isola-di-tavolara\/\">Insel Tavolara.<\/a><br \/>\nDie \u00fcppige Vegetation ist gepr\u00e4gt von der ausgepr\u00e4gten mediterranen Macchia und der hier beheimateten Seekiefer<\/p>\n<p>[\/vc_column_text][\/vc_column_inner][\/vc_row_inner][\/vc_column][\/vc_row][vc_row css_animation=&#8220;&#8220; row_type=&#8220;row&#8220; use_row_as_full_screen_section=&#8220;no&#8220; type=&#8220;grid&#8220; angled_section=&#8220;no&#8220; text_align=&#8220;left&#8220; background_image_as_pattern=&#8220;without_pattern&#8220; z_index=&#8220;&#8220;][vc_column width=&#8220;1\/6&#8243;][\/vc_column][vc_column width=&#8220;2\/3&#8243; css=&#8220;.vc_custom_1674141388895{margin-top: 80px !important;}&#8220; offset=&#8220;vc_hidden-sm vc_hidden-xs&#8220;]<div class=\"custom_font_holder \" style=\"font-family: EB garamond; font-style: italic; font-weight: 500; text-decoration: none; text-align: left; --qode-cf-font-size: 24px; --qode-cf-line-height: 28px; --qode-cf-font-size-1440: 24px; --qode-cf-line-height-1440: 28px; --qode-cf-font-size-1366: 24px; --qode-cf-line-height-1366: 28px; --qode-cf-font-size-1280: 24px; --qode-cf-line-height-1280: 28px; --qode-cf-font-size-1024: 24px; --qode-cf-line-height-1024: 28px; --qode-cf-font-size-768: 24px; --qode-cf-line-height-768: 28px; --qode-cf-font-size-680: 24px; --qode-cf-line-height-680: 28px; --qode-cf-font-size-480: 24px; --qode-cf-line-height-480: 28px;\">\n<p style=\"text-align: center;\"><span style=\"font-size: 24pt; line-height: 110%;\">Er wird als \u201eGr\u00fcne Lunge\u201c bezeichnet und ist ein beliebtes Ziel von Touristen und B\u00fcrgern.<\/span><\/p>\n<\/div>[\/vc_column][vc_column width=&#8220;1\/6&#8243;][\/vc_column][\/vc_row][vc_row css_animation=&#8220;&#8220; row_type=&#8220;row&#8220; use_row_as_full_screen_section=&#8220;no&#8220; type=&#8220;full_width&#8220; angled_section=&#8220;no&#8220; text_align=&#8220;left&#8220; background_image_as_pattern=&#8220;without_pattern&#8220; z_index=&#8220;&#8220;][vc_column css=&#8220;.vc_custom_1674214257906{margin-top: 80px !important;margin-bottom: 120px !important;}&#8220; offset=&#8220;vc_hidden-sm vc_hidden-xs&#8220;]<div class=\"qode-advanced-image-gallery  qode-aig-slider-type qode-tiny-space   \">\n\t<div class=\"qode-aig-slider qode-owl-slider\" data-number-of-items=\"1\" data-enable-loop=\"yes\" data-enable-autoplay=\"yes\" data-slider-speed=\"5000\" data-slider-speed-animation=\"600\" data-slider-padding=\"yes\" data-enable-navigation=\"yes\" data-enable-pagination=\"yes\">\n\t\t\t\t\t<div class=\"qode-aig-image\">\n\t\t\t\t\t\t\t\t\t<img loading=\"lazy\" decoding=\"async\" width=\"1600\" height=\"1066\" src=\"https:\/\/discovergallura.it\/wp-content\/uploads\/2023\/02\/DSC_0180-2.jpeg\" class=\"attachment-full size-full\" alt=\"\" srcset=\"https:\/\/discovergallura.it\/wp-content\/uploads\/2023\/02\/DSC_0180-2.jpeg 1600w, https:\/\/discovergallura.it\/wp-content\/uploads\/2023\/02\/DSC_0180-2-300x200.jpeg 300w, https:\/\/discovergallura.it\/wp-content\/uploads\/2023\/02\/DSC_0180-2-1024x682.jpeg 1024w, https:\/\/discovergallura.it\/wp-content\/uploads\/2023\/02\/DSC_0180-2-768x512.jpeg 768w, https:\/\/discovergallura.it\/wp-content\/uploads\/2023\/02\/DSC_0180-2-1536x1023.jpeg 1536w, https:\/\/discovergallura.it\/wp-content\/uploads\/2023\/02\/DSC_0180-2-700x466.jpeg 700w\" sizes=\"auto, (max-width: 1600px) 100vw, 1600px\" \/>\t\t\t\t\t<span class=\"aig-gallery-hover\">\n\t\t\t\t\t\t\t\t\t\t\t<\/span>\n\t\t\t\t\t\t\t<\/div>\n\t\t\t\t\t\t\t\t<div class=\"qode-aig-image\">\n\t\t\t\t\t\t\t\t\t<img loading=\"lazy\" decoding=\"async\" width=\"1600\" height=\"1066\" src=\"https:\/\/discovergallura.it\/wp-content\/uploads\/2023\/02\/DSC_0188-2.jpeg\" class=\"attachment-full size-full\" alt=\"\" srcset=\"https:\/\/discovergallura.it\/wp-content\/uploads\/2023\/02\/DSC_0188-2.jpeg 1600w, https:\/\/discovergallura.it\/wp-content\/uploads\/2023\/02\/DSC_0188-2-300x200.jpeg 300w, https:\/\/discovergallura.it\/wp-content\/uploads\/2023\/02\/DSC_0188-2-1024x682.jpeg 1024w, https:\/\/discovergallura.it\/wp-content\/uploads\/2023\/02\/DSC_0188-2-768x512.jpeg 768w, https:\/\/discovergallura.it\/wp-content\/uploads\/2023\/02\/DSC_0188-2-1536x1023.jpeg 1536w, https:\/\/discovergallura.it\/wp-content\/uploads\/2023\/02\/DSC_0188-2-700x466.jpeg 700w\" sizes=\"auto, (max-width: 1600px) 100vw, 1600px\" \/>\t\t\t\t\t<span class=\"aig-gallery-hover\">\n\t\t\t\t\t\t\t\t\t\t\t<\/span>\n\t\t\t\t\t\t\t<\/div>\n\t\t\t\t\t\t\t\t<div class=\"qode-aig-image\">\n\t\t\t\t\t\t\t\t\t<img loading=\"lazy\" decoding=\"async\" width=\"1600\" height=\"1066\" src=\"https:\/\/discovergallura.it\/wp-content\/uploads\/2023\/02\/DSC_0234-2.jpeg\" class=\"attachment-full size-full\" alt=\"\" srcset=\"https:\/\/discovergallura.it\/wp-content\/uploads\/2023\/02\/DSC_0234-2.jpeg 1600w, https:\/\/discovergallura.it\/wp-content\/uploads\/2023\/02\/DSC_0234-2-300x200.jpeg 300w, https:\/\/discovergallura.it\/wp-content\/uploads\/2023\/02\/DSC_0234-2-1024x682.jpeg 1024w, https:\/\/discovergallura.it\/wp-content\/uploads\/2023\/02\/DSC_0234-2-768x512.jpeg 768w, https:\/\/discovergallura.it\/wp-content\/uploads\/2023\/02\/DSC_0234-2-1536x1023.jpeg 1536w, https:\/\/discovergallura.it\/wp-content\/uploads\/2023\/02\/DSC_0234-2-700x466.jpeg 700w\" sizes=\"auto, (max-width: 1600px) 100vw, 1600px\" \/>\t\t\t\t\t<span class=\"aig-gallery-hover\">\n\t\t\t\t\t\t\t\t\t\t\t<\/span>\n\t\t\t\t\t\t\t<\/div>\n\t\t\t\t\t\t\t\t<div class=\"qode-aig-image\">\n\t\t\t\t\t\t\t\t\t<img loading=\"lazy\" decoding=\"async\" width=\"1600\" height=\"1066\" src=\"https:\/\/discovergallura.it\/wp-content\/uploads\/2023\/02\/DSC_0237-2.jpeg\" class=\"attachment-full size-full\" alt=\"\" srcset=\"https:\/\/discovergallura.it\/wp-content\/uploads\/2023\/02\/DSC_0237-2.jpeg 1600w, https:\/\/discovergallura.it\/wp-content\/uploads\/2023\/02\/DSC_0237-2-300x200.jpeg 300w, https:\/\/discovergallura.it\/wp-content\/uploads\/2023\/02\/DSC_0237-2-1024x682.jpeg 1024w, https:\/\/discovergallura.it\/wp-content\/uploads\/2023\/02\/DSC_0237-2-768x512.jpeg 768w, https:\/\/discovergallura.it\/wp-content\/uploads\/2023\/02\/DSC_0237-2-1536x1023.jpeg 1536w, https:\/\/discovergallura.it\/wp-content\/uploads\/2023\/02\/DSC_0237-2-700x466.jpeg 700w\" sizes=\"auto, (max-width: 1600px) 100vw, 1600px\" \/>\t\t\t\t\t<span class=\"aig-gallery-hover\">\n\t\t\t\t\t\t\t\t\t\t\t<\/span>\n\t\t\t\t\t\t\t<\/div>\n\t\t\t\t\t\t\t\t<div class=\"qode-aig-image\">\n\t\t\t\t\t\t\t\t\t<img loading=\"lazy\" decoding=\"async\" width=\"1365\" height=\"1024\" src=\"https:\/\/discovergallura.it\/wp-content\/uploads\/2023\/02\/162-Telti-blog-5.jpeg\" class=\"attachment-full size-full\" alt=\"\" srcset=\"https:\/\/discovergallura.it\/wp-content\/uploads\/2023\/02\/162-Telti-blog-5.jpeg 1365w, https:\/\/discovergallura.it\/wp-content\/uploads\/2023\/02\/162-Telti-blog-5-300x225.jpeg 300w, https:\/\/discovergallura.it\/wp-content\/uploads\/2023\/02\/162-Telti-blog-5-1024x768.jpeg 1024w, https:\/\/discovergallura.it\/wp-content\/uploads\/2023\/02\/162-Telti-blog-5-768x576.jpeg 768w, https:\/\/discovergallura.it\/wp-content\/uploads\/2023\/02\/162-Telti-blog-5-800x600.jpeg 800w, https:\/\/discovergallura.it\/wp-content\/uploads\/2023\/02\/162-Telti-blog-5-700x525.jpeg 700w\" sizes=\"auto, (max-width: 1365px) 100vw, 1365px\" \/>\t\t\t\t\t<span class=\"aig-gallery-hover\">\n\t\t\t\t\t\t\t\t\t\t\t<\/span>\n\t\t\t\t\t\t\t<\/div>\n\t\t\t\t\t\t\t\t<div class=\"qode-aig-image\">\n\t\t\t\t\t\t\t\t\t<img loading=\"lazy\" decoding=\"async\" width=\"1024\" height=\"768\" src=\"https:\/\/discovergallura.it\/wp-content\/uploads\/2023\/02\/45890770.jpeg\" class=\"attachment-full size-full\" alt=\"\" srcset=\"https:\/\/discovergallura.it\/wp-content\/uploads\/2023\/02\/45890770.jpeg 1024w, https:\/\/discovergallura.it\/wp-content\/uploads\/2023\/02\/45890770-300x225.jpeg 300w, https:\/\/discovergallura.it\/wp-content\/uploads\/2023\/02\/45890770-768x576.jpeg 768w, https:\/\/discovergallura.it\/wp-content\/uploads\/2023\/02\/45890770-800x600.jpeg 800w, https:\/\/discovergallura.it\/wp-content\/uploads\/2023\/02\/45890770-700x525.jpeg 700w\" sizes=\"auto, (max-width: 1024px) 100vw, 1024px\" \/>\t\t\t\t\t<span class=\"aig-gallery-hover\">\n\t\t\t\t\t\t\t\t\t\t\t<\/span>\n\t\t\t\t\t\t\t<\/div>\n\t\t\t\t\t\t\t\t<div class=\"qode-aig-image\">\n\t\t\t\t\t\t\t\t\t<img loading=\"lazy\" decoding=\"async\" width=\"1600\" height=\"1200\" src=\"https:\/\/discovergallura.it\/wp-content\/uploads\/2023\/02\/51996802Master.jpeg\" class=\"attachment-full size-full\" alt=\"\" srcset=\"https:\/\/discovergallura.it\/wp-content\/uploads\/2023\/02\/51996802Master.jpeg 1600w, https:\/\/discovergallura.it\/wp-content\/uploads\/2023\/02\/51996802Master-300x225.jpeg 300w, https:\/\/discovergallura.it\/wp-content\/uploads\/2023\/02\/51996802Master-1024x768.jpeg 1024w, https:\/\/discovergallura.it\/wp-content\/uploads\/2023\/02\/51996802Master-768x576.jpeg 768w, https:\/\/discovergallura.it\/wp-content\/uploads\/2023\/02\/51996802Master-1536x1152.jpeg 1536w, https:\/\/discovergallura.it\/wp-content\/uploads\/2023\/02\/51996802Master-800x600.jpeg 800w, https:\/\/discovergallura.it\/wp-content\/uploads\/2023\/02\/51996802Master-700x525.jpeg 700w\" sizes=\"auto, (max-width: 1600px) 100vw, 1600px\" \/>\t\t\t\t\t<span class=\"aig-gallery-hover\">\n\t\t\t\t\t\t\t\t\t\t\t<\/span>\n\t\t\t\t\t\t\t<\/div>\n\t\t\t\t\t\t<\/div>\n<\/div>[\/vc_column][\/vc_row]<\/p>\n<\/div>","protected":false},"excerpt":{"rendered":"<p>[vc_row css_animation=&#8220;&#8220; row_type=&#8220;row&#8220; use_row_as_full_screen_section=&#8220;no&#8220; type=&#8220;grid&#8220; angled_section=&#8220;no&#8220; text_align=&#8220;left&#8220; background_image_as_pattern=&#8220;without_pattern&#8220; z_index=&#8220;&#8220;][vc_column css=&#8220;.vc_custom_1674214152573{margin-top: 80px !important;}&#8220;][vc_row_inner row_type=&#8220;row&#8220; type=&#8220;full_width&#8220; text_align=&#8220;left&#8220; css_animation=&#8220;&#8220;][vc_column_inner width=&#8220;1\/2&#8243; css=&#8220;.vc_custom_1674212921568{margin-bottom: 110px !important;}&#8220;][vc_separator type=&#8220;small&#8220; position=&#8220;left&#8220; color=&#8220;#3390b9&#8243; thickness=&#8220;4&#8243; width=&#8220;50&#8243;][\/vc_column_inner][vc_column_inner width=&#8220;1\/2&#8243;][\/vc_column_inner][\/vc_row_inner][vc_row_inner row_type=&#8220;row&#8220; type=&#8220;full_width&#8220; text_align=&#8220;left&#8220; css_animation=&#8220;&#8220;][vc_column_inner width=&#8220;1\/2&#8243;][vc_single_image image=&#8220;3662&#8243; img_size=&#8220;full&#8220; qode_css_animation=&#8220;&#8220;][vc_empty_space][\/vc_column_inner][vc_column_inner width=&#8220;1\/2&#8243; css=&#8220;.vc_custom_1674212910857{margin-bottom: 80px !important;}&#8220;][vc_column_text] Der Monte Pino liegt in einer bergigen&#8230;<\/p>\n","protected":false},"author":1,"featured_media":9540,"parent":10061,"menu_order":0,"comment_status":"closed","ping_status":"closed","template":"full_width.php","meta":{"inline_featured_image":false,"footnotes":""},"class_list":["post-10069","page","type-page","status-publish","has-post-thumbnail","hentry"],"_links":{"self":[{"href":"https:\/\/discovergallura.it\/de\/wp-json\/wp\/v2\/pages\/10069","targetHints":{"allow":["GET"]}}],"collection":[{"href":"https:\/\/discovergallura.it\/de\/wp-json\/wp\/v2\/pages"}],"about":[{"href":"https:\/\/discovergallura.it\/de\/wp-json\/wp\/v2\/types\/page"}],"author":[{"embeddable":true,"href":"https:\/\/discovergallura.it\/de\/wp-json\/wp\/v2\/users\/1"}],"replies":[{"embeddable":true,"href":"https:\/\/discovergallura.it\/de\/wp-json\/wp\/v2\/comments?post=10069"}],"version-history":[{"count":3,"href":"https:\/\/discovergallura.it\/de\/wp-json\/wp\/v2\/pages\/10069\/revisions"}],"predecessor-version":[{"id":10072,"href":"https:\/\/discovergallura.it\/de\/wp-json\/wp\/v2\/pages\/10069\/revisions\/10072"}],"up":[{"embeddable":true,"href":"https:\/\/discovergallura.it\/de\/wp-json\/wp\/v2\/pages\/10061"}],"wp:featuredmedia":[{"embeddable":true,"href":"https:\/\/discovergallura.it\/de\/wp-json\/wp\/v2\/media\/9540"}],"wp:attachment":[{"href":"https:\/\/discovergallura.it\/de\/wp-json\/wp\/v2\/media?parent=10069"}],"curies":[{"name":"wp","href":"https:\/\/api.w.org\/{rel}","templated":true}]}}