{"id":10109,"date":"2023-02-01T14:38:25","date_gmt":"2023-02-01T13:38:25","guid":{"rendered":"https:\/\/discovergallura.it\/loiri-porto-san-paolo\/porto-taverna\/"},"modified":"2023-04-14T12:34:25","modified_gmt":"2023-04-14T10:34:25","slug":"porto-taverna","status":"publish","type":"page","link":"https:\/\/discovergallura.it\/de\/destinazioni\/loiri-porto-san-paolo\/porto-taverna\/","title":{"rendered":"Porto Taverna"},"content":{"rendered":"<div class=\"wpb-content-wrapper\"><p>[vc_row css_animation=&#8220;&#8220; row_type=&#8220;row&#8220; use_row_as_full_screen_section=&#8220;no&#8220; type=&#8220;grid&#8220; angled_section=&#8220;no&#8220; text_align=&#8220;left&#8220; background_image_as_pattern=&#8220;without_pattern&#8220; z_index=&#8220;&#8220;][vc_column css=&#8220;.vc_custom_1674214152573{margin-top: 80px !important;}&#8220;][vc_row_inner row_type=&#8220;row&#8220; type=&#8220;full_width&#8220; text_align=&#8220;left&#8220; css_animation=&#8220;&#8220;][vc_column_inner width=&#8220;1\/2&#8243; css=&#8220;.vc_custom_1674212921568{margin-bottom: 110px !important;}&#8220;][vc_separator type=&#8220;small&#8220; position=&#8220;left&#8220; color=&#8220;#3390b9&#8243; thickness=&#8220;4&#8243; width=&#8220;50&#8243;]<div class=\"custom_font_holder \" style=\"font-family: red hat display; font-style: normal; font-weight: 800; color: #3390b9; text-decoration: none; text-align: left; --qode-cf-font-size: 38px; --qode-cf-line-height: 39px; --qode-cf-font-size-1440: 38px; --qode-cf-line-height-1440: 39px; --qode-cf-font-size-1366: 38px; --qode-cf-line-height-1366: 39px; --qode-cf-font-size-1280: 38px; --qode-cf-line-height-1280: 39px; --qode-cf-font-size-1024: 38px; --qode-cf-line-height-1024: 39px; --qode-cf-font-size-768: 38px; --qode-cf-line-height-768: 39px; --qode-cf-font-size-680: 38px; --qode-cf-line-height-680: 39px; --qode-cf-font-size-480: 38px; --qode-cf-line-height-480: 39px;\">PORTO TAVERNA<\/div>[\/vc_column_inner][vc_column_inner width=&#8220;1\/2&#8243;][\/vc_column_inner][\/vc_row_inner][vc_row_inner row_type=&#8220;row&#8220; type=&#8220;full_width&#8220; text_align=&#8220;left&#8220; css_animation=&#8220;&#8220;][vc_column_inner width=&#8220;1\/2&#8243;][vc_single_image image=&#8220;3426&#8243; img_size=&#8220;full&#8220; qode_css_animation=&#8220;&#8220;][vc_empty_space][\/vc_column_inner][vc_column_inner width=&#8220;1\/2&#8243; css=&#8220;.vc_custom_1674212910857{margin-bottom: 80px !important;}&#8220;][vc_column_text]<\/p>\n<p style=\"text-align: justify;\">Eine bezaubernde Bucht an der Ostk\u00fcste Sardiniens, gleich unterhalb von Porto San Paolo, mit t\u00fcrkisfarbenem Meer, wei\u00dfem Sand und Blick auf die imposante <a href=\"https:\/\/discovergallura.it\/siti-iconici-gallura\/isola-di-tavolara\/\">Insel Tavolara<\/a>. Ein weiteres Element, das diese Landschaft besonders reizvoll macht, sind die an die Str\u00e4nde angrenzenden Lagunen, in denen verschiedene, zum Teil sehr seltene Vogelarten leben.<\/p>\n<p>[\/vc_column_text][\/vc_column_inner][\/vc_row_inner][\/vc_column][\/vc_row][vc_row css_animation=&#8220;&#8220; row_type=&#8220;row&#8220; use_row_as_full_screen_section=&#8220;no&#8220; type=&#8220;grid&#8220; angled_section=&#8220;no&#8220; text_align=&#8220;left&#8220; background_image_as_pattern=&#8220;without_pattern&#8220; z_index=&#8220;&#8220;][vc_column width=&#8220;1\/6&#8243;][\/vc_column][vc_column width=&#8220;2\/3&#8243; css=&#8220;.vc_custom_1674141388895{margin-top: 80px !important;}&#8220; offset=&#8220;vc_hidden-sm vc_hidden-xs&#8220;]<div class=\"custom_font_holder \" style=\"font-family: EB garamond; font-style: italic; font-weight: 500; text-decoration: none; text-align: left; --qode-cf-font-size: 24px; --qode-cf-line-height: 28px; --qode-cf-font-size-1440: 24px; --qode-cf-line-height-1440: 28px; --qode-cf-font-size-1366: 24px; --qode-cf-line-height-1366: 28px; --qode-cf-font-size-1280: 24px; --qode-cf-line-height-1280: 28px; --qode-cf-font-size-1024: 24px; --qode-cf-line-height-1024: 28px; --qode-cf-font-size-768: 24px; --qode-cf-line-height-768: 28px; --qode-cf-font-size-680: 24px; --qode-cf-line-height-680: 28px; --qode-cf-font-size-480: 24px; --qode-cf-line-height-480: 28px;\">\n<p style=\"text-align: center;\"><span style=\"font-size: 24pt; line-height: 110%;\">In Porto della Taverna werden Sie von dem klaren blauen und seichten Wasser und der nahe gelegenen, von Flamingos bev\u00f6lkerten Lagune verzaubert sein.<\/span><\/p>\n<\/div>[\/vc_column][vc_column width=&#8220;1\/6&#8243;][\/vc_column][\/vc_row][vc_row css_animation=&#8220;&#8220; row_type=&#8220;row&#8220; use_row_as_full_screen_section=&#8220;no&#8220; type=&#8220;full_width&#8220; angled_section=&#8220;no&#8220; text_align=&#8220;left&#8220; background_image_as_pattern=&#8220;without_pattern&#8220; z_index=&#8220;&#8220;][vc_column css=&#8220;.vc_custom_1675702687762{margin-top: 80px !important;margin-bottom: 120px !important;}&#8220;]<div class=\"qode-advanced-image-gallery  qode-aig-slider-type qode-tiny-space   \">\n\t<div class=\"qode-aig-slider qode-owl-slider\" data-number-of-items=\"1\" data-enable-loop=\"yes\" data-enable-autoplay=\"yes\" data-slider-speed=\"5000\" data-slider-speed-animation=\"600\" data-slider-padding=\"yes\" data-enable-navigation=\"yes\" data-enable-pagination=\"yes\">\n\t\t\t\t\t<div class=\"qode-aig-image\">\n\t\t\t\t\t\t\t\t\t<img loading=\"lazy\" decoding=\"async\" width=\"1615\" height=\"1077\" src=\"https:\/\/discovergallura.it\/wp-content\/uploads\/2023\/02\/shutterstock_1409422658.jpg\" class=\"attachment-full size-full\" alt=\"\" srcset=\"https:\/\/discovergallura.it\/wp-content\/uploads\/2023\/02\/shutterstock_1409422658.jpg 1615w, https:\/\/discovergallura.it\/wp-content\/uploads\/2023\/02\/shutterstock_1409422658-300x200.jpg 300w, https:\/\/discovergallura.it\/wp-content\/uploads\/2023\/02\/shutterstock_1409422658-1024x683.jpg 1024w, https:\/\/discovergallura.it\/wp-content\/uploads\/2023\/02\/shutterstock_1409422658-768x512.jpg 768w, https:\/\/discovergallura.it\/wp-content\/uploads\/2023\/02\/shutterstock_1409422658-1536x1024.jpg 1536w, https:\/\/discovergallura.it\/wp-content\/uploads\/2023\/02\/shutterstock_1409422658-700x467.jpg 700w\" sizes=\"auto, (max-width: 1615px) 100vw, 1615px\" \/>\t\t\t\t\t<span class=\"aig-gallery-hover\">\n\t\t\t\t\t\t\t\t\t\t\t<\/span>\n\t\t\t\t\t\t\t<\/div>\n\t\t\t\t\t\t\t\t<div class=\"qode-aig-image\">\n\t\t\t\t\t\t\t\t\t<img loading=\"lazy\" decoding=\"async\" width=\"722\" height=\"480\" src=\"https:\/\/discovergallura.it\/wp-content\/uploads\/2023\/02\/shutterstock_1591390186.jpg\" class=\"attachment-full size-full\" alt=\"\" srcset=\"https:\/\/discovergallura.it\/wp-content\/uploads\/2023\/02\/shutterstock_1591390186.jpg 722w, https:\/\/discovergallura.it\/wp-content\/uploads\/2023\/02\/shutterstock_1591390186-300x199.jpg 300w, https:\/\/discovergallura.it\/wp-content\/uploads\/2023\/02\/shutterstock_1591390186-700x465.jpg 700w\" sizes=\"auto, (max-width: 722px) 100vw, 722px\" \/>\t\t\t\t\t<span class=\"aig-gallery-hover\">\n\t\t\t\t\t\t\t\t\t\t\t<\/span>\n\t\t\t\t\t\t\t<\/div>\n\t\t\t\t\t\t\t\t<div class=\"qode-aig-image\">\n\t\t\t\t\t\t\t\t\t<img loading=\"lazy\" decoding=\"async\" width=\"1636\" height=\"1091\" src=\"https:\/\/discovergallura.it\/wp-content\/uploads\/2023\/02\/shutterstock_1648095133.jpg\" class=\"attachment-full size-full\" alt=\"\" srcset=\"https:\/\/discovergallura.it\/wp-content\/uploads\/2023\/02\/shutterstock_1648095133.jpg 1636w, https:\/\/discovergallura.it\/wp-content\/uploads\/2023\/02\/shutterstock_1648095133-300x200.jpg 300w, https:\/\/discovergallura.it\/wp-content\/uploads\/2023\/02\/shutterstock_1648095133-1024x683.jpg 1024w, https:\/\/discovergallura.it\/wp-content\/uploads\/2023\/02\/shutterstock_1648095133-768x512.jpg 768w, https:\/\/discovergallura.it\/wp-content\/uploads\/2023\/02\/shutterstock_1648095133-1536x1024.jpg 1536w, https:\/\/discovergallura.it\/wp-content\/uploads\/2023\/02\/shutterstock_1648095133-700x467.jpg 700w\" sizes=\"auto, (max-width: 1636px) 100vw, 1636px\" \/>\t\t\t\t\t<span class=\"aig-gallery-hover\">\n\t\t\t\t\t\t\t\t\t\t\t<\/span>\n\t\t\t\t\t\t\t<\/div>\n\t\t\t\t\t\t\t\t<div class=\"qode-aig-image\">\n\t\t\t\t\t\t\t\t\t<img loading=\"lazy\" decoding=\"async\" width=\"1311\" height=\"874\" src=\"https:\/\/discovergallura.it\/wp-content\/uploads\/2023\/02\/shutterstock_1185826306.jpg\" class=\"attachment-full size-full\" alt=\"\" srcset=\"https:\/\/discovergallura.it\/wp-content\/uploads\/2023\/02\/shutterstock_1185826306.jpg 1311w, https:\/\/discovergallura.it\/wp-content\/uploads\/2023\/02\/shutterstock_1185826306-300x200.jpg 300w, https:\/\/discovergallura.it\/wp-content\/uploads\/2023\/02\/shutterstock_1185826306-1024x683.jpg 1024w, https:\/\/discovergallura.it\/wp-content\/uploads\/2023\/02\/shutterstock_1185826306-768x512.jpg 768w, https:\/\/discovergallura.it\/wp-content\/uploads\/2023\/02\/shutterstock_1185826306-700x467.jpg 700w\" sizes=\"auto, (max-width: 1311px) 100vw, 1311px\" \/>\t\t\t\t\t<span class=\"aig-gallery-hover\">\n\t\t\t\t\t\t\t\t\t\t\t<\/span>\n\t\t\t\t\t\t\t<\/div>\n\t\t\t\t\t\t\t\t<div class=\"qode-aig-image\">\n\t\t\t\t\t\t\t\t\t<img loading=\"lazy\" decoding=\"async\" width=\"1600\" height=\"1002\" src=\"https:\/\/discovergallura.it\/wp-content\/uploads\/2023\/02\/porto_san_paoolo.jpeg\" class=\"attachment-full size-full\" alt=\"\" srcset=\"https:\/\/discovergallura.it\/wp-content\/uploads\/2023\/02\/porto_san_paoolo.jpeg 1600w, https:\/\/discovergallura.it\/wp-content\/uploads\/2023\/02\/porto_san_paoolo-300x188.jpeg 300w, https:\/\/discovergallura.it\/wp-content\/uploads\/2023\/02\/porto_san_paoolo-1024x641.jpeg 1024w, https:\/\/discovergallura.it\/wp-content\/uploads\/2023\/02\/porto_san_paoolo-768x481.jpeg 768w, https:\/\/discovergallura.it\/wp-content\/uploads\/2023\/02\/porto_san_paoolo-1536x962.jpeg 1536w, https:\/\/discovergallura.it\/wp-content\/uploads\/2023\/02\/porto_san_paoolo-700x438.jpeg 700w\" sizes=\"auto, (max-width: 1600px) 100vw, 1600px\" \/>\t\t\t\t\t<span class=\"aig-gallery-hover\">\n\t\t\t\t\t\t\t\t\t\t\t<\/span>\n\t\t\t\t\t\t\t<\/div>\n\t\t\t\t\t\t<\/div>\n<\/div>[\/vc_column][\/vc_row]<\/p>\n<\/div>","protected":false},"excerpt":{"rendered":"<p>[vc_row css_animation=&#8220;&#8220; row_type=&#8220;row&#8220; use_row_as_full_screen_section=&#8220;no&#8220; type=&#8220;grid&#8220; angled_section=&#8220;no&#8220; text_align=&#8220;left&#8220; background_image_as_pattern=&#8220;without_pattern&#8220; z_index=&#8220;&#8220;][vc_column css=&#8220;.vc_custom_1674214152573{margin-top: 80px !important;}&#8220;][vc_row_inner row_type=&#8220;row&#8220; type=&#8220;full_width&#8220; text_align=&#8220;left&#8220; css_animation=&#8220;&#8220;][vc_column_inner width=&#8220;1\/2&#8243; css=&#8220;.vc_custom_1674212921568{margin-bottom: 110px !important;}&#8220;][vc_separator type=&#8220;small&#8220; position=&#8220;left&#8220; color=&#8220;#3390b9&#8243; thickness=&#8220;4&#8243; width=&#8220;50&#8243;][\/vc_column_inner][vc_column_inner width=&#8220;1\/2&#8243;][\/vc_column_inner][\/vc_row_inner][vc_row_inner row_type=&#8220;row&#8220; type=&#8220;full_width&#8220; text_align=&#8220;left&#8220; css_animation=&#8220;&#8220;][vc_column_inner width=&#8220;1\/2&#8243;][vc_single_image image=&#8220;3426&#8243; img_size=&#8220;full&#8220; qode_css_animation=&#8220;&#8220;][vc_empty_space][\/vc_column_inner][vc_column_inner width=&#8220;1\/2&#8243; css=&#8220;.vc_custom_1674212910857{margin-bottom: 80px !important;}&#8220;][vc_column_text] Eine bezaubernde Bucht an der Ostk\u00fcste Sardiniens,&#8230;<\/p>\n","protected":false},"author":1,"featured_media":9421,"parent":10101,"menu_order":0,"comment_status":"closed","ping_status":"closed","template":"full_width.php","meta":{"inline_featured_image":false,"footnotes":""},"class_list":["post-10109","page","type-page","status-publish","has-post-thumbnail","hentry"],"_links":{"self":[{"href":"https:\/\/discovergallura.it\/de\/wp-json\/wp\/v2\/pages\/10109","targetHints":{"allow":["GET"]}}],"collection":[{"href":"https:\/\/discovergallura.it\/de\/wp-json\/wp\/v2\/pages"}],"about":[{"href":"https:\/\/discovergallura.it\/de\/wp-json\/wp\/v2\/types\/page"}],"author":[{"embeddable":true,"href":"https:\/\/discovergallura.it\/de\/wp-json\/wp\/v2\/users\/1"}],"replies":[{"embeddable":true,"href":"https:\/\/discovergallura.it\/de\/wp-json\/wp\/v2\/comments?post=10109"}],"version-history":[{"count":3,"href":"https:\/\/discovergallura.it\/de\/wp-json\/wp\/v2\/pages\/10109\/revisions"}],"predecessor-version":[{"id":10112,"href":"https:\/\/discovergallura.it\/de\/wp-json\/wp\/v2\/pages\/10109\/revisions\/10112"}],"up":[{"embeddable":true,"href":"https:\/\/discovergallura.it\/de\/wp-json\/wp\/v2\/pages\/10101"}],"wp:featuredmedia":[{"embeddable":true,"href":"https:\/\/discovergallura.it\/de\/wp-json\/wp\/v2\/media\/9421"}],"wp:attachment":[{"href":"https:\/\/discovergallura.it\/de\/wp-json\/wp\/v2\/media?parent=10109"}],"curies":[{"name":"wp","href":"https:\/\/api.w.org\/{rel}","templated":true}]}}