{"id":10278,"date":"2023-01-23T16:11:57","date_gmt":"2023-01-23T15:11:57","guid":{"rendered":"https:\/\/discovergallura.it\/faro-di-capo-testa\/"},"modified":"2023-04-14T16:10:12","modified_gmt":"2023-04-14T14:10:12","slug":"faro-di-capo-testa","status":"publish","type":"page","link":"https:\/\/discovergallura.it\/de\/fari\/faro-di-capo-testa\/","title":{"rendered":"Leuchtturm von Capo Testa"},"content":{"rendered":"<div class=\"wpb-content-wrapper\"><p>[vc_row css_animation=&#8220;&#8220; row_type=&#8220;row&#8220; use_row_as_full_screen_section=&#8220;no&#8220; type=&#8220;grid&#8220; angled_section=&#8220;no&#8220; text_align=&#8220;left&#8220; background_image_as_pattern=&#8220;without_pattern&#8220; z_index=&#8220;&#8220;][vc_column css=&#8220;.vc_custom_1674214152573{margin-top: 80px !important;}&#8220;][vc_row_inner row_type=&#8220;row&#8220; type=&#8220;full_width&#8220; text_align=&#8220;left&#8220; css_animation=&#8220;&#8220;][vc_column_inner width=&#8220;1\/2&#8243; css=&#8220;.vc_custom_1674212921568{margin-bottom: 110px !important;}&#8220;][vc_separator type=&#8220;small&#8220; position=&#8220;left&#8220; color=&#8220;#3390b9&#8243; thickness=&#8220;4&#8243; width=&#8220;50&#8243;]<div class=\"custom_font_holder \" style=\"font-family: red hat display; font-style: normal; font-weight: 800; color: #3390b9; text-decoration: none; text-align: left; --qode-cf-font-size: 38px; --qode-cf-line-height: 39px; --qode-cf-font-size-1440: 38px; --qode-cf-line-height-1440: 39px; --qode-cf-font-size-1366: 38px; --qode-cf-line-height-1366: 39px; --qode-cf-font-size-1280: 38px; --qode-cf-line-height-1280: 39px; --qode-cf-font-size-1024: 38px; --qode-cf-line-height-1024: 39px; --qode-cf-font-size-768: 38px; --qode-cf-line-height-768: 39px; --qode-cf-font-size-680: 38px; --qode-cf-line-height-680: 39px; --qode-cf-font-size-480: 38px; --qode-cf-line-height-480: 39px;\">LEUCHTTURM VON CAPO TESTA<\/div>[\/vc_column_inner][vc_column_inner width=&#8220;1\/2&#8243;][\/vc_column_inner][\/vc_row_inner][vc_row_inner row_type=&#8220;row&#8220; type=&#8220;full_width&#8220; text_align=&#8220;left&#8220; css_animation=&#8220;&#8220;][vc_column_inner width=&#8220;1\/2&#8243;][vc_single_image image=&#8220;503&#8243; img_size=&#8220;full&#8220; qode_css_animation=&#8220;&#8220;][vc_empty_space][\/vc_column_inner][vc_column_inner width=&#8220;1\/2&#8243; css=&#8220;.vc_custom_1674212910857{margin-bottom: 80px !important;}&#8220;][vc_column_text]<\/p>\n<p style=\"text-align: justify;\">Der im 19. Jahrhundert errichtete <strong>Leuchtturm Capo Test<\/strong>a ist ein zweist\u00f6ckiges, rechteckiges Geb\u00e4ude mit einer H\u00f6he von 23 Metern und einer wei\u00dfen Fassade, die von einem Turm mit der Befeuerung \u00fcberragt wird. Nicht weit entfernt befindet sich auch der alte Leuchtturm, der nicht mehr genutzt wird und der \u00d6ffentlichkeit nicht zug\u00e4nglich ist. Von hier aus hat man einen bezaubernden Panoramablick auf die <strong>Stra\u00dfe von Bonifacio<\/strong> und das Vorgebirge von <a href=\"https:\/\/discovergallura.it\/de\/capo-testa\/\">Capo Testa<\/a>, der durch das Licht des Sonnenuntergangs noch eindrucksvoller wird. Ein Muss f\u00fcr alle Liebhaber von Leuchtt\u00fcrmen, die mit ihrer romantischen und zugleich melancholischen Atmosph\u00e4re schon immer fasziniert haben.<\/p>\n<p>[\/vc_column_text][\/vc_column_inner][\/vc_row_inner][\/vc_column][\/vc_row][vc_row css_animation=&#8220;&#8220; row_type=&#8220;row&#8220; use_row_as_full_screen_section=&#8220;no&#8220; type=&#8220;grid&#8220; angled_section=&#8220;no&#8220; text_align=&#8220;left&#8220; background_image_as_pattern=&#8220;without_pattern&#8220; z_index=&#8220;&#8220;][vc_column width=&#8220;1\/6&#8243;][\/vc_column][vc_column width=&#8220;2\/3&#8243; css=&#8220;.vc_custom_1674141388895{margin-top: 80px !important;}&#8220; offset=&#8220;vc_hidden-sm vc_hidden-xs&#8220;]<div class=\"custom_font_holder \" style=\"font-family: EB garamond; font-style: italic; font-weight: 500; text-decoration: none; text-align: left; --qode-cf-font-size: 24px; --qode-cf-line-height: 28px; --qode-cf-font-size-1440: 24px; --qode-cf-line-height-1440: 28px; --qode-cf-font-size-1366: 24px; --qode-cf-line-height-1366: 28px; --qode-cf-font-size-1280: 24px; --qode-cf-line-height-1280: 28px; --qode-cf-font-size-1024: 24px; --qode-cf-line-height-1024: 28px; --qode-cf-font-size-768: 24px; --qode-cf-line-height-768: 28px; --qode-cf-font-size-680: 24px; --qode-cf-line-height-680: 28px; --qode-cf-font-size-480: 24px; --qode-cf-line-height-480: 28px;\">\n<p style=\"text-align: center;\"><span style=\"font-size: 24pt; line-height: 110%;\">Er ist einer der wichtigsten Leuchtt\u00fcrme Sardiniens und bietet einen herrlichen Panoramablick.<\/span><\/p>\n<\/div>[\/vc_column][vc_column width=&#8220;1\/6&#8243;][\/vc_column][\/vc_row][vc_row css_animation=&#8220;&#8220; row_type=&#8220;row&#8220; use_row_as_full_screen_section=&#8220;no&#8220; type=&#8220;full_width&#8220; angled_section=&#8220;no&#8220; text_align=&#8220;left&#8220; background_image_as_pattern=&#8220;without_pattern&#8220; z_index=&#8220;&#8220;][vc_column css=&#8220;.vc_custom_1675691128266{margin-top: 80px !important;margin-bottom: 120px !important;}&#8220;]<div class=\"qode-advanced-image-gallery  qode-aig-slider-type qode-tiny-space   \">\n\t<div class=\"qode-aig-slider qode-owl-slider\" data-number-of-items=\"1\" data-enable-loop=\"yes\" data-enable-autoplay=\"yes\" data-slider-speed=\"5000\" data-slider-speed-animation=\"600\" data-slider-padding=\"yes\" data-enable-navigation=\"yes\" data-enable-pagination=\"yes\">\n\t\t\t\t\t<div class=\"qode-aig-image\">\n\t\t\t\t\t\t\t\t\t<img loading=\"lazy\" decoding=\"async\" width=\"1134\" height=\"755\" src=\"https:\/\/discovergallura.it\/wp-content\/uploads\/2023\/01\/Capo-Testa-Panorami-Scenic-Views-PortoCervo-Costa-Smeralda-Sardegna-Sardinia-Coast-CoastStyle-MC.jpg\" class=\"attachment-full size-full\" alt=\"\" srcset=\"https:\/\/discovergallura.it\/wp-content\/uploads\/2023\/01\/Capo-Testa-Panorami-Scenic-Views-PortoCervo-Costa-Smeralda-Sardegna-Sardinia-Coast-CoastStyle-MC.jpg 1134w, https:\/\/discovergallura.it\/wp-content\/uploads\/2023\/01\/Capo-Testa-Panorami-Scenic-Views-PortoCervo-Costa-Smeralda-Sardegna-Sardinia-Coast-CoastStyle-MC-300x200.jpg 300w, https:\/\/discovergallura.it\/wp-content\/uploads\/2023\/01\/Capo-Testa-Panorami-Scenic-Views-PortoCervo-Costa-Smeralda-Sardegna-Sardinia-Coast-CoastStyle-MC-1024x682.jpg 1024w, https:\/\/discovergallura.it\/wp-content\/uploads\/2023\/01\/Capo-Testa-Panorami-Scenic-Views-PortoCervo-Costa-Smeralda-Sardegna-Sardinia-Coast-CoastStyle-MC-768x511.jpg 768w, https:\/\/discovergallura.it\/wp-content\/uploads\/2023\/01\/Capo-Testa-Panorami-Scenic-Views-PortoCervo-Costa-Smeralda-Sardegna-Sardinia-Coast-CoastStyle-MC-700x466.jpg 700w\" sizes=\"auto, (max-width: 1134px) 100vw, 1134px\" \/>\t\t\t\t\t<span class=\"aig-gallery-hover\">\n\t\t\t\t\t\t\t\t\t\t\t<\/span>\n\t\t\t\t\t\t\t<\/div>\n\t\t\t\t\t\t\t\t<div class=\"qode-aig-image\">\n\t\t\t\t\t\t\t\t\t<img loading=\"lazy\" decoding=\"async\" width=\"1600\" height=\"900\" src=\"https:\/\/discovergallura.it\/wp-content\/uploads\/2023\/01\/FARO-CAPO-TESTA-SANTA-TERESA-GALLURA-SARDEGNA-LIGHTHOUSE-BONIFACIO-STRAIT-SARDINIA.jpeg\" class=\"attachment-full size-full\" alt=\"\" srcset=\"https:\/\/discovergallura.it\/wp-content\/uploads\/2023\/01\/FARO-CAPO-TESTA-SANTA-TERESA-GALLURA-SARDEGNA-LIGHTHOUSE-BONIFACIO-STRAIT-SARDINIA.jpeg 1600w, https:\/\/discovergallura.it\/wp-content\/uploads\/2023\/01\/FARO-CAPO-TESTA-SANTA-TERESA-GALLURA-SARDEGNA-LIGHTHOUSE-BONIFACIO-STRAIT-SARDINIA-300x169.jpeg 300w, https:\/\/discovergallura.it\/wp-content\/uploads\/2023\/01\/FARO-CAPO-TESTA-SANTA-TERESA-GALLURA-SARDEGNA-LIGHTHOUSE-BONIFACIO-STRAIT-SARDINIA-1024x576.jpeg 1024w, https:\/\/discovergallura.it\/wp-content\/uploads\/2023\/01\/FARO-CAPO-TESTA-SANTA-TERESA-GALLURA-SARDEGNA-LIGHTHOUSE-BONIFACIO-STRAIT-SARDINIA-768x432.jpeg 768w, https:\/\/discovergallura.it\/wp-content\/uploads\/2023\/01\/FARO-CAPO-TESTA-SANTA-TERESA-GALLURA-SARDEGNA-LIGHTHOUSE-BONIFACIO-STRAIT-SARDINIA-1536x864.jpeg 1536w, https:\/\/discovergallura.it\/wp-content\/uploads\/2023\/01\/FARO-CAPO-TESTA-SANTA-TERESA-GALLURA-SARDEGNA-LIGHTHOUSE-BONIFACIO-STRAIT-SARDINIA-700x394.jpeg 700w, https:\/\/discovergallura.it\/wp-content\/uploads\/2023\/01\/FARO-CAPO-TESTA-SANTA-TERESA-GALLURA-SARDEGNA-LIGHTHOUSE-BONIFACIO-STRAIT-SARDINIA-539x303.jpeg 539w\" sizes=\"auto, (max-width: 1600px) 100vw, 1600px\" \/>\t\t\t\t\t<span class=\"aig-gallery-hover\">\n\t\t\t\t\t\t\t\t\t\t\t<\/span>\n\t\t\t\t\t\t\t<\/div>\n\t\t\t\t\t\t\t\t<div class=\"qode-aig-image\">\n\t\t\t\t\t\t\t\t\t<img loading=\"lazy\" decoding=\"async\" width=\"1134\" height=\"898\" src=\"https:\/\/discovergallura.it\/wp-content\/uploads\/2023\/01\/FARO-CAPO-TESTA-SANTA-TERESA-GALLURA-SARDEGNA-LIGHTHOUSE-SARDINIA.jpg\" class=\"attachment-full size-full\" alt=\"\" srcset=\"https:\/\/discovergallura.it\/wp-content\/uploads\/2023\/01\/FARO-CAPO-TESTA-SANTA-TERESA-GALLURA-SARDEGNA-LIGHTHOUSE-SARDINIA.jpg 1134w, https:\/\/discovergallura.it\/wp-content\/uploads\/2023\/01\/FARO-CAPO-TESTA-SANTA-TERESA-GALLURA-SARDEGNA-LIGHTHOUSE-SARDINIA-300x238.jpg 300w, https:\/\/discovergallura.it\/wp-content\/uploads\/2023\/01\/FARO-CAPO-TESTA-SANTA-TERESA-GALLURA-SARDEGNA-LIGHTHOUSE-SARDINIA-1024x811.jpg 1024w, https:\/\/discovergallura.it\/wp-content\/uploads\/2023\/01\/FARO-CAPO-TESTA-SANTA-TERESA-GALLURA-SARDEGNA-LIGHTHOUSE-SARDINIA-768x608.jpg 768w, https:\/\/discovergallura.it\/wp-content\/uploads\/2023\/01\/FARO-CAPO-TESTA-SANTA-TERESA-GALLURA-SARDEGNA-LIGHTHOUSE-SARDINIA-700x554.jpg 700w\" sizes=\"auto, (max-width: 1134px) 100vw, 1134px\" \/>\t\t\t\t\t<span class=\"aig-gallery-hover\">\n\t\t\t\t\t\t\t\t\t\t\t<\/span>\n\t\t\t\t\t\t\t<\/div>\n\t\t\t\t\t\t<\/div>\n<\/div>[\/vc_column][\/vc_row]<\/p>\n<\/div>","protected":false},"excerpt":{"rendered":"<p>[vc_row css_animation=&#8220;&#8220; row_type=&#8220;row&#8220; use_row_as_full_screen_section=&#8220;no&#8220; type=&#8220;grid&#8220; angled_section=&#8220;no&#8220; text_align=&#8220;left&#8220; background_image_as_pattern=&#8220;without_pattern&#8220; z_index=&#8220;&#8220;][vc_column css=&#8220;.vc_custom_1674214152573{margin-top: 80px !important;}&#8220;][vc_row_inner row_type=&#8220;row&#8220; type=&#8220;full_width&#8220; text_align=&#8220;left&#8220; css_animation=&#8220;&#8220;][vc_column_inner width=&#8220;1\/2&#8243; css=&#8220;.vc_custom_1674212921568{margin-bottom: 110px !important;}&#8220;][vc_separator type=&#8220;small&#8220; position=&#8220;left&#8220; color=&#8220;#3390b9&#8243; thickness=&#8220;4&#8243; width=&#8220;50&#8243;][\/vc_column_inner][vc_column_inner width=&#8220;1\/2&#8243;][\/vc_column_inner][\/vc_row_inner][vc_row_inner row_type=&#8220;row&#8220; type=&#8220;full_width&#8220; text_align=&#8220;left&#8220; css_animation=&#8220;&#8220;][vc_column_inner width=&#8220;1\/2&#8243;][vc_single_image image=&#8220;503&#8243; img_size=&#8220;full&#8220; qode_css_animation=&#8220;&#8220;][vc_empty_space][\/vc_column_inner][vc_column_inner width=&#8220;1\/2&#8243; css=&#8220;.vc_custom_1674212910857{margin-bottom: 80px !important;}&#8220;][vc_column_text] Der im 19. Jahrhundert errichtete Leuchtturm Capo&#8230;<\/p>\n","protected":false},"author":1,"featured_media":8545,"parent":10638,"menu_order":0,"comment_status":"closed","ping_status":"closed","template":"full_width.php","meta":{"inline_featured_image":false,"footnotes":""},"class_list":["post-10278","page","type-page","status-publish","has-post-thumbnail","hentry"],"_links":{"self":[{"href":"https:\/\/discovergallura.it\/de\/wp-json\/wp\/v2\/pages\/10278","targetHints":{"allow":["GET"]}}],"collection":[{"href":"https:\/\/discovergallura.it\/de\/wp-json\/wp\/v2\/pages"}],"about":[{"href":"https:\/\/discovergallura.it\/de\/wp-json\/wp\/v2\/types\/page"}],"author":[{"embeddable":true,"href":"https:\/\/discovergallura.it\/de\/wp-json\/wp\/v2\/users\/1"}],"replies":[{"embeddable":true,"href":"https:\/\/discovergallura.it\/de\/wp-json\/wp\/v2\/comments?post=10278"}],"version-history":[{"count":3,"href":"https:\/\/discovergallura.it\/de\/wp-json\/wp\/v2\/pages\/10278\/revisions"}],"predecessor-version":[{"id":10281,"href":"https:\/\/discovergallura.it\/de\/wp-json\/wp\/v2\/pages\/10278\/revisions\/10281"}],"up":[{"embeddable":true,"href":"https:\/\/discovergallura.it\/de\/wp-json\/wp\/v2\/pages\/10638"}],"wp:featuredmedia":[{"embeddable":true,"href":"https:\/\/discovergallura.it\/de\/wp-json\/wp\/v2\/media\/8545"}],"wp:attachment":[{"href":"https:\/\/discovergallura.it\/de\/wp-json\/wp\/v2\/media?parent=10278"}],"curies":[{"name":"wp","href":"https:\/\/api.w.org\/{rel}","templated":true}]}}