{"id":10320,"date":"2023-01-20T15:42:54","date_gmt":"2023-01-20T14:42:54","guid":{"rendered":"https:\/\/discovergallura.it\/musei\/museo-del-vino-2\/"},"modified":"2023-04-14T16:40:40","modified_gmt":"2023-04-14T14:40:40","slug":"museo-del-vino-2","status":"publish","type":"page","link":"https:\/\/discovergallura.it\/de\/kunst-und-kultur\/musei\/museo-del-vino-2\/","title":{"rendered":"Weinmuseum"},"content":{"rendered":"<div class=\"wpb-content-wrapper\"><p>[vc_row css_animation=&#8220;&#8220; row_type=&#8220;row&#8220; use_row_as_full_screen_section=&#8220;no&#8220; type=&#8220;grid&#8220; angled_section=&#8220;no&#8220; text_align=&#8220;left&#8220; background_image_as_pattern=&#8220;without_pattern&#8220; z_index=&#8220;&#8220;][vc_column css=&#8220;.vc_custom_1674214152573{margin-top: 80px !important;}&#8220;][vc_row_inner row_type=&#8220;row&#8220; type=&#8220;full_width&#8220; text_align=&#8220;left&#8220; css_animation=&#8220;&#8220;][vc_column_inner width=&#8220;2\/3&#8243; css=&#8220;.vc_custom_1674212921568{margin-bottom: 110px !important;}&#8220;][vc_separator type=&#8220;small&#8220; position=&#8220;left&#8220; color=&#8220;#3390b9&#8243; thickness=&#8220;4&#8243; width=&#8220;50&#8243;]<div class=\"custom_font_holder \" style=\"font-family: red hat display; font-style: normal; font-weight: 800; color: #3390b9; text-decoration: none; text-align: left; --qode-cf-font-size: 38px; --qode-cf-line-height: 39px; --qode-cf-font-size-1440: 38px; --qode-cf-line-height-1440: 39px; --qode-cf-font-size-1366: 38px; --qode-cf-line-height-1366: 39px; --qode-cf-font-size-1280: 38px; --qode-cf-line-height-1280: 39px; --qode-cf-font-size-1024: 38px; --qode-cf-line-height-1024: 39px; --qode-cf-font-size-768: 38px; --qode-cf-line-height-768: 39px; --qode-cf-font-size-680: 38px; --qode-cf-line-height-680: 39px; --qode-cf-font-size-480: 38px; --qode-cf-line-height-480: 39px;\">Weinmuseum (Berchidda)<\/div>[vc_column_text]<span style=\"background-color: #fcc124;\"> BERCHIDDA <\/span><br \/>\n[\/vc_column_text][\/vc_column_inner][vc_column_inner width=&#8220;1\/3&#8243;][\/vc_column_inner][\/vc_row_inner][vc_row_inner row_type=&#8220;row&#8220; type=&#8220;full_width&#8220; text_align=&#8220;left&#8220; css_animation=&#8220;&#8220;][vc_column_inner width=&#8220;1\/2&#8243;][vc_single_image image=&#8220;595&#8243; img_size=&#8220;full&#8220; qode_css_animation=&#8220;&#8220;][vc_empty_space][\/vc_column_inner][vc_column_inner width=&#8220;1\/2&#8243; css=&#8220;.vc_custom_1674212910857{margin-bottom: 80px !important;}&#8220;][vc_column_text]<\/p>\n<p style=\"text-align: justify;\">Das erste multimediale Weinmuseum Italiens befindet sich im h\u00f6heren Teil des Ortes, in einem modernen Geb\u00e4ude mit einer Panoramaterrasse, von der aus man die Weinberge der Gegend bewundern kann.<br \/>\nBerchidda ist bekannt f\u00fcr seine Weinbautradition und die Herstellung des renommierten &#8222;<strong>Vermentino di Gallura DOCG<\/strong>\u201c. In dem Museum, das in mehrere R\u00e4ume unterteilt ist, werden Werkzeuge ausgestellt, die einst zur Bearbeitung der Weinberge und der Trauben verwendet wurden. Die F\u00fchrung beinhaltet eine Kostprobe, bei der die Besucher die M\u00f6glichkeit haben, ihre sensorischen, visuellen, olfaktorischen und geschmacklichen F\u00e4higkeiten unter Beweis zu stellen und zu verfeinern.<\/p>\n<p>[\/vc_column_text][\/vc_column_inner][\/vc_row_inner][\/vc_column][\/vc_row][vc_row css_animation=&#8220;&#8220; row_type=&#8220;row&#8220; use_row_as_full_screen_section=&#8220;no&#8220; type=&#8220;grid&#8220; angled_section=&#8220;no&#8220; text_align=&#8220;left&#8220; background_image_as_pattern=&#8220;without_pattern&#8220; z_index=&#8220;&#8220;][vc_column width=&#8220;1\/6&#8243;][\/vc_column][vc_column width=&#8220;2\/3&#8243; css=&#8220;.vc_custom_1674141388895{margin-top: 80px !important;}&#8220; offset=&#8220;vc_hidden-sm vc_hidden-xs&#8220;]<div class=\"custom_font_holder \" style=\"font-family: EB garamond; font-style: italic; font-weight: 500; text-decoration: none; text-align: left; --qode-cf-font-size: 24px; --qode-cf-line-height: 28px; --qode-cf-font-size-1440: 24px; --qode-cf-line-height-1440: 28px; --qode-cf-font-size-1366: 24px; --qode-cf-line-height-1366: 28px; --qode-cf-font-size-1280: 24px; --qode-cf-line-height-1280: 28px; --qode-cf-font-size-1024: 24px; --qode-cf-line-height-1024: 28px; --qode-cf-font-size-768: 24px; --qode-cf-line-height-768: 28px; --qode-cf-font-size-680: 24px; --qode-cf-line-height-680: 28px; --qode-cf-font-size-480: 24px; --qode-cf-line-height-480: 28px;\">\n<p style=\"text-align: center;\"><span style=\"font-size: 24pt; line-height: 110%;\">Ein Museum, das die Geschichte des Weines auf Sardinien dokumentiert.<\/span><\/p>\n<\/div>[\/vc_column][vc_column width=&#8220;1\/6&#8243;][\/vc_column][\/vc_row][vc_row css_animation=&#8220;&#8220; row_type=&#8220;row&#8220; use_row_as_full_screen_section=&#8220;no&#8220; type=&#8220;full_width&#8220; angled_section=&#8220;no&#8220; text_align=&#8220;left&#8220; background_image_as_pattern=&#8220;without_pattern&#8220; z_index=&#8220;&#8220;][vc_column css=&#8220;.vc_custom_1675696021352{margin-top: 80px !important;margin-bottom: 120px !important;}&#8220;]<div class=\"qode-advanced-image-gallery  qode-aig-slider-type qode-tiny-space   \">\n\t<div class=\"qode-aig-slider qode-owl-slider\" data-number-of-items=\"1\" data-enable-loop=\"yes\" data-enable-autoplay=\"yes\" data-slider-speed=\"5000\" data-slider-speed-animation=\"600\" data-slider-padding=\"yes\" data-enable-navigation=\"yes\" data-enable-pagination=\"yes\">\n\t\t\t\t\t<div class=\"qode-aig-image\">\n\t\t\t\t\t\t\t\t\t<img loading=\"lazy\" decoding=\"async\" width=\"1134\" height=\"1134\" src=\"https:\/\/discovergallura.it\/wp-content\/uploads\/2023\/01\/119953532_2962322704054786_7766340472591973811_n.jpg\" class=\"attachment-full size-full\" alt=\"\" srcset=\"https:\/\/discovergallura.it\/wp-content\/uploads\/2023\/01\/119953532_2962322704054786_7766340472591973811_n.jpg 1134w, https:\/\/discovergallura.it\/wp-content\/uploads\/2023\/01\/119953532_2962322704054786_7766340472591973811_n-300x300.jpg 300w, https:\/\/discovergallura.it\/wp-content\/uploads\/2023\/01\/119953532_2962322704054786_7766340472591973811_n-1024x1024.jpg 1024w, https:\/\/discovergallura.it\/wp-content\/uploads\/2023\/01\/119953532_2962322704054786_7766340472591973811_n-150x150.jpg 150w, https:\/\/discovergallura.it\/wp-content\/uploads\/2023\/01\/119953532_2962322704054786_7766340472591973811_n-768x768.jpg 768w, https:\/\/discovergallura.it\/wp-content\/uploads\/2023\/01\/119953532_2962322704054786_7766340472591973811_n-570x570.jpg 570w, https:\/\/discovergallura.it\/wp-content\/uploads\/2023\/01\/119953532_2962322704054786_7766340472591973811_n-500x500.jpg 500w, https:\/\/discovergallura.it\/wp-content\/uploads\/2023\/01\/119953532_2962322704054786_7766340472591973811_n-1000x1000.jpg 1000w, https:\/\/discovergallura.it\/wp-content\/uploads\/2023\/01\/119953532_2962322704054786_7766340472591973811_n-700x700.jpg 700w, https:\/\/discovergallura.it\/wp-content\/uploads\/2023\/01\/119953532_2962322704054786_7766340472591973811_n-650x650.jpg 650w\" sizes=\"auto, (max-width: 1134px) 100vw, 1134px\" \/>\t\t\t\t\t<span class=\"aig-gallery-hover\">\n\t\t\t\t\t\t\t\t\t\t\t<\/span>\n\t\t\t\t\t\t\t<\/div>\n\t\t\t\t\t\t\t\t<div class=\"qode-aig-image\">\n\t\t\t\t\t\t\t\t\t<img loading=\"lazy\" decoding=\"async\" width=\"1134\" height=\"638\" src=\"https:\/\/discovergallura.it\/wp-content\/uploads\/2023\/01\/museo-del-vino-berchidda-giardino.jpg\" class=\"attachment-full size-full\" alt=\"\" srcset=\"https:\/\/discovergallura.it\/wp-content\/uploads\/2023\/01\/museo-del-vino-berchidda-giardino.jpg 1134w, https:\/\/discovergallura.it\/wp-content\/uploads\/2023\/01\/museo-del-vino-berchidda-giardino-300x169.jpg 300w, https:\/\/discovergallura.it\/wp-content\/uploads\/2023\/01\/museo-del-vino-berchidda-giardino-1024x576.jpg 1024w, https:\/\/discovergallura.it\/wp-content\/uploads\/2023\/01\/museo-del-vino-berchidda-giardino-768x432.jpg 768w, https:\/\/discovergallura.it\/wp-content\/uploads\/2023\/01\/museo-del-vino-berchidda-giardino-700x394.jpg 700w, https:\/\/discovergallura.it\/wp-content\/uploads\/2023\/01\/museo-del-vino-berchidda-giardino-539x303.jpg 539w\" sizes=\"auto, (max-width: 1134px) 100vw, 1134px\" \/>\t\t\t\t\t<span class=\"aig-gallery-hover\">\n\t\t\t\t\t\t\t\t\t\t\t<\/span>\n\t\t\t\t\t\t\t<\/div>\n\t\t\t\t\t\t\t\t<div class=\"qode-aig-image\">\n\t\t\t\t\t\t\t\t\t<img loading=\"lazy\" decoding=\"async\" width=\"1134\" height=\"638\" src=\"https:\/\/discovergallura.it\/wp-content\/uploads\/2023\/01\/museo-del-vino.jpg\" class=\"attachment-full size-full\" alt=\"\" srcset=\"https:\/\/discovergallura.it\/wp-content\/uploads\/2023\/01\/museo-del-vino.jpg 1134w, https:\/\/discovergallura.it\/wp-content\/uploads\/2023\/01\/museo-del-vino-300x169.jpg 300w, https:\/\/discovergallura.it\/wp-content\/uploads\/2023\/01\/museo-del-vino-1024x576.jpg 1024w, https:\/\/discovergallura.it\/wp-content\/uploads\/2023\/01\/museo-del-vino-768x432.jpg 768w, https:\/\/discovergallura.it\/wp-content\/uploads\/2023\/01\/museo-del-vino-700x394.jpg 700w, https:\/\/discovergallura.it\/wp-content\/uploads\/2023\/01\/museo-del-vino-539x303.jpg 539w\" sizes=\"auto, (max-width: 1134px) 100vw, 1134px\" \/>\t\t\t\t\t<span class=\"aig-gallery-hover\">\n\t\t\t\t\t\t\t\t\t\t\t<\/span>\n\t\t\t\t\t\t\t<\/div>\n\t\t\t\t\t\t\t\t<div class=\"qode-aig-image\">\n\t\t\t\t\t\t\t\t\t<img loading=\"lazy\" decoding=\"async\" width=\"1134\" height=\"638\" src=\"https:\/\/discovergallura.it\/wp-content\/uploads\/2023\/01\/gep-berchidda.jpg\" class=\"attachment-full size-full\" alt=\"\" srcset=\"https:\/\/discovergallura.it\/wp-content\/uploads\/2023\/01\/gep-berchidda.jpg 1134w, https:\/\/discovergallura.it\/wp-content\/uploads\/2023\/01\/gep-berchidda-300x169.jpg 300w, https:\/\/discovergallura.it\/wp-content\/uploads\/2023\/01\/gep-berchidda-1024x576.jpg 1024w, https:\/\/discovergallura.it\/wp-content\/uploads\/2023\/01\/gep-berchidda-768x432.jpg 768w, https:\/\/discovergallura.it\/wp-content\/uploads\/2023\/01\/gep-berchidda-700x394.jpg 700w, https:\/\/discovergallura.it\/wp-content\/uploads\/2023\/01\/gep-berchidda-539x303.jpg 539w\" sizes=\"auto, (max-width: 1134px) 100vw, 1134px\" \/>\t\t\t\t\t<span class=\"aig-gallery-hover\">\n\t\t\t\t\t\t\t\t\t\t\t<\/span>\n\t\t\t\t\t\t\t<\/div>\n\t\t\t\t\t\t\t\t<div class=\"qode-aig-image\">\n\t\t\t\t\t\t\t\t\t<img loading=\"lazy\" decoding=\"async\" width=\"932\" height=\"1134\" src=\"https:\/\/discovergallura.it\/wp-content\/uploads\/2023\/01\/275254507_3405625003057885_7384252487018177669_n.jpg\" class=\"attachment-full size-full\" alt=\"\" srcset=\"https:\/\/discovergallura.it\/wp-content\/uploads\/2023\/01\/275254507_3405625003057885_7384252487018177669_n.jpg 932w, https:\/\/discovergallura.it\/wp-content\/uploads\/2023\/01\/275254507_3405625003057885_7384252487018177669_n-247x300.jpg 247w, https:\/\/discovergallura.it\/wp-content\/uploads\/2023\/01\/275254507_3405625003057885_7384252487018177669_n-842x1024.jpg 842w, https:\/\/discovergallura.it\/wp-content\/uploads\/2023\/01\/275254507_3405625003057885_7384252487018177669_n-768x934.jpg 768w, https:\/\/discovergallura.it\/wp-content\/uploads\/2023\/01\/275254507_3405625003057885_7384252487018177669_n-700x852.jpg 700w\" sizes=\"auto, (max-width: 932px) 100vw, 932px\" \/>\t\t\t\t\t<span class=\"aig-gallery-hover\">\n\t\t\t\t\t\t\t\t\t\t\t<\/span>\n\t\t\t\t\t\t\t<\/div>\n\t\t\t\t\t\t\t\t<div class=\"qode-aig-image\">\n\t\t\t\t\t\t\t\t\t<img loading=\"lazy\" decoding=\"async\" width=\"1134\" height=\"1134\" src=\"https:\/\/discovergallura.it\/wp-content\/uploads\/2023\/01\/215011798_3213650268922027_3998328384714984187_n.jpg\" class=\"attachment-full size-full\" alt=\"\" srcset=\"https:\/\/discovergallura.it\/wp-content\/uploads\/2023\/01\/215011798_3213650268922027_3998328384714984187_n.jpg 1134w, https:\/\/discovergallura.it\/wp-content\/uploads\/2023\/01\/215011798_3213650268922027_3998328384714984187_n-300x300.jpg 300w, https:\/\/discovergallura.it\/wp-content\/uploads\/2023\/01\/215011798_3213650268922027_3998328384714984187_n-1024x1024.jpg 1024w, https:\/\/discovergallura.it\/wp-content\/uploads\/2023\/01\/215011798_3213650268922027_3998328384714984187_n-150x150.jpg 150w, https:\/\/discovergallura.it\/wp-content\/uploads\/2023\/01\/215011798_3213650268922027_3998328384714984187_n-768x768.jpg 768w, https:\/\/discovergallura.it\/wp-content\/uploads\/2023\/01\/215011798_3213650268922027_3998328384714984187_n-570x570.jpg 570w, https:\/\/discovergallura.it\/wp-content\/uploads\/2023\/01\/215011798_3213650268922027_3998328384714984187_n-500x500.jpg 500w, https:\/\/discovergallura.it\/wp-content\/uploads\/2023\/01\/215011798_3213650268922027_3998328384714984187_n-1000x1000.jpg 1000w, https:\/\/discovergallura.it\/wp-content\/uploads\/2023\/01\/215011798_3213650268922027_3998328384714984187_n-700x700.jpg 700w, https:\/\/discovergallura.it\/wp-content\/uploads\/2023\/01\/215011798_3213650268922027_3998328384714984187_n-650x650.jpg 650w\" sizes=\"auto, (max-width: 1134px) 100vw, 1134px\" \/>\t\t\t\t\t<span class=\"aig-gallery-hover\">\n\t\t\t\t\t\t\t\t\t\t\t<\/span>\n\t\t\t\t\t\t\t<\/div>\n\t\t\t\t\t\t\t\t<div class=\"qode-aig-image\">\n\t\t\t\t\t\t\t\t\t<img loading=\"lazy\" decoding=\"async\" width=\"1134\" height=\"1134\" src=\"https:\/\/discovergallura.it\/wp-content\/uploads\/2023\/01\/120015449_2962322300721493_8415462264891347055_n.jpg\" class=\"attachment-full size-full\" alt=\"\" srcset=\"https:\/\/discovergallura.it\/wp-content\/uploads\/2023\/01\/120015449_2962322300721493_8415462264891347055_n.jpg 1134w, https:\/\/discovergallura.it\/wp-content\/uploads\/2023\/01\/120015449_2962322300721493_8415462264891347055_n-300x300.jpg 300w, https:\/\/discovergallura.it\/wp-content\/uploads\/2023\/01\/120015449_2962322300721493_8415462264891347055_n-1024x1024.jpg 1024w, https:\/\/discovergallura.it\/wp-content\/uploads\/2023\/01\/120015449_2962322300721493_8415462264891347055_n-150x150.jpg 150w, https:\/\/discovergallura.it\/wp-content\/uploads\/2023\/01\/120015449_2962322300721493_8415462264891347055_n-768x768.jpg 768w, https:\/\/discovergallura.it\/wp-content\/uploads\/2023\/01\/120015449_2962322300721493_8415462264891347055_n-570x570.jpg 570w, https:\/\/discovergallura.it\/wp-content\/uploads\/2023\/01\/120015449_2962322300721493_8415462264891347055_n-500x500.jpg 500w, https:\/\/discovergallura.it\/wp-content\/uploads\/2023\/01\/120015449_2962322300721493_8415462264891347055_n-1000x1000.jpg 1000w, https:\/\/discovergallura.it\/wp-content\/uploads\/2023\/01\/120015449_2962322300721493_8415462264891347055_n-700x700.jpg 700w, https:\/\/discovergallura.it\/wp-content\/uploads\/2023\/01\/120015449_2962322300721493_8415462264891347055_n-650x650.jpg 650w\" sizes=\"auto, (max-width: 1134px) 100vw, 1134px\" \/>\t\t\t\t\t<span class=\"aig-gallery-hover\">\n\t\t\t\t\t\t\t\t\t\t\t<\/span>\n\t\t\t\t\t\t\t<\/div>\n\t\t\t\t\t\t\t\t<div class=\"qode-aig-image\">\n\t\t\t\t\t\t\t\t\t<img loading=\"lazy\" decoding=\"async\" width=\"1134\" height=\"756\" src=\"https:\/\/discovergallura.it\/wp-content\/uploads\/2023\/01\/shutterstock_2017719044.jpg\" class=\"attachment-full size-full\" alt=\"\" srcset=\"https:\/\/discovergallura.it\/wp-content\/uploads\/2023\/01\/shutterstock_2017719044.jpg 1134w, https:\/\/discovergallura.it\/wp-content\/uploads\/2023\/01\/shutterstock_2017719044-300x200.jpg 300w, https:\/\/discovergallura.it\/wp-content\/uploads\/2023\/01\/shutterstock_2017719044-1024x683.jpg 1024w, https:\/\/discovergallura.it\/wp-content\/uploads\/2023\/01\/shutterstock_2017719044-768x512.jpg 768w, https:\/\/discovergallura.it\/wp-content\/uploads\/2023\/01\/shutterstock_2017719044-700x467.jpg 700w\" sizes=\"auto, (max-width: 1134px) 100vw, 1134px\" \/>\t\t\t\t\t<span class=\"aig-gallery-hover\">\n\t\t\t\t\t\t\t\t\t\t\t<\/span>\n\t\t\t\t\t\t\t<\/div>\n\t\t\t\t\t\t<\/div>\n<\/div>[\/vc_column][\/vc_row]<\/p>\n<\/div>","protected":false},"excerpt":{"rendered":"<p>[vc_row css_animation=&#8220;&#8220; row_type=&#8220;row&#8220; use_row_as_full_screen_section=&#8220;no&#8220; type=&#8220;grid&#8220; angled_section=&#8220;no&#8220; text_align=&#8220;left&#8220; background_image_as_pattern=&#8220;without_pattern&#8220; z_index=&#8220;&#8220;][vc_column css=&#8220;.vc_custom_1674214152573{margin-top: 80px !important;}&#8220;][vc_row_inner row_type=&#8220;row&#8220; type=&#8220;full_width&#8220; text_align=&#8220;left&#8220; css_animation=&#8220;&#8220;][vc_column_inner width=&#8220;2\/3&#8243; css=&#8220;.vc_custom_1674212921568{margin-bottom: 110px !important;}&#8220;][vc_separator type=&#8220;small&#8220; position=&#8220;left&#8220; color=&#8220;#3390b9&#8243; thickness=&#8220;4&#8243; width=&#8220;50&#8243;][vc_column_text] BERCHIDDA [\/vc_column_text][\/vc_column_inner][vc_column_inner width=&#8220;1\/3&#8243;][\/vc_column_inner][\/vc_row_inner][vc_row_inner row_type=&#8220;row&#8220; type=&#8220;full_width&#8220; text_align=&#8220;left&#8220; css_animation=&#8220;&#8220;][vc_column_inner width=&#8220;1\/2&#8243;][vc_single_image image=&#8220;595&#8243; img_size=&#8220;full&#8220; qode_css_animation=&#8220;&#8220;][vc_empty_space][\/vc_column_inner][vc_column_inner width=&#8220;1\/2&#8243; css=&#8220;.vc_custom_1674212910857{margin-bottom: 80px !important;}&#8220;][vc_column_text] Das erste multimediale Weinmuseum Italiens&#8230;<\/p>\n","protected":false},"author":1,"featured_media":8614,"parent":10313,"menu_order":0,"comment_status":"closed","ping_status":"closed","template":"full_width.php","meta":{"inline_featured_image":false,"footnotes":""},"class_list":["post-10320","page","type-page","status-publish","has-post-thumbnail","hentry"],"_links":{"self":[{"href":"https:\/\/discovergallura.it\/de\/wp-json\/wp\/v2\/pages\/10320","targetHints":{"allow":["GET"]}}],"collection":[{"href":"https:\/\/discovergallura.it\/de\/wp-json\/wp\/v2\/pages"}],"about":[{"href":"https:\/\/discovergallura.it\/de\/wp-json\/wp\/v2\/types\/page"}],"author":[{"embeddable":true,"href":"https:\/\/discovergallura.it\/de\/wp-json\/wp\/v2\/users\/1"}],"replies":[{"embeddable":true,"href":"https:\/\/discovergallura.it\/de\/wp-json\/wp\/v2\/comments?post=10320"}],"version-history":[{"count":3,"href":"https:\/\/discovergallura.it\/de\/wp-json\/wp\/v2\/pages\/10320\/revisions"}],"predecessor-version":[{"id":10323,"href":"https:\/\/discovergallura.it\/de\/wp-json\/wp\/v2\/pages\/10320\/revisions\/10323"}],"up":[{"embeddable":true,"href":"https:\/\/discovergallura.it\/de\/wp-json\/wp\/v2\/pages\/10313"}],"wp:featuredmedia":[{"embeddable":true,"href":"https:\/\/discovergallura.it\/de\/wp-json\/wp\/v2\/media\/8614"}],"wp:attachment":[{"href":"https:\/\/discovergallura.it\/de\/wp-json\/wp\/v2\/media?parent=10320"}],"curies":[{"name":"wp","href":"https:\/\/api.w.org\/{rel}","templated":true}]}}