{"id":10399,"date":"2023-01-24T11:02:24","date_gmt":"2023-01-24T10:02:24","guid":{"rendered":"https:\/\/discovergallura.it\/la-lingua\/"},"modified":"2023-04-14T17:26:37","modified_gmt":"2023-04-14T15:26:37","slug":"la-lingua","status":"publish","type":"page","link":"https:\/\/discovergallura.it\/de\/erbe\/la-lingua\/","title":{"rendered":"Die Sprache"},"content":{"rendered":"<div class=\"wpb-content-wrapper\"><p>[vc_row css_animation=&#8220;&#8220; row_type=&#8220;row&#8220; use_row_as_full_screen_section=&#8220;no&#8220; type=&#8220;grid&#8220; angled_section=&#8220;no&#8220; text_align=&#8220;left&#8220; background_image_as_pattern=&#8220;without_pattern&#8220; css=&#8220;.vc_custom_1674636179112{margin-top: 80px !important;}&#8220; z_index=&#8220;&#8220;][vc_column width=&#8220;1\/2&#8243; css=&#8220;.vc_custom_1674635979280{margin-top: 30px !important;padding-right: 10% !important;}&#8220;][vc_row_inner row_type=&#8220;row&#8220; type=&#8220;full_width&#8220; text_align=&#8220;left&#8220; css_animation=&#8220;&#8220;][vc_column_inner css=&#8220;.vc_custom_1674635610751{margin-bottom: 80px !important;}&#8220;][vc_separator type=&#8220;small&#8220; position=&#8220;left&#8220; color=&#8220;#3390b9&#8243; thickness=&#8220;4&#8243; width=&#8220;50&#8243;]<div class=\"custom_font_holder \" style=\"font-family: red hat display; font-style: normal; font-weight: 800; color: #3390b9; text-decoration: none; text-align: left; --qode-cf-font-size: 38px; --qode-cf-line-height: 39px; --qode-cf-font-size-1440: 38px; --qode-cf-line-height-1440: 39px; --qode-cf-font-size-1366: 38px; --qode-cf-line-height-1366: 39px; --qode-cf-font-size-1280: 38px; --qode-cf-line-height-1280: 39px; --qode-cf-font-size-1024: 38px; --qode-cf-line-height-1024: 39px; --qode-cf-font-size-768: 38px; --qode-cf-line-height-768: 39px; --qode-cf-font-size-680: 38px; --qode-cf-line-height-680: 39px; --qode-cf-font-size-480: 38px; --qode-cf-line-height-480: 39px;\">IL GALLURESE<\/div>[\/vc_column_inner][\/vc_row_inner]<div class=\"custom_font_holder \" style=\"font-family: EB garamond; font-style: italic; font-weight: 500; text-decoration: none; text-align: left; --qode-cf-font-size: 24px; --qode-cf-line-height: 28px; --qode-cf-font-size-1440: 24px; --qode-cf-line-height-1440: 28px; --qode-cf-font-size-1366: 24px; --qode-cf-line-height-1366: 28px; --qode-cf-font-size-1280: 24px; --qode-cf-line-height-1280: 28px; --qode-cf-font-size-1024: 24px; --qode-cf-line-height-1024: 28px; --qode-cf-font-size-768: 24px; --qode-cf-line-height-768: 28px; --qode-cf-font-size-680: 24px; --qode-cf-line-height-680: 28px; --qode-cf-font-size-480: 24px; --qode-cf-line-height-480: 28px;\">\n<p style=\"text-align: center;\"><span style=\"font-size: 24pt; line-height: 110%;\">Eine sardisch-gallurische Sprache, die mit dem Korsischen verwandt ist, da sie wahrscheinlich zur selben Gruppe geh\u00f6rten.<\/span><\/p>\n<\/div>[vc_empty_space][vc_column_text]<\/p>\n<p style=\"text-align: justify;\"><strong>Gallurese<\/strong> geh\u00f6rt zusammen mit Turritano oder Sassarese und den Sprachvarianten von Castelsardo und La Maddalena zum sardisch-korsischen Sprachsystem, einer Gruppe von Sprachen, die, wie der Name schon sagt, den Verbindungspunkt zwischen der sardischen und der korsischen Sprache bilden. Seit jeher haben ihr Ursprung und ihre Klassifizierung nicht nur Sprachwissenschaftler fasziniert. Die gr\u00fcndlichsten und aktuellsten Studien beschreiben das Gallurese als Ergebnis des im Mittelalter und in der Neuzeit erfolgten sprachlichen Austauschs zwischen den Sarden, die diese d\u00fcnn besiedelte Region bewohnten, und den vielen Korsen, die auf der Suche nach besseren Lebensbedingungen das Meer \u00fcberquerten. Diese \u201eBr\u00fcckensprache\u201c hat sich immer weiter ins Landesinnere ausgebreitet und sich mit dem Nordsardischen und nun zwangsl\u00e4ufig auch mit dem Italienischen vermischt. Heute ist das Gallurese durch ein regionales Gesetz gesch\u00fctzt, und obwohl es an Bedeutung verliert, wird es immer noch h\u00e4ufig gesprochen und ist Gegenstand einer interessanten sprachlichen Wiederentdeckung.<\/p>\n<p>[\/vc_column_text][\/vc_column][vc_column width=&#8220;1\/2&#8243; css=&#8220;.vc_custom_1674635574364{margin-top: 30px !important;}&#8220;][vc_single_image image=&#8220;1413&#8243; img_size=&#8220;500&#215;500&#8243; onclick=&#8220;link_image&#8220; qode_css_animation=&#8220;&#8220; qode_hover_animation=&#8220;darken&#8220;][\/vc_column][\/vc_row][vc_row css_animation=&#8220;&#8220; row_type=&#8220;row&#8220; use_row_as_full_screen_section=&#8220;no&#8220; type=&#8220;full_width&#8220; angled_section=&#8220;no&#8220; text_align=&#8220;left&#8220; background_image_as_pattern=&#8220;without_pattern&#8220; z_index=&#8220;&#8220; css=&#8220;.vc_custom_1675693433987{margin-top: 80px !important;}&#8220;][vc_column]<div class=\"qode-advanced-image-gallery  qode-aig-slider-type qode-tiny-space   \">\n\t<div class=\"qode-aig-slider qode-owl-slider\" data-number-of-items=\"1\" data-enable-loop=\"yes\" data-enable-autoplay=\"yes\" data-slider-speed=\"5000\" data-slider-speed-animation=\"600\" data-slider-padding=\"yes\" data-enable-navigation=\"yes\" data-enable-pagination=\"yes\">\n\t\t\t\t\t<div class=\"qode-aig-image\">\n\t\t\t\t\t\t\t\t\t<img loading=\"lazy\" decoding=\"async\" width=\"1980\" height=\"1320\" src=\"https:\/\/discovergallura.it\/wp-content\/uploads\/2023\/01\/005_selargius_costume_tipico_tradizionale_01_r.jpeg\" class=\"attachment-full size-full\" alt=\"\" srcset=\"https:\/\/discovergallura.it\/wp-content\/uploads\/2023\/01\/005_selargius_costume_tipico_tradizionale_01_r.jpeg 1980w, https:\/\/discovergallura.it\/wp-content\/uploads\/2023\/01\/005_selargius_costume_tipico_tradizionale_01_r-300x200.jpeg 300w, https:\/\/discovergallura.it\/wp-content\/uploads\/2023\/01\/005_selargius_costume_tipico_tradizionale_01_r-1024x683.jpeg 1024w, https:\/\/discovergallura.it\/wp-content\/uploads\/2023\/01\/005_selargius_costume_tipico_tradizionale_01_r-768x512.jpeg 768w, https:\/\/discovergallura.it\/wp-content\/uploads\/2023\/01\/005_selargius_costume_tipico_tradizionale_01_r-1536x1024.jpeg 1536w, https:\/\/discovergallura.it\/wp-content\/uploads\/2023\/01\/005_selargius_costume_tipico_tradizionale_01_r-700x467.jpeg 700w\" sizes=\"auto, (max-width: 1980px) 100vw, 1980px\" \/>\t\t\t\t\t<span class=\"aig-gallery-hover\">\n\t\t\t\t\t\t\t\t\t\t\t<\/span>\n\t\t\t\t\t\t\t<\/div>\n\t\t\t\t\t\t\t\t<div class=\"qode-aig-image\">\n\t\t\t\t\t\t\t\t\t<img loading=\"lazy\" decoding=\"async\" width=\"1599\" height=\"1066\" src=\"https:\/\/discovergallura.it\/wp-content\/uploads\/2023\/01\/1599px-Budduso_-_Costume_tradizionale_10.jpeg\" class=\"attachment-full size-full\" alt=\"\" srcset=\"https:\/\/discovergallura.it\/wp-content\/uploads\/2023\/01\/1599px-Budduso_-_Costume_tradizionale_10.jpeg 1599w, https:\/\/discovergallura.it\/wp-content\/uploads\/2023\/01\/1599px-Budduso_-_Costume_tradizionale_10-300x200.jpeg 300w, https:\/\/discovergallura.it\/wp-content\/uploads\/2023\/01\/1599px-Budduso_-_Costume_tradizionale_10-1024x683.jpeg 1024w, https:\/\/discovergallura.it\/wp-content\/uploads\/2023\/01\/1599px-Budduso_-_Costume_tradizionale_10-768x512.jpeg 768w, https:\/\/discovergallura.it\/wp-content\/uploads\/2023\/01\/1599px-Budduso_-_Costume_tradizionale_10-1536x1024.jpeg 1536w, https:\/\/discovergallura.it\/wp-content\/uploads\/2023\/01\/1599px-Budduso_-_Costume_tradizionale_10-700x467.jpeg 700w\" sizes=\"auto, (max-width: 1599px) 100vw, 1599px\" \/>\t\t\t\t\t<span class=\"aig-gallery-hover\">\n\t\t\t\t\t\t\t\t\t\t\t<\/span>\n\t\t\t\t\t\t\t<\/div>\n\t\t\t\t\t\t\t\t<div class=\"qode-aig-image\">\n\t\t\t\t\t\t\t\t\t<img loading=\"lazy\" decoding=\"async\" width=\"2048\" height=\"1365\" src=\"https:\/\/discovergallura.it\/wp-content\/uploads\/2023\/01\/aggius115.jpeg\" class=\"attachment-full size-full\" alt=\"\" srcset=\"https:\/\/discovergallura.it\/wp-content\/uploads\/2023\/01\/aggius115.jpeg 2048w, https:\/\/discovergallura.it\/wp-content\/uploads\/2023\/01\/aggius115-300x200.jpeg 300w, https:\/\/discovergallura.it\/wp-content\/uploads\/2023\/01\/aggius115-1024x683.jpeg 1024w, https:\/\/discovergallura.it\/wp-content\/uploads\/2023\/01\/aggius115-768x512.jpeg 768w, https:\/\/discovergallura.it\/wp-content\/uploads\/2023\/01\/aggius115-1536x1024.jpeg 1536w, https:\/\/discovergallura.it\/wp-content\/uploads\/2023\/01\/aggius115-700x467.jpeg 700w\" sizes=\"auto, (max-width: 2048px) 100vw, 2048px\" \/>\t\t\t\t\t<span class=\"aig-gallery-hover\">\n\t\t\t\t\t\t\t\t\t\t\t<\/span>\n\t\t\t\t\t\t\t<\/div>\n\t\t\t\t\t\t\t\t<div class=\"qode-aig-image\">\n\t\t\t\t\t\t\t\t\t<img loading=\"lazy\" decoding=\"async\" width=\"1140\" height=\"760\" src=\"https:\/\/discovergallura.it\/wp-content\/uploads\/2023\/01\/La-Sardegna-tra-costumi-tradizionali-e-arte-contemporanea.jpeg\" class=\"attachment-full size-full\" alt=\"\" srcset=\"https:\/\/discovergallura.it\/wp-content\/uploads\/2023\/01\/La-Sardegna-tra-costumi-tradizionali-e-arte-contemporanea.jpeg 1140w, https:\/\/discovergallura.it\/wp-content\/uploads\/2023\/01\/La-Sardegna-tra-costumi-tradizionali-e-arte-contemporanea-300x200.jpeg 300w, https:\/\/discovergallura.it\/wp-content\/uploads\/2023\/01\/La-Sardegna-tra-costumi-tradizionali-e-arte-contemporanea-1024x683.jpeg 1024w, https:\/\/discovergallura.it\/wp-content\/uploads\/2023\/01\/La-Sardegna-tra-costumi-tradizionali-e-arte-contemporanea-768x512.jpeg 768w, https:\/\/discovergallura.it\/wp-content\/uploads\/2023\/01\/La-Sardegna-tra-costumi-tradizionali-e-arte-contemporanea-700x467.jpeg 700w\" sizes=\"auto, (max-width: 1140px) 100vw, 1140px\" \/>\t\t\t\t\t<span class=\"aig-gallery-hover\">\n\t\t\t\t\t\t\t\t\t\t\t<\/span>\n\t\t\t\t\t\t\t<\/div>\n\t\t\t\t\t\t<\/div>\n<\/div>[\/vc_column][\/vc_row][vc_row css_animation=&#8220;&#8220; row_type=&#8220;row&#8220; use_row_as_full_screen_section=&#8220;no&#8220; type=&#8220;grid&#8220; angled_section=&#8220;no&#8220; text_align=&#8220;left&#8220; background_image_as_pattern=&#8220;without_pattern&#8220; css=&#8220;.vc_custom_1676389118141{margin-top: 40px !important;margin-bottom: 120px !important;}&#8220; z_index=&#8220;&#8220;][vc_column css=&#8220;.vc_custom_1674635979280{margin-top: 30px !important;padding-right: 10% !important;}&#8220;][vc_separator type=&#8220;small&#8220; position=&#8220;left&#8220; color=&#8220;#3390b9&#8243; thickness=&#8220;4&#8243; width=&#8220;50&#8243;]<div class=\"custom_font_holder \" style=\"font-family: red hat display; font-style: normal; font-weight: 800; color: #3390b9; text-decoration: none; text-align: left; --qode-cf-font-size: 38px; --qode-cf-line-height: 39px; --qode-cf-font-size-1440: 38px; --qode-cf-line-height-1440: 39px; --qode-cf-font-size-1366: 38px; --qode-cf-line-height-1366: 39px; --qode-cf-font-size-1280: 38px; --qode-cf-line-height-1280: 39px; --qode-cf-font-size-1024: 38px; --qode-cf-line-height-1024: 39px; --qode-cf-font-size-768: 38px; --qode-cf-line-height-768: 39px; --qode-cf-font-size-680: 38px; --qode-cf-line-height-680: 39px; --qode-cf-font-size-480: 38px; --qode-cf-line-height-480: 39px;\">Logudorese<\/div>[vc_row_inner row_type=&#8220;row&#8220; type=&#8220;full_width&#8220; text_align=&#8220;left&#8220; css_animation=&#8220;&#8220;][vc_column_inner width=&#8220;1\/2&#8243; css=&#8220;.vc_custom_1674636351120{margin-top: 30px !important;}&#8220;]<div class=\"custom_font_holder \" style=\"font-family: EB garamond; font-style: italic; font-weight: 500; text-decoration: none; text-align: left; --qode-cf-font-size: 24px; --qode-cf-line-height: 28px; --qode-cf-font-size-1440: 24px; --qode-cf-line-height-1440: 28px; --qode-cf-font-size-1366: 24px; --qode-cf-line-height-1366: 28px; --qode-cf-font-size-1280: 24px; --qode-cf-line-height-1280: 28px; --qode-cf-font-size-1024: 24px; --qode-cf-line-height-1024: 28px; --qode-cf-font-size-768: 24px; --qode-cf-line-height-768: 28px; --qode-cf-font-size-680: 24px; --qode-cf-line-height-680: 28px; --qode-cf-font-size-480: 24px; --qode-cf-line-height-480: 28px;\">\n<p style=\"text-align: center;\"><span style=\"font-size: 24pt; line-height: 110%;\">Der Dialekt der sardischen Sprache, der dem Lateinischen am \u00e4hnlichsten ist und die meisten urspr\u00fcnglichen und archaischen Elemente aufweist.<\/span><\/p>\n<\/div>[\/vc_column_inner][vc_column_inner width=&#8220;1\/2&#8243; css=&#8220;.vc_custom_1674636356791{margin-top: 30px !important;}&#8220;][vc_column_text]<\/p>\n<p style=\"text-align: justify;\">Das <strong>logudorische Sardisch<\/strong> ist eine der beiden traditionellen orthografischen Gruppen der sardischen Sprache und hat seinen Ursprung in der Region Logudoro im n\u00f6rdlichen Teil Sardiniens.<\/p>\n<p style=\"text-align: justify;\">Der Begriff \u201eLogudorese\u201c umfasst in der Regel eine Gruppe von Dialekten der sardischen Sprache, wie das n\u00f6rdliche \u201elogudorese settentrionale&#8220;, das gemeine \u201elogudorese comune&#8220; und das \u201eNuorese\u201c. Die beiden erstgenannten Sprachen haben sich gegen\u00fcber dem im Mittelalter gesprochenen Logudorese weiterentwickelt, teils aufgrund einer autonomen Entwicklung, teils aufgrund von Kontakten mit dem Kastilischen (das von den spanischen Eroberern mitgebracht wurde) und mit den sardisch-korsischen Idiomen (Gallurese und Sassarese), die im \u00e4u\u00dfersten Norden der Insel gesprochen wurden. Das n\u00f6rdliche Logudorese und bis zu einem gewissen Grad auch das gemeine Logudorese bildeten die sprachliche Matrix des literarischen Logudorese. Der Nuoro-Dialekt gilt traditionell als die konservativste Variante der sardischen und allen neulateinischen Sprachen und ist dem Lateinischen am \u00e4hnlichsten.<\/p>\n<p>[\/vc_column_text][\/vc_column_inner][\/vc_row_inner][\/vc_column][\/vc_row]<\/p>\n<\/div>","protected":false},"excerpt":{"rendered":"<p>[vc_row css_animation=&#8220;&#8220; row_type=&#8220;row&#8220; use_row_as_full_screen_section=&#8220;no&#8220; type=&#8220;grid&#8220; angled_section=&#8220;no&#8220; text_align=&#8220;left&#8220; background_image_as_pattern=&#8220;without_pattern&#8220; css=&#8220;.vc_custom_1674636179112{margin-top: 80px !important;}&#8220; z_index=&#8220;&#8220;][vc_column width=&#8220;1\/2&#8243; css=&#8220;.vc_custom_1674635979280{margin-top: 30px !important;padding-right: 10% !important;}&#8220;][vc_row_inner row_type=&#8220;row&#8220; type=&#8220;full_width&#8220; text_align=&#8220;left&#8220; css_animation=&#8220;&#8220;][vc_column_inner css=&#8220;.vc_custom_1674635610751{margin-bottom: 80px !important;}&#8220;][vc_separator type=&#8220;small&#8220; position=&#8220;left&#8220; color=&#8220;#3390b9&#8243; thickness=&#8220;4&#8243; width=&#8220;50&#8243;][\/vc_column_inner][\/vc_row_inner][vc_empty_space][vc_column_text] Gallurese geh\u00f6rt zusammen mit Turritano oder Sassarese und den Sprachvarianten von Castelsardo und La Maddalena&#8230;<\/p>\n","protected":false},"author":1,"featured_media":9259,"parent":10738,"menu_order":0,"comment_status":"closed","ping_status":"closed","template":"full_width.php","meta":{"inline_featured_image":false,"footnotes":""},"class_list":["post-10399","page","type-page","status-publish","has-post-thumbnail","hentry"],"_links":{"self":[{"href":"https:\/\/discovergallura.it\/de\/wp-json\/wp\/v2\/pages\/10399","targetHints":{"allow":["GET"]}}],"collection":[{"href":"https:\/\/discovergallura.it\/de\/wp-json\/wp\/v2\/pages"}],"about":[{"href":"https:\/\/discovergallura.it\/de\/wp-json\/wp\/v2\/types\/page"}],"author":[{"embeddable":true,"href":"https:\/\/discovergallura.it\/de\/wp-json\/wp\/v2\/users\/1"}],"replies":[{"embeddable":true,"href":"https:\/\/discovergallura.it\/de\/wp-json\/wp\/v2\/comments?post=10399"}],"version-history":[{"count":3,"href":"https:\/\/discovergallura.it\/de\/wp-json\/wp\/v2\/pages\/10399\/revisions"}],"predecessor-version":[{"id":10402,"href":"https:\/\/discovergallura.it\/de\/wp-json\/wp\/v2\/pages\/10399\/revisions\/10402"}],"up":[{"embeddable":true,"href":"https:\/\/discovergallura.it\/de\/wp-json\/wp\/v2\/pages\/10738"}],"wp:featuredmedia":[{"embeddable":true,"href":"https:\/\/discovergallura.it\/de\/wp-json\/wp\/v2\/media\/9259"}],"wp:attachment":[{"href":"https:\/\/discovergallura.it\/de\/wp-json\/wp\/v2\/media?parent=10399"}],"curies":[{"name":"wp","href":"https:\/\/api.w.org\/{rel}","templated":true}]}}