{"id":10437,"date":"2023-01-24T17:18:25","date_gmt":"2023-01-24T16:18:25","guid":{"rendered":"https:\/\/discovergallura.it\/lavorazione-sughero-e-granito\/"},"modified":"2023-04-17T11:29:08","modified_gmt":"2023-04-17T09:29:08","slug":"lavorazione-sughero-e-granito","status":"publish","type":"page","link":"https:\/\/discovergallura.it\/de\/artigianato-e-tradizioni\/lavorazione-sughero-e-granito\/","title":{"rendered":"Verarbeitung von Kork und Granit"},"content":{"rendered":"<div class=\"wpb-content-wrapper\"><p>[vc_row css_animation=&#8220;&#8220; row_type=&#8220;row&#8220; use_row_as_full_screen_section=&#8220;no&#8220; type=&#8220;grid&#8220; angled_section=&#8220;no&#8220; text_align=&#8220;left&#8220; background_image_as_pattern=&#8220;without_pattern&#8220; z_index=&#8220;&#8220;][vc_column css=&#8220;.vc_custom_1674214152573{margin-top: 80px !important;}&#8220;][vc_row_inner row_type=&#8220;row&#8220; type=&#8220;full_width&#8220; text_align=&#8220;left&#8220; css_animation=&#8220;&#8220;][vc_column_inner width=&#8220;2\/3&#8243; css=&#8220;.vc_custom_1674212921568{margin-bottom: 110px !important;}&#8220;][vc_separator type=&#8220;small&#8220; position=&#8220;left&#8220; color=&#8220;#3390b9&#8243; thickness=&#8220;4&#8243; width=&#8220;50&#8243;]<div class=\"custom_font_holder \" style=\"font-family: red hat display; font-style: normal; font-weight: 800; color: #3390b9; text-decoration: none; text-align: left; --qode-cf-font-size: 38px; --qode-cf-line-height: 39px; --qode-cf-font-size-1440: 38px; --qode-cf-line-height-1440: 39px; --qode-cf-font-size-1366: 38px; --qode-cf-line-height-1366: 39px; --qode-cf-font-size-1280: 38px; --qode-cf-line-height-1280: 39px; --qode-cf-font-size-1024: 38px; --qode-cf-line-height-1024: 39px; --qode-cf-font-size-768: 38px; --qode-cf-line-height-768: 39px; --qode-cf-font-size-680: 38px; --qode-cf-line-height-680: 39px; --qode-cf-font-size-480: 38px; --qode-cf-line-height-480: 39px;\">VERARBEITUNG VON KORK UND GRANIT<\/div>[\/vc_column_inner][vc_column_inner width=&#8220;1\/3&#8243;][\/vc_column_inner][\/vc_row_inner][vc_row_inner row_type=&#8220;row&#8220; type=&#8220;full_width&#8220; text_align=&#8220;left&#8220; css_animation=&#8220;&#8220;][vc_column_inner width=&#8220;1\/2&#8243;][vc_single_image image=&#8220;1858&#8243; img_size=&#8220;full&#8220; qode_css_animation=&#8220;&#8220;][vc_empty_space][\/vc_column_inner][vc_column_inner width=&#8220;1\/2&#8243; css=&#8220;.vc_custom_1674212910857{margin-bottom: 80px !important;}&#8220;][vc_column_text]<\/p>\n<p style=\"text-align: justify;\">Die Korkeiche, das Wahrzeichen der Gallura, ist eine grundlegende Ressource mit vielf\u00e4ltigen Verwendungsm\u00f6glichkeiten. Bereits in der Nuraghenzeit f\u00fcr seine isolierenden Eigenschaften bekannt, wird Kork vor allem f\u00fcr die Herstellung von Korken verwendet, aber auch f\u00fcr die Herstellung von Ger\u00e4tschaften, Gegenst\u00e4nden und typischen Beh\u00e4ltern sowie von Tabletts zum Servieren einheimischer Produkte. Als f\u00fchrendes Zentrum f\u00fcr die <strong>Korkverarbeitung<\/strong> <strong>und<\/strong> die industrielle Herstellung von Korken beherbergt <a href=\"https:\/\/discovergallura.it\/de\/calangianus\/\">Calangianus<\/a> das <a href=\"https:\/\/discovergallura.it\/de\/musei\/museo-del-sughero\/\">Korkmuseum<\/a>, in dem die Phasen der Gewinnung und Verarbeitung sowie die allt\u00e4glichen Werkzeuge der Gallura zu sehen sind. Kork, der mit R\u00fccksicht auf die Natur verarbeitet wird, ist heute auch auf Kunsthandwerksm\u00e4rkten zu finden, die neben den typischen Gegenst\u00e4nden auch originelle Alternativen wie traditionellen Schmuck und handgefertigte Einrichtungsgegenst\u00e4nde anbieten &#8211; perfekte Ideen f\u00fcr alternative Souvenirs. Da es sich um ein \u00f6kologisch nachhaltiges, sehr elastisches, feuerfestes und wasserdichtes Material handelt, hatten einige sardische Designer die Idee, Kork in einen edlen Stoff zu verwandeln, mit dem sie originelle und kostbare Kreationen der Haute Couture geschaffen haben. Die Bearbeitung von <strong>Granit<\/strong>, einer weiteren wichtigen Ressource in der Gallura, geh\u00f6rt zu den \u00e4ltesten Formen des Handwerks in der Region. So zahlreich die Steinbr\u00fcche sind, so vielf\u00e4ltig sind auch die Granitarten, die sich je nach Gebiet unterscheiden: vom rosafarbenen Granit bis hin zu dem f\u00fcr die Steinbr\u00fcche von <a href=\"https:\/\/discovergallura.it\/de\/budduso\/\">Buddus\u00f2<\/a> so typischen perlgrauen Granit. Letzterer ist ein bedeutendes Zentrum f\u00fcr die Bearbeitung von Granit, ebenso wie <a href=\"https:\/\/discovergallura.it\/de\/tempio-pausania\/\">Tempio Pausania<\/a>, die \u201eStadt des Granits\u201c, die reich an architektonischen Meisterwerken aus diesem Material ist.<\/p>\n<p>[\/vc_column_text][\/vc_column_inner][\/vc_row_inner][\/vc_column][\/vc_row][vc_row css_animation=&#8220;&#8220; row_type=&#8220;row&#8220; use_row_as_full_screen_section=&#8220;no&#8220; type=&#8220;grid&#8220; angled_section=&#8220;no&#8220; text_align=&#8220;left&#8220; background_image_as_pattern=&#8220;without_pattern&#8220; z_index=&#8220;&#8220;][vc_column width=&#8220;1\/6&#8243;][\/vc_column][vc_column width=&#8220;2\/3&#8243; css=&#8220;.vc_custom_1674141388895{margin-top: 80px !important;}&#8220; offset=&#8220;vc_hidden-sm vc_hidden-xs&#8220;]<div class=\"custom_font_holder \" style=\"font-family: EB garamond; font-style: italic; font-weight: 500; text-decoration: none; text-align: left; --qode-cf-font-size: 24px; --qode-cf-line-height: 28px; --qode-cf-font-size-1440: 24px; --qode-cf-line-height-1440: 28px; --qode-cf-font-size-1366: 24px; --qode-cf-line-height-1366: 28px; --qode-cf-font-size-1280: 24px; --qode-cf-line-height-1280: 28px; --qode-cf-font-size-1024: 24px; --qode-cf-line-height-1024: 28px; --qode-cf-font-size-768: 24px; --qode-cf-line-height-768: 28px; --qode-cf-font-size-680: 24px; --qode-cf-line-height-680: 28px; --qode-cf-font-size-480: 24px; --qode-cf-line-height-480: 28px;\">\n<p style=\"text-align: center;\"><span style=\"font-size: 24pt; line-height: 110%;\">Dank des Reichtums an Korkw\u00e4ldern und Granitsteinbr\u00fcchen ist die Verarbeitung dieser beiden Materialien ein herausragendes Merkmal der sardischen Tradition.<\/span><\/p>\n<\/div>[\/vc_column][vc_column width=&#8220;1\/6&#8243;][\/vc_column][\/vc_row][vc_row css_animation=&#8220;&#8220; row_type=&#8220;row&#8220; use_row_as_full_screen_section=&#8220;no&#8220; type=&#8220;full_width&#8220; angled_section=&#8220;no&#8220; text_align=&#8220;left&#8220; background_image_as_pattern=&#8220;without_pattern&#8220; z_index=&#8220;&#8220;][vc_column css=&#8220;.vc_custom_1675695260688{margin-top: 80px !important;margin-bottom: 120px !important;}&#8220;]<div class=\"qode-advanced-image-gallery  qode-aig-slider-type qode-tiny-space   \">\n\t<div class=\"qode-aig-slider qode-owl-slider\" data-number-of-items=\"1\" data-enable-loop=\"yes\" data-enable-autoplay=\"yes\" data-slider-speed=\"5000\" data-slider-speed-animation=\"600\" data-slider-padding=\"yes\" data-enable-navigation=\"yes\" data-enable-pagination=\"yes\">\n\t\t\t\t\t<div class=\"qode-aig-image\">\n\t\t\t\t\t\t\t\t\t<img loading=\"lazy\" decoding=\"async\" width=\"1191\" height=\"768\" src=\"https:\/\/discovergallura.it\/wp-content\/uploads\/2023\/01\/Lavorazione-sughero-e-granito.jpg\" class=\"attachment-full size-full\" alt=\"\" srcset=\"https:\/\/discovergallura.it\/wp-content\/uploads\/2023\/01\/Lavorazione-sughero-e-granito.jpg 1191w, https:\/\/discovergallura.it\/wp-content\/uploads\/2023\/01\/Lavorazione-sughero-e-granito-300x193.jpg 300w, https:\/\/discovergallura.it\/wp-content\/uploads\/2023\/01\/Lavorazione-sughero-e-granito-1024x660.jpg 1024w, https:\/\/discovergallura.it\/wp-content\/uploads\/2023\/01\/Lavorazione-sughero-e-granito-768x495.jpg 768w, https:\/\/discovergallura.it\/wp-content\/uploads\/2023\/01\/Lavorazione-sughero-e-granito-700x451.jpg 700w\" sizes=\"auto, (max-width: 1191px) 100vw, 1191px\" \/>\t\t\t\t\t<span class=\"aig-gallery-hover\">\n\t\t\t\t\t\t\t\t\t\t\t<\/span>\n\t\t\t\t\t\t\t<\/div>\n\t\t\t\t\t\t\t\t<div class=\"qode-aig-image\">\n\t\t\t\t\t\t\t\t\t<img loading=\"lazy\" decoding=\"async\" width=\"1150\" height=\"768\" src=\"https:\/\/discovergallura.it\/wp-content\/uploads\/2023\/01\/Lavorazione-sughero-e-granito-4.jpg\" class=\"attachment-full size-full\" alt=\"\" srcset=\"https:\/\/discovergallura.it\/wp-content\/uploads\/2023\/01\/Lavorazione-sughero-e-granito-4.jpg 1150w, https:\/\/discovergallura.it\/wp-content\/uploads\/2023\/01\/Lavorazione-sughero-e-granito-4-300x200.jpg 300w, https:\/\/discovergallura.it\/wp-content\/uploads\/2023\/01\/Lavorazione-sughero-e-granito-4-1024x684.jpg 1024w, https:\/\/discovergallura.it\/wp-content\/uploads\/2023\/01\/Lavorazione-sughero-e-granito-4-768x513.jpg 768w, https:\/\/discovergallura.it\/wp-content\/uploads\/2023\/01\/Lavorazione-sughero-e-granito-4-700x467.jpg 700w\" sizes=\"auto, (max-width: 1150px) 100vw, 1150px\" \/>\t\t\t\t\t<span class=\"aig-gallery-hover\">\n\t\t\t\t\t\t\t\t\t\t\t<\/span>\n\t\t\t\t\t\t\t<\/div>\n\t\t\t\t\t\t\t\t<div class=\"qode-aig-image\">\n\t\t\t\t\t\t\t\t\t<img loading=\"lazy\" decoding=\"async\" width=\"1151\" height=\"768\" src=\"https:\/\/discovergallura.it\/wp-content\/uploads\/2023\/01\/Lavorazione-sughero-e-granito-3.jpg\" class=\"attachment-full size-full\" alt=\"\" srcset=\"https:\/\/discovergallura.it\/wp-content\/uploads\/2023\/01\/Lavorazione-sughero-e-granito-3.jpg 1151w, https:\/\/discovergallura.it\/wp-content\/uploads\/2023\/01\/Lavorazione-sughero-e-granito-3-300x200.jpg 300w, https:\/\/discovergallura.it\/wp-content\/uploads\/2023\/01\/Lavorazione-sughero-e-granito-3-1024x683.jpg 1024w, https:\/\/discovergallura.it\/wp-content\/uploads\/2023\/01\/Lavorazione-sughero-e-granito-3-768x512.jpg 768w, https:\/\/discovergallura.it\/wp-content\/uploads\/2023\/01\/Lavorazione-sughero-e-granito-3-700x467.jpg 700w\" sizes=\"auto, (max-width: 1151px) 100vw, 1151px\" \/>\t\t\t\t\t<span class=\"aig-gallery-hover\">\n\t\t\t\t\t\t\t\t\t\t\t<\/span>\n\t\t\t\t\t\t\t<\/div>\n\t\t\t\t\t\t\t\t<div class=\"qode-aig-image\">\n\t\t\t\t\t\t\t\t\t<img loading=\"lazy\" decoding=\"async\" width=\"1147\" height=\"768\" src=\"https:\/\/discovergallura.it\/wp-content\/uploads\/2023\/01\/Lavorazione-sughero-e-granito-2.jpg\" class=\"attachment-full size-full\" alt=\"\" srcset=\"https:\/\/discovergallura.it\/wp-content\/uploads\/2023\/01\/Lavorazione-sughero-e-granito-2.jpg 1147w, https:\/\/discovergallura.it\/wp-content\/uploads\/2023\/01\/Lavorazione-sughero-e-granito-2-300x201.jpg 300w, https:\/\/discovergallura.it\/wp-content\/uploads\/2023\/01\/Lavorazione-sughero-e-granito-2-1024x686.jpg 1024w, https:\/\/discovergallura.it\/wp-content\/uploads\/2023\/01\/Lavorazione-sughero-e-granito-2-768x514.jpg 768w, https:\/\/discovergallura.it\/wp-content\/uploads\/2023\/01\/Lavorazione-sughero-e-granito-2-700x469.jpg 700w\" sizes=\"auto, (max-width: 1147px) 100vw, 1147px\" \/>\t\t\t\t\t<span class=\"aig-gallery-hover\">\n\t\t\t\t\t\t\t\t\t\t\t<\/span>\n\t\t\t\t\t\t\t<\/div>\n\t\t\t\t\t\t\t\t<div class=\"qode-aig-image\">\n\t\t\t\t\t\t\t\t\t<img loading=\"lazy\" decoding=\"async\" width=\"1258\" height=\"872\" src=\"https:\/\/discovergallura.it\/wp-content\/uploads\/2023\/01\/shutterstock_1143734036.jpg\" class=\"attachment-full size-full\" alt=\"\" srcset=\"https:\/\/discovergallura.it\/wp-content\/uploads\/2023\/01\/shutterstock_1143734036.jpg 1258w, https:\/\/discovergallura.it\/wp-content\/uploads\/2023\/01\/shutterstock_1143734036-300x208.jpg 300w, https:\/\/discovergallura.it\/wp-content\/uploads\/2023\/01\/shutterstock_1143734036-1024x710.jpg 1024w, https:\/\/discovergallura.it\/wp-content\/uploads\/2023\/01\/shutterstock_1143734036-768x532.jpg 768w, https:\/\/discovergallura.it\/wp-content\/uploads\/2023\/01\/shutterstock_1143734036-700x485.jpg 700w\" sizes=\"auto, (max-width: 1258px) 100vw, 1258px\" \/>\t\t\t\t\t<span class=\"aig-gallery-hover\">\n\t\t\t\t\t\t\t\t\t\t\t<\/span>\n\t\t\t\t\t\t\t<\/div>\n\t\t\t\t\t\t\t\t<div class=\"qode-aig-image\">\n\t\t\t\t\t\t\t\t\t<img loading=\"lazy\" decoding=\"async\" width=\"735\" height=\"490\" src=\"https:\/\/discovergallura.it\/wp-content\/uploads\/2023\/01\/4397c814ffbf70bdd10f2dcb613f57e9-art-projects-html.jpeg\" class=\"attachment-full size-full\" alt=\"\" srcset=\"https:\/\/discovergallura.it\/wp-content\/uploads\/2023\/01\/4397c814ffbf70bdd10f2dcb613f57e9-art-projects-html.jpeg 735w, https:\/\/discovergallura.it\/wp-content\/uploads\/2023\/01\/4397c814ffbf70bdd10f2dcb613f57e9-art-projects-html-300x200.jpeg 300w, https:\/\/discovergallura.it\/wp-content\/uploads\/2023\/01\/4397c814ffbf70bdd10f2dcb613f57e9-art-projects-html-700x467.jpeg 700w\" sizes=\"auto, (max-width: 735px) 100vw, 735px\" \/>\t\t\t\t\t<span class=\"aig-gallery-hover\">\n\t\t\t\t\t\t\t\t\t\t\t<\/span>\n\t\t\t\t\t\t\t<\/div>\n\t\t\t\t\t\t\t\t<div class=\"qode-aig-image\">\n\t\t\t\t\t\t\t\t\t<img loading=\"lazy\" decoding=\"async\" width=\"1135\" height=\"756\" src=\"https:\/\/discovergallura.it\/wp-content\/uploads\/2023\/01\/Schermata-2023-01-30-alle-09.02.28.jpg\" class=\"attachment-full size-full\" alt=\"\" srcset=\"https:\/\/discovergallura.it\/wp-content\/uploads\/2023\/01\/Schermata-2023-01-30-alle-09.02.28.jpg 1135w, https:\/\/discovergallura.it\/wp-content\/uploads\/2023\/01\/Schermata-2023-01-30-alle-09.02.28-300x200.jpg 300w, https:\/\/discovergallura.it\/wp-content\/uploads\/2023\/01\/Schermata-2023-01-30-alle-09.02.28-1024x682.jpg 1024w, https:\/\/discovergallura.it\/wp-content\/uploads\/2023\/01\/Schermata-2023-01-30-alle-09.02.28-768x512.jpg 768w, https:\/\/discovergallura.it\/wp-content\/uploads\/2023\/01\/Schermata-2023-01-30-alle-09.02.28-700x466.jpg 700w\" sizes=\"auto, (max-width: 1135px) 100vw, 1135px\" \/>\t\t\t\t\t<span class=\"aig-gallery-hover\">\n\t\t\t\t\t\t\t\t\t\t\t<\/span>\n\t\t\t\t\t\t\t<\/div>\n\t\t\t\t\t\t\t\t<div class=\"qode-aig-image\">\n\t\t\t\t\t\t\t\t\t<img loading=\"lazy\" decoding=\"async\" width=\"615\" height=\"391\" src=\"https:\/\/discovergallura.it\/wp-content\/uploads\/2023\/01\/Schermata-2023-01-30-alle-09.02.01.jpg\" class=\"attachment-full size-full\" alt=\"\" srcset=\"https:\/\/discovergallura.it\/wp-content\/uploads\/2023\/01\/Schermata-2023-01-30-alle-09.02.01.jpg 615w, https:\/\/discovergallura.it\/wp-content\/uploads\/2023\/01\/Schermata-2023-01-30-alle-09.02.01-300x191.jpg 300w\" sizes=\"auto, (max-width: 615px) 100vw, 615px\" \/>\t\t\t\t\t<span class=\"aig-gallery-hover\">\n\t\t\t\t\t\t\t\t\t\t\t<\/span>\n\t\t\t\t\t\t\t<\/div>\n\t\t\t\t\t\t<\/div>\n<\/div>[\/vc_column][\/vc_row]<\/p>\n<\/div>","protected":false},"excerpt":{"rendered":"<p>[vc_row css_animation=&#8220;&#8220; row_type=&#8220;row&#8220; use_row_as_full_screen_section=&#8220;no&#8220; type=&#8220;grid&#8220; angled_section=&#8220;no&#8220; text_align=&#8220;left&#8220; background_image_as_pattern=&#8220;without_pattern&#8220; z_index=&#8220;&#8220;][vc_column css=&#8220;.vc_custom_1674214152573{margin-top: 80px !important;}&#8220;][vc_row_inner row_type=&#8220;row&#8220; type=&#8220;full_width&#8220; text_align=&#8220;left&#8220; css_animation=&#8220;&#8220;][vc_column_inner width=&#8220;2\/3&#8243; css=&#8220;.vc_custom_1674212921568{margin-bottom: 110px !important;}&#8220;][vc_separator type=&#8220;small&#8220; position=&#8220;left&#8220; color=&#8220;#3390b9&#8243; thickness=&#8220;4&#8243; width=&#8220;50&#8243;][\/vc_column_inner][vc_column_inner width=&#8220;1\/3&#8243;][\/vc_column_inner][\/vc_row_inner][vc_row_inner row_type=&#8220;row&#8220; type=&#8220;full_width&#8220; text_align=&#8220;left&#8220; css_animation=&#8220;&#8220;][vc_column_inner width=&#8220;1\/2&#8243;][vc_single_image image=&#8220;1858&#8243; img_size=&#8220;full&#8220; qode_css_animation=&#8220;&#8220;][vc_empty_space][\/vc_column_inner][vc_column_inner width=&#8220;1\/2&#8243; css=&#8220;.vc_custom_1674212910857{margin-bottom: 80px !important;}&#8220;][vc_column_text] Die Korkeiche, das Wahrzeichen der Gallura, ist&#8230;<\/p>\n","protected":false},"author":1,"featured_media":8822,"parent":10646,"menu_order":0,"comment_status":"closed","ping_status":"closed","template":"full_width.php","meta":{"inline_featured_image":false,"footnotes":""},"class_list":["post-10437","page","type-page","status-publish","has-post-thumbnail","hentry"],"_links":{"self":[{"href":"https:\/\/discovergallura.it\/de\/wp-json\/wp\/v2\/pages\/10437","targetHints":{"allow":["GET"]}}],"collection":[{"href":"https:\/\/discovergallura.it\/de\/wp-json\/wp\/v2\/pages"}],"about":[{"href":"https:\/\/discovergallura.it\/de\/wp-json\/wp\/v2\/types\/page"}],"author":[{"embeddable":true,"href":"https:\/\/discovergallura.it\/de\/wp-json\/wp\/v2\/users\/1"}],"replies":[{"embeddable":true,"href":"https:\/\/discovergallura.it\/de\/wp-json\/wp\/v2\/comments?post=10437"}],"version-history":[{"count":3,"href":"https:\/\/discovergallura.it\/de\/wp-json\/wp\/v2\/pages\/10437\/revisions"}],"predecessor-version":[{"id":10440,"href":"https:\/\/discovergallura.it\/de\/wp-json\/wp\/v2\/pages\/10437\/revisions\/10440"}],"up":[{"embeddable":true,"href":"https:\/\/discovergallura.it\/de\/wp-json\/wp\/v2\/pages\/10646"}],"wp:featuredmedia":[{"embeddable":true,"href":"https:\/\/discovergallura.it\/de\/wp-json\/wp\/v2\/media\/8822"}],"wp:attachment":[{"href":"https:\/\/discovergallura.it\/de\/wp-json\/wp\/v2\/media?parent=10437"}],"curies":[{"name":"wp","href":"https:\/\/api.w.org\/{rel}","templated":true}]}}