{"id":10445,"date":"2023-01-26T09:15:48","date_gmt":"2023-01-26T08:15:48","guid":{"rendered":"https:\/\/discovergallura.it\/lavorazione-filigrana\/"},"modified":"2023-04-17T11:36:36","modified_gmt":"2023-04-17T09:36:36","slug":"lavorazione-filigrana","status":"publish","type":"page","link":"https:\/\/discovergallura.it\/de\/artigianato-e-tradizioni\/lavorazione-filigrana\/","title":{"rendered":"Filigranschmuck"},"content":{"rendered":"<div class=\"wpb-content-wrapper\"><p>[vc_row css_animation=&#8220;&#8220; row_type=&#8220;row&#8220; use_row_as_full_screen_section=&#8220;no&#8220; type=&#8220;grid&#8220; angled_section=&#8220;no&#8220; text_align=&#8220;left&#8220; background_image_as_pattern=&#8220;without_pattern&#8220; z_index=&#8220;&#8220;][vc_column css=&#8220;.vc_custom_1674214152573{margin-top: 80px !important;}&#8220;][vc_row_inner row_type=&#8220;row&#8220; type=&#8220;full_width&#8220; text_align=&#8220;left&#8220; css_animation=&#8220;&#8220;][vc_column_inner width=&#8220;1\/2&#8243; css=&#8220;.vc_custom_1674212921568{margin-bottom: 110px !important;}&#8220;][vc_separator type=&#8220;small&#8220; position=&#8220;left&#8220; color=&#8220;#3390b9&#8243; thickness=&#8220;4&#8243; width=&#8220;50&#8243;]<div class=\"custom_font_holder \" style=\"font-family: red hat display; font-style: normal; font-weight: 800; color: #3390b9; text-decoration: none; text-align: left; --qode-cf-font-size: 38px; --qode-cf-line-height: 39px; --qode-cf-font-size-1440: 38px; --qode-cf-line-height-1440: 39px; --qode-cf-font-size-1366: 38px; --qode-cf-line-height-1366: 39px; --qode-cf-font-size-1280: 38px; --qode-cf-line-height-1280: 39px; --qode-cf-font-size-1024: 38px; --qode-cf-line-height-1024: 39px; --qode-cf-font-size-768: 38px; --qode-cf-line-height-768: 39px; --qode-cf-font-size-680: 38px; --qode-cf-line-height-680: 39px; --qode-cf-font-size-480: 38px; --qode-cf-line-height-480: 39px;\">FILIGRANSCHMUCK<\/div>[\/vc_column_inner][vc_column_inner width=&#8220;1\/2&#8243;][\/vc_column_inner][\/vc_row_inner][vc_row_inner row_type=&#8220;row&#8220; type=&#8220;full_width&#8220; text_align=&#8220;left&#8220; css_animation=&#8220;&#8220;][vc_column_inner width=&#8220;1\/2&#8243;][vc_single_image image=&#8220;2209&#8243; img_size=&#8220;full&#8220; qode_css_animation=&#8220;&#8220;][vc_empty_space][\/vc_column_inner][vc_column_inner width=&#8220;1\/2&#8243; css=&#8220;.vc_custom_1674212910857{margin-bottom: 80px !important;}&#8220;][vc_column_text]<\/p>\n<p style=\"text-align: justify;\">Der <strong>Filigranschmuck<\/strong>, dessen Urspr\u00fcnge auf die ph\u00f6nizische Zeit zur\u00fcckgehen, erlangte im 18. Jahrhundert gro\u00dfe Bedeutung: Zun\u00e4chst wurde er zur Verzierung der aristokratischen Gew\u00e4nder verwendet, sp\u00e4ter auch f\u00fcr die traditionellen Kleidungsst\u00fccke der weniger wohlhabenden Bev\u00f6lkerung. Mit Hilfe der Filigrantechnik, die das Herzst\u00fcck der sardischen Goldschmiedetradition ist, werden verschiedene Schmuckst\u00fccke hergestellt, von denen jedes eine bestimmte Bedeutung hat: Das traditionellste ist der typische <strong>Bottone Sardo<\/strong>, ein Filigrananh\u00e4nger aus Gold.<\/p>\n<p>[\/vc_column_text][\/vc_column_inner][\/vc_row_inner][\/vc_column][\/vc_row][vc_row css_animation=&#8220;&#8220; row_type=&#8220;row&#8220; use_row_as_full_screen_section=&#8220;no&#8220; type=&#8220;grid&#8220; angled_section=&#8220;no&#8220; text_align=&#8220;left&#8220; background_image_as_pattern=&#8220;without_pattern&#8220; z_index=&#8220;&#8220;][vc_column width=&#8220;1\/6&#8243;][\/vc_column][vc_column width=&#8220;2\/3&#8243; css=&#8220;.vc_custom_1674141388895{margin-top: 80px !important;}&#8220; offset=&#8220;vc_hidden-sm vc_hidden-xs&#8220;]<div class=\"custom_font_holder \" style=\"font-family: EB garamond; font-style: italic; font-weight: 500; text-decoration: none; text-align: left; --qode-cf-font-size: 24px; --qode-cf-line-height: 28px; --qode-cf-font-size-1440: 24px; --qode-cf-line-height-1440: 28px; --qode-cf-font-size-1366: 24px; --qode-cf-line-height-1366: 28px; --qode-cf-font-size-1280: 24px; --qode-cf-line-height-1280: 28px; --qode-cf-font-size-1024: 24px; --qode-cf-line-height-1024: 28px; --qode-cf-font-size-768: 24px; --qode-cf-line-height-768: 28px; --qode-cf-font-size-680: 24px; --qode-cf-line-height-680: 28px; --qode-cf-font-size-480: 24px; --qode-cf-line-height-480: 28px;\">\n<p style=\"text-align: center;\"><span style=\"font-size: 24pt; line-height: 110%;\">Holzbearbeitung und Filigranschmuck sind traditionelle Kunsthandwerke der Gallura, aus denen sch\u00f6ne Gegenst\u00e4nde entstehen, die sich ideal als Souvenirs eignen.<\/span><\/p>\n<\/div>[\/vc_column][vc_column width=&#8220;1\/6&#8243;][\/vc_column][\/vc_row][vc_row css_animation=&#8220;&#8220; row_type=&#8220;row&#8220; use_row_as_full_screen_section=&#8220;no&#8220; type=&#8220;full_width&#8220; angled_section=&#8220;no&#8220; text_align=&#8220;left&#8220; background_image_as_pattern=&#8220;without_pattern&#8220; z_index=&#8220;&#8220;][vc_column css=&#8220;.vc_custom_1675695387109{margin-top: 80px !important;margin-bottom: 120px !important;}&#8220;]<div class=\"qode-advanced-image-gallery  qode-aig-slider-type qode-tiny-space   \">\n\t<div class=\"qode-aig-slider qode-owl-slider\" data-number-of-items=\"1\" data-enable-loop=\"yes\" data-enable-autoplay=\"yes\" data-slider-speed=\"5000\" data-slider-speed-animation=\"600\" data-slider-padding=\"yes\" data-enable-navigation=\"yes\" data-enable-pagination=\"yes\">\n\t\t\t\t\t<div class=\"qode-aig-image\">\n\t\t\t\t\t\t\t\t\t<img loading=\"lazy\" decoding=\"async\" width=\"1043\" height=\"768\" src=\"https:\/\/discovergallura.it\/wp-content\/uploads\/2023\/01\/lavorazione_legno-2.jpg\" class=\"attachment-full size-full\" alt=\"\" srcset=\"https:\/\/discovergallura.it\/wp-content\/uploads\/2023\/01\/lavorazione_legno-2.jpg 1043w, https:\/\/discovergallura.it\/wp-content\/uploads\/2023\/01\/lavorazione_legno-2-300x221.jpg 300w, https:\/\/discovergallura.it\/wp-content\/uploads\/2023\/01\/lavorazione_legno-2-1024x754.jpg 1024w, https:\/\/discovergallura.it\/wp-content\/uploads\/2023\/01\/lavorazione_legno-2-768x566.jpg 768w, https:\/\/discovergallura.it\/wp-content\/uploads\/2023\/01\/lavorazione_legno-2-700x515.jpg 700w\" sizes=\"auto, (max-width: 1043px) 100vw, 1043px\" \/>\t\t\t\t\t<span class=\"aig-gallery-hover\">\n\t\t\t\t\t\t\t\t\t\t\t<\/span>\n\t\t\t\t\t\t\t<\/div>\n\t\t\t\t\t\t\t\t<div class=\"qode-aig-image\">\n\t\t\t\t\t\t\t\t\t<img loading=\"lazy\" decoding=\"async\" width=\"1440\" height=\"1077\" src=\"https:\/\/discovergallura.it\/wp-content\/uploads\/2023\/01\/309476462_532933315500217_778511101296220607_n.jpeg\" class=\"attachment-full size-full\" alt=\"\" srcset=\"https:\/\/discovergallura.it\/wp-content\/uploads\/2023\/01\/309476462_532933315500217_778511101296220607_n.jpeg 1440w, https:\/\/discovergallura.it\/wp-content\/uploads\/2023\/01\/309476462_532933315500217_778511101296220607_n-300x224.jpeg 300w, https:\/\/discovergallura.it\/wp-content\/uploads\/2023\/01\/309476462_532933315500217_778511101296220607_n-1024x766.jpeg 1024w, https:\/\/discovergallura.it\/wp-content\/uploads\/2023\/01\/309476462_532933315500217_778511101296220607_n-768x574.jpeg 768w, https:\/\/discovergallura.it\/wp-content\/uploads\/2023\/01\/309476462_532933315500217_778511101296220607_n-700x524.jpeg 700w\" sizes=\"auto, (max-width: 1440px) 100vw, 1440px\" \/>\t\t\t\t\t<span class=\"aig-gallery-hover\">\n\t\t\t\t\t\t\t\t\t\t\t<\/span>\n\t\t\t\t\t\t\t<\/div>\n\t\t\t\t\t\t\t\t<div class=\"qode-aig-image\">\n\t\t\t\t\t\t\t\t\t<img loading=\"lazy\" decoding=\"async\" width=\"1152\" height=\"768\" src=\"https:\/\/discovergallura.it\/wp-content\/uploads\/2023\/01\/lavorazione_legno-4.jpg\" class=\"attachment-full size-full\" alt=\"\" srcset=\"https:\/\/discovergallura.it\/wp-content\/uploads\/2023\/01\/lavorazione_legno-4.jpg 1152w, https:\/\/discovergallura.it\/wp-content\/uploads\/2023\/01\/lavorazione_legno-4-300x200.jpg 300w, https:\/\/discovergallura.it\/wp-content\/uploads\/2023\/01\/lavorazione_legno-4-1024x683.jpg 1024w, https:\/\/discovergallura.it\/wp-content\/uploads\/2023\/01\/lavorazione_legno-4-768x512.jpg 768w, https:\/\/discovergallura.it\/wp-content\/uploads\/2023\/01\/lavorazione_legno-4-700x467.jpg 700w\" sizes=\"auto, (max-width: 1152px) 100vw, 1152px\" \/>\t\t\t\t\t<span class=\"aig-gallery-hover\">\n\t\t\t\t\t\t\t\t\t\t\t<\/span>\n\t\t\t\t\t\t\t<\/div>\n\t\t\t\t\t\t\t\t<div class=\"qode-aig-image\">\n\t\t\t\t\t\t\t\t\t<img loading=\"lazy\" decoding=\"async\" width=\"1440\" height=\"1440\" src=\"https:\/\/discovergallura.it\/wp-content\/uploads\/2023\/01\/318315921_591247979668750_1883518678046071261_n.jpeg\" class=\"attachment-full size-full\" alt=\"\" srcset=\"https:\/\/discovergallura.it\/wp-content\/uploads\/2023\/01\/318315921_591247979668750_1883518678046071261_n.jpeg 1440w, https:\/\/discovergallura.it\/wp-content\/uploads\/2023\/01\/318315921_591247979668750_1883518678046071261_n-300x300.jpeg 300w, https:\/\/discovergallura.it\/wp-content\/uploads\/2023\/01\/318315921_591247979668750_1883518678046071261_n-1024x1024.jpeg 1024w, https:\/\/discovergallura.it\/wp-content\/uploads\/2023\/01\/318315921_591247979668750_1883518678046071261_n-150x150.jpeg 150w, https:\/\/discovergallura.it\/wp-content\/uploads\/2023\/01\/318315921_591247979668750_1883518678046071261_n-768x768.jpeg 768w, https:\/\/discovergallura.it\/wp-content\/uploads\/2023\/01\/318315921_591247979668750_1883518678046071261_n-570x570.jpeg 570w, https:\/\/discovergallura.it\/wp-content\/uploads\/2023\/01\/318315921_591247979668750_1883518678046071261_n-500x500.jpeg 500w, https:\/\/discovergallura.it\/wp-content\/uploads\/2023\/01\/318315921_591247979668750_1883518678046071261_n-1000x1000.jpeg 1000w, https:\/\/discovergallura.it\/wp-content\/uploads\/2023\/01\/318315921_591247979668750_1883518678046071261_n-700x700.jpeg 700w, https:\/\/discovergallura.it\/wp-content\/uploads\/2023\/01\/318315921_591247979668750_1883518678046071261_n-650x650.jpeg 650w, https:\/\/discovergallura.it\/wp-content\/uploads\/2023\/01\/318315921_591247979668750_1883518678046071261_n-1300x1300.jpeg 1300w\" sizes=\"auto, (max-width: 1440px) 100vw, 1440px\" \/>\t\t\t\t\t<span class=\"aig-gallery-hover\">\n\t\t\t\t\t\t\t\t\t\t\t<\/span>\n\t\t\t\t\t\t\t<\/div>\n\t\t\t\t\t\t\t\t<div class=\"qode-aig-image\">\n\t\t\t\t\t\t\t\t\t<img loading=\"lazy\" decoding=\"async\" width=\"1152\" height=\"768\" src=\"https:\/\/discovergallura.it\/wp-content\/uploads\/2023\/01\/lavorazione_legno.jpg\" class=\"attachment-full size-full\" alt=\"\" srcset=\"https:\/\/discovergallura.it\/wp-content\/uploads\/2023\/01\/lavorazione_legno.jpg 1152w, https:\/\/discovergallura.it\/wp-content\/uploads\/2023\/01\/lavorazione_legno-300x200.jpg 300w, https:\/\/discovergallura.it\/wp-content\/uploads\/2023\/01\/lavorazione_legno-1024x683.jpg 1024w, https:\/\/discovergallura.it\/wp-content\/uploads\/2023\/01\/lavorazione_legno-768x512.jpg 768w, https:\/\/discovergallura.it\/wp-content\/uploads\/2023\/01\/lavorazione_legno-700x467.jpg 700w\" sizes=\"auto, (max-width: 1152px) 100vw, 1152px\" \/>\t\t\t\t\t<span class=\"aig-gallery-hover\">\n\t\t\t\t\t\t\t\t\t\t\t<\/span>\n\t\t\t\t\t\t\t<\/div>\n\t\t\t\t\t\t\t\t<div class=\"qode-aig-image\">\n\t\t\t\t\t\t\t\t\t<img loading=\"lazy\" decoding=\"async\" width=\"960\" height=\"640\" src=\"https:\/\/discovergallura.it\/wp-content\/uploads\/2023\/01\/shutterstock_1157037052-1.jpg\" class=\"attachment-full size-full\" alt=\"\" srcset=\"https:\/\/discovergallura.it\/wp-content\/uploads\/2023\/01\/shutterstock_1157037052-1.jpg 960w, https:\/\/discovergallura.it\/wp-content\/uploads\/2023\/01\/shutterstock_1157037052-1-300x200.jpg 300w, https:\/\/discovergallura.it\/wp-content\/uploads\/2023\/01\/shutterstock_1157037052-1-768x512.jpg 768w, https:\/\/discovergallura.it\/wp-content\/uploads\/2023\/01\/shutterstock_1157037052-1-700x467.jpg 700w\" sizes=\"auto, (max-width: 960px) 100vw, 960px\" \/>\t\t\t\t\t<span class=\"aig-gallery-hover\">\n\t\t\t\t\t\t\t\t\t\t\t<\/span>\n\t\t\t\t\t\t\t<\/div>\n\t\t\t\t\t\t\t\t<div class=\"qode-aig-image\">\n\t\t\t\t\t\t\t\t\t<img loading=\"lazy\" decoding=\"async\" width=\"1440\" height=\"1414\" src=\"https:\/\/discovergallura.it\/wp-content\/uploads\/2023\/01\/315235802_571730754953806_5687366955331486822_n.jpeg\" class=\"attachment-full size-full\" alt=\"\" srcset=\"https:\/\/discovergallura.it\/wp-content\/uploads\/2023\/01\/315235802_571730754953806_5687366955331486822_n.jpeg 1440w, https:\/\/discovergallura.it\/wp-content\/uploads\/2023\/01\/315235802_571730754953806_5687366955331486822_n-300x295.jpeg 300w, https:\/\/discovergallura.it\/wp-content\/uploads\/2023\/01\/315235802_571730754953806_5687366955331486822_n-1024x1006.jpeg 1024w, https:\/\/discovergallura.it\/wp-content\/uploads\/2023\/01\/315235802_571730754953806_5687366955331486822_n-768x754.jpeg 768w, https:\/\/discovergallura.it\/wp-content\/uploads\/2023\/01\/315235802_571730754953806_5687366955331486822_n-700x687.jpeg 700w\" sizes=\"auto, (max-width: 1440px) 100vw, 1440px\" \/>\t\t\t\t\t<span class=\"aig-gallery-hover\">\n\t\t\t\t\t\t\t\t\t\t\t<\/span>\n\t\t\t\t\t\t\t<\/div>\n\t\t\t\t\t\t<\/div>\n<\/div>[\/vc_column][\/vc_row]<\/p>\n<\/div>","protected":false},"excerpt":{"rendered":"<p>[vc_row css_animation=&#8220;&#8220; row_type=&#8220;row&#8220; use_row_as_full_screen_section=&#8220;no&#8220; type=&#8220;grid&#8220; angled_section=&#8220;no&#8220; text_align=&#8220;left&#8220; background_image_as_pattern=&#8220;without_pattern&#8220; z_index=&#8220;&#8220;][vc_column css=&#8220;.vc_custom_1674214152573{margin-top: 80px !important;}&#8220;][vc_row_inner row_type=&#8220;row&#8220; type=&#8220;full_width&#8220; text_align=&#8220;left&#8220; css_animation=&#8220;&#8220;][vc_column_inner width=&#8220;1\/2&#8243; css=&#8220;.vc_custom_1674212921568{margin-bottom: 110px !important;}&#8220;][vc_separator type=&#8220;small&#8220; position=&#8220;left&#8220; color=&#8220;#3390b9&#8243; thickness=&#8220;4&#8243; width=&#8220;50&#8243;][\/vc_column_inner][vc_column_inner width=&#8220;1\/2&#8243;][\/vc_column_inner][\/vc_row_inner][vc_row_inner row_type=&#8220;row&#8220; type=&#8220;full_width&#8220; text_align=&#8220;left&#8220; css_animation=&#8220;&#8220;][vc_column_inner width=&#8220;1\/2&#8243;][vc_single_image image=&#8220;2209&#8243; img_size=&#8220;full&#8220; qode_css_animation=&#8220;&#8220;][vc_empty_space][\/vc_column_inner][vc_column_inner width=&#8220;1\/2&#8243; css=&#8220;.vc_custom_1674212910857{margin-bottom: 80px !important;}&#8220;][vc_column_text] Der Filigranschmuck, dessen Urspr\u00fcnge auf die ph\u00f6nizische&#8230;<\/p>\n","protected":false},"author":1,"featured_media":8910,"parent":10646,"menu_order":0,"comment_status":"closed","ping_status":"closed","template":"full_width.php","meta":{"inline_featured_image":false,"footnotes":""},"class_list":["post-10445","page","type-page","status-publish","has-post-thumbnail","hentry"],"_links":{"self":[{"href":"https:\/\/discovergallura.it\/de\/wp-json\/wp\/v2\/pages\/10445","targetHints":{"allow":["GET"]}}],"collection":[{"href":"https:\/\/discovergallura.it\/de\/wp-json\/wp\/v2\/pages"}],"about":[{"href":"https:\/\/discovergallura.it\/de\/wp-json\/wp\/v2\/types\/page"}],"author":[{"embeddable":true,"href":"https:\/\/discovergallura.it\/de\/wp-json\/wp\/v2\/users\/1"}],"replies":[{"embeddable":true,"href":"https:\/\/discovergallura.it\/de\/wp-json\/wp\/v2\/comments?post=10445"}],"version-history":[{"count":3,"href":"https:\/\/discovergallura.it\/de\/wp-json\/wp\/v2\/pages\/10445\/revisions"}],"predecessor-version":[{"id":10448,"href":"https:\/\/discovergallura.it\/de\/wp-json\/wp\/v2\/pages\/10445\/revisions\/10448"}],"up":[{"embeddable":true,"href":"https:\/\/discovergallura.it\/de\/wp-json\/wp\/v2\/pages\/10646"}],"wp:featuredmedia":[{"embeddable":true,"href":"https:\/\/discovergallura.it\/de\/wp-json\/wp\/v2\/media\/8910"}],"wp:attachment":[{"href":"https:\/\/discovergallura.it\/de\/wp-json\/wp\/v2\/media?parent=10445"}],"curies":[{"name":"wp","href":"https:\/\/api.w.org\/{rel}","templated":true}]}}