{"id":10453,"date":"2023-01-25T10:06:05","date_gmt":"2023-01-25T09:06:05","guid":{"rendered":"https:\/\/discovergallura.it\/prodotti-tipici-e-piatti-tipici\/"},"modified":"2023-04-17T11:47:39","modified_gmt":"2023-04-17T09:47:39","slug":"prodotti-tipici-e-piatti-tipici","status":"publish","type":"page","link":"https:\/\/discovergallura.it\/de\/gastronomia\/prodotti-tipici-e-piatti-tipici\/","title":{"rendered":"Typische Produkte und Gerichte"},"content":{"rendered":"<div class=\"wpb-content-wrapper\"><p>[vc_row css_animation=&#8220;&#8220; row_type=&#8220;row&#8220; use_row_as_full_screen_section=&#8220;no&#8220; type=&#8220;grid&#8220; angled_section=&#8220;no&#8220; text_align=&#8220;left&#8220; background_image_as_pattern=&#8220;without_pattern&#8220; z_index=&#8220;&#8220;][vc_column css=&#8220;.vc_custom_1674214152573{margin-top: 80px !important;}&#8220;][vc_row_inner row_type=&#8220;row&#8220; type=&#8220;full_width&#8220; text_align=&#8220;left&#8220; css_animation=&#8220;&#8220;][vc_column_inner width=&#8220;1\/2&#8243; css=&#8220;.vc_custom_1674212921568{margin-bottom: 110px !important;}&#8220;][vc_separator type=&#8220;small&#8220; position=&#8220;left&#8220; color=&#8220;#3390b9&#8243; thickness=&#8220;4&#8243; width=&#8220;50&#8243;]<div class=\"custom_font_holder \" style=\"font-family: red hat display; font-style: normal; font-weight: 800; color: #3390b9; text-decoration: none; text-align: left; --qode-cf-font-size: 38px; --qode-cf-line-height: 39px; --qode-cf-font-size-1440: 38px; --qode-cf-line-height-1440: 39px; --qode-cf-font-size-1366: 38px; --qode-cf-line-height-1366: 39px; --qode-cf-font-size-1280: 38px; --qode-cf-line-height-1280: 39px; --qode-cf-font-size-1024: 38px; --qode-cf-line-height-1024: 39px; --qode-cf-font-size-768: 38px; --qode-cf-line-height-768: 39px; --qode-cf-font-size-680: 38px; --qode-cf-line-height-680: 39px; --qode-cf-font-size-480: 38px; --qode-cf-line-height-480: 39px;\">TYPISCHE PRODUKTE UND GERICHTE<\/div>[\/vc_column_inner][vc_column_inner width=&#8220;1\/2&#8243;][\/vc_column_inner][\/vc_row_inner][vc_row_inner row_type=&#8220;row&#8220; type=&#8220;full_width&#8220; text_align=&#8220;left&#8220; css_animation=&#8220;&#8220;][vc_column_inner width=&#8220;1\/2&#8243;][vc_single_image image=&#8220;1943&#8243; img_size=&#8220;full&#8220; qode_css_animation=&#8220;&#8220;][vc_empty_space][\/vc_column_inner][vc_column_inner width=&#8220;1\/2&#8243; css=&#8220;.vc_custom_1674212910857{margin-bottom: 80px !important;}&#8220;][vc_column_text]<\/p>\n<p style=\"text-align: justify;\">Die <strong>typischen Produkte<\/strong> der Gallura stammen aus der land- und viehwirtschaftlichen Tradition. Neben <a href=\"https:\/\/discovergallura.it\/gastronomia\/formaggi-e-salumi\/\">K\u00e4se und Wurstwaren<\/a> beg\u00fcnstigt die nat\u00fcrliche Umgebung die <strong>Herstellung von Honig<\/strong>, <strong>insbesondere von Distel<\/strong>&#8211; und Erdbeerbaumhonig (<strong>oder Bitterhonig<\/strong>): Ersterer ist charakteristischer und hat ein starkes Aroma, w\u00e4hrend letzterer sich durch seinen bitteren Geschmack und das typisch sardische Aroma auszeichnet.<br \/>\n<strong>Typische Gerichte<\/strong> sind <strong>Zuppa Gallurese<\/strong> (oder <em>Suppa Cu\u00e0ta<\/em>), ein schmackhaftes Gericht der Bauern, das es in verschiedenen Variationen gibt und mit altem <a href=\"https:\/\/discovergallura.it\/gastronomia\/dolci-e-pane\/\">Brot<\/a>, Fleischbr\u00fche und K\u00e4se zubereitet wird. Es gibt auch eine f\u00fcr das Gebiet des Monte Acuto typische Variante, die <strong>Zuppa Montina<\/strong>, bei der in Scheiben geschnittener Kuhmilchk\u00e4se, geriebener Schafsk\u00e4se und Schafsbr\u00fche verwendet werden. Sehr schmackhaft sind auch die <strong><em>Chiusoni<\/em> Galluresi<\/strong>, zylinderf\u00f6rmige Gnocchi mit unregelm\u00e4\u00dfiger Oberfl\u00e4che, die in der Regel mit Tomatenso\u00dfe, Schafsk\u00e4se und Schweinehackfleisch serviert werden; kurios sind die <em><strong>Bruglioni<\/strong><\/em> oder <strong><em>Puligioni<\/em><\/strong>, Ravioli aus Frischteig, die mit Ricotta-K\u00e4se und &#8211; nach traditionellem Rezept &#8211; mit Zucker gef\u00fcllt sind. Zu den Fleischspezialit\u00e4ten geh\u00f6ren Cordula, im <strong><em>Darm gewickelte Lamminnereien<\/em><\/strong> mit einem sehr intensiven Geschmack; <strong>geschmortes Zicklein,<\/strong>das mit seiner Zartheit und seinem kr\u00e4ftigen Geschmack den Gaumen derjenigen erobert, die dieses Fleisch sch\u00e4tzen; <em>Lu Pulceddu,<\/em>das gebratene Spanferkel, <strong>der Inbegriff der sardischen kulinarischen<\/strong>Tradition und besonders beliebt wegen des Kontrasts zwischen seinem weichen Fleisch und der knusprigen Kruste; gebratenes oder gebackenes Lamm, gew\u00fcrzt mit mediterranen Kr\u00e4utern;<strong>und schlie\u00dflich Wild,<\/strong>darunter Wildschwein in s\u00fc\u00dfsaurer So\u00dfe, Hase und Rebhuhn. <strong>Ebenfalls<\/strong>empfehlenswert sind die <strong><em>Panadas<\/em> von Oschiri<\/strong>, im Ofen gebackene Teigtaschen, die traditionell mit Aal oder zerkleinertem Schweinefleisch gef\u00fcllt werden: Diesem Gericht ist sogar ein Fest gewidmet.<br \/>\nEin weiteres typisches Gericht sind die <strong><em>Maccarones de manu nostra<\/em><\/strong>, traditionelle handgemachte Gnocchetti, die mit So\u00dfe und geriebenem K\u00e4se serviert werden.<\/p>\n<p>[\/vc_column_text][\/vc_column_inner][\/vc_row_inner][\/vc_column][\/vc_row][vc_row css_animation=&#8220;&#8220; row_type=&#8220;row&#8220; use_row_as_full_screen_section=&#8220;no&#8220; type=&#8220;grid&#8220; angled_section=&#8220;no&#8220; text_align=&#8220;left&#8220; background_image_as_pattern=&#8220;without_pattern&#8220; z_index=&#8220;&#8220;][vc_column width=&#8220;1\/6&#8243;][\/vc_column][vc_column width=&#8220;2\/3&#8243; css=&#8220;.vc_custom_1674141388895{margin-top: 80px !important;}&#8220; offset=&#8220;vc_hidden-sm vc_hidden-xs&#8220;]<div class=\"custom_font_holder \" style=\"font-family: EB garamond; font-style: italic; font-weight: 500; text-decoration: none; text-align: left; --qode-cf-font-size: 24px; --qode-cf-line-height: 28px; --qode-cf-font-size-1440: 24px; --qode-cf-line-height-1440: 28px; --qode-cf-font-size-1366: 24px; --qode-cf-line-height-1366: 28px; --qode-cf-font-size-1280: 24px; --qode-cf-line-height-1280: 28px; --qode-cf-font-size-1024: 24px; --qode-cf-line-height-1024: 28px; --qode-cf-font-size-768: 24px; --qode-cf-line-height-768: 28px; --qode-cf-font-size-680: 24px; --qode-cf-line-height-680: 28px; --qode-cf-font-size-480: 24px; --qode-cf-line-height-480: 28px;\">\n<p style=\"text-align: center;\"><span style=\"font-size: 24pt; line-height: 110%;\">Die Gallura, ein Land mit unverwechselbaren Aromen, zeichnet sich durch die Authentizit\u00e4t ihrer typischen Produkte und die G\u00fcte ihrer traditionellen Gerichte aus.<\/span><\/p>\n<\/div>[\/vc_column][vc_column width=&#8220;1\/6&#8243;][\/vc_column][\/vc_row][vc_row css_animation=&#8220;&#8220; row_type=&#8220;row&#8220; use_row_as_full_screen_section=&#8220;no&#8220; type=&#8220;full_width&#8220; angled_section=&#8220;no&#8220; text_align=&#8220;left&#8220; background_image_as_pattern=&#8220;without_pattern&#8220; z_index=&#8220;&#8220;][vc_column css=&#8220;.vc_custom_1675695521808{margin-top: 80px !important;margin-bottom: 120px !important;}&#8220;]<div class=\"qode-advanced-image-gallery  qode-aig-slider-type qode-tiny-space   \">\n\t<div class=\"qode-aig-slider qode-owl-slider\" data-number-of-items=\"1\" data-enable-loop=\"yes\" data-enable-autoplay=\"yes\" data-slider-speed=\"5000\" data-slider-speed-animation=\"600\" data-slider-padding=\"yes\" data-enable-navigation=\"yes\" data-enable-pagination=\"yes\">\n\t\t\t\t\t<div class=\"qode-aig-image\">\n\t\t\t\t\t\t\t\t\t<img loading=\"lazy\" decoding=\"async\" src=\"https:\/\/discovergallura.it\/wp-content\/uploads\/2023\/01\/prodotti-tipici-1000x900.jpg\" alt=\"\" width=\"1000\" height=\"900\" \/>\t\t\t\t\t<span class=\"aig-gallery-hover\">\n\t\t\t\t\t\t\t\t\t\t\t<\/span>\n\t\t\t\t\t\t\t<\/div>\n\t\t\t\t\t\t\t\t<div class=\"qode-aig-image\">\n\t\t\t\t\t\t\t\t\t<img loading=\"lazy\" decoding=\"async\" src=\"https:\/\/discovergallura.it\/wp-content\/uploads\/2023\/01\/prodotti-tipici-4-1000x900.jpg\" alt=\"\" width=\"1000\" height=\"900\" \/>\t\t\t\t\t<span class=\"aig-gallery-hover\">\n\t\t\t\t\t\t\t\t\t\t\t<\/span>\n\t\t\t\t\t\t\t<\/div>\n\t\t\t\t\t\t\t\t<div class=\"qode-aig-image\">\n\t\t\t\t\t\t\t\t\t<img loading=\"lazy\" decoding=\"async\" src=\"https:\/\/discovergallura.it\/wp-content\/uploads\/2023\/01\/prodotti-tipici-3-1000x900.jpg\" alt=\"\" width=\"1000\" height=\"900\" \/>\t\t\t\t\t<span class=\"aig-gallery-hover\">\n\t\t\t\t\t\t\t\t\t\t\t<\/span>\n\t\t\t\t\t\t\t<\/div>\n\t\t\t\t\t\t\t\t<div class=\"qode-aig-image\">\n\t\t\t\t\t\t\t\t\t<img loading=\"lazy\" decoding=\"async\" src=\"https:\/\/discovergallura.it\/wp-content\/uploads\/2023\/01\/prodotti-tipici-2-1000x900.jpg\" alt=\"\" width=\"1000\" height=\"900\" \/>\t\t\t\t\t<span class=\"aig-gallery-hover\">\n\t\t\t\t\t\t\t\t\t\t\t<\/span>\n\t\t\t\t\t\t\t<\/div>\n\t\t\t\t\t\t\t\t<div class=\"qode-aig-image\">\n\t\t\t\t\t\t\t\t\t<img loading=\"lazy\" decoding=\"async\" src=\"https:\/\/discovergallura.it\/wp-content\/uploads\/2023\/01\/24-696x696-1-1000x900.jpeg\" alt=\"\" width=\"1000\" height=\"900\" \/>\t\t\t\t\t<span class=\"aig-gallery-hover\">\n\t\t\t\t\t\t\t\t\t\t\t<\/span>\n\t\t\t\t\t\t\t<\/div>\n\t\t\t\t\t\t\t\t<div class=\"qode-aig-image\">\n\t\t\t\t\t\t\t\t\t<img loading=\"lazy\" decoding=\"async\" src=\"https:\/\/discovergallura.it\/wp-content\/uploads\/2023\/01\/zuppa-gallurese-e1651436851802-1300x1198-1-1000x900.jpeg\" alt=\"\" width=\"1000\" height=\"900\" \/>\t\t\t\t\t<span class=\"aig-gallery-hover\">\n\t\t\t\t\t\t\t\t\t\t\t<\/span>\n\t\t\t\t\t\t\t<\/div>\n\t\t\t\t\t\t\t\t<div class=\"qode-aig-image\">\n\t\t\t\t\t\t\t\t\t<img loading=\"lazy\" decoding=\"async\" src=\"https:\/\/discovergallura.it\/wp-content\/uploads\/2023\/01\/Panadas-di-Oschiri-1000x900.jpeg\" alt=\"\" width=\"1000\" height=\"900\" \/>\t\t\t\t\t<span class=\"aig-gallery-hover\">\n\t\t\t\t\t\t\t\t\t\t\t<\/span>\n\t\t\t\t\t\t\t<\/div>\n\t\t\t\t\t\t<\/div>\n<\/div>[\/vc_column][\/vc_row]<\/p>\n<\/div>","protected":false},"excerpt":{"rendered":"<p>[vc_row css_animation=&#8220;&#8220; row_type=&#8220;row&#8220; use_row_as_full_screen_section=&#8220;no&#8220; type=&#8220;grid&#8220; angled_section=&#8220;no&#8220; text_align=&#8220;left&#8220; background_image_as_pattern=&#8220;without_pattern&#8220; z_index=&#8220;&#8220;][vc_column css=&#8220;.vc_custom_1674214152573{margin-top: 80px !important;}&#8220;][vc_row_inner row_type=&#8220;row&#8220; type=&#8220;full_width&#8220; text_align=&#8220;left&#8220; css_animation=&#8220;&#8220;][vc_column_inner width=&#8220;1\/2&#8243; css=&#8220;.vc_custom_1674212921568{margin-bottom: 110px !important;}&#8220;][vc_separator type=&#8220;small&#8220; position=&#8220;left&#8220; color=&#8220;#3390b9&#8243; thickness=&#8220;4&#8243; width=&#8220;50&#8243;][\/vc_column_inner][vc_column_inner width=&#8220;1\/2&#8243;][\/vc_column_inner][\/vc_row_inner][vc_row_inner row_type=&#8220;row&#8220; type=&#8220;full_width&#8220; text_align=&#8220;left&#8220; css_animation=&#8220;&#8220;][vc_column_inner width=&#8220;1\/2&#8243;][vc_single_image image=&#8220;1943&#8243; img_size=&#8220;full&#8220; qode_css_animation=&#8220;&#8220;][vc_empty_space][\/vc_column_inner][vc_column_inner width=&#8220;1\/2&#8243; css=&#8220;.vc_custom_1674212910857{margin-bottom: 80px !important;}&#8220;][vc_column_text] Die typischen Produkte der Gallura stammen aus&#8230;<\/p>\n","protected":false},"author":1,"featured_media":8844,"parent":10650,"menu_order":0,"comment_status":"closed","ping_status":"closed","template":"full_width.php","meta":{"inline_featured_image":false,"footnotes":""},"class_list":["post-10453","page","type-page","status-publish","has-post-thumbnail","hentry"],"_links":{"self":[{"href":"https:\/\/discovergallura.it\/de\/wp-json\/wp\/v2\/pages\/10453","targetHints":{"allow":["GET"]}}],"collection":[{"href":"https:\/\/discovergallura.it\/de\/wp-json\/wp\/v2\/pages"}],"about":[{"href":"https:\/\/discovergallura.it\/de\/wp-json\/wp\/v2\/types\/page"}],"author":[{"embeddable":true,"href":"https:\/\/discovergallura.it\/de\/wp-json\/wp\/v2\/users\/1"}],"replies":[{"embeddable":true,"href":"https:\/\/discovergallura.it\/de\/wp-json\/wp\/v2\/comments?post=10453"}],"version-history":[{"count":3,"href":"https:\/\/discovergallura.it\/de\/wp-json\/wp\/v2\/pages\/10453\/revisions"}],"predecessor-version":[{"id":10456,"href":"https:\/\/discovergallura.it\/de\/wp-json\/wp\/v2\/pages\/10453\/revisions\/10456"}],"up":[{"embeddable":true,"href":"https:\/\/discovergallura.it\/de\/wp-json\/wp\/v2\/pages\/10650"}],"wp:featuredmedia":[{"embeddable":true,"href":"https:\/\/discovergallura.it\/de\/wp-json\/wp\/v2\/media\/8844"}],"wp:attachment":[{"href":"https:\/\/discovergallura.it\/de\/wp-json\/wp\/v2\/media?parent=10453"}],"curies":[{"name":"wp","href":"https:\/\/api.w.org\/{rel}","templated":true}]}}