{"id":10490,"date":"2023-01-24T14:25:11","date_gmt":"2023-01-24T13:25:11","guid":{"rendered":"https:\/\/discovergallura.it\/ecoturismo\/avvistamento-di-cetacei\/"},"modified":"2023-04-17T14:33:43","modified_gmt":"2023-04-17T12:33:43","slug":"avvistamento-di-cetacei","status":"publish","type":"page","link":"https:\/\/discovergallura.it\/de\/ecoturismo\/avvistamento-di-cetacei\/","title":{"rendered":"Sichtungen von Walen und Delfinen"},"content":{"rendered":"<div class=\"wpb-content-wrapper\"><p>[vc_row css_animation=&#8220;&#8220; row_type=&#8220;row&#8220; use_row_as_full_screen_section=&#8220;no&#8220; type=&#8220;grid&#8220; angled_section=&#8220;no&#8220; text_align=&#8220;left&#8220; background_image_as_pattern=&#8220;without_pattern&#8220; z_index=&#8220;&#8220;][vc_column css=&#8220;.vc_custom_1674214152573{margin-top: 80px !important;}&#8220;][vc_row_inner row_type=&#8220;row&#8220; type=&#8220;full_width&#8220; text_align=&#8220;left&#8220; css_animation=&#8220;&#8220;][vc_column_inner width=&#8220;1\/2&#8243; css=&#8220;.vc_custom_1674212921568{margin-bottom: 110px !important;}&#8220;][vc_separator type=&#8220;small&#8220; position=&#8220;left&#8220; color=&#8220;#3390b9&#8243; thickness=&#8220;4&#8243; width=&#8220;50&#8243;]<div class=\"custom_font_holder \" style=\"font-family: red hat display; font-style: normal; font-weight: 800; color: #3390b9; text-decoration: none; text-align: left; --qode-cf-font-size: 38px; --qode-cf-line-height: 39px; --qode-cf-font-size-1440: 38px; --qode-cf-line-height-1440: 39px; --qode-cf-font-size-1366: 38px; --qode-cf-line-height-1366: 39px; --qode-cf-font-size-1280: 38px; --qode-cf-line-height-1280: 39px; --qode-cf-font-size-1024: 38px; --qode-cf-line-height-1024: 39px; --qode-cf-font-size-768: 38px; --qode-cf-line-height-768: 39px; --qode-cf-font-size-680: 38px; --qode-cf-line-height-680: 39px; --qode-cf-font-size-480: 38px; --qode-cf-line-height-480: 39px;\">SICHTUNGEN VON WALEN UND DELFINEN<\/div>[\/vc_column_inner][vc_column_inner width=&#8220;1\/2&#8243;][\/vc_column_inner][\/vc_row_inner][vc_row_inner row_type=&#8220;row&#8220; type=&#8220;full_width&#8220; text_align=&#8220;left&#8220; css_animation=&#8220;&#8220;][vc_column_inner width=&#8220;1\/2&#8243;][vc_single_image image=&#8220;1677&#8243; img_size=&#8220;full&#8220; qode_css_animation=&#8220;&#8220;][vc_empty_space][\/vc_column_inner][vc_column_inner width=&#8220;1\/2&#8243; css=&#8220;.vc_custom_1674212910857{margin-bottom: 80px !important;}&#8220;][vc_column_text]<\/p>\n<p style=\"text-align: justify;\">Das Gebiet der Gallura ist die Heimat mehrerer <strong>Wal- und Delfinarten<\/strong> und bietet daher die M\u00f6glichkeit, diese riesigen Tiere zu beobachten und ein aufregendes Erlebnis mitzunehmen.<br \/>\nEs werden mehrere organisierte Touren angeboten, auf denen die Besucher dieses aufregende Abenteuer an Bord von Booten erleben k\u00f6nnen. Zu den besten Stellen f\u00fcr <strong>Sichtungen<\/strong> geh\u00f6ren der <a href=\"https:\/\/discovergallura.it\/de\/la-maddalena\/\">Maddalena<\/a>-Archipel (bekannt f\u00fcr die ber\u00fchmte <strong>Caprera-Schlucht<\/strong>), <a href=\"https:\/\/discovergallura.it\/de\/golfo-aranci\/\">Golfo Aranci<\/a>, <a href=\"https:\/\/discovergallura.it\/de\/santa-teresa-di-gallura-2\/\">Santa Teresa Gallura<\/a> und <a href=\"https:\/\/discovergallura.it\/de\/isola-di-tavolara\/\">Tavolara<\/a>: Letztere ist ber\u00fchmt f\u00fcr die Sichtung eines Albino-Pottwals, der in Anlehnung an den gleichnamigen Roman den Spitznamen Moby Dick tr\u00e4gt.<br \/>\nZu den Arten, die gesichtet werden k\u00f6nnen, geh\u00f6ren Zwergwale, Pottwale, Rundkopfdelfine, Gro\u00dfe T\u00fcmmler, Fleckendelfine, Schnabelwale sowie Sonnenfische, Schildkr\u00f6ten und Thunfische.<\/p>\n<p>[\/vc_column_text][\/vc_column_inner][\/vc_row_inner][\/vc_column][\/vc_row][vc_row css_animation=&#8220;&#8220; row_type=&#8220;row&#8220; use_row_as_full_screen_section=&#8220;no&#8220; type=&#8220;grid&#8220; angled_section=&#8220;no&#8220; text_align=&#8220;left&#8220; background_image_as_pattern=&#8220;without_pattern&#8220; z_index=&#8220;&#8220;][vc_column width=&#8220;1\/6&#8243;][\/vc_column][vc_column width=&#8220;2\/3&#8243; css=&#8220;.vc_custom_1674141388895{margin-top: 80px !important;}&#8220; offset=&#8220;vc_hidden-sm vc_hidden-xs&#8220;]<div class=\"custom_font_holder \" style=\"font-family: EB garamond; font-style: italic; font-weight: 500; text-decoration: none; text-align: left; --qode-cf-font-size: 24px; --qode-cf-line-height: 28px; --qode-cf-font-size-1440: 24px; --qode-cf-line-height-1440: 28px; --qode-cf-font-size-1366: 24px; --qode-cf-line-height-1366: 28px; --qode-cf-font-size-1280: 24px; --qode-cf-line-height-1280: 28px; --qode-cf-font-size-1024: 24px; --qode-cf-line-height-1024: 28px; --qode-cf-font-size-768: 24px; --qode-cf-line-height-768: 28px; --qode-cf-font-size-680: 24px; --qode-cf-line-height-680: 28px; --qode-cf-font-size-480: 24px; --qode-cf-line-height-480: 28px;\">\n<p style=\"text-align: center;\"><span style=\"font-size: 24pt; line-height: 110%;\">Die Sichtung von Walen und Delfinen ist eines der spektakul\u00e4rsten Erlebnisse eines Urlaubs in der Gallura.<\/span><\/p>\n<\/div>[\/vc_column][vc_column width=&#8220;1\/6&#8243;][\/vc_column][\/vc_row][vc_row css_animation=&#8220;&#8220; row_type=&#8220;row&#8220; use_row_as_full_screen_section=&#8220;no&#8220; type=&#8220;full_width&#8220; angled_section=&#8220;no&#8220; text_align=&#8220;left&#8220; background_image_as_pattern=&#8220;without_pattern&#8220; z_index=&#8220;&#8220;][vc_column css=&#8220;.vc_custom_1675697281241{margin-top: 80px !important;margin-bottom: 120px !important;}&#8220;]<div class=\"qode-advanced-image-gallery  qode-aig-slider-type qode-tiny-space   \">\n\t<div class=\"qode-aig-slider qode-owl-slider\" data-number-of-items=\"1\" data-enable-loop=\"yes\" data-enable-autoplay=\"yes\" data-slider-speed=\"5000\" data-slider-speed-animation=\"600\" data-slider-padding=\"yes\" data-enable-navigation=\"yes\" data-enable-pagination=\"yes\">\n\t\t\t\t\t<div class=\"qode-aig-image\">\n\t\t\t\t\t\t\t\t\t<img loading=\"lazy\" decoding=\"async\" width=\"1692\" height=\"1128\" src=\"https:\/\/discovergallura.it\/wp-content\/uploads\/2023\/01\/shutterstock_2073991061.jpg\" class=\"attachment-full size-full\" alt=\"\" srcset=\"https:\/\/discovergallura.it\/wp-content\/uploads\/2023\/01\/shutterstock_2073991061.jpg 1692w, https:\/\/discovergallura.it\/wp-content\/uploads\/2023\/01\/shutterstock_2073991061-300x200.jpg 300w, https:\/\/discovergallura.it\/wp-content\/uploads\/2023\/01\/shutterstock_2073991061-1024x683.jpg 1024w, https:\/\/discovergallura.it\/wp-content\/uploads\/2023\/01\/shutterstock_2073991061-768x512.jpg 768w, https:\/\/discovergallura.it\/wp-content\/uploads\/2023\/01\/shutterstock_2073991061-1536x1024.jpg 1536w, https:\/\/discovergallura.it\/wp-content\/uploads\/2023\/01\/shutterstock_2073991061-700x467.jpg 700w\" sizes=\"auto, (max-width: 1692px) 100vw, 1692px\" \/>\t\t\t\t\t<span class=\"aig-gallery-hover\">\n\t\t\t\t\t\t\t\t\t\t\t<\/span>\n\t\t\t\t\t\t\t<\/div>\n\t\t\t\t\t\t\t\t<div class=\"qode-aig-image\">\n\t\t\t\t\t\t\t\t\t<img loading=\"lazy\" decoding=\"async\" width=\"1029\" height=\"684\" src=\"https:\/\/discovergallura.it\/wp-content\/uploads\/2023\/01\/shutterstock_1404979487.jpg\" class=\"attachment-full size-full\" alt=\"\" srcset=\"https:\/\/discovergallura.it\/wp-content\/uploads\/2023\/01\/shutterstock_1404979487.jpg 1029w, https:\/\/discovergallura.it\/wp-content\/uploads\/2023\/01\/shutterstock_1404979487-300x199.jpg 300w, https:\/\/discovergallura.it\/wp-content\/uploads\/2023\/01\/shutterstock_1404979487-1024x681.jpg 1024w, https:\/\/discovergallura.it\/wp-content\/uploads\/2023\/01\/shutterstock_1404979487-768x511.jpg 768w, https:\/\/discovergallura.it\/wp-content\/uploads\/2023\/01\/shutterstock_1404979487-700x465.jpg 700w\" sizes=\"auto, (max-width: 1029px) 100vw, 1029px\" \/>\t\t\t\t\t<span class=\"aig-gallery-hover\">\n\t\t\t\t\t\t\t\t\t\t\t<\/span>\n\t\t\t\t\t\t\t<\/div>\n\t\t\t\t\t\t\t\t<div class=\"qode-aig-image\">\n\t\t\t\t\t\t\t\t\t<img loading=\"lazy\" decoding=\"async\" width=\"1029\" height=\"684\" src=\"https:\/\/discovergallura.it\/wp-content\/uploads\/2023\/01\/shutterstock_1404980423.jpg\" class=\"attachment-full size-full\" alt=\"\" srcset=\"https:\/\/discovergallura.it\/wp-content\/uploads\/2023\/01\/shutterstock_1404980423.jpg 1029w, https:\/\/discovergallura.it\/wp-content\/uploads\/2023\/01\/shutterstock_1404980423-300x199.jpg 300w, https:\/\/discovergallura.it\/wp-content\/uploads\/2023\/01\/shutterstock_1404980423-1024x681.jpg 1024w, https:\/\/discovergallura.it\/wp-content\/uploads\/2023\/01\/shutterstock_1404980423-768x511.jpg 768w, https:\/\/discovergallura.it\/wp-content\/uploads\/2023\/01\/shutterstock_1404980423-700x465.jpg 700w\" sizes=\"auto, (max-width: 1029px) 100vw, 1029px\" \/>\t\t\t\t\t<span class=\"aig-gallery-hover\">\n\t\t\t\t\t\t\t\t\t\t\t<\/span>\n\t\t\t\t\t\t\t<\/div>\n\t\t\t\t\t\t\t\t<div class=\"qode-aig-image\">\n\t\t\t\t\t\t\t\t\t<img loading=\"lazy\" decoding=\"async\" width=\"1160\" height=\"773\" src=\"https:\/\/discovergallura.it\/wp-content\/uploads\/2023\/01\/shutterstock_1698881476.jpg\" class=\"attachment-full size-full\" alt=\"\" srcset=\"https:\/\/discovergallura.it\/wp-content\/uploads\/2023\/01\/shutterstock_1698881476.jpg 1160w, https:\/\/discovergallura.it\/wp-content\/uploads\/2023\/01\/shutterstock_1698881476-300x200.jpg 300w, https:\/\/discovergallura.it\/wp-content\/uploads\/2023\/01\/shutterstock_1698881476-1024x682.jpg 1024w, https:\/\/discovergallura.it\/wp-content\/uploads\/2023\/01\/shutterstock_1698881476-768x512.jpg 768w, https:\/\/discovergallura.it\/wp-content\/uploads\/2023\/01\/shutterstock_1698881476-700x466.jpg 700w\" sizes=\"auto, (max-width: 1160px) 100vw, 1160px\" \/>\t\t\t\t\t<span class=\"aig-gallery-hover\">\n\t\t\t\t\t\t\t\t\t\t\t<\/span>\n\t\t\t\t\t\t\t<\/div>\n\t\t\t\t\t\t\t\t<div class=\"qode-aig-image\">\n\t\t\t\t\t\t\t\t\t<img loading=\"lazy\" decoding=\"async\" width=\"1134\" height=\"756\" src=\"https:\/\/discovergallura.it\/wp-content\/uploads\/2023\/01\/shutterstock_1924577246.jpg\" class=\"attachment-full size-full\" alt=\"\" srcset=\"https:\/\/discovergallura.it\/wp-content\/uploads\/2023\/01\/shutterstock_1924577246.jpg 1134w, https:\/\/discovergallura.it\/wp-content\/uploads\/2023\/01\/shutterstock_1924577246-300x200.jpg 300w, https:\/\/discovergallura.it\/wp-content\/uploads\/2023\/01\/shutterstock_1924577246-1024x683.jpg 1024w, https:\/\/discovergallura.it\/wp-content\/uploads\/2023\/01\/shutterstock_1924577246-768x512.jpg 768w, https:\/\/discovergallura.it\/wp-content\/uploads\/2023\/01\/shutterstock_1924577246-700x467.jpg 700w\" sizes=\"auto, (max-width: 1134px) 100vw, 1134px\" \/>\t\t\t\t\t<span class=\"aig-gallery-hover\">\n\t\t\t\t\t\t\t\t\t\t\t<\/span>\n\t\t\t\t\t\t\t<\/div>\n\t\t\t\t\t\t<\/div>\n<\/div>[\/vc_column][\/vc_row]<\/p>\n<\/div>","protected":false},"excerpt":{"rendered":"<p>[vc_row css_animation=&#8220;&#8220; row_type=&#8220;row&#8220; use_row_as_full_screen_section=&#8220;no&#8220; type=&#8220;grid&#8220; angled_section=&#8220;no&#8220; text_align=&#8220;left&#8220; background_image_as_pattern=&#8220;without_pattern&#8220; z_index=&#8220;&#8220;][vc_column css=&#8220;.vc_custom_1674214152573{margin-top: 80px !important;}&#8220;][vc_row_inner row_type=&#8220;row&#8220; type=&#8220;full_width&#8220; text_align=&#8220;left&#8220; css_animation=&#8220;&#8220;][vc_column_inner width=&#8220;1\/2&#8243; css=&#8220;.vc_custom_1674212921568{margin-bottom: 110px !important;}&#8220;][vc_separator type=&#8220;small&#8220; position=&#8220;left&#8220; color=&#8220;#3390b9&#8243; thickness=&#8220;4&#8243; width=&#8220;50&#8243;][\/vc_column_inner][vc_column_inner width=&#8220;1\/2&#8243;][\/vc_column_inner][\/vc_row_inner][vc_row_inner row_type=&#8220;row&#8220; type=&#8220;full_width&#8220; text_align=&#8220;left&#8220; css_animation=&#8220;&#8220;][vc_column_inner width=&#8220;1\/2&#8243;][vc_single_image image=&#8220;1677&#8243; img_size=&#8220;full&#8220; qode_css_animation=&#8220;&#8220;][vc_empty_space][\/vc_column_inner][vc_column_inner width=&#8220;1\/2&#8243; css=&#8220;.vc_custom_1674212910857{margin-bottom: 80px !important;}&#8220;][vc_column_text] Das Gebiet der Gallura ist die Heimat&#8230;<\/p>\n","protected":false},"author":1,"featured_media":8738,"parent":10481,"menu_order":0,"comment_status":"closed","ping_status":"closed","template":"full_width.php","meta":{"inline_featured_image":false,"footnotes":""},"class_list":["post-10490","page","type-page","status-publish","has-post-thumbnail","hentry"],"_links":{"self":[{"href":"https:\/\/discovergallura.it\/de\/wp-json\/wp\/v2\/pages\/10490","targetHints":{"allow":["GET"]}}],"collection":[{"href":"https:\/\/discovergallura.it\/de\/wp-json\/wp\/v2\/pages"}],"about":[{"href":"https:\/\/discovergallura.it\/de\/wp-json\/wp\/v2\/types\/page"}],"author":[{"embeddable":true,"href":"https:\/\/discovergallura.it\/de\/wp-json\/wp\/v2\/users\/1"}],"replies":[{"embeddable":true,"href":"https:\/\/discovergallura.it\/de\/wp-json\/wp\/v2\/comments?post=10490"}],"version-history":[{"count":3,"href":"https:\/\/discovergallura.it\/de\/wp-json\/wp\/v2\/pages\/10490\/revisions"}],"predecessor-version":[{"id":10493,"href":"https:\/\/discovergallura.it\/de\/wp-json\/wp\/v2\/pages\/10490\/revisions\/10493"}],"up":[{"embeddable":true,"href":"https:\/\/discovergallura.it\/de\/wp-json\/wp\/v2\/pages\/10481"}],"wp:featuredmedia":[{"embeddable":true,"href":"https:\/\/discovergallura.it\/de\/wp-json\/wp\/v2\/media\/8738"}],"wp:attachment":[{"href":"https:\/\/discovergallura.it\/de\/wp-json\/wp\/v2\/media?parent=10490"}],"curies":[{"name":"wp","href":"https:\/\/api.w.org\/{rel}","templated":true}]}}