{"id":10542,"date":"2023-01-24T17:01:23","date_gmt":"2023-01-24T16:01:23","guid":{"rendered":"https:\/\/discovergallura.it\/escursione-entroterra\/circuito-delle-chiese-campestri-di-santantonio-di-gallura\/"},"modified":"2023-04-17T15:23:54","modified_gmt":"2023-04-17T13:23:54","slug":"circuito-delle-chiese-campestri-di-santantonio-di-gallura","status":"publish","type":"page","link":"https:\/\/discovergallura.it\/de\/escursione-entroterra\/circuito-delle-chiese-campestri-di-santantonio-di-gallura\/","title":{"rendered":"Tour der Landkirchen von Sant&#8217;Antonio di Gallura"},"content":{"rendered":"<div class=\"wpb-content-wrapper\"><p>[vc_row css_animation=&#8220;&#8220; row_type=&#8220;row&#8220; use_row_as_full_screen_section=&#8220;no&#8220; type=&#8220;grid&#8220; angled_section=&#8220;no&#8220; text_align=&#8220;left&#8220; background_image_as_pattern=&#8220;without_pattern&#8220; z_index=&#8220;&#8220;][vc_column css=&#8220;.vc_custom_1674214152573{margin-top: 80px !important;}&#8220;][vc_row_inner row_type=&#8220;row&#8220; type=&#8220;full_width&#8220; text_align=&#8220;left&#8220; css_animation=&#8220;&#8220;][vc_column_inner width=&#8220;1\/2&#8243; css=&#8220;.vc_custom_1674212921568{margin-bottom: 110px !important;}&#8220;][vc_separator type=&#8220;small&#8220; position=&#8220;left&#8220; color=&#8220;#3390b9&#8243; thickness=&#8220;4&#8243; width=&#8220;50&#8243;]<div class=\"custom_font_holder \" style=\"font-family: red hat display; font-style: normal; font-weight: 800; color: #3390b9; text-decoration: none; text-align: left; --qode-cf-font-size: 38px; --qode-cf-line-height: 39px; --qode-cf-font-size-1440: 38px; --qode-cf-line-height-1440: 39px; --qode-cf-font-size-1366: 38px; --qode-cf-line-height-1366: 39px; --qode-cf-font-size-1280: 38px; --qode-cf-line-height-1280: 39px; --qode-cf-font-size-1024: 38px; --qode-cf-line-height-1024: 39px; --qode-cf-font-size-768: 38px; --qode-cf-line-height-768: 39px; --qode-cf-font-size-680: 38px; --qode-cf-line-height-680: 39px; --qode-cf-font-size-480: 38px; --qode-cf-line-height-480: 39px;\">TOUR DER LANDKIRCHEN VON SANT&#8217;ANTONIO DI GALLURA<\/div>[\/vc_column_inner][vc_column_inner width=&#8220;1\/2&#8243;][\/vc_column_inner][\/vc_row_inner][vc_row_inner row_type=&#8220;row&#8220; type=&#8220;full_width&#8220; text_align=&#8220;left&#8220; css_animation=&#8220;&#8220;][vc_column_inner width=&#8220;1\/2&#8243;][vc_single_image image=&#8220;1818&#8243; img_size=&#8220;full&#8220; qode_css_animation=&#8220;&#8220;][vc_empty_space][\/vc_column_inner][vc_column_inner width=&#8220;1\/2&#8243; css=&#8220;.vc_custom_1674212910857{margin-bottom: 80px !important;}&#8220;][vc_column_text]<\/p>\n<p style=\"text-align: justify;\">Die <strong>Tour der Landkirchen von Sant&#8217;Antonio di Gallura<\/strong> ist ein <strong>religi\u00f6ser Rundweg<\/strong>, der etwa 25 Kilometer durch das Landesinnere der Gallura f\u00fchrt und es dem Besucher erm\u00f6glicht, in die Natur einzutauchen und gleichzeitig die Fr\u00f6mmigkeit des sardischen Volkes kennenzulernen. Hier, inmitten der einheimischen Vegetation, der vom Wind geformten Granitfelsen und der antiken Geb\u00e4ude, werden die sardischen Traditionen und Werte in einer perfekten Verbindung von Glaube, Natur und k\u00f6rperlicher Bet\u00e4tigung in ihrer authentischsten Form vermittelt.<br \/>\nZu den Stationen geh\u00f6ren die Kirche San Giacomo, die Kirche Madonna della Crucitta, die Kirche Santu Santinu, die Kirche San Giuseppe, die Kirche Sant&#8217;Andrea und die Kirche San Leonardo.<\/p>\n<p>[\/vc_column_text][\/vc_column_inner][\/vc_row_inner][\/vc_column][\/vc_row][vc_row css_animation=&#8220;&#8220; row_type=&#8220;row&#8220; use_row_as_full_screen_section=&#8220;no&#8220; type=&#8220;grid&#8220; angled_section=&#8220;no&#8220; text_align=&#8220;left&#8220; background_image_as_pattern=&#8220;without_pattern&#8220; z_index=&#8220;&#8220;][vc_column width=&#8220;1\/6&#8243;][\/vc_column][vc_column width=&#8220;2\/3&#8243; css=&#8220;.vc_custom_1674141388895{margin-top: 80px !important;}&#8220; offset=&#8220;vc_hidden-sm vc_hidden-xs&#8220;]<div class=\"custom_font_holder \" style=\"font-family: EB garamond; font-style: italic; font-weight: 500; text-decoration: none; text-align: left; --qode-cf-font-size: 24px; --qode-cf-line-height: 28px; --qode-cf-font-size-1440: 24px; --qode-cf-line-height-1440: 28px; --qode-cf-font-size-1366: 24px; --qode-cf-line-height-1366: 28px; --qode-cf-font-size-1280: 24px; --qode-cf-line-height-1280: 28px; --qode-cf-font-size-1024: 24px; --qode-cf-line-height-1024: 28px; --qode-cf-font-size-768: 24px; --qode-cf-line-height-768: 28px; --qode-cf-font-size-680: 24px; --qode-cf-line-height-680: 28px; --qode-cf-font-size-480: 24px; --qode-cf-line-height-480: 28px;\">\n<p style=\"text-align: center;\"><span style=\"font-size: 24pt; line-height: 110%;\">Dieser Rundweg geh\u00f6rt zu den religi\u00f6sen Routen der Gallura und verbindet Fr\u00f6mmigkeit, Natur und k\u00f6rperliche Aktivit\u00e4t.<\/span><\/p>\n<\/div>[\/vc_column][vc_column width=&#8220;1\/6&#8243;][\/vc_column][\/vc_row][vc_row css_animation=&#8220;&#8220; row_type=&#8220;row&#8220; use_row_as_full_screen_section=&#8220;no&#8220; type=&#8220;full_width&#8220; angled_section=&#8220;no&#8220; text_align=&#8220;left&#8220; background_image_as_pattern=&#8220;without_pattern&#8220; z_index=&#8220;&#8220;][vc_column css=&#8220;.vc_custom_1675698083970{margin-top: 80px !important;margin-bottom: 120px !important;}&#8220;]<div class=\"qode-advanced-image-gallery  qode-aig-slider-type qode-tiny-space   \">\n\t<div class=\"qode-aig-slider qode-owl-slider\" data-number-of-items=\"1\" data-enable-loop=\"yes\" data-enable-autoplay=\"yes\" data-slider-speed=\"5000\" data-slider-speed-animation=\"600\" data-slider-padding=\"yes\" data-enable-navigation=\"yes\" data-enable-pagination=\"yes\">\n\t\t\t\t\t<div class=\"qode-aig-image\">\n\t\t\t\t\t\t\t\t\t<img loading=\"lazy\" decoding=\"async\" width=\"1536\" height=\"2048\" src=\"https:\/\/discovergallura.it\/wp-content\/uploads\/2023\/01\/IMG_2522-1536x2048-1.jpg\" class=\"attachment-full size-full\" alt=\"\" srcset=\"https:\/\/discovergallura.it\/wp-content\/uploads\/2023\/01\/IMG_2522-1536x2048-1.jpg 1536w, https:\/\/discovergallura.it\/wp-content\/uploads\/2023\/01\/IMG_2522-1536x2048-1-225x300.jpg 225w, https:\/\/discovergallura.it\/wp-content\/uploads\/2023\/01\/IMG_2522-1536x2048-1-768x1024.jpg 768w, https:\/\/discovergallura.it\/wp-content\/uploads\/2023\/01\/IMG_2522-1536x2048-1-1152x1536.jpg 1152w, https:\/\/discovergallura.it\/wp-content\/uploads\/2023\/01\/IMG_2522-1536x2048-1-600x800.jpg 600w, https:\/\/discovergallura.it\/wp-content\/uploads\/2023\/01\/IMG_2522-1536x2048-1-700x933.jpg 700w\" sizes=\"auto, (max-width: 1536px) 100vw, 1536px\" \/>\t\t\t\t\t<span class=\"aig-gallery-hover\">\n\t\t\t\t\t\t\t\t\t\t\t<\/span>\n\t\t\t\t\t\t\t<\/div>\n\t\t\t\t\t\t\t\t<div class=\"qode-aig-image\">\n\t\t\t\t\t\t\t\t\t<img loading=\"lazy\" decoding=\"async\" width=\"975\" height=\"1219\" src=\"https:\/\/discovergallura.it\/wp-content\/uploads\/2023\/01\/IMG_E4682-Copia.jpg\" class=\"attachment-full size-full\" alt=\"\" srcset=\"https:\/\/discovergallura.it\/wp-content\/uploads\/2023\/01\/IMG_E4682-Copia.jpg 975w, https:\/\/discovergallura.it\/wp-content\/uploads\/2023\/01\/IMG_E4682-Copia-240x300.jpg 240w, https:\/\/discovergallura.it\/wp-content\/uploads\/2023\/01\/IMG_E4682-Copia-819x1024.jpg 819w, https:\/\/discovergallura.it\/wp-content\/uploads\/2023\/01\/IMG_E4682-Copia-768x960.jpg 768w, https:\/\/discovergallura.it\/wp-content\/uploads\/2023\/01\/IMG_E4682-Copia-700x875.jpg 700w\" sizes=\"auto, (max-width: 975px) 100vw, 975px\" \/>\t\t\t\t\t<span class=\"aig-gallery-hover\">\n\t\t\t\t\t\t\t\t\t\t\t<\/span>\n\t\t\t\t\t\t\t<\/div>\n\t\t\t\t\t\t\t\t<div class=\"qode-aig-image\">\n\t\t\t\t\t\t\t\t\t<img loading=\"lazy\" decoding=\"async\" width=\"1536\" height=\"2048\" src=\"https:\/\/discovergallura.it\/wp-content\/uploads\/2023\/01\/IMG_2660-1536x2048-1.jpg\" class=\"attachment-full size-full\" alt=\"\" srcset=\"https:\/\/discovergallura.it\/wp-content\/uploads\/2023\/01\/IMG_2660-1536x2048-1.jpg 1536w, https:\/\/discovergallura.it\/wp-content\/uploads\/2023\/01\/IMG_2660-1536x2048-1-225x300.jpg 225w, https:\/\/discovergallura.it\/wp-content\/uploads\/2023\/01\/IMG_2660-1536x2048-1-768x1024.jpg 768w, https:\/\/discovergallura.it\/wp-content\/uploads\/2023\/01\/IMG_2660-1536x2048-1-1152x1536.jpg 1152w, https:\/\/discovergallura.it\/wp-content\/uploads\/2023\/01\/IMG_2660-1536x2048-1-600x800.jpg 600w, https:\/\/discovergallura.it\/wp-content\/uploads\/2023\/01\/IMG_2660-1536x2048-1-700x933.jpg 700w\" sizes=\"auto, (max-width: 1536px) 100vw, 1536px\" \/>\t\t\t\t\t<span class=\"aig-gallery-hover\">\n\t\t\t\t\t\t\t\t\t\t\t<\/span>\n\t\t\t\t\t\t\t<\/div>\n\t\t\t\t\t\t\t\t<div class=\"qode-aig-image\">\n\t\t\t\t\t\t\t\t\t<img loading=\"lazy\" decoding=\"async\" width=\"1536\" height=\"2048\" src=\"https:\/\/discovergallura.it\/wp-content\/uploads\/2023\/01\/IMG_4192-1536x2048-1.jpg\" class=\"attachment-full size-full\" alt=\"\" srcset=\"https:\/\/discovergallura.it\/wp-content\/uploads\/2023\/01\/IMG_4192-1536x2048-1.jpg 1536w, https:\/\/discovergallura.it\/wp-content\/uploads\/2023\/01\/IMG_4192-1536x2048-1-225x300.jpg 225w, https:\/\/discovergallura.it\/wp-content\/uploads\/2023\/01\/IMG_4192-1536x2048-1-768x1024.jpg 768w, https:\/\/discovergallura.it\/wp-content\/uploads\/2023\/01\/IMG_4192-1536x2048-1-1152x1536.jpg 1152w, https:\/\/discovergallura.it\/wp-content\/uploads\/2023\/01\/IMG_4192-1536x2048-1-600x800.jpg 600w, https:\/\/discovergallura.it\/wp-content\/uploads\/2023\/01\/IMG_4192-1536x2048-1-700x933.jpg 700w\" sizes=\"auto, (max-width: 1536px) 100vw, 1536px\" \/>\t\t\t\t\t<span class=\"aig-gallery-hover\">\n\t\t\t\t\t\t\t\t\t\t\t<\/span>\n\t\t\t\t\t\t\t<\/div>\n\t\t\t\t\t\t\t\t<div class=\"qode-aig-image\">\n\t\t\t\t\t\t\t\t\t<img loading=\"lazy\" decoding=\"async\" width=\"1536\" height=\"2048\" src=\"https:\/\/discovergallura.it\/wp-content\/uploads\/2023\/01\/IMG_1981-1536x2048-1.jpg\" class=\"attachment-full size-full\" alt=\"\" srcset=\"https:\/\/discovergallura.it\/wp-content\/uploads\/2023\/01\/IMG_1981-1536x2048-1.jpg 1536w, https:\/\/discovergallura.it\/wp-content\/uploads\/2023\/01\/IMG_1981-1536x2048-1-225x300.jpg 225w, https:\/\/discovergallura.it\/wp-content\/uploads\/2023\/01\/IMG_1981-1536x2048-1-768x1024.jpg 768w, https:\/\/discovergallura.it\/wp-content\/uploads\/2023\/01\/IMG_1981-1536x2048-1-1152x1536.jpg 1152w, https:\/\/discovergallura.it\/wp-content\/uploads\/2023\/01\/IMG_1981-1536x2048-1-600x800.jpg 600w, https:\/\/discovergallura.it\/wp-content\/uploads\/2023\/01\/IMG_1981-1536x2048-1-700x933.jpg 700w\" sizes=\"auto, (max-width: 1536px) 100vw, 1536px\" \/>\t\t\t\t\t<span class=\"aig-gallery-hover\">\n\t\t\t\t\t\t\t\t\t\t\t<\/span>\n\t\t\t\t\t\t\t<\/div>\n\t\t\t\t\t\t\t\t<div class=\"qode-aig-image\">\n\t\t\t\t\t\t\t\t\t<img loading=\"lazy\" decoding=\"async\" width=\"1536\" height=\"2048\" src=\"https:\/\/discovergallura.it\/wp-content\/uploads\/2023\/01\/IMG_2113-1536x2048-1.jpg\" class=\"attachment-full size-full\" alt=\"\" srcset=\"https:\/\/discovergallura.it\/wp-content\/uploads\/2023\/01\/IMG_2113-1536x2048-1.jpg 1536w, https:\/\/discovergallura.it\/wp-content\/uploads\/2023\/01\/IMG_2113-1536x2048-1-225x300.jpg 225w, https:\/\/discovergallura.it\/wp-content\/uploads\/2023\/01\/IMG_2113-1536x2048-1-768x1024.jpg 768w, https:\/\/discovergallura.it\/wp-content\/uploads\/2023\/01\/IMG_2113-1536x2048-1-1152x1536.jpg 1152w, https:\/\/discovergallura.it\/wp-content\/uploads\/2023\/01\/IMG_2113-1536x2048-1-600x800.jpg 600w, https:\/\/discovergallura.it\/wp-content\/uploads\/2023\/01\/IMG_2113-1536x2048-1-700x933.jpg 700w\" sizes=\"auto, (max-width: 1536px) 100vw, 1536px\" \/>\t\t\t\t\t<span class=\"aig-gallery-hover\">\n\t\t\t\t\t\t\t\t\t\t\t<\/span>\n\t\t\t\t\t\t\t<\/div>\n\t\t\t\t\t\t<\/div>\n<\/div>[\/vc_column][\/vc_row]<\/p>\n<\/div>","protected":false},"excerpt":{"rendered":"<p>[vc_row css_animation=&#8220;&#8220; row_type=&#8220;row&#8220; use_row_as_full_screen_section=&#8220;no&#8220; type=&#8220;grid&#8220; angled_section=&#8220;no&#8220; text_align=&#8220;left&#8220; background_image_as_pattern=&#8220;without_pattern&#8220; z_index=&#8220;&#8220;][vc_column css=&#8220;.vc_custom_1674214152573{margin-top: 80px !important;}&#8220;][vc_row_inner row_type=&#8220;row&#8220; type=&#8220;full_width&#8220; text_align=&#8220;left&#8220; css_animation=&#8220;&#8220;][vc_column_inner width=&#8220;1\/2&#8243; css=&#8220;.vc_custom_1674212921568{margin-bottom: 110px !important;}&#8220;][vc_separator type=&#8220;small&#8220; position=&#8220;left&#8220; color=&#8220;#3390b9&#8243; thickness=&#8220;4&#8243; width=&#8220;50&#8243;][\/vc_column_inner][vc_column_inner width=&#8220;1\/2&#8243;][\/vc_column_inner][\/vc_row_inner][vc_row_inner row_type=&#8220;row&#8220; type=&#8220;full_width&#8220; text_align=&#8220;left&#8220; css_animation=&#8220;&#8220;][vc_column_inner width=&#8220;1\/2&#8243;][vc_single_image image=&#8220;1818&#8243; img_size=&#8220;full&#8220; qode_css_animation=&#8220;&#8220;][vc_empty_space][\/vc_column_inner][vc_column_inner width=&#8220;1\/2&#8243; css=&#8220;.vc_custom_1674212910857{margin-bottom: 80px !important;}&#8220;][vc_column_text] Die Tour der Landkirchen von Sant&#8217;Antonio di&#8230;<\/p>\n","protected":false},"author":1,"featured_media":8802,"parent":10530,"menu_order":0,"comment_status":"closed","ping_status":"closed","template":"full_width.php","meta":{"inline_featured_image":false,"footnotes":""},"class_list":["post-10542","page","type-page","status-publish","has-post-thumbnail","hentry"],"_links":{"self":[{"href":"https:\/\/discovergallura.it\/de\/wp-json\/wp\/v2\/pages\/10542","targetHints":{"allow":["GET"]}}],"collection":[{"href":"https:\/\/discovergallura.it\/de\/wp-json\/wp\/v2\/pages"}],"about":[{"href":"https:\/\/discovergallura.it\/de\/wp-json\/wp\/v2\/types\/page"}],"author":[{"embeddable":true,"href":"https:\/\/discovergallura.it\/de\/wp-json\/wp\/v2\/users\/1"}],"replies":[{"embeddable":true,"href":"https:\/\/discovergallura.it\/de\/wp-json\/wp\/v2\/comments?post=10542"}],"version-history":[{"count":3,"href":"https:\/\/discovergallura.it\/de\/wp-json\/wp\/v2\/pages\/10542\/revisions"}],"predecessor-version":[{"id":10545,"href":"https:\/\/discovergallura.it\/de\/wp-json\/wp\/v2\/pages\/10542\/revisions\/10545"}],"up":[{"embeddable":true,"href":"https:\/\/discovergallura.it\/de\/wp-json\/wp\/v2\/pages\/10530"}],"wp:featuredmedia":[{"embeddable":true,"href":"https:\/\/discovergallura.it\/de\/wp-json\/wp\/v2\/media\/8802"}],"wp:attachment":[{"href":"https:\/\/discovergallura.it\/de\/wp-json\/wp\/v2\/media?parent=10542"}],"curies":[{"name":"wp","href":"https:\/\/api.w.org\/{rel}","templated":true}]}}