{"id":10554,"date":"2023-01-24T17:11:40","date_gmt":"2023-01-24T16:11:40","guid":{"rendered":"https:\/\/discovergallura.it\/escursione-entroterra\/sentieri-di-pellegrinaggio\/"},"modified":"2023-06-09T11:47:51","modified_gmt":"2023-06-09T09:47:51","slug":"sentieri-di-pellegrinaggio","status":"publish","type":"page","link":"https:\/\/discovergallura.it\/de\/escursione-entroterra\/sentieri-di-pellegrinaggio\/","title":{"rendered":"Pilgerwege"},"content":{"rendered":"<div class=\"wpb-content-wrapper\"><p>[vc_row css_animation=&#8220;&#8220; row_type=&#8220;row&#8220; use_row_as_full_screen_section=&#8220;no&#8220; type=&#8220;grid&#8220; angled_section=&#8220;no&#8220; text_align=&#8220;left&#8220; background_image_as_pattern=&#8220;without_pattern&#8220; z_index=&#8220;&#8220;][vc_column css=&#8220;.vc_custom_1674214152573{margin-top: 80px !important;}&#8220;][vc_row_inner row_type=&#8220;row&#8220; type=&#8220;full_width&#8220; text_align=&#8220;left&#8220; css_animation=&#8220;&#8220;][vc_column_inner width=&#8220;2\/3&#8243; css=&#8220;.vc_custom_1674212921568{margin-bottom: 110px !important;}&#8220;][vc_separator type=&#8220;small&#8220; position=&#8220;left&#8220; color=&#8220;#3390b9&#8243; thickness=&#8220;4&#8243; width=&#8220;50&#8243;]<div class=\"custom_font_holder \" style=\"font-family: red hat display; font-style: normal; font-weight: 800; color: #3390b9; text-decoration: none; text-align: left; --qode-cf-font-size: 38px; --qode-cf-line-height: 39px; --qode-cf-font-size-1440: 38px; --qode-cf-line-height-1440: 39px; --qode-cf-font-size-1366: 38px; --qode-cf-line-height-1366: 39px; --qode-cf-font-size-1280: 38px; --qode-cf-line-height-1280: 39px; --qode-cf-font-size-1024: 38px; --qode-cf-line-height-1024: 39px; --qode-cf-font-size-768: 38px; --qode-cf-line-height-768: 39px; --qode-cf-font-size-680: 38px; --qode-cf-line-height-680: 39px; --qode-cf-font-size-480: 38px; --qode-cf-line-height-480: 39px;\">PILGERWEGE<\/div>[\/vc_column_inner][vc_column_inner width=&#8220;1\/3&#8243;][\/vc_column_inner][\/vc_row_inner][vc_row_inner row_type=&#8220;row&#8220; type=&#8220;full_width&#8220; text_align=&#8220;left&#8220; css_animation=&#8220;&#8220;][vc_column_inner width=&#8220;1\/2&#8243;][vc_single_image image=&#8220;1843&#8243; img_size=&#8220;large&#8220; qode_css_animation=&#8220;&#8220;][vc_empty_space][\/vc_column_inner][vc_column_inner width=&#8220;1\/2&#8243; css=&#8220;.vc_custom_1674212910857{margin-bottom: 80px !important;}&#8220;][vc_column_text]<\/p>\n<p style=\"text-align: justify;\">Die <strong>Pilgerwege<\/strong> durchqueren das sardische Gebiet, um die Traditionen und Werte dieses Landes zu entdecken, allen voran den Wert der Gastfreundschaft. \u00dcberall auf Sardinien finden Feste und religi\u00f6se Feiern statt, die an die Antike erinnern und eine perfekte Mischung aus Spiritualit\u00e4t, Kultur und Natur darstellen. Vor allem l\u00e4ndliche Kirchen sind in der Gallura sehr zahlreich. Zu den bekanntesten Routen geh\u00f6rt die Fu\u00dfwallfahrt von Calangianus, die \u00fcber h\u00fcgelige Wege durch W\u00e4lder und Stazzi f\u00fchrt und an der Basilika Unserer Lieben Frau von <a href=\"https:\/\/discovergallura.it\/de\/luogosanto\/\">Luogosanto<\/a> endet. Ber\u00fchmt ist auch die Pilgerwanderung von San Paolo di Monti, die jedes Jahr im September stattfindet: Es handelt sich um eine etwa 20 Kilometer lange Strecke, die in <a href=\"https:\/\/discovergallura.it\/de\/olbia\/\">Olbia<\/a> beginnt. Pilgerwanderungen sind auch eine gesellige Angelegenheit, die oft mit einer Verkostung <a href=\"https:\/\/discovergallura.it\/de\/prodotti-tipici-e-piatti-tipici\/\">lokaler Produkte<\/a> endet und die Spiritualit\u00e4t mit dem Austausch und der Entdeckung lokaler Traditionen verbindet.<\/p>\n<p>[\/vc_column_text][\/vc_column_inner][\/vc_row_inner][\/vc_column][\/vc_row][vc_row css_animation=&#8220;&#8220; row_type=&#8220;row&#8220; use_row_as_full_screen_section=&#8220;no&#8220; type=&#8220;grid&#8220; angled_section=&#8220;no&#8220; text_align=&#8220;left&#8220; background_image_as_pattern=&#8220;without_pattern&#8220; z_index=&#8220;&#8220;][vc_column width=&#8220;1\/6&#8243;][\/vc_column][vc_column width=&#8220;2\/3&#8243; css=&#8220;.vc_custom_1674141388895{margin-top: 80px !important;}&#8220; offset=&#8220;vc_hidden-sm vc_hidden-xs&#8220;]<div class=\"custom_font_holder \" style=\"font-family: EB garamond; font-style: italic; font-weight: 500; text-decoration: none; text-align: left; --qode-cf-font-size: 24px; --qode-cf-line-height: 28px; --qode-cf-font-size-1440: 24px; --qode-cf-line-height-1440: 28px; --qode-cf-font-size-1366: 24px; --qode-cf-line-height-1366: 28px; --qode-cf-font-size-1280: 24px; --qode-cf-line-height-1280: 28px; --qode-cf-font-size-1024: 24px; --qode-cf-line-height-1024: 28px; --qode-cf-font-size-768: 24px; --qode-cf-line-height-768: 28px; --qode-cf-font-size-680: 24px; --qode-cf-line-height-680: 28px; --qode-cf-font-size-480: 24px; --qode-cf-line-height-480: 28px;\">\n<p style=\"text-align: center;\"><span style=\"font-size: 24pt; line-height: 110%;\">Auf den Pilgerwegen kann man Sardinien in einer Atmosph\u00e4re der Besinnung und Spiritualit\u00e4t auf den Spuren der Pilger entdecken.<\/span><\/p>\n<\/div>[\/vc_column][vc_column width=&#8220;1\/6&#8243;][\/vc_column][\/vc_row][vc_row css_animation=&#8220;&#8220; row_type=&#8220;row&#8220; use_row_as_full_screen_section=&#8220;no&#8220; type=&#8220;full_width&#8220; angled_section=&#8220;no&#8220; text_align=&#8220;left&#8220; background_image_as_pattern=&#8220;without_pattern&#8220; z_index=&#8220;&#8220;][vc_column css=&#8220;.vc_custom_1675698456146{margin-top: 80px !important;margin-bottom: 120px !important;}&#8220;]<div class=\"qode-advanced-image-gallery  qode-aig-slider-type qode-tiny-space   \">\n\t<div class=\"qode-aig-slider qode-owl-slider\" data-number-of-items=\"1\" data-enable-loop=\"yes\" data-enable-autoplay=\"yes\" data-slider-speed=\"5000\" data-slider-speed-animation=\"600\" data-slider-padding=\"yes\" data-enable-navigation=\"yes\" data-enable-pagination=\"yes\">\n\t\t\t\t\t<div class=\"qode-aig-image\">\n\t\t\t\t\t\t\t\t\t<img loading=\"lazy\" decoding=\"async\" width=\"840\" height=\"560\" src=\"https:\/\/discovergallura.it\/wp-content\/uploads\/2023\/01\/a6500866-2.jpeg\" class=\"attachment-full size-full\" alt=\"\" srcset=\"https:\/\/discovergallura.it\/wp-content\/uploads\/2023\/01\/a6500866-2.jpeg 840w, https:\/\/discovergallura.it\/wp-content\/uploads\/2023\/01\/a6500866-2-300x200.jpeg 300w, https:\/\/discovergallura.it\/wp-content\/uploads\/2023\/01\/a6500866-2-768x512.jpeg 768w, https:\/\/discovergallura.it\/wp-content\/uploads\/2023\/01\/a6500866-2-700x467.jpeg 700w\" sizes=\"auto, (max-width: 840px) 100vw, 840px\" \/>\t\t\t\t\t<span class=\"aig-gallery-hover\">\n\t\t\t\t\t\t\t\t\t\t\t<\/span>\n\t\t\t\t\t\t\t<\/div>\n\t\t\t\t\t\t\t\t<div class=\"qode-aig-image\">\n\t\t\t\t\t\t\t\t\t<img loading=\"lazy\" decoding=\"async\" width=\"1300\" height=\"796\" src=\"https:\/\/discovergallura.it\/wp-content\/uploads\/2023\/01\/Capo-Testa-2.jpeg\" class=\"attachment-full size-full\" alt=\"\" srcset=\"https:\/\/discovergallura.it\/wp-content\/uploads\/2023\/01\/Capo-Testa-2.jpeg 1300w, https:\/\/discovergallura.it\/wp-content\/uploads\/2023\/01\/Capo-Testa-2-300x184.jpeg 300w, https:\/\/discovergallura.it\/wp-content\/uploads\/2023\/01\/Capo-Testa-2-1024x627.jpeg 1024w, https:\/\/discovergallura.it\/wp-content\/uploads\/2023\/01\/Capo-Testa-2-768x470.jpeg 768w, https:\/\/discovergallura.it\/wp-content\/uploads\/2023\/01\/Capo-Testa-2-700x429.jpeg 700w\" sizes=\"auto, (max-width: 1300px) 100vw, 1300px\" \/>\t\t\t\t\t<span class=\"aig-gallery-hover\">\n\t\t\t\t\t\t\t\t\t\t\t<\/span>\n\t\t\t\t\t\t\t<\/div>\n\t\t\t\t\t\t\t\t<div class=\"qode-aig-image\">\n\t\t\t\t\t\t\t\t\t<img loading=\"lazy\" decoding=\"async\" width=\"839\" height=\"560\" src=\"https:\/\/discovergallura.it\/wp-content\/uploads\/2023\/01\/dsc02376.jpeg\" class=\"attachment-full size-full\" alt=\"\" srcset=\"https:\/\/discovergallura.it\/wp-content\/uploads\/2023\/01\/dsc02376.jpeg 839w, https:\/\/discovergallura.it\/wp-content\/uploads\/2023\/01\/dsc02376-300x200.jpeg 300w, https:\/\/discovergallura.it\/wp-content\/uploads\/2023\/01\/dsc02376-768x513.jpeg 768w, https:\/\/discovergallura.it\/wp-content\/uploads\/2023\/01\/dsc02376-700x467.jpeg 700w\" sizes=\"auto, (max-width: 839px) 100vw, 839px\" \/>\t\t\t\t\t<span class=\"aig-gallery-hover\">\n\t\t\t\t\t\t\t\t\t\t\t<\/span>\n\t\t\t\t\t\t\t<\/div>\n\t\t\t\t\t\t\t\t<div class=\"qode-aig-image\">\n\t\t\t\t\t\t\t\t\t<img loading=\"lazy\" decoding=\"async\" width=\"840\" height=\"560\" src=\"https:\/\/discovergallura.it\/wp-content\/uploads\/2023\/01\/ett00545ettore_cavalli_-_camminando_in_sardegna.jpeg\" class=\"attachment-full size-full\" alt=\"\" srcset=\"https:\/\/discovergallura.it\/wp-content\/uploads\/2023\/01\/ett00545ettore_cavalli_-_camminando_in_sardegna.jpeg 840w, https:\/\/discovergallura.it\/wp-content\/uploads\/2023\/01\/ett00545ettore_cavalli_-_camminando_in_sardegna-300x200.jpeg 300w, https:\/\/discovergallura.it\/wp-content\/uploads\/2023\/01\/ett00545ettore_cavalli_-_camminando_in_sardegna-768x512.jpeg 768w, https:\/\/discovergallura.it\/wp-content\/uploads\/2023\/01\/ett00545ettore_cavalli_-_camminando_in_sardegna-700x467.jpeg 700w\" sizes=\"auto, (max-width: 840px) 100vw, 840px\" \/>\t\t\t\t\t<span class=\"aig-gallery-hover\">\n\t\t\t\t\t\t\t\t\t\t\t<\/span>\n\t\t\t\t\t\t\t<\/div>\n\t\t\t\t\t\t\t\t<div class=\"qode-aig-image\">\n\t\t\t\t\t\t\t\t\t<img loading=\"lazy\" decoding=\"async\" width=\"1000\" height=\"667\" src=\"https:\/\/discovergallura.it\/wp-content\/uploads\/2023\/01\/sentieri-costieri-aglientu.jpeg\" class=\"attachment-full size-full\" alt=\"\" srcset=\"https:\/\/discovergallura.it\/wp-content\/uploads\/2023\/01\/sentieri-costieri-aglientu.jpeg 1000w, https:\/\/discovergallura.it\/wp-content\/uploads\/2023\/01\/sentieri-costieri-aglientu-300x200.jpeg 300w, https:\/\/discovergallura.it\/wp-content\/uploads\/2023\/01\/sentieri-costieri-aglientu-768x512.jpeg 768w, https:\/\/discovergallura.it\/wp-content\/uploads\/2023\/01\/sentieri-costieri-aglientu-700x467.jpeg 700w\" sizes=\"auto, (max-width: 1000px) 100vw, 1000px\" \/>\t\t\t\t\t<span class=\"aig-gallery-hover\">\n\t\t\t\t\t\t\t\t\t\t\t<\/span>\n\t\t\t\t\t\t\t<\/div>\n\t\t\t\t\t\t<\/div>\n<\/div>[\/vc_column][\/vc_row]<\/p>\n<\/div>","protected":false},"excerpt":{"rendered":"<p>[vc_row css_animation=&#8220;&#8220; row_type=&#8220;row&#8220; use_row_as_full_screen_section=&#8220;no&#8220; type=&#8220;grid&#8220; angled_section=&#8220;no&#8220; text_align=&#8220;left&#8220; background_image_as_pattern=&#8220;without_pattern&#8220; z_index=&#8220;&#8220;][vc_column css=&#8220;.vc_custom_1674214152573{margin-top: 80px !important;}&#8220;][vc_row_inner row_type=&#8220;row&#8220; type=&#8220;full_width&#8220; text_align=&#8220;left&#8220; css_animation=&#8220;&#8220;][vc_column_inner width=&#8220;2\/3&#8243; css=&#8220;.vc_custom_1674212921568{margin-bottom: 110px !important;}&#8220;][vc_separator type=&#8220;small&#8220; position=&#8220;left&#8220; color=&#8220;#3390b9&#8243; thickness=&#8220;4&#8243; width=&#8220;50&#8243;][\/vc_column_inner][vc_column_inner width=&#8220;1\/3&#8243;][\/vc_column_inner][\/vc_row_inner][vc_row_inner row_type=&#8220;row&#8220; type=&#8220;full_width&#8220; text_align=&#8220;left&#8220; css_animation=&#8220;&#8220;][vc_column_inner width=&#8220;1\/2&#8243;][vc_single_image image=&#8220;1843&#8243; img_size=&#8220;large&#8220; qode_css_animation=&#8220;&#8220;][vc_empty_space][\/vc_column_inner][vc_column_inner width=&#8220;1\/2&#8243; css=&#8220;.vc_custom_1674212910857{margin-bottom: 80px !important;}&#8220;][vc_column_text] Die Pilgerwege durchqueren das sardische Gebiet, um&#8230;<\/p>\n","protected":false},"author":1,"featured_media":8816,"parent":10530,"menu_order":0,"comment_status":"closed","ping_status":"closed","template":"full_width.php","meta":{"inline_featured_image":false,"footnotes":""},"class_list":["post-10554","page","type-page","status-publish","has-post-thumbnail","hentry"],"_links":{"self":[{"href":"https:\/\/discovergallura.it\/de\/wp-json\/wp\/v2\/pages\/10554","targetHints":{"allow":["GET"]}}],"collection":[{"href":"https:\/\/discovergallura.it\/de\/wp-json\/wp\/v2\/pages"}],"about":[{"href":"https:\/\/discovergallura.it\/de\/wp-json\/wp\/v2\/types\/page"}],"author":[{"embeddable":true,"href":"https:\/\/discovergallura.it\/de\/wp-json\/wp\/v2\/users\/1"}],"replies":[{"embeddable":true,"href":"https:\/\/discovergallura.it\/de\/wp-json\/wp\/v2\/comments?post=10554"}],"version-history":[{"count":4,"href":"https:\/\/discovergallura.it\/de\/wp-json\/wp\/v2\/pages\/10554\/revisions"}],"predecessor-version":[{"id":13468,"href":"https:\/\/discovergallura.it\/de\/wp-json\/wp\/v2\/pages\/10554\/revisions\/13468"}],"up":[{"embeddable":true,"href":"https:\/\/discovergallura.it\/de\/wp-json\/wp\/v2\/pages\/10530"}],"wp:featuredmedia":[{"embeddable":true,"href":"https:\/\/discovergallura.it\/de\/wp-json\/wp\/v2\/media\/8816"}],"wp:attachment":[{"href":"https:\/\/discovergallura.it\/de\/wp-json\/wp\/v2\/media?parent=10554"}],"curies":[{"name":"wp","href":"https:\/\/api.w.org\/{rel}","templated":true}]}}