{"id":10562,"date":"2023-01-24T17:33:14","date_gmt":"2023-01-24T16:33:14","guid":{"rendered":"https:\/\/discovergallura.it\/itinerari-in-auto\/"},"modified":"2023-04-17T15:38:30","modified_gmt":"2023-04-17T13:38:30","slug":"itinerari-in-auto","status":"publish","type":"page","link":"https:\/\/discovergallura.it\/de\/itinerari-consigliati\/itinerari-in-auto\/","title":{"rendered":"Mit dem Auto"},"content":{"rendered":"<div class=\"wpb-content-wrapper\"><p>[vc_row css_animation=&#8220;&#8220; row_type=&#8220;row&#8220; use_row_as_full_screen_section=&#8220;no&#8220; type=&#8220;grid&#8220; angled_section=&#8220;no&#8220; text_align=&#8220;left&#8220; background_image_as_pattern=&#8220;without_pattern&#8220; z_index=&#8220;&#8220;][vc_column css=&#8220;.vc_custom_1674214152573{margin-top: 80px !important;}&#8220;][vc_row_inner row_type=&#8220;row&#8220; type=&#8220;full_width&#8220; text_align=&#8220;left&#8220; css_animation=&#8220;&#8220;][vc_column_inner width=&#8220;1\/2&#8243; css=&#8220;.vc_custom_1674212921568{margin-bottom: 110px !important;}&#8220;][vc_separator type=&#8220;small&#8220; position=&#8220;left&#8220; color=&#8220;#3390b9&#8243; thickness=&#8220;4&#8243; width=&#8220;50&#8243;]<div class=\"custom_font_holder \" style=\"font-family: red hat display; font-style: normal; font-weight: 800; color: #3390b9; text-decoration: none; text-align: left; --qode-cf-font-size: 38px; --qode-cf-line-height: 39px; --qode-cf-font-size-1440: 38px; --qode-cf-line-height-1440: 39px; --qode-cf-font-size-1366: 38px; --qode-cf-line-height-1366: 39px; --qode-cf-font-size-1280: 38px; --qode-cf-line-height-1280: 39px; --qode-cf-font-size-1024: 38px; --qode-cf-line-height-1024: 39px; --qode-cf-font-size-768: 38px; --qode-cf-line-height-768: 39px; --qode-cf-font-size-680: 38px; --qode-cf-line-height-680: 39px; --qode-cf-font-size-480: 38px; --qode-cf-line-height-480: 39px;\">MIT DEM AUTO<\/div>[\/vc_column_inner][vc_column_inner width=&#8220;1\/2&#8243;][\/vc_column_inner][\/vc_row_inner][vc_row_inner row_type=&#8220;row&#8220; type=&#8220;full_width&#8220; text_align=&#8220;left&#8220; css_animation=&#8220;&#8220;][vc_column_inner width=&#8220;1\/2&#8243;][vc_single_image image=&#8220;1950&#8243; img_size=&#8220;full&#8220; qode_css_animation=&#8220;&#8220;][vc_empty_space][\/vc_column_inner][vc_column_inner width=&#8220;1\/2&#8243; css=&#8220;.vc_custom_1674212910857{margin-bottom: 80px !important;}&#8220;][vc_column_text]<\/p>\n<p style=\"text-align: justify;\">Die Gallura ist von mehreren <strong>Panoramastra\u00dfen<\/strong> durchzogen, auf denen man das sardische Gebiet in seiner ganzen Sch\u00f6nheit entdecken kann. Entlang der <strong>Settentrionale Sarda<\/strong> (SS 127) von <a href=\"https:\/\/discovergallura.it\/de\/olbia\/\">Olbia<\/a> nach Tempio kann man das gallurische Hinterland in Richtung Monte Limbara erkunden, darunter das Gebiet von <a href=\"https:\/\/discovergallura.it\/de\/calangianus\/\">Calangianus<\/a>, das f\u00fcr seinen Vermentino-Wein und die Korkverarbeitung bekannt ist. Nach dieser ersten Steigung f\u00fchrt der zweite Abschnitt durch eine h\u00fcgelige Landschaft und f\u00e4llt allm\u00e4hlich in Richtung <a href=\"https:\/\/discovergallura.it\/de\/tempio-pausania\/\">Tempio Pausania<\/a> ab. Die alte <strong>Orientale Sarda<\/strong> (SS 125) ist die \u00e4lteste Stra\u00dfe im Osten Sardiniens: Von Cagliari nach <a href=\"https:\/\/discovergallura.it\/de\/palau\/\">Palau<\/a> f\u00fchrt diese kurvenreiche Stra\u00dfe an einigen der sch\u00f6nsten Str\u00e4nde der Region vorbei. Die <strong>K\u00fcstenstra\u00dfe von Palau nach Cannigione<\/strong> bietet ebenfalls au\u00dfergew\u00f6hnliche Ausblicke: Ein Halt an den <strong>Piscine di Cannigione<\/strong> mit wei\u00dfem Sand und kristallklarem Wasser lohnt sich auf jeden Fall. Dieser bezaubernde, mitten in der Natur gelegene Strand ist \u00fcber einen kurzen Weg zu erreichen und ist auch f\u00fcr Familien geeignet.<\/p>\n<p>[\/vc_column_text][\/vc_column_inner][\/vc_row_inner][\/vc_column][\/vc_row][vc_row css_animation=&#8220;&#8220; row_type=&#8220;row&#8220; use_row_as_full_screen_section=&#8220;no&#8220; type=&#8220;grid&#8220; angled_section=&#8220;no&#8220; text_align=&#8220;left&#8220; background_image_as_pattern=&#8220;without_pattern&#8220; z_index=&#8220;&#8220;][vc_column width=&#8220;1\/6&#8243;][\/vc_column][vc_column width=&#8220;2\/3&#8243; css=&#8220;.vc_custom_1674141388895{margin-top: 80px !important;}&#8220; offset=&#8220;vc_hidden-sm vc_hidden-xs&#8220;]<div class=\"custom_font_holder \" style=\"font-family: EB garamond; font-style: italic; font-weight: 500; text-decoration: none; text-align: left; --qode-cf-font-size: 24px; --qode-cf-line-height: 28px; --qode-cf-font-size-1440: 24px; --qode-cf-line-height-1440: 28px; --qode-cf-font-size-1366: 24px; --qode-cf-line-height-1366: 28px; --qode-cf-font-size-1280: 24px; --qode-cf-line-height-1280: 28px; --qode-cf-font-size-1024: 24px; --qode-cf-line-height-1024: 28px; --qode-cf-font-size-768: 24px; --qode-cf-line-height-768: 28px; --qode-cf-font-size-680: 24px; --qode-cf-line-height-680: 28px; --qode-cf-font-size-480: 24px; --qode-cf-line-height-480: 28px;\">\n<p style=\"text-align: center;\"><span style=\"font-size: 24pt; line-height: 110%;\">Ein \u201eRoadtrip\u201c mit dem Auto ist ideal, um die Gallura zu erkunden.<\/span><\/p>\n<\/div>[\/vc_column][vc_column width=&#8220;1\/6&#8243;][\/vc_column][\/vc_row][vc_row css_animation=&#8220;&#8220; row_type=&#8220;row&#8220; use_row_as_full_screen_section=&#8220;no&#8220; type=&#8220;full_width&#8220; angled_section=&#8220;no&#8220; text_align=&#8220;left&#8220; background_image_as_pattern=&#8220;without_pattern&#8220; z_index=&#8220;&#8220;][vc_column css=&#8220;.vc_custom_1675698623158{margin-top: 80px !important;margin-bottom: 120px !important;}&#8220;]<div class=\"qode-advanced-image-gallery  qode-aig-slider-type qode-tiny-space   \">\n\t<div class=\"qode-aig-slider qode-owl-slider\" data-number-of-items=\"1\" data-enable-loop=\"yes\" data-enable-autoplay=\"yes\" data-slider-speed=\"5000\" data-slider-speed-animation=\"600\" data-slider-padding=\"yes\" data-enable-navigation=\"yes\" data-enable-pagination=\"yes\">\n\t\t\t\t\t<div class=\"qode-aig-image\">\n\t\t\t\t\t\t\t\t\t<img loading=\"lazy\" decoding=\"async\" width=\"1440\" height=\"961\" src=\"https:\/\/discovergallura.it\/wp-content\/uploads\/2023\/01\/shutterstock_1962969052.jpg\" class=\"attachment-full size-full\" alt=\"\" srcset=\"https:\/\/discovergallura.it\/wp-content\/uploads\/2023\/01\/shutterstock_1962969052.jpg 1440w, https:\/\/discovergallura.it\/wp-content\/uploads\/2023\/01\/shutterstock_1962969052-300x200.jpg 300w, https:\/\/discovergallura.it\/wp-content\/uploads\/2023\/01\/shutterstock_1962969052-1024x683.jpg 1024w, https:\/\/discovergallura.it\/wp-content\/uploads\/2023\/01\/shutterstock_1962969052-768x513.jpg 768w, https:\/\/discovergallura.it\/wp-content\/uploads\/2023\/01\/shutterstock_1962969052-700x467.jpg 700w\" sizes=\"auto, (max-width: 1440px) 100vw, 1440px\" \/>\t\t\t\t\t<span class=\"aig-gallery-hover\">\n\t\t\t\t\t\t\t\t\t\t\t<\/span>\n\t\t\t\t\t\t\t<\/div>\n\t\t\t\t\t\t\t\t<div class=\"qode-aig-image\">\n\t\t\t\t\t\t\t\t\t<img loading=\"lazy\" decoding=\"async\" width=\"726\" height=\"484\" src=\"https:\/\/discovergallura.it\/wp-content\/uploads\/2023\/01\/shutterstock_1401459440.jpg\" class=\"attachment-full size-full\" alt=\"\" srcset=\"https:\/\/discovergallura.it\/wp-content\/uploads\/2023\/01\/shutterstock_1401459440.jpg 726w, https:\/\/discovergallura.it\/wp-content\/uploads\/2023\/01\/shutterstock_1401459440-300x200.jpg 300w, https:\/\/discovergallura.it\/wp-content\/uploads\/2023\/01\/shutterstock_1401459440-700x467.jpg 700w\" sizes=\"auto, (max-width: 726px) 100vw, 726px\" \/>\t\t\t\t\t<span class=\"aig-gallery-hover\">\n\t\t\t\t\t\t\t\t\t\t\t<\/span>\n\t\t\t\t\t\t\t<\/div>\n\t\t\t\t\t\t\t\t<div class=\"qode-aig-image\">\n\t\t\t\t\t\t\t\t\t<img loading=\"lazy\" decoding=\"async\" width=\"1440\" height=\"884\" src=\"https:\/\/discovergallura.it\/wp-content\/uploads\/2023\/01\/shutterstock_1928301677.jpg\" class=\"attachment-full size-full\" alt=\"\" srcset=\"https:\/\/discovergallura.it\/wp-content\/uploads\/2023\/01\/shutterstock_1928301677.jpg 1440w, https:\/\/discovergallura.it\/wp-content\/uploads\/2023\/01\/shutterstock_1928301677-300x184.jpg 300w, https:\/\/discovergallura.it\/wp-content\/uploads\/2023\/01\/shutterstock_1928301677-1024x629.jpg 1024w, https:\/\/discovergallura.it\/wp-content\/uploads\/2023\/01\/shutterstock_1928301677-768x471.jpg 768w, https:\/\/discovergallura.it\/wp-content\/uploads\/2023\/01\/shutterstock_1928301677-700x430.jpg 700w\" sizes=\"auto, (max-width: 1440px) 100vw, 1440px\" \/>\t\t\t\t\t<span class=\"aig-gallery-hover\">\n\t\t\t\t\t\t\t\t\t\t\t<\/span>\n\t\t\t\t\t\t\t<\/div>\n\t\t\t\t\t\t\t\t<div class=\"qode-aig-image\">\n\t\t\t\t\t\t\t\t\t<img loading=\"lazy\" decoding=\"async\" width=\"1390\" height=\"927\" src=\"https:\/\/discovergallura.it\/wp-content\/uploads\/2023\/01\/shutterstock_1886955718.jpg\" class=\"attachment-full size-full\" alt=\"\" srcset=\"https:\/\/discovergallura.it\/wp-content\/uploads\/2023\/01\/shutterstock_1886955718.jpg 1390w, https:\/\/discovergallura.it\/wp-content\/uploads\/2023\/01\/shutterstock_1886955718-300x200.jpg 300w, https:\/\/discovergallura.it\/wp-content\/uploads\/2023\/01\/shutterstock_1886955718-1024x683.jpg 1024w, https:\/\/discovergallura.it\/wp-content\/uploads\/2023\/01\/shutterstock_1886955718-768x512.jpg 768w, https:\/\/discovergallura.it\/wp-content\/uploads\/2023\/01\/shutterstock_1886955718-700x467.jpg 700w\" sizes=\"auto, (max-width: 1390px) 100vw, 1390px\" \/>\t\t\t\t\t<span class=\"aig-gallery-hover\">\n\t\t\t\t\t\t\t\t\t\t\t<\/span>\n\t\t\t\t\t\t\t<\/div>\n\t\t\t\t\t\t<\/div>\n<\/div>[\/vc_column][\/vc_row]<\/p>\n<\/div>","protected":false},"excerpt":{"rendered":"<p>[vc_row css_animation=&#8220;&#8220; row_type=&#8220;row&#8220; use_row_as_full_screen_section=&#8220;no&#8220; type=&#8220;grid&#8220; angled_section=&#8220;no&#8220; text_align=&#8220;left&#8220; background_image_as_pattern=&#8220;without_pattern&#8220; z_index=&#8220;&#8220;][vc_column css=&#8220;.vc_custom_1674214152573{margin-top: 80px !important;}&#8220;][vc_row_inner row_type=&#8220;row&#8220; type=&#8220;full_width&#8220; text_align=&#8220;left&#8220; css_animation=&#8220;&#8220;][vc_column_inner width=&#8220;1\/2&#8243; css=&#8220;.vc_custom_1674212921568{margin-bottom: 110px !important;}&#8220;][vc_separator type=&#8220;small&#8220; position=&#8220;left&#8220; color=&#8220;#3390b9&#8243; thickness=&#8220;4&#8243; width=&#8220;50&#8243;][\/vc_column_inner][vc_column_inner width=&#8220;1\/2&#8243;][\/vc_column_inner][\/vc_row_inner][vc_row_inner row_type=&#8220;row&#8220; type=&#8220;full_width&#8220; text_align=&#8220;left&#8220; css_animation=&#8220;&#8220;][vc_column_inner width=&#8220;1\/2&#8243;][vc_single_image image=&#8220;1950&#8243; img_size=&#8220;full&#8220; qode_css_animation=&#8220;&#8220;][vc_empty_space][\/vc_column_inner][vc_column_inner width=&#8220;1\/2&#8243; css=&#8220;.vc_custom_1674212910857{margin-bottom: 80px !important;}&#8220;][vc_column_text] Die Gallura ist von mehreren Panoramastra\u00dfen durchzogen,&#8230;<\/p>\n","protected":false},"author":1,"featured_media":8845,"parent":10665,"menu_order":0,"comment_status":"closed","ping_status":"closed","template":"full_width.php","meta":{"inline_featured_image":false,"footnotes":""},"class_list":["post-10562","page","type-page","status-publish","has-post-thumbnail","hentry"],"_links":{"self":[{"href":"https:\/\/discovergallura.it\/de\/wp-json\/wp\/v2\/pages\/10562","targetHints":{"allow":["GET"]}}],"collection":[{"href":"https:\/\/discovergallura.it\/de\/wp-json\/wp\/v2\/pages"}],"about":[{"href":"https:\/\/discovergallura.it\/de\/wp-json\/wp\/v2\/types\/page"}],"author":[{"embeddable":true,"href":"https:\/\/discovergallura.it\/de\/wp-json\/wp\/v2\/users\/1"}],"replies":[{"embeddable":true,"href":"https:\/\/discovergallura.it\/de\/wp-json\/wp\/v2\/comments?post=10562"}],"version-history":[{"count":3,"href":"https:\/\/discovergallura.it\/de\/wp-json\/wp\/v2\/pages\/10562\/revisions"}],"predecessor-version":[{"id":10565,"href":"https:\/\/discovergallura.it\/de\/wp-json\/wp\/v2\/pages\/10562\/revisions\/10565"}],"up":[{"embeddable":true,"href":"https:\/\/discovergallura.it\/de\/wp-json\/wp\/v2\/pages\/10665"}],"wp:featuredmedia":[{"embeddable":true,"href":"https:\/\/discovergallura.it\/de\/wp-json\/wp\/v2\/media\/8845"}],"wp:attachment":[{"href":"https:\/\/discovergallura.it\/de\/wp-json\/wp\/v2\/media?parent=10562"}],"curies":[{"name":"wp","href":"https:\/\/api.w.org\/{rel}","templated":true}]}}