{"id":10574,"date":"2023-01-24T17:33:17","date_gmt":"2023-01-24T16:33:17","guid":{"rendered":"https:\/\/discovergallura.it\/itinerari-in-treno\/"},"modified":"2023-04-17T15:46:34","modified_gmt":"2023-04-17T13:46:34","slug":"itinerari-in-treno","status":"publish","type":"page","link":"https:\/\/discovergallura.it\/de\/itinerari-consigliati\/itinerari-in-treno\/","title":{"rendered":"Mit dem Zug"},"content":{"rendered":"<div class=\"wpb-content-wrapper\"><p>[vc_row css_animation=&#8220;&#8220; row_type=&#8220;row&#8220; use_row_as_full_screen_section=&#8220;no&#8220; type=&#8220;grid&#8220; angled_section=&#8220;no&#8220; text_align=&#8220;left&#8220; background_image_as_pattern=&#8220;without_pattern&#8220; z_index=&#8220;&#8220;][vc_column css=&#8220;.vc_custom_1674214152573{margin-top: 80px !important;}&#8220;][vc_row_inner row_type=&#8220;row&#8220; type=&#8220;full_width&#8220; text_align=&#8220;left&#8220; css_animation=&#8220;&#8220;][vc_column_inner width=&#8220;1\/2&#8243; css=&#8220;.vc_custom_1674212921568{margin-bottom: 110px !important;}&#8220;][vc_separator type=&#8220;small&#8220; position=&#8220;left&#8220; color=&#8220;#3390b9&#8243; thickness=&#8220;4&#8243; width=&#8220;50&#8243;]<div class=\"custom_font_holder \" style=\"font-family: red hat display; font-style: normal; font-weight: 800; color: #3390b9; text-decoration: none; text-align: left; --qode-cf-font-size: 38px; --qode-cf-line-height: 39px; --qode-cf-font-size-1440: 38px; --qode-cf-line-height-1440: 39px; --qode-cf-font-size-1366: 38px; --qode-cf-line-height-1366: 39px; --qode-cf-font-size-1280: 38px; --qode-cf-line-height-1280: 39px; --qode-cf-font-size-1024: 38px; --qode-cf-line-height-1024: 39px; --qode-cf-font-size-768: 38px; --qode-cf-line-height-768: 39px; --qode-cf-font-size-680: 38px; --qode-cf-line-height-680: 39px; --qode-cf-font-size-480: 38px; --qode-cf-line-height-480: 39px;\">MIT DEM ZUG<\/div>[\/vc_column_inner][vc_column_inner width=&#8220;1\/2&#8243;][\/vc_column_inner][\/vc_row_inner][vc_row_inner row_type=&#8220;row&#8220; type=&#8220;full_width&#8220; text_align=&#8220;left&#8220; css_animation=&#8220;&#8220;][vc_column_inner width=&#8220;1\/2&#8243;][vc_single_image image=&#8220;1969&#8243; img_size=&#8220;full&#8220; qode_css_animation=&#8220;&#8220;][vc_empty_space][\/vc_column_inner][vc_column_inner width=&#8220;1\/2&#8243; css=&#8220;.vc_custom_1674212910857{margin-bottom: 80px !important;}&#8220;][vc_column_text]<\/p>\n<p style=\"text-align: justify;\"><strong>Mit dem Trenino<\/strong> Verde, dem Gr\u00fcnen Zug, kann man auf der Strecke Sassari-Tempio Palau von K\u00fcste zu K\u00fcste fahren und die <a href=\"https:\/\/discovergallura.it\/de\/porto-cervo-costa-smeralda\/\">Costa Smeralda<\/a> und die Riviera del Corallo erkunden. Wie der Name schon sagt, f\u00e4hrt der Zug unter dem Motto der Nachhaltigkeit und der authentischen und unverf\u00e4lschten Traditionen eine Strecke mitten durch die Natur. Nach einer anf\u00e4nglichen Steigung durch die H\u00fcgel beginnt eine langsame Abfahrt in Richtung des Flusses Coghinas: Auf der Strecke werden mehrere Stopps eingelegt, darunter der versteinerte <strong>Wald von Carrucana<\/strong> in der Region Anglona. Dieser Ort zeichnet sich durch seine Einzigartigkeit aus und erm\u00f6glicht es, die fossilen \u00dcberreste von B\u00e4umen zu bewundern, die durch einen Vulkanausbruch vor zwanzig Millionen Jahren versteinert wurden. Schlie\u00dflich f\u00e4hrt der Zug weiter ins bergige Hinterland und dann in Richtung Costa Smeralda und <a href=\"https:\/\/discovergallura.it\/de\/palau\/\">Palau<\/a>. Diese Erfahrung eignet sich auch f\u00fcr diejenigen, die die Gegend entdecken wollen, ohne dabei auf ihren traditionellen Badeurlaub zu verzichten.<\/p>\n<p>[\/vc_column_text][\/vc_column_inner][\/vc_row_inner][\/vc_column][\/vc_row][vc_row css_animation=&#8220;&#8220; row_type=&#8220;row&#8220; use_row_as_full_screen_section=&#8220;no&#8220; type=&#8220;grid&#8220; angled_section=&#8220;no&#8220; text_align=&#8220;left&#8220; background_image_as_pattern=&#8220;without_pattern&#8220; z_index=&#8220;&#8220;][vc_column width=&#8220;1\/6&#8243;][\/vc_column][vc_column width=&#8220;2\/3&#8243; css=&#8220;.vc_custom_1674141388895{margin-top: 80px !important;}&#8220; offset=&#8220;vc_hidden-sm vc_hidden-xs&#8220;]<div class=\"custom_font_holder \" style=\"font-family: EB garamond; font-style: italic; font-weight: 500; text-decoration: none; text-align: left; --qode-cf-font-size: 24px; --qode-cf-line-height: 28px; --qode-cf-font-size-1440: 24px; --qode-cf-line-height-1440: 28px; --qode-cf-font-size-1366: 24px; --qode-cf-line-height-1366: 28px; --qode-cf-font-size-1280: 24px; --qode-cf-line-height-1280: 28px; --qode-cf-font-size-1024: 24px; --qode-cf-line-height-1024: 28px; --qode-cf-font-size-768: 24px; --qode-cf-line-height-768: 28px; --qode-cf-font-size-680: 24px; --qode-cf-line-height-680: 28px; --qode-cf-font-size-480: 24px; --qode-cf-line-height-480: 28px;\">\n<p style=\"text-align: center;\"><span style=\"font-size: 24pt; line-height: 110%;\">Wer Sardinien einmal anders erleben m\u00f6chte, kann verschiedene Zugfahrten machen<\/span><\/p>\n<\/div>[\/vc_column][vc_column width=&#8220;1\/6&#8243;][\/vc_column][\/vc_row][vc_row css_animation=&#8220;&#8220; row_type=&#8220;row&#8220; use_row_as_full_screen_section=&#8220;no&#8220; type=&#8220;full_width&#8220; angled_section=&#8220;no&#8220; text_align=&#8220;left&#8220; background_image_as_pattern=&#8220;without_pattern&#8220; z_index=&#8220;&#8220;][vc_column css=&#8220;.vc_custom_1675698771832{margin-top: 80px !important;margin-bottom: 120px !important;}&#8220;]<div class=\"qode-advanced-image-gallery  qode-aig-slider-type qode-tiny-space   \">\n\t<div class=\"qode-aig-slider qode-owl-slider\" data-number-of-items=\"1\" data-enable-loop=\"yes\" data-enable-autoplay=\"yes\" data-slider-speed=\"5000\" data-slider-speed-animation=\"600\" data-slider-padding=\"yes\" data-enable-navigation=\"yes\" data-enable-pagination=\"yes\">\n\t\t\t\t\t<div class=\"qode-aig-image\">\n\t\t\t\t\t\t\t\t\t<img loading=\"lazy\" decoding=\"async\" width=\"779\" height=\"433\" src=\"https:\/\/discovergallura.it\/wp-content\/uploads\/2023\/01\/1treninoverde.jpg\" class=\"attachment-full size-full\" alt=\"\" srcset=\"https:\/\/discovergallura.it\/wp-content\/uploads\/2023\/01\/1treninoverde.jpg 779w, https:\/\/discovergallura.it\/wp-content\/uploads\/2023\/01\/1treninoverde-300x167.jpg 300w, https:\/\/discovergallura.it\/wp-content\/uploads\/2023\/01\/1treninoverde-768x427.jpg 768w, https:\/\/discovergallura.it\/wp-content\/uploads\/2023\/01\/1treninoverde-700x389.jpg 700w\" sizes=\"auto, (max-width: 779px) 100vw, 779px\" \/>\t\t\t\t\t<span class=\"aig-gallery-hover\">\n\t\t\t\t\t\t\t\t\t\t\t<\/span>\n\t\t\t\t\t\t\t<\/div>\n\t\t\t\t\t\t\t\t<div class=\"qode-aig-image\">\n\t\t\t\t\t\t\t\t\t<img loading=\"lazy\" decoding=\"async\" width=\"778\" height=\"438\" src=\"https:\/\/discovergallura.it\/wp-content\/uploads\/2023\/01\/2treninoverde.jpg\" class=\"attachment-full size-full\" alt=\"\" srcset=\"https:\/\/discovergallura.it\/wp-content\/uploads\/2023\/01\/2treninoverde.jpg 778w, https:\/\/discovergallura.it\/wp-content\/uploads\/2023\/01\/2treninoverde-300x169.jpg 300w, https:\/\/discovergallura.it\/wp-content\/uploads\/2023\/01\/2treninoverde-768x432.jpg 768w, https:\/\/discovergallura.it\/wp-content\/uploads\/2023\/01\/2treninoverde-700x394.jpg 700w, https:\/\/discovergallura.it\/wp-content\/uploads\/2023\/01\/2treninoverde-539x303.jpg 539w\" sizes=\"auto, (max-width: 778px) 100vw, 778px\" \/>\t\t\t\t\t<span class=\"aig-gallery-hover\">\n\t\t\t\t\t\t\t\t\t\t\t<\/span>\n\t\t\t\t\t\t\t<\/div>\n\t\t\t\t\t\t\t\t<div class=\"qode-aig-image\">\n\t\t\t\t\t\t\t\t\t<img loading=\"lazy\" decoding=\"async\" width=\"1115\" height=\"797\" src=\"https:\/\/discovergallura.it\/wp-content\/uploads\/2023\/01\/Senza-titolo-3_Tavola-disegno-1.jpg\" class=\"attachment-full size-full\" alt=\"\" srcset=\"https:\/\/discovergallura.it\/wp-content\/uploads\/2023\/01\/Senza-titolo-3_Tavola-disegno-1.jpg 1115w, https:\/\/discovergallura.it\/wp-content\/uploads\/2023\/01\/Senza-titolo-3_Tavola-disegno-1-300x214.jpg 300w, https:\/\/discovergallura.it\/wp-content\/uploads\/2023\/01\/Senza-titolo-3_Tavola-disegno-1-1024x732.jpg 1024w, https:\/\/discovergallura.it\/wp-content\/uploads\/2023\/01\/Senza-titolo-3_Tavola-disegno-1-768x549.jpg 768w, https:\/\/discovergallura.it\/wp-content\/uploads\/2023\/01\/Senza-titolo-3_Tavola-disegno-1-700x500.jpg 700w\" sizes=\"auto, (max-width: 1115px) 100vw, 1115px\" \/>\t\t\t\t\t<span class=\"aig-gallery-hover\">\n\t\t\t\t\t\t\t\t\t\t\t<\/span>\n\t\t\t\t\t\t\t<\/div>\n\t\t\t\t\t\t\t\t<div class=\"qode-aig-image\">\n\t\t\t\t\t\t\t\t\t<img loading=\"lazy\" decoding=\"async\" width=\"1115\" height=\"797\" src=\"https:\/\/discovergallura.it\/wp-content\/uploads\/2023\/01\/Senza-titolo-4_Tavola-disegno-1.jpg\" class=\"attachment-full size-full\" alt=\"\" srcset=\"https:\/\/discovergallura.it\/wp-content\/uploads\/2023\/01\/Senza-titolo-4_Tavola-disegno-1.jpg 1115w, https:\/\/discovergallura.it\/wp-content\/uploads\/2023\/01\/Senza-titolo-4_Tavola-disegno-1-300x214.jpg 300w, https:\/\/discovergallura.it\/wp-content\/uploads\/2023\/01\/Senza-titolo-4_Tavola-disegno-1-1024x732.jpg 1024w, https:\/\/discovergallura.it\/wp-content\/uploads\/2023\/01\/Senza-titolo-4_Tavola-disegno-1-768x549.jpg 768w, https:\/\/discovergallura.it\/wp-content\/uploads\/2023\/01\/Senza-titolo-4_Tavola-disegno-1-700x500.jpg 700w\" sizes=\"auto, (max-width: 1115px) 100vw, 1115px\" \/>\t\t\t\t\t<span class=\"aig-gallery-hover\">\n\t\t\t\t\t\t\t\t\t\t\t<\/span>\n\t\t\t\t\t\t\t<\/div>\n\t\t\t\t\t\t<\/div>\n<\/div>[\/vc_column][\/vc_row]<\/p>\n<\/div>","protected":false},"excerpt":{"rendered":"<p>[vc_row css_animation=&#8220;&#8220; row_type=&#8220;row&#8220; use_row_as_full_screen_section=&#8220;no&#8220; type=&#8220;grid&#8220; angled_section=&#8220;no&#8220; text_align=&#8220;left&#8220; background_image_as_pattern=&#8220;without_pattern&#8220; z_index=&#8220;&#8220;][vc_column css=&#8220;.vc_custom_1674214152573{margin-top: 80px !important;}&#8220;][vc_row_inner row_type=&#8220;row&#8220; type=&#8220;full_width&#8220; text_align=&#8220;left&#8220; css_animation=&#8220;&#8220;][vc_column_inner width=&#8220;1\/2&#8243; css=&#8220;.vc_custom_1674212921568{margin-bottom: 110px !important;}&#8220;][vc_separator type=&#8220;small&#8220; position=&#8220;left&#8220; color=&#8220;#3390b9&#8243; thickness=&#8220;4&#8243; width=&#8220;50&#8243;][\/vc_column_inner][vc_column_inner width=&#8220;1\/2&#8243;][\/vc_column_inner][\/vc_row_inner][vc_row_inner row_type=&#8220;row&#8220; type=&#8220;full_width&#8220; text_align=&#8220;left&#8220; css_animation=&#8220;&#8220;][vc_column_inner width=&#8220;1\/2&#8243;][vc_single_image image=&#8220;1969&#8243; img_size=&#8220;full&#8220; qode_css_animation=&#8220;&#8220;][vc_empty_space][\/vc_column_inner][vc_column_inner width=&#8220;1\/2&#8243; css=&#8220;.vc_custom_1674212910857{margin-bottom: 80px !important;}&#8220;][vc_column_text] Mit dem Trenino Verde, dem Gr\u00fcnen Zug,&#8230;<\/p>\n","protected":false},"author":1,"featured_media":8857,"parent":10665,"menu_order":0,"comment_status":"closed","ping_status":"closed","template":"full_width.php","meta":{"inline_featured_image":false,"footnotes":""},"class_list":["post-10574","page","type-page","status-publish","has-post-thumbnail","hentry"],"_links":{"self":[{"href":"https:\/\/discovergallura.it\/de\/wp-json\/wp\/v2\/pages\/10574","targetHints":{"allow":["GET"]}}],"collection":[{"href":"https:\/\/discovergallura.it\/de\/wp-json\/wp\/v2\/pages"}],"about":[{"href":"https:\/\/discovergallura.it\/de\/wp-json\/wp\/v2\/types\/page"}],"author":[{"embeddable":true,"href":"https:\/\/discovergallura.it\/de\/wp-json\/wp\/v2\/users\/1"}],"replies":[{"embeddable":true,"href":"https:\/\/discovergallura.it\/de\/wp-json\/wp\/v2\/comments?post=10574"}],"version-history":[{"count":3,"href":"https:\/\/discovergallura.it\/de\/wp-json\/wp\/v2\/pages\/10574\/revisions"}],"predecessor-version":[{"id":10577,"href":"https:\/\/discovergallura.it\/de\/wp-json\/wp\/v2\/pages\/10574\/revisions\/10577"}],"up":[{"embeddable":true,"href":"https:\/\/discovergallura.it\/de\/wp-json\/wp\/v2\/pages\/10665"}],"wp:featuredmedia":[{"embeddable":true,"href":"https:\/\/discovergallura.it\/de\/wp-json\/wp\/v2\/media\/8857"}],"wp:attachment":[{"href":"https:\/\/discovergallura.it\/de\/wp-json\/wp\/v2\/media?parent=10574"}],"curies":[{"name":"wp","href":"https:\/\/api.w.org\/{rel}","templated":true}]}}