{"id":10615,"date":"2023-01-26T15:03:02","date_gmt":"2023-01-26T14:03:02","guid":{"rendered":"https:\/\/discovergallura.it\/eventi-da-non-perdere\/"},"modified":"2023-04-17T16:57:26","modified_gmt":"2023-04-17T14:57:26","slug":"eventi-da-non-perdere","status":"publish","type":"page","link":"https:\/\/discovergallura.it\/de\/ispirazioni\/eventi-da-non-perdere\/","title":{"rendered":"Die wichtigsten Veranstaltungen"},"content":{"rendered":"<div class=\"wpb-content-wrapper\"><p>[vc_row css_animation=&#8220;&#8220; row_type=&#8220;row&#8220; use_row_as_full_screen_section=&#8220;no&#8220; type=&#8220;grid&#8220; angled_section=&#8220;no&#8220; text_align=&#8220;left&#8220; background_image_as_pattern=&#8220;without_pattern&#8220; z_index=&#8220;&#8220;][vc_column css=&#8220;.vc_custom_1674214152573{margin-top: 80px !important;}&#8220;][vc_row_inner row_type=&#8220;row&#8220; type=&#8220;full_width&#8220; text_align=&#8220;left&#8220; css_animation=&#8220;&#8220;][vc_column_inner width=&#8220;1\/2&#8243; css=&#8220;.vc_custom_1674212921568{margin-bottom: 110px !important;}&#8220;][vc_separator type=&#8220;small&#8220; position=&#8220;left&#8220; color=&#8220;#3390b9&#8243; thickness=&#8220;4&#8243; width=&#8220;50&#8243;]<div class=\"custom_font_holder \" style=\"font-family: red hat display; font-style: normal; font-weight: 800; color: #3390b9; text-decoration: none; text-align: left; --qode-cf-font-size: 38px; --qode-cf-line-height: 39px; --qode-cf-font-size-1440: 38px; --qode-cf-line-height-1440: 39px; --qode-cf-font-size-1366: 38px; --qode-cf-line-height-1366: 39px; --qode-cf-font-size-1280: 38px; --qode-cf-line-height-1280: 39px; --qode-cf-font-size-1024: 38px; --qode-cf-line-height-1024: 39px; --qode-cf-font-size-768: 38px; --qode-cf-line-height-768: 39px; --qode-cf-font-size-680: 38px; --qode-cf-line-height-680: 39px; --qode-cf-font-size-480: 38px; --qode-cf-line-height-480: 39px;\">DIE WICHTIGSTEN VERANSTALTUNGEN<\/div>[\/vc_column_inner][vc_column_inner width=&#8220;1\/2&#8243;][\/vc_column_inner][\/vc_row_inner][vc_row_inner row_type=&#8220;row&#8220; type=&#8220;full_width&#8220; text_align=&#8220;left&#8220; css_animation=&#8220;&#8220;][vc_column_inner width=&#8220;1\/2&#8243;][vc_single_image image=&#8220;2165&#8243; img_size=&#8220;full&#8220; qode_css_animation=&#8220;&#8220;][vc_empty_space][\/vc_column_inner][vc_column_inner width=&#8220;1\/2&#8243; css=&#8220;.vc_custom_1674212910857{margin-bottom: 80px !important;}&#8220;][vc_column_text]<\/p>\n<p style=\"text-align: justify;\">Auf Sardinien gibt es <strong>zahlreiche Veranstaltungen<\/strong>, die man nicht verpassen sollte, allen voran <strong>Time in Jazz<\/strong>: Dieses internationale Festival, das jeden Sommer zwischen der Gallura und Luogodoro stattfindet, konzentriert sich auf Jazz und musikalische Improvisation; ab 2019 umfasst das Programm aber auch Literatur-, Film- und Kunstveranstaltungen. Ein besonderes Ereignis f\u00fcr Musik- und vor allem Bluesliebhaber ist das <strong>Aglientu Summer Blues Festival<\/strong>: Weltber\u00fchmte und aufstrebende lokale Bands wechseln sich auf der B\u00fchne ab. Der <a href=\"https:\/\/discovergallura.it\/de\/la-maddalena\/\">Maddalena-Archipel<\/a> \u00e8 ist Schauplatz einer weiteren interessanten Veranstaltung: Die <strong>Valigia dell&#8217;attore<\/strong> (Der Koffer des Schauspielers) bietet jedes Jahr einen umfassenden \u00dcberblick \u00fcber die Welt des Schauspiels, mit Vorf\u00fchrungen und Einblicken von der Vergangenheit bis zur Zukunft dieser Kunstgattung. Zwischen Tradition und Innovation, Kultur und Natur findet <strong>Isole che Parlano<\/strong> (Sprechende Inseln) statt, eine Veranstaltung, bei der Musik, Fotografie, kulinarische Traditionen und Wein sowie ein Kinderprogramm im Mittelpunkt stehen.<br \/>\n<strong>Musica sulle Bocche<\/strong> (Musik in aller Munde) schlie\u00dflich ist ein dem Jazz gewidmetes Festival mit internationalen G\u00e4sten, das sich jedoch perfekt in den lokalen Kontext einf\u00fcgt: Die Veranstaltungen finden in mehreren Gemeinden im Norden Sardiniens statt.<\/p>\n<p>[\/vc_column_text][\/vc_column_inner][\/vc_row_inner][\/vc_column][\/vc_row][vc_row css_animation=&#8220;&#8220; row_type=&#8220;row&#8220; use_row_as_full_screen_section=&#8220;no&#8220; type=&#8220;grid&#8220; angled_section=&#8220;no&#8220; text_align=&#8220;left&#8220; background_image_as_pattern=&#8220;without_pattern&#8220; z_index=&#8220;&#8220;][vc_column width=&#8220;1\/6&#8243;][\/vc_column][vc_column width=&#8220;2\/3&#8243; css=&#8220;.vc_custom_1674141388895{margin-top: 80px !important;}&#8220; offset=&#8220;vc_hidden-sm vc_hidden-xs&#8220;]<div class=\"custom_font_holder \" style=\"font-family: EB garamond; font-style: italic; font-weight: 500; text-decoration: none; text-align: left; --qode-cf-font-size: 24px; --qode-cf-line-height: 28px; --qode-cf-font-size-1440: 24px; --qode-cf-line-height-1440: 28px; --qode-cf-font-size-1366: 24px; --qode-cf-line-height-1366: 28px; --qode-cf-font-size-1280: 24px; --qode-cf-line-height-1280: 28px; --qode-cf-font-size-1024: 24px; --qode-cf-line-height-1024: 28px; --qode-cf-font-size-768: 24px; --qode-cf-line-height-768: 28px; --qode-cf-font-size-680: 24px; --qode-cf-line-height-680: 28px; --qode-cf-font-size-480: 24px; --qode-cf-line-height-480: 28px;\">\n<p style=\"text-align: center;\"><span style=\"font-size: 24pt; line-height: 110%;\">Die Gallura bietet f\u00fcr jeden Geschmack Veranstaltungen an, die nicht selten die lokale Kultur mit einer breiteren internationalen Szene verbinden.<\/span><\/p>\n<\/div>[\/vc_column][vc_column width=&#8220;1\/6&#8243;][\/vc_column][\/vc_row][vc_row css_animation=&#8220;&#8220; row_type=&#8220;row&#8220; use_row_as_full_screen_section=&#8220;no&#8220; type=&#8220;full_width&#8220; angled_section=&#8220;no&#8220; text_align=&#8220;left&#8220; background_image_as_pattern=&#8220;without_pattern&#8220; z_index=&#8220;&#8220;][vc_column css=&#8220;.vc_custom_1675699362383{margin-top: 80px !important;margin-bottom: 120px !important;}&#8220;]<div class=\"qode-advanced-image-gallery  qode-aig-slider-type qode-tiny-space   \">\n\t<div class=\"qode-aig-slider qode-owl-slider\" data-number-of-items=\"1\" data-enable-loop=\"yes\" data-enable-autoplay=\"yes\" data-slider-speed=\"5000\" data-slider-speed-animation=\"600\" data-slider-padding=\"yes\" data-enable-navigation=\"yes\" data-enable-pagination=\"yes\">\n\t\t\t\t\t<div class=\"qode-aig-image\">\n\t\t\t\t\t\t\t\t\t<img loading=\"lazy\" decoding=\"async\" width=\"1920\" height=\"1276\" src=\"https:\/\/discovergallura.it\/wp-content\/uploads\/2023\/01\/Time_in_Jazz_-_Berchidda_-_Piazza_del_Popolo_durante_un_concerto_foto_archivio_Time_in_Jazz_1-1564394171351.JPG-.jpeg\" class=\"attachment-full size-full\" alt=\"\" srcset=\"https:\/\/discovergallura.it\/wp-content\/uploads\/2023\/01\/Time_in_Jazz_-_Berchidda_-_Piazza_del_Popolo_durante_un_concerto_foto_archivio_Time_in_Jazz_1-1564394171351.JPG-.jpeg 1920w, https:\/\/discovergallura.it\/wp-content\/uploads\/2023\/01\/Time_in_Jazz_-_Berchidda_-_Piazza_del_Popolo_durante_un_concerto_foto_archivio_Time_in_Jazz_1-1564394171351.JPG--300x199.jpeg 300w, https:\/\/discovergallura.it\/wp-content\/uploads\/2023\/01\/Time_in_Jazz_-_Berchidda_-_Piazza_del_Popolo_durante_un_concerto_foto_archivio_Time_in_Jazz_1-1564394171351.JPG--1024x681.jpeg 1024w, https:\/\/discovergallura.it\/wp-content\/uploads\/2023\/01\/Time_in_Jazz_-_Berchidda_-_Piazza_del_Popolo_durante_un_concerto_foto_archivio_Time_in_Jazz_1-1564394171351.JPG--768x510.jpeg 768w, https:\/\/discovergallura.it\/wp-content\/uploads\/2023\/01\/Time_in_Jazz_-_Berchidda_-_Piazza_del_Popolo_durante_un_concerto_foto_archivio_Time_in_Jazz_1-1564394171351.JPG--1536x1021.jpeg 1536w, https:\/\/discovergallura.it\/wp-content\/uploads\/2023\/01\/Time_in_Jazz_-_Berchidda_-_Piazza_del_Popolo_durante_un_concerto_foto_archivio_Time_in_Jazz_1-1564394171351.JPG--700x465.jpeg 700w\" sizes=\"auto, (max-width: 1920px) 100vw, 1920px\" \/>\t\t\t\t\t<span class=\"aig-gallery-hover\">\n\t\t\t\t\t\t\t\t\t\t\t<\/span>\n\t\t\t\t\t\t\t<\/div>\n\t\t\t\t\t\t\t\t<div class=\"qode-aig-image\">\n\t\t\t\t\t\t\t\t\t<img loading=\"lazy\" decoding=\"async\" width=\"1200\" height=\"650\" src=\"https:\/\/discovergallura.it\/wp-content\/uploads\/2023\/01\/bocche2_ff9bbd17df68614def51f5a9f7eab269.jpeg\" class=\"attachment-full size-full\" alt=\"\" srcset=\"https:\/\/discovergallura.it\/wp-content\/uploads\/2023\/01\/bocche2_ff9bbd17df68614def51f5a9f7eab269.jpeg 1200w, https:\/\/discovergallura.it\/wp-content\/uploads\/2023\/01\/bocche2_ff9bbd17df68614def51f5a9f7eab269-300x163.jpeg 300w, https:\/\/discovergallura.it\/wp-content\/uploads\/2023\/01\/bocche2_ff9bbd17df68614def51f5a9f7eab269-1024x555.jpeg 1024w, https:\/\/discovergallura.it\/wp-content\/uploads\/2023\/01\/bocche2_ff9bbd17df68614def51f5a9f7eab269-768x416.jpeg 768w, https:\/\/discovergallura.it\/wp-content\/uploads\/2023\/01\/bocche2_ff9bbd17df68614def51f5a9f7eab269-700x379.jpeg 700w\" sizes=\"auto, (max-width: 1200px) 100vw, 1200px\" \/>\t\t\t\t\t<span class=\"aig-gallery-hover\">\n\t\t\t\t\t\t\t\t\t\t\t<\/span>\n\t\t\t\t\t\t\t<\/div>\n\t\t\t\t\t\t\t\t<div class=\"qode-aig-image\">\n\t\t\t\t\t\t\t\t\t<img loading=\"lazy\" decoding=\"async\" width=\"1200\" height=\"800\" src=\"https:\/\/discovergallura.it\/wp-content\/uploads\/2023\/01\/IcP2021-Associazione-Sarditudine-Francesco-Conversano.jpeg\" class=\"attachment-full size-full\" alt=\"\" srcset=\"https:\/\/discovergallura.it\/wp-content\/uploads\/2023\/01\/IcP2021-Associazione-Sarditudine-Francesco-Conversano.jpeg 1200w, https:\/\/discovergallura.it\/wp-content\/uploads\/2023\/01\/IcP2021-Associazione-Sarditudine-Francesco-Conversano-300x200.jpeg 300w, https:\/\/discovergallura.it\/wp-content\/uploads\/2023\/01\/IcP2021-Associazione-Sarditudine-Francesco-Conversano-1024x683.jpeg 1024w, https:\/\/discovergallura.it\/wp-content\/uploads\/2023\/01\/IcP2021-Associazione-Sarditudine-Francesco-Conversano-768x512.jpeg 768w, https:\/\/discovergallura.it\/wp-content\/uploads\/2023\/01\/IcP2021-Associazione-Sarditudine-Francesco-Conversano-700x467.jpeg 700w\" sizes=\"auto, (max-width: 1200px) 100vw, 1200px\" \/>\t\t\t\t\t<span class=\"aig-gallery-hover\">\n\t\t\t\t\t\t\t\t\t\t\t<\/span>\n\t\t\t\t\t\t\t<\/div>\n\t\t\t\t\t\t\t\t<div class=\"qode-aig-image\">\n\t\t\t\t\t\t\t\t\t<img loading=\"lazy\" decoding=\"async\" width=\"1920\" height=\"1075\" src=\"https:\/\/discovergallura.it\/wp-content\/uploads\/2023\/01\/VDA2020_ph.Benedetta_Scatafassi-scaled-1.jpg\" class=\"attachment-full size-full\" alt=\"\" srcset=\"https:\/\/discovergallura.it\/wp-content\/uploads\/2023\/01\/VDA2020_ph.Benedetta_Scatafassi-scaled-1.jpg 1920w, https:\/\/discovergallura.it\/wp-content\/uploads\/2023\/01\/VDA2020_ph.Benedetta_Scatafassi-scaled-1-300x168.jpg 300w, https:\/\/discovergallura.it\/wp-content\/uploads\/2023\/01\/VDA2020_ph.Benedetta_Scatafassi-scaled-1-1024x573.jpg 1024w, https:\/\/discovergallura.it\/wp-content\/uploads\/2023\/01\/VDA2020_ph.Benedetta_Scatafassi-scaled-1-768x430.jpg 768w, https:\/\/discovergallura.it\/wp-content\/uploads\/2023\/01\/VDA2020_ph.Benedetta_Scatafassi-scaled-1-1536x860.jpg 1536w, https:\/\/discovergallura.it\/wp-content\/uploads\/2023\/01\/VDA2020_ph.Benedetta_Scatafassi-scaled-1-700x392.jpg 700w, https:\/\/discovergallura.it\/wp-content\/uploads\/2023\/01\/VDA2020_ph.Benedetta_Scatafassi-scaled-1-539x303.jpg 539w\" sizes=\"auto, (max-width: 1920px) 100vw, 1920px\" \/>\t\t\t\t\t<span class=\"aig-gallery-hover\">\n\t\t\t\t\t\t\t\t\t\t\t<\/span>\n\t\t\t\t\t\t\t<\/div>\n\t\t\t\t\t\t\t\t<div class=\"qode-aig-image\">\n\t\t\t\t\t\t\t\t\t<img loading=\"lazy\" decoding=\"async\" width=\"918\" height=\"612\" src=\"https:\/\/discovergallura.it\/wp-content\/uploads\/2023\/01\/shutterstock_1037503036-1.jpg\" class=\"attachment-full size-full\" alt=\"\" srcset=\"https:\/\/discovergallura.it\/wp-content\/uploads\/2023\/01\/shutterstock_1037503036-1.jpg 918w, https:\/\/discovergallura.it\/wp-content\/uploads\/2023\/01\/shutterstock_1037503036-1-300x200.jpg 300w, https:\/\/discovergallura.it\/wp-content\/uploads\/2023\/01\/shutterstock_1037503036-1-768x512.jpg 768w, https:\/\/discovergallura.it\/wp-content\/uploads\/2023\/01\/shutterstock_1037503036-1-700x467.jpg 700w\" sizes=\"auto, (max-width: 918px) 100vw, 918px\" \/>\t\t\t\t\t<span class=\"aig-gallery-hover\">\n\t\t\t\t\t\t\t\t\t\t\t<\/span>\n\t\t\t\t\t\t\t<\/div>\n\t\t\t\t\t\t<\/div>\n<\/div>[\/vc_column][\/vc_row]<\/p>\n<\/div>","protected":false},"excerpt":{"rendered":"<p>[vc_row css_animation=&#8220;&#8220; row_type=&#8220;row&#8220; use_row_as_full_screen_section=&#8220;no&#8220; type=&#8220;grid&#8220; angled_section=&#8220;no&#8220; text_align=&#8220;left&#8220; background_image_as_pattern=&#8220;without_pattern&#8220; z_index=&#8220;&#8220;][vc_column css=&#8220;.vc_custom_1674214152573{margin-top: 80px !important;}&#8220;][vc_row_inner row_type=&#8220;row&#8220; type=&#8220;full_width&#8220; text_align=&#8220;left&#8220; css_animation=&#8220;&#8220;][vc_column_inner width=&#8220;1\/2&#8243; css=&#8220;.vc_custom_1674212921568{margin-bottom: 110px !important;}&#8220;][vc_separator type=&#8220;small&#8220; position=&#8220;left&#8220; color=&#8220;#3390b9&#8243; thickness=&#8220;4&#8243; width=&#8220;50&#8243;][\/vc_column_inner][vc_column_inner width=&#8220;1\/2&#8243;][\/vc_column_inner][\/vc_row_inner][vc_row_inner row_type=&#8220;row&#8220; type=&#8220;full_width&#8220; text_align=&#8220;left&#8220; css_animation=&#8220;&#8220;][vc_column_inner width=&#8220;1\/2&#8243;][vc_single_image image=&#8220;2165&#8243; img_size=&#8220;full&#8220; qode_css_animation=&#8220;&#8220;][vc_empty_space][\/vc_column_inner][vc_column_inner width=&#8220;1\/2&#8243; css=&#8220;.vc_custom_1674212910857{margin-bottom: 80px !important;}&#8220;][vc_column_text] Auf Sardinien gibt es zahlreiche Veranstaltungen, die&#8230;<\/p>\n","protected":false},"author":1,"featured_media":8897,"parent":10669,"menu_order":0,"comment_status":"closed","ping_status":"closed","template":"full_width.php","meta":{"inline_featured_image":false,"footnotes":""},"class_list":["post-10615","page","type-page","status-publish","has-post-thumbnail","hentry"],"_links":{"self":[{"href":"https:\/\/discovergallura.it\/de\/wp-json\/wp\/v2\/pages\/10615","targetHints":{"allow":["GET"]}}],"collection":[{"href":"https:\/\/discovergallura.it\/de\/wp-json\/wp\/v2\/pages"}],"about":[{"href":"https:\/\/discovergallura.it\/de\/wp-json\/wp\/v2\/types\/page"}],"author":[{"embeddable":true,"href":"https:\/\/discovergallura.it\/de\/wp-json\/wp\/v2\/users\/1"}],"replies":[{"embeddable":true,"href":"https:\/\/discovergallura.it\/de\/wp-json\/wp\/v2\/comments?post=10615"}],"version-history":[{"count":3,"href":"https:\/\/discovergallura.it\/de\/wp-json\/wp\/v2\/pages\/10615\/revisions"}],"predecessor-version":[{"id":10618,"href":"https:\/\/discovergallura.it\/de\/wp-json\/wp\/v2\/pages\/10615\/revisions\/10618"}],"up":[{"embeddable":true,"href":"https:\/\/discovergallura.it\/de\/wp-json\/wp\/v2\/pages\/10669"}],"wp:featuredmedia":[{"embeddable":true,"href":"https:\/\/discovergallura.it\/de\/wp-json\/wp\/v2\/media\/8897"}],"wp:attachment":[{"href":"https:\/\/discovergallura.it\/de\/wp-json\/wp\/v2\/media?parent=10615"}],"curies":[{"name":"wp","href":"https:\/\/api.w.org\/{rel}","templated":true}]}}