{"id":10728,"date":"2023-02-02T12:21:32","date_gmt":"2023-02-02T11:21:32","guid":{"rendered":"https:\/\/discovergallura.it\/come-muoversi-in-gallura\/"},"modified":"2023-06-21T10:11:45","modified_gmt":"2023-06-21T08:11:45","slug":"come-muoversi-in-gallura","status":"publish","type":"page","link":"https:\/\/discovergallura.it\/de\/come-muoversi-in-gallura\/","title":{"rendered":"WIE MAN SICH IN GALLURA BEWEGT"},"content":{"rendered":"<div class=\"wpb-content-wrapper\"><p>[vc_row css_animation=&#8220;&#8220; row_type=&#8220;row&#8220; use_row_as_full_screen_section=&#8220;no&#8220; type=&#8220;grid&#8220; angled_section=&#8220;no&#8220; text_align=&#8220;left&#8220; background_image_as_pattern=&#8220;without_pattern&#8220; z_index=&#8220;&#8220;][vc_column css=&#8220;.vc_custom_1674214152573{margin-top: 80px !important;}&#8220;][vc_row_inner row_type=&#8220;row&#8220; type=&#8220;full_width&#8220; text_align=&#8220;left&#8220; css_animation=&#8220;&#8220;][vc_column_inner width=&#8220;2\/3&#8243; css=&#8220;.vc_custom_1674212921568{margin-bottom: 110px !important;}&#8220;][vc_separator type=&#8220;small&#8220; position=&#8220;left&#8220; color=&#8220;#3390b9&#8243; thickness=&#8220;4&#8243; width=&#8220;50&#8243;]<div class=\"custom_font_holder \" style=\"font-family: red hat display; font-style: normal; font-weight: 800; color: #3390b9; text-decoration: none; text-align: left; --qode-cf-font-size: 38px; --qode-cf-line-height: 39px; --qode-cf-font-size-1440: 38px; --qode-cf-line-height-1440: 39px; --qode-cf-font-size-1366: 38px; --qode-cf-line-height-1366: 39px; --qode-cf-font-size-1280: 38px; --qode-cf-line-height-1280: 39px; --qode-cf-font-size-1024: 38px; --qode-cf-line-height-1024: 39px; --qode-cf-font-size-768: 38px; --qode-cf-line-height-768: 39px; --qode-cf-font-size-680: 38px; --qode-cf-line-height-680: 39px; --qode-cf-font-size-480: 38px; --qode-cf-line-height-480: 39px;\">WIE MAN SICH IN GALLURA BEWEGT<\/div>[\/vc_column_inner][vc_column_inner width=&#8220;1\/3&#8243;][\/vc_column_inner][\/vc_row_inner][\/vc_column][\/vc_row][vc_row css_animation=&#8220;&#8220; row_type=&#8220;row&#8220; use_row_as_full_screen_section=&#8220;no&#8220; type=&#8220;grid&#8220; angled_section=&#8220;no&#8220; text_align=&#8220;left&#8220; background_image_as_pattern=&#8220;without_pattern&#8220; z_index=&#8220;&#8220;][vc_column width=&#8220;2\/3&#8243; css=&#8220;.vc_custom_1675335697998{margin-top: 30px !important;}&#8220;]<div class=\"custom_font_holder \" style=\"font-family: EB garamond; font-style: italic; font-weight: 500; text-decoration: none; text-align: left; --qode-cf-font-size: 24px; --qode-cf-line-height: 28px; --qode-cf-font-size-1440: 24px; --qode-cf-line-height-1440: 28px; --qode-cf-font-size-1366: 24px; --qode-cf-line-height-1366: 28px; --qode-cf-font-size-1280: 24px; --qode-cf-line-height-1280: 28px; --qode-cf-font-size-1024: 24px; --qode-cf-line-height-1024: 28px; --qode-cf-font-size-768: 24px; --qode-cf-line-height-768: 28px; --qode-cf-font-size-680: 24px; --qode-cf-line-height-680: 28px; --qode-cf-font-size-480: 24px; --qode-cf-line-height-480: 28px;\">\n<p style=\"text-align: left;\"><span style=\"font-size: 24pt; line-height: 110%;\">Die Gemeinden der Gallura sind mit \u00f6ffentlichen und privaten Verkehrsmitteln erreichbar.<br \/>\nW\u00e4hrend der Sommersaison wird auch ein Transportservice zu den wichtigsten Str\u00e4nden der Umgebung angeboten.<br \/>\nEs bestehen auch M\u00f6glichkeiten f\u00fcr Bootsausfl\u00fcge zu den Inseln der Archipele La Maddalena und Korsika.<\/span><\/p>\n<\/div>[\/vc_column][vc_column width=&#8220;1\/3&#8243; css=&#8220;.vc_custom_1676391885871{margin-top: 30px !important;}&#8220;][vc_column_text]<\/p>\n<h3 style=\"text-align: center;\">DIENSTLEISTUNGEN<\/h3>\n<p>[\/vc_column_text][vc_empty_space height=&#8220;15px&#8220;][vc_column_text]<\/p>\n<p style=\"text-align: center;\">Autovermietung (Motorr\u00e4der, Fahrr\u00e4der, Boote, Schlauchboote usw.)<br \/>\nF\u00e4hre<br \/>\n\u00d6ffentliche und private Mittel<\/p>\n<p>[\/vc_column_text][vc_empty_space][\/vc_column][\/vc_row][vc_row css_animation=&#8220;&#8220; row_type=&#8220;row&#8220; use_row_as_full_screen_section=&#8220;no&#8220; type=&#8220;grid&#8220; angled_section=&#8220;no&#8220; text_align=&#8220;left&#8220; background_image_as_pattern=&#8220;without_pattern&#8220; z_index=&#8220;&#8220;][vc_column css=&#8220;.vc_custom_1676391890842{margin-top: 80px !important;margin-bottom: 120px !important;}&#8220; offset=&#8220;vc_hidden-sm vc_hidden-xs&#8220;]<div class=\"qode-advanced-image-gallery  qode-aig-masonry-type qode-tiny-space  qode-image-behavior-lightbox \">\n\t<div class=\"qode-aig-inner qode-outer-space qode-aig-masonry qode-aig-four-columns\">\n\t\t<div class=\"qode-aig-grid-sizer\"><\/div>\n\t\t<div class=\"qode-aig-grid-gutter\"><\/div>\n\t\t\t\t\t\t\t\t<div class=\"qode-aig-image qode-item-space qode-aig-default-masonry-item\">\n\t\t\t\t<div class=\"qode-aig-image-inner\">\n\t\t\t\t\t\t\t\t\t\t\t<a itemprop=\"image\" class=\"qode-aig-lightbox\" href=\"https:\/\/discovergallura.it\/wp-content\/uploads\/2023\/02\/shutterstock_79222783.jpg\" data-rel=\"prettyPhoto[image_gallery_pretty_photo-313]\" title=\"shutterstock_79222783\">\n\t\t\t\t\t\t\t\t\t\t\t\t\t<img loading=\"lazy\" decoding=\"async\" src=\"https:\/\/discovergallura.it\/wp-content\/uploads\/2023\/02\/shutterstock_79222783-500x500.jpg\" alt=\"\" width=\"500\" height=\"500\" \/>\t\t\t\t\t\t<span class=\"aig-gallery-hover\">\n\t\t\t\t\t\t\t\t\t\t\t\t\t\t\t<span class=\"icon-arrows-plus\"><\/span> \n\t\t\t\t\t\t\t\t\t\t\t\t\t<\/span>\n\t\t\t\t\t\t\t\t\t\t\t<\/a>\n\t\t\t\t\t\t\t\t\t<\/div>\n\t\t\t<\/div>\n\t\t\t\t\t\t\t\t\t\t\t<div class=\"qode-aig-image qode-item-space qode-aig-default-masonry-item\">\n\t\t\t\t<div class=\"qode-aig-image-inner\">\n\t\t\t\t\t\t\t\t\t\t\t<a itemprop=\"image\" class=\"qode-aig-lightbox\" href=\"https:\/\/discovergallura.it\/wp-content\/uploads\/2023\/02\/shutterstock_461429305.jpg\" data-rel=\"prettyPhoto[image_gallery_pretty_photo-313]\" title=\"shutterstock_461429305\">\n\t\t\t\t\t\t\t\t\t\t\t\t\t<img loading=\"lazy\" decoding=\"async\" src=\"https:\/\/discovergallura.it\/wp-content\/uploads\/2023\/02\/shutterstock_461429305-500x500.jpg\" alt=\"\" width=\"500\" height=\"500\" \/>\t\t\t\t\t\t<span class=\"aig-gallery-hover\">\n\t\t\t\t\t\t\t\t\t\t\t\t\t\t\t<span class=\"icon-arrows-plus\"><\/span> \n\t\t\t\t\t\t\t\t\t\t\t\t\t<\/span>\n\t\t\t\t\t\t\t\t\t\t\t<\/a>\n\t\t\t\t\t\t\t\t\t<\/div>\n\t\t\t<\/div>\n\t\t\t\t\t\t\t\t\t\t\t<div class=\"qode-aig-image qode-item-space qode-aig-default-masonry-item\">\n\t\t\t\t<div class=\"qode-aig-image-inner\">\n\t\t\t\t\t\t\t\t\t\t\t<a itemprop=\"image\" class=\"qode-aig-lightbox\" href=\"https:\/\/discovergallura.it\/wp-content\/uploads\/2023\/02\/shutterstock_2129785166.jpg\" data-rel=\"prettyPhoto[image_gallery_pretty_photo-313]\" title=\"shutterstock_2129785166\">\n\t\t\t\t\t\t\t\t\t\t\t\t\t<img loading=\"lazy\" decoding=\"async\" src=\"https:\/\/discovergallura.it\/wp-content\/uploads\/2023\/02\/shutterstock_2129785166-500x500.jpg\" alt=\"\" width=\"500\" height=\"500\" \/>\t\t\t\t\t\t<span class=\"aig-gallery-hover\">\n\t\t\t\t\t\t\t\t\t\t\t\t\t\t\t<span class=\"icon-arrows-plus\"><\/span> \n\t\t\t\t\t\t\t\t\t\t\t\t\t<\/span>\n\t\t\t\t\t\t\t\t\t\t\t<\/a>\n\t\t\t\t\t\t\t\t\t<\/div>\n\t\t\t<\/div>\n\t\t\t\t\t\t\t\t\t\t\t<div class=\"qode-aig-image qode-item-space qode-aig-default-masonry-item\">\n\t\t\t\t<div class=\"qode-aig-image-inner\">\n\t\t\t\t\t\t\t\t\t\t\t<a itemprop=\"image\" class=\"qode-aig-lightbox\" href=\"https:\/\/discovergallura.it\/wp-content\/uploads\/2023\/02\/shutterstock_1125832397.jpg\" data-rel=\"prettyPhoto[image_gallery_pretty_photo-313]\" title=\"shutterstock_1125832397\">\n\t\t\t\t\t\t\t\t\t\t\t\t\t<img loading=\"lazy\" decoding=\"async\" src=\"https:\/\/discovergallura.it\/wp-content\/uploads\/2023\/02\/shutterstock_1125832397-500x500.jpg\" alt=\"\" width=\"500\" height=\"500\" \/>\t\t\t\t\t\t<span class=\"aig-gallery-hover\">\n\t\t\t\t\t\t\t\t\t\t\t\t\t\t\t<span class=\"icon-arrows-plus\"><\/span> \n\t\t\t\t\t\t\t\t\t\t\t\t\t<\/span>\n\t\t\t\t\t\t\t\t\t\t\t<\/a>\n\t\t\t\t\t\t\t\t\t<\/div>\n\t\t\t<\/div>\n\t\t\t\t\t\t<\/div>\n<\/div>[\/vc_column][\/vc_row][vc_row css_animation=&#8220;&#8220; row_type=&#8220;row&#8220; use_row_as_full_screen_section=&#8220;no&#8220; type=&#8220;grid&#8220; angled_section=&#8220;no&#8220; text_align=&#8220;left&#8220; background_image_as_pattern=&#8220;without_pattern&#8220; z_index=&#8220;&#8220;][vc_column width=&#8220;1\/4&#8243;][\/vc_column][vc_column width=&#8220;1\/2&#8243; css=&#8220;.vc_custom_1674214266042{margin-top: 80px !important;margin-bottom: 120px !important;}&#8220; offset=&#8220;vc_hidden-lg vc_hidden-md&#8220;]<div class=\"qode-advanced-image-gallery  qode-aig-slider-type qode-tiny-space  qode-image-behavior-lightbox \">\n\t<div class=\"qode-aig-slider qode-owl-slider\" data-number-of-items=\"1\" data-enable-loop=\"yes\" data-enable-autoplay=\"yes\" data-slider-speed=\"5000\" data-slider-speed-animation=\"600\" data-slider-padding=\"no\" data-enable-navigation=\"yes\" data-enable-pagination=\"yes\">\n\t\t\t\t\t<div class=\"qode-aig-image\">\n\t\t\t\t\t\t\t\t\t<a itemprop=\"image\" class=\"qode-aig-lightbox qode-block-drag-link\" href=\"https:\/\/discovergallura.it\/wp-content\/uploads\/2023\/02\/shutterstock_79222783.jpg\" data-rel=\"prettyPhoto[image_gallery_pretty_photo-646]\" title=\"shutterstock_79222783\">\n\t\t\t\t\t\t\t\t\t\t\t<img loading=\"lazy\" decoding=\"async\" width=\"150\" height=\"150\" src=\"https:\/\/discovergallura.it\/wp-content\/uploads\/2023\/02\/shutterstock_79222783-150x150.jpg\" class=\"attachment-thumbnail size-thumbnail\" alt=\"\" srcset=\"https:\/\/discovergallura.it\/wp-content\/uploads\/2023\/02\/shutterstock_79222783-150x150.jpg 150w, https:\/\/discovergallura.it\/wp-content\/uploads\/2023\/02\/shutterstock_79222783-570x570.jpg 570w, https:\/\/discovergallura.it\/wp-content\/uploads\/2023\/02\/shutterstock_79222783-500x500.jpg 500w, https:\/\/discovergallura.it\/wp-content\/uploads\/2023\/02\/shutterstock_79222783-650x650.jpg 650w\" sizes=\"auto, (max-width: 150px) 100vw, 150px\" \/>\t\t\t\t\t<span class=\"aig-gallery-hover\">\n\t\t\t\t\t\t\t\t\t\t\t\t\t<span class=\"icon-arrows-plus\"><\/span> \n\t\t\t\t\t\t\t\t\t\t\t<\/span>\n\t\t\t\t\t\t\t\t\t<\/a>\n\t\t\t\t\t\t\t<\/div>\n\t\t\t\t\t\t\t\t<div class=\"qode-aig-image\">\n\t\t\t\t\t\t\t\t\t<a itemprop=\"image\" class=\"qode-aig-lightbox qode-block-drag-link\" href=\"https:\/\/discovergallura.it\/wp-content\/uploads\/2023\/02\/shutterstock_461429305.jpg\" data-rel=\"prettyPhoto[image_gallery_pretty_photo-646]\" title=\"shutterstock_461429305\">\n\t\t\t\t\t\t\t\t\t\t\t<img loading=\"lazy\" decoding=\"async\" width=\"150\" height=\"150\" src=\"https:\/\/discovergallura.it\/wp-content\/uploads\/2023\/02\/shutterstock_461429305-150x150.jpg\" class=\"attachment-thumbnail size-thumbnail\" alt=\"\" srcset=\"https:\/\/discovergallura.it\/wp-content\/uploads\/2023\/02\/shutterstock_461429305-150x150.jpg 150w, https:\/\/discovergallura.it\/wp-content\/uploads\/2023\/02\/shutterstock_461429305-570x570.jpg 570w, https:\/\/discovergallura.it\/wp-content\/uploads\/2023\/02\/shutterstock_461429305-500x500.jpg 500w, https:\/\/discovergallura.it\/wp-content\/uploads\/2023\/02\/shutterstock_461429305-650x650.jpg 650w\" sizes=\"auto, (max-width: 150px) 100vw, 150px\" \/>\t\t\t\t\t<span class=\"aig-gallery-hover\">\n\t\t\t\t\t\t\t\t\t\t\t\t\t<span class=\"icon-arrows-plus\"><\/span> \n\t\t\t\t\t\t\t\t\t\t\t<\/span>\n\t\t\t\t\t\t\t\t\t<\/a>\n\t\t\t\t\t\t\t<\/div>\n\t\t\t\t\t\t\t\t<div class=\"qode-aig-image\">\n\t\t\t\t\t\t\t\t\t<a itemprop=\"image\" class=\"qode-aig-lightbox qode-block-drag-link\" href=\"https:\/\/discovergallura.it\/wp-content\/uploads\/2023\/02\/shutterstock_2129785166.jpg\" data-rel=\"prettyPhoto[image_gallery_pretty_photo-646]\" title=\"shutterstock_2129785166\">\n\t\t\t\t\t\t\t\t\t\t\t<img loading=\"lazy\" decoding=\"async\" width=\"150\" height=\"150\" src=\"https:\/\/discovergallura.it\/wp-content\/uploads\/2023\/02\/shutterstock_2129785166-150x150.jpg\" class=\"attachment-thumbnail size-thumbnail\" alt=\"\" srcset=\"https:\/\/discovergallura.it\/wp-content\/uploads\/2023\/02\/shutterstock_2129785166-150x150.jpg 150w, https:\/\/discovergallura.it\/wp-content\/uploads\/2023\/02\/shutterstock_2129785166-570x570.jpg 570w, https:\/\/discovergallura.it\/wp-content\/uploads\/2023\/02\/shutterstock_2129785166-500x500.jpg 500w, https:\/\/discovergallura.it\/wp-content\/uploads\/2023\/02\/shutterstock_2129785166-650x650.jpg 650w\" sizes=\"auto, (max-width: 150px) 100vw, 150px\" \/>\t\t\t\t\t<span class=\"aig-gallery-hover\">\n\t\t\t\t\t\t\t\t\t\t\t\t\t<span class=\"icon-arrows-plus\"><\/span> \n\t\t\t\t\t\t\t\t\t\t\t<\/span>\n\t\t\t\t\t\t\t\t\t<\/a>\n\t\t\t\t\t\t\t<\/div>\n\t\t\t\t\t\t\t\t<div class=\"qode-aig-image\">\n\t\t\t\t\t\t\t\t\t<a itemprop=\"image\" class=\"qode-aig-lightbox qode-block-drag-link\" href=\"https:\/\/discovergallura.it\/wp-content\/uploads\/2023\/02\/shutterstock_1125832397.jpg\" data-rel=\"prettyPhoto[image_gallery_pretty_photo-646]\" title=\"shutterstock_1125832397\">\n\t\t\t\t\t\t\t\t\t\t\t<img loading=\"lazy\" decoding=\"async\" width=\"150\" height=\"150\" src=\"https:\/\/discovergallura.it\/wp-content\/uploads\/2023\/02\/shutterstock_1125832397-150x150.jpg\" class=\"attachment-thumbnail size-thumbnail\" alt=\"\" srcset=\"https:\/\/discovergallura.it\/wp-content\/uploads\/2023\/02\/shutterstock_1125832397-150x150.jpg 150w, https:\/\/discovergallura.it\/wp-content\/uploads\/2023\/02\/shutterstock_1125832397-500x500.jpg 500w\" sizes=\"auto, (max-width: 150px) 100vw, 150px\" \/>\t\t\t\t\t<span class=\"aig-gallery-hover\">\n\t\t\t\t\t\t\t\t\t\t\t\t\t<span class=\"icon-arrows-plus\"><\/span> \n\t\t\t\t\t\t\t\t\t\t\t<\/span>\n\t\t\t\t\t\t\t\t\t<\/a>\n\t\t\t\t\t\t\t<\/div>\n\t\t\t\t\t\t<\/div>\n<\/div>[\/vc_column][vc_column width=&#8220;1\/4&#8243;][\/vc_column][\/vc_row]<\/p>\n<\/div>","protected":false},"excerpt":{"rendered":"<p>[vc_row css_animation=&#8220;&#8220; row_type=&#8220;row&#8220; use_row_as_full_screen_section=&#8220;no&#8220; type=&#8220;grid&#8220; angled_section=&#8220;no&#8220; text_align=&#8220;left&#8220; background_image_as_pattern=&#8220;without_pattern&#8220; z_index=&#8220;&#8220;][vc_column css=&#8220;.vc_custom_1674214152573{margin-top: 80px !important;}&#8220;][vc_row_inner row_type=&#8220;row&#8220; type=&#8220;full_width&#8220; text_align=&#8220;left&#8220; css_animation=&#8220;&#8220;][vc_column_inner width=&#8220;2\/3&#8243; css=&#8220;.vc_custom_1674212921568{margin-bottom: 110px !important;}&#8220;][vc_separator type=&#8220;small&#8220; position=&#8220;left&#8220; color=&#8220;#3390b9&#8243; thickness=&#8220;4&#8243; width=&#8220;50&#8243;][\/vc_column_inner][vc_column_inner width=&#8220;1\/3&#8243;][\/vc_column_inner][\/vc_row_inner][\/vc_column][\/vc_row][vc_row css_animation=&#8220;&#8220; row_type=&#8220;row&#8220; use_row_as_full_screen_section=&#8220;no&#8220; type=&#8220;grid&#8220; angled_section=&#8220;no&#8220; text_align=&#8220;left&#8220; background_image_as_pattern=&#8220;without_pattern&#8220; z_index=&#8220;&#8220;][vc_column width=&#8220;2\/3&#8243; css=&#8220;.vc_custom_1675335697998{margin-top: 30px !important;}&#8220;][\/vc_column][vc_column width=&#8220;1\/3&#8243; css=&#8220;.vc_custom_1676391885871{margin-top: 30px !important;}&#8220;][vc_column_text] DIENSTLEISTUNGEN [\/vc_column_text][vc_empty_space height=&#8220;15px&#8220;][vc_column_text]&#8230;<\/p>\n","protected":false},"author":1,"featured_media":9547,"parent":0,"menu_order":0,"comment_status":"closed","ping_status":"closed","template":"","meta":{"inline_featured_image":false,"footnotes":""},"class_list":["post-10728","page","type-page","status-publish","has-post-thumbnail","hentry"],"_links":{"self":[{"href":"https:\/\/discovergallura.it\/de\/wp-json\/wp\/v2\/pages\/10728","targetHints":{"allow":["GET"]}}],"collection":[{"href":"https:\/\/discovergallura.it\/de\/wp-json\/wp\/v2\/pages"}],"about":[{"href":"https:\/\/discovergallura.it\/de\/wp-json\/wp\/v2\/types\/page"}],"author":[{"embeddable":true,"href":"https:\/\/discovergallura.it\/de\/wp-json\/wp\/v2\/users\/1"}],"replies":[{"embeddable":true,"href":"https:\/\/discovergallura.it\/de\/wp-json\/wp\/v2\/comments?post=10728"}],"version-history":[{"count":4,"href":"https:\/\/discovergallura.it\/de\/wp-json\/wp\/v2\/pages\/10728\/revisions"}],"predecessor-version":[{"id":14061,"href":"https:\/\/discovergallura.it\/de\/wp-json\/wp\/v2\/pages\/10728\/revisions\/14061"}],"wp:featuredmedia":[{"embeddable":true,"href":"https:\/\/discovergallura.it\/de\/wp-json\/wp\/v2\/media\/9547"}],"wp:attachment":[{"href":"https:\/\/discovergallura.it\/de\/wp-json\/wp\/v2\/media?parent=10728"}],"curies":[{"name":"wp","href":"https:\/\/api.w.org\/{rel}","templated":true}]}}