{"id":10734,"date":"2023-01-25T12:59:57","date_gmt":"2023-01-25T11:59:57","guid":{"rendered":"https:\/\/discovergallura.it\/il-mare\/"},"modified":"2023-06-19T12:44:36","modified_gmt":"2023-06-19T10:44:36","slug":"das-meer","status":"publish","type":"page","link":"https:\/\/discovergallura.it\/de\/das-meer\/","title":{"rendered":"Das Meer"},"content":{"rendered":"<div class=\"wpb-content-wrapper\"><p>[vc_row css_animation=&#8220;&#8220; row_type=&#8220;row&#8220; use_row_as_full_screen_section=&#8220;no&#8220; type=&#8220;full_width&#8220; angled_section=&#8220;no&#8220; text_align=&#8220;left&#8220; background_image_as_pattern=&#8220;without_pattern&#8220; css=&#8220;.vc_custom_1674556887487{margin-top: 80px !important;padding-right: 10% !important;padding-left: 10% !important;}&#8220; z_index=&#8220;&#8220;][vc_column width=&#8220;2\/3&#8243; css=&#8220;.vc_custom_1674556896087{margin-top: 30px !important;padding-right: 10% !important;}&#8220;]<div class=\"custom_font_holder \" style=\"font-family: EB garamond; font-style: italic; font-weight: 500; text-decoration: none; text-align: left; --qode-cf-font-size: 25px; --qode-cf-line-height: 26px; --qode-cf-font-size-1440: 25px; --qode-cf-line-height-1440: 26px; --qode-cf-font-size-1366: 25px; --qode-cf-line-height-1366: 26px; --qode-cf-font-size-1280: 25px; --qode-cf-line-height-1280: 26px; --qode-cf-font-size-1024: 25px; --qode-cf-line-height-1024: 26px; --qode-cf-font-size-768: 25px; --qode-cf-line-height-768: 26px; --qode-cf-font-size-680: 25px; --qode-cf-line-height-680: 26px; --qode-cf-font-size-480: 25px; --qode-cf-line-height-480: 26px;\">\n<p style=\"text-align: left;\"><span style=\"font-size: 24pt;\">Ein Aufruhr an Blaut\u00f6nen, die sich verst\u00e4rken und abschw\u00e4chen, bis sie am Horizont verschwinden.<\/span><br \/>\n<span style=\"font-size: 24pt;\">Das Meer der Gallura ist au\u00dfergew\u00f6hnlich!<\/span><\/p>\n<\/div>[\/vc_column][vc_column width=&#8220;1\/3&#8243; css=&#8220;.vc_custom_1674556996802{margin-bottom: 120px !important;}&#8220;][\/vc_column][\/vc_row][vc_row css_animation=&#8220;&#8220; row_type=&#8220;row&#8220; use_row_as_full_screen_section=&#8220;no&#8220; type=&#8220;full_width&#8220; angled_section=&#8220;no&#8220; text_align=&#8220;left&#8220; background_image_as_pattern=&#8220;without_pattern&#8220; css=&#8220;.vc_custom_1674492227404{margin-top: 20px !important;margin-bottom: 120px !important;padding-right: 10% !important;padding-left: 10% !important;}&#8220; z_index=&#8220;&#8220;][vc_column width=&#8220;1\/4&#8243; css=&#8220;.vc_custom_1674470389846{margin-top: 30px !important;}&#8220;][\/vc_column][vc_column width=&#8220;1\/4&#8243; css=&#8220;.vc_custom_1676458071894{margin-top: 30px !important;}&#8220; offset=&#8220;vc_col-xs-6&#8243;][vc_single_image image=&#8220;1627&#8243; img_size=&#8220;300X300&#8243; onclick=&#8220;custom_link&#8220; qode_css_animation=&#8220;&#8220; qode_hover_animation=&#8220;darken&#8220; link=&#8220;https:\/\/discovergallura.it\/de\/le-cale\/&#8220;][vc_empty_space height=&#8220;20px&#8220;][vc_column_text]<\/p>\n<h3><span style=\"color: #3390b9;\">DIE BUCHTEN<\/span><\/h3>\n<p>[\/vc_column_text][\/vc_column][vc_column width=&#8220;1\/4&#8243; css=&#8220;.vc_custom_1676458075617{margin-top: 30px !important;}&#8220; offset=&#8220;vc_col-xs-6&#8243;][vc_single_image image=&#8220;179&#8243; img_size=&#8220;300X300&#8243; onclick=&#8220;custom_link&#8220; qode_css_animation=&#8220;&#8220; qode_hover_animation=&#8220;darken&#8220; link=&#8220;https:\/\/discovergallura.it\/de\/le-isole\/&#8220;][vc_empty_space height=&#8220;20px&#8220;][vc_column_text]<\/p>\n<h3><span style=\"color: #3390b9;\">DIE INSELN<\/span><\/h3>\n<p>[\/vc_column_text][\/vc_column][vc_column width=&#8220;1\/4&#8243; css=&#8220;.vc_custom_1676458079465{margin-top: 30px !important;}&#8220; offset=&#8220;vc_col-xs-6&#8243;][vc_single_image image=&#8220;440&#8243; img_size=&#8220;300X300&#8243; onclick=&#8220;custom_link&#8220; qode_css_animation=&#8220;&#8220; qode_hover_animation=&#8220;darken&#8220; link=&#8220;https:\/\/discovergallura.it\/de\/le-spiagge\/&#8220;][vc_empty_space height=&#8220;20px&#8220;][vc_column_text]<\/p>\n<h3><span style=\"color: #3390b9;\">\u00a0STR\u00c4NDE<\/span><\/h3>\n<p>[\/vc_column_text][\/vc_column][\/vc_row]<\/p>\n<\/div>","protected":false},"excerpt":{"rendered":"<p>[vc_row css_animation=&#8220;&#8220; row_type=&#8220;row&#8220; use_row_as_full_screen_section=&#8220;no&#8220; type=&#8220;full_width&#8220; angled_section=&#8220;no&#8220; text_align=&#8220;left&#8220; background_image_as_pattern=&#8220;without_pattern&#8220; css=&#8220;.vc_custom_1674556887487{margin-top: 80px !important;padding-right: 10% !important;padding-left: 10% !important;}&#8220; z_index=&#8220;&#8220;][vc_column width=&#8220;2\/3&#8243; css=&#8220;.vc_custom_1674556896087{margin-top: 30px !important;padding-right: 10% !important;}&#8220;][\/vc_column][vc_column width=&#8220;1\/3&#8243; css=&#8220;.vc_custom_1674556996802{margin-bottom: 120px !important;}&#8220;][\/vc_column][\/vc_row][vc_row css_animation=&#8220;&#8220; row_type=&#8220;row&#8220; use_row_as_full_screen_section=&#8220;no&#8220; type=&#8220;full_width&#8220; angled_section=&#8220;no&#8220; text_align=&#8220;left&#8220; background_image_as_pattern=&#8220;without_pattern&#8220; css=&#8220;.vc_custom_1674492227404{margin-top: 20px !important;margin-bottom: 120px !important;padding-right: 10% !important;padding-left: 10% !important;}&#8220; z_index=&#8220;&#8220;][vc_column width=&#8220;1\/4&#8243; css=&#8220;.vc_custom_1674470389846{margin-top:&#8230;<\/p>\n","protected":false},"author":1,"featured_media":8650,"parent":0,"menu_order":0,"comment_status":"closed","ping_status":"closed","template":"full_width.php","meta":{"inline_featured_image":false,"footnotes":""},"class_list":["post-10734","page","type-page","status-publish","has-post-thumbnail","hentry"],"_links":{"self":[{"href":"https:\/\/discovergallura.it\/de\/wp-json\/wp\/v2\/pages\/10734","targetHints":{"allow":["GET"]}}],"collection":[{"href":"https:\/\/discovergallura.it\/de\/wp-json\/wp\/v2\/pages"}],"about":[{"href":"https:\/\/discovergallura.it\/de\/wp-json\/wp\/v2\/types\/page"}],"author":[{"embeddable":true,"href":"https:\/\/discovergallura.it\/de\/wp-json\/wp\/v2\/users\/1"}],"replies":[{"embeddable":true,"href":"https:\/\/discovergallura.it\/de\/wp-json\/wp\/v2\/comments?post=10734"}],"version-history":[{"count":5,"href":"https:\/\/discovergallura.it\/de\/wp-json\/wp\/v2\/pages\/10734\/revisions"}],"predecessor-version":[{"id":14032,"href":"https:\/\/discovergallura.it\/de\/wp-json\/wp\/v2\/pages\/10734\/revisions\/14032"}],"wp:featuredmedia":[{"embeddable":true,"href":"https:\/\/discovergallura.it\/de\/wp-json\/wp\/v2\/media\/8650"}],"wp:attachment":[{"href":"https:\/\/discovergallura.it\/de\/wp-json\/wp\/v2\/media?parent=10734"}],"curies":[{"name":"wp","href":"https:\/\/api.w.org\/{rel}","templated":true}]}}