{"id":10742,"date":"2023-01-25T12:42:43","date_gmt":"2023-01-25T11:42:43","guid":{"rendered":"https:\/\/discovergallura.it\/arte-e-cultura\/"},"modified":"2023-06-19T11:53:07","modified_gmt":"2023-06-19T09:53:07","slug":"kunst-und-kultur","status":"publish","type":"page","link":"https:\/\/discovergallura.it\/de\/kunst-und-kultur\/","title":{"rendered":"Kunst und Kultur"},"content":{"rendered":"<div class=\"wpb-content-wrapper\"><p>[vc_row css_animation=&#8220;&#8220; row_type=&#8220;row&#8220; use_row_as_full_screen_section=&#8220;no&#8220; type=&#8220;full_width&#8220; angled_section=&#8220;no&#8220; text_align=&#8220;left&#8220; background_image_as_pattern=&#8220;without_pattern&#8220; css=&#8220;.vc_custom_1675938606573{margin-top: 80px !important;padding-right: 10% !important;padding-left: 10% !important;}&#8220; z_index=&#8220;&#8220;][vc_column width=&#8220;2\/3&#8243; css=&#8220;.vc_custom_1675938601449{margin-top: 30px !important;padding-right: 10% !important;}&#8220;]<div class=\"custom_font_holder \" style=\"font-family: EB garamond; font-style: italic; font-weight: 500; text-decoration: none; text-align: left; --qode-cf-font-size: 25px; --qode-cf-line-height: 26px; --qode-cf-font-size-1440: 25px; --qode-cf-line-height-1440: 26px; --qode-cf-font-size-1366: 25px; --qode-cf-line-height-1366: 26px; --qode-cf-font-size-1280: 25px; --qode-cf-line-height-1280: 26px; --qode-cf-font-size-1024: 25px; --qode-cf-line-height-1024: 26px; --qode-cf-font-size-768: 25px; --qode-cf-line-height-768: 26px; --qode-cf-font-size-680: 25px; --qode-cf-line-height-680: 26px; --qode-cf-font-size-480: 25px; --qode-cf-line-height-480: 26px;\">\n<p style=\"text-align: left;\"><span style=\"font-size: 24pt;\">Gallura ist auch ein Land der Kunst. Sie k\u00f6nnen weit und breit durch die Kirchen, Museen und Wandgem\u00e4lde wandern &#8230; echte Open-Air-Kunstgalerien!<\/span><\/p>\n<p style=\"text-align: left;\"><span style=\"font-size: 24pt;\">Charaktere in traditioneller Kleidung und Szenen des zeitgen\u00f6ssischen Lebens koexistieren in Landschaften und Architekturen, die Sie in eine Dimension au\u00dferhalb von Raum und Zeit entf\u00fchren.<\/span><\/p>\n<\/div>[\/vc_column][vc_column width=&#8220;1\/3&#8243; css=&#8220;.vc_custom_1674556996802{margin-bottom: 120px !important;}&#8220;][\/vc_column][\/vc_row][vc_row css_animation=&#8220;&#8220; row_type=&#8220;row&#8220; use_row_as_full_screen_section=&#8220;no&#8220; type=&#8220;full_width&#8220; angled_section=&#8220;no&#8220; text_align=&#8220;left&#8220; background_image_as_pattern=&#8220;without_pattern&#8220; css=&#8220;.vc_custom_1675938610813{margin-top: 20px !important;margin-bottom: 120px !important;padding-right: 10% !important;padding-left: 10% !important;}&#8220; z_index=&#8220;&#8220;][vc_column width=&#8220;1\/4&#8243; css=&#8220;.vc_custom_1674470389846{margin-top: 30px !important;}&#8220;][\/vc_column][vc_column width=&#8220;1\/4&#8243; css=&#8220;.vc_custom_1676456085650{margin-top: 30px !important;}&#8220; offset=&#8220;vc_col-xs-6&#8243;][vc_single_image image=&#8220;581&#8243; img_size=&#8220;300X300&#8243; onclick=&#8220;custom_link&#8220; qode_css_animation=&#8220;&#8220; qode_hover_animation=&#8220;darken&#8220; link=&#8220;https:\/\/discovergallura.it\/de\/musei\/&#8220;][vc_empty_space height=&#8220;20px&#8220;][vc_column_text]<\/p>\n<h3><span style=\"color: #3390b9;\">MUSEEN<\/span><\/h3>\n<p>[\/vc_column_text][\/vc_column][vc_column width=&#8220;1\/4&#8243; css=&#8220;.vc_custom_1676456092800{margin-top: 30px !important;}&#8220; offset=&#8220;vc_col-xs-6&#8243;][vc_single_image image=&#8220;618&#8243; img_size=&#8220;300X300&#8243; onclick=&#8220;custom_link&#8220; qode_css_animation=&#8220;&#8220; qode_hover_animation=&#8220;darken&#8220; link=&#8220;https:\/\/discovergallura.it\/de\/chiese\/&#8220;][vc_empty_space height=&#8220;20px&#8220;][vc_column_text]<\/p>\n<h3><span style=\"color: #3390b9;\">KIRCHEN<\/span><\/h3>\n<p>[\/vc_column_text][\/vc_column][vc_column width=&#8220;1\/4&#8243; css=&#8220;.vc_custom_1676456098936{margin-top: 30px !important;}&#8220; offset=&#8220;vc_col-xs-6&#8243;][vc_single_image image=&#8220;1541&#8243; img_size=&#8220;300X300&#8243; onclick=&#8220;custom_link&#8220; qode_css_animation=&#8220;&#8220; qode_hover_animation=&#8220;darken&#8220; link=&#8220;https:\/\/discovergallura.it\/de\/murales\/&#8220;][vc_empty_space height=&#8220;20px&#8220;][vc_column_text]<\/p>\n<h3><span style=\"color: #3390b9;\">MURALES\u00a0<\/span><\/h3>\n<p>[\/vc_column_text][\/vc_column][\/vc_row]<\/p>\n<\/div>","protected":false},"excerpt":{"rendered":"<p>[vc_row css_animation=&#8220;&#8220; row_type=&#8220;row&#8220; use_row_as_full_screen_section=&#8220;no&#8220; type=&#8220;full_width&#8220; angled_section=&#8220;no&#8220; text_align=&#8220;left&#8220; background_image_as_pattern=&#8220;without_pattern&#8220; css=&#8220;.vc_custom_1675938606573{margin-top: 80px !important;padding-right: 10% !important;padding-left: 10% !important;}&#8220; z_index=&#8220;&#8220;][vc_column width=&#8220;2\/3&#8243; css=&#8220;.vc_custom_1675938601449{margin-top: 30px !important;padding-right: 10% !important;}&#8220;][\/vc_column][vc_column width=&#8220;1\/3&#8243; css=&#8220;.vc_custom_1674556996802{margin-bottom: 120px !important;}&#8220;][\/vc_column][\/vc_row][vc_row css_animation=&#8220;&#8220; row_type=&#8220;row&#8220; use_row_as_full_screen_section=&#8220;no&#8220; type=&#8220;full_width&#8220; angled_section=&#8220;no&#8220; text_align=&#8220;left&#8220; background_image_as_pattern=&#8220;without_pattern&#8220; css=&#8220;.vc_custom_1675938610813{margin-top: 20px !important;margin-bottom: 120px !important;padding-right: 10% !important;padding-left: 10% !important;}&#8220; z_index=&#8220;&#8220;][vc_column width=&#8220;1\/4&#8243; css=&#8220;.vc_custom_1674470389846{margin-top:&#8230;<\/p>\n","protected":false},"author":1,"featured_media":8646,"parent":0,"menu_order":0,"comment_status":"closed","ping_status":"closed","template":"full_width.php","meta":{"inline_featured_image":false,"footnotes":""},"class_list":["post-10742","page","type-page","status-publish","has-post-thumbnail","hentry"],"_links":{"self":[{"href":"https:\/\/discovergallura.it\/de\/wp-json\/wp\/v2\/pages\/10742","targetHints":{"allow":["GET"]}}],"collection":[{"href":"https:\/\/discovergallura.it\/de\/wp-json\/wp\/v2\/pages"}],"about":[{"href":"https:\/\/discovergallura.it\/de\/wp-json\/wp\/v2\/types\/page"}],"author":[{"embeddable":true,"href":"https:\/\/discovergallura.it\/de\/wp-json\/wp\/v2\/users\/1"}],"replies":[{"embeddable":true,"href":"https:\/\/discovergallura.it\/de\/wp-json\/wp\/v2\/comments?post=10742"}],"version-history":[{"count":5,"href":"https:\/\/discovergallura.it\/de\/wp-json\/wp\/v2\/pages\/10742\/revisions"}],"predecessor-version":[{"id":14021,"href":"https:\/\/discovergallura.it\/de\/wp-json\/wp\/v2\/pages\/10742\/revisions\/14021"}],"wp:featuredmedia":[{"embeddable":true,"href":"https:\/\/discovergallura.it\/de\/wp-json\/wp\/v2\/media\/8646"}],"wp:attachment":[{"href":"https:\/\/discovergallura.it\/de\/wp-json\/wp\/v2\/media?parent=10742"}],"curies":[{"name":"wp","href":"https:\/\/api.w.org\/{rel}","templated":true}]}}