{"id":9638,"date":"2023-01-26T17:04:00","date_gmt":"2023-01-26T16:04:00","guid":{"rendered":"https:\/\/discovergallura.it\/olbia\/natura-2\/"},"modified":"2023-04-13T10:57:37","modified_gmt":"2023-04-13T08:57:37","slug":"natura-2","status":"publish","type":"page","link":"https:\/\/discovergallura.it\/de\/destinazioni\/olbia\/natura-2\/","title":{"rendered":"Natur"},"content":{"rendered":"<div class=\"wpb-content-wrapper\"><p>[vc_row css_animation=&#8220;&#8220; row_type=&#8220;row&#8220; use_row_as_full_screen_section=&#8220;no&#8220; type=&#8220;grid&#8220; angled_section=&#8220;no&#8220; text_align=&#8220;left&#8220; background_image_as_pattern=&#8220;without_pattern&#8220; z_index=&#8220;&#8220;][vc_column css=&#8220;.vc_custom_1674214152573{margin-top: 80px !important;}&#8220;][vc_row_inner row_type=&#8220;row&#8220; type=&#8220;full_width&#8220; text_align=&#8220;left&#8220; css_animation=&#8220;&#8220;][vc_column_inner width=&#8220;1\/2&#8243; css=&#8220;.vc_custom_1674212921568{margin-bottom: 110px !important;}&#8220;][vc_separator type=&#8220;small&#8220; position=&#8220;left&#8220; color=&#8220;#3390b9&#8243; thickness=&#8220;4&#8243; width=&#8220;50&#8243;]<div class=\"custom_font_holder \" style=\"font-family: red hat display; font-style: normal; font-weight: 800; color: #3390b9; text-decoration: none; text-align: left; --qode-cf-font-size: 38px; --qode-cf-line-height: 39px; --qode-cf-font-size-1440: 38px; --qode-cf-line-height-1440: 39px; --qode-cf-font-size-1366: 38px; --qode-cf-line-height-1366: 39px; --qode-cf-font-size-1280: 38px; --qode-cf-line-height-1280: 39px; --qode-cf-font-size-1024: 38px; --qode-cf-line-height-1024: 39px; --qode-cf-font-size-768: 38px; --qode-cf-line-height-768: 39px; --qode-cf-font-size-680: 38px; --qode-cf-line-height-680: 39px; --qode-cf-font-size-480: 38px; --qode-cf-line-height-480: 39px;\">NATUR<\/div>[\/vc_column_inner][vc_column_inner width=&#8220;1\/2&#8243;][\/vc_column_inner][\/vc_row_inner][vc_row_inner row_type=&#8220;row&#8220; type=&#8220;full_width&#8220; text_align=&#8220;left&#8220; css_animation=&#8220;&#8220;][vc_column_inner css=&#8220;.vc_custom_1675259559603{margin-top: 30px !important;}&#8220;][vc_single_image image=&#8220;377&#8243; img_size=&#8220;full&#8220; alignment=&#8220;center&#8220; qode_css_animation=&#8220;&#8220;][\/vc_column_inner][\/vc_row_inner][vc_row_inner row_type=&#8220;row&#8220; type=&#8220;full_width&#8220; text_align=&#8220;left&#8220; css_animation=&#8220;&#8220;][vc_column_inner width=&#8220;1\/2&#8243; css=&#8220;.vc_custom_1675259520323{margin-top: 30px !important;}&#8220;][vc_column_text]<\/p>\n<p style=\"text-align: justify;\">Herrliche Orte, die einzigartige Erfahrungen und Emotionen vermitteln k\u00f6nnen. Die Lage am Meer ist der Grund f\u00fcr die flachen H\u00fcgel und die majest\u00e4tischen, vom Wind geformten Steine, die die unterschiedlichsten Konturen annehmen.<br \/>\nKommen Sie und erkunden Sie Olbia, eine vom Meer umgebene Stadt mit einem Hinterland voller \u00dcberraschungen, das Sie mit personalisierten Routen entdecken k\u00f6nnen!<\/p>\n<p>[\/vc_column_text][\/vc_column_inner][vc_column_inner width=&#8220;1\/2&#8243; css=&#8220;.vc_custom_1675259523355{margin-top: 30px !important;margin-bottom: 80px !important;}&#8220;][vc_column_text]Wir empfehlen Ihnen:<\/p>\n<ul>\n<li>&#8211; <strong>Parco Fausto Noce<\/strong>, mit 18 Hektar der gr\u00f6\u00dfte Stadtpark Sardiniens<br \/>\n(der 2005 als zweitbestes gr\u00fcnes Projekt Italiens ausgezeichnet wurde).<\/li>\n<li>&#8211; <strong>Flusspark Padrongianus<\/strong> (ca. 35 Hektar), an einem Teil des Unterlaufs des Rio<br \/>\nPadrongianus gelegen, unmittelbar s\u00fcdlich des Stadtgebiets von Olbia.<\/li>\n<li>&#8211; <strong>Staatswald von Sorili<\/strong>s, ein Halblagunengebiet des inneren Golfs,<br \/>\nin dem in speziellen Konzessionsgebieten (Gehegen) die gesch\u00e4tzten lokalen Miesmuscheln geerntet werden.<\/li>\n<li>&#8211; <a href=\"https:\/\/discovergallura.it\/siti-naturali\/area-marina-protetta-tavolara-punta-coda-cavallo\/\">Meeresschutzgebiet Tavolara-Punta Capo Coda Cavallo<\/a> (gemeinsam mit Loiri &#8211; Porto<br \/>\nSan Paolo und San Teodoro);<\/li>\n<li><strong>&#8211; Monte Pinu<\/strong>.<\/li>\n<li>&#8211; <strong>Monte Plebi.<\/strong><\/li>\n<li>&#8211; <strong>Monte Cugnana.<\/strong><\/li>\n<\/ul>\n<p>[\/vc_column_text][\/vc_column_inner][\/vc_row_inner][\/vc_column][\/vc_row][vc_row css_animation=&#8220;&#8220; row_type=&#8220;row&#8220; use_row_as_full_screen_section=&#8220;no&#8220; type=&#8220;grid&#8220; angled_section=&#8220;no&#8220; text_align=&#8220;left&#8220; background_image_as_pattern=&#8220;without_pattern&#8220; z_index=&#8220;&#8220;][vc_column width=&#8220;1\/6&#8243;][\/vc_column][vc_column width=&#8220;2\/3&#8243; css=&#8220;.vc_custom_1674141388895{margin-top: 80px !important;}&#8220; offset=&#8220;vc_hidden-sm vc_hidden-xs&#8220;]<div class=\"custom_font_holder \" style=\"font-family: EB garamond; font-style: italic; font-weight: 500; text-decoration: none; text-align: left; --qode-cf-font-size: 24px; --qode-cf-line-height: 28px; --qode-cf-font-size-1440: 24px; --qode-cf-line-height-1440: 28px; --qode-cf-font-size-1366: 24px; --qode-cf-line-height-1366: 28px; --qode-cf-font-size-1280: 24px; --qode-cf-line-height-1280: 28px; --qode-cf-font-size-1024: 24px; --qode-cf-line-height-1024: 28px; --qode-cf-font-size-768: 24px; --qode-cf-line-height-768: 28px; --qode-cf-font-size-680: 24px; --qode-cf-line-height-680: 28px; --qode-cf-font-size-480: 24px; --qode-cf-line-height-480: 28px;\">\n<p style=\"text-align: center;\"><span style=\"font-size: 24pt; line-height: 110%;\">Meer und unber\u00fchrte Natur. Ein wahres Paradies f\u00fcr alle Outdoor-Fans!<\/span><\/p>\n<\/div>[\/vc_column][vc_column width=&#8220;1\/6&#8243;][\/vc_column][\/vc_row][vc_row css_animation=&#8220;&#8220; row_type=&#8220;row&#8220; use_row_as_full_screen_section=&#8220;no&#8220; type=&#8220;full_width&#8220; angled_section=&#8220;no&#8220; text_align=&#8220;left&#8220; background_image_as_pattern=&#8220;without_pattern&#8220; z_index=&#8220;&#8220;][vc_column css=&#8220;.vc_custom_1675702964285{margin-top: 80px !important;margin-bottom: 120px !important;}&#8220;]<div class=\"qode-advanced-image-gallery  qode-aig-slider-type qode-tiny-space   \">\n\t<div class=\"qode-aig-slider qode-owl-slider\" data-number-of-items=\"1\" data-enable-loop=\"yes\" data-enable-autoplay=\"yes\" data-slider-speed=\"5000\" data-slider-speed-animation=\"600\" data-slider-padding=\"yes\" data-enable-navigation=\"yes\" data-enable-pagination=\"yes\">\n\t\t\t\t\t<div class=\"qode-aig-image\">\n\t\t\t\t\t\t\t\t\t<img loading=\"lazy\" decoding=\"async\" width=\"1440\" height=\"960\" src=\"https:\/\/discovergallura.it\/wp-content\/uploads\/2023\/01\/Parco-fluviale-del-Padrongianus-shutterstock_1542017429-1.jpg\" class=\"attachment-full size-full\" alt=\"\" srcset=\"https:\/\/discovergallura.it\/wp-content\/uploads\/2023\/01\/Parco-fluviale-del-Padrongianus-shutterstock_1542017429-1.jpg 1440w, https:\/\/discovergallura.it\/wp-content\/uploads\/2023\/01\/Parco-fluviale-del-Padrongianus-shutterstock_1542017429-1-300x200.jpg 300w, https:\/\/discovergallura.it\/wp-content\/uploads\/2023\/01\/Parco-fluviale-del-Padrongianus-shutterstock_1542017429-1-1024x683.jpg 1024w, https:\/\/discovergallura.it\/wp-content\/uploads\/2023\/01\/Parco-fluviale-del-Padrongianus-shutterstock_1542017429-1-768x512.jpg 768w, https:\/\/discovergallura.it\/wp-content\/uploads\/2023\/01\/Parco-fluviale-del-Padrongianus-shutterstock_1542017429-1-700x467.jpg 700w\" sizes=\"auto, (max-width: 1440px) 100vw, 1440px\" \/>\t\t\t\t\t<span class=\"aig-gallery-hover\">\n\t\t\t\t\t\t\t\t\t\t\t<\/span>\n\t\t\t\t\t\t\t<\/div>\n\t\t\t\t\t\t\t\t<div class=\"qode-aig-image\">\n\t\t\t\t\t\t\t\t\t<img loading=\"lazy\" decoding=\"async\" width=\"1024\" height=\"768\" src=\"https:\/\/discovergallura.it\/wp-content\/uploads\/2023\/01\/Monte-Plebi.jpeg\" class=\"attachment-full size-full\" alt=\"\" srcset=\"https:\/\/discovergallura.it\/wp-content\/uploads\/2023\/01\/Monte-Plebi.jpeg 1024w, https:\/\/discovergallura.it\/wp-content\/uploads\/2023\/01\/Monte-Plebi-300x225.jpeg 300w, https:\/\/discovergallura.it\/wp-content\/uploads\/2023\/01\/Monte-Plebi-768x576.jpeg 768w, https:\/\/discovergallura.it\/wp-content\/uploads\/2023\/01\/Monte-Plebi-800x600.jpeg 800w, https:\/\/discovergallura.it\/wp-content\/uploads\/2023\/01\/Monte-Plebi-700x525.jpeg 700w\" sizes=\"auto, (max-width: 1024px) 100vw, 1024px\" \/>\t\t\t\t\t<span class=\"aig-gallery-hover\">\n\t\t\t\t\t\t\t\t\t\t\t<\/span>\n\t\t\t\t\t\t\t<\/div>\n\t\t\t\t\t\t\t\t<div class=\"qode-aig-image\">\n\t\t\t\t\t\t\t\t\t<img loading=\"lazy\" decoding=\"async\" width=\"1134\" height=\"756\" src=\"https:\/\/discovergallura.it\/wp-content\/uploads\/2023\/01\/Monte-Pinu-shutterstock_2055091325.jpg\" class=\"attachment-full size-full\" alt=\"\" srcset=\"https:\/\/discovergallura.it\/wp-content\/uploads\/2023\/01\/Monte-Pinu-shutterstock_2055091325.jpg 1134w, https:\/\/discovergallura.it\/wp-content\/uploads\/2023\/01\/Monte-Pinu-shutterstock_2055091325-300x200.jpg 300w, https:\/\/discovergallura.it\/wp-content\/uploads\/2023\/01\/Monte-Pinu-shutterstock_2055091325-1024x683.jpg 1024w, https:\/\/discovergallura.it\/wp-content\/uploads\/2023\/01\/Monte-Pinu-shutterstock_2055091325-768x512.jpg 768w, https:\/\/discovergallura.it\/wp-content\/uploads\/2023\/01\/Monte-Pinu-shutterstock_2055091325-700x467.jpg 700w\" sizes=\"auto, (max-width: 1134px) 100vw, 1134px\" \/>\t\t\t\t\t<span class=\"aig-gallery-hover\">\n\t\t\t\t\t\t\t\t\t\t\t<\/span>\n\t\t\t\t\t\t\t<\/div>\n\t\t\t\t\t\t\t\t<div class=\"qode-aig-image\">\n\t\t\t\t\t\t\t\t\t<img loading=\"lazy\" decoding=\"async\" width=\"1417\" height=\"479\" src=\"https:\/\/discovergallura.it\/wp-content\/uploads\/2023\/01\/Tavolara-Punta-Capo-Coda-Cavallo-shutterstock_2062163030.jpg\" class=\"attachment-full size-full\" alt=\"\" srcset=\"https:\/\/discovergallura.it\/wp-content\/uploads\/2023\/01\/Tavolara-Punta-Capo-Coda-Cavallo-shutterstock_2062163030.jpg 1417w, https:\/\/discovergallura.it\/wp-content\/uploads\/2023\/01\/Tavolara-Punta-Capo-Coda-Cavallo-shutterstock_2062163030-300x101.jpg 300w, https:\/\/discovergallura.it\/wp-content\/uploads\/2023\/01\/Tavolara-Punta-Capo-Coda-Cavallo-shutterstock_2062163030-1024x346.jpg 1024w, https:\/\/discovergallura.it\/wp-content\/uploads\/2023\/01\/Tavolara-Punta-Capo-Coda-Cavallo-shutterstock_2062163030-768x260.jpg 768w, https:\/\/discovergallura.it\/wp-content\/uploads\/2023\/01\/Tavolara-Punta-Capo-Coda-Cavallo-shutterstock_2062163030-700x237.jpg 700w\" sizes=\"auto, (max-width: 1417px) 100vw, 1417px\" \/>\t\t\t\t\t<span class=\"aig-gallery-hover\">\n\t\t\t\t\t\t\t\t\t\t\t<\/span>\n\t\t\t\t\t\t\t<\/div>\n\t\t\t\t\t\t\t\t<div class=\"qode-aig-image\">\n\t\t\t\t\t\t\t\t\t<img loading=\"lazy\" decoding=\"async\" width=\"960\" height=\"374\" src=\"https:\/\/discovergallura.it\/wp-content\/uploads\/2023\/01\/Foresta-demaniale-di-Sorilis.jpeg\" class=\"attachment-full size-full\" alt=\"\" srcset=\"https:\/\/discovergallura.it\/wp-content\/uploads\/2023\/01\/Foresta-demaniale-di-Sorilis.jpeg 960w, https:\/\/discovergallura.it\/wp-content\/uploads\/2023\/01\/Foresta-demaniale-di-Sorilis-300x117.jpeg 300w, https:\/\/discovergallura.it\/wp-content\/uploads\/2023\/01\/Foresta-demaniale-di-Sorilis-768x299.jpeg 768w, https:\/\/discovergallura.it\/wp-content\/uploads\/2023\/01\/Foresta-demaniale-di-Sorilis-700x273.jpeg 700w\" sizes=\"auto, (max-width: 960px) 100vw, 960px\" \/>\t\t\t\t\t<span class=\"aig-gallery-hover\">\n\t\t\t\t\t\t\t\t\t\t\t<\/span>\n\t\t\t\t\t\t\t<\/div>\n\t\t\t\t\t\t\t\t<div class=\"qode-aig-image\">\n\t\t\t\t\t\t\t\t\t<img loading=\"lazy\" decoding=\"async\" width=\"1200\" height=\"801\" src=\"https:\/\/discovergallura.it\/wp-content\/uploads\/2023\/01\/PARCO-FAUSTO-NOCEshutterstock_1510795004.jpg\" class=\"attachment-full size-full\" alt=\"\" srcset=\"https:\/\/discovergallura.it\/wp-content\/uploads\/2023\/01\/PARCO-FAUSTO-NOCEshutterstock_1510795004.jpg 1200w, https:\/\/discovergallura.it\/wp-content\/uploads\/2023\/01\/PARCO-FAUSTO-NOCEshutterstock_1510795004-300x200.jpg 300w, https:\/\/discovergallura.it\/wp-content\/uploads\/2023\/01\/PARCO-FAUSTO-NOCEshutterstock_1510795004-1024x684.jpg 1024w, https:\/\/discovergallura.it\/wp-content\/uploads\/2023\/01\/PARCO-FAUSTO-NOCEshutterstock_1510795004-768x513.jpg 768w, https:\/\/discovergallura.it\/wp-content\/uploads\/2023\/01\/PARCO-FAUSTO-NOCEshutterstock_1510795004-700x467.jpg 700w\" sizes=\"auto, (max-width: 1200px) 100vw, 1200px\" \/>\t\t\t\t\t<span class=\"aig-gallery-hover\">\n\t\t\t\t\t\t\t\t\t\t\t<\/span>\n\t\t\t\t\t\t\t<\/div>\n\t\t\t\t\t\t\t\t<div class=\"qode-aig-image\">\n\t\t\t\t\t\t\t\t\t<img loading=\"lazy\" decoding=\"async\" width=\"1380\" height=\"521\" src=\"https:\/\/discovergallura.it\/wp-content\/uploads\/2023\/01\/Stabulario-cozze-shutterstock_1903440616.jpg\" class=\"attachment-full size-full\" alt=\"\" srcset=\"https:\/\/discovergallura.it\/wp-content\/uploads\/2023\/01\/Stabulario-cozze-shutterstock_1903440616.jpg 1380w, https:\/\/discovergallura.it\/wp-content\/uploads\/2023\/01\/Stabulario-cozze-shutterstock_1903440616-300x113.jpg 300w, https:\/\/discovergallura.it\/wp-content\/uploads\/2023\/01\/Stabulario-cozze-shutterstock_1903440616-1024x387.jpg 1024w, https:\/\/discovergallura.it\/wp-content\/uploads\/2023\/01\/Stabulario-cozze-shutterstock_1903440616-768x290.jpg 768w, https:\/\/discovergallura.it\/wp-content\/uploads\/2023\/01\/Stabulario-cozze-shutterstock_1903440616-700x264.jpg 700w\" sizes=\"auto, (max-width: 1380px) 100vw, 1380px\" \/>\t\t\t\t\t<span class=\"aig-gallery-hover\">\n\t\t\t\t\t\t\t\t\t\t\t<\/span>\n\t\t\t\t\t\t\t<\/div>\n\t\t\t\t\t\t<\/div>\n<\/div>[\/vc_column][\/vc_row]<\/p>\n<\/div>","protected":false},"excerpt":{"rendered":"<p>[vc_row css_animation=&#8220;&#8220; row_type=&#8220;row&#8220; use_row_as_full_screen_section=&#8220;no&#8220; type=&#8220;grid&#8220; angled_section=&#8220;no&#8220; text_align=&#8220;left&#8220; background_image_as_pattern=&#8220;without_pattern&#8220; z_index=&#8220;&#8220;][vc_column css=&#8220;.vc_custom_1674214152573{margin-top: 80px !important;}&#8220;][vc_row_inner row_type=&#8220;row&#8220; type=&#8220;full_width&#8220; text_align=&#8220;left&#8220; css_animation=&#8220;&#8220;][vc_column_inner width=&#8220;1\/2&#8243; css=&#8220;.vc_custom_1674212921568{margin-bottom: 110px !important;}&#8220;][vc_separator type=&#8220;small&#8220; position=&#8220;left&#8220; color=&#8220;#3390b9&#8243; thickness=&#8220;4&#8243; width=&#8220;50&#8243;][\/vc_column_inner][vc_column_inner width=&#8220;1\/2&#8243;][\/vc_column_inner][\/vc_row_inner][vc_row_inner row_type=&#8220;row&#8220; type=&#8220;full_width&#8220; text_align=&#8220;left&#8220; css_animation=&#8220;&#8220;][vc_column_inner css=&#8220;.vc_custom_1675259559603{margin-top: 30px !important;}&#8220;][vc_single_image image=&#8220;377&#8243; img_size=&#8220;full&#8220; alignment=&#8220;center&#8220; qode_css_animation=&#8220;&#8220;][\/vc_column_inner][\/vc_row_inner][vc_row_inner row_type=&#8220;row&#8220; type=&#8220;full_width&#8220; text_align=&#8220;left&#8220; css_animation=&#8220;&#8220;][vc_column_inner width=&#8220;1\/2&#8243; css=&#8220;.vc_custom_1675259520323{margin-top: 30px !important;}&#8220;][vc_column_text]&#8230;<\/p>\n","protected":false},"author":1,"featured_media":8446,"parent":8362,"menu_order":0,"comment_status":"closed","ping_status":"closed","template":"full_width.php","meta":{"inline_featured_image":false,"footnotes":""},"class_list":["post-9638","page","type-page","status-publish","has-post-thumbnail","hentry"],"_links":{"self":[{"href":"https:\/\/discovergallura.it\/de\/wp-json\/wp\/v2\/pages\/9638","targetHints":{"allow":["GET"]}}],"collection":[{"href":"https:\/\/discovergallura.it\/de\/wp-json\/wp\/v2\/pages"}],"about":[{"href":"https:\/\/discovergallura.it\/de\/wp-json\/wp\/v2\/types\/page"}],"author":[{"embeddable":true,"href":"https:\/\/discovergallura.it\/de\/wp-json\/wp\/v2\/users\/1"}],"replies":[{"embeddable":true,"href":"https:\/\/discovergallura.it\/de\/wp-json\/wp\/v2\/comments?post=9638"}],"version-history":[{"count":3,"href":"https:\/\/discovergallura.it\/de\/wp-json\/wp\/v2\/pages\/9638\/revisions"}],"predecessor-version":[{"id":9641,"href":"https:\/\/discovergallura.it\/de\/wp-json\/wp\/v2\/pages\/9638\/revisions\/9641"}],"up":[{"embeddable":true,"href":"https:\/\/discovergallura.it\/de\/wp-json\/wp\/v2\/pages\/8362"}],"wp:featuredmedia":[{"embeddable":true,"href":"https:\/\/discovergallura.it\/de\/wp-json\/wp\/v2\/media\/8446"}],"wp:attachment":[{"href":"https:\/\/discovergallura.it\/de\/wp-json\/wp\/v2\/media?parent=9638"}],"curies":[{"name":"wp","href":"https:\/\/api.w.org\/{rel}","templated":true}]}}