{"id":9662,"date":"2023-01-27T11:38:26","date_gmt":"2023-01-27T10:38:26","guid":{"rendered":"https:\/\/discovergallura.it\/berchidda\/"},"modified":"2023-06-14T16:40:51","modified_gmt":"2023-06-14T14:40:51","slug":"berchidda","status":"publish","type":"page","link":"https:\/\/discovergallura.it\/de\/destinazioni\/berchidda\/","title":{"rendered":"Berchidda"},"content":{"rendered":"<div class=\"wpb-content-wrapper\"><p>[vc_row css_animation=&#8220;&#8220; row_type=&#8220;row&#8220; use_row_as_full_screen_section=&#8220;no&#8220; type=&#8220;grid&#8220; angled_section=&#8220;no&#8220; text_align=&#8220;left&#8220; background_image_as_pattern=&#8220;without_pattern&#8220; z_index=&#8220;&#8220; css=&#8220;.vc_custom_1674661411193{margin-top: 80px !important;}&#8220;][vc_column][vc_row_inner row_type=&#8220;row&#8220; type=&#8220;full_width&#8220; text_align=&#8220;left&#8220; css_animation=&#8220;&#8220;][vc_column_inner css=&#8220;.vc_custom_1676370591016{margin-left: 40px !important;}&#8220; offset=&#8220;vc_hidden-lg vc_hidden-md vc_col-xs-4\/5&#8243;][vc_single_image image=&#8220;3183&#8243; img_size=&#8220;full&#8220; alignment=&#8220;center&#8220; qode_css_animation=&#8220;&#8220;][\/vc_column_inner][\/vc_row_inner][vc_row_inner row_type=&#8220;row&#8220; type=&#8220;full_width&#8220; text_align=&#8220;left&#8220; css_animation=&#8220;&#8220;][vc_column_inner width=&#8220;1\/3&#8243; css=&#8220;.vc_custom_1676370605303{margin-top: 30px !important;}&#8220; offset=&#8220;vc_hidden-sm vc_hidden-xs&#8220;][vc_single_image image=&#8220;3183&#8243; img_size=&#8220;300&#215;500&#8243; alignment=&#8220;center&#8220; qode_css_animation=&#8220;&#8220;][\/vc_column_inner][vc_column_inner width=&#8220;2\/3&#8243; css=&#8220;.vc_custom_1674663485947{margin-top: 30px !important;padding-left: 10% !important;}&#8220;]<div class=\"custom_font_holder \" style=\"font-family: red hat display; font-style: normal; font-weight: 800; color: #282828; text-decoration: none; text-align: center; --qode-cf-font-size: 38px; --qode-cf-line-height: 39px; --qode-cf-font-size-1440: 38px; --qode-cf-line-height-1440: 39px; --qode-cf-font-size-1366: 38px; --qode-cf-line-height-1366: 39px; --qode-cf-font-size-1280: 38px; --qode-cf-line-height-1280: 39px; --qode-cf-font-size-1024: 38px; --qode-cf-line-height-1024: 39px; --qode-cf-font-size-768: 38px; --qode-cf-line-height-768: 39px; --qode-cf-font-size-680: 38px; --qode-cf-line-height-680: 39px; --qode-cf-font-size-480: 38px; --qode-cf-line-height-480: 39px;\">BERCHIDDA<\/div>[vc_empty_space height=&#8220;15px&#8220;]<div class=\"custom_font_holder \" style=\"font-family: EB garamond; font-style: italic; font-weight: 500; text-decoration: none; text-align: left; --qode-cf-font-size: 25px; --qode-cf-line-height: 26px; --qode-cf-font-size-1440: 25px; --qode-cf-line-height-1440: 26px; --qode-cf-font-size-1366: 25px; --qode-cf-line-height-1366: 26px; --qode-cf-font-size-1280: 25px; --qode-cf-line-height-1280: 26px; --qode-cf-font-size-1024: 25px; --qode-cf-line-height-1024: 26px; --qode-cf-font-size-768: 25px; --qode-cf-line-height-768: 26px; --qode-cf-font-size-680: 25px; --qode-cf-line-height-680: 26px; --qode-cf-font-size-480: 25px; --qode-cf-line-height-480: 26px;\">\n<p style=\"text-align: center;\"><span style=\"font-size: 24pt; line-height: 110%;\">Wein und Musik, die beiden Hauptgr\u00fcnde f\u00fcr den Besuch einer bezaubernden Ortschaft im Landesinneren der Gallura.<\/span><\/p>\n<\/div>[vc_empty_space][vc_column_text]<\/p>\n<p style=\"text-align: justify;\">Berchidda ist ein B\u00fcndel von Emotionen. Hier kann man die au\u00dfergew\u00f6hnliche Sch\u00f6nheit des Naturerbes bewundern und inmitten der W\u00e4lder aus Stein- und Korkeichen sowie Wacholder eine urspr\u00fcngliche Atmosph\u00e4re erleben, in der man den Wein \u201eVermentino\u201c genie\u00dfen kann, begleitet von den reichhaltigen traditionellen Gerichten des Landes. Ein Ort, an dem das Alte auf das Moderne trifft, an dem man in fr\u00f6hlicher Runde Musik und Kultur h\u00f6ren und dar\u00fcber sprechen kann, um Momente und Orte zu genie\u00dfen, die unvergessliche Erinnerungen hinterlassen. Berchidda ist all das, die Freude an der Wahrnehmung, ein Ort, an dem man die Ausstrahlungen der mediterranen Macchia genie\u00dfen kann, indem man den Spuren der Zeit folgt.<\/p>\n<p>[\/vc_column_text][vc_empty_space][\/vc_column_inner][\/vc_row_inner][\/vc_column][\/vc_row][vc_row css_animation=&#8220;&#8220; row_type=&#8220;row&#8220; use_row_as_full_screen_section=&#8220;no&#8220; type=&#8220;full_width&#8220; angled_section=&#8220;no&#8220; text_align=&#8220;left&#8220; background_image_as_pattern=&#8220;without_pattern&#8220; z_index=&#8220;&#8220; css=&#8220;.vc_custom_1675854976030{margin-top: 80px !important;}&#8220;][vc_column]<div class=\"qode-advanced-image-gallery  qode-aig-slider-type qode-no-space   \">\n\t<div class=\"qode-aig-slider qode-owl-slider\" data-number-of-items=\"1\" data-enable-loop=\"yes\" data-enable-autoplay=\"yes\" data-slider-speed=\"5000\" data-slider-speed-animation=\"600\" data-slider-padding=\"yes\" data-enable-navigation=\"yes\" data-enable-pagination=\"yes\">\n\t\t\t\t\t<div class=\"qode-aig-image\">\n\t\t\t\t\t\t\t\t\t<img loading=\"lazy\" decoding=\"async\" src=\"https:\/\/discovergallura.it\/wp-content\/uploads\/2023\/01\/berchidda-1000x700.jpg\" alt=\"\" width=\"1000\" height=\"700\" \/>\t\t\t\t\t<span class=\"aig-gallery-hover\">\n\t\t\t\t\t\t\t\t\t\t\t<\/span>\n\t\t\t\t\t\t\t<\/div>\n\t\t\t\t\t\t\t\t<div class=\"qode-aig-image\">\n\t\t\t\t\t\t\t\t\t<img loading=\"lazy\" decoding=\"async\" src=\"https:\/\/discovergallura.it\/wp-content\/uploads\/2023\/01\/berchidda-1000x700.jpeg\" alt=\"\" width=\"1000\" height=\"700\" \/>\t\t\t\t\t<span class=\"aig-gallery-hover\">\n\t\t\t\t\t\t\t\t\t\t\t<\/span>\n\t\t\t\t\t\t\t<\/div>\n\t\t\t\t\t\t\t\t<div class=\"qode-aig-image\">\n\t\t\t\t\t\t\t\t\t<img loading=\"lazy\" decoding=\"async\" src=\"https:\/\/discovergallura.it\/wp-content\/uploads\/2023\/01\/berchidda-7-1000x700.jpeg\" alt=\"\" width=\"1000\" height=\"700\" \/>\t\t\t\t\t<span class=\"aig-gallery-hover\">\n\t\t\t\t\t\t\t\t\t\t\t<\/span>\n\t\t\t\t\t\t\t<\/div>\n\t\t\t\t\t\t\t\t<div class=\"qode-aig-image\">\n\t\t\t\t\t\t\t\t\t<img loading=\"lazy\" decoding=\"async\" src=\"https:\/\/discovergallura.it\/wp-content\/uploads\/2023\/01\/berchidda-6-1000x700.jpeg\" alt=\"\" width=\"1000\" height=\"700\" \/>\t\t\t\t\t<span class=\"aig-gallery-hover\">\n\t\t\t\t\t\t\t\t\t\t\t<\/span>\n\t\t\t\t\t\t\t<\/div>\n\t\t\t\t\t\t\t\t<div class=\"qode-aig-image\">\n\t\t\t\t\t\t\t\t\t<img loading=\"lazy\" decoding=\"async\" src=\"https:\/\/discovergallura.it\/wp-content\/uploads\/2023\/01\/berchidda-5-1000x700.jpeg\" alt=\"\" width=\"1000\" height=\"700\" \/>\t\t\t\t\t<span class=\"aig-gallery-hover\">\n\t\t\t\t\t\t\t\t\t\t\t<\/span>\n\t\t\t\t\t\t\t<\/div>\n\t\t\t\t\t\t\t\t<div class=\"qode-aig-image\">\n\t\t\t\t\t\t\t\t\t<img loading=\"lazy\" decoding=\"async\" src=\"https:\/\/discovergallura.it\/wp-content\/uploads\/2023\/01\/berchidda-4-1000x700.jpeg\" alt=\"\" width=\"1000\" height=\"700\" \/>\t\t\t\t\t<span class=\"aig-gallery-hover\">\n\t\t\t\t\t\t\t\t\t\t\t<\/span>\n\t\t\t\t\t\t\t<\/div>\n\t\t\t\t\t\t\t\t<div class=\"qode-aig-image\">\n\t\t\t\t\t\t\t\t\t<img loading=\"lazy\" decoding=\"async\" src=\"https:\/\/discovergallura.it\/wp-content\/uploads\/2023\/01\/berchidda-3-1000x700.jpeg\" alt=\"\" width=\"1000\" height=\"700\" \/>\t\t\t\t\t<span class=\"aig-gallery-hover\">\n\t\t\t\t\t\t\t\t\t\t\t<\/span>\n\t\t\t\t\t\t\t<\/div>\n\t\t\t\t\t\t\t\t<div class=\"qode-aig-image\">\n\t\t\t\t\t\t\t\t\t<img loading=\"lazy\" decoding=\"async\" src=\"https:\/\/discovergallura.it\/wp-content\/uploads\/2023\/01\/berchidda-2-1000x700.jpeg\" alt=\"\" width=\"1000\" height=\"700\" \/>\t\t\t\t\t<span class=\"aig-gallery-hover\">\n\t\t\t\t\t\t\t\t\t\t\t<\/span>\n\t\t\t\t\t\t\t<\/div>\n\t\t\t\t\t\t<\/div>\n<\/div>[\/vc_column][\/vc_row][vc_row css_animation=&#8220;&#8220; row_type=&#8220;row&#8220; use_row_as_full_screen_section=&#8220;no&#8220; type=&#8220;full_width&#8220; angled_section=&#8220;no&#8220; text_align=&#8220;left&#8220; background_image_as_pattern=&#8220;without_pattern&#8220; css=&#8220;.vc_custom_1674747267755{margin-top: 80px !important;margin-bottom: 80px !important;padding-right: 10% !important;padding-left: 10% !important;}&#8220; z_index=&#8220;&#8220;][vc_column][vc_tabs style=&#8220;boxed&#8220;][vc_tab title=&#8220;Was Sie unternehmen k\u00f6nnen&#8220; tab_id=&#8220;65a6b522-005a-8&#8243;][vc_row_inner row_type=&#8220;row&#8220; type=&#8220;full_width&#8220; text_align=&#8220;left&#8220; css_animation=&#8220;&#8220; css=&#8220;.vc_custom_1674751838341{margin-top: 50px !important;}&#8220;][vc_column_inner width=&#8220;1\/2&#8243;]<div class=\"custom_font_holder \" style=\"font-family: EB garamond; font-style: italic; font-weight: 500; text-decoration: none; text-align: left; --qode-cf-font-size: 25px; --qode-cf-line-height: 26px; --qode-cf-font-size-1440: 25px; --qode-cf-line-height-1440: 26px; --qode-cf-font-size-1366: 25px; --qode-cf-line-height-1366: 26px; --qode-cf-font-size-1280: 25px; --qode-cf-line-height-1280: 26px; --qode-cf-font-size-1024: 25px; --qode-cf-line-height-1024: 26px; --qode-cf-font-size-768: 25px; --qode-cf-line-height-768: 26px; --qode-cf-font-size-680: 25px; --qode-cf-line-height-680: 26px; --qode-cf-font-size-480: 25px; --qode-cf-line-height-480: 26px;\">\n<p style=\"text-align: left;\"><span style=\"font-size: 24pt; line-height: 110%;\">Ein Land, das Orte, Momente und Beziehungen bereith\u00e4lt, die miteinander verwoben sind und bezaubernde Erlebnisse bieten.<\/span><\/p>\n<\/div>[vc_empty_space][\/vc_column_inner][vc_column_inner width=&#8220;1\/2&#8243;][vc_column_text]<\/p>\n<p style=\"text-align: justify;\">Ob Wandern oder Radfahren, Kostproben in den einheimischen Weinbergen oder spannende Abenteuer,<br \/>\ndie Umgebung von Berchidda ist ein absolutes Muss auf Ihrer Reise in die Gallura!<\/p>\n<p>[\/vc_column_text][\/vc_column_inner][\/vc_row_inner][vc_empty_space]<div class=\"qode-advanced-image-gallery  qode-aig-grid-type qode-tiny-space  qode-image-behavior-lightbox \">\n\t<div class=\"qode-aig-inner qode-outer-space qode-aig-grid qode-aig-four-columns\">\n\t\t\t\t\t<div class=\"qode-aig-image qode-item-space\">\n\t\t\t\t<div class=\"qode-aig-image-inner\">\n\t\t\t\t\t\t\t\t\t\t\t<a itemprop=\"image\" class=\"qode-aig-lightbox\" href=\"https:\/\/discovergallura.it\/wp-content\/uploads\/2023\/01\/berchidda-cosa-fare-2.jpg\" data-rel=\"prettyPhoto[image_gallery_pretty_photo-575]\" title=\"berchidda-cosa-fare (2)\">\n\t\t\t\t\t\t\t\t\t\t\t<img loading=\"lazy\" decoding=\"async\" src=\"https:\/\/discovergallura.it\/wp-content\/uploads\/2023\/01\/berchidda-cosa-fare-2-500x500.jpg\" alt=\"\" width=\"500\" height=\"500\" \/>\t\t\t\t\t\t<span class=\"aig-gallery-hover\">\n\t\t\t\t\t\t\t\t\t\t\t\t\t\t\t<span class=\"icon-arrows-plus\"><\/span> \n\t\t\t\t\t\t\t\t\t\t\t\t\t<\/span>\n\t\t\t\t\t\t\t\t\t\t\t<\/a>\n\t\t\t\t\t\t\t\t\t<\/div>\n\t\t\t<\/div>\n\t\t\t\t\t\t\t\t<div class=\"qode-aig-image qode-item-space\">\n\t\t\t\t<div class=\"qode-aig-image-inner\">\n\t\t\t\t\t\t\t\t\t\t\t<a itemprop=\"image\" class=\"qode-aig-lightbox\" href=\"https:\/\/discovergallura.it\/wp-content\/uploads\/2023\/01\/berchidda-cosa-fare-3.jpg\" data-rel=\"prettyPhoto[image_gallery_pretty_photo-575]\" title=\"berchidda-cosa-fare (3)\">\n\t\t\t\t\t\t\t\t\t\t\t<img loading=\"lazy\" decoding=\"async\" src=\"https:\/\/discovergallura.it\/wp-content\/uploads\/2023\/01\/berchidda-cosa-fare-3-500x500.jpg\" alt=\"\" width=\"500\" height=\"500\" \/>\t\t\t\t\t\t<span class=\"aig-gallery-hover\">\n\t\t\t\t\t\t\t\t\t\t\t\t\t\t\t<span class=\"icon-arrows-plus\"><\/span> \n\t\t\t\t\t\t\t\t\t\t\t\t\t<\/span>\n\t\t\t\t\t\t\t\t\t\t\t<\/a>\n\t\t\t\t\t\t\t\t\t<\/div>\n\t\t\t<\/div>\n\t\t\t\t\t\t\t\t<div class=\"qode-aig-image qode-item-space\">\n\t\t\t\t<div class=\"qode-aig-image-inner\">\n\t\t\t\t\t\t\t\t\t\t\t<a itemprop=\"image\" class=\"qode-aig-lightbox\" href=\"https:\/\/discovergallura.it\/wp-content\/uploads\/2023\/01\/berchidda-cosa-fare.jpeg\" data-rel=\"prettyPhoto[image_gallery_pretty_photo-575]\" title=\"berchidda-cosa-fare\">\n\t\t\t\t\t\t\t\t\t\t\t<img loading=\"lazy\" decoding=\"async\" src=\"https:\/\/discovergallura.it\/wp-content\/uploads\/2023\/01\/berchidda-cosa-fare-500x500.jpeg\" alt=\"\" width=\"500\" height=\"500\" \/>\t\t\t\t\t\t<span class=\"aig-gallery-hover\">\n\t\t\t\t\t\t\t\t\t\t\t\t\t\t\t<span class=\"icon-arrows-plus\"><\/span> \n\t\t\t\t\t\t\t\t\t\t\t\t\t<\/span>\n\t\t\t\t\t\t\t\t\t\t\t<\/a>\n\t\t\t\t\t\t\t\t\t<\/div>\n\t\t\t<\/div>\n\t\t\t\t\t\t\t\t<div class=\"qode-aig-image qode-item-space\">\n\t\t\t\t<div class=\"qode-aig-image-inner\">\n\t\t\t\t\t\t\t\t\t\t\t<a itemprop=\"image\" class=\"qode-aig-lightbox\" href=\"https:\/\/discovergallura.it\/wp-content\/uploads\/2023\/01\/berchidda-cosa-fare.jpg\" data-rel=\"prettyPhoto[image_gallery_pretty_photo-575]\" title=\"berchidda-cosa-fare\">\n\t\t\t\t\t\t\t\t\t\t\t<img loading=\"lazy\" decoding=\"async\" src=\"https:\/\/discovergallura.it\/wp-content\/uploads\/2023\/01\/berchidda-cosa-fare-500x500.jpg\" alt=\"\" width=\"500\" height=\"500\" \/>\t\t\t\t\t\t<span class=\"aig-gallery-hover\">\n\t\t\t\t\t\t\t\t\t\t\t\t\t\t\t<span class=\"icon-arrows-plus\"><\/span> \n\t\t\t\t\t\t\t\t\t\t\t\t\t<\/span>\n\t\t\t\t\t\t\t\t\t\t\t<\/a>\n\t\t\t\t\t\t\t\t\t<\/div>\n\t\t\t<\/div>\n\t\t\t\t\t\t<\/div>\n<\/div>[\/vc_tab][vc_tab title=&#8220;Was es zu sehen gibt&#8220; tab_id=&#8220;0311754d-ad29-4&#8243;][vc_row_inner row_type=&#8220;row&#8220; type=&#8220;full_width&#8220; text_align=&#8220;left&#8220; css_animation=&#8220;&#8220; css=&#8220;.vc_custom_1674750537357{margin-top: 50px !important;}&#8220;][vc_column_inner width=&#8220;1\/2&#8243; offset=&#8220;vc_col-xs-6&#8243;]<div class=\"q_image_with_text_over\"><div class=\"shader\" ><\/div><img decoding=\"async\" itemprop=\"image\" src=\"https:\/\/discovergallura.it\/wp-content\/uploads\/2023\/01\/museo-del-vino.jpeg\" alt=\"\" \/><div class=\"text\"><table><tr><td><h3 class=\"caption no_icon\" style=\"font-size: 25px;\">Genossenschaftskellerei Giagantinu und Weinmuseum<\/h3><\/td><\/tr><\/table><table><tr><td><div class=\"desc\"><span style=\"font-size: 18pt;\"><strong><span style=\"color: #ffffff;\"><a style=\"color: #ffffff;\" href=\"\/de\/museo-del-vino\/\" rel=\"noopener\">Ein Museum, das die Geschichte des Weines auf Sardinien dokumentiert.<br \/>\n<\/a><\/span><\/strong><\/span><\/div><\/td><\/tr><\/table><\/div><\/div>[\/vc_column_inner][vc_column_inner width=&#8220;1\/2&#8243; offset=&#8220;vc_col-xs-6&#8243;]<div class=\"q_image_with_text_over\"><div class=\"shader\" ><\/div><img decoding=\"async\" itemprop=\"image\" src=\"https:\/\/discovergallura.it\/wp-content\/uploads\/2023\/02\/Berchidda-monte-acuto-e1675260158519.jpg\" alt=\"\" \/><div class=\"text\"><table><tr><td><h3 class=\"caption no_icon\" style=\"font-size: 25px;\">Burg Monte Acuto<\/h3><\/td><\/tr><\/table><table><tr><td><div class=\"desc\"><span style=\"font-size: 18pt;\"><strong><span style=\"color: #ffffff;\"><a style=\"color: #ffffff;\" href=\"https:\/\/discovergallura.it\/de\/destinazioni\/berchidda\/castello-di-monte-acuto\/\" rel=\"noopener\">Eine Festungsanlage, die im Mittelalter eine wichtige Burg war.<\/a><\/span><\/strong><\/span><\/div><\/td><\/tr><\/table><\/div><\/div>[\/vc_column_inner][\/vc_row_inner][vc_row_inner row_type=&#8220;row&#8220; type=&#8220;full_width&#8220; text_align=&#8220;left&#8220; css_animation=&#8220;&#8220;][vc_column_inner width=&#8220;1\/2&#8243; css=&#8220;.vc_custom_1676470798030{margin-top: 30px !important;}&#8220; offset=&#8220;vc_col-xs-6&#8243;]<div class=\"q_image_with_text_over\"><div class=\"shader\" ><\/div><img decoding=\"async\" itemprop=\"image\" src=\"https:\/\/discovergallura.it\/wp-content\/uploads\/2023\/01\/shutterstock_1819721660.jpg\" alt=\"\" \/><div class=\"text\"><table><tr><td><h3 class=\"caption no_icon\" style=\"font-size: 25px;\">Schmetterlingsgarten<\/h3><\/td><\/tr><\/table><table><tr><td><div class=\"desc\"><span style=\"font-size: 18pt;\"><strong><span style=\"color: #ffffff;\"><a style=\"color: #ffffff;\" href=\"https:\/\/discovergallura.it\/de\/destinazioni\/berchidda\/giardino-delle-farfalle\/\" rel=\"noopener\">Der Monte Limbara bietet eine noch intakte Natur und ist die Heimat einer reichen Tierwelt.<\/a><\/span><\/strong><\/span><\/div><\/td><\/tr><\/table><\/div><\/div>[\/vc_column_inner][vc_column_inner width=&#8220;1\/2&#8243; css=&#8220;.vc_custom_1676470801726{margin-top: 30px !important;}&#8220; offset=&#8220;vc_col-xs-6&#8243;]<div class=\"q_image_with_text_over\"><div class=\"shader\" ><\/div><img decoding=\"async\" itemprop=\"image\" src=\"https:\/\/discovergallura.it\/wp-content\/uploads\/2023\/01\/shutterstock_610606421.jpg\" alt=\"\" \/><div class=\"text\"><table><tr><td><h3 class=\"caption no_icon\" style=\"font-size: 25px;\">Time in jazz<\/h3><\/td><\/tr><\/table><table><tr><td><div class=\"desc\"><span style=\"font-size: 18pt;\"><strong><span style=\"color: #ffffff;\"><a style=\"color: #ffffff;\" href=\"https:\/\/discovergallura.it\/de\/destinations\/berchidda\/time-in-jazz\/\" rel=\"noopener\">Ein Festival, das ein echtes Beispiel f\u00fcr kulturelle Integration ist, bei dem K\u00fcnstler aller Religionen und Rassen zusammenkommen.<\/a><\/span><\/strong><\/span><\/div><\/td><\/tr><\/table><\/div><\/div>[\/vc_column_inner][\/vc_row_inner][\/vc_tab][\/vc_tabs][\/vc_column][\/vc_row][vc_row css_animation=&#8220;&#8220; row_type=&#8220;row&#8220; use_row_as_full_screen_section=&#8220;no&#8220; type=&#8220;full_width&#8220; angled_section=&#8220;no&#8220; text_align=&#8220;left&#8220; background_image_as_pattern=&#8220;without_pattern&#8220; css=&#8220;.vc_custom_1675786797300{margin-top: 50px !important;margin-bottom: 120px !important;padding-right: 10% !important;padding-left: 10% !important;background-color: #fcd362 !important;}&#8220; z_index=&#8220;&#8220;][vc_column css=&#8220;.vc_custom_1675785876983{padding-top: 20px !important;padding-bottom: 20px !important;}&#8220;][vc_column_text]<\/p>\n<h3><span style=\"font-size: 18pt; color: #ffffff;\">touristische Informationen<\/span><\/h3>\n<p>[\/vc_column_text][vc_empty_space height=&#8220;15px&#8220;][vc_row_inner row_type=&#8220;row&#8220; type=&#8220;full_width&#8220; text_align=&#8220;left&#8220; css_animation=&#8220;&#8220;][vc_column_inner width=&#8220;1\/3&#8243;][vc_column_text]Tel <a href=\"tel:+39+39%20079%2070%2039%20000\">0797039000<\/a>[\/vc_column_text][\/vc_column_inner][vc_column_inner width=&#8220;1\/3&#8243;][vc_column_text]Sito <a href=\"https:\/\/www.comune.berchidda.ot.it\/it\">www.comune.berchidda.ot.it<\/a><br \/>\nPec <a href=\"mailto:protocollo@pec.comune.berchidda.ot.it\">protocollo@pec.comune.berchidda.ot.it<\/a>[\/vc_column_text][\/vc_column_inner][vc_column_inner width=&#8220;1\/3&#8243;][\/vc_column_inner][\/vc_row_inner][\/vc_column][\/vc_row]<\/p>\n<\/div>","protected":false},"excerpt":{"rendered":"<p>[vc_row css_animation=&#8220;&#8220; row_type=&#8220;row&#8220; use_row_as_full_screen_section=&#8220;no&#8220; type=&#8220;grid&#8220; angled_section=&#8220;no&#8220; text_align=&#8220;left&#8220; background_image_as_pattern=&#8220;without_pattern&#8220; z_index=&#8220;&#8220; css=&#8220;.vc_custom_1674661411193{margin-top: 80px !important;}&#8220;][vc_column][vc_row_inner row_type=&#8220;row&#8220; type=&#8220;full_width&#8220; text_align=&#8220;left&#8220; css_animation=&#8220;&#8220;][vc_column_inner css=&#8220;.vc_custom_1676370591016{margin-left: 40px !important;}&#8220; offset=&#8220;vc_hidden-lg vc_hidden-md vc_col-xs-4\/5&#8243;][vc_single_image image=&#8220;3183&#8243; img_size=&#8220;full&#8220; alignment=&#8220;center&#8220; qode_css_animation=&#8220;&#8220;][\/vc_column_inner][\/vc_row_inner][vc_row_inner row_type=&#8220;row&#8220; type=&#8220;full_width&#8220; text_align=&#8220;left&#8220; css_animation=&#8220;&#8220;][vc_column_inner width=&#8220;1\/3&#8243; css=&#8220;.vc_custom_1676370605303{margin-top: 30px !important;}&#8220; offset=&#8220;vc_hidden-sm vc_hidden-xs&#8220;][vc_single_image image=&#8220;3183&#8243; img_size=&#8220;300&#215;500&#8243; alignment=&#8220;center&#8220; qode_css_animation=&#8220;&#8220;][\/vc_column_inner][vc_column_inner width=&#8220;2\/3&#8243; css=&#8220;.vc_custom_1674663485947{margin-top: 30px !important;padding-left: 10%&#8230;<\/p>\n","protected":false},"author":1,"featured_media":8985,"parent":10722,"menu_order":0,"comment_status":"closed","ping_status":"closed","template":"full_width.php","meta":{"inline_featured_image":false,"footnotes":""},"class_list":["post-9662","page","type-page","status-publish","has-post-thumbnail","hentry"],"_links":{"self":[{"href":"https:\/\/discovergallura.it\/de\/wp-json\/wp\/v2\/pages\/9662","targetHints":{"allow":["GET"]}}],"collection":[{"href":"https:\/\/discovergallura.it\/de\/wp-json\/wp\/v2\/pages"}],"about":[{"href":"https:\/\/discovergallura.it\/de\/wp-json\/wp\/v2\/types\/page"}],"author":[{"embeddable":true,"href":"https:\/\/discovergallura.it\/de\/wp-json\/wp\/v2\/users\/1"}],"replies":[{"embeddable":true,"href":"https:\/\/discovergallura.it\/de\/wp-json\/wp\/v2\/comments?post=9662"}],"version-history":[{"count":7,"href":"https:\/\/discovergallura.it\/de\/wp-json\/wp\/v2\/pages\/9662\/revisions"}],"predecessor-version":[{"id":13929,"href":"https:\/\/discovergallura.it\/de\/wp-json\/wp\/v2\/pages\/9662\/revisions\/13929"}],"up":[{"embeddable":true,"href":"https:\/\/discovergallura.it\/de\/wp-json\/wp\/v2\/pages\/10722"}],"wp:featuredmedia":[{"embeddable":true,"href":"https:\/\/discovergallura.it\/de\/wp-json\/wp\/v2\/media\/8985"}],"wp:attachment":[{"href":"https:\/\/discovergallura.it\/de\/wp-json\/wp\/v2\/media?parent=9662"}],"curies":[{"name":"wp","href":"https:\/\/api.w.org\/{rel}","templated":true}]}}