{"id":9674,"date":"2023-01-27T09:47:44","date_gmt":"2023-01-27T08:47:44","guid":{"rendered":"https:\/\/discovergallura.it\/berchidda\/time-in-jazz\/"},"modified":"2023-04-13T11:31:02","modified_gmt":"2023-04-13T09:31:02","slug":"time-in-jazz","status":"publish","type":"page","link":"https:\/\/discovergallura.it\/de\/destinazioni\/berchidda\/time-in-jazz\/","title":{"rendered":"Time in jazz"},"content":{"rendered":"<div class=\"wpb-content-wrapper\"><p>[vc_row css_animation=&#8220;&#8220; row_type=&#8220;row&#8220; use_row_as_full_screen_section=&#8220;no&#8220; type=&#8220;grid&#8220; angled_section=&#8220;no&#8220; text_align=&#8220;left&#8220; background_image_as_pattern=&#8220;without_pattern&#8220; z_index=&#8220;&#8220;][vc_column css=&#8220;.vc_custom_1674214152573{margin-top: 80px !important;}&#8220;][vc_row_inner row_type=&#8220;row&#8220; type=&#8220;full_width&#8220; text_align=&#8220;left&#8220; css_animation=&#8220;&#8220;][vc_column_inner width=&#8220;1\/2&#8243; css=&#8220;.vc_custom_1674212921568{margin-bottom: 110px !important;}&#8220;][vc_separator type=&#8220;small&#8220; position=&#8220;left&#8220; color=&#8220;#3390b9&#8243; thickness=&#8220;4&#8243; width=&#8220;50&#8243;]<div class=\"custom_font_holder \" style=\"font-family: red hat display; font-style: normal; font-weight: 800; color: #3390b9; text-decoration: none; text-align: left; --qode-cf-font-size: 38px; --qode-cf-line-height: 39px; --qode-cf-font-size-1440: 38px; --qode-cf-line-height-1440: 39px; --qode-cf-font-size-1366: 38px; --qode-cf-line-height-1366: 39px; --qode-cf-font-size-1280: 38px; --qode-cf-line-height-1280: 39px; --qode-cf-font-size-1024: 38px; --qode-cf-line-height-1024: 39px; --qode-cf-font-size-768: 38px; --qode-cf-line-height-768: 39px; --qode-cf-font-size-680: 38px; --qode-cf-line-height-680: 39px; --qode-cf-font-size-480: 38px; --qode-cf-line-height-480: 39px;\">TIME IN JAZZ<\/div>[\/vc_column_inner][vc_column_inner width=&#8220;1\/2&#8243;][\/vc_column_inner][\/vc_row_inner][vc_row_inner row_type=&#8220;row&#8220; type=&#8220;full_width&#8220; text_align=&#8220;left&#8220; css_animation=&#8220;&#8220;][vc_column_inner width=&#8220;1\/2&#8243;][vc_single_image image=&#8220;2233&#8243; img_size=&#8220;full&#8220; qode_css_animation=&#8220;&#8220;][vc_empty_space][\/vc_column_inner][vc_column_inner width=&#8220;1\/2&#8243; css=&#8220;.vc_custom_1674212910857{margin-bottom: 80px !important;}&#8220;][vc_column_text]<\/p>\n<p style=\"text-align: justify;\">Time in Jazz ist ein internationales Festival, das von dem gleichnamigen gemeinn\u00fctzigen Kulturverein initiiert und im Dezember 1997 ins Leben gerufen wurde. Der Verein ist ein wahres Laboratorium f\u00fcr Ideen und kulturelle Projekte, die die Interaktion zwischen verschiedenen k\u00fcnstlerischen und kreativen Aktivit\u00e4ten f\u00f6rdern. Neben dem Festival Time in Jazz, das jeden Sommer Mitte August stattfindet, organisiert der Verein zu verschiedenen Zeiten des Jahres weitere Veranstaltungen und kulturelle Initiativen.<\/p>\n<p>[\/vc_column_text][\/vc_column_inner][\/vc_row_inner][\/vc_column][\/vc_row][vc_row css_animation=&#8220;&#8220; row_type=&#8220;row&#8220; use_row_as_full_screen_section=&#8220;no&#8220; type=&#8220;grid&#8220; angled_section=&#8220;no&#8220; text_align=&#8220;left&#8220; background_image_as_pattern=&#8220;without_pattern&#8220; z_index=&#8220;&#8220;][vc_column width=&#8220;1\/6&#8243;][\/vc_column][vc_column width=&#8220;2\/3&#8243; css=&#8220;.vc_custom_1674141388895{margin-top: 80px !important;}&#8220; offset=&#8220;vc_hidden-sm vc_hidden-xs&#8220;]<div class=\"custom_font_holder \" style=\"font-family: EB garamond; font-style: italic; font-weight: 500; text-decoration: none; text-align: left; --qode-cf-font-size: 24px; --qode-cf-line-height: 28px; --qode-cf-font-size-1440: 24px; --qode-cf-line-height-1440: 28px; --qode-cf-font-size-1366: 24px; --qode-cf-line-height-1366: 28px; --qode-cf-font-size-1280: 24px; --qode-cf-line-height-1280: 28px; --qode-cf-font-size-1024: 24px; --qode-cf-line-height-1024: 28px; --qode-cf-font-size-768: 24px; --qode-cf-line-height-768: 28px; --qode-cf-font-size-680: 24px; --qode-cf-line-height-680: 28px; --qode-cf-font-size-480: 24px; --qode-cf-line-height-480: 28px;\">\n<p style=\"text-align: center;\"><span style=\"font-size: 24pt; line-height: 110%;\">Ein Festival, das ein echtes Beispiel f\u00fcr kulturelle Integration ist, bei dem K\u00fcnstler aller Religionen und Rassen zusammenkommen.<\/span><\/p>\n<\/div>[\/vc_column][vc_column width=&#8220;1\/6&#8243;][\/vc_column][\/vc_row][vc_row css_animation=&#8220;&#8220; row_type=&#8220;row&#8220; use_row_as_full_screen_section=&#8220;no&#8220; type=&#8220;full_width&#8220; angled_section=&#8220;no&#8220; text_align=&#8220;left&#8220; background_image_as_pattern=&#8220;without_pattern&#8220; z_index=&#8220;&#8220;][vc_column css=&#8220;.vc_custom_1674214257906{margin-top: 80px !important;margin-bottom: 120px !important;}&#8220; offset=&#8220;vc_hidden-sm vc_hidden-xs&#8220;]<div class=\"qode-advanced-image-gallery  qode-aig-slider-type qode-tiny-space   \">\n\t<div class=\"qode-aig-slider qode-owl-slider\" data-number-of-items=\"1\" data-enable-loop=\"yes\" data-enable-autoplay=\"yes\" data-slider-speed=\"5000\" data-slider-speed-animation=\"600\" data-slider-padding=\"yes\" data-enable-navigation=\"yes\" data-enable-pagination=\"yes\">\n\t\t\t\t\t<div class=\"qode-aig-image\">\n\t\t\t\t\t\t\t\t\t<img loading=\"lazy\" decoding=\"async\" width=\"1920\" height=\"1276\" src=\"https:\/\/discovergallura.it\/wp-content\/uploads\/2023\/01\/Time_in_Jazz_-_Berchidda_-_Piazza_del_Popolo_durante_un_concerto_foto_archivio_Time_in_Jazz_1-1564394171351.JPG-.jpeg\" class=\"attachment-full size-full\" alt=\"\" srcset=\"https:\/\/discovergallura.it\/wp-content\/uploads\/2023\/01\/Time_in_Jazz_-_Berchidda_-_Piazza_del_Popolo_durante_un_concerto_foto_archivio_Time_in_Jazz_1-1564394171351.JPG-.jpeg 1920w, https:\/\/discovergallura.it\/wp-content\/uploads\/2023\/01\/Time_in_Jazz_-_Berchidda_-_Piazza_del_Popolo_durante_un_concerto_foto_archivio_Time_in_Jazz_1-1564394171351.JPG--300x199.jpeg 300w, https:\/\/discovergallura.it\/wp-content\/uploads\/2023\/01\/Time_in_Jazz_-_Berchidda_-_Piazza_del_Popolo_durante_un_concerto_foto_archivio_Time_in_Jazz_1-1564394171351.JPG--1024x681.jpeg 1024w, https:\/\/discovergallura.it\/wp-content\/uploads\/2023\/01\/Time_in_Jazz_-_Berchidda_-_Piazza_del_Popolo_durante_un_concerto_foto_archivio_Time_in_Jazz_1-1564394171351.JPG--768x510.jpeg 768w, https:\/\/discovergallura.it\/wp-content\/uploads\/2023\/01\/Time_in_Jazz_-_Berchidda_-_Piazza_del_Popolo_durante_un_concerto_foto_archivio_Time_in_Jazz_1-1564394171351.JPG--1536x1021.jpeg 1536w, https:\/\/discovergallura.it\/wp-content\/uploads\/2023\/01\/Time_in_Jazz_-_Berchidda_-_Piazza_del_Popolo_durante_un_concerto_foto_archivio_Time_in_Jazz_1-1564394171351.JPG--700x465.jpeg 700w\" sizes=\"auto, (max-width: 1920px) 100vw, 1920px\" \/>\t\t\t\t\t<span class=\"aig-gallery-hover\">\n\t\t\t\t\t\t\t\t\t\t\t<\/span>\n\t\t\t\t\t\t\t<\/div>\n\t\t\t\t\t\t\t\t<div class=\"qode-aig-image\">\n\t\t\t\t\t\t\t\t\t<img loading=\"lazy\" decoding=\"async\" width=\"918\" height=\"612\" src=\"https:\/\/discovergallura.it\/wp-content\/uploads\/2023\/01\/shutterstock_1037503036-1.jpg\" class=\"attachment-full size-full\" alt=\"\" srcset=\"https:\/\/discovergallura.it\/wp-content\/uploads\/2023\/01\/shutterstock_1037503036-1.jpg 918w, https:\/\/discovergallura.it\/wp-content\/uploads\/2023\/01\/shutterstock_1037503036-1-300x200.jpg 300w, https:\/\/discovergallura.it\/wp-content\/uploads\/2023\/01\/shutterstock_1037503036-1-768x512.jpg 768w, https:\/\/discovergallura.it\/wp-content\/uploads\/2023\/01\/shutterstock_1037503036-1-700x467.jpg 700w\" sizes=\"auto, (max-width: 918px) 100vw, 918px\" \/>\t\t\t\t\t<span class=\"aig-gallery-hover\">\n\t\t\t\t\t\t\t\t\t\t\t<\/span>\n\t\t\t\t\t\t\t<\/div>\n\t\t\t\t\t\t\t\t<div class=\"qode-aig-image\">\n\t\t\t\t\t\t\t\t\t<img loading=\"lazy\" decoding=\"async\" width=\"1337\" height=\"872\" src=\"https:\/\/discovergallura.it\/wp-content\/uploads\/2023\/01\/Schermata-2022-11-27-alle-16.57.58.jpg\" class=\"attachment-full size-full\" alt=\"\" srcset=\"https:\/\/discovergallura.it\/wp-content\/uploads\/2023\/01\/Schermata-2022-11-27-alle-16.57.58.jpg 1337w, https:\/\/discovergallura.it\/wp-content\/uploads\/2023\/01\/Schermata-2022-11-27-alle-16.57.58-300x196.jpg 300w, https:\/\/discovergallura.it\/wp-content\/uploads\/2023\/01\/Schermata-2022-11-27-alle-16.57.58-1024x668.jpg 1024w, https:\/\/discovergallura.it\/wp-content\/uploads\/2023\/01\/Schermata-2022-11-27-alle-16.57.58-768x501.jpg 768w, https:\/\/discovergallura.it\/wp-content\/uploads\/2023\/01\/Schermata-2022-11-27-alle-16.57.58-400x260.jpg 400w, https:\/\/discovergallura.it\/wp-content\/uploads\/2023\/01\/Schermata-2022-11-27-alle-16.57.58-700x457.jpg 700w\" sizes=\"auto, (max-width: 1337px) 100vw, 1337px\" \/>\t\t\t\t\t<span class=\"aig-gallery-hover\">\n\t\t\t\t\t\t\t\t\t\t\t<\/span>\n\t\t\t\t\t\t\t<\/div>\n\t\t\t\t\t\t\t\t<div class=\"qode-aig-image\">\n\t\t\t\t\t\t\t\t\t<img loading=\"lazy\" decoding=\"async\" width=\"720\" height=\"480\" src=\"https:\/\/discovergallura.it\/wp-content\/uploads\/2023\/01\/shutterstock_610606421.jpg\" class=\"attachment-full size-full\" alt=\"\" srcset=\"https:\/\/discovergallura.it\/wp-content\/uploads\/2023\/01\/shutterstock_610606421.jpg 720w, https:\/\/discovergallura.it\/wp-content\/uploads\/2023\/01\/shutterstock_610606421-300x200.jpg 300w, https:\/\/discovergallura.it\/wp-content\/uploads\/2023\/01\/shutterstock_610606421-700x467.jpg 700w\" sizes=\"auto, (max-width: 720px) 100vw, 720px\" \/>\t\t\t\t\t<span class=\"aig-gallery-hover\">\n\t\t\t\t\t\t\t\t\t\t\t<\/span>\n\t\t\t\t\t\t\t<\/div>\n\t\t\t\t\t\t<\/div>\n<\/div>[\/vc_column][\/vc_row]<\/p>\n<\/div>","protected":false},"excerpt":{"rendered":"<p>[vc_row css_animation=&#8220;&#8220; row_type=&#8220;row&#8220; use_row_as_full_screen_section=&#8220;no&#8220; type=&#8220;grid&#8220; angled_section=&#8220;no&#8220; text_align=&#8220;left&#8220; background_image_as_pattern=&#8220;without_pattern&#8220; z_index=&#8220;&#8220;][vc_column css=&#8220;.vc_custom_1674214152573{margin-top: 80px !important;}&#8220;][vc_row_inner row_type=&#8220;row&#8220; type=&#8220;full_width&#8220; text_align=&#8220;left&#8220; css_animation=&#8220;&#8220;][vc_column_inner width=&#8220;1\/2&#8243; css=&#8220;.vc_custom_1674212921568{margin-bottom: 110px !important;}&#8220;][vc_separator type=&#8220;small&#8220; position=&#8220;left&#8220; color=&#8220;#3390b9&#8243; thickness=&#8220;4&#8243; width=&#8220;50&#8243;][\/vc_column_inner][vc_column_inner width=&#8220;1\/2&#8243;][\/vc_column_inner][\/vc_row_inner][vc_row_inner row_type=&#8220;row&#8220; type=&#8220;full_width&#8220; text_align=&#8220;left&#8220; css_animation=&#8220;&#8220;][vc_column_inner width=&#8220;1\/2&#8243;][vc_single_image image=&#8220;2233&#8243; img_size=&#8220;full&#8220; qode_css_animation=&#8220;&#8220;][vc_empty_space][\/vc_column_inner][vc_column_inner width=&#8220;1\/2&#8243; css=&#8220;.vc_custom_1674212910857{margin-bottom: 80px !important;}&#8220;][vc_column_text] Time in Jazz ist ein internationales Festival,&#8230;<\/p>\n","protected":false},"author":1,"featured_media":8918,"parent":9662,"menu_order":0,"comment_status":"closed","ping_status":"closed","template":"full_width.php","meta":{"inline_featured_image":false,"footnotes":""},"class_list":["post-9674","page","type-page","status-publish","has-post-thumbnail","hentry"],"_links":{"self":[{"href":"https:\/\/discovergallura.it\/de\/wp-json\/wp\/v2\/pages\/9674","targetHints":{"allow":["GET"]}}],"collection":[{"href":"https:\/\/discovergallura.it\/de\/wp-json\/wp\/v2\/pages"}],"about":[{"href":"https:\/\/discovergallura.it\/de\/wp-json\/wp\/v2\/types\/page"}],"author":[{"embeddable":true,"href":"https:\/\/discovergallura.it\/de\/wp-json\/wp\/v2\/users\/1"}],"replies":[{"embeddable":true,"href":"https:\/\/discovergallura.it\/de\/wp-json\/wp\/v2\/comments?post=9674"}],"version-history":[{"count":3,"href":"https:\/\/discovergallura.it\/de\/wp-json\/wp\/v2\/pages\/9674\/revisions"}],"predecessor-version":[{"id":9677,"href":"https:\/\/discovergallura.it\/de\/wp-json\/wp\/v2\/pages\/9674\/revisions\/9677"}],"up":[{"embeddable":true,"href":"https:\/\/discovergallura.it\/de\/wp-json\/wp\/v2\/pages\/9662"}],"wp:featuredmedia":[{"embeddable":true,"href":"https:\/\/discovergallura.it\/de\/wp-json\/wp\/v2\/media\/8918"}],"wp:attachment":[{"href":"https:\/\/discovergallura.it\/de\/wp-json\/wp\/v2\/media?parent=9674"}],"curies":[{"name":"wp","href":"https:\/\/api.w.org\/{rel}","templated":true}]}}