{"id":9706,"date":"2023-01-27T10:26:30","date_gmt":"2023-01-27T09:26:30","guid":{"rendered":"https:\/\/discovergallura.it\/monti\/castello-crasta-natura\/"},"modified":"2023-04-13T11:51:57","modified_gmt":"2023-04-13T09:51:57","slug":"castello-crasta-natura","status":"publish","type":"page","link":"https:\/\/discovergallura.it\/de\/destinazioni\/monti\/castello-crasta-natura\/","title":{"rendered":"Burg von Crasta und Natur"},"content":{"rendered":"<div class=\"wpb-content-wrapper\"><p>[vc_row css_animation=&#8220;&#8220; row_type=&#8220;row&#8220; use_row_as_full_screen_section=&#8220;no&#8220; type=&#8220;grid&#8220; angled_section=&#8220;no&#8220; text_align=&#8220;left&#8220; background_image_as_pattern=&#8220;without_pattern&#8220; z_index=&#8220;&#8220;][vc_column css=&#8220;.vc_custom_1674214152573{margin-top: 80px !important;}&#8220;][vc_row_inner row_type=&#8220;row&#8220; type=&#8220;full_width&#8220; text_align=&#8220;left&#8220; css_animation=&#8220;&#8220;][vc_column_inner width=&#8220;1\/2&#8243; css=&#8220;.vc_custom_1674212921568{margin-bottom: 110px !important;}&#8220;][vc_separator type=&#8220;small&#8220; position=&#8220;left&#8220; color=&#8220;#3390b9&#8243; thickness=&#8220;4&#8243; width=&#8220;50&#8243;]<div class=\"custom_font_holder \" style=\"font-family: red hat display; font-style: normal; font-weight: 800; color: #3390b9; text-decoration: none; text-align: left; --qode-cf-font-size: 38px; --qode-cf-line-height: 39px; --qode-cf-font-size-1440: 38px; --qode-cf-line-height-1440: 39px; --qode-cf-font-size-1366: 38px; --qode-cf-line-height-1366: 39px; --qode-cf-font-size-1280: 38px; --qode-cf-line-height-1280: 39px; --qode-cf-font-size-1024: 38px; --qode-cf-line-height-1024: 39px; --qode-cf-font-size-768: 38px; --qode-cf-line-height-768: 39px; --qode-cf-font-size-680: 38px; --qode-cf-line-height-680: 39px; --qode-cf-font-size-480: 38px; --qode-cf-line-height-480: 39px;\">BURG VON CRASTA UND NATUR<\/div>[\/vc_column_inner][vc_column_inner width=&#8220;1\/2&#8243;][\/vc_column_inner][\/vc_row_inner][vc_row_inner row_type=&#8220;row&#8220; type=&#8220;full_width&#8220; text_align=&#8220;left&#8220; css_animation=&#8220;&#8220;][vc_column_inner width=&#8220;1\/2&#8243;][vc_single_image image=&#8220;2270&#8243; img_size=&#8220;full&#8220; qode_css_animation=&#8220;&#8220;][vc_empty_space][\/vc_column_inner][vc_column_inner width=&#8220;1\/2&#8243; css=&#8220;.vc_custom_1674212910857{margin-bottom: 80px !important;}&#8220;][vc_column_text]<\/p>\n<p style=\"text-align: justify;\">Ebenso wie Sardinien von Invasionen heimgesucht wurde, wurde auch Monti im Laufe der Jahrhunderte mal vom Meer, mal von anderen Teilregionen der Insel aus erobert. Die Burg von Crasta steht 3 km s\u00fcdlich von Monti auf einer Anh\u00f6he von 490 m \u00fcber dem Meeresspiegel. In einer strategischen Position gelegen, beherrschte sie den so genannten \u201eKorridor oder Sattel von Monti\u201c und \u00fcberwachte die Verbindungswege zwischen der K\u00fcste und dem Landesinneren, womit sie Teil des Verteidigungsnetzes der Judikate von Torres und der Gallura war.<br \/>\nEntlang der malerisch gelegenen Wege, die von markanten Granitfelsen eingerahmt werden, sind Wasserf\u00e4lle zu sehen, die in einer k\u00fchlen, schattigen Umgebung zum Entspannen einladen.<\/p>\n<p>[\/vc_column_text][\/vc_column_inner][\/vc_row_inner][\/vc_column][\/vc_row][vc_row css_animation=&#8220;&#8220; row_type=&#8220;row&#8220; use_row_as_full_screen_section=&#8220;no&#8220; type=&#8220;grid&#8220; angled_section=&#8220;no&#8220; text_align=&#8220;left&#8220; background_image_as_pattern=&#8220;without_pattern&#8220; z_index=&#8220;&#8220;][vc_column width=&#8220;1\/6&#8243;][\/vc_column][vc_column width=&#8220;2\/3&#8243; css=&#8220;.vc_custom_1674141388895{margin-top: 80px !important;}&#8220; offset=&#8220;vc_hidden-sm vc_hidden-xs&#8220;]<div class=\"custom_font_holder \" style=\"font-family: EB garamond; font-style: italic; font-weight: 500; text-decoration: none; text-align: left; --qode-cf-font-size: 24px; --qode-cf-line-height: 28px; --qode-cf-font-size-1440: 24px; --qode-cf-line-height-1440: 28px; --qode-cf-font-size-1366: 24px; --qode-cf-line-height-1366: 28px; --qode-cf-font-size-1280: 24px; --qode-cf-line-height-1280: 28px; --qode-cf-font-size-1024: 24px; --qode-cf-line-height-1024: 28px; --qode-cf-font-size-768: 24px; --qode-cf-line-height-768: 28px; --qode-cf-font-size-680: 24px; --qode-cf-line-height-680: 28px; --qode-cf-font-size-480: 24px; --qode-cf-line-height-480: 28px;\">\n<p style=\"text-align: center;\"><span style=\"font-size: 24pt; line-height: 110%;\">Zwischen Geschichte und Wanderwegen in der Natur der Gallura.<\/span><\/p>\n<\/div>[\/vc_column][vc_column width=&#8220;1\/6&#8243;][\/vc_column][\/vc_row][vc_row css_animation=&#8220;&#8220; row_type=&#8220;row&#8220; use_row_as_full_screen_section=&#8220;no&#8220; type=&#8220;full_width&#8220; angled_section=&#8220;no&#8220; text_align=&#8220;left&#8220; background_image_as_pattern=&#8220;without_pattern&#8220; z_index=&#8220;&#8220;][vc_column css=&#8220;.vc_custom_1675702862805{margin-top: 80px !important;margin-bottom: 120px !important;}&#8220;]<div class=\"qode-advanced-image-gallery  qode-aig-slider-type qode-tiny-space   \">\n\t<div class=\"qode-aig-slider qode-owl-slider\" data-number-of-items=\"1\" data-enable-loop=\"yes\" data-enable-autoplay=\"yes\" data-slider-speed=\"5000\" data-slider-speed-animation=\"600\" data-slider-padding=\"yes\" data-enable-navigation=\"yes\" data-enable-pagination=\"yes\">\n\t\t\t\t\t<div class=\"qode-aig-image\">\n\t\t\t\t\t\t\t\t\t<img loading=\"lazy\" decoding=\"async\" width=\"2048\" height=\"1360\" src=\"https:\/\/discovergallura.it\/wp-content\/uploads\/2023\/01\/2019-05-nuraghe.jpeg\" class=\"attachment-full size-full\" alt=\"\" srcset=\"https:\/\/discovergallura.it\/wp-content\/uploads\/2023\/01\/2019-05-nuraghe.jpeg 2048w, https:\/\/discovergallura.it\/wp-content\/uploads\/2023\/01\/2019-05-nuraghe-300x199.jpeg 300w, https:\/\/discovergallura.it\/wp-content\/uploads\/2023\/01\/2019-05-nuraghe-1024x680.jpeg 1024w, https:\/\/discovergallura.it\/wp-content\/uploads\/2023\/01\/2019-05-nuraghe-768x510.jpeg 768w, https:\/\/discovergallura.it\/wp-content\/uploads\/2023\/01\/2019-05-nuraghe-1536x1020.jpeg 1536w, https:\/\/discovergallura.it\/wp-content\/uploads\/2023\/01\/2019-05-nuraghe-700x465.jpeg 700w\" sizes=\"auto, (max-width: 2048px) 100vw, 2048px\" \/>\t\t\t\t\t<span class=\"aig-gallery-hover\">\n\t\t\t\t\t\t\t\t\t\t\t<\/span>\n\t\t\t\t\t\t\t<\/div>\n\t\t\t\t\t\t\t\t<div class=\"qode-aig-image\">\n\t\t\t\t\t\t\t\t\t<img loading=\"lazy\" decoding=\"async\" width=\"1974\" height=\"1311\" src=\"https:\/\/discovergallura.it\/wp-content\/uploads\/2023\/01\/2019-05-sito.jpeg\" class=\"attachment-full size-full\" alt=\"\" srcset=\"https:\/\/discovergallura.it\/wp-content\/uploads\/2023\/01\/2019-05-sito.jpeg 1974w, https:\/\/discovergallura.it\/wp-content\/uploads\/2023\/01\/2019-05-sito-300x199.jpeg 300w, https:\/\/discovergallura.it\/wp-content\/uploads\/2023\/01\/2019-05-sito-1024x680.jpeg 1024w, https:\/\/discovergallura.it\/wp-content\/uploads\/2023\/01\/2019-05-sito-768x510.jpeg 768w, https:\/\/discovergallura.it\/wp-content\/uploads\/2023\/01\/2019-05-sito-1536x1020.jpeg 1536w, https:\/\/discovergallura.it\/wp-content\/uploads\/2023\/01\/2019-05-sito-700x465.jpeg 700w\" sizes=\"auto, (max-width: 1974px) 100vw, 1974px\" \/>\t\t\t\t\t<span class=\"aig-gallery-hover\">\n\t\t\t\t\t\t\t\t\t\t\t<\/span>\n\t\t\t\t\t\t\t<\/div>\n\t\t\t\t\t\t\t\t<div class=\"qode-aig-image\">\n\t\t\t\t\t\t\t\t\t<img loading=\"lazy\" decoding=\"async\" width=\"1024\" height=\"1024\" src=\"https:\/\/discovergallura.it\/wp-content\/uploads\/2023\/01\/muru-mannu-2.jpg\" class=\"attachment-full size-full\" alt=\"\" srcset=\"https:\/\/discovergallura.it\/wp-content\/uploads\/2023\/01\/muru-mannu-2.jpg 1024w, https:\/\/discovergallura.it\/wp-content\/uploads\/2023\/01\/muru-mannu-2-300x300.jpg 300w, https:\/\/discovergallura.it\/wp-content\/uploads\/2023\/01\/muru-mannu-2-150x150.jpg 150w, https:\/\/discovergallura.it\/wp-content\/uploads\/2023\/01\/muru-mannu-2-768x768.jpg 768w, https:\/\/discovergallura.it\/wp-content\/uploads\/2023\/01\/muru-mannu-2-570x570.jpg 570w, https:\/\/discovergallura.it\/wp-content\/uploads\/2023\/01\/muru-mannu-2-500x500.jpg 500w, https:\/\/discovergallura.it\/wp-content\/uploads\/2023\/01\/muru-mannu-2-1000x1000.jpg 1000w, https:\/\/discovergallura.it\/wp-content\/uploads\/2023\/01\/muru-mannu-2-700x700.jpg 700w, https:\/\/discovergallura.it\/wp-content\/uploads\/2023\/01\/muru-mannu-2-650x650.jpg 650w\" sizes=\"auto, (max-width: 1024px) 100vw, 1024px\" \/>\t\t\t\t\t<span class=\"aig-gallery-hover\">\n\t\t\t\t\t\t\t\t\t\t\t<\/span>\n\t\t\t\t\t\t\t<\/div>\n\t\t\t\t\t\t\t\t<div class=\"qode-aig-image\">\n\t\t\t\t\t\t\t\t\t<img loading=\"lazy\" decoding=\"async\" width=\"1440\" height=\"1048\" src=\"https:\/\/discovergallura.it\/wp-content\/uploads\/2023\/01\/sentiero_113_per_muru_mannu_-_monti_mannu_monte_linas_-_villacidro_gonnosfanadiga.jpg\" class=\"attachment-full size-full\" alt=\"\" srcset=\"https:\/\/discovergallura.it\/wp-content\/uploads\/2023\/01\/sentiero_113_per_muru_mannu_-_monti_mannu_monte_linas_-_villacidro_gonnosfanadiga.jpg 1440w, https:\/\/discovergallura.it\/wp-content\/uploads\/2023\/01\/sentiero_113_per_muru_mannu_-_monti_mannu_monte_linas_-_villacidro_gonnosfanadiga-300x218.jpg 300w, https:\/\/discovergallura.it\/wp-content\/uploads\/2023\/01\/sentiero_113_per_muru_mannu_-_monti_mannu_monte_linas_-_villacidro_gonnosfanadiga-1024x745.jpg 1024w, https:\/\/discovergallura.it\/wp-content\/uploads\/2023\/01\/sentiero_113_per_muru_mannu_-_monti_mannu_monte_linas_-_villacidro_gonnosfanadiga-768x559.jpg 768w, https:\/\/discovergallura.it\/wp-content\/uploads\/2023\/01\/sentiero_113_per_muru_mannu_-_monti_mannu_monte_linas_-_villacidro_gonnosfanadiga-700x509.jpg 700w\" sizes=\"auto, (max-width: 1440px) 100vw, 1440px\" \/>\t\t\t\t\t<span class=\"aig-gallery-hover\">\n\t\t\t\t\t\t\t\t\t\t\t<\/span>\n\t\t\t\t\t\t\t<\/div>\n\t\t\t\t\t\t\t\t<div class=\"qode-aig-image\">\n\t\t\t\t\t\t\t\t\t<img loading=\"lazy\" decoding=\"async\" width=\"1440\" height=\"1048\" src=\"https:\/\/discovergallura.it\/wp-content\/uploads\/2023\/01\/sentiero_113_per_muru_mannu_-_monti_mannu_monte_linas_villacidro_gonnosfanadiga.jpg\" class=\"attachment-full size-full\" alt=\"\" srcset=\"https:\/\/discovergallura.it\/wp-content\/uploads\/2023\/01\/sentiero_113_per_muru_mannu_-_monti_mannu_monte_linas_villacidro_gonnosfanadiga.jpg 1440w, https:\/\/discovergallura.it\/wp-content\/uploads\/2023\/01\/sentiero_113_per_muru_mannu_-_monti_mannu_monte_linas_villacidro_gonnosfanadiga-300x218.jpg 300w, https:\/\/discovergallura.it\/wp-content\/uploads\/2023\/01\/sentiero_113_per_muru_mannu_-_monti_mannu_monte_linas_villacidro_gonnosfanadiga-1024x745.jpg 1024w, https:\/\/discovergallura.it\/wp-content\/uploads\/2023\/01\/sentiero_113_per_muru_mannu_-_monti_mannu_monte_linas_villacidro_gonnosfanadiga-768x559.jpg 768w, https:\/\/discovergallura.it\/wp-content\/uploads\/2023\/01\/sentiero_113_per_muru_mannu_-_monti_mannu_monte_linas_villacidro_gonnosfanadiga-700x509.jpg 700w\" sizes=\"auto, (max-width: 1440px) 100vw, 1440px\" \/>\t\t\t\t\t<span class=\"aig-gallery-hover\">\n\t\t\t\t\t\t\t\t\t\t\t<\/span>\n\t\t\t\t\t\t\t<\/div>\n\t\t\t\t\t\t\t\t<div class=\"qode-aig-image\">\n\t\t\t\t\t\t\t\t\t<img loading=\"lazy\" decoding=\"async\" width=\"2560\" height=\"1700\" src=\"https:\/\/discovergallura.it\/wp-content\/uploads\/2023\/01\/2018-01-nuraghe-sa-prexone-copertina-scaled.jpg\" class=\"attachment-full size-full\" alt=\"\" srcset=\"https:\/\/discovergallura.it\/wp-content\/uploads\/2023\/01\/2018-01-nuraghe-sa-prexone-copertina-scaled.jpg 2560w, https:\/\/discovergallura.it\/wp-content\/uploads\/2023\/01\/2018-01-nuraghe-sa-prexone-copertina-300x199.jpg 300w, https:\/\/discovergallura.it\/wp-content\/uploads\/2023\/01\/2018-01-nuraghe-sa-prexone-copertina-1024x680.jpg 1024w, https:\/\/discovergallura.it\/wp-content\/uploads\/2023\/01\/2018-01-nuraghe-sa-prexone-copertina-768x510.jpg 768w, https:\/\/discovergallura.it\/wp-content\/uploads\/2023\/01\/2018-01-nuraghe-sa-prexone-copertina-1536x1020.jpg 1536w, https:\/\/discovergallura.it\/wp-content\/uploads\/2023\/01\/2018-01-nuraghe-sa-prexone-copertina-2048x1360.jpg 2048w, https:\/\/discovergallura.it\/wp-content\/uploads\/2023\/01\/2018-01-nuraghe-sa-prexone-copertina-700x465.jpg 700w\" sizes=\"auto, (max-width: 2560px) 100vw, 2560px\" \/>\t\t\t\t\t<span class=\"aig-gallery-hover\">\n\t\t\t\t\t\t\t\t\t\t\t<\/span>\n\t\t\t\t\t\t\t<\/div>\n\t\t\t\t\t\t<\/div>\n<\/div>[\/vc_column][\/vc_row]<\/p>\n<\/div>","protected":false},"excerpt":{"rendered":"<p>[vc_row css_animation=&#8220;&#8220; row_type=&#8220;row&#8220; use_row_as_full_screen_section=&#8220;no&#8220; type=&#8220;grid&#8220; angled_section=&#8220;no&#8220; text_align=&#8220;left&#8220; background_image_as_pattern=&#8220;without_pattern&#8220; z_index=&#8220;&#8220;][vc_column css=&#8220;.vc_custom_1674214152573{margin-top: 80px !important;}&#8220;][vc_row_inner row_type=&#8220;row&#8220; type=&#8220;full_width&#8220; text_align=&#8220;left&#8220; css_animation=&#8220;&#8220;][vc_column_inner width=&#8220;1\/2&#8243; css=&#8220;.vc_custom_1674212921568{margin-bottom: 110px !important;}&#8220;][vc_separator type=&#8220;small&#8220; position=&#8220;left&#8220; color=&#8220;#3390b9&#8243; thickness=&#8220;4&#8243; width=&#8220;50&#8243;][\/vc_column_inner][vc_column_inner width=&#8220;1\/2&#8243;][\/vc_column_inner][\/vc_row_inner][vc_row_inner row_type=&#8220;row&#8220; type=&#8220;full_width&#8220; text_align=&#8220;left&#8220; css_animation=&#8220;&#8220;][vc_column_inner width=&#8220;1\/2&#8243;][vc_single_image image=&#8220;2270&#8243; img_size=&#8220;full&#8220; qode_css_animation=&#8220;&#8220;][vc_empty_space][\/vc_column_inner][vc_column_inner width=&#8220;1\/2&#8243; css=&#8220;.vc_custom_1674212910857{margin-bottom: 80px !important;}&#8220;][vc_column_text] Ebenso wie Sardinien von Invasionen heimgesucht wurde,&#8230;<\/p>\n","protected":false},"author":1,"featured_media":8940,"parent":9698,"menu_order":0,"comment_status":"closed","ping_status":"closed","template":"full_width.php","meta":{"inline_featured_image":false,"footnotes":""},"class_list":["post-9706","page","type-page","status-publish","has-post-thumbnail","hentry"],"_links":{"self":[{"href":"https:\/\/discovergallura.it\/de\/wp-json\/wp\/v2\/pages\/9706","targetHints":{"allow":["GET"]}}],"collection":[{"href":"https:\/\/discovergallura.it\/de\/wp-json\/wp\/v2\/pages"}],"about":[{"href":"https:\/\/discovergallura.it\/de\/wp-json\/wp\/v2\/types\/page"}],"author":[{"embeddable":true,"href":"https:\/\/discovergallura.it\/de\/wp-json\/wp\/v2\/users\/1"}],"replies":[{"embeddable":true,"href":"https:\/\/discovergallura.it\/de\/wp-json\/wp\/v2\/comments?post=9706"}],"version-history":[{"count":3,"href":"https:\/\/discovergallura.it\/de\/wp-json\/wp\/v2\/pages\/9706\/revisions"}],"predecessor-version":[{"id":9709,"href":"https:\/\/discovergallura.it\/de\/wp-json\/wp\/v2\/pages\/9706\/revisions\/9709"}],"up":[{"embeddable":true,"href":"https:\/\/discovergallura.it\/de\/wp-json\/wp\/v2\/pages\/9698"}],"wp:featuredmedia":[{"embeddable":true,"href":"https:\/\/discovergallura.it\/de\/wp-json\/wp\/v2\/media\/8940"}],"wp:attachment":[{"href":"https:\/\/discovergallura.it\/de\/wp-json\/wp\/v2\/media?parent=9706"}],"curies":[{"name":"wp","href":"https:\/\/api.w.org\/{rel}","templated":true}]}}