{"id":9714,"date":"2023-01-27T12:52:18","date_gmt":"2023-01-27T11:52:18","guid":{"rendered":"https:\/\/discovergallura.it\/oschiri\/"},"modified":"2023-06-19T10:35:04","modified_gmt":"2023-06-19T08:35:04","slug":"oschiri","status":"publish","type":"page","link":"https:\/\/discovergallura.it\/de\/destinazioni\/oschiri\/","title":{"rendered":"Oschiri"},"content":{"rendered":"<div class=\"wpb-content-wrapper\"><p>[vc_row css_animation=&#8220;&#8220; row_type=&#8220;row&#8220; use_row_as_full_screen_section=&#8220;no&#8220; type=&#8220;grid&#8220; angled_section=&#8220;no&#8220; text_align=&#8220;left&#8220; background_image_as_pattern=&#8220;without_pattern&#8220; z_index=&#8220;&#8220; css=&#8220;.vc_custom_1674661411193{margin-top: 80px !important;}&#8220;][vc_column][vc_row_inner row_type=&#8220;row&#8220; type=&#8220;full_width&#8220; text_align=&#8220;left&#8220; css_animation=&#8220;&#8220;][vc_column_inner css=&#8220;.vc_custom_1676371782808{margin-left: 40px !important;}&#8220; offset=&#8220;vc_hidden-lg vc_hidden-md vc_col-xs-4\/5&#8243;][vc_single_image image=&#8220;3203&#8243; img_size=&#8220;full&#8220; alignment=&#8220;center&#8220; qode_css_animation=&#8220;&#8220;][\/vc_column_inner][\/vc_row_inner][vc_row_inner row_type=&#8220;row&#8220; type=&#8220;full_width&#8220; text_align=&#8220;left&#8220; css_animation=&#8220;&#8220;][vc_column_inner width=&#8220;1\/3&#8243; css=&#8220;.vc_custom_1676371798000{margin-top: 30px !important;}&#8220; offset=&#8220;vc_hidden-sm vc_hidden-xs&#8220;][vc_single_image image=&#8220;3203&#8243; img_size=&#8220;300&#215;500&#8243; alignment=&#8220;center&#8220; qode_css_animation=&#8220;&#8220;][\/vc_column_inner][vc_column_inner width=&#8220;2\/3&#8243; css=&#8220;.vc_custom_1674663485947{margin-top: 30px !important;padding-left: 10% !important;}&#8220;]<div class=\"custom_font_holder \" style=\"font-family: red hat display; font-style: normal; font-weight: 800; color: #282828; text-decoration: none; text-align: center; --qode-cf-font-size: 38px; --qode-cf-line-height: 39px; --qode-cf-font-size-1440: 38px; --qode-cf-line-height-1440: 39px; --qode-cf-font-size-1366: 38px; --qode-cf-line-height-1366: 39px; --qode-cf-font-size-1280: 38px; --qode-cf-line-height-1280: 39px; --qode-cf-font-size-1024: 38px; --qode-cf-line-height-1024: 39px; --qode-cf-font-size-768: 38px; --qode-cf-line-height-768: 39px; --qode-cf-font-size-680: 38px; --qode-cf-line-height-680: 39px; --qode-cf-font-size-480: 38px; --qode-cf-line-height-480: 39px;\">OSCHIRI<\/div>[vc_empty_space height=&#8220;15px&#8220;]<div class=\"custom_font_holder \" style=\"font-family: EB garamond; font-style: italic; font-weight: 500; text-decoration: none; text-align: left; --qode-cf-font-size: 25px; --qode-cf-line-height: 26px; --qode-cf-font-size-1440: 25px; --qode-cf-line-height-1440: 26px; --qode-cf-font-size-1366: 25px; --qode-cf-line-height-1366: 26px; --qode-cf-font-size-1280: 25px; --qode-cf-line-height-1280: 26px; --qode-cf-font-size-1024: 25px; --qode-cf-line-height-1024: 26px; --qode-cf-font-size-768: 25px; --qode-cf-line-height-768: 26px; --qode-cf-font-size-680: 25px; --qode-cf-line-height-680: 26px; --qode-cf-font-size-480: 25px; --qode-cf-line-height-480: 26px;\">\n<p style=\"text-align: center;\"><span style=\"font-size: 24pt; line-height: 110%;\">Ein bezaubernder Ort mit einer gro\u00dfen pr\u00e4historischen und r\u00f6mischen Vergangenheit, reich an alten Traditionen.<\/span><\/p>\n<\/div>[vc_empty_space][vc_column_text]<\/p>\n<p style=\"text-align: justify;\">Das Gebiet von Oschiri geh\u00f6rt zur neuen Provinz Olbia-Tempio und blickt auf die Ebene des Coghinas in der historischen Region des Monte Acuto. Das historische Zentrum wird von niedrigen H\u00e4usern und engen, gepflasterten Stra\u00dfen gepr\u00e4gt, von denen aus man einen Blick auf T\u00e4ler mit Steineichen, Korkeichen und mediterraner Macchia hat. Oschiri ist bekannt f\u00fcr sein Rindfleisch, seinen Vermentino-Wein, seinen K\u00e4se und vor allem f\u00fcr seine Panadas, mit Fleisch und nat\u00fcrlichen Aromastoffen gef\u00fcllte Bl\u00e4tterteigtaschen. Im August findet zusammen mit der Lebensmittelmesse der Gallura ein Fest statt, das diesem kultigen Gericht des Ortes gewidmet ist.<\/p>\n<p>[\/vc_column_text][vc_empty_space][\/vc_column_inner][\/vc_row_inner][\/vc_column][\/vc_row][vc_row css_animation=&#8220;&#8220; row_type=&#8220;row&#8220; use_row_as_full_screen_section=&#8220;no&#8220; type=&#8220;full_width&#8220; angled_section=&#8220;no&#8220; text_align=&#8220;left&#8220; background_image_as_pattern=&#8220;without_pattern&#8220; z_index=&#8220;&#8220; css=&#8220;.vc_custom_1675855275183{margin-top: 80px !important;}&#8220;][vc_column]<div class=\"qode-advanced-image-gallery  qode-aig-slider-type qode-no-space   \">\n\t<div class=\"qode-aig-slider qode-owl-slider\" data-number-of-items=\"1\" data-enable-loop=\"yes\" data-enable-autoplay=\"yes\" data-slider-speed=\"5000\" data-slider-speed-animation=\"600\" data-slider-padding=\"yes\" data-enable-navigation=\"yes\" data-enable-pagination=\"yes\">\n\t\t\t\t\t<div class=\"qode-aig-image\">\n\t\t\t\t\t\t\t\t\t<img loading=\"lazy\" decoding=\"async\" src=\"https:\/\/discovergallura.it\/wp-content\/uploads\/2023\/01\/Oschiri-1000x700.png\" alt=\"\" width=\"1000\" height=\"700\" \/>\t\t\t\t\t<span class=\"aig-gallery-hover\">\n\t\t\t\t\t\t\t\t\t\t\t<\/span>\n\t\t\t\t\t\t\t<\/div>\n\t\t\t\t\t\t\t\t<div class=\"qode-aig-image\">\n\t\t\t\t\t\t\t\t\t<img loading=\"lazy\" decoding=\"async\" src=\"https:\/\/discovergallura.it\/wp-content\/uploads\/2023\/01\/Oschiri-1-1000x700.jpg\" alt=\"\" width=\"1000\" height=\"700\" \/>\t\t\t\t\t<span class=\"aig-gallery-hover\">\n\t\t\t\t\t\t\t\t\t\t\t<\/span>\n\t\t\t\t\t\t\t<\/div>\n\t\t\t\t\t\t\t\t<div class=\"qode-aig-image\">\n\t\t\t\t\t\t\t\t\t<img loading=\"lazy\" decoding=\"async\" src=\"https:\/\/discovergallura.it\/wp-content\/uploads\/2023\/01\/Oschiri-1000x700.jpeg\" alt=\"\" width=\"1000\" height=\"700\" \/>\t\t\t\t\t<span class=\"aig-gallery-hover\">\n\t\t\t\t\t\t\t\t\t\t\t<\/span>\n\t\t\t\t\t\t\t<\/div>\n\t\t\t\t\t\t\t\t<div class=\"qode-aig-image\">\n\t\t\t\t\t\t\t\t\t<img loading=\"lazy\" decoding=\"async\" src=\"https:\/\/discovergallura.it\/wp-content\/uploads\/2023\/01\/Oschiri-3-1000x700.jpg\" alt=\"\" width=\"1000\" height=\"700\" \/>\t\t\t\t\t<span class=\"aig-gallery-hover\">\n\t\t\t\t\t\t\t\t\t\t\t<\/span>\n\t\t\t\t\t\t\t<\/div>\n\t\t\t\t\t\t\t\t<div class=\"qode-aig-image\">\n\t\t\t\t\t\t\t\t\t<img loading=\"lazy\" decoding=\"async\" src=\"https:\/\/discovergallura.it\/wp-content\/uploads\/2023\/01\/Oschiri-3-1000x700.jpeg\" alt=\"\" width=\"1000\" height=\"700\" \/>\t\t\t\t\t<span class=\"aig-gallery-hover\">\n\t\t\t\t\t\t\t\t\t\t\t<\/span>\n\t\t\t\t\t\t\t<\/div>\n\t\t\t\t\t\t\t\t<div class=\"qode-aig-image\">\n\t\t\t\t\t\t\t\t\t<img loading=\"lazy\" decoding=\"async\" src=\"https:\/\/discovergallura.it\/wp-content\/uploads\/2023\/01\/Oschiri-2-1000x700.png\" alt=\"\" width=\"1000\" height=\"700\" \/>\t\t\t\t\t<span class=\"aig-gallery-hover\">\n\t\t\t\t\t\t\t\t\t\t\t<\/span>\n\t\t\t\t\t\t\t<\/div>\n\t\t\t\t\t\t\t\t<div class=\"qode-aig-image\">\n\t\t\t\t\t\t\t\t\t<img loading=\"lazy\" decoding=\"async\" src=\"https:\/\/discovergallura.it\/wp-content\/uploads\/2023\/01\/Oschiri-2-1000x700.jpg\" alt=\"\" width=\"1000\" height=\"700\" \/>\t\t\t\t\t<span class=\"aig-gallery-hover\">\n\t\t\t\t\t\t\t\t\t\t\t<\/span>\n\t\t\t\t\t\t\t<\/div>\n\t\t\t\t\t\t\t\t<div class=\"qode-aig-image\">\n\t\t\t\t\t\t\t\t\t<img loading=\"lazy\" decoding=\"async\" src=\"https:\/\/discovergallura.it\/wp-content\/uploads\/2023\/01\/Oschiri-2-1000x700.jpeg\" alt=\"\" width=\"1000\" height=\"700\" \/>\t\t\t\t\t<span class=\"aig-gallery-hover\">\n\t\t\t\t\t\t\t\t\t\t\t<\/span>\n\t\t\t\t\t\t\t<\/div>\n\t\t\t\t\t\t<\/div>\n<\/div>[\/vc_column][\/vc_row][vc_row css_animation=&#8220;&#8220; row_type=&#8220;row&#8220; use_row_as_full_screen_section=&#8220;no&#8220; type=&#8220;full_width&#8220; angled_section=&#8220;no&#8220; text_align=&#8220;left&#8220; background_image_as_pattern=&#8220;without_pattern&#8220; css=&#8220;.vc_custom_1674747267755{margin-top: 80px !important;margin-bottom: 80px !important;padding-right: 10% !important;padding-left: 10% !important;}&#8220; z_index=&#8220;&#8220;][vc_column][vc_tabs style=&#8220;boxed&#8220;][vc_tab title=&#8220;\u2022 Was Sie unternehmen k\u00f6nnen:&#8220; tab_id=&#8220;65a6b522-005a-8&#8243;][vc_row_inner row_type=&#8220;row&#8220; type=&#8220;full_width&#8220; text_align=&#8220;left&#8220; css_animation=&#8220;&#8220; css=&#8220;.vc_custom_1674751838341{margin-top: 50px !important;}&#8220;][vc_column_inner width=&#8220;1\/2&#8243;]<div class=\"custom_font_holder \" style=\"font-family: EB garamond; font-style: italic; font-weight: 500; text-decoration: none; text-align: left; --qode-cf-font-size: 25px; --qode-cf-line-height: 26px; --qode-cf-font-size-1440: 25px; --qode-cf-line-height-1440: 26px; --qode-cf-font-size-1366: 25px; --qode-cf-line-height-1366: 26px; --qode-cf-font-size-1280: 25px; --qode-cf-line-height-1280: 26px; --qode-cf-font-size-1024: 25px; --qode-cf-line-height-1024: 26px; --qode-cf-font-size-768: 25px; --qode-cf-line-height-768: 26px; --qode-cf-font-size-680: 25px; --qode-cf-line-height-680: 26px; --qode-cf-font-size-480: 25px; --qode-cf-line-height-480: 26px;\">\n<p style=\"text-align: left;\"><span style=\"font-size: 24pt; line-height: 110%;\">Ein Ziel f\u00fcr Liebhaber des Sportangelns, Trekkings und Kajakfahrens.<\/span><\/p>\n<\/div>[vc_empty_space][\/vc_column_inner][vc_column_inner width=&#8220;1\/2&#8243;][vc_column_text]<\/p>\n<p style=\"text-align: justify;\">Durch die Stra\u00dfen des Zentrums von Oschiri schlendern, in einer der vielen Bars sitzen und bei einem guten Glas Wein eine Panada genie\u00dfen. Einen Tag auf der Entdeckung von heiligen und anderen Orten verbringen, auf den Spuren alter Geschichten, in einem typischen Dorf im Landesinneren des Monte Acuto. Die teilweise wilde und \u00fcppige Natur bildet den Rahmen f\u00fcr diesen Ort, der am Ufer des Coghinas-Sees liegt. Er ist nicht nur ein beliebtes Ziel f\u00fcr Sportangler, sondern eignet sich auch hervorragend zum Birdwatching. In der Sommersaison werden zudem Kanu- und Kajaktouren organisiert. Machen Sie sich auf den Weg, um diesen kleinen Ort zu erkunden, der die alten Traditionen<br \/>\npflegt und eine offene und gastfreundliche Gemeinschaft hat.<\/p>\n<p>[\/vc_column_text][\/vc_column_inner][\/vc_row_inner][vc_empty_space]<div class=\"qode-advanced-image-gallery  qode-aig-grid-type qode-tiny-space  qode-image-behavior-lightbox \">\n\t<div class=\"qode-aig-inner qode-outer-space qode-aig-grid qode-aig-three-columns\">\n\t\t\t\t\t<div class=\"qode-aig-image qode-item-space\">\n\t\t\t\t<div class=\"qode-aig-image-inner\">\n\t\t\t\t\t\t\t\t\t\t\t<a itemprop=\"image\" class=\"qode-aig-lightbox\" href=\"https:\/\/discovergallura.it\/wp-content\/uploads\/2023\/01\/Oschiri-cosa-fare-2.jpeg\" data-rel=\"prettyPhoto[image_gallery_pretty_photo-469]\" title=\"Oschiri-cosa-fare (2)\">\n\t\t\t\t\t\t\t\t\t\t\t<img loading=\"lazy\" decoding=\"async\" src=\"https:\/\/discovergallura.it\/wp-content\/uploads\/2023\/01\/Oschiri-cosa-fare-2-500x500.jpeg\" alt=\"\" width=\"500\" height=\"500\" \/>\t\t\t\t\t\t<span class=\"aig-gallery-hover\">\n\t\t\t\t\t\t\t\t\t\t\t\t\t\t\t<span class=\"icon-arrows-plus\"><\/span> \n\t\t\t\t\t\t\t\t\t\t\t\t\t<\/span>\n\t\t\t\t\t\t\t\t\t\t\t<\/a>\n\t\t\t\t\t\t\t\t\t<\/div>\n\t\t\t<\/div>\n\t\t\t\t\t\t\t\t<div class=\"qode-aig-image qode-item-space\">\n\t\t\t\t<div class=\"qode-aig-image-inner\">\n\t\t\t\t\t\t\t\t\t\t\t<a itemprop=\"image\" class=\"qode-aig-lightbox\" href=\"https:\/\/discovergallura.it\/wp-content\/uploads\/2023\/01\/Oschiri-cosa-fare-2.jpg\" data-rel=\"prettyPhoto[image_gallery_pretty_photo-469]\" title=\"Oschiri-cosa-fare (2)\">\n\t\t\t\t\t\t\t\t\t\t\t<img loading=\"lazy\" decoding=\"async\" src=\"https:\/\/discovergallura.it\/wp-content\/uploads\/2023\/01\/Oschiri-cosa-fare-2-500x500.jpg\" alt=\"\" width=\"500\" height=\"500\" \/>\t\t\t\t\t\t<span class=\"aig-gallery-hover\">\n\t\t\t\t\t\t\t\t\t\t\t\t\t\t\t<span class=\"icon-arrows-plus\"><\/span> \n\t\t\t\t\t\t\t\t\t\t\t\t\t<\/span>\n\t\t\t\t\t\t\t\t\t\t\t<\/a>\n\t\t\t\t\t\t\t\t\t<\/div>\n\t\t\t<\/div>\n\t\t\t\t\t\t\t\t<div class=\"qode-aig-image qode-item-space\">\n\t\t\t\t<div class=\"qode-aig-image-inner\">\n\t\t\t\t\t\t\t\t\t\t\t<a itemprop=\"image\" class=\"qode-aig-lightbox\" href=\"https:\/\/discovergallura.it\/wp-content\/uploads\/2023\/01\/Oschiri-cosa-fare-3.jpg\" data-rel=\"prettyPhoto[image_gallery_pretty_photo-469]\" title=\"Oschiri-cosa-fare (3)\">\n\t\t\t\t\t\t\t\t\t\t\t<img loading=\"lazy\" decoding=\"async\" src=\"https:\/\/discovergallura.it\/wp-content\/uploads\/2023\/01\/Oschiri-cosa-fare-3-500x500.jpg\" alt=\"\" width=\"500\" height=\"500\" \/>\t\t\t\t\t\t<span class=\"aig-gallery-hover\">\n\t\t\t\t\t\t\t\t\t\t\t\t\t\t\t<span class=\"icon-arrows-plus\"><\/span> \n\t\t\t\t\t\t\t\t\t\t\t\t\t<\/span>\n\t\t\t\t\t\t\t\t\t\t\t<\/a>\n\t\t\t\t\t\t\t\t\t<\/div>\n\t\t\t<\/div>\n\t\t\t\t\t\t\t\t<div class=\"qode-aig-image qode-item-space\">\n\t\t\t\t<div class=\"qode-aig-image-inner\">\n\t\t\t\t\t\t\t\t\t\t\t<a itemprop=\"image\" class=\"qode-aig-lightbox\" href=\"https:\/\/discovergallura.it\/wp-content\/uploads\/2023\/01\/Oschiri-cosa-fare-4.jpg\" data-rel=\"prettyPhoto[image_gallery_pretty_photo-469]\" title=\"Oschiri-cosa-fare (4)\">\n\t\t\t\t\t\t\t\t\t\t\t<img loading=\"lazy\" decoding=\"async\" src=\"https:\/\/discovergallura.it\/wp-content\/uploads\/2023\/01\/Oschiri-cosa-fare-4-500x500.jpg\" alt=\"\" width=\"500\" height=\"500\" \/>\t\t\t\t\t\t<span class=\"aig-gallery-hover\">\n\t\t\t\t\t\t\t\t\t\t\t\t\t\t\t<span class=\"icon-arrows-plus\"><\/span> \n\t\t\t\t\t\t\t\t\t\t\t\t\t<\/span>\n\t\t\t\t\t\t\t\t\t\t\t<\/a>\n\t\t\t\t\t\t\t\t\t<\/div>\n\t\t\t<\/div>\n\t\t\t\t\t\t\t\t<div class=\"qode-aig-image qode-item-space\">\n\t\t\t\t<div class=\"qode-aig-image-inner\">\n\t\t\t\t\t\t\t\t\t\t\t<a itemprop=\"image\" class=\"qode-aig-lightbox\" href=\"https:\/\/discovergallura.it\/wp-content\/uploads\/2023\/01\/Oschiri-cosa-fare.jpeg\" data-rel=\"prettyPhoto[image_gallery_pretty_photo-469]\" title=\"Oschiri-cosa-fare\">\n\t\t\t\t\t\t\t\t\t\t\t<img loading=\"lazy\" decoding=\"async\" src=\"https:\/\/discovergallura.it\/wp-content\/uploads\/2023\/01\/Oschiri-cosa-fare-500x500.jpeg\" alt=\"\" width=\"500\" height=\"500\" \/>\t\t\t\t\t\t<span class=\"aig-gallery-hover\">\n\t\t\t\t\t\t\t\t\t\t\t\t\t\t\t<span class=\"icon-arrows-plus\"><\/span> \n\t\t\t\t\t\t\t\t\t\t\t\t\t<\/span>\n\t\t\t\t\t\t\t\t\t\t\t<\/a>\n\t\t\t\t\t\t\t\t\t<\/div>\n\t\t\t<\/div>\n\t\t\t\t\t\t\t\t<div class=\"qode-aig-image qode-item-space\">\n\t\t\t\t<div class=\"qode-aig-image-inner\">\n\t\t\t\t\t\t\t\t\t\t\t<a itemprop=\"image\" class=\"qode-aig-lightbox\" href=\"https:\/\/discovergallura.it\/wp-content\/uploads\/2023\/01\/Oschiri-cosa-fare.jpg\" data-rel=\"prettyPhoto[image_gallery_pretty_photo-469]\" title=\"Oschiri-cosa-fare\">\n\t\t\t\t\t\t\t\t\t\t\t<img loading=\"lazy\" decoding=\"async\" src=\"https:\/\/discovergallura.it\/wp-content\/uploads\/2023\/01\/Oschiri-cosa-fare-500x500.jpg\" alt=\"\" width=\"500\" height=\"500\" \/>\t\t\t\t\t\t<span class=\"aig-gallery-hover\">\n\t\t\t\t\t\t\t\t\t\t\t\t\t\t\t<span class=\"icon-arrows-plus\"><\/span> \n\t\t\t\t\t\t\t\t\t\t\t\t\t<\/span>\n\t\t\t\t\t\t\t\t\t\t\t<\/a>\n\t\t\t\t\t\t\t\t\t<\/div>\n\t\t\t<\/div>\n\t\t\t\t\t\t<\/div>\n<\/div>[\/vc_tab][vc_tab title=&#8220;\u2022 Was es zu sehen gibt:&#8220; tab_id=&#8220;0311754d-ad29-4&#8243;][vc_row_inner row_type=&#8220;row&#8220; type=&#8220;full_width&#8220; text_align=&#8220;left&#8220; css_animation=&#8220;&#8220; css=&#8220;.vc_custom_1674750537357{margin-top: 50px !important;}&#8220;][vc_column_inner width=&#8220;1\/3&#8243; offset=&#8220;vc_col-xs-6&#8243;]<div class=\"q_image_with_text_over\"><div class=\"shader\" ><\/div><img decoding=\"async\" itemprop=\"image\" src=\"https:\/\/discovergallura.it\/wp-content\/uploads\/2023\/02\/altare-rupestre-hcd.jpg\" alt=\"\" \/><div class=\"text\"><table><tr><td><h3 class=\"caption no_icon\" style=\"font-size: 25px;\">Felsenaltar Santo Stefano<\/h3><\/td><\/tr><\/table><table><tr><td><div class=\"desc\"><span style=\"font-size: 18pt;\"><strong><span style=\"color: #ffffff;\"><a style=\"color: #ffffff;\" href=\"https:\/\/discovergallura.it\/de\/erbe\/nuraghi\/altare-rupestre-di-santo-stefano\/\" rel=\"noopener\">Ein ungel\u00f6stes R\u00e4tsel vor einem pr\u00e4historischen Kunstwerk, eingebettet in einen Ort des absoluten Friedens.<\/a><\/span><\/strong><\/span><\/div><\/td><\/tr><\/table><\/div><\/div>[\/vc_column_inner][vc_column_inner width=&#8220;1\/3&#8243; offset=&#8220;vc_col-xs-6&#8243;]<div class=\"q_image_with_text_over\"><div class=\"shader\" ><\/div><img decoding=\"async\" itemprop=\"image\" src=\"https:\/\/discovergallura.it\/wp-content\/uploads\/2023\/01\/shutterstock_2214916771.jpg\" alt=\"\" \/><div class=\"text\"><table><tr><td><h3 class=\"caption no_icon\" style=\"font-size: 25px;\">Die Panada und die Peretta von Oschiri<\/h3><\/td><\/tr><\/table><table><tr><td><div class=\"desc\"><span style=\"font-size: 18pt;\"><strong><span style=\"color: #ffffff;\"><a style=\"color: #ffffff;\" href=\"https:\/\/discovergallura.it\/de\/destinazioni\/oschiri\/panada-peretta-oschiri\/\" rel=\"noopener\">Die Heimat der \u201ePanadas\u201c und der \u201ePeretta Sarda\u201c.<\/a><\/span><\/strong><\/span><\/div><\/td><\/tr><\/table><\/div><\/div>[\/vc_column_inner][vc_column_inner width=&#8220;1\/3&#8243; offset=&#8220;vc_col-xs-6&#8243;]<div class=\"q_image_with_text_over\"><div class=\"shader\" ><\/div><img decoding=\"async\" itemprop=\"image\" src=\"https:\/\/discovergallura.it\/wp-content\/uploads\/2023\/01\/shutterstock_1359433022.jpg\" alt=\"\" \/><div class=\"text\"><table><tr><td><h3 class=\"caption no_icon\" style=\"font-size: 25px;\">BERG LIMBARA<\/h3><\/td><\/tr><\/table><table><tr><td><div class=\"desc\"><span style=\"font-size: 18pt;\"><strong><span style=\"color: #ffffff;\"><a style=\"color: #ffffff;\" href=\"https:\/\/discovergallura.it\/de\/siti-naturali\/monte-limbara\/\" rel=\"noopener\">Eine Landschaft, die von durch die Zeit geformten Felsbrocken beherrscht wird und mit mediterranem Gr\u00fcn bedeckt ist.<\/a><\/span><\/strong><\/span><\/div><\/td><\/tr><\/table><\/div><\/div>[\/vc_column_inner][\/vc_row_inner][vc_row_inner row_type=&#8220;row&#8220; type=&#8220;full_width&#8220; text_align=&#8220;left&#8220; css_animation=&#8220;&#8220;][vc_column_inner width=&#8220;1\/2&#8243; offset=&#8220;vc_col-xs-6&#8243;]<div class=\"q_image_with_text_over\"><div class=\"shader\" ><\/div><img decoding=\"async\" itemprop=\"image\" src=\"https:\/\/discovergallura.it\/wp-content\/uploads\/2023\/01\/Oschiri-cosa-fare-3.jpg\" alt=\"\" \/><div class=\"text\"><table><tr><td><h3 class=\"caption no_icon\" style=\"font-size: 25px;\">Coghinas-See<\/h3><\/td><\/tr><\/table><table><tr><td><div class=\"desc\"><span style=\"font-size: 18pt;\"><strong><span style=\"color: #ffffff;\"><a style=\"color: #ffffff;\" href=\"https:\/\/discovergallura.it\/de\/lago-di-coghinas\/\" rel=\"noopener\">Ein wichtiges Gebiet f\u00fcr die \u00dcberwinterung zahlreicher Wasserv\u00f6gel.<\/a><\/span><\/strong><\/span><\/div><\/td><\/tr><\/table><\/div><\/div>[\/vc_column_inner][vc_column_inner width=&#8220;1\/2&#8243; offset=&#8220;vc_col-xs-6&#8243;]<div class=\"q_image_with_text_over\"><div class=\"shader\" ><\/div><img decoding=\"async\" itemprop=\"image\" src=\"https:\/\/discovergallura.it\/wp-content\/uploads\/2023\/01\/10.jpg\" alt=\"\" \/><div class=\"text\"><table><tr><td><h3 class=\"caption no_icon\" style=\"font-size: 25px;\">Kirche Nostra Signora di Castro<\/h3><\/td><\/tr><\/table><table><tr><td><div class=\"desc\"><span style=\"font-size: 18pt;\"><strong><span style=\"color: #ffffff;\"><a style=\"color: #ffffff;\" href=\"https:\/\/discovergallura.it\/de\/kunst-und-kultur\/chiese\/nostra-signora-di-castro\/\" rel=\"noopener\">Die wichtige Kathedrale des Mittelalters von Logudoro und der Gallura.<\/a><\/span><\/strong><\/span><\/div><\/td><\/tr><\/table><\/div><\/div>[\/vc_column_inner][\/vc_row_inner][\/vc_tab][\/vc_tabs][\/vc_column][\/vc_row][vc_row css_animation=&#8220;&#8220; row_type=&#8220;row&#8220; use_row_as_full_screen_section=&#8220;no&#8220; type=&#8220;full_width&#8220; angled_section=&#8220;no&#8220; text_align=&#8220;left&#8220; background_image_as_pattern=&#8220;without_pattern&#8220; css=&#8220;.vc_custom_1675786797300{margin-top: 50px !important;margin-bottom: 120px !important;padding-right: 10% !important;padding-left: 10% !important;background-color: #fcd362 !important;}&#8220; z_index=&#8220;&#8220;][vc_column css=&#8220;.vc_custom_1675785876983{padding-top: 20px !important;padding-bottom: 20px !important;}&#8220;][vc_column_text]<\/p>\n<h3><span style=\"font-size: 18pt; color: #ffffff;\">touristische Informationen<\/span><\/h3>\n<p>[\/vc_column_text][vc_empty_space height=&#8220;15px&#8220;][vc_row_inner row_type=&#8220;row&#8220; type=&#8220;full_width&#8220; text_align=&#8220;left&#8220; css_animation=&#8220;&#8220;][vc_column_inner width=&#8220;1\/3&#8243;][vc_column_text]Telefono Sindaco <a href=\"tel:+39079%207349118\">079 7349118<\/a><br \/>\nCentralino <a href=\"tel:+39079%207349100\">079 7349100<\/a><br \/>\nFax <a href=\"tel:+390797349109\">079 7349109<\/a>[\/vc_column_text][\/vc_column_inner][vc_column_inner width=&#8220;1\/3&#8243;][vc_column_text]Sito <a href=\"https:\/\/www.comune.oschiri.ss.it\/comune-di-oschiri\/territorio.html\">www.comune.oschiri.ss.it<\/a><br \/>\nPEC <a href=\"mailto:protocollo@pec.comune.oschiri.ss.it\">protocollo@pec.comune.oschiri.ss.it<\/a>[\/vc_column_text][\/vc_column_inner][vc_column_inner width=&#8220;1\/3&#8243;][\/vc_column_inner][\/vc_row_inner][\/vc_column][\/vc_row]<\/p>\n<\/div>","protected":false},"excerpt":{"rendered":"<p>[vc_row css_animation=&#8220;&#8220; row_type=&#8220;row&#8220; use_row_as_full_screen_section=&#8220;no&#8220; type=&#8220;grid&#8220; angled_section=&#8220;no&#8220; text_align=&#8220;left&#8220; background_image_as_pattern=&#8220;without_pattern&#8220; z_index=&#8220;&#8220; css=&#8220;.vc_custom_1674661411193{margin-top: 80px !important;}&#8220;][vc_column][vc_row_inner row_type=&#8220;row&#8220; type=&#8220;full_width&#8220; text_align=&#8220;left&#8220; css_animation=&#8220;&#8220;][vc_column_inner css=&#8220;.vc_custom_1676371782808{margin-left: 40px !important;}&#8220; offset=&#8220;vc_hidden-lg vc_hidden-md vc_col-xs-4\/5&#8243;][vc_single_image image=&#8220;3203&#8243; img_size=&#8220;full&#8220; alignment=&#8220;center&#8220; qode_css_animation=&#8220;&#8220;][\/vc_column_inner][\/vc_row_inner][vc_row_inner row_type=&#8220;row&#8220; type=&#8220;full_width&#8220; text_align=&#8220;left&#8220; css_animation=&#8220;&#8220;][vc_column_inner width=&#8220;1\/3&#8243; css=&#8220;.vc_custom_1676371798000{margin-top: 30px !important;}&#8220; offset=&#8220;vc_hidden-sm vc_hidden-xs&#8220;][vc_single_image image=&#8220;3203&#8243; img_size=&#8220;300&#215;500&#8243; alignment=&#8220;center&#8220; qode_css_animation=&#8220;&#8220;][\/vc_column_inner][vc_column_inner width=&#8220;2\/3&#8243; css=&#8220;.vc_custom_1674663485947{margin-top: 30px !important;padding-left: 10%&#8230;<\/p>\n","protected":false},"author":1,"featured_media":9073,"parent":10722,"menu_order":0,"comment_status":"closed","ping_status":"closed","template":"full_width.php","meta":{"inline_featured_image":false,"footnotes":""},"class_list":["post-9714","page","type-page","status-publish","has-post-thumbnail","hentry"],"_links":{"self":[{"href":"https:\/\/discovergallura.it\/de\/wp-json\/wp\/v2\/pages\/9714","targetHints":{"allow":["GET"]}}],"collection":[{"href":"https:\/\/discovergallura.it\/de\/wp-json\/wp\/v2\/pages"}],"about":[{"href":"https:\/\/discovergallura.it\/de\/wp-json\/wp\/v2\/types\/page"}],"author":[{"embeddable":true,"href":"https:\/\/discovergallura.it\/de\/wp-json\/wp\/v2\/users\/1"}],"replies":[{"embeddable":true,"href":"https:\/\/discovergallura.it\/de\/wp-json\/wp\/v2\/comments?post=9714"}],"version-history":[{"count":11,"href":"https:\/\/discovergallura.it\/de\/wp-json\/wp\/v2\/pages\/9714\/revisions"}],"predecessor-version":[{"id":14003,"href":"https:\/\/discovergallura.it\/de\/wp-json\/wp\/v2\/pages\/9714\/revisions\/14003"}],"up":[{"embeddable":true,"href":"https:\/\/discovergallura.it\/de\/wp-json\/wp\/v2\/pages\/10722"}],"wp:featuredmedia":[{"embeddable":true,"href":"https:\/\/discovergallura.it\/de\/wp-json\/wp\/v2\/media\/9073"}],"wp:attachment":[{"href":"https:\/\/discovergallura.it\/de\/wp-json\/wp\/v2\/media?parent=9714"}],"curies":[{"name":"wp","href":"https:\/\/api.w.org\/{rel}","templated":true}]}}