{"id":9776,"date":"2023-01-20T15:33:58","date_gmt":"2023-01-20T14:33:58","guid":{"rendered":"https:\/\/discovergallura.it\/museo-del-banditismo\/"},"modified":"2023-04-14T16:43:16","modified_gmt":"2023-04-14T14:43:16","slug":"museo-del-banditismo","status":"publish","type":"page","link":"https:\/\/discovergallura.it\/de\/kunst-und-kultur\/musei\/museo-del-banditismo\/","title":{"rendered":"Banditenmuseum &#8211; Museo von Banditismo"},"content":{"rendered":"<div class=\"wpb-content-wrapper\"><p>[vc_row css_animation=&#8220;&#8220; row_type=&#8220;row&#8220; use_row_as_full_screen_section=&#8220;no&#8220; type=&#8220;grid&#8220; angled_section=&#8220;no&#8220; text_align=&#8220;left&#8220; background_image_as_pattern=&#8220;without_pattern&#8220; z_index=&#8220;&#8220;][vc_column css=&#8220;.vc_custom_1674214152573{margin-top: 80px !important;}&#8220;][vc_row_inner row_type=&#8220;row&#8220; type=&#8220;full_width&#8220; text_align=&#8220;left&#8220; css_animation=&#8220;&#8220;][vc_column_inner width=&#8220;2\/3&#8243; css=&#8220;.vc_custom_1674212921568{margin-bottom: 110px !important;}&#8220;][vc_separator type=&#8220;small&#8220; position=&#8220;left&#8220; color=&#8220;#3390b9&#8243; thickness=&#8220;4&#8243; width=&#8220;50&#8243;]<div class=\"custom_font_holder \" style=\"font-family: red hat display; font-style: normal; font-weight: 800; color: #3390b9; text-decoration: none; text-align: left; --qode-cf-font-size: 38px; --qode-cf-line-height: 39px; --qode-cf-font-size-1440: 38px; --qode-cf-line-height-1440: 39px; --qode-cf-font-size-1366: 38px; --qode-cf-line-height-1366: 39px; --qode-cf-font-size-1280: 38px; --qode-cf-line-height-1280: 39px; --qode-cf-font-size-1024: 38px; --qode-cf-line-height-1024: 39px; --qode-cf-font-size-768: 38px; --qode-cf-line-height-768: 39px; --qode-cf-font-size-680: 38px; --qode-cf-line-height-680: 39px; --qode-cf-font-size-480: 38px; --qode-cf-line-height-480: 39px;\">BANDITENMUSEUM &#8211; MUSEO VON BANDITISMO<\/div>[vc_column_text]<span style=\"background-color: #fcc124;\"> AGGIUS <\/span>[\/vc_column_text][\/vc_column_inner][vc_column_inner width=&#8220;1\/3&#8243;][\/vc_column_inner][\/vc_row_inner][vc_row_inner row_type=&#8220;row&#8220; type=&#8220;full_width&#8220; text_align=&#8220;left&#8220; css_animation=&#8220;&#8220;][vc_column_inner width=&#8220;1\/2&#8243;][vc_single_image image=&#8220;577&#8243; img_size=&#8220;full&#8220; qode_css_animation=&#8220;&#8220;][vc_empty_space][\/vc_column_inner][vc_column_inner width=&#8220;1\/2&#8243; css=&#8220;.vc_custom_1674212910857{margin-bottom: 80px !important;}&#8220;][vc_column_text]<\/p>\n<p style=\"text-align: justify;\">Aggius war etwa drei Jahrhunderte lang die Hochburg des gallurischen Banditentums. Das Banditenmuseum will positive Werte vermitteln, um eine Mentalit\u00e4t aufzubauen, die auf allen Ebenen die Durchsetzung von Legalit\u00e4t und \u00f6ffentlicher Moral f\u00f6rdert. Es ist kein Zufall, dass es im Geb\u00e4ude des alten Amtsgerichts im \u00e4ltesten Teil der Stadt untergebracht ist. Der Rundgang durch die Ausstellung f\u00fchrt durch vier R\u00e4ume mit sch\u00f6nen Dokumentationen und sehenswerten Objekten. Eine Vitrine ist dem aggesischen Banditen Sebastiano Tansu, dem \u201eStummen der Gallura\u201c, gewidmet, einer Figur, die den gleichnamigen Roman inspirierte.<\/p>\n<p>[\/vc_column_text][\/vc_column_inner][\/vc_row_inner][\/vc_column][\/vc_row][vc_row css_animation=&#8220;&#8220; row_type=&#8220;row&#8220; use_row_as_full_screen_section=&#8220;no&#8220; type=&#8220;grid&#8220; angled_section=&#8220;no&#8220; text_align=&#8220;left&#8220; background_image_as_pattern=&#8220;without_pattern&#8220; z_index=&#8220;&#8220;][vc_column width=&#8220;1\/6&#8243;][\/vc_column][vc_column width=&#8220;2\/3&#8243; css=&#8220;.vc_custom_1674141388895{margin-top: 80px !important;}&#8220; offset=&#8220;vc_hidden-sm vc_hidden-xs&#8220;]<div class=\"custom_font_holder \" style=\"font-family: EB garamond; font-style: italic; font-weight: 500; text-decoration: none; text-align: left; --qode-cf-font-size: 24px; --qode-cf-line-height: 28px; --qode-cf-font-size-1440: 24px; --qode-cf-line-height-1440: 28px; --qode-cf-font-size-1366: 24px; --qode-cf-line-height-1366: 28px; --qode-cf-font-size-1280: 24px; --qode-cf-line-height-1280: 28px; --qode-cf-font-size-1024: 24px; --qode-cf-line-height-1024: 28px; --qode-cf-font-size-768: 24px; --qode-cf-line-height-768: 28px; --qode-cf-font-size-680: 24px; --qode-cf-line-height-680: 28px; --qode-cf-font-size-480: 24px; --qode-cf-line-height-480: 28px;\">\n<p style=\"text-align: center;\"><span style=\"font-size: 24pt; line-height: 110%;\">Ein Ausstellungsrundgang, der reich an Dokumentationen und Objekten ist, ein Schaufenster, das ganz dem \u201eMuto di Gallura\u201c gewidmet ist.<\/span><\/p>\n<\/div>[\/vc_column][vc_column width=&#8220;1\/6&#8243;][\/vc_column][\/vc_row][vc_row css_animation=&#8220;&#8220; row_type=&#8220;row&#8220; use_row_as_full_screen_section=&#8220;no&#8220; type=&#8220;full_width&#8220; angled_section=&#8220;no&#8220; text_align=&#8220;left&#8220; background_image_as_pattern=&#8220;without_pattern&#8220; z_index=&#8220;&#8220;][vc_column css=&#8220;.vc_custom_1675696193230{margin-top: 80px !important;margin-bottom: 120px !important;}&#8220;]<div class=\"qode-advanced-image-gallery  qode-aig-slider-type qode-tiny-space   \">\n\t<div class=\"qode-aig-slider qode-owl-slider\" data-number-of-items=\"1\" data-enable-loop=\"yes\" data-enable-autoplay=\"yes\" data-slider-speed=\"5000\" data-slider-speed-animation=\"600\" data-slider-padding=\"yes\" data-enable-navigation=\"yes\" data-enable-pagination=\"yes\">\n\t\t\t\t\t<div class=\"qode-aig-image\">\n\t\t\t\t\t\t\t\t\t<img loading=\"lazy\" decoding=\"async\" width=\"1134\" height=\"680\" src=\"https:\/\/discovergallura.it\/wp-content\/uploads\/2023\/01\/museo-banditismo-aggius-sardegna-1.jpg\" class=\"attachment-full size-full\" alt=\"\" srcset=\"https:\/\/discovergallura.it\/wp-content\/uploads\/2023\/01\/museo-banditismo-aggius-sardegna-1.jpg 1134w, https:\/\/discovergallura.it\/wp-content\/uploads\/2023\/01\/museo-banditismo-aggius-sardegna-1-300x180.jpg 300w, https:\/\/discovergallura.it\/wp-content\/uploads\/2023\/01\/museo-banditismo-aggius-sardegna-1-1024x614.jpg 1024w, https:\/\/discovergallura.it\/wp-content\/uploads\/2023\/01\/museo-banditismo-aggius-sardegna-1-768x461.jpg 768w, https:\/\/discovergallura.it\/wp-content\/uploads\/2023\/01\/museo-banditismo-aggius-sardegna-1-700x420.jpg 700w\" sizes=\"auto, (max-width: 1134px) 100vw, 1134px\" \/>\t\t\t\t\t<span class=\"aig-gallery-hover\">\n\t\t\t\t\t\t\t\t\t\t\t<\/span>\n\t\t\t\t\t\t\t<\/div>\n\t\t\t\t\t\t\t\t<div class=\"qode-aig-image\">\n\t\t\t\t\t\t\t\t\t<img loading=\"lazy\" decoding=\"async\" width=\"1280\" height=\"768\" src=\"https:\/\/discovergallura.it\/wp-content\/uploads\/2023\/01\/anello-fidanzamento-muto-gallura-museo-aggius.jpeg\" class=\"attachment-full size-full\" alt=\"\" srcset=\"https:\/\/discovergallura.it\/wp-content\/uploads\/2023\/01\/anello-fidanzamento-muto-gallura-museo-aggius.jpeg 1280w, https:\/\/discovergallura.it\/wp-content\/uploads\/2023\/01\/anello-fidanzamento-muto-gallura-museo-aggius-300x180.jpeg 300w, https:\/\/discovergallura.it\/wp-content\/uploads\/2023\/01\/anello-fidanzamento-muto-gallura-museo-aggius-1024x614.jpeg 1024w, https:\/\/discovergallura.it\/wp-content\/uploads\/2023\/01\/anello-fidanzamento-muto-gallura-museo-aggius-768x461.jpeg 768w, https:\/\/discovergallura.it\/wp-content\/uploads\/2023\/01\/anello-fidanzamento-muto-gallura-museo-aggius-700x420.jpeg 700w\" sizes=\"auto, (max-width: 1280px) 100vw, 1280px\" \/>\t\t\t\t\t<span class=\"aig-gallery-hover\">\n\t\t\t\t\t\t\t\t\t\t\t<\/span>\n\t\t\t\t\t\t\t<\/div>\n\t\t\t\t\t\t\t\t<div class=\"qode-aig-image\">\n\t\t\t\t\t\t\t\t\t<img loading=\"lazy\" decoding=\"async\" width=\"1280\" height=\"768\" src=\"https:\/\/discovergallura.it\/wp-content\/uploads\/2023\/01\/foto-segnaletica-banditi-museo-banditismo-aggius-sardegna.jpeg\" class=\"attachment-full size-full\" alt=\"\" srcset=\"https:\/\/discovergallura.it\/wp-content\/uploads\/2023\/01\/foto-segnaletica-banditi-museo-banditismo-aggius-sardegna.jpeg 1280w, https:\/\/discovergallura.it\/wp-content\/uploads\/2023\/01\/foto-segnaletica-banditi-museo-banditismo-aggius-sardegna-300x180.jpeg 300w, https:\/\/discovergallura.it\/wp-content\/uploads\/2023\/01\/foto-segnaletica-banditi-museo-banditismo-aggius-sardegna-1024x614.jpeg 1024w, https:\/\/discovergallura.it\/wp-content\/uploads\/2023\/01\/foto-segnaletica-banditi-museo-banditismo-aggius-sardegna-768x461.jpeg 768w, https:\/\/discovergallura.it\/wp-content\/uploads\/2023\/01\/foto-segnaletica-banditi-museo-banditismo-aggius-sardegna-700x420.jpeg 700w\" sizes=\"auto, (max-width: 1280px) 100vw, 1280px\" \/>\t\t\t\t\t<span class=\"aig-gallery-hover\">\n\t\t\t\t\t\t\t\t\t\t\t<\/span>\n\t\t\t\t\t\t\t<\/div>\n\t\t\t\t\t\t\t\t<div class=\"qode-aig-image\">\n\t\t\t\t\t\t\t\t\t<img loading=\"lazy\" decoding=\"async\" width=\"1280\" height=\"768\" src=\"https:\/\/discovergallura.it\/wp-content\/uploads\/2023\/01\/museo-banditismo-aggius-materiale-storico.jpeg\" class=\"attachment-full size-full\" alt=\"\" srcset=\"https:\/\/discovergallura.it\/wp-content\/uploads\/2023\/01\/museo-banditismo-aggius-materiale-storico.jpeg 1280w, https:\/\/discovergallura.it\/wp-content\/uploads\/2023\/01\/museo-banditismo-aggius-materiale-storico-300x180.jpeg 300w, https:\/\/discovergallura.it\/wp-content\/uploads\/2023\/01\/museo-banditismo-aggius-materiale-storico-1024x614.jpeg 1024w, https:\/\/discovergallura.it\/wp-content\/uploads\/2023\/01\/museo-banditismo-aggius-materiale-storico-768x461.jpeg 768w, https:\/\/discovergallura.it\/wp-content\/uploads\/2023\/01\/museo-banditismo-aggius-materiale-storico-700x420.jpeg 700w\" sizes=\"auto, (max-width: 1280px) 100vw, 1280px\" \/>\t\t\t\t\t<span class=\"aig-gallery-hover\">\n\t\t\t\t\t\t\t\t\t\t\t<\/span>\n\t\t\t\t\t\t\t<\/div>\n\t\t\t\t\t\t\t\t<div class=\"qode-aig-image\">\n\t\t\t\t\t\t\t\t\t<img loading=\"lazy\" decoding=\"async\" width=\"1106\" height=\"737\" src=\"https:\/\/discovergallura.it\/wp-content\/uploads\/2023\/01\/shutterstock_1458251519.jpg\" class=\"attachment-full size-full\" alt=\"\" srcset=\"https:\/\/discovergallura.it\/wp-content\/uploads\/2023\/01\/shutterstock_1458251519.jpg 1106w, https:\/\/discovergallura.it\/wp-content\/uploads\/2023\/01\/shutterstock_1458251519-300x200.jpg 300w, https:\/\/discovergallura.it\/wp-content\/uploads\/2023\/01\/shutterstock_1458251519-1024x682.jpg 1024w, https:\/\/discovergallura.it\/wp-content\/uploads\/2023\/01\/shutterstock_1458251519-768x512.jpg 768w, https:\/\/discovergallura.it\/wp-content\/uploads\/2023\/01\/shutterstock_1458251519-700x466.jpg 700w\" sizes=\"auto, (max-width: 1106px) 100vw, 1106px\" \/>\t\t\t\t\t<span class=\"aig-gallery-hover\">\n\t\t\t\t\t\t\t\t\t\t\t<\/span>\n\t\t\t\t\t\t\t<\/div>\n\t\t\t\t\t\t<\/div>\n<\/div>[\/vc_column][\/vc_row]<\/p>\n<\/div>","protected":false},"excerpt":{"rendered":"<p>[vc_row css_animation=&#8220;&#8220; row_type=&#8220;row&#8220; use_row_as_full_screen_section=&#8220;no&#8220; type=&#8220;grid&#8220; angled_section=&#8220;no&#8220; text_align=&#8220;left&#8220; background_image_as_pattern=&#8220;without_pattern&#8220; z_index=&#8220;&#8220;][vc_column css=&#8220;.vc_custom_1674214152573{margin-top: 80px !important;}&#8220;][vc_row_inner row_type=&#8220;row&#8220; type=&#8220;full_width&#8220; text_align=&#8220;left&#8220; css_animation=&#8220;&#8220;][vc_column_inner width=&#8220;2\/3&#8243; css=&#8220;.vc_custom_1674212921568{margin-bottom: 110px !important;}&#8220;][vc_separator type=&#8220;small&#8220; position=&#8220;left&#8220; color=&#8220;#3390b9&#8243; thickness=&#8220;4&#8243; width=&#8220;50&#8243;][vc_column_text] AGGIUS [\/vc_column_text][\/vc_column_inner][vc_column_inner width=&#8220;1\/3&#8243;][\/vc_column_inner][\/vc_row_inner][vc_row_inner row_type=&#8220;row&#8220; type=&#8220;full_width&#8220; text_align=&#8220;left&#8220; css_animation=&#8220;&#8220;][vc_column_inner width=&#8220;1\/2&#8243;][vc_single_image image=&#8220;577&#8243; img_size=&#8220;full&#8220; qode_css_animation=&#8220;&#8220;][vc_empty_space][\/vc_column_inner][vc_column_inner width=&#8220;1\/2&#8243; css=&#8220;.vc_custom_1674212910857{margin-bottom: 80px !important;}&#8220;][vc_column_text] Aggius war etwa drei Jahrhunderte&#8230;<\/p>\n","protected":false},"author":1,"featured_media":8596,"parent":10313,"menu_order":0,"comment_status":"closed","ping_status":"closed","template":"full_width.php","meta":{"inline_featured_image":false,"footnotes":""},"class_list":["post-9776","page","type-page","status-publish","has-post-thumbnail","hentry"],"_links":{"self":[{"href":"https:\/\/discovergallura.it\/de\/wp-json\/wp\/v2\/pages\/9776","targetHints":{"allow":["GET"]}}],"collection":[{"href":"https:\/\/discovergallura.it\/de\/wp-json\/wp\/v2\/pages"}],"about":[{"href":"https:\/\/discovergallura.it\/de\/wp-json\/wp\/v2\/types\/page"}],"author":[{"embeddable":true,"href":"https:\/\/discovergallura.it\/de\/wp-json\/wp\/v2\/users\/1"}],"replies":[{"embeddable":true,"href":"https:\/\/discovergallura.it\/de\/wp-json\/wp\/v2\/comments?post=9776"}],"version-history":[{"count":6,"href":"https:\/\/discovergallura.it\/de\/wp-json\/wp\/v2\/pages\/9776\/revisions"}],"predecessor-version":[{"id":10332,"href":"https:\/\/discovergallura.it\/de\/wp-json\/wp\/v2\/pages\/9776\/revisions\/10332"}],"up":[{"embeddable":true,"href":"https:\/\/discovergallura.it\/de\/wp-json\/wp\/v2\/pages\/10313"}],"wp:featuredmedia":[{"embeddable":true,"href":"https:\/\/discovergallura.it\/de\/wp-json\/wp\/v2\/media\/8596"}],"wp:attachment":[{"href":"https:\/\/discovergallura.it\/de\/wp-json\/wp\/v2\/media?parent=9776"}],"curies":[{"name":"wp","href":"https:\/\/api.w.org\/{rel}","templated":true}]}}