{"id":9804,"date":"2023-01-27T16:52:47","date_gmt":"2023-01-27T15:52:47","guid":{"rendered":"https:\/\/discovergallura.it\/badesi\/"},"modified":"2023-06-14T16:40:18","modified_gmt":"2023-06-14T14:40:18","slug":"badesi","status":"publish","type":"page","link":"https:\/\/discovergallura.it\/de\/destinazioni\/badesi\/","title":{"rendered":"Badesi"},"content":{"rendered":"<div class=\"wpb-content-wrapper\"><p>[vc_row css_animation=&#8220;&#8220; row_type=&#8220;row&#8220; use_row_as_full_screen_section=&#8220;no&#8220; type=&#8220;grid&#8220; angled_section=&#8220;no&#8220; text_align=&#8220;left&#8220; background_image_as_pattern=&#8220;without_pattern&#8220; z_index=&#8220;&#8220; css=&#8220;.vc_custom_1674661411193{margin-top: 80px !important;}&#8220;][vc_column][vc_row_inner row_type=&#8220;row&#8220; type=&#8220;full_width&#8220; text_align=&#8220;left&#8220; css_animation=&#8220;&#8220;][vc_column_inner css=&#8220;.vc_custom_1676370505688{margin-left: 40px !important;}&#8220; offset=&#8220;vc_hidden-lg vc_hidden-md vc_col-xs-4\/5&#8243;][vc_single_image image=&#8220;3181&#8243; img_size=&#8220;full&#8220; alignment=&#8220;center&#8220; qode_css_animation=&#8220;&#8220;][\/vc_column_inner][\/vc_row_inner][vc_row_inner row_type=&#8220;row&#8220; type=&#8220;full_width&#8220; text_align=&#8220;left&#8220; css_animation=&#8220;&#8220;][vc_column_inner width=&#8220;1\/3&#8243; css=&#8220;.vc_custom_1676370512790{margin-top: 30px !important;}&#8220; offset=&#8220;vc_hidden-sm vc_col-xs-6 vc_hidden-xs&#8220;][vc_single_image image=&#8220;3181&#8243; img_size=&#8220;300&#215;500&#8243; alignment=&#8220;center&#8220; qode_css_animation=&#8220;&#8220;][\/vc_column_inner][vc_column_inner width=&#8220;2\/3&#8243; css=&#8220;.vc_custom_1674663485947{margin-top: 30px !important;padding-left: 10% !important;}&#8220;]<div class=\"custom_font_holder \" style=\"font-family: red hat display; font-style: normal; font-weight: 800; color: #282828; text-decoration: none; text-align: center; --qode-cf-font-size: 38px; --qode-cf-line-height: 39px; --qode-cf-font-size-1440: 38px; --qode-cf-line-height-1440: 39px; --qode-cf-font-size-1366: 38px; --qode-cf-line-height-1366: 39px; --qode-cf-font-size-1280: 38px; --qode-cf-line-height-1280: 39px; --qode-cf-font-size-1024: 38px; --qode-cf-line-height-1024: 39px; --qode-cf-font-size-768: 38px; --qode-cf-line-height-768: 39px; --qode-cf-font-size-680: 38px; --qode-cf-line-height-680: 39px; --qode-cf-font-size-480: 38px; --qode-cf-line-height-480: 39px;\">BADESI<\/div>[vc_empty_space height=&#8220;15px&#8220;]<div class=\"custom_font_holder \" style=\"font-family: EB garamond; font-style: italic; font-weight: 500; text-decoration: none; text-align: left; --qode-cf-font-size: 25px; --qode-cf-line-height: 26px; --qode-cf-font-size-1440: 25px; --qode-cf-line-height-1440: 26px; --qode-cf-font-size-1366: 25px; --qode-cf-line-height-1366: 26px; --qode-cf-font-size-1280: 25px; --qode-cf-line-height-1280: 26px; --qode-cf-font-size-1024: 25px; --qode-cf-line-height-1024: 26px; --qode-cf-font-size-768: 25px; --qode-cf-line-height-768: 26px; --qode-cf-font-size-680: 25px; --qode-cf-line-height-680: 26px; --qode-cf-font-size-480: 25px; --qode-cf-line-height-480: 26px;\">\n<p style=\"text-align: center;\"><span style=\"font-size: 24pt; line-height: 110%;\">Am \u00f6stlichen Ende des Golfs von Asinara, einem der beliebtesten Reiseziele der Insel.<\/span><\/p>\n<\/div>[vc_empty_space][vc_column_text]<\/p>\n<p style=\"text-align: justify;\">Einer volkst\u00fcmlichen Legende zufolge wurde das Gebiet, in dem sich Badesi heute befindet, von einer einzigen Familie besiedelt, die sich der Schafzucht widmete und aus der sich der Ort sp\u00e4ter entwickelte. Die Str\u00e4nde von Badesi Mare sind von atemberaubender Sch\u00f6nheit. Da die K\u00fcste dem Mistralwind ausgesetzt ist, ist sie das ganze Jahr \u00fcber ein ideales Ziel f\u00fcr Windsurfer. Die K\u00fcste wurde wegen ihrer reichen Flora und Fauna zu einem Gebiet von gemeinschaftlicher Bedeutung erkl\u00e4rt. Rundherum gibt es H\u00fcgel und Ebenen, auf denen \u00fcppige Weinberge wachsen,<br \/>\naus denen der ber\u00fchmte Vermentino di Gallura gewonnen wird.<\/p>\n<p>[\/vc_column_text][vc_empty_space][\/vc_column_inner][\/vc_row_inner][\/vc_column][\/vc_row][vc_row css_animation=&#8220;&#8220; row_type=&#8220;row&#8220; use_row_as_full_screen_section=&#8220;no&#8220; type=&#8220;full_width&#8220; angled_section=&#8220;no&#8220; text_align=&#8220;left&#8220; background_image_as_pattern=&#8220;without_pattern&#8220; z_index=&#8220;&#8220; css=&#8220;.vc_custom_1675854948614{margin-top: 80px !important;}&#8220;][vc_column]<div class=\"qode-advanced-image-gallery  qode-aig-slider-type qode-tiny-space   \">\n\t<div class=\"qode-aig-slider qode-owl-slider\" data-number-of-items=\"1\" data-enable-loop=\"yes\" data-enable-autoplay=\"yes\" data-slider-speed=\"5000\" data-slider-speed-animation=\"600\" data-slider-padding=\"yes\" data-enable-navigation=\"yes\" data-enable-pagination=\"yes\">\n\t\t\t\t\t<div class=\"qode-aig-image\">\n\t\t\t\t\t\t\t\t\t<img loading=\"lazy\" decoding=\"async\" width=\"1152\" height=\"768\" src=\"https:\/\/discovergallura.it\/wp-content\/uploads\/2023\/01\/badesi.jpg\" class=\"attachment-full size-full\" alt=\"\" srcset=\"https:\/\/discovergallura.it\/wp-content\/uploads\/2023\/01\/badesi.jpg 1152w, https:\/\/discovergallura.it\/wp-content\/uploads\/2023\/01\/badesi-300x200.jpg 300w, https:\/\/discovergallura.it\/wp-content\/uploads\/2023\/01\/badesi-1024x683.jpg 1024w, https:\/\/discovergallura.it\/wp-content\/uploads\/2023\/01\/badesi-768x512.jpg 768w, https:\/\/discovergallura.it\/wp-content\/uploads\/2023\/01\/badesi-700x467.jpg 700w\" sizes=\"auto, (max-width: 1152px) 100vw, 1152px\" \/>\t\t\t\t\t<span class=\"aig-gallery-hover\">\n\t\t\t\t\t\t\t\t\t\t\t<\/span>\n\t\t\t\t\t\t\t<\/div>\n\t\t\t\t\t\t\t\t<div class=\"qode-aig-image\">\n\t\t\t\t\t\t\t\t\t<img loading=\"lazy\" decoding=\"async\" width=\"1144\" height=\"768\" src=\"https:\/\/discovergallura.it\/wp-content\/uploads\/2023\/01\/badesi.jpeg\" class=\"attachment-full size-full\" alt=\"\" srcset=\"https:\/\/discovergallura.it\/wp-content\/uploads\/2023\/01\/badesi.jpeg 1144w, https:\/\/discovergallura.it\/wp-content\/uploads\/2023\/01\/badesi-300x201.jpeg 300w, https:\/\/discovergallura.it\/wp-content\/uploads\/2023\/01\/badesi-1024x687.jpeg 1024w, https:\/\/discovergallura.it\/wp-content\/uploads\/2023\/01\/badesi-768x516.jpeg 768w, https:\/\/discovergallura.it\/wp-content\/uploads\/2023\/01\/badesi-700x470.jpeg 700w\" sizes=\"auto, (max-width: 1144px) 100vw, 1144px\" \/>\t\t\t\t\t<span class=\"aig-gallery-hover\">\n\t\t\t\t\t\t\t\t\t\t\t<\/span>\n\t\t\t\t\t\t\t<\/div>\n\t\t\t\t\t\t\t\t<div class=\"qode-aig-image\">\n\t\t\t\t\t\t\t\t\t<img loading=\"lazy\" decoding=\"async\" width=\"1365\" height=\"768\" src=\"https:\/\/discovergallura.it\/wp-content\/uploads\/2023\/01\/badesi-4.jpeg\" class=\"attachment-full size-full\" alt=\"\" srcset=\"https:\/\/discovergallura.it\/wp-content\/uploads\/2023\/01\/badesi-4.jpeg 1365w, https:\/\/discovergallura.it\/wp-content\/uploads\/2023\/01\/badesi-4-300x169.jpeg 300w, https:\/\/discovergallura.it\/wp-content\/uploads\/2023\/01\/badesi-4-1024x576.jpeg 1024w, https:\/\/discovergallura.it\/wp-content\/uploads\/2023\/01\/badesi-4-768x432.jpeg 768w, https:\/\/discovergallura.it\/wp-content\/uploads\/2023\/01\/badesi-4-700x394.jpeg 700w, https:\/\/discovergallura.it\/wp-content\/uploads\/2023\/01\/badesi-4-539x303.jpeg 539w\" sizes=\"auto, (max-width: 1365px) 100vw, 1365px\" \/>\t\t\t\t\t<span class=\"aig-gallery-hover\">\n\t\t\t\t\t\t\t\t\t\t\t<\/span>\n\t\t\t\t\t\t\t<\/div>\n\t\t\t\t\t\t\t\t<div class=\"qode-aig-image\">\n\t\t\t\t\t\t\t\t\t<img loading=\"lazy\" decoding=\"async\" width=\"1175\" height=\"768\" src=\"https:\/\/discovergallura.it\/wp-content\/uploads\/2023\/01\/badesi-3.jpg\" class=\"attachment-full size-full\" alt=\"\" srcset=\"https:\/\/discovergallura.it\/wp-content\/uploads\/2023\/01\/badesi-3.jpg 1175w, https:\/\/discovergallura.it\/wp-content\/uploads\/2023\/01\/badesi-3-300x196.jpg 300w, https:\/\/discovergallura.it\/wp-content\/uploads\/2023\/01\/badesi-3-1024x669.jpg 1024w, https:\/\/discovergallura.it\/wp-content\/uploads\/2023\/01\/badesi-3-768x502.jpg 768w, https:\/\/discovergallura.it\/wp-content\/uploads\/2023\/01\/badesi-3-400x260.jpg 400w, https:\/\/discovergallura.it\/wp-content\/uploads\/2023\/01\/badesi-3-700x458.jpg 700w\" sizes=\"auto, (max-width: 1175px) 100vw, 1175px\" \/>\t\t\t\t\t<span class=\"aig-gallery-hover\">\n\t\t\t\t\t\t\t\t\t\t\t<\/span>\n\t\t\t\t\t\t\t<\/div>\n\t\t\t\t\t\t\t\t<div class=\"qode-aig-image\">\n\t\t\t\t\t\t\t\t\t<img loading=\"lazy\" decoding=\"async\" width=\"1364\" height=\"768\" src=\"https:\/\/discovergallura.it\/wp-content\/uploads\/2023\/01\/badesi-3.jpeg\" class=\"attachment-full size-full\" alt=\"\" srcset=\"https:\/\/discovergallura.it\/wp-content\/uploads\/2023\/01\/badesi-3.jpeg 1364w, https:\/\/discovergallura.it\/wp-content\/uploads\/2023\/01\/badesi-3-300x169.jpeg 300w, https:\/\/discovergallura.it\/wp-content\/uploads\/2023\/01\/badesi-3-1024x577.jpeg 1024w, https:\/\/discovergallura.it\/wp-content\/uploads\/2023\/01\/badesi-3-768x432.jpeg 768w, https:\/\/discovergallura.it\/wp-content\/uploads\/2023\/01\/badesi-3-700x394.jpeg 700w, https:\/\/discovergallura.it\/wp-content\/uploads\/2023\/01\/badesi-3-539x303.jpeg 539w\" sizes=\"auto, (max-width: 1364px) 100vw, 1364px\" \/>\t\t\t\t\t<span class=\"aig-gallery-hover\">\n\t\t\t\t\t\t\t\t\t\t\t<\/span>\n\t\t\t\t\t\t\t<\/div>\n\t\t\t\t\t\t\t\t<div class=\"qode-aig-image\">\n\t\t\t\t\t\t\t\t\t<img loading=\"lazy\" decoding=\"async\" width=\"1159\" height=\"768\" src=\"https:\/\/discovergallura.it\/wp-content\/uploads\/2023\/01\/badesi-2.jpg\" class=\"attachment-full size-full\" alt=\"\" srcset=\"https:\/\/discovergallura.it\/wp-content\/uploads\/2023\/01\/badesi-2.jpg 1159w, https:\/\/discovergallura.it\/wp-content\/uploads\/2023\/01\/badesi-2-300x199.jpg 300w, https:\/\/discovergallura.it\/wp-content\/uploads\/2023\/01\/badesi-2-1024x679.jpg 1024w, https:\/\/discovergallura.it\/wp-content\/uploads\/2023\/01\/badesi-2-768x509.jpg 768w, https:\/\/discovergallura.it\/wp-content\/uploads\/2023\/01\/badesi-2-700x464.jpg 700w\" sizes=\"auto, (max-width: 1159px) 100vw, 1159px\" \/>\t\t\t\t\t<span class=\"aig-gallery-hover\">\n\t\t\t\t\t\t\t\t\t\t\t<\/span>\n\t\t\t\t\t\t\t<\/div>\n\t\t\t\t\t\t\t\t<div class=\"qode-aig-image\">\n\t\t\t\t\t\t\t\t\t<img loading=\"lazy\" decoding=\"async\" width=\"1144\" height=\"768\" src=\"https:\/\/discovergallura.it\/wp-content\/uploads\/2023\/01\/badesi-2.jpeg\" class=\"attachment-full size-full\" alt=\"\" srcset=\"https:\/\/discovergallura.it\/wp-content\/uploads\/2023\/01\/badesi-2.jpeg 1144w, https:\/\/discovergallura.it\/wp-content\/uploads\/2023\/01\/badesi-2-300x201.jpeg 300w, https:\/\/discovergallura.it\/wp-content\/uploads\/2023\/01\/badesi-2-1024x687.jpeg 1024w, https:\/\/discovergallura.it\/wp-content\/uploads\/2023\/01\/badesi-2-768x516.jpeg 768w, https:\/\/discovergallura.it\/wp-content\/uploads\/2023\/01\/badesi-2-700x470.jpeg 700w\" sizes=\"auto, (max-width: 1144px) 100vw, 1144px\" \/>\t\t\t\t\t<span class=\"aig-gallery-hover\">\n\t\t\t\t\t\t\t\t\t\t\t<\/span>\n\t\t\t\t\t\t\t<\/div>\n\t\t\t\t\t\t<\/div>\n<\/div>[\/vc_column][\/vc_row][vc_row css_animation=&#8220;&#8220; row_type=&#8220;row&#8220; use_row_as_full_screen_section=&#8220;no&#8220; type=&#8220;full_width&#8220; angled_section=&#8220;no&#8220; text_align=&#8220;left&#8220; background_image_as_pattern=&#8220;without_pattern&#8220; css=&#8220;.vc_custom_1674747267755{margin-top: 80px !important;margin-bottom: 80px !important;padding-right: 10% !important;padding-left: 10% !important;}&#8220; z_index=&#8220;&#8220;][vc_column][vc_tabs style=&#8220;boxed&#8220;][vc_tab title=&#8220;Was Sie unternehmen k\u00f6nnen&#8220; tab_id=&#8220;65a6b522-005a-8&#8243;][vc_row_inner row_type=&#8220;row&#8220; type=&#8220;full_width&#8220; text_align=&#8220;left&#8220; css_animation=&#8220;&#8220; css=&#8220;.vc_custom_1674751838341{margin-top: 50px !important;}&#8220;][vc_column_inner width=&#8220;1\/2&#8243;]<div class=\"custom_font_holder \" style=\"font-family: EB garamond; font-style: italic; font-weight: 500; text-decoration: none; text-align: left; --qode-cf-font-size: 25px; --qode-cf-line-height: 26px; --qode-cf-font-size-1440: 25px; --qode-cf-line-height-1440: 26px; --qode-cf-font-size-1366: 25px; --qode-cf-line-height-1366: 26px; --qode-cf-font-size-1280: 25px; --qode-cf-line-height-1280: 26px; --qode-cf-font-size-1024: 25px; --qode-cf-line-height-1024: 26px; --qode-cf-font-size-768: 25px; --qode-cf-line-height-768: 26px; --qode-cf-font-size-680: 25px; --qode-cf-line-height-680: 26px; --qode-cf-font-size-480: 25px; --qode-cf-line-height-480: 26px;\">\n<p style=\"text-align: left;\"><span style=\"font-size: 24pt; line-height: 110%;\">Badesi verbindet auf hervorragende Weise die Sch\u00f6nheit der Natur mit den lokalen Traditionen und ist zu jeder Jahreszeit ein sehenswertes Reiseziel.<\/span><\/p>\n<\/div>[vc_empty_space][\/vc_column_inner][vc_column_inner width=&#8220;1\/2&#8243;][vc_column_text]<\/p>\n<p style=\"text-align: justify;\">Die abwechslungsreiche Landschaft mit ihren \u00fcberwiegend granitischen B\u00f6den in der H\u00fcgellandschaft und den langen, wei\u00dfen Sandstr\u00e4nden und wacholderbewachsenen D\u00fcnen an der K\u00fcste ist immer wieder eine Augenweide. Aufgrund des starken Mistralwindes finden Segel- und Surfbegeisterte hier zu jeder Jahreszeit den idealen Ort. Die Sommermonate sind ideal f\u00fcr einen Strandurlaub mit Meer, Sonne und Entspannung. In der N\u00e4he befinden sich gut ausgestattete Gastbetriebe,<br \/>\ndie jeglichen Komfort bieten k\u00f6nnen. Das Gebiet bietet zahlreiche M\u00f6glichkeiten f\u00fcr Freizeit- und Sportaktivit\u00e4ten, darunter Kanufahrten und Vogelbeobachtung.<\/p>\n<p>[\/vc_column_text][\/vc_column_inner][\/vc_row_inner][vc_empty_space]<div class=\"qode-advanced-image-gallery  qode-aig-grid-type qode-tiny-space  qode-image-behavior-lightbox \">\n\t<div class=\"qode-aig-inner qode-outer-space qode-aig-grid qode-aig-four-columns\">\n\t\t\t\t\t<div class=\"qode-aig-image qode-item-space\">\n\t\t\t\t<div class=\"qode-aig-image-inner\">\n\t\t\t\t\t\t\t\t\t\t\t<a itemprop=\"image\" class=\"qode-aig-lightbox\" href=\"https:\/\/discovergallura.it\/wp-content\/uploads\/2023\/01\/badesi-cosa-fare-2.jpg\" data-rel=\"prettyPhoto[image_gallery_pretty_photo-956]\" title=\"badesi-cosa-fare (2)\">\n\t\t\t\t\t\t\t\t\t\t\t<img loading=\"lazy\" decoding=\"async\" src=\"https:\/\/discovergallura.it\/wp-content\/uploads\/2023\/01\/badesi-cosa-fare-2-500x500.jpg\" alt=\"\" width=\"500\" height=\"500\" \/>\t\t\t\t\t\t<span class=\"aig-gallery-hover\">\n\t\t\t\t\t\t\t\t\t\t\t\t\t\t\t<span class=\"icon-arrows-plus\"><\/span> \n\t\t\t\t\t\t\t\t\t\t\t\t\t<\/span>\n\t\t\t\t\t\t\t\t\t\t\t<\/a>\n\t\t\t\t\t\t\t\t\t<\/div>\n\t\t\t<\/div>\n\t\t\t\t\t\t\t\t<div class=\"qode-aig-image qode-item-space\">\n\t\t\t\t<div class=\"qode-aig-image-inner\">\n\t\t\t\t\t\t\t\t\t\t\t<a itemprop=\"image\" class=\"qode-aig-lightbox\" href=\"https:\/\/discovergallura.it\/wp-content\/uploads\/2023\/01\/badesi-cosa-fare-3.jpg\" data-rel=\"prettyPhoto[image_gallery_pretty_photo-956]\" title=\"badesi-cosa-fare (3)\">\n\t\t\t\t\t\t\t\t\t\t\t<img loading=\"lazy\" decoding=\"async\" src=\"https:\/\/discovergallura.it\/wp-content\/uploads\/2023\/01\/badesi-cosa-fare-3-500x500.jpg\" alt=\"\" width=\"500\" height=\"500\" \/>\t\t\t\t\t\t<span class=\"aig-gallery-hover\">\n\t\t\t\t\t\t\t\t\t\t\t\t\t\t\t<span class=\"icon-arrows-plus\"><\/span> \n\t\t\t\t\t\t\t\t\t\t\t\t\t<\/span>\n\t\t\t\t\t\t\t\t\t\t\t<\/a>\n\t\t\t\t\t\t\t\t\t<\/div>\n\t\t\t<\/div>\n\t\t\t\t\t\t\t\t<div class=\"qode-aig-image qode-item-space\">\n\t\t\t\t<div class=\"qode-aig-image-inner\">\n\t\t\t\t\t\t\t\t\t\t\t<a itemprop=\"image\" class=\"qode-aig-lightbox\" href=\"https:\/\/discovergallura.it\/wp-content\/uploads\/2023\/01\/badesi-cosa-fare-4.jpg\" data-rel=\"prettyPhoto[image_gallery_pretty_photo-956]\" title=\"badesi-cosa-fare (4)\">\n\t\t\t\t\t\t\t\t\t\t\t<img loading=\"lazy\" decoding=\"async\" src=\"https:\/\/discovergallura.it\/wp-content\/uploads\/2023\/01\/badesi-cosa-fare-4-500x500.jpg\" alt=\"\" width=\"500\" height=\"500\" \/>\t\t\t\t\t\t<span class=\"aig-gallery-hover\">\n\t\t\t\t\t\t\t\t\t\t\t\t\t\t\t<span class=\"icon-arrows-plus\"><\/span> \n\t\t\t\t\t\t\t\t\t\t\t\t\t<\/span>\n\t\t\t\t\t\t\t\t\t\t\t<\/a>\n\t\t\t\t\t\t\t\t\t<\/div>\n\t\t\t<\/div>\n\t\t\t\t\t\t\t\t<div class=\"qode-aig-image qode-item-space\">\n\t\t\t\t<div class=\"qode-aig-image-inner\">\n\t\t\t\t\t\t\t\t\t\t\t<a itemprop=\"image\" class=\"qode-aig-lightbox\" href=\"https:\/\/discovergallura.it\/wp-content\/uploads\/2023\/01\/badesi-cosa-fare.jpg\" data-rel=\"prettyPhoto[image_gallery_pretty_photo-956]\" title=\"badesi-cosa-fare\">\n\t\t\t\t\t\t\t\t\t\t\t<img loading=\"lazy\" decoding=\"async\" src=\"https:\/\/discovergallura.it\/wp-content\/uploads\/2023\/01\/badesi-cosa-fare-500x500.jpg\" alt=\"\" width=\"500\" height=\"500\" \/>\t\t\t\t\t\t<span class=\"aig-gallery-hover\">\n\t\t\t\t\t\t\t\t\t\t\t\t\t\t\t<span class=\"icon-arrows-plus\"><\/span> \n\t\t\t\t\t\t\t\t\t\t\t\t\t<\/span>\n\t\t\t\t\t\t\t\t\t\t\t<\/a>\n\t\t\t\t\t\t\t\t\t<\/div>\n\t\t\t<\/div>\n\t\t\t\t\t\t<\/div>\n<\/div>[\/vc_tab][vc_tab title=&#8220;Was es zu sehen gibt&#8220; tab_id=&#8220;0311754d-ad29-4&#8243;][vc_row_inner row_type=&#8220;row&#8220; type=&#8220;full_width&#8220; text_align=&#8220;left&#8220; css_animation=&#8220;&#8220; css=&#8220;.vc_custom_1674750537357{margin-top: 50px !important;}&#8220;][vc_column_inner width=&#8220;1\/2&#8243; offset=&#8220;vc_col-xs-6&#8243;]<div class=\"q_image_with_text_over\"><div class=\"shader\" ><\/div><img decoding=\"async\" itemprop=\"image\" src=\"https:\/\/discovergallura.it\/wp-content\/uploads\/2023\/02\/Fiume-Coghinas-e1675247537912.jpg\" alt=\"\" \/><div class=\"text\"><table><tr><td><h3 class=\"caption no_icon\" style=\"font-size: 25px;\">Gebiet von gemeinschaftlicher Bedeutung an der M\u00fcndung des Coghinas<\/h3><\/td><\/tr><\/table><table><tr><td><div class=\"desc\"><span style=\"font-size: 18pt;\"><strong><span style=\"color: #ffffff;\"><a style=\"color: #ffffff;\" href=\"https:\/\/discovergallura.it\/de\/siti-naturali\/sito-di-importanza-comunitaria-delle-foci-del-coghinas\/\" rel=\"noopener\">Es liegt im Golf von Asinara und bietet einzigartige Landschaften und spannende Erlebnisse f\u00fcr Vogelkundler.<\/a><\/span><\/strong><\/span><\/div><\/td><\/tr><\/table><\/div><\/div>[\/vc_column_inner][vc_column_inner width=&#8220;1\/2&#8243; offset=&#8220;vc_col-xs-6&#8243;]<div class=\"q_image_with_text_over\"><div class=\"shader\" ><\/div><img decoding=\"async\" itemprop=\"image\" src=\"https:\/\/discovergallura.it\/wp-content\/uploads\/2023\/01\/shutterstock_64334101.jpg\" alt=\"\" \/><div class=\"text\"><table><tr><td><h3 class=\"caption no_icon\" style=\"font-size: 25px;\">Strand von Li Junchi<\/h3><\/td><\/tr><\/table><table><tr><td><div class=\"desc\"><span style=\"font-size: 18pt;\"><strong><span style=\"color: #ffffff;\"><a style=\"color: #ffffff;\" href=\"https:\/\/discovergallura.it\/de\/piu-belle-spiagge\/spiaggia-di-li-junchi\/\" rel=\"noopener\">Der Strand von Li Junchi liegt im Gebiet von Badesi am Golf von Asinara und ist unbedingt einen Besuch wert.<\/a><\/span><\/strong><\/span><\/div><\/td><\/tr><\/table><\/div><\/div>[\/vc_column_inner][\/vc_row_inner][\/vc_tab][\/vc_tabs][\/vc_column][\/vc_row][vc_row css_animation=&#8220;&#8220; row_type=&#8220;row&#8220; use_row_as_full_screen_section=&#8220;no&#8220; type=&#8220;full_width&#8220; angled_section=&#8220;no&#8220; text_align=&#8220;left&#8220; background_image_as_pattern=&#8220;without_pattern&#8220; css=&#8220;.vc_custom_1675786797300{margin-top: 50px !important;margin-bottom: 120px !important;padding-right: 10% !important;padding-left: 10% !important;background-color: #fcd362 !important;}&#8220; z_index=&#8220;&#8220;][vc_column css=&#8220;.vc_custom_1675785876983{padding-top: 20px !important;padding-bottom: 20px !important;}&#8220;][vc_column_text]<\/p>\n<h3><span style=\"font-size: 18pt; color: #ffffff;\">touristische Informationen<\/span><\/h3>\n<p>[\/vc_column_text][vc_empty_space height=&#8220;15px&#8220;][vc_row_inner row_type=&#8220;row&#8220; type=&#8220;full_width&#8220; text_align=&#8220;left&#8220; css_animation=&#8220;&#8220;][vc_column_inner width=&#8220;1\/3&#8243;][vc_column_text]Via Risorgimento 15 &#8211; 07030 Badesi SS<br \/>\nTel <a href=\"tel:+39079684095\">079684095<\/a>[\/vc_column_text][\/vc_column_inner][vc_column_inner width=&#8220;1\/3&#8243;][vc_column_text]Sito <a href=\"https:\/\/www.badesiturismo.it\/\">www.badesiturismo.it<\/a><br \/>\nMail <a href=\"mailto:turismo@comunebadesi.ot.it\">turismo@comunebadesi.ot.it<\/a>[\/vc_column_text][\/vc_column_inner][vc_column_inner width=&#8220;1\/3&#8243;][\/vc_column_inner][\/vc_row_inner][\/vc_column][\/vc_row]<\/p>\n<\/div>","protected":false},"excerpt":{"rendered":"<p>[vc_row css_animation=&#8220;&#8220; row_type=&#8220;row&#8220; use_row_as_full_screen_section=&#8220;no&#8220; type=&#8220;grid&#8220; angled_section=&#8220;no&#8220; text_align=&#8220;left&#8220; background_image_as_pattern=&#8220;without_pattern&#8220; z_index=&#8220;&#8220; css=&#8220;.vc_custom_1674661411193{margin-top: 80px !important;}&#8220;][vc_column][vc_row_inner row_type=&#8220;row&#8220; type=&#8220;full_width&#8220; text_align=&#8220;left&#8220; css_animation=&#8220;&#8220;][vc_column_inner css=&#8220;.vc_custom_1676370505688{margin-left: 40px !important;}&#8220; offset=&#8220;vc_hidden-lg vc_hidden-md vc_col-xs-4\/5&#8243;][vc_single_image image=&#8220;3181&#8243; img_size=&#8220;full&#8220; alignment=&#8220;center&#8220; qode_css_animation=&#8220;&#8220;][\/vc_column_inner][\/vc_row_inner][vc_row_inner row_type=&#8220;row&#8220; type=&#8220;full_width&#8220; text_align=&#8220;left&#8220; css_animation=&#8220;&#8220;][vc_column_inner width=&#8220;1\/3&#8243; css=&#8220;.vc_custom_1676370512790{margin-top: 30px !important;}&#8220; offset=&#8220;vc_hidden-sm vc_col-xs-6 vc_hidden-xs&#8220;][vc_single_image image=&#8220;3181&#8243; img_size=&#8220;300&#215;500&#8243; alignment=&#8220;center&#8220; qode_css_animation=&#8220;&#8220;][\/vc_column_inner][vc_column_inner width=&#8220;2\/3&#8243; css=&#8220;.vc_custom_1674663485947{margin-top: 30px !important;padding-left:&#8230;<\/p>\n","protected":false},"author":1,"featured_media":9125,"parent":10722,"menu_order":0,"comment_status":"closed","ping_status":"closed","template":"full_width.php","meta":{"inline_featured_image":false,"footnotes":""},"class_list":["post-9804","page","type-page","status-publish","has-post-thumbnail","hentry"],"_links":{"self":[{"href":"https:\/\/discovergallura.it\/de\/wp-json\/wp\/v2\/pages\/9804","targetHints":{"allow":["GET"]}}],"collection":[{"href":"https:\/\/discovergallura.it\/de\/wp-json\/wp\/v2\/pages"}],"about":[{"href":"https:\/\/discovergallura.it\/de\/wp-json\/wp\/v2\/types\/page"}],"author":[{"embeddable":true,"href":"https:\/\/discovergallura.it\/de\/wp-json\/wp\/v2\/users\/1"}],"replies":[{"embeddable":true,"href":"https:\/\/discovergallura.it\/de\/wp-json\/wp\/v2\/comments?post=9804"}],"version-history":[{"count":6,"href":"https:\/\/discovergallura.it\/de\/wp-json\/wp\/v2\/pages\/9804\/revisions"}],"predecessor-version":[{"id":13927,"href":"https:\/\/discovergallura.it\/de\/wp-json\/wp\/v2\/pages\/9804\/revisions\/13927"}],"up":[{"embeddable":true,"href":"https:\/\/discovergallura.it\/de\/wp-json\/wp\/v2\/pages\/10722"}],"wp:featuredmedia":[{"embeddable":true,"href":"https:\/\/discovergallura.it\/de\/wp-json\/wp\/v2\/media\/9125"}],"wp:attachment":[{"href":"https:\/\/discovergallura.it\/de\/wp-json\/wp\/v2\/media?parent=9804"}],"curies":[{"name":"wp","href":"https:\/\/api.w.org\/{rel}","templated":true}]}}