{"id":9938,"date":"2023-02-01T12:48:33","date_gmt":"2023-02-01T11:48:33","guid":{"rendered":"https:\/\/discovergallura.it\/trinita-dagultu-e-vignola\/isola-rossa\/"},"modified":"2023-04-14T09:38:06","modified_gmt":"2023-04-14T07:38:06","slug":"isola-rossa","status":"publish","type":"page","link":"https:\/\/discovergallura.it\/de\/destinazioni\/trinita-dagultu-e-vignola\/isola-rossa\/","title":{"rendered":"Isola rossa"},"content":{"rendered":"<div class=\"wpb-content-wrapper\"><p>[vc_row css_animation=&#8220;&#8220; row_type=&#8220;row&#8220; use_row_as_full_screen_section=&#8220;no&#8220; type=&#8220;grid&#8220; angled_section=&#8220;no&#8220; text_align=&#8220;left&#8220; background_image_as_pattern=&#8220;without_pattern&#8220; z_index=&#8220;&#8220;][vc_column css=&#8220;.vc_custom_1674214152573{margin-top: 80px !important;}&#8220;][vc_row_inner row_type=&#8220;row&#8220; type=&#8220;full_width&#8220; text_align=&#8220;left&#8220; css_animation=&#8220;&#8220;][vc_column_inner width=&#8220;1\/2&#8243; css=&#8220;.vc_custom_1674212921568{margin-bottom: 110px !important;}&#8220;][vc_separator type=&#8220;small&#8220; position=&#8220;left&#8220; color=&#8220;#3390b9&#8243; thickness=&#8220;4&#8243; width=&#8220;50&#8243;]<div class=\"custom_font_holder \" style=\"font-family: red hat display; font-style: normal; font-weight: 800; color: #3390b9; text-decoration: none; text-align: left; --qode-cf-font-size: 38px; --qode-cf-line-height: 39px; --qode-cf-font-size-1440: 38px; --qode-cf-line-height-1440: 39px; --qode-cf-font-size-1366: 38px; --qode-cf-line-height-1366: 39px; --qode-cf-font-size-1280: 38px; --qode-cf-line-height-1280: 39px; --qode-cf-font-size-1024: 38px; --qode-cf-line-height-1024: 39px; --qode-cf-font-size-768: 38px; --qode-cf-line-height-768: 39px; --qode-cf-font-size-680: 38px; --qode-cf-line-height-680: 39px; --qode-cf-font-size-480: 38px; --qode-cf-line-height-480: 39px;\">ISOLA ROSSA<\/div>[\/vc_column_inner][vc_column_inner width=&#8220;1\/2&#8243;][\/vc_column_inner][\/vc_row_inner][vc_row_inner row_type=&#8220;row&#8220; type=&#8220;full_width&#8220; text_align=&#8220;left&#8220; css_animation=&#8220;&#8220;][vc_column_inner width=&#8220;1\/2&#8243;][vc_single_image image=&#8220;3348&#8243; img_size=&#8220;full&#8220; qode_css_animation=&#8220;&#8220;][vc_empty_space][\/vc_column_inner][vc_column_inner width=&#8220;1\/2&#8243; css=&#8220;.vc_custom_1674212910857{margin-bottom: 80px !important;}&#8220;][vc_column_text]<\/p>\n<p style=\"text-align: justify;\">Wenige Kilometer von Costa Paradiso entfernt liegt Isola Rossa, ein Fischerdorf, das heute ein beliebter Urlaubsort ist, sich aber seine einfache und authentische Atmosph\u00e4re bewahrt hat. In der N\u00e4he des kleinen Dorfes befindet sich ein sch\u00f6ner Strand, der auch f\u00fcr Kinder geeignet ist.<br \/>\nDer Name stammt von der kleinen Granitinsel vor dem Ort, einem Felsen von tiefrosa Farbe, der in starkem Kontrast zum hellen Gr\u00fcn der mediterranen Macchia und dem Schneewei\u00df der Str\u00e4nde steht.<\/p>\n<p>[\/vc_column_text][\/vc_column_inner][\/vc_row_inner][\/vc_column][\/vc_row][vc_row css_animation=&#8220;&#8220; row_type=&#8220;row&#8220; use_row_as_full_screen_section=&#8220;no&#8220; type=&#8220;grid&#8220; angled_section=&#8220;no&#8220; text_align=&#8220;left&#8220; background_image_as_pattern=&#8220;without_pattern&#8220; z_index=&#8220;&#8220;][vc_column width=&#8220;1\/6&#8243;][\/vc_column][vc_column width=&#8220;2\/3&#8243; css=&#8220;.vc_custom_1674141388895{margin-top: 80px !important;}&#8220; offset=&#8220;vc_hidden-sm vc_hidden-xs&#8220;]<div class=\"custom_font_holder \" style=\"font-family: EB garamond; font-style: italic; font-weight: 500; text-decoration: none; text-align: left; --qode-cf-font-size: 24px; --qode-cf-line-height: 28px; --qode-cf-font-size-1440: 24px; --qode-cf-line-height-1440: 28px; --qode-cf-font-size-1366: 24px; --qode-cf-line-height-1366: 28px; --qode-cf-font-size-1280: 24px; --qode-cf-line-height-1280: 28px; --qode-cf-font-size-1024: 24px; --qode-cf-line-height-1024: 28px; --qode-cf-font-size-768: 24px; --qode-cf-line-height-768: 28px; --qode-cf-font-size-680: 24px; --qode-cf-line-height-680: 28px; --qode-cf-font-size-480: 24px; --qode-cf-line-height-480: 28px;\">\n<p style=\"text-align: center;\"><span style=\"font-size: 24pt; line-height: 110%;\">Ein ideales Ziel f\u00fcr Familien. Ein wahres, unber\u00fchrtes Paradies.<\/span><\/p>\n<\/div>[\/vc_column][vc_column width=&#8220;1\/6&#8243;][\/vc_column][\/vc_row][vc_row css_animation=&#8220;&#8220; row_type=&#8220;row&#8220; use_row_as_full_screen_section=&#8220;no&#8220; type=&#8220;full_width&#8220; angled_section=&#8220;no&#8220; text_align=&#8220;left&#8220; background_image_as_pattern=&#8220;without_pattern&#8220; z_index=&#8220;&#8220;][vc_column css=&#8220;.vc_custom_1675700904256{margin-top: 80px !important;margin-bottom: 120px !important;}&#8220;]<div class=\"qode-advanced-image-gallery  qode-aig-slider-type qode-tiny-space   \">\n\t<div class=\"qode-aig-slider qode-owl-slider\" data-number-of-items=\"1\" data-enable-loop=\"yes\" data-enable-autoplay=\"yes\" data-slider-speed=\"5000\" data-slider-speed-animation=\"600\" data-slider-padding=\"yes\" data-enable-navigation=\"yes\" data-enable-pagination=\"yes\">\n\t\t\t\t\t<div class=\"qode-aig-image\">\n\t\t\t\t\t\t\t\t\t<img loading=\"lazy\" decoding=\"async\" width=\"2155\" height=\"1283\" src=\"https:\/\/discovergallura.it\/wp-content\/uploads\/2023\/02\/Isola-Rossa-drone.jpg\" class=\"attachment-full size-full\" alt=\"\" srcset=\"https:\/\/discovergallura.it\/wp-content\/uploads\/2023\/02\/Isola-Rossa-drone.jpg 2155w, https:\/\/discovergallura.it\/wp-content\/uploads\/2023\/02\/Isola-Rossa-drone-300x179.jpg 300w, https:\/\/discovergallura.it\/wp-content\/uploads\/2023\/02\/Isola-Rossa-drone-1024x610.jpg 1024w, https:\/\/discovergallura.it\/wp-content\/uploads\/2023\/02\/Isola-Rossa-drone-768x457.jpg 768w, https:\/\/discovergallura.it\/wp-content\/uploads\/2023\/02\/Isola-Rossa-drone-1536x914.jpg 1536w, https:\/\/discovergallura.it\/wp-content\/uploads\/2023\/02\/Isola-Rossa-drone-2048x1219.jpg 2048w, https:\/\/discovergallura.it\/wp-content\/uploads\/2023\/02\/Isola-Rossa-drone-700x417.jpg 700w\" sizes=\"auto, (max-width: 2155px) 100vw, 2155px\" \/>\t\t\t\t\t<span class=\"aig-gallery-hover\">\n\t\t\t\t\t\t\t\t\t\t\t<\/span>\n\t\t\t\t\t\t\t<\/div>\n\t\t\t\t\t\t\t\t<div class=\"qode-aig-image\">\n\t\t\t\t\t\t\t\t\t<img loading=\"lazy\" decoding=\"async\" width=\"2280\" height=\"1283\" src=\"https:\/\/discovergallura.it\/wp-content\/uploads\/2023\/02\/Isola-Rossa-drone-2.jpg\" class=\"attachment-full size-full\" alt=\"\" srcset=\"https:\/\/discovergallura.it\/wp-content\/uploads\/2023\/02\/Isola-Rossa-drone-2.jpg 2280w, https:\/\/discovergallura.it\/wp-content\/uploads\/2023\/02\/Isola-Rossa-drone-2-300x169.jpg 300w, https:\/\/discovergallura.it\/wp-content\/uploads\/2023\/02\/Isola-Rossa-drone-2-1024x576.jpg 1024w, https:\/\/discovergallura.it\/wp-content\/uploads\/2023\/02\/Isola-Rossa-drone-2-768x432.jpg 768w, https:\/\/discovergallura.it\/wp-content\/uploads\/2023\/02\/Isola-Rossa-drone-2-1536x864.jpg 1536w, https:\/\/discovergallura.it\/wp-content\/uploads\/2023\/02\/Isola-Rossa-drone-2-2048x1152.jpg 2048w, https:\/\/discovergallura.it\/wp-content\/uploads\/2023\/02\/Isola-Rossa-drone-2-700x394.jpg 700w, https:\/\/discovergallura.it\/wp-content\/uploads\/2023\/02\/Isola-Rossa-drone-2-539x303.jpg 539w\" sizes=\"auto, (max-width: 2280px) 100vw, 2280px\" \/>\t\t\t\t\t<span class=\"aig-gallery-hover\">\n\t\t\t\t\t\t\t\t\t\t\t<\/span>\n\t\t\t\t\t\t\t<\/div>\n\t\t\t\t\t\t\t\t<div class=\"qode-aig-image\">\n\t\t\t\t\t\t\t\t\t<img loading=\"lazy\" decoding=\"async\" width=\"2560\" height=\"1440\" src=\"https:\/\/discovergallura.it\/wp-content\/uploads\/2023\/02\/Trinita-scaled.jpg\" class=\"attachment-full size-full\" alt=\"\" srcset=\"https:\/\/discovergallura.it\/wp-content\/uploads\/2023\/02\/Trinita-scaled.jpg 2560w, https:\/\/discovergallura.it\/wp-content\/uploads\/2023\/02\/Trinita-300x169.jpg 300w, https:\/\/discovergallura.it\/wp-content\/uploads\/2023\/02\/Trinita-1024x576.jpg 1024w, https:\/\/discovergallura.it\/wp-content\/uploads\/2023\/02\/Trinita-768x432.jpg 768w, https:\/\/discovergallura.it\/wp-content\/uploads\/2023\/02\/Trinita-1536x864.jpg 1536w, https:\/\/discovergallura.it\/wp-content\/uploads\/2023\/02\/Trinita-2048x1152.jpg 2048w, https:\/\/discovergallura.it\/wp-content\/uploads\/2023\/02\/Trinita-700x394.jpg 700w, https:\/\/discovergallura.it\/wp-content\/uploads\/2023\/02\/Trinita-539x303.jpg 539w\" sizes=\"auto, (max-width: 2560px) 100vw, 2560px\" \/>\t\t\t\t\t<span class=\"aig-gallery-hover\">\n\t\t\t\t\t\t\t\t\t\t\t<\/span>\n\t\t\t\t\t\t\t<\/div>\n\t\t\t\t\t\t\t\t<div class=\"qode-aig-image\">\n\t\t\t\t\t\t\t\t\t<img loading=\"lazy\" decoding=\"async\" width=\"1440\" height=\"1080\" src=\"https:\/\/discovergallura.it\/wp-content\/uploads\/2023\/02\/Trinita-d_Agultu-Tramonto.jpg\" class=\"attachment-full size-full\" alt=\"\" srcset=\"https:\/\/discovergallura.it\/wp-content\/uploads\/2023\/02\/Trinita-d_Agultu-Tramonto.jpg 1440w, https:\/\/discovergallura.it\/wp-content\/uploads\/2023\/02\/Trinita-d_Agultu-Tramonto-300x225.jpg 300w, https:\/\/discovergallura.it\/wp-content\/uploads\/2023\/02\/Trinita-d_Agultu-Tramonto-1024x768.jpg 1024w, https:\/\/discovergallura.it\/wp-content\/uploads\/2023\/02\/Trinita-d_Agultu-Tramonto-768x576.jpg 768w, https:\/\/discovergallura.it\/wp-content\/uploads\/2023\/02\/Trinita-d_Agultu-Tramonto-800x600.jpg 800w, https:\/\/discovergallura.it\/wp-content\/uploads\/2023\/02\/Trinita-d_Agultu-Tramonto-700x525.jpg 700w\" sizes=\"auto, (max-width: 1440px) 100vw, 1440px\" \/>\t\t\t\t\t<span class=\"aig-gallery-hover\">\n\t\t\t\t\t\t\t\t\t\t\t<\/span>\n\t\t\t\t\t\t\t<\/div>\n\t\t\t\t\t\t\t\t<div class=\"qode-aig-image\">\n\t\t\t\t\t\t\t\t\t<img loading=\"lazy\" decoding=\"async\" width=\"960\" height=\"720\" src=\"https:\/\/discovergallura.it\/wp-content\/uploads\/2023\/02\/Isola-Rossa-Spiaggia-di-li-Femini_2.jpg\" class=\"attachment-full size-full\" alt=\"\" srcset=\"https:\/\/discovergallura.it\/wp-content\/uploads\/2023\/02\/Isola-Rossa-Spiaggia-di-li-Femini_2.jpg 960w, https:\/\/discovergallura.it\/wp-content\/uploads\/2023\/02\/Isola-Rossa-Spiaggia-di-li-Femini_2-300x225.jpg 300w, https:\/\/discovergallura.it\/wp-content\/uploads\/2023\/02\/Isola-Rossa-Spiaggia-di-li-Femini_2-768x576.jpg 768w, https:\/\/discovergallura.it\/wp-content\/uploads\/2023\/02\/Isola-Rossa-Spiaggia-di-li-Femini_2-800x600.jpg 800w, https:\/\/discovergallura.it\/wp-content\/uploads\/2023\/02\/Isola-Rossa-Spiaggia-di-li-Femini_2-700x525.jpg 700w\" sizes=\"auto, (max-width: 960px) 100vw, 960px\" \/>\t\t\t\t\t<span class=\"aig-gallery-hover\">\n\t\t\t\t\t\t\t\t\t\t\t<\/span>\n\t\t\t\t\t\t\t<\/div>\n\t\t\t\t\t\t\t\t<div class=\"qode-aig-image\">\n\t\t\t\t\t\t\t\t\t<img loading=\"lazy\" decoding=\"async\" width=\"1169\" height=\"742\" src=\"https:\/\/discovergallura.it\/wp-content\/uploads\/2023\/02\/Isola-Rossa2-volantino.jpg\" class=\"attachment-full size-full\" alt=\"\" srcset=\"https:\/\/discovergallura.it\/wp-content\/uploads\/2023\/02\/Isola-Rossa2-volantino.jpg 1169w, https:\/\/discovergallura.it\/wp-content\/uploads\/2023\/02\/Isola-Rossa2-volantino-300x190.jpg 300w, https:\/\/discovergallura.it\/wp-content\/uploads\/2023\/02\/Isola-Rossa2-volantino-1024x650.jpg 1024w, https:\/\/discovergallura.it\/wp-content\/uploads\/2023\/02\/Isola-Rossa2-volantino-768x487.jpg 768w, https:\/\/discovergallura.it\/wp-content\/uploads\/2023\/02\/Isola-Rossa2-volantino-700x444.jpg 700w\" sizes=\"auto, (max-width: 1169px) 100vw, 1169px\" \/>\t\t\t\t\t<span class=\"aig-gallery-hover\">\n\t\t\t\t\t\t\t\t\t\t\t<\/span>\n\t\t\t\t\t\t\t<\/div>\n\t\t\t\t\t\t\t\t<div class=\"qode-aig-image\">\n\t\t\t\t\t\t\t\t\t<img loading=\"lazy\" decoding=\"async\" width=\"1169\" height=\"742\" src=\"https:\/\/discovergallura.it\/wp-content\/uploads\/2023\/02\/Isola-Rossa3.jpg\" class=\"attachment-full size-full\" alt=\"\" srcset=\"https:\/\/discovergallura.it\/wp-content\/uploads\/2023\/02\/Isola-Rossa3.jpg 1169w, https:\/\/discovergallura.it\/wp-content\/uploads\/2023\/02\/Isola-Rossa3-300x190.jpg 300w, https:\/\/discovergallura.it\/wp-content\/uploads\/2023\/02\/Isola-Rossa3-1024x650.jpg 1024w, https:\/\/discovergallura.it\/wp-content\/uploads\/2023\/02\/Isola-Rossa3-768x487.jpg 768w, https:\/\/discovergallura.it\/wp-content\/uploads\/2023\/02\/Isola-Rossa3-700x444.jpg 700w\" sizes=\"auto, (max-width: 1169px) 100vw, 1169px\" \/>\t\t\t\t\t<span class=\"aig-gallery-hover\">\n\t\t\t\t\t\t\t\t\t\t\t<\/span>\n\t\t\t\t\t\t\t<\/div>\n\t\t\t\t\t\t\t\t<div class=\"qode-aig-image\">\n\t\t\t\t\t\t\t\t\t<img loading=\"lazy\" decoding=\"async\" width=\"1511\" height=\"990\" src=\"https:\/\/discovergallura.it\/wp-content\/uploads\/2023\/02\/Isola-Rossa-dalla-spiaggia.jpg\" class=\"attachment-full size-full\" alt=\"\" srcset=\"https:\/\/discovergallura.it\/wp-content\/uploads\/2023\/02\/Isola-Rossa-dalla-spiaggia.jpg 1511w, https:\/\/discovergallura.it\/wp-content\/uploads\/2023\/02\/Isola-Rossa-dalla-spiaggia-300x197.jpg 300w, https:\/\/discovergallura.it\/wp-content\/uploads\/2023\/02\/Isola-Rossa-dalla-spiaggia-1024x671.jpg 1024w, https:\/\/discovergallura.it\/wp-content\/uploads\/2023\/02\/Isola-Rossa-dalla-spiaggia-768x503.jpg 768w, https:\/\/discovergallura.it\/wp-content\/uploads\/2023\/02\/Isola-Rossa-dalla-spiaggia-700x459.jpg 700w\" sizes=\"auto, (max-width: 1511px) 100vw, 1511px\" \/>\t\t\t\t\t<span class=\"aig-gallery-hover\">\n\t\t\t\t\t\t\t\t\t\t\t<\/span>\n\t\t\t\t\t\t\t<\/div>\n\t\t\t\t\t\t<\/div>\n<\/div>[\/vc_column][\/vc_row]<\/p>\n<\/div>","protected":false},"excerpt":{"rendered":"<p>[vc_row css_animation=&#8220;&#8220; row_type=&#8220;row&#8220; use_row_as_full_screen_section=&#8220;no&#8220; type=&#8220;grid&#8220; angled_section=&#8220;no&#8220; text_align=&#8220;left&#8220; background_image_as_pattern=&#8220;without_pattern&#8220; z_index=&#8220;&#8220;][vc_column css=&#8220;.vc_custom_1674214152573{margin-top: 80px !important;}&#8220;][vc_row_inner row_type=&#8220;row&#8220; type=&#8220;full_width&#8220; text_align=&#8220;left&#8220; css_animation=&#8220;&#8220;][vc_column_inner width=&#8220;1\/2&#8243; css=&#8220;.vc_custom_1674212921568{margin-bottom: 110px !important;}&#8220;][vc_separator type=&#8220;small&#8220; position=&#8220;left&#8220; color=&#8220;#3390b9&#8243; thickness=&#8220;4&#8243; width=&#8220;50&#8243;][\/vc_column_inner][vc_column_inner width=&#8220;1\/2&#8243;][\/vc_column_inner][\/vc_row_inner][vc_row_inner row_type=&#8220;row&#8220; type=&#8220;full_width&#8220; text_align=&#8220;left&#8220; css_animation=&#8220;&#8220;][vc_column_inner width=&#8220;1\/2&#8243;][vc_single_image image=&#8220;3348&#8243; img_size=&#8220;full&#8220; qode_css_animation=&#8220;&#8220;][vc_empty_space][\/vc_column_inner][vc_column_inner width=&#8220;1\/2&#8243; css=&#8220;.vc_custom_1674212910857{margin-bottom: 80px !important;}&#8220;][vc_column_text] Wenige Kilometer von Costa Paradiso entfernt liegt&#8230;<\/p>\n","protected":false},"author":1,"featured_media":9385,"parent":9926,"menu_order":0,"comment_status":"closed","ping_status":"closed","template":"full_width.php","meta":{"inline_featured_image":false,"footnotes":""},"class_list":["post-9938","page","type-page","status-publish","has-post-thumbnail","hentry"],"_links":{"self":[{"href":"https:\/\/discovergallura.it\/de\/wp-json\/wp\/v2\/pages\/9938","targetHints":{"allow":["GET"]}}],"collection":[{"href":"https:\/\/discovergallura.it\/de\/wp-json\/wp\/v2\/pages"}],"about":[{"href":"https:\/\/discovergallura.it\/de\/wp-json\/wp\/v2\/types\/page"}],"author":[{"embeddable":true,"href":"https:\/\/discovergallura.it\/de\/wp-json\/wp\/v2\/users\/1"}],"replies":[{"embeddable":true,"href":"https:\/\/discovergallura.it\/de\/wp-json\/wp\/v2\/comments?post=9938"}],"version-history":[{"count":3,"href":"https:\/\/discovergallura.it\/de\/wp-json\/wp\/v2\/pages\/9938\/revisions"}],"predecessor-version":[{"id":9941,"href":"https:\/\/discovergallura.it\/de\/wp-json\/wp\/v2\/pages\/9938\/revisions\/9941"}],"up":[{"embeddable":true,"href":"https:\/\/discovergallura.it\/de\/wp-json\/wp\/v2\/pages\/9926"}],"wp:featuredmedia":[{"embeddable":true,"href":"https:\/\/discovergallura.it\/de\/wp-json\/wp\/v2\/media\/9385"}],"wp:attachment":[{"href":"https:\/\/discovergallura.it\/de\/wp-json\/wp\/v2\/media?parent=9938"}],"curies":[{"name":"wp","href":"https:\/\/api.w.org\/{rel}","templated":true}]}}