{"id":9946,"date":"2023-02-01T12:34:42","date_gmt":"2023-02-01T11:34:42","guid":{"rendered":"https:\/\/discovergallura.it\/trinita-dagultu-e-vignola\/costa-paradiso\/"},"modified":"2023-04-14T09:41:46","modified_gmt":"2023-04-14T07:41:46","slug":"costa-paradiso","status":"publish","type":"page","link":"https:\/\/discovergallura.it\/de\/destinazioni\/trinita-dagultu-e-vignola\/costa-paradiso\/","title":{"rendered":"Costa paradiso"},"content":{"rendered":"<div class=\"wpb-content-wrapper\"><p>[vc_row css_animation=&#8220;&#8220; row_type=&#8220;row&#8220; use_row_as_full_screen_section=&#8220;no&#8220; type=&#8220;grid&#8220; angled_section=&#8220;no&#8220; text_align=&#8220;left&#8220; background_image_as_pattern=&#8220;without_pattern&#8220; z_index=&#8220;&#8220;][vc_column css=&#8220;.vc_custom_1674214152573{margin-top: 80px !important;}&#8220;][vc_row_inner row_type=&#8220;row&#8220; type=&#8220;full_width&#8220; text_align=&#8220;left&#8220; css_animation=&#8220;&#8220;][vc_column_inner width=&#8220;1\/2&#8243; css=&#8220;.vc_custom_1674212921568{margin-bottom: 110px !important;}&#8220;][vc_separator type=&#8220;small&#8220; position=&#8220;left&#8220; color=&#8220;#3390b9&#8243; thickness=&#8220;4&#8243; width=&#8220;50&#8243;]<div class=\"custom_font_holder \" style=\"font-family: red hat display; font-style: normal; font-weight: 800; color: #3390b9; text-decoration: none; text-align: left; --qode-cf-font-size: 38px; --qode-cf-line-height: 39px; --qode-cf-font-size-1440: 38px; --qode-cf-line-height-1440: 39px; --qode-cf-font-size-1366: 38px; --qode-cf-line-height-1366: 39px; --qode-cf-font-size-1280: 38px; --qode-cf-line-height-1280: 39px; --qode-cf-font-size-1024: 38px; --qode-cf-line-height-1024: 39px; --qode-cf-font-size-768: 38px; --qode-cf-line-height-768: 39px; --qode-cf-font-size-680: 38px; --qode-cf-line-height-680: 39px; --qode-cf-font-size-480: 38px; --qode-cf-line-height-480: 39px;\">COSTA PARADISO<\/div>[\/vc_column_inner][vc_column_inner width=&#8220;1\/2&#8243;][\/vc_column_inner][\/vc_row_inner][vc_row_inner row_type=&#8220;row&#8220; type=&#8220;full_width&#8220; text_align=&#8220;left&#8220; css_animation=&#8220;&#8220;][vc_column_inner width=&#8220;1\/2&#8243;][vc_single_image image=&#8220;3336&#8243; img_size=&#8220;full&#8220; qode_css_animation=&#8220;&#8220;][vc_empty_space][\/vc_column_inner][vc_column_inner width=&#8220;1\/2&#8243; css=&#8220;.vc_custom_1674212910857{margin-bottom: 80px !important;}&#8220;][vc_column_text]<\/p>\n<p style=\"text-align: justify;\">Die Costa Paradiso im Norden Sardiniens ist, wie der Name schon sagt, ein unber\u00fchrtes Eden mit kristallklarem Wasser, Str\u00e4nden und atemberaubenden Aussichten. Ein ideales Ziel f\u00fcr einen Urlaub am Meer, mit Ausfl\u00fcgen ins Hinterland und in die Natur. Die K\u00fcste ist mit Buchten von seltener Sch\u00f6nheit gespickt, darunter <em>Spiaggia di li Cossi<\/em>.<\/p>\n<p>[\/vc_column_text][\/vc_column_inner][\/vc_row_inner][\/vc_column][\/vc_row][vc_row css_animation=&#8220;&#8220; row_type=&#8220;row&#8220; use_row_as_full_screen_section=&#8220;no&#8220; type=&#8220;grid&#8220; angled_section=&#8220;no&#8220; text_align=&#8220;left&#8220; background_image_as_pattern=&#8220;without_pattern&#8220; z_index=&#8220;&#8220;][vc_column width=&#8220;1\/6&#8243;][\/vc_column][vc_column width=&#8220;2\/3&#8243; css=&#8220;.vc_custom_1674141388895{margin-top: 80px !important;}&#8220; offset=&#8220;vc_hidden-sm vc_hidden-xs&#8220;]<div class=\"custom_font_holder \" style=\"font-family: EB garamond; font-style: italic; font-weight: 500; text-decoration: none; text-align: left; --qode-cf-font-size: 24px; --qode-cf-line-height: 28px; --qode-cf-font-size-1440: 24px; --qode-cf-line-height-1440: 28px; --qode-cf-font-size-1366: 24px; --qode-cf-line-height-1366: 28px; --qode-cf-font-size-1280: 24px; --qode-cf-line-height-1280: 28px; --qode-cf-font-size-1024: 24px; --qode-cf-line-height-1024: 28px; --qode-cf-font-size-768: 24px; --qode-cf-line-height-768: 28px; --qode-cf-font-size-680: 24px; --qode-cf-line-height-680: 28px; --qode-cf-font-size-480: 24px; --qode-cf-line-height-480: 28px;\">\n<p style=\"text-align: center;\"><span style=\"font-size: 24pt; line-height: 110%;\">Ein wahres Naturjuwel.<\/span><\/p>\n<\/div>[\/vc_column][vc_column width=&#8220;1\/6&#8243;][\/vc_column][\/vc_row][vc_row css_animation=&#8220;&#8220; row_type=&#8220;row&#8220; use_row_as_full_screen_section=&#8220;no&#8220; type=&#8220;full_width&#8220; angled_section=&#8220;no&#8220; text_align=&#8220;left&#8220; background_image_as_pattern=&#8220;without_pattern&#8220; z_index=&#8220;&#8220;][vc_column css=&#8220;.vc_custom_1675700943531{margin-top: 80px !important;margin-bottom: 120px !important;}&#8220;]<div class=\"qode-advanced-image-gallery  qode-aig-slider-type qode-tiny-space   \">\n\t<div class=\"qode-aig-slider qode-owl-slider\" data-number-of-items=\"1\" data-enable-loop=\"yes\" data-enable-autoplay=\"yes\" data-slider-speed=\"5000\" data-slider-speed-animation=\"600\" data-slider-padding=\"yes\" data-enable-navigation=\"yes\" data-enable-pagination=\"yes\">\n\t\t\t\t\t<div class=\"qode-aig-image\">\n\t\t\t\t\t\t\t\t\t<img loading=\"lazy\" decoding=\"async\" width=\"2048\" height=\"1536\" src=\"https:\/\/discovergallura.it\/wp-content\/uploads\/2023\/02\/Tramonto-Costa-Paradiso.jpg\" class=\"attachment-full size-full\" alt=\"\" srcset=\"https:\/\/discovergallura.it\/wp-content\/uploads\/2023\/02\/Tramonto-Costa-Paradiso.jpg 2048w, https:\/\/discovergallura.it\/wp-content\/uploads\/2023\/02\/Tramonto-Costa-Paradiso-300x225.jpg 300w, https:\/\/discovergallura.it\/wp-content\/uploads\/2023\/02\/Tramonto-Costa-Paradiso-1024x768.jpg 1024w, https:\/\/discovergallura.it\/wp-content\/uploads\/2023\/02\/Tramonto-Costa-Paradiso-768x576.jpg 768w, https:\/\/discovergallura.it\/wp-content\/uploads\/2023\/02\/Tramonto-Costa-Paradiso-1536x1152.jpg 1536w, https:\/\/discovergallura.it\/wp-content\/uploads\/2023\/02\/Tramonto-Costa-Paradiso-800x600.jpg 800w, https:\/\/discovergallura.it\/wp-content\/uploads\/2023\/02\/Tramonto-Costa-Paradiso-700x525.jpg 700w\" sizes=\"auto, (max-width: 2048px) 100vw, 2048px\" \/>\t\t\t\t\t<span class=\"aig-gallery-hover\">\n\t\t\t\t\t\t\t\t\t\t\t<\/span>\n\t\t\t\t\t\t\t<\/div>\n\t\t\t\t\t\t\t\t<div class=\"qode-aig-image\">\n\t\t\t\t\t\t\t\t\t<img loading=\"lazy\" decoding=\"async\" width=\"2048\" height=\"1152\" src=\"https:\/\/discovergallura.it\/wp-content\/uploads\/2023\/02\/Costa-Paradiso_5.jpg\" class=\"attachment-full size-full\" alt=\"\" srcset=\"https:\/\/discovergallura.it\/wp-content\/uploads\/2023\/02\/Costa-Paradiso_5.jpg 2048w, https:\/\/discovergallura.it\/wp-content\/uploads\/2023\/02\/Costa-Paradiso_5-300x169.jpg 300w, https:\/\/discovergallura.it\/wp-content\/uploads\/2023\/02\/Costa-Paradiso_5-1024x576.jpg 1024w, https:\/\/discovergallura.it\/wp-content\/uploads\/2023\/02\/Costa-Paradiso_5-768x432.jpg 768w, https:\/\/discovergallura.it\/wp-content\/uploads\/2023\/02\/Costa-Paradiso_5-1536x864.jpg 1536w, https:\/\/discovergallura.it\/wp-content\/uploads\/2023\/02\/Costa-Paradiso_5-700x394.jpg 700w, https:\/\/discovergallura.it\/wp-content\/uploads\/2023\/02\/Costa-Paradiso_5-539x303.jpg 539w\" sizes=\"auto, (max-width: 2048px) 100vw, 2048px\" \/>\t\t\t\t\t<span class=\"aig-gallery-hover\">\n\t\t\t\t\t\t\t\t\t\t\t<\/span>\n\t\t\t\t\t\t\t<\/div>\n\t\t\t\t\t\t\t\t<div class=\"qode-aig-image\">\n\t\t\t\t\t\t\t\t\t<img loading=\"lazy\" decoding=\"async\" width=\"1429\" height=\"949\" src=\"https:\/\/discovergallura.it\/wp-content\/uploads\/2023\/02\/Costa-Paradiso.jpg\" class=\"attachment-full size-full\" alt=\"\" srcset=\"https:\/\/discovergallura.it\/wp-content\/uploads\/2023\/02\/Costa-Paradiso.jpg 1429w, https:\/\/discovergallura.it\/wp-content\/uploads\/2023\/02\/Costa-Paradiso-300x199.jpg 300w, https:\/\/discovergallura.it\/wp-content\/uploads\/2023\/02\/Costa-Paradiso-1024x680.jpg 1024w, https:\/\/discovergallura.it\/wp-content\/uploads\/2023\/02\/Costa-Paradiso-768x510.jpg 768w, https:\/\/discovergallura.it\/wp-content\/uploads\/2023\/02\/Costa-Paradiso-700x465.jpg 700w\" sizes=\"auto, (max-width: 1429px) 100vw, 1429px\" \/>\t\t\t\t\t<span class=\"aig-gallery-hover\">\n\t\t\t\t\t\t\t\t\t\t\t<\/span>\n\t\t\t\t\t\t\t<\/div>\n\t\t\t\t\t\t\t\t<div class=\"qode-aig-image\">\n\t\t\t\t\t\t\t\t\t<img loading=\"lazy\" decoding=\"async\" width=\"1429\" height=\"949\" src=\"https:\/\/discovergallura.it\/wp-content\/uploads\/2023\/02\/Spiaggia-Li-Cossi-Costa-Paradiso.jpg\" class=\"attachment-full size-full\" alt=\"\" srcset=\"https:\/\/discovergallura.it\/wp-content\/uploads\/2023\/02\/Spiaggia-Li-Cossi-Costa-Paradiso.jpg 1429w, https:\/\/discovergallura.it\/wp-content\/uploads\/2023\/02\/Spiaggia-Li-Cossi-Costa-Paradiso-300x199.jpg 300w, https:\/\/discovergallura.it\/wp-content\/uploads\/2023\/02\/Spiaggia-Li-Cossi-Costa-Paradiso-1024x680.jpg 1024w, https:\/\/discovergallura.it\/wp-content\/uploads\/2023\/02\/Spiaggia-Li-Cossi-Costa-Paradiso-768x510.jpg 768w, https:\/\/discovergallura.it\/wp-content\/uploads\/2023\/02\/Spiaggia-Li-Cossi-Costa-Paradiso-700x465.jpg 700w\" sizes=\"auto, (max-width: 1429px) 100vw, 1429px\" \/>\t\t\t\t\t<span class=\"aig-gallery-hover\">\n\t\t\t\t\t\t\t\t\t\t\t<\/span>\n\t\t\t\t\t\t\t<\/div>\n\t\t\t\t\t\t\t\t<div class=\"qode-aig-image\">\n\t\t\t\t\t\t\t\t\t<img loading=\"lazy\" decoding=\"async\" width=\"1200\" height=\"800\" src=\"https:\/\/discovergallura.it\/wp-content\/uploads\/2023\/02\/Stairway-Costa-Paradiso-Sardinia.jpeg\" class=\"attachment-full size-full\" alt=\"\" srcset=\"https:\/\/discovergallura.it\/wp-content\/uploads\/2023\/02\/Stairway-Costa-Paradiso-Sardinia.jpeg 1200w, https:\/\/discovergallura.it\/wp-content\/uploads\/2023\/02\/Stairway-Costa-Paradiso-Sardinia-300x200.jpeg 300w, https:\/\/discovergallura.it\/wp-content\/uploads\/2023\/02\/Stairway-Costa-Paradiso-Sardinia-1024x683.jpeg 1024w, https:\/\/discovergallura.it\/wp-content\/uploads\/2023\/02\/Stairway-Costa-Paradiso-Sardinia-768x512.jpeg 768w, https:\/\/discovergallura.it\/wp-content\/uploads\/2023\/02\/Stairway-Costa-Paradiso-Sardinia-700x467.jpeg 700w\" sizes=\"auto, (max-width: 1200px) 100vw, 1200px\" \/>\t\t\t\t\t<span class=\"aig-gallery-hover\">\n\t\t\t\t\t\t\t\t\t\t\t<\/span>\n\t\t\t\t\t\t\t<\/div>\n\t\t\t\t\t\t<\/div>\n<\/div>[\/vc_column][\/vc_row]<\/p>\n<\/div>","protected":false},"excerpt":{"rendered":"<p>[vc_row css_animation=&#8220;&#8220; row_type=&#8220;row&#8220; use_row_as_full_screen_section=&#8220;no&#8220; type=&#8220;grid&#8220; angled_section=&#8220;no&#8220; text_align=&#8220;left&#8220; background_image_as_pattern=&#8220;without_pattern&#8220; z_index=&#8220;&#8220;][vc_column css=&#8220;.vc_custom_1674214152573{margin-top: 80px !important;}&#8220;][vc_row_inner row_type=&#8220;row&#8220; type=&#8220;full_width&#8220; text_align=&#8220;left&#8220; css_animation=&#8220;&#8220;][vc_column_inner width=&#8220;1\/2&#8243; css=&#8220;.vc_custom_1674212921568{margin-bottom: 110px !important;}&#8220;][vc_separator type=&#8220;small&#8220; position=&#8220;left&#8220; color=&#8220;#3390b9&#8243; thickness=&#8220;4&#8243; width=&#8220;50&#8243;][\/vc_column_inner][vc_column_inner width=&#8220;1\/2&#8243;][\/vc_column_inner][\/vc_row_inner][vc_row_inner row_type=&#8220;row&#8220; type=&#8220;full_width&#8220; text_align=&#8220;left&#8220; css_animation=&#8220;&#8220;][vc_column_inner width=&#8220;1\/2&#8243;][vc_single_image image=&#8220;3336&#8243; img_size=&#8220;full&#8220; qode_css_animation=&#8220;&#8220;][vc_empty_space][\/vc_column_inner][vc_column_inner width=&#8220;1\/2&#8243; css=&#8220;.vc_custom_1674212910857{margin-bottom: 80px !important;}&#8220;][vc_column_text] Die Costa Paradiso im Norden Sardiniens ist,&#8230;<\/p>\n","protected":false},"author":1,"featured_media":9379,"parent":9926,"menu_order":0,"comment_status":"closed","ping_status":"closed","template":"full_width.php","meta":{"inline_featured_image":false,"footnotes":""},"class_list":["post-9946","page","type-page","status-publish","has-post-thumbnail","hentry"],"_links":{"self":[{"href":"https:\/\/discovergallura.it\/de\/wp-json\/wp\/v2\/pages\/9946","targetHints":{"allow":["GET"]}}],"collection":[{"href":"https:\/\/discovergallura.it\/de\/wp-json\/wp\/v2\/pages"}],"about":[{"href":"https:\/\/discovergallura.it\/de\/wp-json\/wp\/v2\/types\/page"}],"author":[{"embeddable":true,"href":"https:\/\/discovergallura.it\/de\/wp-json\/wp\/v2\/users\/1"}],"replies":[{"embeddable":true,"href":"https:\/\/discovergallura.it\/de\/wp-json\/wp\/v2\/comments?post=9946"}],"version-history":[{"count":3,"href":"https:\/\/discovergallura.it\/de\/wp-json\/wp\/v2\/pages\/9946\/revisions"}],"predecessor-version":[{"id":9949,"href":"https:\/\/discovergallura.it\/de\/wp-json\/wp\/v2\/pages\/9946\/revisions\/9949"}],"up":[{"embeddable":true,"href":"https:\/\/discovergallura.it\/de\/wp-json\/wp\/v2\/pages\/9926"}],"wp:featuredmedia":[{"embeddable":true,"href":"https:\/\/discovergallura.it\/de\/wp-json\/wp\/v2\/media\/9379"}],"wp:attachment":[{"href":"https:\/\/discovergallura.it\/de\/wp-json\/wp\/v2\/media?parent=9946"}],"curies":[{"name":"wp","href":"https:\/\/api.w.org\/{rel}","templated":true}]}}