{"id":9950,"date":"2023-01-30T11:37:27","date_gmt":"2023-01-30T10:37:27","guid":{"rendered":"https:\/\/discovergallura.it\/viddalba\/"},"modified":"2023-06-14T16:47:40","modified_gmt":"2023-06-14T14:47:40","slug":"viddalba","status":"publish","type":"page","link":"https:\/\/discovergallura.it\/de\/destinazioni\/viddalba\/","title":{"rendered":"Viddalba"},"content":{"rendered":"<div class=\"wpb-content-wrapper\"><p>[vc_row css_animation=&#8220;&#8220; row_type=&#8220;row&#8220; use_row_as_full_screen_section=&#8220;no&#8220; type=&#8220;grid&#8220; angled_section=&#8220;no&#8220; text_align=&#8220;left&#8220; background_image_as_pattern=&#8220;without_pattern&#8220; z_index=&#8220;&#8220; css=&#8220;.vc_custom_1674661411193{margin-top: 80px !important;}&#8220;][vc_column][vc_row_inner row_type=&#8220;row&#8220; type=&#8220;full_width&#8220; text_align=&#8220;left&#8220; css_animation=&#8220;&#8220;][vc_column_inner css=&#8220;.vc_custom_1676372490617{margin-left: 40px !important;}&#8220; offset=&#8220;vc_hidden-lg vc_hidden-md vc_col-xs-4\/5&#8243;][vc_single_image image=&#8220;3173&#8243; img_size=&#8220;full&#8220; alignment=&#8220;center&#8220; qode_css_animation=&#8220;&#8220;][\/vc_column_inner][\/vc_row_inner][vc_row_inner row_type=&#8220;row&#8220; type=&#8220;full_width&#8220; text_align=&#8220;left&#8220; css_animation=&#8220;&#8220;][vc_column_inner width=&#8220;1\/3&#8243; css=&#8220;.vc_custom_1676372505105{margin-top: 30px !important;}&#8220; offset=&#8220;vc_hidden-sm vc_hidden-xs&#8220;][vc_single_image image=&#8220;3173&#8243; img_size=&#8220;300&#215;500&#8243; alignment=&#8220;center&#8220; qode_css_animation=&#8220;&#8220;][\/vc_column_inner][vc_column_inner width=&#8220;2\/3&#8243; css=&#8220;.vc_custom_1674663485947{margin-top: 30px !important;padding-left: 10% !important;}&#8220;]<div class=\"custom_font_holder \" style=\"font-family: red hat display; font-style: normal; font-weight: 800; color: #282828; text-decoration: none; text-align: center; --qode-cf-font-size: 38px; --qode-cf-line-height: 39px; --qode-cf-font-size-1440: 38px; --qode-cf-line-height-1440: 39px; --qode-cf-font-size-1366: 38px; --qode-cf-line-height-1366: 39px; --qode-cf-font-size-1280: 38px; --qode-cf-line-height-1280: 39px; --qode-cf-font-size-1024: 38px; --qode-cf-line-height-1024: 39px; --qode-cf-font-size-768: 38px; --qode-cf-line-height-768: 39px; --qode-cf-font-size-680: 38px; --qode-cf-line-height-680: 39px; --qode-cf-font-size-480: 38px; --qode-cf-line-height-480: 39px;\">VIDDALBA<\/div>[vc_empty_space height=&#8220;15px&#8220;]<div class=\"custom_font_holder \" style=\"font-family: EB garamond; font-style: italic; font-weight: 500; text-decoration: none; text-align: left; --qode-cf-font-size: 25px; --qode-cf-line-height: 26px; --qode-cf-font-size-1440: 25px; --qode-cf-line-height-1440: 26px; --qode-cf-font-size-1366: 25px; --qode-cf-line-height-1366: 26px; --qode-cf-font-size-1280: 25px; --qode-cf-line-height-1280: 26px; --qode-cf-font-size-1024: 25px; --qode-cf-line-height-1024: 26px; --qode-cf-font-size-768: 25px; --qode-cf-line-height-768: 26px; --qode-cf-font-size-680: 25px; --qode-cf-line-height-680: 26px; --qode-cf-font-size-480: 25px; --qode-cf-line-height-480: 26px;\">\n<p style=\"text-align: center;\"><span style=\"font-size: 24pt; line-height: 110%;\">Ein Ziel f\u00fcr Aktivurlaub, Wellness, Natur und Arch\u00e4ologie.<\/span><\/p>\n<\/div>[vc_empty_space][vc_column_text]<\/p>\n<p style=\"text-align: justify;\">Viddalba ist ein Ort mit 1.700 Einwohnern, mit gallurischer Sprache und Traditionen, etwas s\u00fcdlich von Badesi und nur wenige Minuten von den sch\u00f6nen Str\u00e4nden des Golfs von Asinara entfernt, der das ganze Jahr \u00fcber ein beliebtes Ziel f\u00fcr Segler, Windsurfer und Kitesurfer ist. Urspr\u00fcnglich lebte das Dorf von der Landwirtschaft, heute kommen noch der Tourismus und das Kunsthandwerk hinzu. In Viddalba werden Feste und Feiern von traditionellen Rhythmen und Trachten begleitet, eine Gelegenheit, Suppe, Fleisch, K\u00e4se und Wein aus der Gallura zu kosten.<\/p>\n<p>[\/vc_column_text][vc_empty_space][\/vc_column_inner][\/vc_row_inner][\/vc_column][\/vc_row][vc_row css_animation=&#8220;&#8220; row_type=&#8220;row&#8220; use_row_as_full_screen_section=&#8220;no&#8220; type=&#8220;full_width&#8220; angled_section=&#8220;no&#8220; text_align=&#8220;left&#8220; background_image_as_pattern=&#8220;without_pattern&#8220; z_index=&#8220;&#8220; css=&#8220;.vc_custom_1675855831887{margin-top: 80px !important;}&#8220;][vc_column]<div class=\"qode-advanced-image-gallery  qode-aig-slider-type qode-no-space   \">\n\t<div class=\"qode-aig-slider qode-owl-slider\" data-number-of-items=\"1\" data-enable-loop=\"yes\" data-enable-autoplay=\"yes\" data-slider-speed=\"5000\" data-slider-speed-animation=\"600\" data-slider-padding=\"yes\" data-enable-navigation=\"yes\" data-enable-pagination=\"yes\">\n\t\t\t\t\t<div class=\"qode-aig-image\">\n\t\t\t\t\t\t\t\t\t<img loading=\"lazy\" decoding=\"async\" width=\"995\" height=\"768\" src=\"https:\/\/discovergallura.it\/wp-content\/uploads\/2023\/01\/Viddalba-2.jpeg\" class=\"attachment-full size-full\" alt=\"\" srcset=\"https:\/\/discovergallura.it\/wp-content\/uploads\/2023\/01\/Viddalba-2.jpeg 995w, https:\/\/discovergallura.it\/wp-content\/uploads\/2023\/01\/Viddalba-2-300x232.jpeg 300w, https:\/\/discovergallura.it\/wp-content\/uploads\/2023\/01\/Viddalba-2-768x593.jpeg 768w, https:\/\/discovergallura.it\/wp-content\/uploads\/2023\/01\/Viddalba-2-700x540.jpeg 700w\" sizes=\"auto, (max-width: 995px) 100vw, 995px\" \/>\t\t\t\t\t<span class=\"aig-gallery-hover\">\n\t\t\t\t\t\t\t\t\t\t\t<\/span>\n\t\t\t\t\t\t\t<\/div>\n\t\t\t\t\t\t\t\t<div class=\"qode-aig-image\">\n\t\t\t\t\t\t\t\t\t<img loading=\"lazy\" decoding=\"async\" width=\"1152\" height=\"768\" src=\"https:\/\/discovergallura.it\/wp-content\/uploads\/2023\/01\/Viddalba-6.jpeg\" class=\"attachment-full size-full\" alt=\"\" srcset=\"https:\/\/discovergallura.it\/wp-content\/uploads\/2023\/01\/Viddalba-6.jpeg 1152w, https:\/\/discovergallura.it\/wp-content\/uploads\/2023\/01\/Viddalba-6-300x200.jpeg 300w, https:\/\/discovergallura.it\/wp-content\/uploads\/2023\/01\/Viddalba-6-1024x683.jpeg 1024w, https:\/\/discovergallura.it\/wp-content\/uploads\/2023\/01\/Viddalba-6-768x512.jpeg 768w, https:\/\/discovergallura.it\/wp-content\/uploads\/2023\/01\/Viddalba-6-700x467.jpeg 700w\" sizes=\"auto, (max-width: 1152px) 100vw, 1152px\" \/>\t\t\t\t\t<span class=\"aig-gallery-hover\">\n\t\t\t\t\t\t\t\t\t\t\t<\/span>\n\t\t\t\t\t\t\t<\/div>\n\t\t\t\t\t\t\t\t<div class=\"qode-aig-image\">\n\t\t\t\t\t\t\t\t\t<img loading=\"lazy\" decoding=\"async\" width=\"1121\" height=\"746\" src=\"https:\/\/discovergallura.it\/wp-content\/uploads\/2023\/01\/Viddalba-5.jpeg\" class=\"attachment-full size-full\" alt=\"\" srcset=\"https:\/\/discovergallura.it\/wp-content\/uploads\/2023\/01\/Viddalba-5.jpeg 1121w, https:\/\/discovergallura.it\/wp-content\/uploads\/2023\/01\/Viddalba-5-300x200.jpeg 300w, https:\/\/discovergallura.it\/wp-content\/uploads\/2023\/01\/Viddalba-5-1024x681.jpeg 1024w, https:\/\/discovergallura.it\/wp-content\/uploads\/2023\/01\/Viddalba-5-768x511.jpeg 768w, https:\/\/discovergallura.it\/wp-content\/uploads\/2023\/01\/Viddalba-5-700x466.jpeg 700w\" sizes=\"auto, (max-width: 1121px) 100vw, 1121px\" \/>\t\t\t\t\t<span class=\"aig-gallery-hover\">\n\t\t\t\t\t\t\t\t\t\t\t<\/span>\n\t\t\t\t\t\t\t<\/div>\n\t\t\t\t\t\t\t\t<div class=\"qode-aig-image\">\n\t\t\t\t\t\t\t\t\t<img loading=\"lazy\" decoding=\"async\" width=\"1280\" height=\"768\" src=\"https:\/\/discovergallura.it\/wp-content\/uploads\/2023\/01\/Viddalba-7.jpeg\" class=\"attachment-full size-full\" alt=\"\" srcset=\"https:\/\/discovergallura.it\/wp-content\/uploads\/2023\/01\/Viddalba-7.jpeg 1280w, https:\/\/discovergallura.it\/wp-content\/uploads\/2023\/01\/Viddalba-7-300x180.jpeg 300w, https:\/\/discovergallura.it\/wp-content\/uploads\/2023\/01\/Viddalba-7-1024x614.jpeg 1024w, https:\/\/discovergallura.it\/wp-content\/uploads\/2023\/01\/Viddalba-7-768x461.jpeg 768w, https:\/\/discovergallura.it\/wp-content\/uploads\/2023\/01\/Viddalba-7-700x420.jpeg 700w\" sizes=\"auto, (max-width: 1280px) 100vw, 1280px\" \/>\t\t\t\t\t<span class=\"aig-gallery-hover\">\n\t\t\t\t\t\t\t\t\t\t\t<\/span>\n\t\t\t\t\t\t\t<\/div>\n\t\t\t\t\t\t\t\t<div class=\"qode-aig-image\">\n\t\t\t\t\t\t\t\t\t<img loading=\"lazy\" decoding=\"async\" width=\"1152\" height=\"768\" src=\"https:\/\/discovergallura.it\/wp-content\/uploads\/2023\/01\/Viddalba.jpeg\" class=\"attachment-full size-full\" alt=\"\" srcset=\"https:\/\/discovergallura.it\/wp-content\/uploads\/2023\/01\/Viddalba.jpeg 1152w, https:\/\/discovergallura.it\/wp-content\/uploads\/2023\/01\/Viddalba-300x200.jpeg 300w, https:\/\/discovergallura.it\/wp-content\/uploads\/2023\/01\/Viddalba-1024x683.jpeg 1024w, https:\/\/discovergallura.it\/wp-content\/uploads\/2023\/01\/Viddalba-768x512.jpeg 768w, https:\/\/discovergallura.it\/wp-content\/uploads\/2023\/01\/Viddalba-700x467.jpeg 700w\" sizes=\"auto, (max-width: 1152px) 100vw, 1152px\" \/>\t\t\t\t\t<span class=\"aig-gallery-hover\">\n\t\t\t\t\t\t\t\t\t\t\t<\/span>\n\t\t\t\t\t\t\t<\/div>\n\t\t\t\t\t\t\t\t<div class=\"qode-aig-image\">\n\t\t\t\t\t\t\t\t\t<img loading=\"lazy\" decoding=\"async\" width=\"1280\" height=\"720\" src=\"https:\/\/discovergallura.it\/wp-content\/uploads\/2023\/01\/Viddalba-4.jpeg\" class=\"attachment-full size-full\" alt=\"\" srcset=\"https:\/\/discovergallura.it\/wp-content\/uploads\/2023\/01\/Viddalba-4.jpeg 1280w, https:\/\/discovergallura.it\/wp-content\/uploads\/2023\/01\/Viddalba-4-300x169.jpeg 300w, https:\/\/discovergallura.it\/wp-content\/uploads\/2023\/01\/Viddalba-4-1024x576.jpeg 1024w, https:\/\/discovergallura.it\/wp-content\/uploads\/2023\/01\/Viddalba-4-768x432.jpeg 768w, https:\/\/discovergallura.it\/wp-content\/uploads\/2023\/01\/Viddalba-4-700x394.jpeg 700w, https:\/\/discovergallura.it\/wp-content\/uploads\/2023\/01\/Viddalba-4-539x303.jpeg 539w\" sizes=\"auto, (max-width: 1280px) 100vw, 1280px\" \/>\t\t\t\t\t<span class=\"aig-gallery-hover\">\n\t\t\t\t\t\t\t\t\t\t\t<\/span>\n\t\t\t\t\t\t\t<\/div>\n\t\t\t\t\t\t\t\t<div class=\"qode-aig-image\">\n\t\t\t\t\t\t\t\t\t<img loading=\"lazy\" decoding=\"async\" width=\"1151\" height=\"768\" src=\"https:\/\/discovergallura.it\/wp-content\/uploads\/2023\/01\/Viddalba-3.jpeg\" class=\"attachment-full size-full\" alt=\"\" srcset=\"https:\/\/discovergallura.it\/wp-content\/uploads\/2023\/01\/Viddalba-3.jpeg 1151w, https:\/\/discovergallura.it\/wp-content\/uploads\/2023\/01\/Viddalba-3-300x200.jpeg 300w, https:\/\/discovergallura.it\/wp-content\/uploads\/2023\/01\/Viddalba-3-1024x683.jpeg 1024w, https:\/\/discovergallura.it\/wp-content\/uploads\/2023\/01\/Viddalba-3-768x512.jpeg 768w, https:\/\/discovergallura.it\/wp-content\/uploads\/2023\/01\/Viddalba-3-700x467.jpeg 700w\" sizes=\"auto, (max-width: 1151px) 100vw, 1151px\" \/>\t\t\t\t\t<span class=\"aig-gallery-hover\">\n\t\t\t\t\t\t\t\t\t\t\t<\/span>\n\t\t\t\t\t\t\t<\/div>\n\t\t\t\t\t\t<\/div>\n<\/div>[\/vc_column][\/vc_row][vc_row css_animation=&#8220;&#8220; row_type=&#8220;row&#8220; use_row_as_full_screen_section=&#8220;no&#8220; type=&#8220;full_width&#8220; angled_section=&#8220;no&#8220; text_align=&#8220;left&#8220; background_image_as_pattern=&#8220;without_pattern&#8220; css=&#8220;.vc_custom_1674747267755{margin-top: 80px !important;margin-bottom: 80px !important;padding-right: 10% !important;padding-left: 10% !important;}&#8220; z_index=&#8220;&#8220;][vc_column][vc_tabs style=&#8220;boxed&#8220;][vc_tab title=&#8220;Was Sie unternehmen k\u00f6nnen&#8220; tab_id=&#8220;65a6b522-005a-8&#8243;][vc_row_inner row_type=&#8220;row&#8220; type=&#8220;full_width&#8220; text_align=&#8220;left&#8220; css_animation=&#8220;&#8220; css=&#8220;.vc_custom_1674751838341{margin-top: 50px !important;}&#8220;][vc_column_inner width=&#8220;1\/2&#8243;]<div class=\"custom_font_holder \" style=\"font-family: EB garamond; font-style: italic; font-weight: 500; text-decoration: none; text-align: left; --qode-cf-font-size: 25px; --qode-cf-line-height: 26px; --qode-cf-font-size-1440: 25px; --qode-cf-line-height-1440: 26px; --qode-cf-font-size-1366: 25px; --qode-cf-line-height-1366: 26px; --qode-cf-font-size-1280: 25px; --qode-cf-line-height-1280: 26px; --qode-cf-font-size-1024: 25px; --qode-cf-line-height-1024: 26px; --qode-cf-font-size-768: 25px; --qode-cf-line-height-768: 26px; --qode-cf-font-size-680: 25px; --qode-cf-line-height-680: 26px; --qode-cf-font-size-480: 25px; --qode-cf-line-height-480: 26px;\">\n<p style=\"text-align: left;\"><span style=\"font-size: 24pt; line-height: 110%;\">Nur wenige Minuten vom Meer entfernt, bietet das Gebiet zahlreiche Voraussetzungen f\u00fcr einen wunderbaren Urlaub: Wellness, sportliche Aktivit\u00e4ten, Natur, Arch\u00e4ologie, Tradition und gutes Essen. <\/span><\/p>\n<\/div>[vc_empty_space][\/vc_column_inner][vc_column_inner width=&#8220;1\/2&#8243;][vc_column_text]<\/p>\n<p style=\"text-align: justify;\">Liebhabern von Trekkingtouren und Reitausfl\u00fcgen stehen inmitten mediterraner D\u00fcfte faszinierende Landwege in den Stazzi und auf den an das Gebiet angrenzenden H\u00f6hen zur Verf\u00fcgung.<br \/>\nDer Monte Ruiu und der Monte San Gavino sind ein Paradies f\u00fcr Gleitschirmflieger und Kletterer, denen zwanzig \u201eKletterg\u00e4rten\u201c zur Verf\u00fcgung stehen.<br \/>\nViddalba ist ideal f\u00fcr Sportangler und ein Ziel f\u00fcr Kajakfahrer und Vogelbeobachter.<\/p>\n<p>[\/vc_column_text][\/vc_column_inner][\/vc_row_inner][vc_empty_space]<div class=\"qode-advanced-image-gallery  qode-aig-grid-type qode-tiny-space  qode-image-behavior-lightbox \">\n\t<div class=\"qode-aig-inner qode-outer-space qode-aig-grid qode-aig-five-columns\">\n\t\t\t\t\t<div class=\"qode-aig-image qode-item-space\">\n\t\t\t\t<div class=\"qode-aig-image-inner\">\n\t\t\t\t\t\t\t\t\t\t\t<a itemprop=\"image\" class=\"qode-aig-lightbox\" href=\"https:\/\/discovergallura.it\/wp-content\/uploads\/2023\/01\/Viddalba.jpeg\" data-rel=\"prettyPhoto[image_gallery_pretty_photo-103]\" title=\"Viddalba\">\n\t\t\t\t\t\t\t\t\t\t\t<img loading=\"lazy\" decoding=\"async\" src=\"https:\/\/discovergallura.it\/wp-content\/uploads\/2023\/01\/Viddalba-500x500.jpeg\" alt=\"\" width=\"500\" height=\"500\" \/>\t\t\t\t\t\t<span class=\"aig-gallery-hover\">\n\t\t\t\t\t\t\t\t\t\t\t\t\t\t\t<span class=\"icon-arrows-plus\"><\/span> \n\t\t\t\t\t\t\t\t\t\t\t\t\t<\/span>\n\t\t\t\t\t\t\t\t\t\t\t<\/a>\n\t\t\t\t\t\t\t\t\t<\/div>\n\t\t\t<\/div>\n\t\t\t\t\t\t\t\t<div class=\"qode-aig-image qode-item-space\">\n\t\t\t\t<div class=\"qode-aig-image-inner\">\n\t\t\t\t\t\t\t\t\t\t\t<a itemprop=\"image\" class=\"qode-aig-lightbox\" href=\"https:\/\/discovergallura.it\/wp-content\/uploads\/2023\/01\/Viddalba-7.jpeg\" data-rel=\"prettyPhoto[image_gallery_pretty_photo-103]\" title=\"Viddalba (7)\">\n\t\t\t\t\t\t\t\t\t\t\t<img loading=\"lazy\" decoding=\"async\" src=\"https:\/\/discovergallura.it\/wp-content\/uploads\/2023\/01\/Viddalba-7-500x500.jpeg\" alt=\"\" width=\"500\" height=\"500\" \/>\t\t\t\t\t\t<span class=\"aig-gallery-hover\">\n\t\t\t\t\t\t\t\t\t\t\t\t\t\t\t<span class=\"icon-arrows-plus\"><\/span> \n\t\t\t\t\t\t\t\t\t\t\t\t\t<\/span>\n\t\t\t\t\t\t\t\t\t\t\t<\/a>\n\t\t\t\t\t\t\t\t\t<\/div>\n\t\t\t<\/div>\n\t\t\t\t\t\t\t\t<div class=\"qode-aig-image qode-item-space\">\n\t\t\t\t<div class=\"qode-aig-image-inner\">\n\t\t\t\t\t\t\t\t\t\t\t<a itemprop=\"image\" class=\"qode-aig-lightbox\" href=\"https:\/\/discovergallura.it\/wp-content\/uploads\/2023\/01\/Viddalba-3.jpeg\" data-rel=\"prettyPhoto[image_gallery_pretty_photo-103]\" title=\"Viddalba (3)\">\n\t\t\t\t\t\t\t\t\t\t\t<img loading=\"lazy\" decoding=\"async\" src=\"https:\/\/discovergallura.it\/wp-content\/uploads\/2023\/01\/Viddalba-3-500x500.jpeg\" alt=\"\" width=\"500\" height=\"500\" \/>\t\t\t\t\t\t<span class=\"aig-gallery-hover\">\n\t\t\t\t\t\t\t\t\t\t\t\t\t\t\t<span class=\"icon-arrows-plus\"><\/span> \n\t\t\t\t\t\t\t\t\t\t\t\t\t<\/span>\n\t\t\t\t\t\t\t\t\t\t\t<\/a>\n\t\t\t\t\t\t\t\t\t<\/div>\n\t\t\t<\/div>\n\t\t\t\t\t\t\t\t<div class=\"qode-aig-image qode-item-space\">\n\t\t\t\t<div class=\"qode-aig-image-inner\">\n\t\t\t\t\t\t\t\t\t\t\t<a itemprop=\"image\" class=\"qode-aig-lightbox\" href=\"https:\/\/discovergallura.it\/wp-content\/uploads\/2023\/01\/Viddalba-cosa-fare-2.jpeg\" data-rel=\"prettyPhoto[image_gallery_pretty_photo-103]\" title=\"Viddalba-cosa-fare (2)\">\n\t\t\t\t\t\t\t\t\t\t\t<img loading=\"lazy\" decoding=\"async\" src=\"https:\/\/discovergallura.it\/wp-content\/uploads\/2023\/01\/Viddalba-cosa-fare-2-500x500.jpeg\" alt=\"\" width=\"500\" height=\"500\" \/>\t\t\t\t\t\t<span class=\"aig-gallery-hover\">\n\t\t\t\t\t\t\t\t\t\t\t\t\t\t\t<span class=\"icon-arrows-plus\"><\/span> \n\t\t\t\t\t\t\t\t\t\t\t\t\t<\/span>\n\t\t\t\t\t\t\t\t\t\t\t<\/a>\n\t\t\t\t\t\t\t\t\t<\/div>\n\t\t\t<\/div>\n\t\t\t\t\t\t\t\t<div class=\"qode-aig-image qode-item-space\">\n\t\t\t\t<div class=\"qode-aig-image-inner\">\n\t\t\t\t\t\t\t\t\t\t\t<a itemprop=\"image\" class=\"qode-aig-lightbox\" href=\"https:\/\/discovergallura.it\/wp-content\/uploads\/2023\/01\/Viddalba-cosa-fare.jpeg\" data-rel=\"prettyPhoto[image_gallery_pretty_photo-103]\" title=\"Viddalba-cosa-fare\">\n\t\t\t\t\t\t\t\t\t\t\t<img loading=\"lazy\" decoding=\"async\" src=\"https:\/\/discovergallura.it\/wp-content\/uploads\/2023\/01\/Viddalba-cosa-fare-500x500.jpeg\" alt=\"\" width=\"500\" height=\"500\" \/>\t\t\t\t\t\t<span class=\"aig-gallery-hover\">\n\t\t\t\t\t\t\t\t\t\t\t\t\t\t\t<span class=\"icon-arrows-plus\"><\/span> \n\t\t\t\t\t\t\t\t\t\t\t\t\t<\/span>\n\t\t\t\t\t\t\t\t\t\t\t<\/a>\n\t\t\t\t\t\t\t\t\t<\/div>\n\t\t\t<\/div>\n\t\t\t\t\t\t<\/div>\n<\/div>[\/vc_tab][vc_tab title=&#8220;Was es zu sehen gibt&#8220; tab_id=&#8220;0311754d-ad29-4&#8243;][vc_row_inner row_type=&#8220;row&#8220; type=&#8220;full_width&#8220; text_align=&#8220;left&#8220; css_animation=&#8220;&#8220; css=&#8220;.vc_custom_1674750537357{margin-top: 50px !important;}&#8220;][vc_column_inner width=&#8220;1\/3&#8243; offset=&#8220;vc_col-xs-6&#8243;]<div class=\"q_image_with_text_over\"><div class=\"shader\" ><\/div><img decoding=\"async\" itemprop=\"image\" src=\"https:\/\/discovergallura.it\/wp-content\/uploads\/2023\/02\/stele-1024x768-1.jpeg\" alt=\"\" \/><div class=\"text\"><table><tr><td><h3 class=\"caption no_icon\" style=\"font-size: 25px;\">St\u00e4dtisches Arch\u00e4ologisches Museum<\/h3><\/td><\/tr><\/table><table><tr><td><div class=\"desc\"><span style=\"font-size: 18pt;\"><strong><span style=\"color: #ffffff;\"><a style=\"color: #ffffff;\" href=\"https:\/\/discovergallura.it\/de\/destinazioni\/viddalba\/civico-museo-archeologico\/\" rel=\"noopener\">Ein Museum, das die Geschichte der Region vom Neolithikum bis zum Mittelalter dokumentiert.<\/a><\/span><\/strong><\/span><\/div><\/td><\/tr><\/table><\/div><\/div>[\/vc_column_inner][vc_column_inner width=&#8220;1\/3&#8243; offset=&#8220;vc_col-xs-6&#8243;]<div class=\"q_image_with_text_over\"><div class=\"shader\" ><\/div><img decoding=\"async\" itemprop=\"image\" src=\"https:\/\/discovergallura.it\/wp-content\/uploads\/2023\/02\/Bortigiadas_Viddalba_-_Monte_Ruiu_08.jpeg\" alt=\"\" \/><div class=\"text\"><table><tr><td><h3 class=\"caption no_icon\" style=\"font-size: 25px;\">Monte Ruiu<\/h3><\/td><\/tr><\/table><table><tr><td><div class=\"desc\"><span style=\"font-size: 18pt;\"><strong><span style=\"color: #ffffff;\"><a style=\"color: #ffffff;\" href=\"https:\/\/discovergallura.it\/de\/destinations\/viddalba\/monte-ruiu\/\" rel=\"noopener\">Eine Gesteinsformation aus Porphyr mit einer zum Rot tendierenden Farbe.<\/a><\/span><\/strong><\/span><\/div><\/td><\/tr><\/table><\/div><\/div>[\/vc_column_inner][vc_column_inner width=&#8220;1\/3&#8243; offset=&#8220;vc_col-xs-6&#8243;]<div class=\"q_image_with_text_over\"><div class=\"shader\" ><\/div><img decoding=\"async\" itemprop=\"image\" src=\"https:\/\/discovergallura.it\/wp-content\/uploads\/2023\/02\/valledoria-terme.jpeg\" alt=\"\" \/><div class=\"text\"><table><tr><td><h3 class=\"caption no_icon\" style=\"font-size: 25px;\">Thermen von Casteldoria<\/h3><\/td><\/tr><\/table><table><tr><td><div class=\"desc\"><span style=\"font-size: 18pt;\"><strong><span style=\"color: #ffffff;\"><a style=\"color: #ffffff;\" href=\"https:\/\/discovergallura.it\/de\/destinazioni\/viddalba\/terme-casteldoria\/\" rel=\"noopener\">Die Thermen von Casteldoria, ein Zentrum f\u00fcr Thermal- und Rehabilitationsmedizin, sind in zwei verschiedenen Einrichtungen untergebracht.<\/a><\/span><\/strong><\/span><\/div><\/td><\/tr><\/table><\/div><\/div>[\/vc_column_inner][\/vc_row_inner][\/vc_tab][\/vc_tabs][\/vc_column][\/vc_row][vc_row css_animation=&#8220;&#8220; row_type=&#8220;row&#8220; use_row_as_full_screen_section=&#8220;no&#8220; type=&#8220;full_width&#8220; angled_section=&#8220;no&#8220; text_align=&#8220;left&#8220; background_image_as_pattern=&#8220;without_pattern&#8220; css=&#8220;.vc_custom_1675786797300{margin-top: 50px !important;margin-bottom: 120px !important;padding-right: 10% !important;padding-left: 10% !important;background-color: #fcd362 !important;}&#8220; z_index=&#8220;&#8220;][vc_column css=&#8220;.vc_custom_1675785876983{padding-top: 20px !important;padding-bottom: 20px !important;}&#8220;][vc_column_text]<\/p>\n<h3><span style=\"font-size: 18pt; color: #ffffff;\">touristische Informationen<\/span><\/h3>\n<p>[\/vc_column_text][vc_empty_space height=&#8220;15px&#8220;][vc_row_inner row_type=&#8220;row&#8220; type=&#8220;full_width&#8220; text_align=&#8220;left&#8220; css_animation=&#8220;&#8220;][vc_column_inner width=&#8220;1\/3&#8243;][vc_column_text]Comune di Viddalba<br \/>\nVia Giovanni Maria Angioy 5 &#8211; 07030 Viddalba (SS)<br \/>\nTel <a href=\"tel:+39079%205808000\">079 5808000<\/a><br \/>\nFax <a href=\"tel:+39079%205808022\">079 5808022<\/a>[\/vc_column_text][\/vc_column_inner][vc_column_inner width=&#8220;1\/3&#8243;][vc_column_text]PEC <a href=\"mailto:comune.viddalba@legalmail.it\">comune.viddalba@legalmail.it<\/a>[\/vc_column_text][\/vc_column_inner][vc_column_inner width=&#8220;1\/3&#8243;][\/vc_column_inner][\/vc_row_inner][\/vc_column][\/vc_row]<\/p>\n<\/div>","protected":false},"excerpt":{"rendered":"<p>[vc_row css_animation=&#8220;&#8220; row_type=&#8220;row&#8220; use_row_as_full_screen_section=&#8220;no&#8220; type=&#8220;grid&#8220; angled_section=&#8220;no&#8220; text_align=&#8220;left&#8220; background_image_as_pattern=&#8220;without_pattern&#8220; z_index=&#8220;&#8220; css=&#8220;.vc_custom_1674661411193{margin-top: 80px !important;}&#8220;][vc_column][vc_row_inner row_type=&#8220;row&#8220; type=&#8220;full_width&#8220; text_align=&#8220;left&#8220; css_animation=&#8220;&#8220;][vc_column_inner css=&#8220;.vc_custom_1676372490617{margin-left: 40px !important;}&#8220; offset=&#8220;vc_hidden-lg vc_hidden-md vc_col-xs-4\/5&#8243;][vc_single_image image=&#8220;3173&#8243; img_size=&#8220;full&#8220; alignment=&#8220;center&#8220; qode_css_animation=&#8220;&#8220;][\/vc_column_inner][\/vc_row_inner][vc_row_inner row_type=&#8220;row&#8220; type=&#8220;full_width&#8220; text_align=&#8220;left&#8220; css_animation=&#8220;&#8220;][vc_column_inner width=&#8220;1\/3&#8243; css=&#8220;.vc_custom_1676372505105{margin-top: 30px !important;}&#8220; offset=&#8220;vc_hidden-sm vc_hidden-xs&#8220;][vc_single_image image=&#8220;3173&#8243; img_size=&#8220;300&#215;500&#8243; alignment=&#8220;center&#8220; qode_css_animation=&#8220;&#8220;][\/vc_column_inner][vc_column_inner width=&#8220;2\/3&#8243; css=&#8220;.vc_custom_1674663485947{margin-top: 30px !important;padding-left: 10%&#8230;<\/p>\n","protected":false},"author":1,"featured_media":9407,"parent":10722,"menu_order":0,"comment_status":"closed","ping_status":"closed","template":"full_width.php","meta":{"inline_featured_image":false,"footnotes":""},"class_list":["post-9950","page","type-page","status-publish","has-post-thumbnail","hentry"],"_links":{"self":[{"href":"https:\/\/discovergallura.it\/de\/wp-json\/wp\/v2\/pages\/9950","targetHints":{"allow":["GET"]}}],"collection":[{"href":"https:\/\/discovergallura.it\/de\/wp-json\/wp\/v2\/pages"}],"about":[{"href":"https:\/\/discovergallura.it\/de\/wp-json\/wp\/v2\/types\/page"}],"author":[{"embeddable":true,"href":"https:\/\/discovergallura.it\/de\/wp-json\/wp\/v2\/users\/1"}],"replies":[{"embeddable":true,"href":"https:\/\/discovergallura.it\/de\/wp-json\/wp\/v2\/comments?post=9950"}],"version-history":[{"count":6,"href":"https:\/\/discovergallura.it\/de\/wp-json\/wp\/v2\/pages\/9950\/revisions"}],"predecessor-version":[{"id":13952,"href":"https:\/\/discovergallura.it\/de\/wp-json\/wp\/v2\/pages\/9950\/revisions\/13952"}],"up":[{"embeddable":true,"href":"https:\/\/discovergallura.it\/de\/wp-json\/wp\/v2\/pages\/10722"}],"wp:featuredmedia":[{"embeddable":true,"href":"https:\/\/discovergallura.it\/de\/wp-json\/wp\/v2\/media\/9407"}],"wp:attachment":[{"href":"https:\/\/discovergallura.it\/de\/wp-json\/wp\/v2\/media?parent=9950"}],"curies":[{"name":"wp","href":"https:\/\/api.w.org\/{rel}","templated":true}]}}