{"id":9970,"date":"2023-02-01T16:48:38","date_gmt":"2023-02-01T15:48:38","guid":{"rendered":"https:\/\/discovergallura.it\/arzachena\/cannigione\/"},"modified":"2023-04-14T09:58:49","modified_gmt":"2023-04-14T07:58:49","slug":"cannigione","status":"publish","type":"page","link":"https:\/\/discovergallura.it\/de\/destinazioni\/arzachena\/cannigione\/","title":{"rendered":"Cannigione"},"content":{"rendered":"<div class=\"wpb-content-wrapper\"><p>[vc_row css_animation=&#8220;&#8220; row_type=&#8220;row&#8220; use_row_as_full_screen_section=&#8220;no&#8220; type=&#8220;grid&#8220; angled_section=&#8220;no&#8220; text_align=&#8220;left&#8220; background_image_as_pattern=&#8220;without_pattern&#8220; z_index=&#8220;&#8220;][vc_column css=&#8220;.vc_custom_1674214152573{margin-top: 80px !important;}&#8220;][vc_row_inner row_type=&#8220;row&#8220; type=&#8220;full_width&#8220; text_align=&#8220;left&#8220; css_animation=&#8220;&#8220;][vc_column_inner width=&#8220;1\/2&#8243; css=&#8220;.vc_custom_1674212921568{margin-bottom: 110px !important;}&#8220;][vc_separator type=&#8220;small&#8220; position=&#8220;left&#8220; color=&#8220;#3390b9&#8243; thickness=&#8220;4&#8243; width=&#8220;50&#8243;]<div class=\"custom_font_holder \" style=\"font-family: red hat display; font-style: normal; font-weight: 800; color: #3390b9; text-decoration: none; text-align: left; --qode-cf-font-size: 38px; --qode-cf-line-height: 39px; --qode-cf-font-size-1440: 38px; --qode-cf-line-height-1440: 39px; --qode-cf-font-size-1366: 38px; --qode-cf-line-height-1366: 39px; --qode-cf-font-size-1280: 38px; --qode-cf-line-height-1280: 39px; --qode-cf-font-size-1024: 38px; --qode-cf-line-height-1024: 39px; --qode-cf-font-size-768: 38px; --qode-cf-line-height-768: 39px; --qode-cf-font-size-680: 38px; --qode-cf-line-height-680: 39px; --qode-cf-font-size-480: 38px; --qode-cf-line-height-480: 39px;\">CANNIGIONE<\/div>[\/vc_column_inner][vc_column_inner width=&#8220;1\/2&#8243;][\/vc_column_inner][\/vc_row_inner][vc_row_inner row_type=&#8220;row&#8220; type=&#8220;full_width&#8220; text_align=&#8220;left&#8220; css_animation=&#8220;&#8220;][vc_column_inner width=&#8220;1\/2&#8243;][vc_single_image image=&#8220;3595&#8243; img_size=&#8220;full&#8220; qode_css_animation=&#8220;&#8220;][vc_empty_space][\/vc_column_inner][vc_column_inner width=&#8220;1\/2&#8243; css=&#8220;.vc_custom_1674212910857{margin-bottom: 80px !important;}&#8220;][vc_column_text]<\/p>\n<p style=\"text-align: justify;\">Urspr\u00fcnglich ein Fischerdorf, ist Cannigione heute ein beliebter Ferienort. Seine Uferpromenade erstreckt sich \u00fcber die Kaianlagen eines modernen, gro\u00dffl\u00e4chigen Hafens. Daneben befindet sich der \u201eStadtstrand\u201c: heller, grobk\u00f6rniger Sand, der in ein Meer von unendlichen Blaut\u00f6nen eintaucht. Der Meeresboden ist<br \/>\nsanft abfallend und bei Tauchern und Schnorchlern sehr beliebt, so dass er zu einem der wichtigsten Tauchzentren Sardiniens geworden ist.<\/p>\n<p>[\/vc_column_text][\/vc_column_inner][\/vc_row_inner][\/vc_column][\/vc_row][vc_row css_animation=&#8220;&#8220; row_type=&#8220;row&#8220; use_row_as_full_screen_section=&#8220;no&#8220; type=&#8220;grid&#8220; angled_section=&#8220;no&#8220; text_align=&#8220;left&#8220; background_image_as_pattern=&#8220;without_pattern&#8220; z_index=&#8220;&#8220;][vc_column width=&#8220;1\/6&#8243;][\/vc_column][vc_column width=&#8220;2\/3&#8243; css=&#8220;.vc_custom_1674141388895{margin-top: 80px !important;}&#8220; offset=&#8220;vc_hidden-sm vc_hidden-xs&#8220;]<div class=\"custom_font_holder \" style=\"font-family: EB garamond; font-style: italic; font-weight: 500; text-decoration: none; text-align: left; --qode-cf-font-size: 24px; --qode-cf-line-height: 28px; --qode-cf-font-size-1440: 24px; --qode-cf-line-height-1440: 28px; --qode-cf-font-size-1366: 24px; --qode-cf-line-height-1366: 28px; --qode-cf-font-size-1280: 24px; --qode-cf-line-height-1280: 28px; --qode-cf-font-size-1024: 24px; --qode-cf-line-height-1024: 28px; --qode-cf-font-size-768: 24px; --qode-cf-line-height-768: 28px; --qode-cf-font-size-680: 24px; --qode-cf-line-height-680: 28px; --qode-cf-font-size-480: 24px; --qode-cf-line-height-480: 28px;\">\n<p style=\"text-align: center;\"><span style=\"font-size: 24pt; line-height: 110%;\">Ein goldener Sandstrand mit kristallklarem Wasser und dahinter eines der am besten ausgestatteten Ferienorte Sardiniens.<\/span><\/p>\n<\/div>[\/vc_column][vc_column width=&#8220;1\/6&#8243;][\/vc_column][\/vc_row][vc_row css_animation=&#8220;&#8220; row_type=&#8220;row&#8220; use_row_as_full_screen_section=&#8220;no&#8220; type=&#8220;full_width&#8220; angled_section=&#8220;no&#8220; text_align=&#8220;left&#8220; background_image_as_pattern=&#8220;without_pattern&#8220; z_index=&#8220;&#8220;][vc_column css=&#8220;.vc_custom_1675702079589{margin-top: 80px !important;margin-bottom: 120px !important;}&#8220;]<div class=\"qode-advanced-image-gallery  qode-aig-slider-type qode-tiny-space   \">\n\t<div class=\"qode-aig-slider qode-owl-slider\" data-number-of-items=\"1\" data-enable-loop=\"yes\" data-enable-autoplay=\"yes\" data-slider-speed=\"5000\" data-slider-speed-animation=\"600\" data-slider-padding=\"yes\" data-enable-navigation=\"yes\" data-enable-pagination=\"yes\">\n\t\t\t\t\t<div class=\"qode-aig-image\">\n\t\t\t\t\t\t\t\t\t<img loading=\"lazy\" decoding=\"async\" width=\"720\" height=\"450\" src=\"https:\/\/discovergallura.it\/wp-content\/uploads\/2023\/02\/shutterstock_564070069.jpg\" class=\"attachment-full size-full\" alt=\"\" srcset=\"https:\/\/discovergallura.it\/wp-content\/uploads\/2023\/02\/shutterstock_564070069.jpg 720w, https:\/\/discovergallura.it\/wp-content\/uploads\/2023\/02\/shutterstock_564070069-300x188.jpg 300w, https:\/\/discovergallura.it\/wp-content\/uploads\/2023\/02\/shutterstock_564070069-700x438.jpg 700w\" sizes=\"auto, (max-width: 720px) 100vw, 720px\" \/>\t\t\t\t\t<span class=\"aig-gallery-hover\">\n\t\t\t\t\t\t\t\t\t\t\t<\/span>\n\t\t\t\t\t\t\t<\/div>\n\t\t\t\t\t\t\t\t<div class=\"qode-aig-image\">\n\t\t\t\t\t\t\t\t\t<img loading=\"lazy\" decoding=\"async\" width=\"1152\" height=\"769\" src=\"https:\/\/discovergallura.it\/wp-content\/uploads\/2023\/02\/shutterstock_1091954351.jpg\" class=\"attachment-full size-full\" alt=\"\" srcset=\"https:\/\/discovergallura.it\/wp-content\/uploads\/2023\/02\/shutterstock_1091954351.jpg 1152w, https:\/\/discovergallura.it\/wp-content\/uploads\/2023\/02\/shutterstock_1091954351-300x200.jpg 300w, https:\/\/discovergallura.it\/wp-content\/uploads\/2023\/02\/shutterstock_1091954351-1024x684.jpg 1024w, https:\/\/discovergallura.it\/wp-content\/uploads\/2023\/02\/shutterstock_1091954351-768x513.jpg 768w, https:\/\/discovergallura.it\/wp-content\/uploads\/2023\/02\/shutterstock_1091954351-700x467.jpg 700w\" sizes=\"auto, (max-width: 1152px) 100vw, 1152px\" \/>\t\t\t\t\t<span class=\"aig-gallery-hover\">\n\t\t\t\t\t\t\t\t\t\t\t<\/span>\n\t\t\t\t\t\t\t<\/div>\n\t\t\t\t\t\t\t\t<div class=\"qode-aig-image\">\n\t\t\t\t\t\t\t\t\t<img loading=\"lazy\" decoding=\"async\" width=\"1311\" height=\"874\" src=\"https:\/\/discovergallura.it\/wp-content\/uploads\/2023\/02\/shutterstock_1533614987.jpg\" class=\"attachment-full size-full\" alt=\"\" srcset=\"https:\/\/discovergallura.it\/wp-content\/uploads\/2023\/02\/shutterstock_1533614987.jpg 1311w, https:\/\/discovergallura.it\/wp-content\/uploads\/2023\/02\/shutterstock_1533614987-300x200.jpg 300w, https:\/\/discovergallura.it\/wp-content\/uploads\/2023\/02\/shutterstock_1533614987-1024x683.jpg 1024w, https:\/\/discovergallura.it\/wp-content\/uploads\/2023\/02\/shutterstock_1533614987-768x512.jpg 768w, https:\/\/discovergallura.it\/wp-content\/uploads\/2023\/02\/shutterstock_1533614987-700x467.jpg 700w\" sizes=\"auto, (max-width: 1311px) 100vw, 1311px\" \/>\t\t\t\t\t<span class=\"aig-gallery-hover\">\n\t\t\t\t\t\t\t\t\t\t\t<\/span>\n\t\t\t\t\t\t\t<\/div>\n\t\t\t\t\t\t\t\t<div class=\"qode-aig-image\">\n\t\t\t\t\t\t\t\t\t<img loading=\"lazy\" decoding=\"async\" width=\"1348\" height=\"899\" src=\"https:\/\/discovergallura.it\/wp-content\/uploads\/2023\/02\/shutterstock_1677954901.jpg\" class=\"attachment-full size-full\" alt=\"\" srcset=\"https:\/\/discovergallura.it\/wp-content\/uploads\/2023\/02\/shutterstock_1677954901.jpg 1348w, https:\/\/discovergallura.it\/wp-content\/uploads\/2023\/02\/shutterstock_1677954901-300x200.jpg 300w, https:\/\/discovergallura.it\/wp-content\/uploads\/2023\/02\/shutterstock_1677954901-1024x683.jpg 1024w, https:\/\/discovergallura.it\/wp-content\/uploads\/2023\/02\/shutterstock_1677954901-768x512.jpg 768w, https:\/\/discovergallura.it\/wp-content\/uploads\/2023\/02\/shutterstock_1677954901-700x467.jpg 700w\" sizes=\"auto, (max-width: 1348px) 100vw, 1348px\" \/>\t\t\t\t\t<span class=\"aig-gallery-hover\">\n\t\t\t\t\t\t\t\t\t\t\t<\/span>\n\t\t\t\t\t\t\t<\/div>\n\t\t\t\t\t\t\t\t<div class=\"qode-aig-image\">\n\t\t\t\t\t\t\t\t\t<img loading=\"lazy\" decoding=\"async\" width=\"933\" height=\"622\" src=\"https:\/\/discovergallura.it\/wp-content\/uploads\/2023\/02\/shutterstock_143121739.jpg\" class=\"attachment-full size-full\" alt=\"\" srcset=\"https:\/\/discovergallura.it\/wp-content\/uploads\/2023\/02\/shutterstock_143121739.jpg 933w, https:\/\/discovergallura.it\/wp-content\/uploads\/2023\/02\/shutterstock_143121739-300x200.jpg 300w, https:\/\/discovergallura.it\/wp-content\/uploads\/2023\/02\/shutterstock_143121739-768x512.jpg 768w, https:\/\/discovergallura.it\/wp-content\/uploads\/2023\/02\/shutterstock_143121739-700x467.jpg 700w\" sizes=\"auto, (max-width: 933px) 100vw, 933px\" \/>\t\t\t\t\t<span class=\"aig-gallery-hover\">\n\t\t\t\t\t\t\t\t\t\t\t<\/span>\n\t\t\t\t\t\t\t<\/div>\n\t\t\t\t\t\t\t\t<div class=\"qode-aig-image\">\n\t\t\t\t\t\t\t\t\t<img loading=\"lazy\" decoding=\"async\" width=\"1279\" height=\"853\" src=\"https:\/\/discovergallura.it\/wp-content\/uploads\/2023\/02\/shutterstock_285428264.jpg\" class=\"attachment-full size-full\" alt=\"\" srcset=\"https:\/\/discovergallura.it\/wp-content\/uploads\/2023\/02\/shutterstock_285428264.jpg 1279w, https:\/\/discovergallura.it\/wp-content\/uploads\/2023\/02\/shutterstock_285428264-300x200.jpg 300w, https:\/\/discovergallura.it\/wp-content\/uploads\/2023\/02\/shutterstock_285428264-1024x683.jpg 1024w, https:\/\/discovergallura.it\/wp-content\/uploads\/2023\/02\/shutterstock_285428264-768x512.jpg 768w, https:\/\/discovergallura.it\/wp-content\/uploads\/2023\/02\/shutterstock_285428264-700x467.jpg 700w\" sizes=\"auto, (max-width: 1279px) 100vw, 1279px\" \/>\t\t\t\t\t<span class=\"aig-gallery-hover\">\n\t\t\t\t\t\t\t\t\t\t\t<\/span>\n\t\t\t\t\t\t\t<\/div>\n\t\t\t\t\t\t\t\t<div class=\"qode-aig-image\">\n\t\t\t\t\t\t\t\t\t<img loading=\"lazy\" decoding=\"async\" width=\"861\" height=\"444\" src=\"https:\/\/discovergallura.it\/wp-content\/uploads\/2023\/02\/shutterstock_418226206.jpg\" class=\"attachment-full size-full\" alt=\"\" srcset=\"https:\/\/discovergallura.it\/wp-content\/uploads\/2023\/02\/shutterstock_418226206.jpg 861w, https:\/\/discovergallura.it\/wp-content\/uploads\/2023\/02\/shutterstock_418226206-300x155.jpg 300w, https:\/\/discovergallura.it\/wp-content\/uploads\/2023\/02\/shutterstock_418226206-768x396.jpg 768w, https:\/\/discovergallura.it\/wp-content\/uploads\/2023\/02\/shutterstock_418226206-700x361.jpg 700w\" sizes=\"auto, (max-width: 861px) 100vw, 861px\" \/>\t\t\t\t\t<span class=\"aig-gallery-hover\">\n\t\t\t\t\t\t\t\t\t\t\t<\/span>\n\t\t\t\t\t\t\t<\/div>\n\t\t\t\t\t\t<\/div>\n<\/div>[\/vc_column][\/vc_row]<\/p>\n<\/div>","protected":false},"excerpt":{"rendered":"<p>[vc_row css_animation=&#8220;&#8220; row_type=&#8220;row&#8220; use_row_as_full_screen_section=&#8220;no&#8220; type=&#8220;grid&#8220; angled_section=&#8220;no&#8220; text_align=&#8220;left&#8220; background_image_as_pattern=&#8220;without_pattern&#8220; z_index=&#8220;&#8220;][vc_column css=&#8220;.vc_custom_1674214152573{margin-top: 80px !important;}&#8220;][vc_row_inner row_type=&#8220;row&#8220; type=&#8220;full_width&#8220; text_align=&#8220;left&#8220; css_animation=&#8220;&#8220;][vc_column_inner width=&#8220;1\/2&#8243; css=&#8220;.vc_custom_1674212921568{margin-bottom: 110px !important;}&#8220;][vc_separator type=&#8220;small&#8220; position=&#8220;left&#8220; color=&#8220;#3390b9&#8243; thickness=&#8220;4&#8243; width=&#8220;50&#8243;][\/vc_column_inner][vc_column_inner width=&#8220;1\/2&#8243;][\/vc_column_inner][\/vc_row_inner][vc_row_inner row_type=&#8220;row&#8220; type=&#8220;full_width&#8220; text_align=&#8220;left&#8220; css_animation=&#8220;&#8220;][vc_column_inner width=&#8220;1\/2&#8243;][vc_single_image image=&#8220;3595&#8243; img_size=&#8220;full&#8220; qode_css_animation=&#8220;&#8220;][vc_empty_space][\/vc_column_inner][vc_column_inner width=&#8220;1\/2&#8243; css=&#8220;.vc_custom_1674212910857{margin-bottom: 80px !important;}&#8220;][vc_column_text] Urspr\u00fcnglich ein Fischerdorf, ist Cannigione heute ein&#8230;<\/p>\n","protected":false},"author":1,"featured_media":9500,"parent":9966,"menu_order":0,"comment_status":"closed","ping_status":"closed","template":"full_width.php","meta":{"inline_featured_image":false,"footnotes":""},"class_list":["post-9970","page","type-page","status-publish","has-post-thumbnail","hentry"],"_links":{"self":[{"href":"https:\/\/discovergallura.it\/de\/wp-json\/wp\/v2\/pages\/9970","targetHints":{"allow":["GET"]}}],"collection":[{"href":"https:\/\/discovergallura.it\/de\/wp-json\/wp\/v2\/pages"}],"about":[{"href":"https:\/\/discovergallura.it\/de\/wp-json\/wp\/v2\/types\/page"}],"author":[{"embeddable":true,"href":"https:\/\/discovergallura.it\/de\/wp-json\/wp\/v2\/users\/1"}],"replies":[{"embeddable":true,"href":"https:\/\/discovergallura.it\/de\/wp-json\/wp\/v2\/comments?post=9970"}],"version-history":[{"count":3,"href":"https:\/\/discovergallura.it\/de\/wp-json\/wp\/v2\/pages\/9970\/revisions"}],"predecessor-version":[{"id":9974,"href":"https:\/\/discovergallura.it\/de\/wp-json\/wp\/v2\/pages\/9970\/revisions\/9974"}],"up":[{"embeddable":true,"href":"https:\/\/discovergallura.it\/de\/wp-json\/wp\/v2\/pages\/9966"}],"wp:featuredmedia":[{"embeddable":true,"href":"https:\/\/discovergallura.it\/de\/wp-json\/wp\/v2\/media\/9500"}],"wp:attachment":[{"href":"https:\/\/discovergallura.it\/de\/wp-json\/wp\/v2\/media?parent=9970"}],"curies":[{"name":"wp","href":"https:\/\/api.w.org\/{rel}","templated":true}]}}