{"id":9991,"date":"2023-02-01T16:01:37","date_gmt":"2023-02-01T15:01:37","guid":{"rendered":"https:\/\/discovergallura.it\/la-maddalena\/centro-storico-maddalena\/"},"modified":"2023-04-14T10:17:50","modified_gmt":"2023-04-14T08:17:50","slug":"centro-storico-maddalena","status":"publish","type":"page","link":"https:\/\/discovergallura.it\/de\/destinazioni\/la-maddalena\/centro-storico-maddalena\/","title":{"rendered":"Historisches Zentrum"},"content":{"rendered":"<div class=\"wpb-content-wrapper\"><p>[vc_row css_animation=&#8220;&#8220; row_type=&#8220;row&#8220; use_row_as_full_screen_section=&#8220;no&#8220; type=&#8220;grid&#8220; angled_section=&#8220;no&#8220; text_align=&#8220;left&#8220; background_image_as_pattern=&#8220;without_pattern&#8220; z_index=&#8220;&#8220;][vc_column css=&#8220;.vc_custom_1674214152573{margin-top: 80px !important;}&#8220;][vc_row_inner row_type=&#8220;row&#8220; type=&#8220;full_width&#8220; text_align=&#8220;left&#8220; css_animation=&#8220;&#8220;][vc_column_inner width=&#8220;1\/2&#8243; css=&#8220;.vc_custom_1674212921568{margin-bottom: 110px !important;}&#8220;][vc_separator type=&#8220;small&#8220; position=&#8220;left&#8220; color=&#8220;#3390b9&#8243; thickness=&#8220;4&#8243; width=&#8220;50&#8243;]<div class=\"custom_font_holder \" style=\"font-family: red hat display; font-style: normal; font-weight: 800; color: #3390b9; text-decoration: none; text-align: left; --qode-cf-font-size: 38px; --qode-cf-line-height: 39px; --qode-cf-font-size-1440: 38px; --qode-cf-line-height-1440: 39px; --qode-cf-font-size-1366: 38px; --qode-cf-line-height-1366: 39px; --qode-cf-font-size-1280: 38px; --qode-cf-line-height-1280: 39px; --qode-cf-font-size-1024: 38px; --qode-cf-line-height-1024: 39px; --qode-cf-font-size-768: 38px; --qode-cf-line-height-768: 39px; --qode-cf-font-size-680: 38px; --qode-cf-line-height-680: 39px; --qode-cf-font-size-480: 38px; --qode-cf-line-height-480: 39px;\">HISTORISCHES ZENTRUM<\/div>[vc_column_text]<span style=\"background-color: #fcc124;\"> LA MADDALENA <\/span>[\/vc_column_text][\/vc_column_inner][vc_column_inner width=&#8220;1\/2&#8243;][\/vc_column_inner][\/vc_row_inner][vc_row_inner row_type=&#8220;row&#8220; type=&#8220;full_width&#8220; text_align=&#8220;left&#8220; css_animation=&#8220;&#8220;][vc_column_inner width=&#8220;1\/2&#8243;][vc_single_image image=&#8220;3492&#8243; img_size=&#8220;full&#8220; qode_css_animation=&#8220;&#8220;][vc_empty_space][\/vc_column_inner][vc_column_inner width=&#8220;1\/2&#8243; css=&#8220;.vc_custom_1674212910857{margin-bottom: 80px !important;}&#8220;][vc_column_text]<\/p>\n<p style=\"text-align: justify;\">Von der Strandpromenade aus, an der die F\u00e4hren aus Palau anlegen, geht man durch Gassen und \u00fcber Treppen und erreicht nach wenigen Minuten die Piazza Garibaldi. Die fast immer vom gesch\u00e4ftigen Treiben der Gesch\u00e4fte und dem Geschw\u00e4tz der Caf\u00e9s erf\u00fcllt ist. Ein Blick auf die Pfarrkirche Santa Maria Maddalena und dann geht es geradewegs<br \/>\nzum bezaubernden kleinen Hafen von Cala Gavetta, einem der reizvollsten Aussichtspunkte des Ortes. Von hier aus kann man zur Strandpromenade zur\u00fcckkehren, indem man die Via Amendola entlang bis zur Piazza Umberto I. geht. Zwar wird der Platz von den Geb\u00e4uden des Marine-Hauptquartiers beherrscht, aber der Blick wandert immer wieder aufs offene Meer. Nach nur wenigen Metern erreicht man den Vorort Moneta. Nach dem Ortsteil Moneta erreicht man den Damm, der die Br\u00fccke zwischen La Maddalena und der Insel Caprera bildet.<\/p>\n<p>[\/vc_column_text][\/vc_column_inner][\/vc_row_inner][\/vc_column][\/vc_row][vc_row css_animation=&#8220;&#8220; row_type=&#8220;row&#8220; use_row_as_full_screen_section=&#8220;no&#8220; type=&#8220;grid&#8220; angled_section=&#8220;no&#8220; text_align=&#8220;left&#8220; background_image_as_pattern=&#8220;without_pattern&#8220; z_index=&#8220;&#8220;][vc_column width=&#8220;1\/6&#8243;][\/vc_column][vc_column width=&#8220;2\/3&#8243; css=&#8220;.vc_custom_1674141388895{margin-top: 80px !important;}&#8220; offset=&#8220;vc_hidden-sm vc_hidden-xs&#8220;]<div class=\"custom_font_holder \" style=\"font-family: EB garamond; font-style: italic; font-weight: 500; text-decoration: none; text-align: left; --qode-cf-font-size: 24px; --qode-cf-line-height: 28px; --qode-cf-font-size-1440: 24px; --qode-cf-line-height-1440: 28px; --qode-cf-font-size-1366: 24px; --qode-cf-line-height-1366: 28px; --qode-cf-font-size-1280: 24px; --qode-cf-line-height-1280: 28px; --qode-cf-font-size-1024: 24px; --qode-cf-line-height-1024: 28px; --qode-cf-font-size-768: 24px; --qode-cf-line-height-768: 28px; --qode-cf-font-size-680: 24px; --qode-cf-line-height-680: 28px; --qode-cf-font-size-480: 24px; --qode-cf-line-height-480: 28px;\">\n<p style=\"text-align: center;\"><span style=\"font-size: 24pt; line-height: 110%;\">Direkt ins Herz von La Maddalena.<\/span><\/p>\n<\/div>[\/vc_column][vc_column width=&#8220;1\/6&#8243;][\/vc_column][\/vc_row][vc_row css_animation=&#8220;&#8220; row_type=&#8220;row&#8220; use_row_as_full_screen_section=&#8220;no&#8220; type=&#8220;full_width&#8220; angled_section=&#8220;no&#8220; text_align=&#8220;left&#8220; background_image_as_pattern=&#8220;without_pattern&#8220; z_index=&#8220;&#8220;][vc_column css=&#8220;.vc_custom_1675702234557{margin-top: 80px !important;margin-bottom: 120px !important;}&#8220;]<div class=\"qode-advanced-image-gallery  qode-aig-slider-type qode-tiny-space   \">\n\t<div class=\"qode-aig-slider qode-owl-slider\" data-number-of-items=\"1\" data-enable-loop=\"yes\" data-enable-autoplay=\"yes\" data-slider-speed=\"5000\" data-slider-speed-animation=\"600\" data-slider-padding=\"yes\" data-enable-navigation=\"yes\" data-enable-pagination=\"yes\">\n\t\t\t\t\t<div class=\"qode-aig-image\">\n\t\t\t\t\t\t\t\t\t<img loading=\"lazy\" decoding=\"async\" width=\"1980\" height=\"922\" src=\"https:\/\/discovergallura.it\/wp-content\/uploads\/2023\/02\/Destinazioni-LA_MADDALENA_6-1980x922-1.jpeg\" class=\"attachment-full size-full\" alt=\"\" srcset=\"https:\/\/discovergallura.it\/wp-content\/uploads\/2023\/02\/Destinazioni-LA_MADDALENA_6-1980x922-1.jpeg 1980w, https:\/\/discovergallura.it\/wp-content\/uploads\/2023\/02\/Destinazioni-LA_MADDALENA_6-1980x922-1-300x140.jpeg 300w, https:\/\/discovergallura.it\/wp-content\/uploads\/2023\/02\/Destinazioni-LA_MADDALENA_6-1980x922-1-1024x477.jpeg 1024w, https:\/\/discovergallura.it\/wp-content\/uploads\/2023\/02\/Destinazioni-LA_MADDALENA_6-1980x922-1-768x358.jpeg 768w, https:\/\/discovergallura.it\/wp-content\/uploads\/2023\/02\/Destinazioni-LA_MADDALENA_6-1980x922-1-1536x715.jpeg 1536w, https:\/\/discovergallura.it\/wp-content\/uploads\/2023\/02\/Destinazioni-LA_MADDALENA_6-1980x922-1-700x326.jpeg 700w\" sizes=\"auto, (max-width: 1980px) 100vw, 1980px\" \/>\t\t\t\t\t<span class=\"aig-gallery-hover\">\n\t\t\t\t\t\t\t\t\t\t\t<\/span>\n\t\t\t\t\t\t\t<\/div>\n\t\t\t\t\t\t\t\t<div class=\"qode-aig-image\">\n\t\t\t\t\t\t\t\t\t<img loading=\"lazy\" decoding=\"async\" width=\"1404\" height=\"918\" src=\"https:\/\/discovergallura.it\/wp-content\/uploads\/2023\/02\/shutterstock_1725440326.jpg\" class=\"attachment-full size-full\" alt=\"\" srcset=\"https:\/\/discovergallura.it\/wp-content\/uploads\/2023\/02\/shutterstock_1725440326.jpg 1404w, https:\/\/discovergallura.it\/wp-content\/uploads\/2023\/02\/shutterstock_1725440326-300x196.jpg 300w, https:\/\/discovergallura.it\/wp-content\/uploads\/2023\/02\/shutterstock_1725440326-1024x670.jpg 1024w, https:\/\/discovergallura.it\/wp-content\/uploads\/2023\/02\/shutterstock_1725440326-768x502.jpg 768w, https:\/\/discovergallura.it\/wp-content\/uploads\/2023\/02\/shutterstock_1725440326-700x458.jpg 700w\" sizes=\"auto, (max-width: 1404px) 100vw, 1404px\" \/>\t\t\t\t\t<span class=\"aig-gallery-hover\">\n\t\t\t\t\t\t\t\t\t\t\t<\/span>\n\t\t\t\t\t\t\t<\/div>\n\t\t\t\t\t\t\t\t<div class=\"qode-aig-image\">\n\t\t\t\t\t\t\t\t\t<img loading=\"lazy\" decoding=\"async\" width=\"1920\" height=\"1080\" src=\"https:\/\/discovergallura.it\/wp-content\/uploads\/2023\/02\/archipelago-of-la-maddalena.jpeg\" class=\"attachment-full size-full\" alt=\"\" srcset=\"https:\/\/discovergallura.it\/wp-content\/uploads\/2023\/02\/archipelago-of-la-maddalena.jpeg 1920w, https:\/\/discovergallura.it\/wp-content\/uploads\/2023\/02\/archipelago-of-la-maddalena-300x169.jpeg 300w, https:\/\/discovergallura.it\/wp-content\/uploads\/2023\/02\/archipelago-of-la-maddalena-1024x576.jpeg 1024w, https:\/\/discovergallura.it\/wp-content\/uploads\/2023\/02\/archipelago-of-la-maddalena-768x432.jpeg 768w, https:\/\/discovergallura.it\/wp-content\/uploads\/2023\/02\/archipelago-of-la-maddalena-1536x864.jpeg 1536w, https:\/\/discovergallura.it\/wp-content\/uploads\/2023\/02\/archipelago-of-la-maddalena-700x394.jpeg 700w, https:\/\/discovergallura.it\/wp-content\/uploads\/2023\/02\/archipelago-of-la-maddalena-539x303.jpeg 539w\" sizes=\"auto, (max-width: 1920px) 100vw, 1920px\" \/>\t\t\t\t\t<span class=\"aig-gallery-hover\">\n\t\t\t\t\t\t\t\t\t\t\t<\/span>\n\t\t\t\t\t\t\t<\/div>\n\t\t\t\t\t\t\t\t<div class=\"qode-aig-image\">\n\t\t\t\t\t\t\t\t\t<img loading=\"lazy\" decoding=\"async\" width=\"1134\" height=\"636\" src=\"https:\/\/discovergallura.it\/wp-content\/uploads\/2023\/01\/la-maddalena-centro.jpg\" class=\"attachment-full size-full\" alt=\"\" srcset=\"https:\/\/discovergallura.it\/wp-content\/uploads\/2023\/01\/la-maddalena-centro.jpg 1134w, https:\/\/discovergallura.it\/wp-content\/uploads\/2023\/01\/la-maddalena-centro-300x168.jpg 300w, https:\/\/discovergallura.it\/wp-content\/uploads\/2023\/01\/la-maddalena-centro-1024x574.jpg 1024w, https:\/\/discovergallura.it\/wp-content\/uploads\/2023\/01\/la-maddalena-centro-768x431.jpg 768w, https:\/\/discovergallura.it\/wp-content\/uploads\/2023\/01\/la-maddalena-centro-700x393.jpg 700w, https:\/\/discovergallura.it\/wp-content\/uploads\/2023\/01\/la-maddalena-centro-539x303.jpg 539w\" sizes=\"auto, (max-width: 1134px) 100vw, 1134px\" \/>\t\t\t\t\t<span class=\"aig-gallery-hover\">\n\t\t\t\t\t\t\t\t\t\t\t<\/span>\n\t\t\t\t\t\t\t<\/div>\n\t\t\t\t\t\t\t\t<div class=\"qode-aig-image\">\n\t\t\t\t\t\t\t\t\t<img loading=\"lazy\" decoding=\"async\" width=\"1595\" height=\"655\" src=\"https:\/\/discovergallura.it\/wp-content\/uploads\/2023\/02\/shutterstock_2052010121.jpg\" class=\"attachment-full size-full\" alt=\"\" srcset=\"https:\/\/discovergallura.it\/wp-content\/uploads\/2023\/02\/shutterstock_2052010121.jpg 1595w, https:\/\/discovergallura.it\/wp-content\/uploads\/2023\/02\/shutterstock_2052010121-300x123.jpg 300w, https:\/\/discovergallura.it\/wp-content\/uploads\/2023\/02\/shutterstock_2052010121-1024x421.jpg 1024w, https:\/\/discovergallura.it\/wp-content\/uploads\/2023\/02\/shutterstock_2052010121-768x315.jpg 768w, https:\/\/discovergallura.it\/wp-content\/uploads\/2023\/02\/shutterstock_2052010121-1536x631.jpg 1536w, https:\/\/discovergallura.it\/wp-content\/uploads\/2023\/02\/shutterstock_2052010121-700x287.jpg 700w\" sizes=\"auto, (max-width: 1595px) 100vw, 1595px\" \/>\t\t\t\t\t<span class=\"aig-gallery-hover\">\n\t\t\t\t\t\t\t\t\t\t\t<\/span>\n\t\t\t\t\t\t\t<\/div>\n\t\t\t\t\t\t\t\t<div class=\"qode-aig-image\">\n\t\t\t\t\t\t\t\t\t\t\t\t\t\t<span class=\"aig-gallery-hover\">\n\t\t\t\t\t\t\t\t\t\t\t<\/span>\n\t\t\t\t\t\t\t<\/div>\n\t\t\t\t\t\t\t\t<div class=\"qode-aig-image\">\n\t\t\t\t\t\t\t\t\t<img loading=\"lazy\" decoding=\"async\" width=\"600\" height=\"416\" src=\"https:\/\/discovergallura.it\/wp-content\/uploads\/2023\/02\/shutterstock_64956484.jpg\" class=\"attachment-full size-full\" alt=\"\" srcset=\"https:\/\/discovergallura.it\/wp-content\/uploads\/2023\/02\/shutterstock_64956484.jpg 600w, https:\/\/discovergallura.it\/wp-content\/uploads\/2023\/02\/shutterstock_64956484-300x208.jpg 300w\" sizes=\"auto, (max-width: 600px) 100vw, 600px\" \/>\t\t\t\t\t<span class=\"aig-gallery-hover\">\n\t\t\t\t\t\t\t\t\t\t\t<\/span>\n\t\t\t\t\t\t\t<\/div>\n\t\t\t\t\t\t<\/div>\n<\/div>[\/vc_column][\/vc_row]<\/p>\n<\/div>","protected":false},"excerpt":{"rendered":"<p>[vc_row css_animation=&#8220;&#8220; row_type=&#8220;row&#8220; use_row_as_full_screen_section=&#8220;no&#8220; type=&#8220;grid&#8220; angled_section=&#8220;no&#8220; text_align=&#8220;left&#8220; background_image_as_pattern=&#8220;without_pattern&#8220; z_index=&#8220;&#8220;][vc_column css=&#8220;.vc_custom_1674214152573{margin-top: 80px !important;}&#8220;][vc_row_inner row_type=&#8220;row&#8220; type=&#8220;full_width&#8220; text_align=&#8220;left&#8220; css_animation=&#8220;&#8220;][vc_column_inner width=&#8220;1\/2&#8243; css=&#8220;.vc_custom_1674212921568{margin-bottom: 110px !important;}&#8220;][vc_separator type=&#8220;small&#8220; position=&#8220;left&#8220; color=&#8220;#3390b9&#8243; thickness=&#8220;4&#8243; width=&#8220;50&#8243;][vc_column_text] LA MADDALENA [\/vc_column_text][\/vc_column_inner][vc_column_inner width=&#8220;1\/2&#8243;][\/vc_column_inner][\/vc_row_inner][vc_row_inner row_type=&#8220;row&#8220; type=&#8220;full_width&#8220; text_align=&#8220;left&#8220; css_animation=&#8220;&#8220;][vc_column_inner width=&#8220;1\/2&#8243;][vc_single_image image=&#8220;3492&#8243; img_size=&#8220;full&#8220; qode_css_animation=&#8220;&#8220;][vc_empty_space][\/vc_column_inner][vc_column_inner width=&#8220;1\/2&#8243; css=&#8220;.vc_custom_1674212910857{margin-bottom: 80px !important;}&#8220;][vc_column_text] Von der Strandpromenade aus,&#8230;<\/p>\n","protected":false},"author":1,"featured_media":9449,"parent":9987,"menu_order":0,"comment_status":"closed","ping_status":"closed","template":"","meta":{"inline_featured_image":false,"footnotes":""},"class_list":["post-9991","page","type-page","status-publish","has-post-thumbnail","hentry"],"_links":{"self":[{"href":"https:\/\/discovergallura.it\/de\/wp-json\/wp\/v2\/pages\/9991","targetHints":{"allow":["GET"]}}],"collection":[{"href":"https:\/\/discovergallura.it\/de\/wp-json\/wp\/v2\/pages"}],"about":[{"href":"https:\/\/discovergallura.it\/de\/wp-json\/wp\/v2\/types\/page"}],"author":[{"embeddable":true,"href":"https:\/\/discovergallura.it\/de\/wp-json\/wp\/v2\/users\/1"}],"replies":[{"embeddable":true,"href":"https:\/\/discovergallura.it\/de\/wp-json\/wp\/v2\/comments?post=9991"}],"version-history":[{"count":3,"href":"https:\/\/discovergallura.it\/de\/wp-json\/wp\/v2\/pages\/9991\/revisions"}],"predecessor-version":[{"id":9994,"href":"https:\/\/discovergallura.it\/de\/wp-json\/wp\/v2\/pages\/9991\/revisions\/9994"}],"up":[{"embeddable":true,"href":"https:\/\/discovergallura.it\/de\/wp-json\/wp\/v2\/pages\/9987"}],"wp:featuredmedia":[{"embeddable":true,"href":"https:\/\/discovergallura.it\/de\/wp-json\/wp\/v2\/media\/9449"}],"wp:attachment":[{"href":"https:\/\/discovergallura.it\/de\/wp-json\/wp\/v2\/media?parent=9991"}],"curies":[{"name":"wp","href":"https:\/\/api.w.org\/{rel}","templated":true}]}}