{"id":9999,"date":"2023-01-20T15:49:34","date_gmt":"2023-01-20T14:49:34","guid":{"rendered":"https:\/\/discovergallura.it\/compendio-garibaldino\/"},"modified":"2023-04-14T16:54:36","modified_gmt":"2023-04-14T14:54:36","slug":"compendio-garibaldino","status":"publish","type":"page","link":"https:\/\/discovergallura.it\/de\/kunst-und-kultur\/musei\/compendio-garibaldino\/","title":{"rendered":"Nationalmuseum von Giuseppe Garibaldi"},"content":{"rendered":"<div class=\"wpb-content-wrapper\"><p>[vc_row css_animation=&#8220;&#8220; row_type=&#8220;row&#8220; use_row_as_full_screen_section=&#8220;no&#8220; type=&#8220;grid&#8220; angled_section=&#8220;no&#8220; text_align=&#8220;left&#8220; background_image_as_pattern=&#8220;without_pattern&#8220; z_index=&#8220;&#8220;][vc_column css=&#8220;.vc_custom_1674214152573{margin-top: 80px !important;}&#8220;][vc_row_inner row_type=&#8220;row&#8220; type=&#8220;full_width&#8220; text_align=&#8220;left&#8220; css_animation=&#8220;&#8220;][vc_column_inner width=&#8220;2\/3&#8243; css=&#8220;.vc_custom_1674212921568{margin-bottom: 110px !important;}&#8220;][vc_separator type=&#8220;small&#8220; position=&#8220;left&#8220; color=&#8220;#3390b9&#8243; thickness=&#8220;4&#8243; width=&#8220;50&#8243;]<div class=\"custom_font_holder \" style=\"font-family: red hat display; font-style: normal; font-weight: 800; color: #3390b9; text-decoration: none; text-align: left; --qode-cf-font-size: 38px; --qode-cf-line-height: 39px; --qode-cf-font-size-1440: 38px; --qode-cf-line-height-1440: 39px; --qode-cf-font-size-1366: 38px; --qode-cf-line-height-1366: 39px; --qode-cf-font-size-1280: 38px; --qode-cf-line-height-1280: 39px; --qode-cf-font-size-1024: 38px; --qode-cf-line-height-1024: 39px; --qode-cf-font-size-768: 38px; --qode-cf-line-height-768: 39px; --qode-cf-font-size-680: 38px; --qode-cf-line-height-680: 39px; --qode-cf-font-size-480: 38px; --qode-cf-line-height-480: 39px;\">NATIONALMUSEUM VON GIUSEPPE GARIBALDI<\/div>[\/vc_column_inner][vc_column_inner width=&#8220;1\/3&#8243;][\/vc_column_inner][\/vc_row_inner][vc_row_inner row_type=&#8220;row&#8220; type=&#8220;full_width&#8220; text_align=&#8220;left&#8220; css_animation=&#8220;&#8220;][vc_column_inner width=&#8220;1\/2&#8243;][vc_single_image image=&#8220;605&#8243; img_size=&#8220;full&#8220; qode_css_animation=&#8220;&#8220;][vc_empty_space][\/vc_column_inner][vc_column_inner width=&#8220;1\/2&#8243; css=&#8220;.vc_custom_1674212910857{margin-bottom: 80px !important;}&#8220;][vc_column_text]<\/p>\n<p style=\"text-align: justify;\">Inmitten des Maddalena-Archipels liegt die Insel Caprera. Hier steht das <strong>Compendio Garibaldino<\/strong>, das Nationalmuseum, in dem Geb\u00e4ude zu sehen sind, die Giuseppe Garibaldi im Jahr 1849 errichten lie\u00df. Ein Beispiel daf\u00fcr ist die \u201eCasa Bianca\u201c, das von Garibaldi selbst errichtete wei\u00dfe Wohnhaus aus Granit, in dem die gesamte Familie untergebracht war. Vom zentralen Innenhof, der von den Geb\u00e4uden des Wohnhauses umgeben ist, f\u00fchrt ein schmaler Weg zu dem kleinen Familienfriedhof. Anl\u00e4sslich der Geburt seiner Tochter Clelia pflanzte er 1867 im Innengarten der Villa eine einheimische Kiefer mit dem Namen \u201e<em>di Clelia<\/em>\u201c, die heute ein Baumdenkmal ist.<\/p>\n<p>[\/vc_column_text][\/vc_column_inner][\/vc_row_inner][\/vc_column][\/vc_row][vc_row css_animation=&#8220;&#8220; row_type=&#8220;row&#8220; use_row_as_full_screen_section=&#8220;no&#8220; type=&#8220;grid&#8220; angled_section=&#8220;no&#8220; text_align=&#8220;left&#8220; background_image_as_pattern=&#8220;without_pattern&#8220; z_index=&#8220;&#8220;][vc_column width=&#8220;1\/6&#8243;][\/vc_column][vc_column width=&#8220;2\/3&#8243; css=&#8220;.vc_custom_1674141388895{margin-top: 80px !important;}&#8220; offset=&#8220;vc_hidden-sm vc_hidden-xs&#8220;]<div class=\"custom_font_holder \" style=\"font-family: EB garamond; font-style: italic; font-weight: 500; text-decoration: none; text-align: left; --qode-cf-font-size: 24px; --qode-cf-line-height: 28px; --qode-cf-font-size-1440: 24px; --qode-cf-line-height-1440: 28px; --qode-cf-font-size-1366: 24px; --qode-cf-line-height-1366: 28px; --qode-cf-font-size-1280: 24px; --qode-cf-line-height-1280: 28px; --qode-cf-font-size-1024: 24px; --qode-cf-line-height-1024: 28px; --qode-cf-font-size-768: 24px; --qode-cf-line-height-768: 28px; --qode-cf-font-size-680: 24px; --qode-cf-line-height-680: 28px; --qode-cf-font-size-480: 24px; --qode-cf-line-height-480: 28px;\">\n<p style=\"text-align: center;\"><span style=\"font-size: 24pt; line-height: 110%;\">Die Anlage befindet sich in einer besonders malerischen Umgebung, die durch die N\u00e4he zum Meer, die Granitfelsen und die typische mediterrane Vegetation gepr\u00e4gt ist.<\/span><\/p>\n<\/div>[\/vc_column][vc_column width=&#8220;1\/6&#8243;][\/vc_column][\/vc_row][vc_row css_animation=&#8220;&#8220; row_type=&#8220;row&#8220; use_row_as_full_screen_section=&#8220;no&#8220; type=&#8220;full_width&#8220; angled_section=&#8220;no&#8220; text_align=&#8220;left&#8220; background_image_as_pattern=&#8220;without_pattern&#8220; z_index=&#8220;&#8220;][vc_column css=&#8220;.vc_custom_1674214257906{margin-top: 80px !important;margin-bottom: 120px !important;}&#8220; offset=&#8220;vc_hidden-sm vc_hidden-xs&#8220;]<div class=\"qode-advanced-image-gallery  qode-aig-slider-type qode-tiny-space   \">\n\t<div class=\"qode-aig-slider qode-owl-slider\" data-number-of-items=\"1\" data-enable-loop=\"yes\" data-enable-autoplay=\"yes\" data-slider-speed=\"5000\" data-slider-speed-animation=\"600\" data-slider-padding=\"yes\" data-enable-navigation=\"yes\" data-enable-pagination=\"yes\">\n\t\t\t\t\t<div class=\"qode-aig-image\">\n\t\t\t\t\t\t\t\t\t<img loading=\"lazy\" decoding=\"async\" width=\"765\" height=\"733\" src=\"https:\/\/discovergallura.it\/wp-content\/uploads\/2023\/01\/caprera_garibaldi_di_vanna_milia_vmilia75_ig.jpg\" class=\"attachment-full size-full\" alt=\"\" srcset=\"https:\/\/discovergallura.it\/wp-content\/uploads\/2023\/01\/caprera_garibaldi_di_vanna_milia_vmilia75_ig.jpg 765w, https:\/\/discovergallura.it\/wp-content\/uploads\/2023\/01\/caprera_garibaldi_di_vanna_milia_vmilia75_ig-300x287.jpg 300w, https:\/\/discovergallura.it\/wp-content\/uploads\/2023\/01\/caprera_garibaldi_di_vanna_milia_vmilia75_ig-700x671.jpg 700w\" sizes=\"auto, (max-width: 765px) 100vw, 765px\" \/>\t\t\t\t\t<span class=\"aig-gallery-hover\">\n\t\t\t\t\t\t\t\t\t\t\t<\/span>\n\t\t\t\t\t\t\t<\/div>\n\t\t\t\t\t\t\t\t<div class=\"qode-aig-image\">\n\t\t\t\t\t\t\t\t\t<img loading=\"lazy\" decoding=\"async\" width=\"1371\" height=\"914\" src=\"https:\/\/discovergallura.it\/wp-content\/uploads\/2023\/01\/caprera_panoramica_dal_compendio_garibaldino_rsz.jpg\" class=\"attachment-full size-full\" alt=\"\" srcset=\"https:\/\/discovergallura.it\/wp-content\/uploads\/2023\/01\/caprera_panoramica_dal_compendio_garibaldino_rsz.jpg 1371w, https:\/\/discovergallura.it\/wp-content\/uploads\/2023\/01\/caprera_panoramica_dal_compendio_garibaldino_rsz-300x200.jpg 300w, https:\/\/discovergallura.it\/wp-content\/uploads\/2023\/01\/caprera_panoramica_dal_compendio_garibaldino_rsz-1024x683.jpg 1024w, https:\/\/discovergallura.it\/wp-content\/uploads\/2023\/01\/caprera_panoramica_dal_compendio_garibaldino_rsz-768x512.jpg 768w, https:\/\/discovergallura.it\/wp-content\/uploads\/2023\/01\/caprera_panoramica_dal_compendio_garibaldino_rsz-700x467.jpg 700w\" sizes=\"auto, (max-width: 1371px) 100vw, 1371px\" \/>\t\t\t\t\t<span class=\"aig-gallery-hover\">\n\t\t\t\t\t\t\t\t\t\t\t<\/span>\n\t\t\t\t\t\t\t<\/div>\n\t\t\t\t\t\t\t\t<div class=\"qode-aig-image\">\n\t\t\t\t\t\t\t\t\t<img loading=\"lazy\" decoding=\"async\" width=\"768\" height=\"576\" src=\"https:\/\/discovergallura.it\/wp-content\/uploads\/2023\/01\/casa-garibaldi-1024x768-1.jpg\" class=\"attachment-full size-full\" alt=\"\" srcset=\"https:\/\/discovergallura.it\/wp-content\/uploads\/2023\/01\/casa-garibaldi-1024x768-1.jpg 768w, https:\/\/discovergallura.it\/wp-content\/uploads\/2023\/01\/casa-garibaldi-1024x768-1-300x225.jpg 300w, https:\/\/discovergallura.it\/wp-content\/uploads\/2023\/01\/casa-garibaldi-1024x768-1-700x525.jpg 700w\" sizes=\"auto, (max-width: 768px) 100vw, 768px\" \/>\t\t\t\t\t<span class=\"aig-gallery-hover\">\n\t\t\t\t\t\t\t\t\t\t\t<\/span>\n\t\t\t\t\t\t\t<\/div>\n\t\t\t\t\t\t\t\t<div class=\"qode-aig-image\">\n\t\t\t\t\t\t\t\t\t<img loading=\"lazy\" decoding=\"async\" width=\"1200\" height=\"801\" src=\"https:\/\/discovergallura.it\/wp-content\/uploads\/2023\/01\/G_comp.11.jpg\" class=\"attachment-full size-full\" alt=\"\" srcset=\"https:\/\/discovergallura.it\/wp-content\/uploads\/2023\/01\/G_comp.11.jpg 1200w, https:\/\/discovergallura.it\/wp-content\/uploads\/2023\/01\/G_comp.11-300x200.jpg 300w, https:\/\/discovergallura.it\/wp-content\/uploads\/2023\/01\/G_comp.11-1024x684.jpg 1024w, https:\/\/discovergallura.it\/wp-content\/uploads\/2023\/01\/G_comp.11-768x513.jpg 768w, https:\/\/discovergallura.it\/wp-content\/uploads\/2023\/01\/G_comp.11-700x467.jpg 700w\" sizes=\"auto, (max-width: 1200px) 100vw, 1200px\" \/>\t\t\t\t\t<span class=\"aig-gallery-hover\">\n\t\t\t\t\t\t\t\t\t\t\t<\/span>\n\t\t\t\t\t\t\t<\/div>\n\t\t\t\t\t\t\t\t<div class=\"qode-aig-image\">\n\t\t\t\t\t\t\t\t\t<img loading=\"lazy\" decoding=\"async\" width=\"819\" height=\"614\" src=\"https:\/\/discovergallura.it\/wp-content\/uploads\/2023\/01\/Museo_Garibaldino_di_Caprera_3.jpg\" class=\"attachment-full size-full\" alt=\"\" srcset=\"https:\/\/discovergallura.it\/wp-content\/uploads\/2023\/01\/Museo_Garibaldino_di_Caprera_3.jpg 819w, https:\/\/discovergallura.it\/wp-content\/uploads\/2023\/01\/Museo_Garibaldino_di_Caprera_3-300x225.jpg 300w, https:\/\/discovergallura.it\/wp-content\/uploads\/2023\/01\/Museo_Garibaldino_di_Caprera_3-768x576.jpg 768w, https:\/\/discovergallura.it\/wp-content\/uploads\/2023\/01\/Museo_Garibaldino_di_Caprera_3-800x600.jpg 800w, https:\/\/discovergallura.it\/wp-content\/uploads\/2023\/01\/Museo_Garibaldino_di_Caprera_3-700x525.jpg 700w\" sizes=\"auto, (max-width: 819px) 100vw, 819px\" \/>\t\t\t\t\t<span class=\"aig-gallery-hover\">\n\t\t\t\t\t\t\t\t\t\t\t<\/span>\n\t\t\t\t\t\t\t<\/div>\n\t\t\t\t\t\t\t\t<div class=\"qode-aig-image\">\n\t\t\t\t\t\t\t\t\t<img loading=\"lazy\" decoding=\"async\" width=\"1134\" height=\"756\" src=\"https:\/\/discovergallura.it\/wp-content\/uploads\/2023\/01\/shutterstock_143552824_caprera_museo_garibaldi_francesco_de_marco_resize.jpg\" class=\"attachment-full size-full\" alt=\"\" srcset=\"https:\/\/discovergallura.it\/wp-content\/uploads\/2023\/01\/shutterstock_143552824_caprera_museo_garibaldi_francesco_de_marco_resize.jpg 1134w, https:\/\/discovergallura.it\/wp-content\/uploads\/2023\/01\/shutterstock_143552824_caprera_museo_garibaldi_francesco_de_marco_resize-300x200.jpg 300w, https:\/\/discovergallura.it\/wp-content\/uploads\/2023\/01\/shutterstock_143552824_caprera_museo_garibaldi_francesco_de_marco_resize-1024x683.jpg 1024w, https:\/\/discovergallura.it\/wp-content\/uploads\/2023\/01\/shutterstock_143552824_caprera_museo_garibaldi_francesco_de_marco_resize-768x512.jpg 768w, https:\/\/discovergallura.it\/wp-content\/uploads\/2023\/01\/shutterstock_143552824_caprera_museo_garibaldi_francesco_de_marco_resize-700x467.jpg 700w\" sizes=\"auto, (max-width: 1134px) 100vw, 1134px\" \/>\t\t\t\t\t<span class=\"aig-gallery-hover\">\n\t\t\t\t\t\t\t\t\t\t\t<\/span>\n\t\t\t\t\t\t\t<\/div>\n\t\t\t\t\t\t<\/div>\n<\/div>[\/vc_column][\/vc_row]<\/p>\n<\/div>","protected":false},"excerpt":{"rendered":"<p>[vc_row css_animation=&#8220;&#8220; row_type=&#8220;row&#8220; use_row_as_full_screen_section=&#8220;no&#8220; type=&#8220;grid&#8220; angled_section=&#8220;no&#8220; text_align=&#8220;left&#8220; background_image_as_pattern=&#8220;without_pattern&#8220; z_index=&#8220;&#8220;][vc_column css=&#8220;.vc_custom_1674214152573{margin-top: 80px !important;}&#8220;][vc_row_inner row_type=&#8220;row&#8220; type=&#8220;full_width&#8220; text_align=&#8220;left&#8220; css_animation=&#8220;&#8220;][vc_column_inner width=&#8220;2\/3&#8243; css=&#8220;.vc_custom_1674212921568{margin-bottom: 110px !important;}&#8220;][vc_separator type=&#8220;small&#8220; position=&#8220;left&#8220; color=&#8220;#3390b9&#8243; thickness=&#8220;4&#8243; width=&#8220;50&#8243;][\/vc_column_inner][vc_column_inner width=&#8220;1\/3&#8243;][\/vc_column_inner][\/vc_row_inner][vc_row_inner row_type=&#8220;row&#8220; type=&#8220;full_width&#8220; text_align=&#8220;left&#8220; css_animation=&#8220;&#8220;][vc_column_inner width=&#8220;1\/2&#8243;][vc_single_image image=&#8220;605&#8243; img_size=&#8220;full&#8220; qode_css_animation=&#8220;&#8220;][vc_empty_space][\/vc_column_inner][vc_column_inner width=&#8220;1\/2&#8243; css=&#8220;.vc_custom_1674212910857{margin-bottom: 80px !important;}&#8220;][vc_column_text] Inmitten des Maddalena-Archipels liegt die Insel Caprera&#8230;.<\/p>\n","protected":false},"author":1,"featured_media":8624,"parent":10313,"menu_order":0,"comment_status":"closed","ping_status":"closed","template":"full_width.php","meta":{"inline_featured_image":false,"footnotes":""},"class_list":["post-9999","page","type-page","status-publish","has-post-thumbnail","hentry"],"_links":{"self":[{"href":"https:\/\/discovergallura.it\/de\/wp-json\/wp\/v2\/pages\/9999","targetHints":{"allow":["GET"]}}],"collection":[{"href":"https:\/\/discovergallura.it\/de\/wp-json\/wp\/v2\/pages"}],"about":[{"href":"https:\/\/discovergallura.it\/de\/wp-json\/wp\/v2\/types\/page"}],"author":[{"embeddable":true,"href":"https:\/\/discovergallura.it\/de\/wp-json\/wp\/v2\/users\/1"}],"replies":[{"embeddable":true,"href":"https:\/\/discovergallura.it\/de\/wp-json\/wp\/v2\/comments?post=9999"}],"version-history":[{"count":6,"href":"https:\/\/discovergallura.it\/de\/wp-json\/wp\/v2\/pages\/9999\/revisions"}],"predecessor-version":[{"id":10335,"href":"https:\/\/discovergallura.it\/de\/wp-json\/wp\/v2\/pages\/9999\/revisions\/10335"}],"up":[{"embeddable":true,"href":"https:\/\/discovergallura.it\/de\/wp-json\/wp\/v2\/pages\/10313"}],"wp:featuredmedia":[{"embeddable":true,"href":"https:\/\/discovergallura.it\/de\/wp-json\/wp\/v2\/media\/8624"}],"wp:attachment":[{"href":"https:\/\/discovergallura.it\/de\/wp-json\/wp\/v2\/media?parent=9999"}],"curies":[{"name":"wp","href":"https:\/\/api.w.org\/{rel}","templated":true}]}}