{"id":7536,"date":"2023-01-27T11:20:09","date_gmt":"2023-01-27T10:20:09","guid":{"rendered":"https:\/\/discovergallura.it\/ala-dei-sardi-2\/the-tepilora\/"},"modified":"2023-03-28T14:55:58","modified_gmt":"2023-03-28T12:55:58","slug":"the-tepilora","status":"publish","type":"page","link":"https:\/\/discovergallura.it\/en\/destinations\/ala-dei-sardi\/the-tepilora\/","title":{"rendered":"The Tepilora"},"content":{"rendered":"<div class=\"wpb-content-wrapper\"><p>[vc_row css_animation=&#8221;&#8221; row_type=&#8221;row&#8221; use_row_as_full_screen_section=&#8221;no&#8221; type=&#8221;grid&#8221; angled_section=&#8221;no&#8221; text_align=&#8221;left&#8221; background_image_as_pattern=&#8221;without_pattern&#8221; z_index=&#8221;&#8221;][vc_column css=&#8221;.vc_custom_1674214152573{margin-top: 80px !important;}&#8221;][vc_row_inner row_type=&#8221;row&#8221; type=&#8221;full_width&#8221; text_align=&#8221;left&#8221; css_animation=&#8221;&#8221;][vc_column_inner width=&#8221;1\/2&#8243; css=&#8221;.vc_custom_1674212921568{margin-bottom: 110px !important;}&#8221;][vc_separator type=&#8221;small&#8221; position=&#8221;left&#8221; color=&#8221;#3390b9&#8243; thickness=&#8221;4&#8243; width=&#8221;50&#8243;]<div class=\"custom_font_holder \" style=\"font-family: red hat display; font-style: normal; font-weight: 800; color: #3390b9; text-decoration: none; text-align: left; --qode-cf-font-size: 38px; --qode-cf-line-height: 39px; --qode-cf-font-size-1440: 38px; --qode-cf-line-height-1440: 39px; --qode-cf-font-size-1366: 38px; --qode-cf-line-height-1366: 39px; --qode-cf-font-size-1280: 38px; --qode-cf-line-height-1280: 39px; --qode-cf-font-size-1024: 38px; --qode-cf-line-height-1024: 39px; --qode-cf-font-size-768: 38px; --qode-cf-line-height-768: 39px; --qode-cf-font-size-680: 38px; --qode-cf-line-height-680: 39px; --qode-cf-font-size-480: 38px; --qode-cf-line-height-480: 39px;\">THE TEPILORA<\/div>[vc_column_text]<span style=\"background-color: #fcc124;\"> PADRU <\/span>[\/vc_column_text][\/vc_column_inner][vc_column_inner width=&#8221;1\/2&#8243;][\/vc_column_inner][\/vc_row_inner][vc_row_inner row_type=&#8221;row&#8221; type=&#8221;full_width&#8221; text_align=&#8221;left&#8221; css_animation=&#8221;&#8221;][vc_column_inner width=&#8221;1\/2&#8243;][vc_single_image image=&#8221;2332&#8243; img_size=&#8221;full&#8221; qode_css_animation=&#8221;&#8221;][vc_empty_space][\/vc_column_inner][vc_column_inner width=&#8221;1\/2&#8243; css=&#8221;.vc_custom_1674212910857{margin-bottom: 80px !important;}&#8221;][vc_column_text]<\/p>\n<p style=\"text-align: justify;\">The Tepilora, Rio Posada, and Montalbo Biosphere Reserve is located in the central-eastern area of Sardinia and covers 17 municipalities: <a href=\"http:\/\/ala-dei-sardi\/\">Al\u00e0 dei Sardi<\/a> (OT), Bitti (NU), <a href=\"https:\/\/discovergallura.it\/en\/destinations\/budduso\/\">Buddus\u00f2<\/a> (OT), <a href=\"https:\/\/discovergallura.it\/en\/destinations\/budoni\/\">Budoni<\/a> (OT), Galtell\u00ec (NU), Irgoli (NU), Loculi (NU), Lod\u00e8 (NU), Lula (NU), Onan\u00ec (NU), Orune (NU), Osidda (NU), <a href=\"https:\/\/discovergallura.it\/en\/destinations\/padru\/\">Padru<\/a> (OT), Posada (NU), <a href=\"https:\/\/discovergallura.it\/en\/san-teodoro\/\">San Teodoro<\/a> (OT), Siniscola (NU), and Torp\u00e8 (NU).<br \/>\nMore than half of its 50,000 inhabitants live in the three coastal towns of Siniscola, Budoni, and Posada. For this reason, one of the main challenges faced by the reserve is to strike a new balance between mountainous and coastal areas, which has always characterised these territories. The reserve aims at fostering sustainable development for the local population by boosting traditional activities (i.e., farming and handicraft) and reinforcing the need to preserve biodiversity in nature and crops, the quality of water, habitats, and species as well as cultural, archaeological, and landscape diversity.<\/p>\n<p>[\/vc_column_text][\/vc_column_inner][\/vc_row_inner][\/vc_column][\/vc_row][vc_row css_animation=&#8221;&#8221; row_type=&#8221;row&#8221; use_row_as_full_screen_section=&#8221;no&#8221; type=&#8221;grid&#8221; angled_section=&#8221;no&#8221; text_align=&#8221;left&#8221; background_image_as_pattern=&#8221;without_pattern&#8221; z_index=&#8221;&#8221;][vc_column width=&#8221;1\/6&#8243;][\/vc_column][vc_column width=&#8221;2\/3&#8243; css=&#8221;.vc_custom_1674141388895{margin-top: 80px !important;}&#8221; offset=&#8221;vc_hidden-sm vc_hidden-xs&#8221;]<div class=\"custom_font_holder \" style=\"font-family: EB garamond; font-style: italic; font-weight: 500; text-decoration: none; text-align: left; --qode-cf-font-size: 24px; --qode-cf-line-height: 28px; --qode-cf-font-size-1440: 24px; --qode-cf-line-height-1440: 28px; --qode-cf-font-size-1366: 24px; --qode-cf-line-height-1366: 28px; --qode-cf-font-size-1280: 24px; --qode-cf-line-height-1280: 28px; --qode-cf-font-size-1024: 24px; --qode-cf-line-height-1024: 28px; --qode-cf-font-size-768: 24px; --qode-cf-line-height-768: 28px; --qode-cf-font-size-680: 24px; --qode-cf-line-height-680: 28px; --qode-cf-font-size-480: 24px; --qode-cf-line-height-480: 28px;\">\n<p style=\"text-align: center;\"><span style=\"font-size: 24pt; line-height: 110%;\">Tepilora, Rio Posada, and Montalbo Biosphere Reserve, recognised by UNESCO.<\/span><\/p>\n<\/div>[\/vc_column][vc_column width=&#8221;1\/6&#8243;][\/vc_column][\/vc_row][vc_row css_animation=&#8221;&#8221; row_type=&#8221;row&#8221; use_row_as_full_screen_section=&#8221;no&#8221; type=&#8221;full_width&#8221; angled_section=&#8221;no&#8221; text_align=&#8221;left&#8221; background_image_as_pattern=&#8221;without_pattern&#8221; z_index=&#8221;&#8221;][vc_column css=&#8221;.vc_custom_1674214257906{margin-top: 80px !important;margin-bottom: 120px !important;}&#8221; offset=&#8221;vc_hidden-sm vc_hidden-xs&#8221;]<div class=\"qode-advanced-image-gallery  qode-aig-slider-type qode-tiny-space   \">\n\t<div class=\"qode-aig-slider qode-owl-slider\" data-number-of-items=\"1\" data-enable-loop=\"yes\" data-enable-autoplay=\"yes\" data-slider-speed=\"5000\" data-slider-speed-animation=\"600\" data-slider-padding=\"yes\" data-enable-navigation=\"yes\" data-enable-pagination=\"yes\">\n\t\t\t\t\t<div class=\"qode-aig-image\">\n\t\t\t\t\t\t\t\t\t<img loading=\"lazy\" decoding=\"async\" width=\"1200\" height=\"710\" src=\"https:\/\/discovergallura.it\/wp-content\/uploads\/2023\/01\/usinava_ph_domenico_ruiu_sardegnadigitallibrary.jpeg\" class=\"attachment-full size-full\" alt=\"\" srcset=\"https:\/\/discovergallura.it\/wp-content\/uploads\/2023\/01\/usinava_ph_domenico_ruiu_sardegnadigitallibrary.jpeg 1200w, https:\/\/discovergallura.it\/wp-content\/uploads\/2023\/01\/usinava_ph_domenico_ruiu_sardegnadigitallibrary-300x178.jpeg 300w, https:\/\/discovergallura.it\/wp-content\/uploads\/2023\/01\/usinava_ph_domenico_ruiu_sardegnadigitallibrary-1024x606.jpeg 1024w, https:\/\/discovergallura.it\/wp-content\/uploads\/2023\/01\/usinava_ph_domenico_ruiu_sardegnadigitallibrary-768x454.jpeg 768w, https:\/\/discovergallura.it\/wp-content\/uploads\/2023\/01\/usinava_ph_domenico_ruiu_sardegnadigitallibrary-700x414.jpeg 700w\" sizes=\"auto, (max-width: 1200px) 100vw, 1200px\" \/>\t\t\t\t\t<span class=\"aig-gallery-hover\">\n\t\t\t\t\t\t\t\t\t\t\t<\/span>\n\t\t\t\t\t\t\t<\/div>\n\t\t\t\t\t\t\t\t<div class=\"qode-aig-image\">\n\t\t\t\t\t\t\t\t\t<img loading=\"lazy\" decoding=\"async\" width=\"1600\" height=\"677\" src=\"https:\/\/discovergallura.it\/wp-content\/uploads\/2023\/01\/Parco-Naturale-di-Tepilora.jpeg\" class=\"attachment-full size-full\" alt=\"\" srcset=\"https:\/\/discovergallura.it\/wp-content\/uploads\/2023\/01\/Parco-Naturale-di-Tepilora.jpeg 1600w, https:\/\/discovergallura.it\/wp-content\/uploads\/2023\/01\/Parco-Naturale-di-Tepilora-300x127.jpeg 300w, https:\/\/discovergallura.it\/wp-content\/uploads\/2023\/01\/Parco-Naturale-di-Tepilora-1024x433.jpeg 1024w, https:\/\/discovergallura.it\/wp-content\/uploads\/2023\/01\/Parco-Naturale-di-Tepilora-768x325.jpeg 768w, https:\/\/discovergallura.it\/wp-content\/uploads\/2023\/01\/Parco-Naturale-di-Tepilora-1536x650.jpeg 1536w, https:\/\/discovergallura.it\/wp-content\/uploads\/2023\/01\/Parco-Naturale-di-Tepilora-700x296.jpeg 700w\" sizes=\"auto, (max-width: 1600px) 100vw, 1600px\" \/>\t\t\t\t\t<span class=\"aig-gallery-hover\">\n\t\t\t\t\t\t\t\t\t\t\t<\/span>\n\t\t\t\t\t\t\t<\/div>\n\t\t\t\t\t\t\t\t<div class=\"qode-aig-image\">\n\t\t\t\t\t\t\t\t\t<img loading=\"lazy\" decoding=\"async\" width=\"1200\" height=\"671\" src=\"https:\/\/discovergallura.it\/wp-content\/uploads\/2023\/01\/parco-tepilora.jpeg\" class=\"attachment-full size-full\" alt=\"\" srcset=\"https:\/\/discovergallura.it\/wp-content\/uploads\/2023\/01\/parco-tepilora.jpeg 1200w, https:\/\/discovergallura.it\/wp-content\/uploads\/2023\/01\/parco-tepilora-300x168.jpeg 300w, https:\/\/discovergallura.it\/wp-content\/uploads\/2023\/01\/parco-tepilora-1024x573.jpeg 1024w, https:\/\/discovergallura.it\/wp-content\/uploads\/2023\/01\/parco-tepilora-768x429.jpeg 768w, https:\/\/discovergallura.it\/wp-content\/uploads\/2023\/01\/parco-tepilora-700x391.jpeg 700w\" sizes=\"auto, (max-width: 1200px) 100vw, 1200px\" \/>\t\t\t\t\t<span class=\"aig-gallery-hover\">\n\t\t\t\t\t\t\t\t\t\t\t<\/span>\n\t\t\t\t\t\t\t<\/div>\n\t\t\t\t\t\t\t\t<div class=\"qode-aig-image\">\n\t\t\t\t\t\t\t\t\t<img loading=\"lazy\" decoding=\"async\" width=\"1040\" height=\"780\" src=\"https:\/\/discovergallura.it\/wp-content\/uploads\/2023\/01\/tepilora21.jpeg\" class=\"attachment-full size-full\" alt=\"\" srcset=\"https:\/\/discovergallura.it\/wp-content\/uploads\/2023\/01\/tepilora21.jpeg 1040w, https:\/\/discovergallura.it\/wp-content\/uploads\/2023\/01\/tepilora21-300x225.jpeg 300w, https:\/\/discovergallura.it\/wp-content\/uploads\/2023\/01\/tepilora21-1024x768.jpeg 1024w, https:\/\/discovergallura.it\/wp-content\/uploads\/2023\/01\/tepilora21-768x576.jpeg 768w, https:\/\/discovergallura.it\/wp-content\/uploads\/2023\/01\/tepilora21-800x600.jpeg 800w, https:\/\/discovergallura.it\/wp-content\/uploads\/2023\/01\/tepilora21-700x525.jpeg 700w\" sizes=\"auto, (max-width: 1040px) 100vw, 1040px\" \/>\t\t\t\t\t<span class=\"aig-gallery-hover\">\n\t\t\t\t\t\t\t\t\t\t\t<\/span>\n\t\t\t\t\t\t\t<\/div>\n\t\t\t\t\t\t<\/div>\n<\/div>[\/vc_column][\/vc_row]<\/p>\n<\/div>","protected":false},"excerpt":{"rendered":"<p>[vc_row css_animation=&#8221;&#8221; row_type=&#8221;row&#8221; use_row_as_full_screen_section=&#8221;no&#8221; type=&#8221;grid&#8221; angled_section=&#8221;no&#8221; text_align=&#8221;left&#8221; background_image_as_pattern=&#8221;without_pattern&#8221; z_index=&#8221;&#8221;][vc_column css=&#8221;.vc_custom_1674214152573{margin-top: 80px !important;}&#8221;][vc_row_inner row_type=&#8221;row&#8221; type=&#8221;full_width&#8221; text_align=&#8221;left&#8221; css_animation=&#8221;&#8221;][vc_column_inner width=&#8221;1\/2&#8243; css=&#8221;.vc_custom_1674212921568{margin-bottom: 110px !important;}&#8221;][vc_separator type=&#8221;small&#8221; position=&#8221;left&#8221; color=&#8221;#3390b9&#8243; thickness=&#8221;4&#8243; width=&#8221;50&#8243;][vc_column_text] PADRU [\/vc_column_text][\/vc_column_inner][vc_column_inner width=&#8221;1\/2&#8243;][\/vc_column_inner][\/vc_row_inner][vc_row_inner row_type=&#8221;row&#8221; type=&#8221;full_width&#8221; text_align=&#8221;left&#8221; css_animation=&#8221;&#8221;][vc_column_inner width=&#8221;1\/2&#8243;][vc_single_image image=&#8221;2332&#8243; img_size=&#8221;full&#8221; qode_css_animation=&#8221;&#8221;][vc_empty_space][\/vc_column_inner][vc_column_inner width=&#8221;1\/2&#8243; css=&#8221;.vc_custom_1674212910857{margin-bottom: 80px !important;}&#8221;][vc_column_text] The Tepilora, Rio Posada, and&#8230;<\/p>\n","protected":false},"author":1,"featured_media":5839,"parent":7532,"menu_order":0,"comment_status":"closed","ping_status":"closed","template":"full_width.php","meta":{"inline_featured_image":false,"footnotes":""},"class_list":["post-7536","page","type-page","status-publish","has-post-thumbnail","hentry"],"_links":{"self":[{"href":"https:\/\/discovergallura.it\/en\/wp-json\/wp\/v2\/pages\/7536","targetHints":{"allow":["GET"]}}],"collection":[{"href":"https:\/\/discovergallura.it\/en\/wp-json\/wp\/v2\/pages"}],"about":[{"href":"https:\/\/discovergallura.it\/en\/wp-json\/wp\/v2\/types\/page"}],"author":[{"embeddable":true,"href":"https:\/\/discovergallura.it\/en\/wp-json\/wp\/v2\/users\/1"}],"replies":[{"embeddable":true,"href":"https:\/\/discovergallura.it\/en\/wp-json\/wp\/v2\/comments?post=7536"}],"version-history":[{"count":2,"href":"https:\/\/discovergallura.it\/en\/wp-json\/wp\/v2\/pages\/7536\/revisions"}],"predecessor-version":[{"id":7538,"href":"https:\/\/discovergallura.it\/en\/wp-json\/wp\/v2\/pages\/7536\/revisions\/7538"}],"up":[{"embeddable":true,"href":"https:\/\/discovergallura.it\/en\/wp-json\/wp\/v2\/pages\/7532"}],"wp:featuredmedia":[{"embeddable":true,"href":"https:\/\/discovergallura.it\/en\/wp-json\/wp\/v2\/media\/5839"}],"wp:attachment":[{"href":"https:\/\/discovergallura.it\/en\/wp-json\/wp\/v2\/media?parent=7536"}],"curies":[{"name":"wp","href":"https:\/\/api.w.org\/{rel}","templated":true}]}}