{"id":15624,"date":"2023-01-23T14:56:25","date_gmt":"2023-01-23T13:56:25","guid":{"rendered":"https:\/\/discovergallura.it\/lago-liscia\/"},"modified":"2023-07-21T16:08:49","modified_gmt":"2023-07-21T14:08:49","slug":"lago-liscia","status":"publish","type":"page","link":"https:\/\/discovergallura.it\/es\/siti-naturali\/lago-liscia\/","title":{"rendered":"Lago Liscia"},"content":{"rendered":"<div class=\"wpb-content-wrapper\"><p>[vc_row css_animation=\u00bb\u00bb row_type=\u00bbrow\u00bb use_row_as_full_screen_section=\u00bbno\u00bb type=\u00bbgrid\u00bb angled_section=\u00bbno\u00bb text_align=\u00bbleft\u00bb background_image_as_pattern=\u00bbwithout_pattern\u00bb z_index=\u00bb\u00bb][vc_column css=\u00bb.vc_custom_1674214152573{margin-top: 80px !important;}\u00bb][vc_row_inner row_type=\u00bbrow\u00bb type=\u00bbfull_width\u00bb text_align=\u00bbleft\u00bb css_animation=\u00bb\u00bb][vc_column_inner width=\u00bb1\/2&#8243; css=\u00bb.vc_custom_1674212921568{margin-bottom: 110px !important;}\u00bb][vc_separator type=\u00bbsmall\u00bb position=\u00bbleft\u00bb color=\u00bb#3390b9&#8243; thickness=\u00bb4&#8243; width=\u00bb50&#8243;]<div class=\"custom_font_holder \" style=\"font-family: red hat display; font-style: normal; font-weight: 800; color: #3390b9; text-decoration: none; text-align: left; --qode-cf-font-size: 38px; --qode-cf-line-height: 39px; --qode-cf-font-size-1440: 38px; --qode-cf-line-height-1440: 39px; --qode-cf-font-size-1366: 38px; --qode-cf-line-height-1366: 39px; --qode-cf-font-size-1280: 38px; --qode-cf-line-height-1280: 39px; --qode-cf-font-size-1024: 38px; --qode-cf-line-height-1024: 39px; --qode-cf-font-size-768: 38px; --qode-cf-line-height-768: 39px; --qode-cf-font-size-680: 38px; --qode-cf-line-height-680: 39px; --qode-cf-font-size-480: 38px; --qode-cf-line-height-480: 39px;\">LAGO LISCIA<\/div>[\/vc_column_inner][vc_column_inner width=\u00bb1\/2&#8243;][\/vc_column_inner][\/vc_row_inner][vc_row_inner row_type=\u00bbrow\u00bb type=\u00bbfull_width\u00bb text_align=\u00bbleft\u00bb css_animation=\u00bb\u00bb][vc_column_inner width=\u00bb1\/2&#8243;][vc_single_image image=\u00bb1256&#8243; img_size=\u00bbfull\u00bb qode_css_animation=\u00bb\u00bb][vc_empty_space][\/vc_column_inner][vc_column_inner width=\u00bb1\/2&#8243; css=\u00bb.vc_custom_1674212910857{margin-bottom: 80px !important;}\u00bb][vc_column_text]<\/p>\n<p style=\"text-align: justify;\">El lago Liscia es un lago artificial en el coraz\u00f3n de Gallura cuyos or\u00edgenes se remontan a los a\u00f1os 60, cuando se construy\u00f3 la presa del r\u00edo Liscia. En sta zona, que se distingue por el contraste entre el turquesa del agua y el verde de la vegetaci\u00f3n, se pueden realizar numerosas actividades, como excursiones en tren o en barco, paseos a pie o en canoa. En el municipio de Sant&#8217;Antonio di Gallura, hay dos entradas al lago, con la posibilidad de utilizar una zona de picnic, dar un bonito paseo por los antiguos puentes del ferrocarril o caminar por la orilla. En Luras, en cambio, es posible admirar los majestuosos olivos milenarios.<\/p>\n<p>[\/vc_column_text][\/vc_column_inner][\/vc_row_inner][\/vc_column][\/vc_row][vc_row css_animation=\u00bb\u00bb row_type=\u00bbrow\u00bb use_row_as_full_screen_section=\u00bbno\u00bb type=\u00bbgrid\u00bb angled_section=\u00bbno\u00bb text_align=\u00bbleft\u00bb background_image_as_pattern=\u00bbwithout_pattern\u00bb z_index=\u00bb\u00bb][vc_column width=\u00bb1\/6&#8243;][\/vc_column][vc_column width=\u00bb2\/3&#8243; css=\u00bb.vc_custom_1674141388895{margin-top: 80px !important;}\u00bb offset=\u00bbvc_hidden-sm vc_hidden-xs\u00bb]<div class=\"custom_font_holder \" style=\"font-family: EB garamond; font-style: italic; font-weight: 500; text-decoration: none; text-align: left; --qode-cf-font-size: 24px; --qode-cf-line-height: 28px; --qode-cf-font-size-1440: 24px; --qode-cf-line-height-1440: 28px; --qode-cf-font-size-1366: 24px; --qode-cf-line-height-1366: 28px; --qode-cf-font-size-1280: 24px; --qode-cf-line-height-1280: 28px; --qode-cf-font-size-1024: 24px; --qode-cf-line-height-1024: 28px; --qode-cf-font-size-768: 24px; --qode-cf-line-height-768: 28px; --qode-cf-font-size-680: 24px; --qode-cf-line-height-680: 28px; --qode-cf-font-size-480: 24px; --qode-cf-line-height-480: 28px;\">\n<p style=\"text-align: center;\"><span style=\"font-size: 24pt;\">Un oasis de verde y azul que ofrece la posibilidad de realizar diversas<\/span><br \/>\n<span style=\"font-size: 24pt;\">actividades. <\/span><\/p>\n<\/div>[\/vc_column][vc_column width=\u00bb1\/6&#8243;][\/vc_column][\/vc_row][vc_row css_animation=\u00bb\u00bb row_type=\u00bbrow\u00bb use_row_as_full_screen_section=\u00bbno\u00bb type=\u00bbfull_width\u00bb angled_section=\u00bbno\u00bb text_align=\u00bbleft\u00bb background_image_as_pattern=\u00bbwithout_pattern\u00bb z_index=\u00bb\u00bb][vc_column css=\u00bb.vc_custom_1675690207005{margin-top: 80px !important;margin-bottom: 120px !important;}\u00bb]<div class=\"qode-advanced-image-gallery  qode-aig-slider-type qode-tiny-space   \">\n\t<div class=\"qode-aig-slider qode-owl-slider\" data-number-of-items=\"1\" data-enable-loop=\"yes\" data-enable-autoplay=\"yes\" data-slider-speed=\"5000\" data-slider-speed-animation=\"600\" data-slider-padding=\"yes\" data-enable-navigation=\"yes\" data-enable-pagination=\"yes\">\n\t\t\t\t\t<div class=\"qode-aig-image\">\n\t\t\t\t\t\t\t\t\t<img loading=\"lazy\" decoding=\"async\" width=\"1080\" height=\"810\" src=\"https:\/\/discovergallura.it\/wp-content\/uploads\/2023\/01\/Tramonto-con-il-Battello-Pollux-1080x810-1.jpg\" class=\"attachment-full size-full\" alt=\"\" srcset=\"https:\/\/discovergallura.it\/wp-content\/uploads\/2023\/01\/Tramonto-con-il-Battello-Pollux-1080x810-1.jpg 1080w, https:\/\/discovergallura.it\/wp-content\/uploads\/2023\/01\/Tramonto-con-il-Battello-Pollux-1080x810-1-300x225.jpg 300w, https:\/\/discovergallura.it\/wp-content\/uploads\/2023\/01\/Tramonto-con-il-Battello-Pollux-1080x810-1-1024x768.jpg 1024w, https:\/\/discovergallura.it\/wp-content\/uploads\/2023\/01\/Tramonto-con-il-Battello-Pollux-1080x810-1-768x576.jpg 768w, https:\/\/discovergallura.it\/wp-content\/uploads\/2023\/01\/Tramonto-con-il-Battello-Pollux-1080x810-1-800x600.jpg 800w, https:\/\/discovergallura.it\/wp-content\/uploads\/2023\/01\/Tramonto-con-il-Battello-Pollux-1080x810-1-700x525.jpg 700w\" sizes=\"auto, (max-width: 1080px) 100vw, 1080px\" \/>\t\t\t\t\t<span class=\"aig-gallery-hover\">\n\t\t\t\t\t\t\t\t\t\t\t<\/span>\n\t\t\t\t\t\t\t<\/div>\n\t\t\t\t\t\t\t\t<div class=\"qode-aig-image\">\n\t\t\t\t\t\t\t\t\t<img loading=\"lazy\" decoding=\"async\" width=\"1134\" height=\"833\" src=\"https:\/\/discovergallura.it\/wp-content\/uploads\/2023\/01\/cropped-CCHR3672-scaled-3.jpg\" class=\"attachment-full size-full\" alt=\"\" srcset=\"https:\/\/discovergallura.it\/wp-content\/uploads\/2023\/01\/cropped-CCHR3672-scaled-3.jpg 1134w, https:\/\/discovergallura.it\/wp-content\/uploads\/2023\/01\/cropped-CCHR3672-scaled-3-300x220.jpg 300w, https:\/\/discovergallura.it\/wp-content\/uploads\/2023\/01\/cropped-CCHR3672-scaled-3-1024x752.jpg 1024w, https:\/\/discovergallura.it\/wp-content\/uploads\/2023\/01\/cropped-CCHR3672-scaled-3-768x564.jpg 768w, https:\/\/discovergallura.it\/wp-content\/uploads\/2023\/01\/cropped-CCHR3672-scaled-3-700x514.jpg 700w\" sizes=\"auto, (max-width: 1134px) 100vw, 1134px\" \/>\t\t\t\t\t<span class=\"aig-gallery-hover\">\n\t\t\t\t\t\t\t\t\t\t\t<\/span>\n\t\t\t\t\t\t\t<\/div>\n\t\t\t\t\t\t\t\t<div class=\"qode-aig-image\">\n\t\t\t\t\t\t\t\t\t\t\t\t\t\t<span class=\"aig-gallery-hover\">\n\t\t\t\t\t\t\t\t\t\t\t<\/span>\n\t\t\t\t\t\t\t<\/div>\n\t\t\t\t\t\t\t\t<div class=\"qode-aig-image\">\n\t\t\t\t\t\t\t\t\t<img loading=\"lazy\" decoding=\"async\" width=\"1134\" height=\"646\" src=\"https:\/\/discovergallura.it\/wp-content\/uploads\/2023\/01\/Schermata-2022-12-12-alle-17.49-1.jpg\" class=\"attachment-full size-full\" alt=\"\" srcset=\"https:\/\/discovergallura.it\/wp-content\/uploads\/2023\/01\/Schermata-2022-12-12-alle-17.49-1.jpg 1134w, https:\/\/discovergallura.it\/wp-content\/uploads\/2023\/01\/Schermata-2022-12-12-alle-17.49-1-300x171.jpg 300w, https:\/\/discovergallura.it\/wp-content\/uploads\/2023\/01\/Schermata-2022-12-12-alle-17.49-1-1024x583.jpg 1024w, https:\/\/discovergallura.it\/wp-content\/uploads\/2023\/01\/Schermata-2022-12-12-alle-17.49-1-768x438.jpg 768w, https:\/\/discovergallura.it\/wp-content\/uploads\/2023\/01\/Schermata-2022-12-12-alle-17.49-1-345x198.jpg 345w, https:\/\/discovergallura.it\/wp-content\/uploads\/2023\/01\/Schermata-2022-12-12-alle-17.49-1-700x399.jpg 700w\" sizes=\"auto, (max-width: 1134px) 100vw, 1134px\" \/>\t\t\t\t\t<span class=\"aig-gallery-hover\">\n\t\t\t\t\t\t\t\t\t\t\t<\/span>\n\t\t\t\t\t\t\t<\/div>\n\t\t\t\t\t\t<\/div>\n<\/div>[\/vc_column][\/vc_row]<\/p>\n<\/div>","protected":false},"excerpt":{"rendered":"<p>[vc_row css_animation=\u00bb\u00bb row_type=\u00bbrow\u00bb use_row_as_full_screen_section=\u00bbno\u00bb type=\u00bbgrid\u00bb angled_section=\u00bbno\u00bb text_align=\u00bbleft\u00bb background_image_as_pattern=\u00bbwithout_pattern\u00bb z_index=\u00bb\u00bb][vc_column css=\u00bb.vc_custom_1674214152573{margin-top: 80px !important;}\u00bb][vc_row_inner row_type=\u00bbrow\u00bb type=\u00bbfull_width\u00bb text_align=\u00bbleft\u00bb css_animation=\u00bb\u00bb][vc_column_inner width=\u00bb1\/2&#8243; css=\u00bb.vc_custom_1674212921568{margin-bottom: 110px !important;}\u00bb][vc_separator type=\u00bbsmall\u00bb position=\u00bbleft\u00bb color=\u00bb#3390b9&#8243; thickness=\u00bb4&#8243; width=\u00bb50&#8243;][\/vc_column_inner][vc_column_inner width=\u00bb1\/2&#8243;][\/vc_column_inner][\/vc_row_inner][vc_row_inner row_type=\u00bbrow\u00bb type=\u00bbfull_width\u00bb text_align=\u00bbleft\u00bb css_animation=\u00bb\u00bb][vc_column_inner width=\u00bb1\/2&#8243;][vc_single_image image=\u00bb1256&#8243; img_size=\u00bbfull\u00bb qode_css_animation=\u00bb\u00bb][vc_empty_space][\/vc_column_inner][vc_column_inner width=\u00bb1\/2&#8243; css=\u00bb.vc_custom_1674212910857{margin-bottom: 80px !important;}\u00bb][vc_column_text] El lago Liscia es un lago artificial&#8230;<\/p>\n","protected":false},"author":1,"featured_media":14453,"parent":15980,"menu_order":0,"comment_status":"closed","ping_status":"closed","template":"full_width.php","meta":{"inline_featured_image":false,"footnotes":""},"class_list":["post-15624","page","type-page","status-publish","has-post-thumbnail","hentry"],"_links":{"self":[{"href":"https:\/\/discovergallura.it\/es\/wp-json\/wp\/v2\/pages\/15624","targetHints":{"allow":["GET"]}}],"collection":[{"href":"https:\/\/discovergallura.it\/es\/wp-json\/wp\/v2\/pages"}],"about":[{"href":"https:\/\/discovergallura.it\/es\/wp-json\/wp\/v2\/types\/page"}],"author":[{"embeddable":true,"href":"https:\/\/discovergallura.it\/es\/wp-json\/wp\/v2\/users\/1"}],"replies":[{"embeddable":true,"href":"https:\/\/discovergallura.it\/es\/wp-json\/wp\/v2\/comments?post=15624"}],"version-history":[{"count":2,"href":"https:\/\/discovergallura.it\/es\/wp-json\/wp\/v2\/pages\/15624\/revisions"}],"predecessor-version":[{"id":16379,"href":"https:\/\/discovergallura.it\/es\/wp-json\/wp\/v2\/pages\/15624\/revisions\/16379"}],"up":[{"embeddable":true,"href":"https:\/\/discovergallura.it\/es\/wp-json\/wp\/v2\/pages\/15980"}],"wp:featuredmedia":[{"embeddable":true,"href":"https:\/\/discovergallura.it\/es\/wp-json\/wp\/v2\/media\/14453"}],"wp:attachment":[{"href":"https:\/\/discovergallura.it\/es\/wp-json\/wp\/v2\/media?parent=15624"}],"curies":[{"name":"wp","href":"https:\/\/api.w.org\/{rel}","templated":true}]}}