{"id":15653,"date":"2023-01-23T16:11:57","date_gmt":"2023-01-23T15:11:57","guid":{"rendered":"https:\/\/discovergallura.it\/faro-di-capo-testa\/"},"modified":"2023-07-11T16:31:53","modified_gmt":"2023-07-11T14:31:53","slug":"faro-di-capo-testa","status":"publish","type":"page","link":"https:\/\/discovergallura.it\/es\/fari\/faro-di-capo-testa\/","title":{"rendered":"Faro di Capo Testa"},"content":{"rendered":"<div class=\"wpb-content-wrapper\"><p>[vc_row css_animation=\u00bb\u00bb row_type=\u00bbrow\u00bb use_row_as_full_screen_section=\u00bbno\u00bb type=\u00bbgrid\u00bb angled_section=\u00bbno\u00bb text_align=\u00bbleft\u00bb background_image_as_pattern=\u00bbwithout_pattern\u00bb z_index=\u00bb\u00bb][vc_column css=\u00bb.vc_custom_1674214152573{margin-top: 80px !important;}\u00bb][vc_row_inner row_type=\u00bbrow\u00bb type=\u00bbfull_width\u00bb text_align=\u00bbleft\u00bb css_animation=\u00bb\u00bb][vc_column_inner width=\u00bb1\/2&#8243; css=\u00bb.vc_custom_1674212921568{margin-bottom: 110px !important;}\u00bb][vc_separator type=\u00bbsmall\u00bb position=\u00bbleft\u00bb color=\u00bb#3390b9&#8243; thickness=\u00bb4&#8243; width=\u00bb50&#8243;]<div class=\"custom_font_holder \" style=\"font-family: red hat display; font-style: normal; font-weight: 800; color: #3390b9; text-decoration: none; text-align: left; --qode-cf-font-size: 38px; --qode-cf-line-height: 39px; --qode-cf-font-size-1440: 38px; --qode-cf-line-height-1440: 39px; --qode-cf-font-size-1366: 38px; --qode-cf-line-height-1366: 39px; --qode-cf-font-size-1280: 38px; --qode-cf-line-height-1280: 39px; --qode-cf-font-size-1024: 38px; --qode-cf-line-height-1024: 39px; --qode-cf-font-size-768: 38px; --qode-cf-line-height-768: 39px; --qode-cf-font-size-680: 38px; --qode-cf-line-height-680: 39px; --qode-cf-font-size-480: 38px; --qode-cf-line-height-480: 39px;\">FARO DEL CABO TESTA<\/div>[\/vc_column_inner][vc_column_inner width=\u00bb1\/2&#8243;][\/vc_column_inner][\/vc_row_inner][vc_row_inner row_type=\u00bbrow\u00bb type=\u00bbfull_width\u00bb text_align=\u00bbleft\u00bb css_animation=\u00bb\u00bb][vc_column_inner width=\u00bb1\/2&#8243;][vc_single_image image=\u00bb503&#8243; img_size=\u00bbfull\u00bb qode_css_animation=\u00bb\u00bb][vc_empty_space][\/vc_column_inner][vc_column_inner width=\u00bb1\/2&#8243; css=\u00bb.vc_custom_1674212910857{margin-bottom: 80px !important;}\u00bb][vc_column_text]<\/p>\n<p style=\"text-align: justify;\">Construido en el siglo XIX, el faro de Capo Testa, de 23 metros de altura y fachada blanca, es un edificio rectangular de dos plantas rematado por la torre linterna. No muy lejos, se encuentra tambi\u00e9n el antiguo faro, en desuso y no abierto al p\u00fablico. Desde aqu\u00ed es posible admirar encantadoras vistas panor\u00e1micas de le Bocche di Bonifacio y de la zona del promontorio de Capo Testa, a\u00fan m\u00e1s sugestivas por la luz del atardecer. Una parada ineludible para los amantes de los faros, que siempre conquistan con su atm\u00f3sfera rom\u00e1ntica y, al mismo tiempo, melanc\u00f3lica.<\/p>\n<p>[\/vc_column_text][\/vc_column_inner][\/vc_row_inner][\/vc_column][\/vc_row][vc_row css_animation=\u00bb\u00bb row_type=\u00bbrow\u00bb use_row_as_full_screen_section=\u00bbno\u00bb type=\u00bbgrid\u00bb angled_section=\u00bbno\u00bb text_align=\u00bbleft\u00bb background_image_as_pattern=\u00bbwithout_pattern\u00bb z_index=\u00bb\u00bb][vc_column width=\u00bb1\/6&#8243;][\/vc_column][vc_column width=\u00bb2\/3&#8243; css=\u00bb.vc_custom_1674141388895{margin-top: 80px !important;}\u00bb offset=\u00bbvc_hidden-sm vc_hidden-xs\u00bb]<div class=\"custom_font_holder \" style=\"font-family: EB garamond; font-style: italic; font-weight: 500; text-decoration: none; text-align: left; --qode-cf-font-size: 24px; --qode-cf-line-height: 28px; --qode-cf-font-size-1440: 24px; --qode-cf-line-height-1440: 28px; --qode-cf-font-size-1366: 24px; --qode-cf-line-height-1366: 28px; --qode-cf-font-size-1280: 24px; --qode-cf-line-height-1280: 28px; --qode-cf-font-size-1024: 24px; --qode-cf-line-height-1024: 28px; --qode-cf-font-size-768: 24px; --qode-cf-line-height-768: 28px; --qode-cf-font-size-680: 24px; --qode-cf-line-height-680: 28px; --qode-cf-font-size-480: 24px; --qode-cf-line-height-480: 28px;\">\n<p style=\"text-align: center;\"><span style=\"font-size: 24pt;\">Es uno de los faros m\u00e1s importantes de Cerde\u00f1a y ofrece emocionantes<\/span><br \/>\n<span style=\"font-size: 24pt;\">vistas panor\u00e1micas. <\/span><\/p>\n<\/div>[\/vc_column][vc_column width=\u00bb1\/6&#8243;][\/vc_column][\/vc_row][vc_row css_animation=\u00bb\u00bb row_type=\u00bbrow\u00bb use_row_as_full_screen_section=\u00bbno\u00bb type=\u00bbfull_width\u00bb angled_section=\u00bbno\u00bb text_align=\u00bbleft\u00bb background_image_as_pattern=\u00bbwithout_pattern\u00bb z_index=\u00bb\u00bb][vc_column css=\u00bb.vc_custom_1675691128266{margin-top: 80px !important;margin-bottom: 120px !important;}\u00bb]<div class=\"qode-advanced-image-gallery  qode-aig-slider-type qode-tiny-space   \">\n\t<div class=\"qode-aig-slider qode-owl-slider\" data-number-of-items=\"1\" data-enable-loop=\"yes\" data-enable-autoplay=\"yes\" data-slider-speed=\"5000\" data-slider-speed-animation=\"600\" data-slider-padding=\"yes\" data-enable-navigation=\"yes\" data-enable-pagination=\"yes\">\n\t\t\t\t\t<div class=\"qode-aig-image\">\n\t\t\t\t\t\t\t\t\t<img loading=\"lazy\" decoding=\"async\" width=\"1134\" height=\"755\" src=\"https:\/\/discovergallura.it\/wp-content\/uploads\/2023\/01\/Capo-Testa-Panorami-Scenic-Views-PortoCervo-Costa-Smeralda-Sardegna-Sardinia-Coast-CoastStyle-MC.jpg\" class=\"attachment-full size-full\" alt=\"\" srcset=\"https:\/\/discovergallura.it\/wp-content\/uploads\/2023\/01\/Capo-Testa-Panorami-Scenic-Views-PortoCervo-Costa-Smeralda-Sardegna-Sardinia-Coast-CoastStyle-MC.jpg 1134w, https:\/\/discovergallura.it\/wp-content\/uploads\/2023\/01\/Capo-Testa-Panorami-Scenic-Views-PortoCervo-Costa-Smeralda-Sardegna-Sardinia-Coast-CoastStyle-MC-300x200.jpg 300w, https:\/\/discovergallura.it\/wp-content\/uploads\/2023\/01\/Capo-Testa-Panorami-Scenic-Views-PortoCervo-Costa-Smeralda-Sardegna-Sardinia-Coast-CoastStyle-MC-1024x682.jpg 1024w, https:\/\/discovergallura.it\/wp-content\/uploads\/2023\/01\/Capo-Testa-Panorami-Scenic-Views-PortoCervo-Costa-Smeralda-Sardegna-Sardinia-Coast-CoastStyle-MC-768x511.jpg 768w, https:\/\/discovergallura.it\/wp-content\/uploads\/2023\/01\/Capo-Testa-Panorami-Scenic-Views-PortoCervo-Costa-Smeralda-Sardegna-Sardinia-Coast-CoastStyle-MC-700x466.jpg 700w\" sizes=\"auto, (max-width: 1134px) 100vw, 1134px\" \/>\t\t\t\t\t<span class=\"aig-gallery-hover\">\n\t\t\t\t\t\t\t\t\t\t\t<\/span>\n\t\t\t\t\t\t\t<\/div>\n\t\t\t\t\t\t\t\t<div class=\"qode-aig-image\">\n\t\t\t\t\t\t\t\t\t<img loading=\"lazy\" decoding=\"async\" width=\"1600\" height=\"900\" src=\"https:\/\/discovergallura.it\/wp-content\/uploads\/2023\/01\/FARO-CAPO-TESTA-SANTA-TERESA-GALLURA-SARDEGNA-LIGHTHOUSE-BONIFACIO-STRAIT-SARDINIA.jpeg\" class=\"attachment-full size-full\" alt=\"\" srcset=\"https:\/\/discovergallura.it\/wp-content\/uploads\/2023\/01\/FARO-CAPO-TESTA-SANTA-TERESA-GALLURA-SARDEGNA-LIGHTHOUSE-BONIFACIO-STRAIT-SARDINIA.jpeg 1600w, https:\/\/discovergallura.it\/wp-content\/uploads\/2023\/01\/FARO-CAPO-TESTA-SANTA-TERESA-GALLURA-SARDEGNA-LIGHTHOUSE-BONIFACIO-STRAIT-SARDINIA-300x169.jpeg 300w, https:\/\/discovergallura.it\/wp-content\/uploads\/2023\/01\/FARO-CAPO-TESTA-SANTA-TERESA-GALLURA-SARDEGNA-LIGHTHOUSE-BONIFACIO-STRAIT-SARDINIA-1024x576.jpeg 1024w, https:\/\/discovergallura.it\/wp-content\/uploads\/2023\/01\/FARO-CAPO-TESTA-SANTA-TERESA-GALLURA-SARDEGNA-LIGHTHOUSE-BONIFACIO-STRAIT-SARDINIA-768x432.jpeg 768w, https:\/\/discovergallura.it\/wp-content\/uploads\/2023\/01\/FARO-CAPO-TESTA-SANTA-TERESA-GALLURA-SARDEGNA-LIGHTHOUSE-BONIFACIO-STRAIT-SARDINIA-1536x864.jpeg 1536w, https:\/\/discovergallura.it\/wp-content\/uploads\/2023\/01\/FARO-CAPO-TESTA-SANTA-TERESA-GALLURA-SARDEGNA-LIGHTHOUSE-BONIFACIO-STRAIT-SARDINIA-700x394.jpeg 700w, https:\/\/discovergallura.it\/wp-content\/uploads\/2023\/01\/FARO-CAPO-TESTA-SANTA-TERESA-GALLURA-SARDEGNA-LIGHTHOUSE-BONIFACIO-STRAIT-SARDINIA-539x303.jpeg 539w\" sizes=\"auto, (max-width: 1600px) 100vw, 1600px\" \/>\t\t\t\t\t<span class=\"aig-gallery-hover\">\n\t\t\t\t\t\t\t\t\t\t\t<\/span>\n\t\t\t\t\t\t\t<\/div>\n\t\t\t\t\t\t\t\t<div class=\"qode-aig-image\">\n\t\t\t\t\t\t\t\t\t<img loading=\"lazy\" decoding=\"async\" width=\"1134\" height=\"898\" src=\"https:\/\/discovergallura.it\/wp-content\/uploads\/2023\/01\/FARO-CAPO-TESTA-SANTA-TERESA-GALLURA-SARDEGNA-LIGHTHOUSE-SARDINIA.jpg\" class=\"attachment-full size-full\" alt=\"\" srcset=\"https:\/\/discovergallura.it\/wp-content\/uploads\/2023\/01\/FARO-CAPO-TESTA-SANTA-TERESA-GALLURA-SARDEGNA-LIGHTHOUSE-SARDINIA.jpg 1134w, https:\/\/discovergallura.it\/wp-content\/uploads\/2023\/01\/FARO-CAPO-TESTA-SANTA-TERESA-GALLURA-SARDEGNA-LIGHTHOUSE-SARDINIA-300x238.jpg 300w, https:\/\/discovergallura.it\/wp-content\/uploads\/2023\/01\/FARO-CAPO-TESTA-SANTA-TERESA-GALLURA-SARDEGNA-LIGHTHOUSE-SARDINIA-1024x811.jpg 1024w, https:\/\/discovergallura.it\/wp-content\/uploads\/2023\/01\/FARO-CAPO-TESTA-SANTA-TERESA-GALLURA-SARDEGNA-LIGHTHOUSE-SARDINIA-768x608.jpg 768w, https:\/\/discovergallura.it\/wp-content\/uploads\/2023\/01\/FARO-CAPO-TESTA-SANTA-TERESA-GALLURA-SARDEGNA-LIGHTHOUSE-SARDINIA-700x554.jpg 700w\" sizes=\"auto, (max-width: 1134px) 100vw, 1134px\" \/>\t\t\t\t\t<span class=\"aig-gallery-hover\">\n\t\t\t\t\t\t\t\t\t\t\t<\/span>\n\t\t\t\t\t\t\t<\/div>\n\t\t\t\t\t\t<\/div>\n<\/div>[\/vc_column][\/vc_row]<\/p>\n<\/div>","protected":false},"excerpt":{"rendered":"<p>[vc_row css_animation=\u00bb\u00bb row_type=\u00bbrow\u00bb use_row_as_full_screen_section=\u00bbno\u00bb type=\u00bbgrid\u00bb angled_section=\u00bbno\u00bb text_align=\u00bbleft\u00bb background_image_as_pattern=\u00bbwithout_pattern\u00bb z_index=\u00bb\u00bb][vc_column css=\u00bb.vc_custom_1674214152573{margin-top: 80px !important;}\u00bb][vc_row_inner row_type=\u00bbrow\u00bb type=\u00bbfull_width\u00bb text_align=\u00bbleft\u00bb css_animation=\u00bb\u00bb][vc_column_inner width=\u00bb1\/2&#8243; css=\u00bb.vc_custom_1674212921568{margin-bottom: 110px !important;}\u00bb][vc_separator type=\u00bbsmall\u00bb position=\u00bbleft\u00bb color=\u00bb#3390b9&#8243; thickness=\u00bb4&#8243; width=\u00bb50&#8243;][\/vc_column_inner][vc_column_inner width=\u00bb1\/2&#8243;][\/vc_column_inner][\/vc_row_inner][vc_row_inner row_type=\u00bbrow\u00bb type=\u00bbfull_width\u00bb text_align=\u00bbleft\u00bb css_animation=\u00bb\u00bb][vc_column_inner width=\u00bb1\/2&#8243;][vc_single_image image=\u00bb503&#8243; img_size=\u00bbfull\u00bb qode_css_animation=\u00bb\u00bb][vc_empty_space][\/vc_column_inner][vc_column_inner width=\u00bb1\/2&#8243; css=\u00bb.vc_custom_1674212910857{margin-bottom: 80px !important;}\u00bb][vc_column_text] Construido en el siglo XIX, el faro&#8230;<\/p>\n","protected":false},"author":1,"featured_media":14335,"parent":15984,"menu_order":0,"comment_status":"closed","ping_status":"closed","template":"full_width.php","meta":{"inline_featured_image":false,"footnotes":""},"class_list":["post-15653","page","type-page","status-publish","has-post-thumbnail","hentry"],"_links":{"self":[{"href":"https:\/\/discovergallura.it\/es\/wp-json\/wp\/v2\/pages\/15653","targetHints":{"allow":["GET"]}}],"collection":[{"href":"https:\/\/discovergallura.it\/es\/wp-json\/wp\/v2\/pages"}],"about":[{"href":"https:\/\/discovergallura.it\/es\/wp-json\/wp\/v2\/types\/page"}],"author":[{"embeddable":true,"href":"https:\/\/discovergallura.it\/es\/wp-json\/wp\/v2\/users\/1"}],"replies":[{"embeddable":true,"href":"https:\/\/discovergallura.it\/es\/wp-json\/wp\/v2\/comments?post=15653"}],"version-history":[{"count":2,"href":"https:\/\/discovergallura.it\/es\/wp-json\/wp\/v2\/pages\/15653\/revisions"}],"predecessor-version":[{"id":15655,"href":"https:\/\/discovergallura.it\/es\/wp-json\/wp\/v2\/pages\/15653\/revisions\/15655"}],"up":[{"embeddable":true,"href":"https:\/\/discovergallura.it\/es\/wp-json\/wp\/v2\/pages\/15984"}],"wp:featuredmedia":[{"embeddable":true,"href":"https:\/\/discovergallura.it\/es\/wp-json\/wp\/v2\/media\/14335"}],"wp:attachment":[{"href":"https:\/\/discovergallura.it\/es\/wp-json\/wp\/v2\/media?parent=15653"}],"curies":[{"name":"wp","href":"https:\/\/api.w.org\/{rel}","templated":true}]}}