{"id":15670,"date":"2023-01-23T16:57:06","date_gmt":"2023-01-23T15:57:06","guid":{"rendered":"https:\/\/discovergallura.it\/torre-di-vignola\/"},"modified":"2023-07-11T16:51:29","modified_gmt":"2023-07-11T14:51:29","slug":"torre-di-vignola","status":"publish","type":"page","link":"https:\/\/discovergallura.it\/es\/le-torri\/torre-di-vignola\/","title":{"rendered":"Torre di Vignola"},"content":{"rendered":"<div class=\"wpb-content-wrapper\"><p>[vc_row css_animation=\u00bb\u00bb row_type=\u00bbrow\u00bb use_row_as_full_screen_section=\u00bbno\u00bb type=\u00bbgrid\u00bb angled_section=\u00bbno\u00bb text_align=\u00bbleft\u00bb background_image_as_pattern=\u00bbwithout_pattern\u00bb z_index=\u00bb\u00bb][vc_column css=\u00bb.vc_custom_1674214152573{margin-top: 80px !important;}\u00bb][vc_row_inner row_type=\u00bbrow\u00bb type=\u00bbfull_width\u00bb text_align=\u00bbleft\u00bb css_animation=\u00bb\u00bb][vc_column_inner width=\u00bb1\/2&#8243; css=\u00bb.vc_custom_1674212921568{margin-bottom: 110px !important;}\u00bb][vc_separator type=\u00bbsmall\u00bb position=\u00bbleft\u00bb color=\u00bb#3390b9&#8243; thickness=\u00bb4&#8243; width=\u00bb50&#8243;]<div class=\"custom_font_holder \" style=\"font-family: red hat display; font-style: normal; font-weight: 800; color: #3390b9; text-decoration: none; text-align: left; --qode-cf-font-size: 38px; --qode-cf-line-height: 39px; --qode-cf-font-size-1440: 38px; --qode-cf-line-height-1440: 39px; --qode-cf-font-size-1366: 38px; --qode-cf-line-height-1366: 39px; --qode-cf-font-size-1280: 38px; --qode-cf-line-height-1280: 39px; --qode-cf-font-size-1024: 38px; --qode-cf-line-height-1024: 39px; --qode-cf-font-size-768: 38px; --qode-cf-line-height-768: 39px; --qode-cf-font-size-680: 38px; --qode-cf-line-height-680: 39px; --qode-cf-font-size-480: 38px; --qode-cf-line-height-480: 39px;\">TORRE DE VIGNOLA<\/div>[\/vc_column_inner][vc_column_inner width=\u00bb1\/2&#8243;][\/vc_column_inner][\/vc_row_inner][vc_row_inner row_type=\u00bbrow\u00bb type=\u00bbfull_width\u00bb text_align=\u00bbleft\u00bb css_animation=\u00bb\u00bb][vc_column_inner width=\u00bb1\/2&#8243;][vc_single_image image=\u00bb1215&#8243; img_size=\u00bbfull\u00bb qode_css_animation=\u00bb\u00bb][vc_empty_space][\/vc_column_inner][vc_column_inner width=\u00bb1\/2&#8243; css=\u00bb.vc_custom_1674212910857{margin-bottom: 80px !important;}\u00bb][vc_column_text]<\/p>\n<p style=\"text-align: justify;\">La torre de Vignola, cerca del pueblo del mismo nombre en Vignola Mare, pertenece al sistema de protecci\u00f3n costera construido por los espa\u00f1oles. De doce metros de altura y forma troncoc\u00f3nica, se alza sobre una formaci\u00f3n rocosa de granito a unos 25 metros sobre el nivel del mar. Desde su privilegiada posici\u00f3n, es posible contemplar un vasto panorama que abarca las l\u00edmpidas aguas del Aglientu hasta la costa de C\u00f3rcega frente al estrecho de Bonifacio. De la torre de Vignola, adem\u00e1s, deriva el nombre de la cercana playa de La Turra.<\/p>\n<p>[\/vc_column_text][\/vc_column_inner][\/vc_row_inner][\/vc_column][\/vc_row][vc_row css_animation=\u00bb\u00bb row_type=\u00bbrow\u00bb use_row_as_full_screen_section=\u00bbno\u00bb type=\u00bbgrid\u00bb angled_section=\u00bbno\u00bb text_align=\u00bbleft\u00bb background_image_as_pattern=\u00bbwithout_pattern\u00bb z_index=\u00bb\u00bb][vc_column width=\u00bb1\/6&#8243;][\/vc_column][vc_column width=\u00bb2\/3&#8243; css=\u00bb.vc_custom_1674141388895{margin-top: 80px !important;}\u00bb offset=\u00bbvc_hidden-sm vc_hidden-xs\u00bb]<div class=\"custom_font_holder \" style=\"font-family: EB garamond; font-style: italic; font-weight: 500; text-decoration: none; text-align: left; --qode-cf-font-size: 24px; --qode-cf-line-height: 28px; --qode-cf-font-size-1440: 24px; --qode-cf-line-height-1440: 28px; --qode-cf-font-size-1366: 24px; --qode-cf-line-height-1366: 28px; --qode-cf-font-size-1280: 24px; --qode-cf-line-height-1280: 28px; --qode-cf-font-size-1024: 24px; --qode-cf-line-height-1024: 28px; --qode-cf-font-size-768: 24px; --qode-cf-line-height-768: 28px; --qode-cf-font-size-680: 24px; --qode-cf-line-height-680: 28px; --qode-cf-font-size-480: 24px; --qode-cf-line-height-480: 28px;\">\n<p style=\"text-align: center;\"><span style=\"font-size: 24pt;\">Situado en un paisaje fascinante, ofrece emocionantes vistas panor\u00e1micas.<\/span><\/p>\n<\/div>[\/vc_column][vc_column width=\u00bb1\/6&#8243;][\/vc_column][\/vc_row][vc_row css_animation=\u00bb\u00bb row_type=\u00bbrow\u00bb use_row_as_full_screen_section=\u00bbno\u00bb type=\u00bbfull_width\u00bb angled_section=\u00bbno\u00bb text_align=\u00bbleft\u00bb background_image_as_pattern=\u00bbwithout_pattern\u00bb z_index=\u00bb\u00bb][vc_column css=\u00bb.vc_custom_1675690726700{margin-top: 80px !important;margin-bottom: 120px !important;}\u00bb]<div class=\"qode-advanced-image-gallery  qode-aig-slider-type qode-tiny-space   \">\n\t<div class=\"qode-aig-slider qode-owl-slider\" data-number-of-items=\"1\" data-enable-loop=\"yes\" data-enable-autoplay=\"yes\" data-slider-speed=\"5000\" data-slider-speed-animation=\"600\" data-slider-padding=\"yes\" data-enable-navigation=\"yes\" data-enable-pagination=\"yes\">\n\t\t\t\t\t<div class=\"qode-aig-image\">\n\t\t\t\t\t\t\t\t\t<img loading=\"lazy\" decoding=\"async\" width=\"1134\" height=\"756\" src=\"https:\/\/discovergallura.it\/wp-content\/uploads\/2023\/01\/shutterstock_1362027779.jpg\" class=\"attachment-full size-full\" alt=\"\" srcset=\"https:\/\/discovergallura.it\/wp-content\/uploads\/2023\/01\/shutterstock_1362027779.jpg 1134w, https:\/\/discovergallura.it\/wp-content\/uploads\/2023\/01\/shutterstock_1362027779-300x200.jpg 300w, https:\/\/discovergallura.it\/wp-content\/uploads\/2023\/01\/shutterstock_1362027779-1024x683.jpg 1024w, https:\/\/discovergallura.it\/wp-content\/uploads\/2023\/01\/shutterstock_1362027779-768x512.jpg 768w, https:\/\/discovergallura.it\/wp-content\/uploads\/2023\/01\/shutterstock_1362027779-700x467.jpg 700w\" sizes=\"auto, (max-width: 1134px) 100vw, 1134px\" \/>\t\t\t\t\t<span class=\"aig-gallery-hover\">\n\t\t\t\t\t\t\t\t\t\t\t<\/span>\n\t\t\t\t\t\t\t<\/div>\n\t\t\t\t\t\t\t\t<div class=\"qode-aig-image\">\n\t\t\t\t\t\t\t\t\t<img loading=\"lazy\" decoding=\"async\" width=\"960\" height=\"720\" src=\"https:\/\/discovergallura.it\/wp-content\/uploads\/2023\/01\/shutterstock_1994626427.jpg\" class=\"attachment-full size-full\" alt=\"\" srcset=\"https:\/\/discovergallura.it\/wp-content\/uploads\/2023\/01\/shutterstock_1994626427.jpg 960w, https:\/\/discovergallura.it\/wp-content\/uploads\/2023\/01\/shutterstock_1994626427-300x225.jpg 300w, https:\/\/discovergallura.it\/wp-content\/uploads\/2023\/01\/shutterstock_1994626427-768x576.jpg 768w, https:\/\/discovergallura.it\/wp-content\/uploads\/2023\/01\/shutterstock_1994626427-800x600.jpg 800w, https:\/\/discovergallura.it\/wp-content\/uploads\/2023\/01\/shutterstock_1994626427-700x525.jpg 700w\" sizes=\"auto, (max-width: 960px) 100vw, 960px\" \/>\t\t\t\t\t<span class=\"aig-gallery-hover\">\n\t\t\t\t\t\t\t\t\t\t\t<\/span>\n\t\t\t\t\t\t\t<\/div>\n\t\t\t\t\t\t\t\t<div class=\"qode-aig-image\">\n\t\t\t\t\t\t\t\t\t<img loading=\"lazy\" decoding=\"async\" width=\"929\" height=\"622\" src=\"https:\/\/discovergallura.it\/wp-content\/uploads\/2023\/01\/shutterstock_2116129772.jpg\" class=\"attachment-full size-full\" alt=\"\" srcset=\"https:\/\/discovergallura.it\/wp-content\/uploads\/2023\/01\/shutterstock_2116129772.jpg 929w, https:\/\/discovergallura.it\/wp-content\/uploads\/2023\/01\/shutterstock_2116129772-300x201.jpg 300w, https:\/\/discovergallura.it\/wp-content\/uploads\/2023\/01\/shutterstock_2116129772-768x514.jpg 768w, https:\/\/discovergallura.it\/wp-content\/uploads\/2023\/01\/shutterstock_2116129772-700x469.jpg 700w\" sizes=\"auto, (max-width: 929px) 100vw, 929px\" \/>\t\t\t\t\t<span class=\"aig-gallery-hover\">\n\t\t\t\t\t\t\t\t\t\t\t<\/span>\n\t\t\t\t\t\t\t<\/div>\n\t\t\t\t\t\t<\/div>\n<\/div>[\/vc_column][\/vc_row]<\/p>\n<\/div>","protected":false},"excerpt":{"rendered":"<p>[vc_row css_animation=\u00bb\u00bb row_type=\u00bbrow\u00bb use_row_as_full_screen_section=\u00bbno\u00bb type=\u00bbgrid\u00bb angled_section=\u00bbno\u00bb text_align=\u00bbleft\u00bb background_image_as_pattern=\u00bbwithout_pattern\u00bb z_index=\u00bb\u00bb][vc_column css=\u00bb.vc_custom_1674214152573{margin-top: 80px !important;}\u00bb][vc_row_inner row_type=\u00bbrow\u00bb type=\u00bbfull_width\u00bb text_align=\u00bbleft\u00bb css_animation=\u00bb\u00bb][vc_column_inner width=\u00bb1\/2&#8243; css=\u00bb.vc_custom_1674212921568{margin-bottom: 110px !important;}\u00bb][vc_separator type=\u00bbsmall\u00bb position=\u00bbleft\u00bb color=\u00bb#3390b9&#8243; thickness=\u00bb4&#8243; width=\u00bb50&#8243;][\/vc_column_inner][vc_column_inner width=\u00bb1\/2&#8243;][\/vc_column_inner][\/vc_row_inner][vc_row_inner row_type=\u00bbrow\u00bb type=\u00bbfull_width\u00bb text_align=\u00bbleft\u00bb css_animation=\u00bb\u00bb][vc_column_inner width=\u00bb1\/2&#8243;][vc_single_image image=\u00bb1215&#8243; img_size=\u00bbfull\u00bb qode_css_animation=\u00bb\u00bb][vc_empty_space][\/vc_column_inner][vc_column_inner width=\u00bb1\/2&#8243; css=\u00bb.vc_custom_1674212910857{margin-bottom: 80px !important;}\u00bb][vc_column_text] La torre de Vignola, cerca del pueblo&#8230;<\/p>\n","protected":false},"author":1,"featured_media":14902,"parent":15986,"menu_order":0,"comment_status":"closed","ping_status":"closed","template":"full_width.php","meta":{"inline_featured_image":false,"footnotes":""},"class_list":["post-15670","page","type-page","status-publish","has-post-thumbnail","hentry"],"_links":{"self":[{"href":"https:\/\/discovergallura.it\/es\/wp-json\/wp\/v2\/pages\/15670","targetHints":{"allow":["GET"]}}],"collection":[{"href":"https:\/\/discovergallura.it\/es\/wp-json\/wp\/v2\/pages"}],"about":[{"href":"https:\/\/discovergallura.it\/es\/wp-json\/wp\/v2\/types\/page"}],"author":[{"embeddable":true,"href":"https:\/\/discovergallura.it\/es\/wp-json\/wp\/v2\/users\/1"}],"replies":[{"embeddable":true,"href":"https:\/\/discovergallura.it\/es\/wp-json\/wp\/v2\/comments?post=15670"}],"version-history":[{"count":2,"href":"https:\/\/discovergallura.it\/es\/wp-json\/wp\/v2\/pages\/15670\/revisions"}],"predecessor-version":[{"id":15672,"href":"https:\/\/discovergallura.it\/es\/wp-json\/wp\/v2\/pages\/15670\/revisions\/15672"}],"up":[{"embeddable":true,"href":"https:\/\/discovergallura.it\/es\/wp-json\/wp\/v2\/pages\/15986"}],"wp:featuredmedia":[{"embeddable":true,"href":"https:\/\/discovergallura.it\/es\/wp-json\/wp\/v2\/media\/14902"}],"wp:attachment":[{"href":"https:\/\/discovergallura.it\/es\/wp-json\/wp\/v2\/media?parent=15670"}],"curies":[{"name":"wp","href":"https:\/\/api.w.org\/{rel}","templated":true}]}}