{"id":15687,"date":"2023-01-20T15:33:58","date_gmt":"2023-01-20T14:33:58","guid":{"rendered":"https:\/\/discovergallura.it\/musei\/museo-del-banditismo\/"},"modified":"2023-07-11T17:27:23","modified_gmt":"2023-07-11T15:27:23","slug":"museo-del-banditismo","status":"publish","type":"page","link":"https:\/\/discovergallura.it\/es\/arte-e-cultura\/musei\/museo-del-banditismo\/","title":{"rendered":"Museo del banditismo"},"content":{"rendered":"<div class=\"wpb-content-wrapper\"><p>[vc_row css_animation=\u00bb\u00bb row_type=\u00bbrow\u00bb use_row_as_full_screen_section=\u00bbno\u00bb type=\u00bbgrid\u00bb angled_section=\u00bbno\u00bb text_align=\u00bbleft\u00bb background_image_as_pattern=\u00bbwithout_pattern\u00bb z_index=\u00bb\u00bb][vc_column css=\u00bb.vc_custom_1674214152573{margin-top: 80px !important;}\u00bb][vc_row_inner row_type=\u00bbrow\u00bb type=\u00bbfull_width\u00bb text_align=\u00bbleft\u00bb css_animation=\u00bb\u00bb][vc_column_inner width=\u00bb2\/3&#8243; css=\u00bb.vc_custom_1674212921568{margin-bottom: 110px !important;}\u00bb][vc_separator type=\u00bbsmall\u00bb position=\u00bbleft\u00bb color=\u00bb#3390b9&#8243; thickness=\u00bb4&#8243; width=\u00bb50&#8243;]<div class=\"custom_font_holder \" style=\"font-family: red hat display; font-style: normal; font-weight: 800; color: #3390b9; text-decoration: none; text-align: left; --qode-cf-font-size: 38px; --qode-cf-line-height: 39px; --qode-cf-font-size-1440: 38px; --qode-cf-line-height-1440: 39px; --qode-cf-font-size-1366: 38px; --qode-cf-line-height-1366: 39px; --qode-cf-font-size-1280: 38px; --qode-cf-line-height-1280: 39px; --qode-cf-font-size-1024: 38px; --qode-cf-line-height-1024: 39px; --qode-cf-font-size-768: 38px; --qode-cf-line-height-768: 39px; --qode-cf-font-size-680: 38px; --qode-cf-line-height-680: 39px; --qode-cf-font-size-480: 38px; --qode-cf-line-height-480: 39px;\">MUSEO DEL BANDOLERISMO<\/div>[vc_column_text]<span style=\"background-color: #fcc124;\">\u00a0AGGIUS\u00a0<\/span>[\/vc_column_text][\/vc_column_inner][vc_column_inner width=\u00bb1\/3&#8243;][\/vc_column_inner][\/vc_row_inner][vc_row_inner row_type=\u00bbrow\u00bb type=\u00bbfull_width\u00bb text_align=\u00bbleft\u00bb css_animation=\u00bb\u00bb][vc_column_inner width=\u00bb1\/2&#8243;][vc_single_image image=\u00bb577&#8243; img_size=\u00bbfull\u00bb qode_css_animation=\u00bb\u00bb][vc_empty_space][\/vc_column_inner][vc_column_inner width=\u00bb1\/2&#8243; css=\u00bb.vc_custom_1674212910857{margin-bottom: 80px !important;}\u00bb][vc_column_text]<\/p>\n<p style=\"text-align: justify;\">Agio fue el epicentro del bandolerismo galur\u00e9s durante unos tres siglos. El objetivo de este museo es difundir valores positivos para la construcci\u00f3n de una mentalidad que favorezca la afirmaci\u00f3n de la legalidad y la moralidad p\u00fablica a todos los niveles. Instalado no por casualidad en el edificio del antiguo Tribunal de Magistrados, est\u00e1 situado en la parte m\u00e1s antigua de la ciudad. El recorrido de la exposici\u00f3n se divide en cuatro salas que albergan bella documentaci\u00f3n y objetos dignos de ver. Una vitrina est\u00e1 dedicada al bandido \u00e1grafo Sebastiano Tansu, \u00abel Mudo de Gallura\u00bb, personaje que inspir\u00f3 la novela del mismo nombre.<\/p>\n<p>[\/vc_column_text][\/vc_column_inner][\/vc_row_inner][\/vc_column][\/vc_row][vc_row css_animation=\u00bb\u00bb row_type=\u00bbrow\u00bb use_row_as_full_screen_section=\u00bbno\u00bb type=\u00bbgrid\u00bb angled_section=\u00bbno\u00bb text_align=\u00bbleft\u00bb background_image_as_pattern=\u00bbwithout_pattern\u00bb z_index=\u00bb\u00bb][vc_column width=\u00bb1\/6&#8243;][\/vc_column][vc_column width=\u00bb2\/3&#8243; css=\u00bb.vc_custom_1674141388895{margin-top: 80px !important;}\u00bb offset=\u00bbvc_hidden-sm vc_hidden-xs\u00bb]<div class=\"custom_font_holder \" style=\"font-family: EB garamond; font-style: italic; font-weight: 500; text-decoration: none; text-align: left; --qode-cf-font-size: 24px; --qode-cf-line-height: 28px; --qode-cf-font-size-1440: 24px; --qode-cf-line-height-1440: 28px; --qode-cf-font-size-1366: 24px; --qode-cf-line-height-1366: 28px; --qode-cf-font-size-1280: 24px; --qode-cf-line-height-1280: 28px; --qode-cf-font-size-1024: 24px; --qode-cf-line-height-1024: 28px; --qode-cf-font-size-768: 24px; --qode-cf-line-height-768: 28px; --qode-cf-font-size-680: 24px; --qode-cf-line-height-680: 28px; --qode-cf-font-size-480: 24px; --qode-cf-line-height-480: 28px;\">\n<p style=\"text-align: center;\"><span style=\"font-size: 24pt;\">Un recorrido expositivo rico en documentaci\u00f3n y objetos, una vitrina<\/span><br \/>\n<span style=\"font-size: 24pt;\">enteramente dedicada al \u00abMuto di Gallura\u00bb. <\/span><\/p>\n<\/div>[\/vc_column][vc_column width=\u00bb1\/6&#8243;][\/vc_column][\/vc_row][vc_row css_animation=\u00bb\u00bb row_type=\u00bbrow\u00bb use_row_as_full_screen_section=\u00bbno\u00bb type=\u00bbfull_width\u00bb angled_section=\u00bbno\u00bb text_align=\u00bbleft\u00bb background_image_as_pattern=\u00bbwithout_pattern\u00bb z_index=\u00bb\u00bb][vc_column css=\u00bb.vc_custom_1675696193230{margin-top: 80px !important;margin-bottom: 120px !important;}\u00bb]<div class=\"qode-advanced-image-gallery  qode-aig-slider-type qode-tiny-space   \">\n\t<div class=\"qode-aig-slider qode-owl-slider\" data-number-of-items=\"1\" data-enable-loop=\"yes\" data-enable-autoplay=\"yes\" data-slider-speed=\"5000\" data-slider-speed-animation=\"600\" data-slider-padding=\"yes\" data-enable-navigation=\"yes\" data-enable-pagination=\"yes\">\n\t\t\t\t\t<div class=\"qode-aig-image\">\n\t\t\t\t\t\t\t\t\t<img loading=\"lazy\" decoding=\"async\" width=\"1134\" height=\"680\" src=\"https:\/\/discovergallura.it\/wp-content\/uploads\/2023\/01\/museo-banditismo-aggius-sardegna-1.jpg\" class=\"attachment-full size-full\" alt=\"\" srcset=\"https:\/\/discovergallura.it\/wp-content\/uploads\/2023\/01\/museo-banditismo-aggius-sardegna-1.jpg 1134w, https:\/\/discovergallura.it\/wp-content\/uploads\/2023\/01\/museo-banditismo-aggius-sardegna-1-300x180.jpg 300w, https:\/\/discovergallura.it\/wp-content\/uploads\/2023\/01\/museo-banditismo-aggius-sardegna-1-1024x614.jpg 1024w, https:\/\/discovergallura.it\/wp-content\/uploads\/2023\/01\/museo-banditismo-aggius-sardegna-1-768x461.jpg 768w, https:\/\/discovergallura.it\/wp-content\/uploads\/2023\/01\/museo-banditismo-aggius-sardegna-1-700x420.jpg 700w\" sizes=\"auto, (max-width: 1134px) 100vw, 1134px\" \/>\t\t\t\t\t<span class=\"aig-gallery-hover\">\n\t\t\t\t\t\t\t\t\t\t\t<\/span>\n\t\t\t\t\t\t\t<\/div>\n\t\t\t\t\t\t\t\t<div class=\"qode-aig-image\">\n\t\t\t\t\t\t\t\t\t<img loading=\"lazy\" decoding=\"async\" width=\"1280\" height=\"768\" src=\"https:\/\/discovergallura.it\/wp-content\/uploads\/2023\/01\/anello-fidanzamento-muto-gallura-museo-aggius.jpeg\" class=\"attachment-full size-full\" alt=\"\" srcset=\"https:\/\/discovergallura.it\/wp-content\/uploads\/2023\/01\/anello-fidanzamento-muto-gallura-museo-aggius.jpeg 1280w, https:\/\/discovergallura.it\/wp-content\/uploads\/2023\/01\/anello-fidanzamento-muto-gallura-museo-aggius-300x180.jpeg 300w, https:\/\/discovergallura.it\/wp-content\/uploads\/2023\/01\/anello-fidanzamento-muto-gallura-museo-aggius-1024x614.jpeg 1024w, https:\/\/discovergallura.it\/wp-content\/uploads\/2023\/01\/anello-fidanzamento-muto-gallura-museo-aggius-768x461.jpeg 768w, https:\/\/discovergallura.it\/wp-content\/uploads\/2023\/01\/anello-fidanzamento-muto-gallura-museo-aggius-700x420.jpeg 700w\" sizes=\"auto, (max-width: 1280px) 100vw, 1280px\" \/>\t\t\t\t\t<span class=\"aig-gallery-hover\">\n\t\t\t\t\t\t\t\t\t\t\t<\/span>\n\t\t\t\t\t\t\t<\/div>\n\t\t\t\t\t\t\t\t<div class=\"qode-aig-image\">\n\t\t\t\t\t\t\t\t\t<img loading=\"lazy\" decoding=\"async\" width=\"1280\" height=\"768\" src=\"https:\/\/discovergallura.it\/wp-content\/uploads\/2023\/01\/foto-segnaletica-banditi-museo-banditismo-aggius-sardegna.jpeg\" class=\"attachment-full size-full\" alt=\"\" srcset=\"https:\/\/discovergallura.it\/wp-content\/uploads\/2023\/01\/foto-segnaletica-banditi-museo-banditismo-aggius-sardegna.jpeg 1280w, https:\/\/discovergallura.it\/wp-content\/uploads\/2023\/01\/foto-segnaletica-banditi-museo-banditismo-aggius-sardegna-300x180.jpeg 300w, https:\/\/discovergallura.it\/wp-content\/uploads\/2023\/01\/foto-segnaletica-banditi-museo-banditismo-aggius-sardegna-1024x614.jpeg 1024w, https:\/\/discovergallura.it\/wp-content\/uploads\/2023\/01\/foto-segnaletica-banditi-museo-banditismo-aggius-sardegna-768x461.jpeg 768w, https:\/\/discovergallura.it\/wp-content\/uploads\/2023\/01\/foto-segnaletica-banditi-museo-banditismo-aggius-sardegna-700x420.jpeg 700w\" sizes=\"auto, (max-width: 1280px) 100vw, 1280px\" \/>\t\t\t\t\t<span class=\"aig-gallery-hover\">\n\t\t\t\t\t\t\t\t\t\t\t<\/span>\n\t\t\t\t\t\t\t<\/div>\n\t\t\t\t\t\t\t\t<div class=\"qode-aig-image\">\n\t\t\t\t\t\t\t\t\t<img loading=\"lazy\" decoding=\"async\" width=\"1280\" height=\"768\" src=\"https:\/\/discovergallura.it\/wp-content\/uploads\/2023\/01\/museo-banditismo-aggius-materiale-storico.jpeg\" class=\"attachment-full size-full\" alt=\"\" srcset=\"https:\/\/discovergallura.it\/wp-content\/uploads\/2023\/01\/museo-banditismo-aggius-materiale-storico.jpeg 1280w, https:\/\/discovergallura.it\/wp-content\/uploads\/2023\/01\/museo-banditismo-aggius-materiale-storico-300x180.jpeg 300w, https:\/\/discovergallura.it\/wp-content\/uploads\/2023\/01\/museo-banditismo-aggius-materiale-storico-1024x614.jpeg 1024w, https:\/\/discovergallura.it\/wp-content\/uploads\/2023\/01\/museo-banditismo-aggius-materiale-storico-768x461.jpeg 768w, https:\/\/discovergallura.it\/wp-content\/uploads\/2023\/01\/museo-banditismo-aggius-materiale-storico-700x420.jpeg 700w\" sizes=\"auto, (max-width: 1280px) 100vw, 1280px\" \/>\t\t\t\t\t<span class=\"aig-gallery-hover\">\n\t\t\t\t\t\t\t\t\t\t\t<\/span>\n\t\t\t\t\t\t\t<\/div>\n\t\t\t\t\t\t\t\t<div class=\"qode-aig-image\">\n\t\t\t\t\t\t\t\t\t<img loading=\"lazy\" decoding=\"async\" width=\"1106\" height=\"737\" src=\"https:\/\/discovergallura.it\/wp-content\/uploads\/2023\/01\/shutterstock_1458251519.jpg\" class=\"attachment-full size-full\" alt=\"\" srcset=\"https:\/\/discovergallura.it\/wp-content\/uploads\/2023\/01\/shutterstock_1458251519.jpg 1106w, https:\/\/discovergallura.it\/wp-content\/uploads\/2023\/01\/shutterstock_1458251519-300x200.jpg 300w, https:\/\/discovergallura.it\/wp-content\/uploads\/2023\/01\/shutterstock_1458251519-1024x682.jpg 1024w, https:\/\/discovergallura.it\/wp-content\/uploads\/2023\/01\/shutterstock_1458251519-768x512.jpg 768w, https:\/\/discovergallura.it\/wp-content\/uploads\/2023\/01\/shutterstock_1458251519-700x466.jpg 700w\" sizes=\"auto, (max-width: 1106px) 100vw, 1106px\" \/>\t\t\t\t\t<span class=\"aig-gallery-hover\">\n\t\t\t\t\t\t\t\t\t\t\t<\/span>\n\t\t\t\t\t\t\t<\/div>\n\t\t\t\t\t\t<\/div>\n<\/div>[\/vc_column][\/vc_row]<\/p>\n<\/div>","protected":false},"excerpt":{"rendered":"<p>[vc_row css_animation=\u00bb\u00bb row_type=\u00bbrow\u00bb use_row_as_full_screen_section=\u00bbno\u00bb type=\u00bbgrid\u00bb angled_section=\u00bbno\u00bb text_align=\u00bbleft\u00bb background_image_as_pattern=\u00bbwithout_pattern\u00bb z_index=\u00bb\u00bb][vc_column css=\u00bb.vc_custom_1674214152573{margin-top: 80px !important;}\u00bb][vc_row_inner row_type=\u00bbrow\u00bb type=\u00bbfull_width\u00bb text_align=\u00bbleft\u00bb css_animation=\u00bb\u00bb][vc_column_inner width=\u00bb2\/3&#8243; css=\u00bb.vc_custom_1674212921568{margin-bottom: 110px !important;}\u00bb][vc_separator type=\u00bbsmall\u00bb position=\u00bbleft\u00bb color=\u00bb#3390b9&#8243; thickness=\u00bb4&#8243; width=\u00bb50&#8243;][vc_column_text]\u00a0AGGIUS\u00a0[\/vc_column_text][\/vc_column_inner][vc_column_inner width=\u00bb1\/3&#8243;][\/vc_column_inner][\/vc_row_inner][vc_row_inner row_type=\u00bbrow\u00bb type=\u00bbfull_width\u00bb text_align=\u00bbleft\u00bb css_animation=\u00bb\u00bb][vc_column_inner width=\u00bb1\/2&#8243;][vc_single_image image=\u00bb577&#8243; img_size=\u00bbfull\u00bb qode_css_animation=\u00bb\u00bb][vc_empty_space][\/vc_column_inner][vc_column_inner width=\u00bb1\/2&#8243; css=\u00bb.vc_custom_1674212910857{margin-bottom: 80px !important;}\u00bb][vc_column_text] Agio fue el epicentro del bandolerismo galur\u00e9s&#8230;<\/p>\n","protected":false},"author":1,"featured_media":14387,"parent":15678,"menu_order":0,"comment_status":"closed","ping_status":"closed","template":"full_width.php","meta":{"inline_featured_image":false,"footnotes":""},"class_list":["post-15687","page","type-page","status-publish","has-post-thumbnail","hentry"],"_links":{"self":[{"href":"https:\/\/discovergallura.it\/es\/wp-json\/wp\/v2\/pages\/15687","targetHints":{"allow":["GET"]}}],"collection":[{"href":"https:\/\/discovergallura.it\/es\/wp-json\/wp\/v2\/pages"}],"about":[{"href":"https:\/\/discovergallura.it\/es\/wp-json\/wp\/v2\/types\/page"}],"author":[{"embeddable":true,"href":"https:\/\/discovergallura.it\/es\/wp-json\/wp\/v2\/users\/1"}],"replies":[{"embeddable":true,"href":"https:\/\/discovergallura.it\/es\/wp-json\/wp\/v2\/comments?post=15687"}],"version-history":[{"count":2,"href":"https:\/\/discovergallura.it\/es\/wp-json\/wp\/v2\/pages\/15687\/revisions"}],"predecessor-version":[{"id":15689,"href":"https:\/\/discovergallura.it\/es\/wp-json\/wp\/v2\/pages\/15687\/revisions\/15689"}],"up":[{"embeddable":true,"href":"https:\/\/discovergallura.it\/es\/wp-json\/wp\/v2\/pages\/15678"}],"wp:featuredmedia":[{"embeddable":true,"href":"https:\/\/discovergallura.it\/es\/wp-json\/wp\/v2\/media\/14387"}],"wp:attachment":[{"href":"https:\/\/discovergallura.it\/es\/wp-json\/wp\/v2\/media?parent=15687"}],"curies":[{"name":"wp","href":"https:\/\/api.w.org\/{rel}","templated":true}]}}