{"id":15729,"date":"2023-01-24T10:53:39","date_gmt":"2023-01-24T09:53:39","guid":{"rendered":"https:\/\/discovergallura.it\/murales\/murales-scalinata-di-arzachena\/"},"modified":"2023-07-11T18:01:14","modified_gmt":"2023-07-11T16:01:14","slug":"murales-scalinata-di-arzachena","status":"publish","type":"page","link":"https:\/\/discovergallura.it\/es\/arte-e-cultura\/murales\/murales-scalinata-di-arzachena\/","title":{"rendered":"Murales scalinata di Arzachena"},"content":{"rendered":"<div class=\"wpb-content-wrapper\"><p>[vc_row css_animation=\u00bb\u00bb row_type=\u00bbrow\u00bb use_row_as_full_screen_section=\u00bbno\u00bb type=\u00bbgrid\u00bb angled_section=\u00bbno\u00bb text_align=\u00bbleft\u00bb background_image_as_pattern=\u00bbwithout_pattern\u00bb z_index=\u00bb\u00bb][vc_column css=\u00bb.vc_custom_1674214152573{margin-top: 80px !important;}\u00bb][vc_row_inner row_type=\u00bbrow\u00bb type=\u00bbfull_width\u00bb text_align=\u00bbleft\u00bb css_animation=\u00bb\u00bb][vc_column_inner width=\u00bb2\/3&#8243; css=\u00bb.vc_custom_1674212921568{margin-bottom: 110px !important;}\u00bb][vc_separator type=\u00bbsmall\u00bb position=\u00bbleft\u00bb color=\u00bb#3390b9&#8243; thickness=\u00bb4&#8243; width=\u00bb50&#8243;]<div class=\"custom_font_holder \" style=\"font-family: red hat display; font-style: normal; font-weight: 800; color: #3390b9; text-decoration: none; text-align: left; --qode-cf-font-size: 38px; --qode-cf-line-height: 39px; --qode-cf-font-size-1440: 38px; --qode-cf-line-height-1440: 39px; --qode-cf-font-size-1366: 38px; --qode-cf-line-height-1366: 39px; --qode-cf-font-size-1280: 38px; --qode-cf-line-height-1280: 39px; --qode-cf-font-size-1024: 38px; --qode-cf-line-height-1024: 39px; --qode-cf-font-size-768: 38px; --qode-cf-line-height-768: 39px; --qode-cf-font-size-680: 38px; --qode-cf-line-height-680: 39px; --qode-cf-font-size-480: 38px; --qode-cf-line-height-480: 39px;\">MURALES DE LA ESCALERA DE ARZACHENA<\/div>[\/vc_column_inner][vc_column_inner width=\u00bb1\/3&#8243;][\/vc_column_inner][\/vc_row_inner][vc_row_inner row_type=\u00bbrow\u00bb type=\u00bbfull_width\u00bb text_align=\u00bbleft\u00bb css_animation=\u00bb\u00bb][vc_column_inner width=\u00bb1\/2&#8243;][vc_single_image image=\u00bb1541&#8243; img_size=\u00bbfull\u00bb qode_css_animation=\u00bb\u00bb][vc_empty_space][\/vc_column_inner][vc_column_inner width=\u00bb1\/2&#8243; css=\u00bb.vc_custom_1674212910857{margin-bottom: 80px !important;}\u00bb][vc_column_text]<\/p>\n<p style=\"text-align: justify;\">Con motivo del centenario del municipio de Arzachena, varios artistas han querido recordar a trav\u00e9s del arte su larga e importante historia. Un conjunto de visiones y fragmentos de im\u00e1genes que, a modo de postales, evocan y narran la variedad del paisaje con sus colores estacionales, sus formas gran\u00edticas, su vegetaci\u00f3n baja y densa, el mar y los aromas de Gallura. Estas im\u00e1genes se mezclan y entrecruzan, creando diferentes posibilidades de lectura para quien sube las escaleras de Santa Luc\u00eda: un espacio por el que pasear y en el que sumergirse para redescubrir esa sensaci\u00f3n de libertad que nos inspira la naturaleza.<\/p>\n<p>[\/vc_column_text][\/vc_column_inner][\/vc_row_inner][\/vc_column][\/vc_row][vc_row css_animation=\u00bb\u00bb row_type=\u00bbrow\u00bb use_row_as_full_screen_section=\u00bbno\u00bb type=\u00bbgrid\u00bb angled_section=\u00bbno\u00bb text_align=\u00bbleft\u00bb background_image_as_pattern=\u00bbwithout_pattern\u00bb z_index=\u00bb\u00bb][vc_column width=\u00bb1\/6&#8243;][\/vc_column][vc_column width=\u00bb2\/3&#8243; css=\u00bb.vc_custom_1674141388895{margin-top: 80px !important;}\u00bb offset=\u00bbvc_hidden-sm vc_hidden-xs\u00bb]<div class=\"custom_font_holder \" style=\"font-family: EB garamond; font-style: italic; font-weight: 500; text-decoration: none; text-align: left; --qode-cf-font-size: 24px; --qode-cf-line-height: 28px; --qode-cf-font-size-1440: 24px; --qode-cf-line-height-1440: 28px; --qode-cf-font-size-1366: 24px; --qode-cf-line-height-1366: 28px; --qode-cf-font-size-1280: 24px; --qode-cf-line-height-1280: 28px; --qode-cf-font-size-1024: 24px; --qode-cf-line-height-1024: 28px; --qode-cf-font-size-768: 24px; --qode-cf-line-height-768: 28px; --qode-cf-font-size-680: 24px; --qode-cf-line-height-680: 28px; --qode-cf-font-size-480: 24px; --qode-cf-line-height-480: 28px;\">\n<p style=\"text-align: center;\"><span style=\"font-size: 24pt;\">Una colorida escalera hacia la iglesia. <\/span><\/p>\n<\/div>[\/vc_column][vc_column width=\u00bb1\/6&#8243;][\/vc_column][\/vc_row][vc_row css_animation=\u00bb\u00bb row_type=\u00bbrow\u00bb use_row_as_full_screen_section=\u00bbno\u00bb type=\u00bbfull_width\u00bb angled_section=\u00bbno\u00bb text_align=\u00bbleft\u00bb background_image_as_pattern=\u00bbwithout_pattern\u00bb z_index=\u00bb\u00bb][vc_column css=\u00bb.vc_custom_1675696980654{margin-top: 80px !important;margin-bottom: 120px !important;}\u00bb]<div class=\"qode-advanced-image-gallery  qode-aig-slider-type qode-tiny-space   \">\n\t<div class=\"qode-aig-slider qode-owl-slider\" data-number-of-items=\"1\" data-enable-loop=\"yes\" data-enable-autoplay=\"yes\" data-slider-speed=\"5000\" data-slider-speed-animation=\"600\" data-slider-padding=\"yes\" data-enable-navigation=\"yes\" data-enable-pagination=\"yes\">\n\t\t\t\t\t<div class=\"qode-aig-image\">\n\t\t\t\t\t\t\t\t\t<img loading=\"lazy\" decoding=\"async\" width=\"1440\" height=\"670\" src=\"https:\/\/discovergallura.it\/wp-content\/uploads\/2023\/01\/image.jpeg\" class=\"attachment-full size-full\" alt=\"\" srcset=\"https:\/\/discovergallura.it\/wp-content\/uploads\/2023\/01\/image.jpeg 1440w, https:\/\/discovergallura.it\/wp-content\/uploads\/2023\/01\/image-300x140.jpeg 300w, https:\/\/discovergallura.it\/wp-content\/uploads\/2023\/01\/image-1024x476.jpeg 1024w, https:\/\/discovergallura.it\/wp-content\/uploads\/2023\/01\/image-768x357.jpeg 768w, https:\/\/discovergallura.it\/wp-content\/uploads\/2023\/01\/image-700x326.jpeg 700w\" sizes=\"auto, (max-width: 1440px) 100vw, 1440px\" \/>\t\t\t\t\t<span class=\"aig-gallery-hover\">\n\t\t\t\t\t\t\t\t\t\t\t<\/span>\n\t\t\t\t\t\t\t<\/div>\n\t\t\t\t\t\t\t\t<div class=\"qode-aig-image\">\n\t\t\t\t\t\t\t\t\t<img loading=\"lazy\" decoding=\"async\" width=\"1280\" height=\"720\" src=\"https:\/\/discovergallura.it\/wp-content\/uploads\/2023\/01\/maxresdefault.jpeg\" class=\"attachment-full size-full\" alt=\"\" srcset=\"https:\/\/discovergallura.it\/wp-content\/uploads\/2023\/01\/maxresdefault.jpeg 1280w, https:\/\/discovergallura.it\/wp-content\/uploads\/2023\/01\/maxresdefault-300x169.jpeg 300w, https:\/\/discovergallura.it\/wp-content\/uploads\/2023\/01\/maxresdefault-1024x576.jpeg 1024w, https:\/\/discovergallura.it\/wp-content\/uploads\/2023\/01\/maxresdefault-768x432.jpeg 768w, https:\/\/discovergallura.it\/wp-content\/uploads\/2023\/01\/maxresdefault-700x394.jpeg 700w, https:\/\/discovergallura.it\/wp-content\/uploads\/2023\/01\/maxresdefault-539x303.jpeg 539w\" sizes=\"auto, (max-width: 1280px) 100vw, 1280px\" \/>\t\t\t\t\t<span class=\"aig-gallery-hover\">\n\t\t\t\t\t\t\t\t\t\t\t<\/span>\n\t\t\t\t\t\t\t<\/div>\n\t\t\t\t\t\t\t\t<div class=\"qode-aig-image\">\n\t\t\t\t\t\t\t\t\t<img loading=\"lazy\" decoding=\"async\" width=\"1134\" height=\"756\" src=\"https:\/\/discovergallura.it\/wp-content\/uploads\/2023\/01\/arzachena-scalinata-fb.jpg\" class=\"attachment-full size-full\" alt=\"\" srcset=\"https:\/\/discovergallura.it\/wp-content\/uploads\/2023\/01\/arzachena-scalinata-fb.jpg 1134w, https:\/\/discovergallura.it\/wp-content\/uploads\/2023\/01\/arzachena-scalinata-fb-300x200.jpg 300w, https:\/\/discovergallura.it\/wp-content\/uploads\/2023\/01\/arzachena-scalinata-fb-1024x683.jpg 1024w, https:\/\/discovergallura.it\/wp-content\/uploads\/2023\/01\/arzachena-scalinata-fb-768x512.jpg 768w, https:\/\/discovergallura.it\/wp-content\/uploads\/2023\/01\/arzachena-scalinata-fb-700x467.jpg 700w\" sizes=\"auto, (max-width: 1134px) 100vw, 1134px\" \/>\t\t\t\t\t<span class=\"aig-gallery-hover\">\n\t\t\t\t\t\t\t\t\t\t\t<\/span>\n\t\t\t\t\t\t\t<\/div>\n\t\t\t\t\t\t\t\t<div class=\"qode-aig-image\">\n\t\t\t\t\t\t\t\t\t<img loading=\"lazy\" decoding=\"async\" width=\"1134\" height=\"756\" src=\"https:\/\/discovergallura.it\/wp-content\/uploads\/2023\/01\/arzachena-chiesa-santa-lucia-interieur.jpg\" class=\"attachment-full size-full\" alt=\"\" srcset=\"https:\/\/discovergallura.it\/wp-content\/uploads\/2023\/01\/arzachena-chiesa-santa-lucia-interieur.jpg 1134w, https:\/\/discovergallura.it\/wp-content\/uploads\/2023\/01\/arzachena-chiesa-santa-lucia-interieur-300x200.jpg 300w, https:\/\/discovergallura.it\/wp-content\/uploads\/2023\/01\/arzachena-chiesa-santa-lucia-interieur-1024x683.jpg 1024w, https:\/\/discovergallura.it\/wp-content\/uploads\/2023\/01\/arzachena-chiesa-santa-lucia-interieur-768x512.jpg 768w, https:\/\/discovergallura.it\/wp-content\/uploads\/2023\/01\/arzachena-chiesa-santa-lucia-interieur-700x467.jpg 700w\" sizes=\"auto, (max-width: 1134px) 100vw, 1134px\" \/>\t\t\t\t\t<span class=\"aig-gallery-hover\">\n\t\t\t\t\t\t\t\t\t\t\t<\/span>\n\t\t\t\t\t\t\t<\/div>\n\t\t\t\t\t\t<\/div>\n<\/div>[\/vc_column][\/vc_row]<\/p>\n<\/div>","protected":false},"excerpt":{"rendered":"<p>[vc_row css_animation=\u00bb\u00bb row_type=\u00bbrow\u00bb use_row_as_full_screen_section=\u00bbno\u00bb type=\u00bbgrid\u00bb angled_section=\u00bbno\u00bb text_align=\u00bbleft\u00bb background_image_as_pattern=\u00bbwithout_pattern\u00bb z_index=\u00bb\u00bb][vc_column css=\u00bb.vc_custom_1674214152573{margin-top: 80px !important;}\u00bb][vc_row_inner row_type=\u00bbrow\u00bb type=\u00bbfull_width\u00bb text_align=\u00bbleft\u00bb css_animation=\u00bb\u00bb][vc_column_inner width=\u00bb2\/3&#8243; css=\u00bb.vc_custom_1674212921568{margin-bottom: 110px !important;}\u00bb][vc_separator type=\u00bbsmall\u00bb position=\u00bbleft\u00bb color=\u00bb#3390b9&#8243; thickness=\u00bb4&#8243; width=\u00bb50&#8243;][\/vc_column_inner][vc_column_inner width=\u00bb1\/3&#8243;][\/vc_column_inner][\/vc_row_inner][vc_row_inner row_type=\u00bbrow\u00bb type=\u00bbfull_width\u00bb text_align=\u00bbleft\u00bb css_animation=\u00bb\u00bb][vc_column_inner width=\u00bb1\/2&#8243;][vc_single_image image=\u00bb1541&#8243; img_size=\u00bbfull\u00bb qode_css_animation=\u00bb\u00bb][vc_empty_space][\/vc_column_inner][vc_column_inner width=\u00bb1\/2&#8243; css=\u00bb.vc_custom_1674212910857{margin-bottom: 80px !important;}\u00bb][vc_column_text] Con motivo del centenario del municipio de&#8230;<\/p>\n","protected":false},"author":1,"featured_media":14499,"parent":15724,"menu_order":0,"comment_status":"closed","ping_status":"closed","template":"full_width.php","meta":{"inline_featured_image":false,"footnotes":""},"class_list":["post-15729","page","type-page","status-publish","has-post-thumbnail","hentry"],"_links":{"self":[{"href":"https:\/\/discovergallura.it\/es\/wp-json\/wp\/v2\/pages\/15729","targetHints":{"allow":["GET"]}}],"collection":[{"href":"https:\/\/discovergallura.it\/es\/wp-json\/wp\/v2\/pages"}],"about":[{"href":"https:\/\/discovergallura.it\/es\/wp-json\/wp\/v2\/types\/page"}],"author":[{"embeddable":true,"href":"https:\/\/discovergallura.it\/es\/wp-json\/wp\/v2\/users\/1"}],"replies":[{"embeddable":true,"href":"https:\/\/discovergallura.it\/es\/wp-json\/wp\/v2\/comments?post=15729"}],"version-history":[{"count":2,"href":"https:\/\/discovergallura.it\/es\/wp-json\/wp\/v2\/pages\/15729\/revisions"}],"predecessor-version":[{"id":15731,"href":"https:\/\/discovergallura.it\/es\/wp-json\/wp\/v2\/pages\/15729\/revisions\/15731"}],"up":[{"embeddable":true,"href":"https:\/\/discovergallura.it\/es\/wp-json\/wp\/v2\/pages\/15724"}],"wp:featuredmedia":[{"embeddable":true,"href":"https:\/\/discovergallura.it\/es\/wp-json\/wp\/v2\/media\/14499"}],"wp:attachment":[{"href":"https:\/\/discovergallura.it\/es\/wp-json\/wp\/v2\/media?parent=15729"}],"curies":[{"name":"wp","href":"https:\/\/api.w.org\/{rel}","templated":true}]}}