{"id":15781,"date":"2023-01-24T11:03:11","date_gmt":"2023-01-24T10:03:11","guid":{"rendered":"https:\/\/discovergallura.it\/nuraghi\/"},"modified":"2023-07-21T16:22:43","modified_gmt":"2023-07-21T14:22:43","slug":"nuraghi","status":"publish","type":"page","link":"https:\/\/discovergallura.it\/es\/patrimonio\/nuraghi\/","title":{"rendered":"Nuragas"},"content":{"rendered":"<div class=\"wpb-content-wrapper\"><p>[vc_row css_animation=\u00bb\u00bb row_type=\u00bbrow\u00bb use_row_as_full_screen_section=\u00bbno\u00bb type=\u00bbfull_width\u00bb angled_section=\u00bbno\u00bb text_align=\u00bbleft\u00bb background_image_as_pattern=\u00bbwithout_pattern\u00bb css=\u00bb.vc_custom_1676458309494{margin-top: 80px !important;padding-right: 10% !important;padding-left: 10% !important;}\u00bb z_index=\u00bb\u00bb][vc_column width=\u00bb1\/2&#8243; css=\u00bb.vc_custom_1676458327337{margin-top: 30px !important;padding-right: 10% !important;}\u00bb]<div class=\"custom_font_holder \" style=\"font-family: EB garamond; font-style: italic; font-weight: 500; text-decoration: none; text-align: left; --qode-cf-font-size: 25px; --qode-cf-line-height: 26px; --qode-cf-font-size-1440: 25px; --qode-cf-line-height-1440: 26px; --qode-cf-font-size-1366: 25px; --qode-cf-line-height-1366: 26px; --qode-cf-font-size-1280: 25px; --qode-cf-line-height-1280: 26px; --qode-cf-font-size-1024: 25px; --qode-cf-line-height-1024: 26px; --qode-cf-font-size-768: 25px; --qode-cf-line-height-768: 26px; --qode-cf-font-size-680: 25px; --qode-cf-line-height-680: 26px; --qode-cf-font-size-480: 25px; --qode-cf-line-height-480: 26px;\">\n<p style=\"text-align: left;\"><em><span style=\"font-size: 24pt; line-height: 110%;\">\u00abLos nuraghi de treinta metros son las construcciones m\u00e1s altas del planeta despu\u00e9s de las pir\u00e1mides egipcias. Son el s\u00edmbolo de la extraordinaria capacidad arquitect\u00f3nica de la civilizaci\u00f3n sarda de aquella \u00e9poca\u00bb.<\/span><\/em><\/p>\n<\/div>[vc_empty_space][vc_column_text]<\/p>\n<p style=\"text-align: justify;\">\u00bfQu\u00e9 son los nuraghi y para qu\u00e9 se utilizaban?<br \/>\nEntre 1700 y 1800 a.C. se construyeron en Cerde\u00f1a estos edificios de piedra conocidos como \u00abnuraghi\u00bb, con muros de hasta cuatro metros de ancho. Algunos ten\u00edan dos o m\u00e1s pisos, con c\u00e1maras circulares superpuestas. Eran verdaderas fortificaciones, con una torre central y otras a su alrededor, rodeadas de murallas. Los nuraghi se constru\u00edan a lo largo de la costa de la isla, cerca de los embarcaderos y desembocaduras de r\u00edos y arroyos: las rutas naturales hacia el interior. Pero tambi\u00e9n en lo alto de las colinas, defendiendo pastos, en posiciones estrat\u00e9gicas para controlar el territorio. De hecho, eran como \u00abgranjas fortificadas\u00bb que, adem\u00e1s de vigilar el territorio, serv\u00edan de almacenes para guardar los recursos alimentarios.<\/p>\n<p>[\/vc_column_text][\/vc_column][vc_column width=\u00bb1\/2&#8243; css=\u00bb.vc_custom_1674556996802{margin-bottom: 120px !important;}\u00bb][vc_row_inner row_type=\u00bbrow\u00bb type=\u00bbfull_width\u00bb text_align=\u00bbleft\u00bb css_animation=\u00bb\u00bb][vc_column_inner width=\u00bb1\/2&#8243; css=\u00bb.vc_custom_1676458254021{margin-top: 30px !important;}\u00bb offset=\u00bbvc_col-xs-6&#8243;][vc_single_image image=\u00bb224&#8243; img_size=\u00bb300X300&#8243; onclick=\u00bbcustom_link\u00bb qode_css_animation=\u00bb\u00bb qode_hover_animation=\u00bbdarken\u00bb link=\u00bb\/es\/complesso-nuragico-la-prisgiona-arzachena\/\u00bb][vc_empty_space height=\u00bb20px\u00bb][vc_column_text]<\/p>\n<h3><span style=\"color: #3390b9;\">COMPLEJO NURAGICO LA PRISGIONA<\/span><\/h3>\n<p>[\/vc_column_text][\/vc_column_inner][vc_column_inner width=\u00bb1\/2&#8243; css=\u00bb.vc_custom_1676458316054{margin-top: 30px !important;}\u00bb offset=\u00bbvc_col-xs-6&#8243;][vc_single_image image=\u00bb1321&#8243; img_size=\u00bb300X300&#8243; onclick=\u00bbcustom_link\u00bb qode_css_animation=\u00bb\u00bb qode_hover_animation=\u00bbdarken\u00bb link=\u00bb\/es\/dolmen-luras\/\u00bb][vc_empty_space height=\u00bb20px\u00bb][vc_column_text]<\/p>\n<h3><span style=\"color: #3390b9;\">DOLMEN LURAS<\/span><\/h3>\n<p>[\/vc_column_text][\/vc_column_inner][\/vc_row_inner][\/vc_column][\/vc_row][vc_row css_animation=\u00bb\u00bb row_type=\u00bbrow\u00bb use_row_as_full_screen_section=\u00bbno\u00bb type=\u00bbfull_width\u00bb angled_section=\u00bbno\u00bb text_align=\u00bbleft\u00bb background_image_as_pattern=\u00bbwithout_pattern\u00bb css=\u00bb.vc_custom_1676458304078{margin-bottom: 120px !important;padding-right: 10% !important;padding-left: 10% !important;}\u00bb z_index=\u00bb\u00bb][vc_column width=\u00bb1\/4&#8243; css=\u00bb.vc_custom_1676458262425{margin-top: 30px !important;}\u00bb offset=\u00bbvc_col-xs-6&#8243;][vc_single_image image=\u00bb1307&#8243; img_size=\u00bb300X300&#8243; onclick=\u00bbcustom_link\u00bb qode_css_animation=\u00bb\u00bb qode_hover_animation=\u00bbdarken\u00bb link=\u00bb\/es\/nuraghe-majori-tempio-pausania\/\u00bb][vc_empty_space height=\u00bb20px\u00bb][vc_column_text]<\/p>\n<h3><span style=\"color: #3390b9;\">NURAGHE MAJORI<\/span><\/h3>\n<p>[\/vc_column_text][\/vc_column][vc_column width=\u00bb1\/4&#8243; css=\u00bb.vc_custom_1676458266561{margin-top: 30px !important;}\u00bb offset=\u00bbvc_col-xs-6&#8243;][vc_single_image image=\u00bb1298&#8243; img_size=\u00bb300X300&#8243; onclick=\u00bbcustom_link\u00bb qode_css_animation=\u00bb\u00bb qode_hover_animation=\u00bbdarken\u00bb link=\u00bb\/es\/altare-rupestre-di-santo-stefano\/\u00bb][vc_empty_space height=\u00bb20px\u00bb][vc_column_text]<\/p>\n<h3><span style=\"color: #3390b9;\">ALTAR RUPESTRE DE SANTO STEFANO<\/span><\/h3>\n<p>[\/vc_column_text][\/vc_column][vc_column width=\u00bb1\/4&#8243; css=\u00bb.vc_custom_1676458270582{margin-top: 30px !important;}\u00bb offset=\u00bbvc_col-xs-6&#8243;][vc_single_image image=\u00bb1286&#8243; img_size=\u00bb300X300&#8243; onclick=\u00bbcustom_link\u00bb qode_css_animation=\u00bb\u00bb qode_hover_animation=\u00bbdarken\u00bb link=\u00bb\/es\/tomba-dei-giganti-li-mizzani\/\u00bb][vc_empty_space height=\u00bb20px\u00bb][vc_column_text]<\/p>\n<h3><span style=\"color: #3390b9;\">TUMBA DE LOS GIGANTES \u201cLI MIZZANI\u201d<\/span><\/h3>\n<p>[\/vc_column_text][\/vc_column][vc_column width=\u00bb1\/4&#8243; css=\u00bb.vc_custom_1676458274742{margin-top: 30px !important;}\u00bb offset=\u00bbvc_col-xs-6&#8243;][vc_single_image image=\u00bb2777&#8243; img_size=\u00bb300X300&#8243; onclick=\u00bbcustom_link\u00bb qode_css_animation=\u00bb\u00bb qode_hover_animation=\u00bbdarken\u00bb link=\u00bb\/es\/nuraghe-noelle\/\u00bb][vc_empty_space height=\u00bb20px\u00bb][vc_column_text]<\/p>\n<h3><span style=\"color: #3390b9;\">Nuraghe Loelle<\/span><\/h3>\n<p>[\/vc_column_text][\/vc_column][\/vc_row]<\/p>\n<\/div>","protected":false},"excerpt":{"rendered":"<p>[vc_row css_animation=\u00bb\u00bb row_type=\u00bbrow\u00bb use_row_as_full_screen_section=\u00bbno\u00bb type=\u00bbfull_width\u00bb angled_section=\u00bbno\u00bb text_align=\u00bbleft\u00bb background_image_as_pattern=\u00bbwithout_pattern\u00bb css=\u00bb.vc_custom_1676458309494{margin-top: 80px !important;padding-right: 10% !important;padding-left: 10% !important;}\u00bb z_index=\u00bb\u00bb][vc_column width=\u00bb1\/2&#8243; css=\u00bb.vc_custom_1676458327337{margin-top: 30px !important;padding-right: 10% !important;}\u00bb][vc_empty_space][vc_column_text] \u00bfQu\u00e9 son los nuraghi y para qu\u00e9 se utilizaban? Entre 1700 y 1800 a.C. se construyeron en Cerde\u00f1a estos edificios de piedra conocidos&#8230;<\/p>\n","protected":false},"author":1,"featured_media":14461,"parent":15990,"menu_order":0,"comment_status":"closed","ping_status":"closed","template":"full_width.php","meta":{"inline_featured_image":false,"footnotes":""},"class_list":["post-15781","page","type-page","status-publish","has-post-thumbnail","hentry"],"_links":{"self":[{"href":"https:\/\/discovergallura.it\/es\/wp-json\/wp\/v2\/pages\/15781","targetHints":{"allow":["GET"]}}],"collection":[{"href":"https:\/\/discovergallura.it\/es\/wp-json\/wp\/v2\/pages"}],"about":[{"href":"https:\/\/discovergallura.it\/es\/wp-json\/wp\/v2\/types\/page"}],"author":[{"embeddable":true,"href":"https:\/\/discovergallura.it\/es\/wp-json\/wp\/v2\/users\/1"}],"replies":[{"embeddable":true,"href":"https:\/\/discovergallura.it\/es\/wp-json\/wp\/v2\/comments?post=15781"}],"version-history":[{"count":5,"href":"https:\/\/discovergallura.it\/es\/wp-json\/wp\/v2\/pages\/15781\/revisions"}],"predecessor-version":[{"id":16394,"href":"https:\/\/discovergallura.it\/es\/wp-json\/wp\/v2\/pages\/15781\/revisions\/16394"}],"up":[{"embeddable":true,"href":"https:\/\/discovergallura.it\/es\/wp-json\/wp\/v2\/pages\/15990"}],"wp:featuredmedia":[{"embeddable":true,"href":"https:\/\/discovergallura.it\/es\/wp-json\/wp\/v2\/media\/14461"}],"wp:attachment":[{"href":"https:\/\/discovergallura.it\/es\/wp-json\/wp\/v2\/media?parent=15781"}],"curies":[{"name":"wp","href":"https:\/\/api.w.org\/{rel}","templated":true}]}}