{"id":15802,"date":"2023-01-24T11:04:02","date_gmt":"2023-01-24T10:04:02","guid":{"rendered":"https:\/\/discovergallura.it\/stazzi\/"},"modified":"2023-07-24T10:34:58","modified_gmt":"2023-07-24T08:34:58","slug":"stazzi","status":"publish","type":"page","link":"https:\/\/discovergallura.it\/es\/patrimonio\/stazzi\/","title":{"rendered":"Stazzi"},"content":{"rendered":"<div class=\"wpb-content-wrapper\"><p>[vc_row css_animation=\u00bb\u00bb row_type=\u00bbrow\u00bb use_row_as_full_screen_section=\u00bbno\u00bb type=\u00bbfull_width\u00bb angled_section=\u00bbno\u00bb text_align=\u00bbleft\u00bb background_image_as_pattern=\u00bbwithout_pattern\u00bb css=\u00bb.vc_custom_1674560522968{margin-top: 80px !important;padding-right: 10% !important;padding-left: 10% !important;}\u00bb z_index=\u00bb\u00bb][vc_column width=\u00bb1\/2&#8243; css=\u00bb.vc_custom_1674556896087{margin-top: 30px !important;padding-right: 10% !important;}\u00bb]<div class=\"custom_font_holder \" style=\"font-family: EB garamond; font-style: italic; font-weight: 500; text-decoration: none; text-align: left; --qode-cf-font-size: 25px; --qode-cf-line-height: 26px; --qode-cf-font-size-1440: 25px; --qode-cf-line-height-1440: 26px; --qode-cf-font-size-1366: 25px; --qode-cf-line-height-1366: 26px; --qode-cf-font-size-1280: 25px; --qode-cf-line-height-1280: 26px; --qode-cf-font-size-1024: 25px; --qode-cf-line-height-1024: 26px; --qode-cf-font-size-768: 25px; --qode-cf-line-height-768: 26px; --qode-cf-font-size-680: 25px; --qode-cf-line-height-680: 26px; --qode-cf-font-size-480: 25px; --qode-cf-line-height-480: 26px;\">\n<p style=\"text-align: left;\"><em><span style=\"font-size: 24pt; line-height: 110%;\">El \u201cstazzo\u201d, era una verdadera forma de cultura local tradicional.\u00a0<\/span><\/em><\/p>\n<\/div>[vc_empty_space][vc_column_text]<\/p>\n<p style=\"text-align: justify;\">\u00bfQu\u00e9 es un stazzo? El stazzo, establecido hacia 1600-1700, era el hogar de las familias de Gallura. Era una vivienda rural equipada con animales, huerto y vi\u00f1edos para la producci\u00f3n in situ de todas sus necesidades, y durante mucho tiempo represent\u00f3 el asentamiento rural m\u00e1s t\u00edpico de la zona. Pod\u00edan estar solos o reunirse en torno a iglesias rurales para ayudar a los necesitados. Gallura todav\u00eda est\u00e1 llena de antiguos stazzi, pero obviamente ahora su uso ha cambiado: algunos se han transformado en elegantes residencias privadas, otros en B&amp;B o agroturismos.<\/p>\n<p>[\/vc_column_text][\/vc_column][vc_column width=\u00bb1\/2&#8243; css=\u00bb.vc_custom_1674556996802{margin-bottom: 120px !important;}\u00bb][vc_row_inner row_type=\u00bbrow\u00bb type=\u00bbfull_width\u00bb text_align=\u00bbleft\u00bb css_animation=\u00bb\u00bb css=\u00bb.vc_custom_1674560005103{margin-bottom: 120px !important;}\u00bb][vc_column_inner width=\u00bb1\/6&#8243; css=\u00bb.vc_custom_1674556813661{margin-top: 30px !important;}\u00bb][\/vc_column_inner][vc_column_inner width=\u00bb2\/3&#8243; css=\u00bb.vc_custom_1674560001735{margin-top: 30px !important;}\u00bb][vc_single_image image=\u00bb1616&#8243; img_size=\u00bb300X300&#8243; onclick=\u00bbcustom_link\u00bb qode_css_animation=\u00bb\u00bb qode_hover_animation=\u00bbdarken\u00bb link=\u00bbhttps:\/\/discovergallura.it\/es\/il-borgo-di-luddui\/\u00bb][vc_empty_space height=\u00bb20px\u00bb][vc_column_text]<\/p>\n<h3><span style=\"color: #3390b9;\">\u00a0EL PUEBLO DE LUDDUI\u00a0<\/span><\/h3>\n<p>[\/vc_column_text][\/vc_column_inner][vc_column_inner width=\u00bb1\/6&#8243;][\/vc_column_inner][\/vc_row_inner][\/vc_column][\/vc_row]<\/p>\n<\/div>","protected":false},"excerpt":{"rendered":"<p>[vc_row css_animation=\u00bb\u00bb row_type=\u00bbrow\u00bb use_row_as_full_screen_section=\u00bbno\u00bb type=\u00bbfull_width\u00bb angled_section=\u00bbno\u00bb text_align=\u00bbleft\u00bb background_image_as_pattern=\u00bbwithout_pattern\u00bb css=\u00bb.vc_custom_1674560522968{margin-top: 80px !important;padding-right: 10% !important;padding-left: 10% !important;}\u00bb z_index=\u00bb\u00bb][vc_column width=\u00bb1\/2&#8243; css=\u00bb.vc_custom_1674556896087{margin-top: 30px !important;padding-right: 10% !important;}\u00bb][vc_empty_space][vc_column_text] \u00bfQu\u00e9 es un stazzo? El stazzo, establecido hacia 1600-1700, era el hogar de las familias de Gallura. Era una vivienda rural equipada con&#8230;<\/p>\n","protected":false},"author":1,"featured_media":14506,"parent":15990,"menu_order":0,"comment_status":"closed","ping_status":"closed","template":"full_width.php","meta":{"inline_featured_image":false,"footnotes":""},"class_list":["post-15802","page","type-page","status-publish","has-post-thumbnail","hentry"],"_links":{"self":[{"href":"https:\/\/discovergallura.it\/es\/wp-json\/wp\/v2\/pages\/15802","targetHints":{"allow":["GET"]}}],"collection":[{"href":"https:\/\/discovergallura.it\/es\/wp-json\/wp\/v2\/pages"}],"about":[{"href":"https:\/\/discovergallura.it\/es\/wp-json\/wp\/v2\/types\/page"}],"author":[{"embeddable":true,"href":"https:\/\/discovergallura.it\/es\/wp-json\/wp\/v2\/users\/1"}],"replies":[{"embeddable":true,"href":"https:\/\/discovergallura.it\/es\/wp-json\/wp\/v2\/comments?post=15802"}],"version-history":[{"count":3,"href":"https:\/\/discovergallura.it\/es\/wp-json\/wp\/v2\/pages\/15802\/revisions"}],"predecessor-version":[{"id":16452,"href":"https:\/\/discovergallura.it\/es\/wp-json\/wp\/v2\/pages\/15802\/revisions\/16452"}],"up":[{"embeddable":true,"href":"https:\/\/discovergallura.it\/es\/wp-json\/wp\/v2\/pages\/15990"}],"wp:featuredmedia":[{"embeddable":true,"href":"https:\/\/discovergallura.it\/es\/wp-json\/wp\/v2\/media\/14506"}],"wp:attachment":[{"href":"https:\/\/discovergallura.it\/es\/wp-json\/wp\/v2\/media?parent=15802"}],"curies":[{"name":"wp","href":"https:\/\/api.w.org\/{rel}","templated":true}]}}