{"id":15805,"date":"2023-01-24T12:28:16","date_gmt":"2023-01-24T11:28:16","guid":{"rendered":"https:\/\/discovergallura.it\/stazzi\/il-borgo-di-luddui\/"},"modified":"2023-07-13T14:49:57","modified_gmt":"2023-07-13T12:49:57","slug":"il-borgo-di-luddui","status":"publish","type":"page","link":"https:\/\/discovergallura.it\/es\/patrimonio\/stazzi\/il-borgo-di-luddui\/","title":{"rendered":"Il borgo di Luddu\u00ec"},"content":{"rendered":"<div class=\"wpb-content-wrapper\"><p>[vc_row css_animation=\u00bb\u00bb row_type=\u00bbrow\u00bb use_row_as_full_screen_section=\u00bbno\u00bb type=\u00bbgrid\u00bb angled_section=\u00bbno\u00bb text_align=\u00bbleft\u00bb background_image_as_pattern=\u00bbwithout_pattern\u00bb z_index=\u00bb\u00bb][vc_column css=\u00bb.vc_custom_1674214152573{margin-top: 80px !important;}\u00bb][vc_row_inner row_type=\u00bbrow\u00bb type=\u00bbfull_width\u00bb text_align=\u00bbleft\u00bb css_animation=\u00bb\u00bb][vc_column_inner width=\u00bb1\/2&#8243; css=\u00bb.vc_custom_1674212921568{margin-bottom: 110px !important;}\u00bb][vc_separator type=\u00bbsmall\u00bb position=\u00bbleft\u00bb color=\u00bb#3390b9&#8243; thickness=\u00bb4&#8243; width=\u00bb50&#8243;]<div class=\"custom_font_holder \" style=\"font-family: red hat display; font-style: normal; font-weight: 800; color: #3390b9; text-decoration: none; text-align: left; --qode-cf-font-size: 38px; --qode-cf-line-height: 39px; --qode-cf-font-size-1440: 38px; --qode-cf-line-height-1440: 39px; --qode-cf-font-size-1366: 38px; --qode-cf-line-height-1366: 39px; --qode-cf-font-size-1280: 38px; --qode-cf-line-height-1280: 39px; --qode-cf-font-size-1024: 38px; --qode-cf-line-height-1024: 39px; --qode-cf-font-size-768: 38px; --qode-cf-line-height-768: 39px; --qode-cf-font-size-680: 38px; --qode-cf-line-height-680: 39px; --qode-cf-font-size-480: 38px; --qode-cf-line-height-480: 39px;\">EL PUEBLO DE LUDDUI<\/div>[vc_column_text]<span style=\"background-color: #fcc124;\">\u00a0BUDONI\u00a0<\/span>[\/vc_column_text][\/vc_column_inner][vc_column_inner width=\u00bb1\/2&#8243;][\/vc_column_inner][\/vc_row_inner][vc_row_inner row_type=\u00bbrow\u00bb type=\u00bbfull_width\u00bb text_align=\u00bbleft\u00bb css_animation=\u00bb\u00bb][vc_column_inner width=\u00bb1\/2&#8243;][vc_single_image image=\u00bb1617&#8243; img_size=\u00bbfull\u00bb qode_css_animation=\u00bb\u00bb][vc_empty_space][\/vc_column_inner][vc_column_inner width=\u00bb1\/2&#8243; css=\u00bb.vc_custom_1674212910857{margin-bottom: 80px !important;}\u00bb][vc_column_text]<\/p>\n<p style=\"text-align: justify;\"><strong>Budoni<\/strong> naci\u00f3 en la frontera entre Gallura y Baronia tambi\u00e9n gracias a sus pueblos. Luddu\u00ec es un pueblo costero desde el que se divisa toda la zona de Budoni, situado en lo alto de una colina. Es un peque\u00f1o pueblo habitado por pocas familias, unas diez a principios del siglo XX, un t\u00edpico pueblo de stazzi galluresi que ahora, gracias al turismo y a su posici\u00f3n favorable, ha crecido considerablemente.<\/p>\n<p>[\/vc_column_text][\/vc_column_inner][\/vc_row_inner][\/vc_column][\/vc_row][vc_row css_animation=\u00bb\u00bb row_type=\u00bbrow\u00bb use_row_as_full_screen_section=\u00bbno\u00bb type=\u00bbgrid\u00bb angled_section=\u00bbno\u00bb text_align=\u00bbleft\u00bb background_image_as_pattern=\u00bbwithout_pattern\u00bb z_index=\u00bb\u00bb][vc_column width=\u00bb1\/6&#8243;][\/vc_column][vc_column width=\u00bb2\/3&#8243; css=\u00bb.vc_custom_1674141388895{margin-top: 80px !important;}\u00bb offset=\u00bbvc_hidden-sm vc_hidden-xs\u00bb]<div class=\"custom_font_holder \" style=\"font-family: EB garamond; font-style: italic; font-weight: 500; text-decoration: none; text-align: left; --qode-cf-font-size: 24px; --qode-cf-line-height: 28px; --qode-cf-font-size-1440: 24px; --qode-cf-line-height-1440: 28px; --qode-cf-font-size-1366: 24px; --qode-cf-line-height-1366: 28px; --qode-cf-font-size-1280: 24px; --qode-cf-line-height-1280: 28px; --qode-cf-font-size-1024: 24px; --qode-cf-line-height-1024: 28px; --qode-cf-font-size-768: 24px; --qode-cf-line-height-768: 28px; --qode-cf-font-size-680: 24px; --qode-cf-line-height-680: 28px; --qode-cf-font-size-480: 24px; --qode-cf-line-height-480: 28px;\">\n<p style=\"text-align: center;\"><span style=\"font-size: 24pt;\">Situado en uno de los mejores miradores de la zona desde el que se divisa<\/span><br \/>\n<span style=\"font-size: 24pt;\">toda la costa.<\/span><\/p>\n<\/div>[\/vc_column][vc_column width=\u00bb1\/6&#8243;][\/vc_column][\/vc_row][vc_row css_animation=\u00bb\u00bb row_type=\u00bbrow\u00bb use_row_as_full_screen_section=\u00bbno\u00bb type=\u00bbfull_width\u00bb angled_section=\u00bbno\u00bb text_align=\u00bbleft\u00bb background_image_as_pattern=\u00bbwithout_pattern\u00bb z_index=\u00bb\u00bb][vc_column css=\u00bb.vc_custom_1674214257906{margin-top: 80px !important;margin-bottom: 120px !important;}\u00bb offset=\u00bbvc_hidden-sm vc_hidden-xs\u00bb]<div class=\"qode-advanced-image-gallery  qode-aig-slider-type qode-tiny-space   \">\n\t<div class=\"qode-aig-slider qode-owl-slider\" data-number-of-items=\"1\" data-enable-loop=\"yes\" data-enable-autoplay=\"yes\" data-slider-speed=\"5000\" data-slider-speed-animation=\"600\" data-slider-padding=\"yes\" data-enable-navigation=\"yes\" data-enable-pagination=\"yes\">\n\t\t\t\t\t<div class=\"qode-aig-image\">\n\t\t\t\t\t\t\t\t\t<img loading=\"lazy\" decoding=\"async\" width=\"800\" height=\"533\" src=\"https:\/\/discovergallura.it\/wp-content\/uploads\/2023\/01\/budoni-3.jpg\" class=\"attachment-full size-full\" alt=\"\" srcset=\"https:\/\/discovergallura.it\/wp-content\/uploads\/2023\/01\/budoni-3.jpg 800w, https:\/\/discovergallura.it\/wp-content\/uploads\/2023\/01\/budoni-3-300x200.jpg 300w, https:\/\/discovergallura.it\/wp-content\/uploads\/2023\/01\/budoni-3-768x512.jpg 768w, https:\/\/discovergallura.it\/wp-content\/uploads\/2023\/01\/budoni-3-700x466.jpg 700w\" sizes=\"auto, (max-width: 800px) 100vw, 800px\" \/>\t\t\t\t\t<span class=\"aig-gallery-hover\">\n\t\t\t\t\t\t\t\t\t\t\t<\/span>\n\t\t\t\t\t\t\t<\/div>\n\t\t\t\t\t\t\t\t<div class=\"qode-aig-image\">\n\t\t\t\t\t\t\t\t\t<img loading=\"lazy\" decoding=\"async\" width=\"1080\" height=\"809\" src=\"https:\/\/discovergallura.it\/wp-content\/uploads\/2023\/01\/budoni.jpg\" class=\"attachment-full size-full\" alt=\"\" srcset=\"https:\/\/discovergallura.it\/wp-content\/uploads\/2023\/01\/budoni.jpg 1080w, https:\/\/discovergallura.it\/wp-content\/uploads\/2023\/01\/budoni-300x225.jpg 300w, https:\/\/discovergallura.it\/wp-content\/uploads\/2023\/01\/budoni-1024x767.jpg 1024w, https:\/\/discovergallura.it\/wp-content\/uploads\/2023\/01\/budoni-768x575.jpg 768w, https:\/\/discovergallura.it\/wp-content\/uploads\/2023\/01\/budoni-800x600.jpg 800w, https:\/\/discovergallura.it\/wp-content\/uploads\/2023\/01\/budoni-700x524.jpg 700w\" sizes=\"auto, (max-width: 1080px) 100vw, 1080px\" \/>\t\t\t\t\t<span class=\"aig-gallery-hover\">\n\t\t\t\t\t\t\t\t\t\t\t<\/span>\n\t\t\t\t\t\t\t<\/div>\n\t\t\t\t\t\t\t\t<div class=\"qode-aig-image\">\n\t\t\t\t\t\t\t\t\t<img loading=\"lazy\" decoding=\"async\" width=\"713\" height=\"535\" src=\"https:\/\/discovergallura.it\/wp-content\/uploads\/2023\/01\/stazzo.jpeg\" class=\"attachment-full size-full\" alt=\"\" srcset=\"https:\/\/discovergallura.it\/wp-content\/uploads\/2023\/01\/stazzo.jpeg 713w, https:\/\/discovergallura.it\/wp-content\/uploads\/2023\/01\/stazzo-300x225.jpeg 300w, https:\/\/discovergallura.it\/wp-content\/uploads\/2023\/01\/stazzo-700x525.jpeg 700w\" sizes=\"auto, (max-width: 713px) 100vw, 713px\" \/>\t\t\t\t\t<span class=\"aig-gallery-hover\">\n\t\t\t\t\t\t\t\t\t\t\t<\/span>\n\t\t\t\t\t\t\t<\/div>\n\t\t\t\t\t\t\t\t<div class=\"qode-aig-image\">\n\t\t\t\t\t\t\t\t\t<img loading=\"lazy\" decoding=\"async\" width=\"1200\" height=\"752\" src=\"https:\/\/discovergallura.it\/wp-content\/uploads\/2023\/01\/stazzo_gallura2.jpeg\" class=\"attachment-full size-full\" alt=\"\" srcset=\"https:\/\/discovergallura.it\/wp-content\/uploads\/2023\/01\/stazzo_gallura2.jpeg 1200w, https:\/\/discovergallura.it\/wp-content\/uploads\/2023\/01\/stazzo_gallura2-300x188.jpeg 300w, https:\/\/discovergallura.it\/wp-content\/uploads\/2023\/01\/stazzo_gallura2-1024x642.jpeg 1024w, https:\/\/discovergallura.it\/wp-content\/uploads\/2023\/01\/stazzo_gallura2-768x481.jpeg 768w, https:\/\/discovergallura.it\/wp-content\/uploads\/2023\/01\/stazzo_gallura2-700x439.jpeg 700w\" sizes=\"auto, (max-width: 1200px) 100vw, 1200px\" \/>\t\t\t\t\t<span class=\"aig-gallery-hover\">\n\t\t\t\t\t\t\t\t\t\t\t<\/span>\n\t\t\t\t\t\t\t<\/div>\n\t\t\t\t\t\t\t\t<div class=\"qode-aig-image\">\n\t\t\t\t\t\t\t\t\t<img loading=\"lazy\" decoding=\"async\" width=\"1440\" height=\"900\" src=\"https:\/\/discovergallura.it\/wp-content\/uploads\/2023\/01\/Country-home-for-sale-Aglientu-Sardinia-17.jpeg\" class=\"attachment-full size-full\" alt=\"\" srcset=\"https:\/\/discovergallura.it\/wp-content\/uploads\/2023\/01\/Country-home-for-sale-Aglientu-Sardinia-17.jpeg 1440w, https:\/\/discovergallura.it\/wp-content\/uploads\/2023\/01\/Country-home-for-sale-Aglientu-Sardinia-17-300x188.jpeg 300w, https:\/\/discovergallura.it\/wp-content\/uploads\/2023\/01\/Country-home-for-sale-Aglientu-Sardinia-17-1024x640.jpeg 1024w, https:\/\/discovergallura.it\/wp-content\/uploads\/2023\/01\/Country-home-for-sale-Aglientu-Sardinia-17-768x480.jpeg 768w, https:\/\/discovergallura.it\/wp-content\/uploads\/2023\/01\/Country-home-for-sale-Aglientu-Sardinia-17-700x438.jpeg 700w\" sizes=\"auto, (max-width: 1440px) 100vw, 1440px\" \/>\t\t\t\t\t<span class=\"aig-gallery-hover\">\n\t\t\t\t\t\t\t\t\t\t\t<\/span>\n\t\t\t\t\t\t\t<\/div>\n\t\t\t\t\t\t\t\t<div class=\"qode-aig-image\">\n\t\t\t\t\t\t\t\t\t<img loading=\"lazy\" decoding=\"async\" width=\"1280\" height=\"960\" src=\"https:\/\/discovergallura.it\/wp-content\/uploads\/2023\/01\/IMG_3241.jpeg\" class=\"attachment-full size-full\" alt=\"\" srcset=\"https:\/\/discovergallura.it\/wp-content\/uploads\/2023\/01\/IMG_3241.jpeg 1280w, https:\/\/discovergallura.it\/wp-content\/uploads\/2023\/01\/IMG_3241-300x225.jpeg 300w, https:\/\/discovergallura.it\/wp-content\/uploads\/2023\/01\/IMG_3241-1024x768.jpeg 1024w, https:\/\/discovergallura.it\/wp-content\/uploads\/2023\/01\/IMG_3241-768x576.jpeg 768w, https:\/\/discovergallura.it\/wp-content\/uploads\/2023\/01\/IMG_3241-800x600.jpeg 800w, https:\/\/discovergallura.it\/wp-content\/uploads\/2023\/01\/IMG_3241-700x525.jpeg 700w\" sizes=\"auto, (max-width: 1280px) 100vw, 1280px\" \/>\t\t\t\t\t<span class=\"aig-gallery-hover\">\n\t\t\t\t\t\t\t\t\t\t\t<\/span>\n\t\t\t\t\t\t\t<\/div>\n\t\t\t\t\t\t\t\t<div class=\"qode-aig-image\">\n\t\t\t\t\t\t\t\t\t<img loading=\"lazy\" decoding=\"async\" width=\"1080\" height=\"810\" src=\"https:\/\/discovergallura.it\/wp-content\/uploads\/2023\/01\/budoni-2.jpg\" class=\"attachment-full size-full\" alt=\"\" srcset=\"https:\/\/discovergallura.it\/wp-content\/uploads\/2023\/01\/budoni-2.jpg 1080w, https:\/\/discovergallura.it\/wp-content\/uploads\/2023\/01\/budoni-2-300x225.jpg 300w, https:\/\/discovergallura.it\/wp-content\/uploads\/2023\/01\/budoni-2-1024x768.jpg 1024w, https:\/\/discovergallura.it\/wp-content\/uploads\/2023\/01\/budoni-2-768x576.jpg 768w, https:\/\/discovergallura.it\/wp-content\/uploads\/2023\/01\/budoni-2-800x600.jpg 800w, https:\/\/discovergallura.it\/wp-content\/uploads\/2023\/01\/budoni-2-700x525.jpg 700w\" sizes=\"auto, (max-width: 1080px) 100vw, 1080px\" \/>\t\t\t\t\t<span class=\"aig-gallery-hover\">\n\t\t\t\t\t\t\t\t\t\t\t<\/span>\n\t\t\t\t\t\t\t<\/div>\n\t\t\t\t\t\t<\/div>\n<\/div>[\/vc_column][\/vc_row]<\/p>\n<\/div>","protected":false},"excerpt":{"rendered":"<p>[vc_row css_animation=\u00bb\u00bb row_type=\u00bbrow\u00bb use_row_as_full_screen_section=\u00bbno\u00bb type=\u00bbgrid\u00bb angled_section=\u00bbno\u00bb text_align=\u00bbleft\u00bb background_image_as_pattern=\u00bbwithout_pattern\u00bb z_index=\u00bb\u00bb][vc_column css=\u00bb.vc_custom_1674214152573{margin-top: 80px !important;}\u00bb][vc_row_inner row_type=\u00bbrow\u00bb type=\u00bbfull_width\u00bb text_align=\u00bbleft\u00bb css_animation=\u00bb\u00bb][vc_column_inner width=\u00bb1\/2&#8243; css=\u00bb.vc_custom_1674212921568{margin-bottom: 110px !important;}\u00bb][vc_separator type=\u00bbsmall\u00bb position=\u00bbleft\u00bb color=\u00bb#3390b9&#8243; thickness=\u00bb4&#8243; width=\u00bb50&#8243;][vc_column_text]\u00a0BUDONI\u00a0[\/vc_column_text][\/vc_column_inner][vc_column_inner width=\u00bb1\/2&#8243;][\/vc_column_inner][\/vc_row_inner][vc_row_inner row_type=\u00bbrow\u00bb type=\u00bbfull_width\u00bb text_align=\u00bbleft\u00bb css_animation=\u00bb\u00bb][vc_column_inner width=\u00bb1\/2&#8243;][vc_single_image image=\u00bb1617&#8243; img_size=\u00bbfull\u00bb qode_css_animation=\u00bb\u00bb][vc_empty_space][\/vc_column_inner][vc_column_inner width=\u00bb1\/2&#8243; css=\u00bb.vc_custom_1674212910857{margin-bottom: 80px !important;}\u00bb][vc_column_text] Budoni naci\u00f3 en la frontera entre Gallura&#8230;<\/p>\n","protected":false},"author":1,"featured_media":14509,"parent":15802,"menu_order":0,"comment_status":"closed","ping_status":"closed","template":"full_width.php","meta":{"inline_featured_image":false,"footnotes":""},"class_list":["post-15805","page","type-page","status-publish","has-post-thumbnail","hentry"],"_links":{"self":[{"href":"https:\/\/discovergallura.it\/es\/wp-json\/wp\/v2\/pages\/15805","targetHints":{"allow":["GET"]}}],"collection":[{"href":"https:\/\/discovergallura.it\/es\/wp-json\/wp\/v2\/pages"}],"about":[{"href":"https:\/\/discovergallura.it\/es\/wp-json\/wp\/v2\/types\/page"}],"author":[{"embeddable":true,"href":"https:\/\/discovergallura.it\/es\/wp-json\/wp\/v2\/users\/1"}],"replies":[{"embeddable":true,"href":"https:\/\/discovergallura.it\/es\/wp-json\/wp\/v2\/comments?post=15805"}],"version-history":[{"count":2,"href":"https:\/\/discovergallura.it\/es\/wp-json\/wp\/v2\/pages\/15805\/revisions"}],"predecessor-version":[{"id":15807,"href":"https:\/\/discovergallura.it\/es\/wp-json\/wp\/v2\/pages\/15805\/revisions\/15807"}],"up":[{"embeddable":true,"href":"https:\/\/discovergallura.it\/es\/wp-json\/wp\/v2\/pages\/15802"}],"wp:featuredmedia":[{"embeddable":true,"href":"https:\/\/discovergallura.it\/es\/wp-json\/wp\/v2\/media\/14509"}],"wp:attachment":[{"href":"https:\/\/discovergallura.it\/es\/wp-json\/wp\/v2\/media?parent=15805"}],"curies":[{"name":"wp","href":"https:\/\/api.w.org\/{rel}","templated":true}]}}