{"id":15808,"date":"2023-01-24T11:02:24","date_gmt":"2023-01-24T10:02:24","guid":{"rendered":"https:\/\/discovergallura.it\/la-lingua\/"},"modified":"2023-07-13T14:54:31","modified_gmt":"2023-07-13T12:54:31","slug":"la-lingua","status":"publish","type":"page","link":"https:\/\/discovergallura.it\/es\/patrimonio\/la-lingua\/","title":{"rendered":"La lengua"},"content":{"rendered":"<div class=\"wpb-content-wrapper\"><p>[vc_row css_animation=\u00bb\u00bb row_type=\u00bbrow\u00bb use_row_as_full_screen_section=\u00bbno\u00bb type=\u00bbgrid\u00bb angled_section=\u00bbno\u00bb text_align=\u00bbleft\u00bb background_image_as_pattern=\u00bbwithout_pattern\u00bb css=\u00bb.vc_custom_1674636179112{margin-top: 80px !important;}\u00bb z_index=\u00bb\u00bb][vc_column width=\u00bb1\/2&#8243; css=\u00bb.vc_custom_1674635979280{margin-top: 30px !important;padding-right: 10% !important;}\u00bb][vc_row_inner row_type=\u00bbrow\u00bb type=\u00bbfull_width\u00bb text_align=\u00bbleft\u00bb css_animation=\u00bb\u00bb][vc_column_inner css=\u00bb.vc_custom_1674635610751{margin-bottom: 80px !important;}\u00bb][vc_separator type=\u00bbsmall\u00bb position=\u00bbleft\u00bb color=\u00bb#3390b9&#8243; thickness=\u00bb4&#8243; width=\u00bb50&#8243;]<div class=\"custom_font_holder \" style=\"font-family: red hat display; font-style: normal; font-weight: 800; color: #3390b9; text-decoration: none; text-align: left; --qode-cf-font-size: 38px; --qode-cf-line-height: 39px; --qode-cf-font-size-1440: 38px; --qode-cf-line-height-1440: 39px; --qode-cf-font-size-1366: 38px; --qode-cf-line-height-1366: 39px; --qode-cf-font-size-1280: 38px; --qode-cf-line-height-1280: 39px; --qode-cf-font-size-1024: 38px; --qode-cf-line-height-1024: 39px; --qode-cf-font-size-768: 38px; --qode-cf-line-height-768: 39px; --qode-cf-font-size-680: 38px; --qode-cf-line-height-680: 39px; --qode-cf-font-size-480: 38px; --qode-cf-line-height-480: 39px;\">EL GALURES<\/div>[\/vc_column_inner][\/vc_row_inner]<div class=\"custom_font_holder \" style=\"font-family: EB garamond; font-style: italic; font-weight: 500; text-decoration: none; text-align: left; --qode-cf-font-size: 24px; --qode-cf-line-height: 28px; --qode-cf-font-size-1440: 24px; --qode-cf-line-height-1440: 28px; --qode-cf-font-size-1366: 24px; --qode-cf-line-height-1366: 28px; --qode-cf-font-size-1280: 24px; --qode-cf-line-height-1280: 28px; --qode-cf-font-size-1024: 24px; --qode-cf-line-height-1024: 28px; --qode-cf-font-size-768: 24px; --qode-cf-line-height-768: 28px; --qode-cf-font-size-680: 24px; --qode-cf-line-height-680: 28px; --qode-cf-font-size-480: 24px; --qode-cf-line-height-480: 28px;\">\n<p style=\"text-align: center;\"><span style=\"font-size: 24pt;\">Un sardo-galur\u00e9s que tiene afinidades con el corso porque probablemente<\/span><br \/>\n<span style=\"font-size: 24pt;\">pertenec\u00edan al mismo grupo. <\/span><\/p>\n<\/div>[vc_empty_space][vc_column_text]<\/p>\n<p style=\"text-align: justify;\">El galur\u00e9s, junto con el turritano o sasar\u00e9s y las variedades de Castelsardo y La Maddalena, forma parte del sistema ling\u00fc\u00edstico sardo-c\u00f3rso, un grupo de lenguas que, como su nombre indica, constituye el punto de encuentro entre el sardo y el corso. Su origen y clasificaci\u00f3n siempre han fascinado a los ling\u00fcistas y a otras personas. Los estudios m\u00e1s rigurosos y actualizados describen el galur\u00e9s como el resultado del contacto ling\u00fc\u00edstico que se produjo en la Edad Media y la Edad Moderna entre los sardos que habitaban esta regi\u00f3n poco poblada y los numerosos corsos que cruzaron el mar en busca de mejores condiciones de vida. Esta \u00ablengua puente\u00bb se extendi\u00f3 cada vez m\u00e1s hacia el interior, continuando su mezcla con el sardo septentrional y ahora, inevitablemente, con el italiano. En la actualidad, el galur\u00e9s est\u00e1 protegido por una ley regional y, aunque en declive, sigue siendo muy hablado y objeto de un interesante renacimiento ling\u00fc\u00edstico.<\/p>\n<p>[\/vc_column_text][\/vc_column][vc_column width=\u00bb1\/2&#8243; css=\u00bb.vc_custom_1674635574364{margin-top: 30px !important;}\u00bb][vc_single_image image=\u00bb1413&#8243; img_size=\u00bb500&#215;500&#8243; onclick=\u00bblink_image\u00bb qode_css_animation=\u00bb\u00bb qode_hover_animation=\u00bbdarken\u00bb][\/vc_column][\/vc_row][vc_row css_animation=\u00bb\u00bb row_type=\u00bbrow\u00bb use_row_as_full_screen_section=\u00bbno\u00bb type=\u00bbfull_width\u00bb angled_section=\u00bbno\u00bb text_align=\u00bbleft\u00bb background_image_as_pattern=\u00bbwithout_pattern\u00bb z_index=\u00bb\u00bb css=\u00bb.vc_custom_1675693433987{margin-top: 80px !important;}\u00bb][vc_column]<div class=\"qode-advanced-image-gallery  qode-aig-slider-type qode-tiny-space   \">\n\t<div class=\"qode-aig-slider qode-owl-slider\" data-number-of-items=\"1\" data-enable-loop=\"yes\" data-enable-autoplay=\"yes\" data-slider-speed=\"5000\" data-slider-speed-animation=\"600\" data-slider-padding=\"yes\" data-enable-navigation=\"yes\" data-enable-pagination=\"yes\">\n\t\t\t\t\t<div class=\"qode-aig-image\">\n\t\t\t\t\t\t\t\t\t<img loading=\"lazy\" decoding=\"async\" width=\"1980\" height=\"1320\" src=\"https:\/\/discovergallura.it\/wp-content\/uploads\/2023\/01\/005_selargius_costume_tipico_tradizionale_01_r.jpeg\" class=\"attachment-full size-full\" alt=\"\" srcset=\"https:\/\/discovergallura.it\/wp-content\/uploads\/2023\/01\/005_selargius_costume_tipico_tradizionale_01_r.jpeg 1980w, https:\/\/discovergallura.it\/wp-content\/uploads\/2023\/01\/005_selargius_costume_tipico_tradizionale_01_r-300x200.jpeg 300w, https:\/\/discovergallura.it\/wp-content\/uploads\/2023\/01\/005_selargius_costume_tipico_tradizionale_01_r-1024x683.jpeg 1024w, https:\/\/discovergallura.it\/wp-content\/uploads\/2023\/01\/005_selargius_costume_tipico_tradizionale_01_r-768x512.jpeg 768w, https:\/\/discovergallura.it\/wp-content\/uploads\/2023\/01\/005_selargius_costume_tipico_tradizionale_01_r-1536x1024.jpeg 1536w, https:\/\/discovergallura.it\/wp-content\/uploads\/2023\/01\/005_selargius_costume_tipico_tradizionale_01_r-700x467.jpeg 700w\" sizes=\"auto, (max-width: 1980px) 100vw, 1980px\" \/>\t\t\t\t\t<span class=\"aig-gallery-hover\">\n\t\t\t\t\t\t\t\t\t\t\t<\/span>\n\t\t\t\t\t\t\t<\/div>\n\t\t\t\t\t\t\t\t<div class=\"qode-aig-image\">\n\t\t\t\t\t\t\t\t\t<img loading=\"lazy\" decoding=\"async\" width=\"1599\" height=\"1066\" src=\"https:\/\/discovergallura.it\/wp-content\/uploads\/2023\/01\/1599px-Budduso_-_Costume_tradizionale_10.jpeg\" class=\"attachment-full size-full\" alt=\"\" srcset=\"https:\/\/discovergallura.it\/wp-content\/uploads\/2023\/01\/1599px-Budduso_-_Costume_tradizionale_10.jpeg 1599w, https:\/\/discovergallura.it\/wp-content\/uploads\/2023\/01\/1599px-Budduso_-_Costume_tradizionale_10-300x200.jpeg 300w, https:\/\/discovergallura.it\/wp-content\/uploads\/2023\/01\/1599px-Budduso_-_Costume_tradizionale_10-1024x683.jpeg 1024w, https:\/\/discovergallura.it\/wp-content\/uploads\/2023\/01\/1599px-Budduso_-_Costume_tradizionale_10-768x512.jpeg 768w, https:\/\/discovergallura.it\/wp-content\/uploads\/2023\/01\/1599px-Budduso_-_Costume_tradizionale_10-1536x1024.jpeg 1536w, https:\/\/discovergallura.it\/wp-content\/uploads\/2023\/01\/1599px-Budduso_-_Costume_tradizionale_10-700x467.jpeg 700w\" sizes=\"auto, (max-width: 1599px) 100vw, 1599px\" \/>\t\t\t\t\t<span class=\"aig-gallery-hover\">\n\t\t\t\t\t\t\t\t\t\t\t<\/span>\n\t\t\t\t\t\t\t<\/div>\n\t\t\t\t\t\t\t\t<div class=\"qode-aig-image\">\n\t\t\t\t\t\t\t\t\t<img loading=\"lazy\" decoding=\"async\" width=\"2048\" height=\"1365\" src=\"https:\/\/discovergallura.it\/wp-content\/uploads\/2023\/01\/aggius115.jpeg\" class=\"attachment-full size-full\" alt=\"\" srcset=\"https:\/\/discovergallura.it\/wp-content\/uploads\/2023\/01\/aggius115.jpeg 2048w, https:\/\/discovergallura.it\/wp-content\/uploads\/2023\/01\/aggius115-300x200.jpeg 300w, https:\/\/discovergallura.it\/wp-content\/uploads\/2023\/01\/aggius115-1024x683.jpeg 1024w, https:\/\/discovergallura.it\/wp-content\/uploads\/2023\/01\/aggius115-768x512.jpeg 768w, https:\/\/discovergallura.it\/wp-content\/uploads\/2023\/01\/aggius115-1536x1024.jpeg 1536w, https:\/\/discovergallura.it\/wp-content\/uploads\/2023\/01\/aggius115-700x467.jpeg 700w\" sizes=\"auto, (max-width: 2048px) 100vw, 2048px\" \/>\t\t\t\t\t<span class=\"aig-gallery-hover\">\n\t\t\t\t\t\t\t\t\t\t\t<\/span>\n\t\t\t\t\t\t\t<\/div>\n\t\t\t\t\t\t\t\t<div class=\"qode-aig-image\">\n\t\t\t\t\t\t\t\t\t<img loading=\"lazy\" decoding=\"async\" width=\"1140\" height=\"760\" src=\"https:\/\/discovergallura.it\/wp-content\/uploads\/2023\/01\/La-Sardegna-tra-costumi-tradizionali-e-arte-contemporanea.jpeg\" class=\"attachment-full size-full\" alt=\"\" srcset=\"https:\/\/discovergallura.it\/wp-content\/uploads\/2023\/01\/La-Sardegna-tra-costumi-tradizionali-e-arte-contemporanea.jpeg 1140w, https:\/\/discovergallura.it\/wp-content\/uploads\/2023\/01\/La-Sardegna-tra-costumi-tradizionali-e-arte-contemporanea-300x200.jpeg 300w, https:\/\/discovergallura.it\/wp-content\/uploads\/2023\/01\/La-Sardegna-tra-costumi-tradizionali-e-arte-contemporanea-1024x683.jpeg 1024w, https:\/\/discovergallura.it\/wp-content\/uploads\/2023\/01\/La-Sardegna-tra-costumi-tradizionali-e-arte-contemporanea-768x512.jpeg 768w, https:\/\/discovergallura.it\/wp-content\/uploads\/2023\/01\/La-Sardegna-tra-costumi-tradizionali-e-arte-contemporanea-700x467.jpeg 700w\" sizes=\"auto, (max-width: 1140px) 100vw, 1140px\" \/>\t\t\t\t\t<span class=\"aig-gallery-hover\">\n\t\t\t\t\t\t\t\t\t\t\t<\/span>\n\t\t\t\t\t\t\t<\/div>\n\t\t\t\t\t\t<\/div>\n<\/div>[\/vc_column][\/vc_row][vc_row css_animation=\u00bb\u00bb row_type=\u00bbrow\u00bb use_row_as_full_screen_section=\u00bbno\u00bb type=\u00bbgrid\u00bb angled_section=\u00bbno\u00bb text_align=\u00bbleft\u00bb background_image_as_pattern=\u00bbwithout_pattern\u00bb css=\u00bb.vc_custom_1676389118141{margin-top: 40px !important;margin-bottom: 120px !important;}\u00bb z_index=\u00bb\u00bb][vc_column css=\u00bb.vc_custom_1674635979280{margin-top: 30px !important;padding-right: 10% !important;}\u00bb][vc_separator type=\u00bbsmall\u00bb position=\u00bbleft\u00bb color=\u00bb#3390b9&#8243; thickness=\u00bb4&#8243; width=\u00bb50&#8243;]<div class=\"custom_font_holder \" style=\"font-family: red hat display; font-style: normal; font-weight: 800; color: #3390b9; text-decoration: none; text-align: left; --qode-cf-font-size: 38px; --qode-cf-line-height: 39px; --qode-cf-font-size-1440: 38px; --qode-cf-line-height-1440: 39px; --qode-cf-font-size-1366: 38px; --qode-cf-line-height-1366: 39px; --qode-cf-font-size-1280: 38px; --qode-cf-line-height-1280: 39px; --qode-cf-font-size-1024: 38px; --qode-cf-line-height-1024: 39px; --qode-cf-font-size-768: 38px; --qode-cf-line-height-768: 39px; --qode-cf-font-size-680: 38px; --qode-cf-line-height-680: 39px; --qode-cf-font-size-480: 38px; --qode-cf-line-height-480: 39px;\">EL LOGUDORES<\/div>[vc_row_inner row_type=\u00bbrow\u00bb type=\u00bbfull_width\u00bb text_align=\u00bbleft\u00bb css_animation=\u00bb\u00bb][vc_column_inner width=\u00bb1\/2&#8243; css=\u00bb.vc_custom_1674636351120{margin-top: 30px !important;}\u00bb]<div class=\"custom_font_holder \" style=\"font-family: EB garamond; font-style: italic; font-weight: 500; text-decoration: none; text-align: left; --qode-cf-font-size: 24px; --qode-cf-line-height: 28px; --qode-cf-font-size-1440: 24px; --qode-cf-line-height-1440: 28px; --qode-cf-font-size-1366: 24px; --qode-cf-line-height-1366: 28px; --qode-cf-font-size-1280: 24px; --qode-cf-line-height-1280: 28px; --qode-cf-font-size-1024: 24px; --qode-cf-line-height-1024: 28px; --qode-cf-font-size-768: 24px; --qode-cf-line-height-768: 28px; --qode-cf-font-size-680: 24px; --qode-cf-line-height-680: 28px; --qode-cf-font-size-480: 24px; --qode-cf-line-height-480: 28px;\">\n<p style=\"text-align: center;\"><span style=\"font-size: 24pt;\">El dialecto de la lengua sarda con m\u00e1s elementos de originalidad y<\/span><br \/>\n<span style=\"font-size: 24pt;\">arca\u00edsmo m\u00e1s parecido al lat\u00edn. <\/span><\/p>\n<\/div>[\/vc_column_inner][vc_column_inner width=\u00bb1\/2&#8243; css=\u00bb.vc_custom_1674636356791{margin-top: 30px !important;}\u00bb][vc_column_text]<\/p>\n<p style=\"text-align: justify;\"><strong>El sardo logudor\u00e9s<\/strong> es una de las dos particiones ortogr\u00e1ficas tradicionales de la lengua sarda, originaria de la regi\u00f3n de Logudoro, en el centro-norte de Cerde\u00f1a. El t\u00e9rmino logudor\u00e9s se utiliza para englobar un grupo de dialectos de la lengua sarda, como el \u00ablogudor\u00e9s nord\u00bb, el \u00ablogudor\u00e9s comune\u00bb y el \u00abnuor\u00e9s\u00bb. Los dos primeros experimentaron importantes evoluciones a partir del logudor\u00e9s hablado en la Edad Media, en parte debido a un desarrollo aut\u00f3nomo, en parte debido a los contactos con el castellano (tra\u00eddo por los conquistadores espa\u00f1oles) y con los idiomas sardo-corso (gallurese y sassarese) hablados en el extremo norte de la isla. El logudor\u00e9s septentrional y, en cierta medida, tambi\u00e9n el logudor\u00e9s com\u00fan formaron la matriz ling\u00fc\u00edstica del logudor\u00e9s literario. El dialecto de Nuoro se considera tradicionalmente la m\u00e1s conservadora de las variantes de la lengua sarda y, de todas las lenguas neolatinas, la m\u00e1s parecida al lat\u00edn<\/p>\n<p>[\/vc_column_text][\/vc_column_inner][\/vc_row_inner][\/vc_column][\/vc_row]<\/p>\n<\/div>","protected":false},"excerpt":{"rendered":"<p>[vc_row css_animation=\u00bb\u00bb row_type=\u00bbrow\u00bb use_row_as_full_screen_section=\u00bbno\u00bb type=\u00bbgrid\u00bb angled_section=\u00bbno\u00bb text_align=\u00bbleft\u00bb background_image_as_pattern=\u00bbwithout_pattern\u00bb css=\u00bb.vc_custom_1674636179112{margin-top: 80px !important;}\u00bb z_index=\u00bb\u00bb][vc_column width=\u00bb1\/2&#8243; css=\u00bb.vc_custom_1674635979280{margin-top: 30px !important;padding-right: 10% !important;}\u00bb][vc_row_inner row_type=\u00bbrow\u00bb type=\u00bbfull_width\u00bb text_align=\u00bbleft\u00bb css_animation=\u00bb\u00bb][vc_column_inner css=\u00bb.vc_custom_1674635610751{margin-bottom: 80px !important;}\u00bb][vc_separator type=\u00bbsmall\u00bb position=\u00bbleft\u00bb color=\u00bb#3390b9&#8243; thickness=\u00bb4&#8243; width=\u00bb50&#8243;][\/vc_column_inner][\/vc_row_inner][vc_empty_space][vc_column_text] El galur\u00e9s, junto con el turritano o sasar\u00e9s y las variedades de Castelsardo y La&#8230;<\/p>\n","protected":false},"author":1,"featured_media":15047,"parent":15990,"menu_order":0,"comment_status":"closed","ping_status":"closed","template":"full_width.php","meta":{"inline_featured_image":false,"footnotes":""},"class_list":["post-15808","page","type-page","status-publish","has-post-thumbnail","hentry"],"_links":{"self":[{"href":"https:\/\/discovergallura.it\/es\/wp-json\/wp\/v2\/pages\/15808","targetHints":{"allow":["GET"]}}],"collection":[{"href":"https:\/\/discovergallura.it\/es\/wp-json\/wp\/v2\/pages"}],"about":[{"href":"https:\/\/discovergallura.it\/es\/wp-json\/wp\/v2\/types\/page"}],"author":[{"embeddable":true,"href":"https:\/\/discovergallura.it\/es\/wp-json\/wp\/v2\/users\/1"}],"replies":[{"embeddable":true,"href":"https:\/\/discovergallura.it\/es\/wp-json\/wp\/v2\/comments?post=15808"}],"version-history":[{"count":3,"href":"https:\/\/discovergallura.it\/es\/wp-json\/wp\/v2\/pages\/15808\/revisions"}],"predecessor-version":[{"id":15811,"href":"https:\/\/discovergallura.it\/es\/wp-json\/wp\/v2\/pages\/15808\/revisions\/15811"}],"up":[{"embeddable":true,"href":"https:\/\/discovergallura.it\/es\/wp-json\/wp\/v2\/pages\/15990"}],"wp:featuredmedia":[{"embeddable":true,"href":"https:\/\/discovergallura.it\/es\/wp-json\/wp\/v2\/media\/15047"}],"wp:attachment":[{"href":"https:\/\/discovergallura.it\/es\/wp-json\/wp\/v2\/media?parent=15808"}],"curies":[{"name":"wp","href":"https:\/\/api.w.org\/{rel}","templated":true}]}}