{"id":15851,"date":"2023-01-25T10:20:25","date_gmt":"2023-01-25T09:20:25","guid":{"rendered":"https:\/\/discovergallura.it\/vini-e-liquori\/"},"modified":"2023-07-13T17:34:03","modified_gmt":"2023-07-13T15:34:03","slug":"vini-e-liquori","status":"publish","type":"page","link":"https:\/\/discovergallura.it\/es\/vini-e-liquori\/","title":{"rendered":"Vini e liquori"},"content":{"rendered":"<div class=\"wpb-content-wrapper\"><p>[vc_row css_animation=\u00bb\u00bb row_type=\u00bbrow\u00bb use_row_as_full_screen_section=\u00bbno\u00bb type=\u00bbgrid\u00bb angled_section=\u00bbno\u00bb text_align=\u00bbleft\u00bb background_image_as_pattern=\u00bbwithout_pattern\u00bb z_index=\u00bb\u00bb][vc_column css=\u00bb.vc_custom_1674214152573{margin-top: 80px !important;}\u00bb][vc_row_inner row_type=\u00bbrow\u00bb type=\u00bbfull_width\u00bb text_align=\u00bbleft\u00bb css_animation=\u00bb\u00bb][vc_column_inner width=\u00bb1\/2&#8243; css=\u00bb.vc_custom_1674212921568{margin-bottom: 110px !important;}\u00bb][vc_separator type=\u00bbsmall\u00bb position=\u00bbleft\u00bb color=\u00bb#3390b9&#8243; thickness=\u00bb4&#8243; width=\u00bb50&#8243;]<div class=\"custom_font_holder \" style=\"font-family: red hat display; font-style: normal; font-weight: 800; color: #3390b9; text-decoration: none; text-align: left; --qode-cf-font-size: 38px; --qode-cf-line-height: 39px; --qode-cf-font-size-1440: 38px; --qode-cf-line-height-1440: 39px; --qode-cf-font-size-1366: 38px; --qode-cf-line-height-1366: 39px; --qode-cf-font-size-1280: 38px; --qode-cf-line-height-1280: 39px; --qode-cf-font-size-1024: 38px; --qode-cf-line-height-1024: 39px; --qode-cf-font-size-768: 38px; --qode-cf-line-height-768: 39px; --qode-cf-font-size-680: 38px; --qode-cf-line-height-680: 39px; --qode-cf-font-size-480: 38px; --qode-cf-line-height-480: 39px;\">VINOS Y LICORES<\/div>[\/vc_column_inner][vc_column_inner width=\u00bb1\/2&#8243;][\/vc_column_inner][\/vc_row_inner][vc_row_inner row_type=\u00bbrow\u00bb type=\u00bbfull_width\u00bb text_align=\u00bbleft\u00bb css_animation=\u00bb\u00bb][vc_column_inner width=\u00bb1\/2&#8243;][vc_single_image image=\u00bb1966&#8243; img_size=\u00bbfull\u00bb qode_css_animation=\u00bb\u00bb][vc_empty_space][\/vc_column_inner][vc_column_inner width=\u00bb1\/2&#8243; css=\u00bb.vc_custom_1674212910857{margin-bottom: 80px !important;}\u00bb][vc_column_text]<\/p>\n<p style=\"text-align: justify;\">Gracias a su conformaci\u00f3n territorial, Gallura es el terru\u00f1o perfecto para diversas variedades de uva. La muy famosa Vermentino di Gallura DOCG , una denominaci\u00f3n que engloba diferentes vinos con un aroma extraordinario. El Moscato di Gallura, un vino espumoso vinificado en blanco, tambi\u00e9n se distingue por su inconfundible aroma. La zona de Luras es famosa por la producci\u00f3n de Nebbiolo, mientras que la de Monte Acuto da lugar al Cannonau, vino sardo por excelencia caracterizado por su compleja estructura y su color rub\u00ed. Entre las cepas m\u00e1s conocidas figuran la Pascale, raramente<br \/>\nvinificada en pureza, y la Caricagiola, que, como su nombre indica, se distingue por su elevada productividad. La vid Bovale sardo, o muristellu, es originaria de Cerde\u00f1a y, vinificada en pureza, produce un vino tinto de un caracter\u00edstico color rub\u00ed con matices viol\u00e1ceos. En Gallura tambi\u00e9n se producen licores a base de esencias de la maquia mediterr\u00e1nea: el mirto, licor sardo por excelencia, se elabora con las bayas del arbusto del mismo nombre y se distingue por su color viol\u00e1ceo y su penetrante aroma. Para consumir fresco, es excelente como digestivo o como ingrediente de c\u00f3cteles alternativos. Por \u00faltimo, el aqua-vitae, conocido localmente como \u00abea \u00e0ldenti\u00bb, atestigua los antiguos or\u00edgenes de la tradici\u00f3n destiladora sarda y se presenta en numerosas variantes, siempre basadas en aromas de la vegetaci\u00f3n local.<\/p>\n<p>[\/vc_column_text][\/vc_column_inner][\/vc_row_inner][\/vc_column][\/vc_row][vc_row css_animation=\u00bb\u00bb row_type=\u00bbrow\u00bb use_row_as_full_screen_section=\u00bbno\u00bb type=\u00bbgrid\u00bb angled_section=\u00bbno\u00bb text_align=\u00bbleft\u00bb background_image_as_pattern=\u00bbwithout_pattern\u00bb z_index=\u00bb\u00bb][vc_column width=\u00bb1\/6&#8243;][\/vc_column][vc_column width=\u00bb2\/3&#8243; css=\u00bb.vc_custom_1674141388895{margin-top: 80px !important;}\u00bb offset=\u00bbvc_hidden-sm vc_hidden-xs\u00bb]<div class=\"custom_font_holder \" style=\"font-family: EB garamond; font-style: italic; font-weight: 500; text-decoration: none; text-align: left; --qode-cf-font-size: 24px; --qode-cf-line-height: 28px; --qode-cf-font-size-1440: 24px; --qode-cf-line-height-1440: 28px; --qode-cf-font-size-1366: 24px; --qode-cf-line-height-1366: 28px; --qode-cf-font-size-1280: 24px; --qode-cf-line-height-1280: 28px; --qode-cf-font-size-1024: 24px; --qode-cf-line-height-1024: 28px; --qode-cf-font-size-768: 24px; --qode-cf-line-height-768: 28px; --qode-cf-font-size-680: 24px; --qode-cf-line-height-680: 28px; --qode-cf-font-size-480: 24px; --qode-cf-line-height-480: 28px;\">\n<p style=\"text-align: center;\"><span style=\"font-size: 24pt;\">Reconocidos como los mejores vinos de Cerde\u00f1a, los vinos de Gallura presentan un bouquet<\/span><br \/>\n<span style=\"font-size: 24pt;\">variado, capaz de complacer a cualquier paladar. <\/span><\/p>\n<\/div>[\/vc_column][vc_column width=\u00bb1\/6&#8243;][\/vc_column][\/vc_row][vc_row css_animation=\u00bb\u00bb row_type=\u00bbrow\u00bb use_row_as_full_screen_section=\u00bbno\u00bb type=\u00bbfull_width\u00bb angled_section=\u00bbno\u00bb text_align=\u00bbleft\u00bb background_image_as_pattern=\u00bbwithout_pattern\u00bb z_index=\u00bb\u00bb][vc_column css=\u00bb.vc_custom_1675695821216{margin-top: 80px !important;margin-bottom: 120px !important;}\u00bb]<div class=\"qode-advanced-image-gallery  qode-aig-slider-type qode-tiny-space   \">\n\t<div class=\"qode-aig-slider qode-owl-slider\" data-number-of-items=\"1\" data-enable-loop=\"yes\" data-enable-autoplay=\"yes\" data-slider-speed=\"5000\" data-slider-speed-animation=\"600\" data-slider-padding=\"yes\" data-enable-navigation=\"yes\" data-enable-pagination=\"yes\">\n\t\t\t\t\t<div class=\"qode-aig-image\">\n\t\t\t\t\t\t\t\t\t<img loading=\"lazy\" decoding=\"async\" width=\"1156\" height=\"768\" src=\"https:\/\/discovergallura.it\/wp-content\/uploads\/2023\/01\/vini.jpg\" class=\"attachment-full size-full\" alt=\"\" srcset=\"https:\/\/discovergallura.it\/wp-content\/uploads\/2023\/01\/vini.jpg 1156w, https:\/\/discovergallura.it\/wp-content\/uploads\/2023\/01\/vini-300x199.jpg 300w, https:\/\/discovergallura.it\/wp-content\/uploads\/2023\/01\/vini-1024x680.jpg 1024w, https:\/\/discovergallura.it\/wp-content\/uploads\/2023\/01\/vini-768x510.jpg 768w, https:\/\/discovergallura.it\/wp-content\/uploads\/2023\/01\/vini-700x465.jpg 700w\" sizes=\"auto, (max-width: 1156px) 100vw, 1156px\" \/>\t\t\t\t\t<span class=\"aig-gallery-hover\">\n\t\t\t\t\t\t\t\t\t\t\t<\/span>\n\t\t\t\t\t\t\t<\/div>\n\t\t\t\t\t\t\t\t<div class=\"qode-aig-image\">\n\t\t\t\t\t\t\t\t\t<img loading=\"lazy\" decoding=\"async\" width=\"1152\" height=\"768\" src=\"https:\/\/discovergallura.it\/wp-content\/uploads\/2023\/01\/vini-4.jpg\" class=\"attachment-full size-full\" alt=\"\" srcset=\"https:\/\/discovergallura.it\/wp-content\/uploads\/2023\/01\/vini-4.jpg 1152w, https:\/\/discovergallura.it\/wp-content\/uploads\/2023\/01\/vini-4-300x200.jpg 300w, https:\/\/discovergallura.it\/wp-content\/uploads\/2023\/01\/vini-4-1024x683.jpg 1024w, https:\/\/discovergallura.it\/wp-content\/uploads\/2023\/01\/vini-4-768x512.jpg 768w, https:\/\/discovergallura.it\/wp-content\/uploads\/2023\/01\/vini-4-700x467.jpg 700w\" sizes=\"auto, (max-width: 1152px) 100vw, 1152px\" \/>\t\t\t\t\t<span class=\"aig-gallery-hover\">\n\t\t\t\t\t\t\t\t\t\t\t<\/span>\n\t\t\t\t\t\t\t<\/div>\n\t\t\t\t\t\t\t\t<div class=\"qode-aig-image\">\n\t\t\t\t\t\t\t\t\t<img loading=\"lazy\" decoding=\"async\" width=\"1152\" height=\"768\" src=\"https:\/\/discovergallura.it\/wp-content\/uploads\/2023\/01\/vini-3.jpg\" class=\"attachment-full size-full\" alt=\"\" srcset=\"https:\/\/discovergallura.it\/wp-content\/uploads\/2023\/01\/vini-3.jpg 1152w, https:\/\/discovergallura.it\/wp-content\/uploads\/2023\/01\/vini-3-300x200.jpg 300w, https:\/\/discovergallura.it\/wp-content\/uploads\/2023\/01\/vini-3-1024x683.jpg 1024w, https:\/\/discovergallura.it\/wp-content\/uploads\/2023\/01\/vini-3-768x512.jpg 768w, https:\/\/discovergallura.it\/wp-content\/uploads\/2023\/01\/vini-3-700x467.jpg 700w\" sizes=\"auto, (max-width: 1152px) 100vw, 1152px\" \/>\t\t\t\t\t<span class=\"aig-gallery-hover\">\n\t\t\t\t\t\t\t\t\t\t\t<\/span>\n\t\t\t\t\t\t\t<\/div>\n\t\t\t\t\t\t\t\t<div class=\"qode-aig-image\">\n\t\t\t\t\t\t\t\t\t<img loading=\"lazy\" decoding=\"async\" width=\"1160\" height=\"768\" src=\"https:\/\/discovergallura.it\/wp-content\/uploads\/2023\/01\/vini-2.jpg\" class=\"attachment-full size-full\" alt=\"\" srcset=\"https:\/\/discovergallura.it\/wp-content\/uploads\/2023\/01\/vini-2.jpg 1160w, https:\/\/discovergallura.it\/wp-content\/uploads\/2023\/01\/vini-2-300x199.jpg 300w, https:\/\/discovergallura.it\/wp-content\/uploads\/2023\/01\/vini-2-1024x678.jpg 1024w, https:\/\/discovergallura.it\/wp-content\/uploads\/2023\/01\/vini-2-768x508.jpg 768w, https:\/\/discovergallura.it\/wp-content\/uploads\/2023\/01\/vini-2-700x463.jpg 700w\" sizes=\"auto, (max-width: 1160px) 100vw, 1160px\" \/>\t\t\t\t\t<span class=\"aig-gallery-hover\">\n\t\t\t\t\t\t\t\t\t\t\t<\/span>\n\t\t\t\t\t\t\t<\/div>\n\t\t\t\t\t\t<\/div>\n<\/div>[\/vc_column][\/vc_row]<\/p>\n<\/div>","protected":false},"excerpt":{"rendered":"<p>[vc_row css_animation=\u00bb\u00bb row_type=\u00bbrow\u00bb use_row_as_full_screen_section=\u00bbno\u00bb type=\u00bbgrid\u00bb angled_section=\u00bbno\u00bb text_align=\u00bbleft\u00bb background_image_as_pattern=\u00bbwithout_pattern\u00bb z_index=\u00bb\u00bb][vc_column css=\u00bb.vc_custom_1674214152573{margin-top: 80px !important;}\u00bb][vc_row_inner row_type=\u00bbrow\u00bb type=\u00bbfull_width\u00bb text_align=\u00bbleft\u00bb css_animation=\u00bb\u00bb][vc_column_inner width=\u00bb1\/2&#8243; css=\u00bb.vc_custom_1674212921568{margin-bottom: 110px !important;}\u00bb][vc_separator type=\u00bbsmall\u00bb position=\u00bbleft\u00bb color=\u00bb#3390b9&#8243; thickness=\u00bb4&#8243; width=\u00bb50&#8243;][\/vc_column_inner][vc_column_inner width=\u00bb1\/2&#8243;][\/vc_column_inner][\/vc_row_inner][vc_row_inner row_type=\u00bbrow\u00bb type=\u00bbfull_width\u00bb text_align=\u00bbleft\u00bb css_animation=\u00bb\u00bb][vc_column_inner width=\u00bb1\/2&#8243;][vc_single_image image=\u00bb1966&#8243; img_size=\u00bbfull\u00bb qode_css_animation=\u00bb\u00bb][vc_empty_space][\/vc_column_inner][vc_column_inner width=\u00bb1\/2&#8243; css=\u00bb.vc_custom_1674212910857{margin-bottom: 80px !important;}\u00bb][vc_column_text] Gracias a su conformaci\u00f3n territorial, Gallura es&#8230;<\/p>\n","protected":false},"author":1,"featured_media":14645,"parent":0,"menu_order":0,"comment_status":"closed","ping_status":"closed","template":"full_width.php","meta":{"inline_featured_image":false,"footnotes":""},"class_list":["post-15851","page","type-page","status-publish","has-post-thumbnail","hentry"],"_links":{"self":[{"href":"https:\/\/discovergallura.it\/es\/wp-json\/wp\/v2\/pages\/15851","targetHints":{"allow":["GET"]}}],"collection":[{"href":"https:\/\/discovergallura.it\/es\/wp-json\/wp\/v2\/pages"}],"about":[{"href":"https:\/\/discovergallura.it\/es\/wp-json\/wp\/v2\/types\/page"}],"author":[{"embeddable":true,"href":"https:\/\/discovergallura.it\/es\/wp-json\/wp\/v2\/users\/1"}],"replies":[{"embeddable":true,"href":"https:\/\/discovergallura.it\/es\/wp-json\/wp\/v2\/comments?post=15851"}],"version-history":[{"count":2,"href":"https:\/\/discovergallura.it\/es\/wp-json\/wp\/v2\/pages\/15851\/revisions"}],"predecessor-version":[{"id":15853,"href":"https:\/\/discovergallura.it\/es\/wp-json\/wp\/v2\/pages\/15851\/revisions\/15853"}],"wp:featuredmedia":[{"embeddable":true,"href":"https:\/\/discovergallura.it\/es\/wp-json\/wp\/v2\/media\/14645"}],"wp:attachment":[{"href":"https:\/\/discovergallura.it\/es\/wp-json\/wp\/v2\/media?parent=15851"}],"curies":[{"name":"wp","href":"https:\/\/api.w.org\/{rel}","templated":true}]}}