{"id":15854,"date":"2023-01-24T12:59:52","date_gmt":"2023-01-24T11:59:52","guid":{"rendered":"https:\/\/discovergallura.it\/le-spiagge\/"},"modified":"2023-07-24T10:42:00","modified_gmt":"2023-07-24T08:42:00","slug":"le-spiagge","status":"publish","type":"page","link":"https:\/\/discovergallura.it\/es\/il-mare\/le-spiagge\/","title":{"rendered":"Playas"},"content":{"rendered":"<div class=\"wpb-content-wrapper\"><p>[vc_row css_animation=\u00bb\u00bb row_type=\u00bbrow\u00bb use_row_as_full_screen_section=\u00bbno\u00bb type=\u00bbfull_width\u00bb angled_section=\u00bbno\u00bb text_align=\u00bbleft\u00bb background_image_as_pattern=\u00bbwithout_pattern\u00bb css=\u00bb.vc_custom_1674556887487{margin-top: 80px !important;padding-right: 10% !important;padding-left: 10% !important;}\u00bb z_index=\u00bb\u00bb][vc_column width=\u00bb2\/3&#8243; css=\u00bb.vc_custom_1674556896087{margin-top: 30px !important;padding-right: 10% !important;}\u00bb]<div class=\"custom_font_holder \" style=\"font-family: EB garamond; font-style: italic; font-weight: 500; text-decoration: none; text-align: left; --qode-cf-font-size: 25px; --qode-cf-line-height: 26px; --qode-cf-font-size-1440: 25px; --qode-cf-line-height-1440: 26px; --qode-cf-font-size-1366: 25px; --qode-cf-line-height-1366: 26px; --qode-cf-font-size-1280: 25px; --qode-cf-line-height-1280: 26px; --qode-cf-font-size-1024: 25px; --qode-cf-line-height-1024: 26px; --qode-cf-font-size-768: 25px; --qode-cf-line-height-768: 26px; --qode-cf-font-size-680: 25px; --qode-cf-line-height-680: 26px; --qode-cf-font-size-480: 25px; --qode-cf-line-height-480: 26px;\">\n<p style=\"text-align: left;\"><span style=\"font-size: 24pt;\">Donde el mar se cuela en las rocas de granito. <\/span><\/p>\n<\/div>[vc_empty_space][vc_column_text]Si busca unas vacaciones de playa del m\u00e1s alto nivel, Gallura es el lugar ideal. Con sus ensenadas de postal, sus numerosas reservas naturales y su mar perfecto, descubrir\u00e1 playas realmente espl\u00e9ndidas de arena blanca y enmarcadas por hermosos matorrales mediterr\u00e1neos.[\/vc_column_text][\/vc_column][vc_column width=\u00bb1\/3&#8243; css=\u00bb.vc_custom_1674556996802{margin-bottom: 120px !important;}\u00bb][\/vc_column][\/vc_row][vc_row css_animation=\u00bb\u00bb row_type=\u00bbrow\u00bb use_row_as_full_screen_section=\u00bbno\u00bb type=\u00bbfull_width\u00bb angled_section=\u00bbno\u00bb text_align=\u00bbleft\u00bb background_image_as_pattern=\u00bbwithout_pattern\u00bb css=\u00bb.vc_custom_1674492227404{margin-top: 20px !important;margin-bottom: 120px !important;padding-right: 10% !important;padding-left: 10% !important;}\u00bb z_index=\u00bb\u00bb][vc_column width=\u00bb1\/4&#8243; css=\u00bb.vc_custom_1674470389846{margin-top: 30px !important;}\u00bb][\/vc_column][vc_column width=\u00bb1\/4&#8243; css=\u00bb.vc_custom_1676458196137{margin-top: 30px !important;}\u00bb offset=\u00bbvc_col-xs-6&#8243;][vc_single_image image=\u00bb174&#8243; img_size=\u00bb300X300&#8243; onclick=\u00bbcustom_link\u00bb qode_css_animation=\u00bb\u00bb qode_hover_animation=\u00bbdarken\u00bb link=\u00bbhttps:\/\/discovergallura.it\/es\/spiaggia-rosa-isola-budelli\/\u00bb][vc_empty_space height=\u00bb20px\u00bb][vc_column_text]<\/p>\n<h3><span style=\"color: #3390b9;\">LA PLAYA ROSA DE LA ISLA BUDELLI<\/span><\/h3>\n<p>[\/vc_column_text][\/vc_column][vc_column width=\u00bb1\/4&#8243; css=\u00bb.vc_custom_1676458200542{margin-top: 30px !important;}\u00bb offset=\u00bbvc_col-xs-6&#8243;][vc_single_image image=\u00bb423&#8243; img_size=\u00bb300X300&#8243; onclick=\u00bbcustom_link\u00bb qode_css_animation=\u00bb\u00bb qode_hover_animation=\u00bbdarken\u00bb link=\u00bbhttps:\/\/discovergallura.it\/es\/rena-di-ponente-e-rena-di-levante\/\u00bb][vc_empty_space height=\u00bb20px\u00bb][vc_column_text]<\/p>\n<h3><span style=\"color: #3390b9;\">RENA DE PONENTE<br \/>\nY RENA DE LEVANTE<\/span><\/h3>\n<p>[\/vc_column_text][\/vc_column][vc_column width=\u00bb1\/4&#8243; css=\u00bb.vc_custom_1676458207482{margin-top: 30px !important;}\u00bb offset=\u00bbvc_col-xs-6&#8243;][vc_single_image image=\u00bb439&#8243; img_size=\u00bb300X300&#8243; onclick=\u00bbcustom_link\u00bb qode_css_animation=\u00bb\u00bb qode_hover_animation=\u00bbdarken\u00bb link=\u00bbhttps:\/\/discovergallura.it\/es\/spiaggia-del-principe\/\u00bb][vc_empty_space height=\u00bb20px\u00bb][vc_column_text]<\/p>\n<h3><span style=\"color: #3390b9;\">PLAYA DEL PRINCIPE<\/span><\/h3>\n<p>[\/vc_column_text][\/vc_column][\/vc_row]<\/p>\n<\/div>","protected":false},"excerpt":{"rendered":"<p>[vc_row css_animation=\u00bb\u00bb row_type=\u00bbrow\u00bb use_row_as_full_screen_section=\u00bbno\u00bb type=\u00bbfull_width\u00bb angled_section=\u00bbno\u00bb text_align=\u00bbleft\u00bb background_image_as_pattern=\u00bbwithout_pattern\u00bb css=\u00bb.vc_custom_1674556887487{margin-top: 80px !important;padding-right: 10% !important;padding-left: 10% !important;}\u00bb z_index=\u00bb\u00bb][vc_column width=\u00bb2\/3&#8243; css=\u00bb.vc_custom_1674556896087{margin-top: 30px !important;padding-right: 10% !important;}\u00bb][vc_empty_space][vc_column_text]Si busca unas vacaciones de playa del m\u00e1s alto nivel, Gallura es el lugar ideal. Con sus ensenadas de postal, sus numerosas reservas naturales&#8230;<\/p>\n","protected":false},"author":1,"featured_media":14274,"parent":15996,"menu_order":0,"comment_status":"closed","ping_status":"closed","template":"full_width.php","meta":{"inline_featured_image":false,"footnotes":""},"class_list":["post-15854","page","type-page","status-publish","has-post-thumbnail","hentry"],"_links":{"self":[{"href":"https:\/\/discovergallura.it\/es\/wp-json\/wp\/v2\/pages\/15854","targetHints":{"allow":["GET"]}}],"collection":[{"href":"https:\/\/discovergallura.it\/es\/wp-json\/wp\/v2\/pages"}],"about":[{"href":"https:\/\/discovergallura.it\/es\/wp-json\/wp\/v2\/types\/page"}],"author":[{"embeddable":true,"href":"https:\/\/discovergallura.it\/es\/wp-json\/wp\/v2\/users\/1"}],"replies":[{"embeddable":true,"href":"https:\/\/discovergallura.it\/es\/wp-json\/wp\/v2\/comments?post=15854"}],"version-history":[{"count":3,"href":"https:\/\/discovergallura.it\/es\/wp-json\/wp\/v2\/pages\/15854\/revisions"}],"predecessor-version":[{"id":16456,"href":"https:\/\/discovergallura.it\/es\/wp-json\/wp\/v2\/pages\/15854\/revisions\/16456"}],"up":[{"embeddable":true,"href":"https:\/\/discovergallura.it\/es\/wp-json\/wp\/v2\/pages\/15996"}],"wp:featuredmedia":[{"embeddable":true,"href":"https:\/\/discovergallura.it\/es\/wp-json\/wp\/v2\/media\/14274"}],"wp:attachment":[{"href":"https:\/\/discovergallura.it\/es\/wp-json\/wp\/v2\/media?parent=15854"}],"curies":[{"name":"wp","href":"https:\/\/api.w.org\/{rel}","templated":true}]}}