{"id":15904,"date":"2023-01-24T16:38:47","date_gmt":"2023-01-24T15:38:47","guid":{"rendered":"https:\/\/discovergallura.it\/escursione-entroterra\/"},"modified":"2023-07-21T16:36:07","modified_gmt":"2023-07-21T14:36:07","slug":"escursione-entroterra","status":"publish","type":"page","link":"https:\/\/discovergallura.it\/es\/escursione-entroterra\/","title":{"rendered":"Excursiones al interior"},"content":{"rendered":"<div class=\"wpb-content-wrapper\"><p>[vc_row css_animation=\u00bb\u00bb row_type=\u00bbrow\u00bb use_row_as_full_screen_section=\u00bbno\u00bb type=\u00bbfull_width\u00bb angled_section=\u00bbno\u00bb text_align=\u00bbleft\u00bb background_image_as_pattern=\u00bbwithout_pattern\u00bb css=\u00bb.vc_custom_1674472741824{margin-top: 80px !important;padding-right: 10% !important;padding-left: 10% !important;}\u00bb z_index=\u00bb\u00bb][vc_column width=\u00bb1\/2&#8243; css=\u00bb.vc_custom_1674655074333{margin-top: 30px !important;margin-bottom: 20px !important;padding-right: 10% !important;}\u00bb]<div class=\"custom_font_holder \" style=\"font-family: EB garamond; font-style: italic; font-weight: 500; text-decoration: none; text-align: left; --qode-cf-font-size: 25px; --qode-cf-line-height: 26px; --qode-cf-font-size-1440: 25px; --qode-cf-line-height-1440: 26px; --qode-cf-font-size-1366: 25px; --qode-cf-line-height-1366: 26px; --qode-cf-font-size-1280: 25px; --qode-cf-line-height-1280: 26px; --qode-cf-font-size-1024: 25px; --qode-cf-line-height-1024: 26px; --qode-cf-font-size-768: 25px; --qode-cf-line-height-768: 26px; --qode-cf-font-size-680: 25px; --qode-cf-line-height-680: 26px; --qode-cf-font-size-480: 25px; --qode-cf-line-height-480: 26px;\">\n<p style=\"text-align: center;\"><span style=\"font-size: 24pt;\">Coraz\u00f3n palpitante de la regi\u00f3n, el interior de Gallura es rico en itinerarios perfectos para paseos<\/span><br \/>\n<span style=\"font-size: 24pt;\">y excursiones. <\/span><\/p>\n<\/div>[vc_empty_space][vc_column_text]<\/p>\n<p style=\"text-align: justify;\">Explorar el interior de Gallura significa descubrir el alma aut\u00e9ntica de esta regi\u00f3n y entrar en contacto con sus valores m\u00e1s genuinos: la naturaleza se entrelaza con las tradiciones, la historia y la cultura sardas, ofreciendo una alternativa a las cl\u00e1sicas vacaciones junto al mar. A lo largo de itinerarios religiosos, hist\u00f3ricos y naturales, es posible visitar lugares de culto, yacimientos arqueol\u00f3gicos, restos de nuraghi, dolmen y tumbas de los gigantes, as\u00ed como zonas naturales de gran valor medioambiental. Cerde\u00f1a es el destino ideal para los amantes del ciclismo, del senderismo y de todas las actividades al aire libre, con la posibilidad de organizar excursiones de distintos niveles de dificultad: para expertos o familias, para realizar de forma independiente o con<br \/>\ngu\u00eda.<\/p>\n<p>[\/vc_column_text][\/vc_column][vc_column width=\u00bb1\/4&#8243; css=\u00bb.vc_custom_1676460707908{margin-top: 30px !important;}\u00bb offset=\u00bbvc_col-xs-6&#8243;][vc_single_image image=\u00bb1798&#8243; img_size=\u00bb300X300&#8243; onclick=\u00bbcustom_link\u00bb qode_css_animation=\u00bb\u00bb qode_hover_animation=\u00bbdarken\u00bb link=\u00bb\/es\/sentiero-carbonai-capo-figari\/\u00bb][vc_empty_space height=\u00bb20px\u00bb][vc_column_text]<\/p>\n<h3><span style=\"color: #3390b9;\">Ruta de los carboneros en Capo Figari\u00a0<\/span><\/h3>\n<p>[\/vc_column_text][\/vc_column][vc_column width=\u00bb1\/4&#8243; css=\u00bb.vc_custom_1676460712228{margin-top: 30px !important;}\u00bb offset=\u00bbvc_col-xs-6&#8243;][vc_single_image image=\u00bb1803&#8243; img_size=\u00bb300X300&#8243; onclick=\u00bbcustom_link\u00bb qode_css_animation=\u00bb\u00bb qode_hover_animation=\u00bbdarken\u00bb link=\u00bb\/es\/la-strada-del-vermentino\/\u00bb][vc_empty_space height=\u00bb20px\u00bb][vc_column_text]<\/p>\n<h3><span style=\"color: #3390b9;\">El camino del Vermentino\u00a0<\/span><\/h3>\n<p>[\/vc_column_text][\/vc_column][\/vc_row][vc_row css_animation=\u00bb\u00bb row_type=\u00bbrow\u00bb use_row_as_full_screen_section=\u00bbno\u00bb type=\u00bbfull_width\u00bb angled_section=\u00bbno\u00bb text_align=\u00bbleft\u00bb background_image_as_pattern=\u00bbwithout_pattern\u00bb css=\u00bb.vc_custom_1676460759408{margin-top: 20px !important;margin-bottom: 120px !important;padding-right: 10% !important;padding-left: 10% !important;}\u00bb z_index=\u00bb\u00bb el_id=\u00bbhelp-flex\u00bb][vc_column width=\u00bb1\/4&#8243; css=\u00bb.vc_custom_1676460716748{margin-top: 30px !important;}\u00bb offset=\u00bbvc_col-xs-6&#8243;][vc_single_image image=\u00bb1816&#8243; img_size=\u00bb300X300&#8243; onclick=\u00bbcustom_link\u00bb qode_css_animation=\u00bb\u00bb qode_hover_animation=\u00bbdarken\u00bb link=\u00bb\/es\/circuito-delle-chiese-campestri-di-santantonio-di-gallura\/\u00bb][vc_empty_space height=\u00bb20px\u00bb][vc_column_text]<\/p>\n<h3><span style=\"color: #3390b9;\">\u00a0Circuito de las iglesias rurales de Sant&#8217;Antonio di Gallura\u00a0<\/span><\/h3>\n<p>[\/vc_column_text][\/vc_column][vc_column width=\u00bb1\/4&#8243; css=\u00bb.vc_custom_1676460721488{margin-top: 30px !important;}\u00bb offset=\u00bbvc_col-xs-6&#8243;][vc_single_image image=\u00bb1298&#8243; img_size=\u00bb300X300&#8243; onclick=\u00bbcustom_link\u00bb qode_css_animation=\u00bb\u00bb qode_hover_animation=\u00bbdarken\u00bb link=\u00bb\/es\/punta-marginetto\/\u00bb][vc_empty_space height=\u00bb20px\u00bb][vc_column_text]<\/p>\n<h3><span style=\"color: #3390b9;\">Punta Marginetto<\/span><\/h3>\n<p>[\/vc_column_text][\/vc_column][vc_column width=\u00bb1\/4&#8243; css=\u00bb.vc_custom_1676460725288{margin-top: 30px !important;margin-bottom: 20px !important;}\u00bb offset=\u00bbvc_col-xs-6&#8243;][vc_single_image image=\u00bb1834&#8243; img_size=\u00bb300X300&#8243; onclick=\u00bbcustom_link\u00bb qode_css_animation=\u00bb\u00bb qode_hover_animation=\u00bbdarken\u00bb link=\u00bb\/es\/sentieri-francescani-di-luogosanto\/\u00bb][vc_empty_space height=\u00bb20px\u00bb][vc_column_text]<\/p>\n<h3><span style=\"color: #3390b9;\">Caminos Franciscanos de Luogosanto\u00a0<\/span><\/h3>\n<p>[\/vc_column_text][\/vc_column][vc_column width=\u00bb1\/4&#8243; css=\u00bb.vc_custom_1676460729240{margin-top: 30px !important;}\u00bb offset=\u00bbvc_col-xs-6&#8243;][vc_single_image image=\u00bb1845&#8243; img_size=\u00bb300X300&#8243; onclick=\u00bbcustom_link\u00bb qode_css_animation=\u00bb\u00bb qode_hover_animation=\u00bbdarken\u00bb link=\u00bb\/es\/sentieri-di-pellegrinaggio\/\u00bb][vc_empty_space height=\u00bb20px\u00bb][vc_column_text]<\/p>\n<h3><span style=\"color: #3390b9;\">Rutas de peregrinaci\u00f3n\u00a0<\/span><\/h3>\n<p>[\/vc_column_text][\/vc_column][\/vc_row]<\/p>\n<\/div>","protected":false},"excerpt":{"rendered":"<p>[vc_row css_animation=\u00bb\u00bb row_type=\u00bbrow\u00bb use_row_as_full_screen_section=\u00bbno\u00bb type=\u00bbfull_width\u00bb angled_section=\u00bbno\u00bb text_align=\u00bbleft\u00bb background_image_as_pattern=\u00bbwithout_pattern\u00bb css=\u00bb.vc_custom_1674472741824{margin-top: 80px !important;padding-right: 10% !important;padding-left: 10% !important;}\u00bb z_index=\u00bb\u00bb][vc_column width=\u00bb1\/2&#8243; css=\u00bb.vc_custom_1674655074333{margin-top: 30px !important;margin-bottom: 20px !important;padding-right: 10% !important;}\u00bb][vc_empty_space][vc_column_text] Explorar el interior de Gallura significa descubrir el alma aut\u00e9ntica de esta regi\u00f3n y entrar en contacto con sus valores m\u00e1s&#8230;<\/p>\n","protected":false},"author":1,"featured_media":14615,"parent":0,"menu_order":0,"comment_status":"closed","ping_status":"closed","template":"full_width.php","meta":{"inline_featured_image":false,"footnotes":""},"class_list":["post-15904","page","type-page","status-publish","has-post-thumbnail","hentry"],"_links":{"self":[{"href":"https:\/\/discovergallura.it\/es\/wp-json\/wp\/v2\/pages\/15904","targetHints":{"allow":["GET"]}}],"collection":[{"href":"https:\/\/discovergallura.it\/es\/wp-json\/wp\/v2\/pages"}],"about":[{"href":"https:\/\/discovergallura.it\/es\/wp-json\/wp\/v2\/types\/page"}],"author":[{"embeddable":true,"href":"https:\/\/discovergallura.it\/es\/wp-json\/wp\/v2\/users\/1"}],"replies":[{"embeddable":true,"href":"https:\/\/discovergallura.it\/es\/wp-json\/wp\/v2\/comments?post=15904"}],"version-history":[{"count":5,"href":"https:\/\/discovergallura.it\/es\/wp-json\/wp\/v2\/pages\/15904\/revisions"}],"predecessor-version":[{"id":16410,"href":"https:\/\/discovergallura.it\/es\/wp-json\/wp\/v2\/pages\/15904\/revisions\/16410"}],"wp:featuredmedia":[{"embeddable":true,"href":"https:\/\/discovergallura.it\/es\/wp-json\/wp\/v2\/media\/14615"}],"wp:attachment":[{"href":"https:\/\/discovergallura.it\/es\/wp-json\/wp\/v2\/media?parent=15904"}],"curies":[{"name":"wp","href":"https:\/\/api.w.org\/{rel}","templated":true}]}}