{"id":15912,"date":"2023-01-24T17:01:23","date_gmt":"2023-01-24T16:01:23","guid":{"rendered":"https:\/\/discovergallura.it\/escursione-entroterra\/circuito-delle-chiese-campestri-di-santantonio-di-gallura\/"},"modified":"2023-07-19T10:08:34","modified_gmt":"2023-07-19T08:08:34","slug":"circuito-delle-chiese-campestri-di-santantonio-di-gallura","status":"publish","type":"page","link":"https:\/\/discovergallura.it\/es\/escursione-entroterra\/circuito-delle-chiese-campestri-di-santantonio-di-gallura\/","title":{"rendered":"Circuito delle chiese campestri di Sant\u2019Antonio di Gallura"},"content":{"rendered":"<div class=\"wpb-content-wrapper\"><p>[vc_row css_animation=\u00bb\u00bb row_type=\u00bbrow\u00bb use_row_as_full_screen_section=\u00bbno\u00bb type=\u00bbgrid\u00bb angled_section=\u00bbno\u00bb text_align=\u00bbleft\u00bb background_image_as_pattern=\u00bbwithout_pattern\u00bb z_index=\u00bb\u00bb][vc_column css=\u00bb.vc_custom_1674214152573{margin-top: 80px !important;}\u00bb][vc_row_inner row_type=\u00bbrow\u00bb type=\u00bbfull_width\u00bb text_align=\u00bbleft\u00bb css_animation=\u00bb\u00bb][vc_column_inner width=\u00bb1\/2&#8243; css=\u00bb.vc_custom_1674212921568{margin-bottom: 110px !important;}\u00bb][vc_separator type=\u00bbsmall\u00bb position=\u00bbleft\u00bb color=\u00bb#3390b9&#8243; thickness=\u00bb4&#8243; width=\u00bb50&#8243;]<div class=\"custom_font_holder \" style=\"font-family: red hat display; font-style: normal; font-weight: 800; color: #3390b9; text-decoration: none; text-align: left; --qode-cf-font-size: 38px; --qode-cf-line-height: 39px; --qode-cf-font-size-1440: 38px; --qode-cf-line-height-1440: 39px; --qode-cf-font-size-1366: 38px; --qode-cf-line-height-1366: 39px; --qode-cf-font-size-1280: 38px; --qode-cf-line-height-1280: 39px; --qode-cf-font-size-1024: 38px; --qode-cf-line-height-1024: 39px; --qode-cf-font-size-768: 38px; --qode-cf-line-height-768: 39px; --qode-cf-font-size-680: 38px; --qode-cf-line-height-680: 39px; --qode-cf-font-size-480: 38px; --qode-cf-line-height-480: 39px;\">CIRCUITO DE LAS IGLESIA RURALE DE SANT&#8217;ANTONIO DI GALLURA<\/div>[\/vc_column_inner][vc_column_inner width=\u00bb1\/2&#8243;][\/vc_column_inner][\/vc_row_inner][vc_row_inner row_type=\u00bbrow\u00bb type=\u00bbfull_width\u00bb text_align=\u00bbleft\u00bb css_animation=\u00bb\u00bb][vc_column_inner width=\u00bb1\/2&#8243;][vc_single_image image=\u00bb1818&#8243; img_size=\u00bbfull\u00bb qode_css_animation=\u00bb\u00bb][vc_empty_space][\/vc_column_inner][vc_column_inner width=\u00bb1\/2&#8243; css=\u00bb.vc_custom_1674212910857{margin-bottom: 80px !important;}\u00bb][vc_column_text]<\/p>\n<p style=\"text-align: justify;\">El circuito de iglesias rurales de Sant&#8217;Antonio di Gallura es un itinerario religioso que recorre unos 25 kil\u00f3metros hacia el interior de Gallura, permitiendo a los visitantes sumergirse en la naturaleza y, al mismo tiempo, acercarse a la espiritualidad del pueblo sardo. Aqu\u00ed, entre vegetaci\u00f3n aut\u00f3ctona, rocas de granito modeladas por el viento y edificios antiguos, las<br \/>\ntradiciones y los valores sardos se transmiten en su forma m\u00e1s aut\u00e9ntica, en una combinaci\u00f3n perfecta de fe, naturaleza y actividad f\u00edsica. Las paradas incluyen la iglesia de San Giacomo, la iglesia de la Madonna della Crucitta, la iglesia de Santu Santinu, la iglesia de San Giuseppe, la iglesia de Sant&#8217;Andrea y la iglesia de San Leonardo.<\/p>\n<p>[\/vc_column_text][\/vc_column_inner][\/vc_row_inner][\/vc_column][\/vc_row][vc_row css_animation=\u00bb\u00bb row_type=\u00bbrow\u00bb use_row_as_full_screen_section=\u00bbno\u00bb type=\u00bbgrid\u00bb angled_section=\u00bbno\u00bb text_align=\u00bbleft\u00bb background_image_as_pattern=\u00bbwithout_pattern\u00bb z_index=\u00bb\u00bb][vc_column width=\u00bb1\/6&#8243;][\/vc_column][vc_column width=\u00bb2\/3&#8243; css=\u00bb.vc_custom_1674141388895{margin-top: 80px !important;}\u00bb offset=\u00bbvc_hidden-sm vc_hidden-xs\u00bb]<div class=\"custom_font_holder \" style=\"font-family: EB garamond; font-style: italic; font-weight: 500; text-decoration: none; text-align: left; --qode-cf-font-size: 24px; --qode-cf-line-height: 28px; --qode-cf-font-size-1440: 24px; --qode-cf-line-height-1440: 28px; --qode-cf-font-size-1366: 24px; --qode-cf-line-height-1366: 28px; --qode-cf-font-size-1280: 24px; --qode-cf-line-height-1280: 28px; --qode-cf-font-size-1024: 24px; --qode-cf-line-height-1024: 28px; --qode-cf-font-size-768: 24px; --qode-cf-line-height-768: 28px; --qode-cf-font-size-680: 24px; --qode-cf-line-height-680: 28px; --qode-cf-font-size-480: 24px; --qode-cf-line-height-480: 28px;\">\n<p style=\"text-align: center;\"><span style=\"font-size: 24pt;\">Entre los itinerarios religiosos de Gallura, este circuito combina espiritualidad, naturaleza y<\/span><br \/>\n<span style=\"font-size: 24pt;\">actividad f\u00edsica<\/span><\/p>\n<\/div>[\/vc_column][vc_column width=\u00bb1\/6&#8243;][\/vc_column][\/vc_row][vc_row css_animation=\u00bb\u00bb row_type=\u00bbrow\u00bb use_row_as_full_screen_section=\u00bbno\u00bb type=\u00bbfull_width\u00bb angled_section=\u00bbno\u00bb text_align=\u00bbleft\u00bb background_image_as_pattern=\u00bbwithout_pattern\u00bb z_index=\u00bb\u00bb][vc_column css=\u00bb.vc_custom_1675698083970{margin-top: 80px !important;margin-bottom: 120px !important;}\u00bb]<div class=\"qode-advanced-image-gallery  qode-aig-slider-type qode-tiny-space   \">\n\t<div class=\"qode-aig-slider qode-owl-slider\" data-number-of-items=\"1\" data-enable-loop=\"yes\" data-enable-autoplay=\"yes\" data-slider-speed=\"5000\" data-slider-speed-animation=\"600\" data-slider-padding=\"yes\" data-enable-navigation=\"yes\" data-enable-pagination=\"yes\">\n\t\t\t\t\t<div class=\"qode-aig-image\">\n\t\t\t\t\t\t\t\t\t<img loading=\"lazy\" decoding=\"async\" width=\"1536\" height=\"2048\" src=\"https:\/\/discovergallura.it\/wp-content\/uploads\/2023\/01\/IMG_2522-1536x2048-1.jpg\" class=\"attachment-full size-full\" alt=\"\" srcset=\"https:\/\/discovergallura.it\/wp-content\/uploads\/2023\/01\/IMG_2522-1536x2048-1.jpg 1536w, https:\/\/discovergallura.it\/wp-content\/uploads\/2023\/01\/IMG_2522-1536x2048-1-225x300.jpg 225w, https:\/\/discovergallura.it\/wp-content\/uploads\/2023\/01\/IMG_2522-1536x2048-1-768x1024.jpg 768w, https:\/\/discovergallura.it\/wp-content\/uploads\/2023\/01\/IMG_2522-1536x2048-1-1152x1536.jpg 1152w, https:\/\/discovergallura.it\/wp-content\/uploads\/2023\/01\/IMG_2522-1536x2048-1-600x800.jpg 600w, https:\/\/discovergallura.it\/wp-content\/uploads\/2023\/01\/IMG_2522-1536x2048-1-700x933.jpg 700w\" sizes=\"auto, (max-width: 1536px) 100vw, 1536px\" \/>\t\t\t\t\t<span class=\"aig-gallery-hover\">\n\t\t\t\t\t\t\t\t\t\t\t<\/span>\n\t\t\t\t\t\t\t<\/div>\n\t\t\t\t\t\t\t\t<div class=\"qode-aig-image\">\n\t\t\t\t\t\t\t\t\t<img loading=\"lazy\" decoding=\"async\" width=\"975\" height=\"1219\" src=\"https:\/\/discovergallura.it\/wp-content\/uploads\/2023\/01\/IMG_E4682-Copia.jpg\" class=\"attachment-full size-full\" alt=\"\" srcset=\"https:\/\/discovergallura.it\/wp-content\/uploads\/2023\/01\/IMG_E4682-Copia.jpg 975w, https:\/\/discovergallura.it\/wp-content\/uploads\/2023\/01\/IMG_E4682-Copia-240x300.jpg 240w, https:\/\/discovergallura.it\/wp-content\/uploads\/2023\/01\/IMG_E4682-Copia-819x1024.jpg 819w, https:\/\/discovergallura.it\/wp-content\/uploads\/2023\/01\/IMG_E4682-Copia-768x960.jpg 768w, https:\/\/discovergallura.it\/wp-content\/uploads\/2023\/01\/IMG_E4682-Copia-700x875.jpg 700w\" sizes=\"auto, (max-width: 975px) 100vw, 975px\" \/>\t\t\t\t\t<span class=\"aig-gallery-hover\">\n\t\t\t\t\t\t\t\t\t\t\t<\/span>\n\t\t\t\t\t\t\t<\/div>\n\t\t\t\t\t\t\t\t<div class=\"qode-aig-image\">\n\t\t\t\t\t\t\t\t\t<img loading=\"lazy\" decoding=\"async\" width=\"1536\" height=\"2048\" src=\"https:\/\/discovergallura.it\/wp-content\/uploads\/2023\/01\/IMG_2660-1536x2048-1.jpg\" class=\"attachment-full size-full\" alt=\"\" srcset=\"https:\/\/discovergallura.it\/wp-content\/uploads\/2023\/01\/IMG_2660-1536x2048-1.jpg 1536w, https:\/\/discovergallura.it\/wp-content\/uploads\/2023\/01\/IMG_2660-1536x2048-1-225x300.jpg 225w, https:\/\/discovergallura.it\/wp-content\/uploads\/2023\/01\/IMG_2660-1536x2048-1-768x1024.jpg 768w, https:\/\/discovergallura.it\/wp-content\/uploads\/2023\/01\/IMG_2660-1536x2048-1-1152x1536.jpg 1152w, https:\/\/discovergallura.it\/wp-content\/uploads\/2023\/01\/IMG_2660-1536x2048-1-600x800.jpg 600w, https:\/\/discovergallura.it\/wp-content\/uploads\/2023\/01\/IMG_2660-1536x2048-1-700x933.jpg 700w\" sizes=\"auto, (max-width: 1536px) 100vw, 1536px\" \/>\t\t\t\t\t<span class=\"aig-gallery-hover\">\n\t\t\t\t\t\t\t\t\t\t\t<\/span>\n\t\t\t\t\t\t\t<\/div>\n\t\t\t\t\t\t\t\t<div class=\"qode-aig-image\">\n\t\t\t\t\t\t\t\t\t<img loading=\"lazy\" decoding=\"async\" width=\"1536\" height=\"2048\" src=\"https:\/\/discovergallura.it\/wp-content\/uploads\/2023\/01\/IMG_4192-1536x2048-1.jpg\" class=\"attachment-full size-full\" alt=\"\" srcset=\"https:\/\/discovergallura.it\/wp-content\/uploads\/2023\/01\/IMG_4192-1536x2048-1.jpg 1536w, https:\/\/discovergallura.it\/wp-content\/uploads\/2023\/01\/IMG_4192-1536x2048-1-225x300.jpg 225w, https:\/\/discovergallura.it\/wp-content\/uploads\/2023\/01\/IMG_4192-1536x2048-1-768x1024.jpg 768w, https:\/\/discovergallura.it\/wp-content\/uploads\/2023\/01\/IMG_4192-1536x2048-1-1152x1536.jpg 1152w, https:\/\/discovergallura.it\/wp-content\/uploads\/2023\/01\/IMG_4192-1536x2048-1-600x800.jpg 600w, https:\/\/discovergallura.it\/wp-content\/uploads\/2023\/01\/IMG_4192-1536x2048-1-700x933.jpg 700w\" sizes=\"auto, (max-width: 1536px) 100vw, 1536px\" \/>\t\t\t\t\t<span class=\"aig-gallery-hover\">\n\t\t\t\t\t\t\t\t\t\t\t<\/span>\n\t\t\t\t\t\t\t<\/div>\n\t\t\t\t\t\t\t\t<div class=\"qode-aig-image\">\n\t\t\t\t\t\t\t\t\t<img loading=\"lazy\" decoding=\"async\" width=\"1536\" height=\"2048\" src=\"https:\/\/discovergallura.it\/wp-content\/uploads\/2023\/01\/IMG_1981-1536x2048-1.jpg\" class=\"attachment-full size-full\" alt=\"\" srcset=\"https:\/\/discovergallura.it\/wp-content\/uploads\/2023\/01\/IMG_1981-1536x2048-1.jpg 1536w, https:\/\/discovergallura.it\/wp-content\/uploads\/2023\/01\/IMG_1981-1536x2048-1-225x300.jpg 225w, https:\/\/discovergallura.it\/wp-content\/uploads\/2023\/01\/IMG_1981-1536x2048-1-768x1024.jpg 768w, https:\/\/discovergallura.it\/wp-content\/uploads\/2023\/01\/IMG_1981-1536x2048-1-1152x1536.jpg 1152w, https:\/\/discovergallura.it\/wp-content\/uploads\/2023\/01\/IMG_1981-1536x2048-1-600x800.jpg 600w, https:\/\/discovergallura.it\/wp-content\/uploads\/2023\/01\/IMG_1981-1536x2048-1-700x933.jpg 700w\" sizes=\"auto, (max-width: 1536px) 100vw, 1536px\" \/>\t\t\t\t\t<span class=\"aig-gallery-hover\">\n\t\t\t\t\t\t\t\t\t\t\t<\/span>\n\t\t\t\t\t\t\t<\/div>\n\t\t\t\t\t\t\t\t<div class=\"qode-aig-image\">\n\t\t\t\t\t\t\t\t\t<img loading=\"lazy\" decoding=\"async\" width=\"1536\" height=\"2048\" src=\"https:\/\/discovergallura.it\/wp-content\/uploads\/2023\/01\/IMG_2113-1536x2048-1.jpg\" class=\"attachment-full size-full\" alt=\"\" srcset=\"https:\/\/discovergallura.it\/wp-content\/uploads\/2023\/01\/IMG_2113-1536x2048-1.jpg 1536w, https:\/\/discovergallura.it\/wp-content\/uploads\/2023\/01\/IMG_2113-1536x2048-1-225x300.jpg 225w, https:\/\/discovergallura.it\/wp-content\/uploads\/2023\/01\/IMG_2113-1536x2048-1-768x1024.jpg 768w, https:\/\/discovergallura.it\/wp-content\/uploads\/2023\/01\/IMG_2113-1536x2048-1-1152x1536.jpg 1152w, https:\/\/discovergallura.it\/wp-content\/uploads\/2023\/01\/IMG_2113-1536x2048-1-600x800.jpg 600w, https:\/\/discovergallura.it\/wp-content\/uploads\/2023\/01\/IMG_2113-1536x2048-1-700x933.jpg 700w\" sizes=\"auto, (max-width: 1536px) 100vw, 1536px\" \/>\t\t\t\t\t<span class=\"aig-gallery-hover\">\n\t\t\t\t\t\t\t\t\t\t\t<\/span>\n\t\t\t\t\t\t\t<\/div>\n\t\t\t\t\t\t<\/div>\n<\/div>[\/vc_column][\/vc_row]<\/p>\n<\/div>","protected":false},"excerpt":{"rendered":"<p>[vc_row css_animation=\u00bb\u00bb row_type=\u00bbrow\u00bb use_row_as_full_screen_section=\u00bbno\u00bb type=\u00bbgrid\u00bb angled_section=\u00bbno\u00bb text_align=\u00bbleft\u00bb background_image_as_pattern=\u00bbwithout_pattern\u00bb z_index=\u00bb\u00bb][vc_column css=\u00bb.vc_custom_1674214152573{margin-top: 80px !important;}\u00bb][vc_row_inner row_type=\u00bbrow\u00bb type=\u00bbfull_width\u00bb text_align=\u00bbleft\u00bb css_animation=\u00bb\u00bb][vc_column_inner width=\u00bb1\/2&#8243; css=\u00bb.vc_custom_1674212921568{margin-bottom: 110px !important;}\u00bb][vc_separator type=\u00bbsmall\u00bb position=\u00bbleft\u00bb color=\u00bb#3390b9&#8243; thickness=\u00bb4&#8243; width=\u00bb50&#8243;][\/vc_column_inner][vc_column_inner width=\u00bb1\/2&#8243;][\/vc_column_inner][\/vc_row_inner][vc_row_inner row_type=\u00bbrow\u00bb type=\u00bbfull_width\u00bb text_align=\u00bbleft\u00bb css_animation=\u00bb\u00bb][vc_column_inner width=\u00bb1\/2&#8243;][vc_single_image image=\u00bb1818&#8243; img_size=\u00bbfull\u00bb qode_css_animation=\u00bb\u00bb][vc_empty_space][\/vc_column_inner][vc_column_inner width=\u00bb1\/2&#8243; css=\u00bb.vc_custom_1674212910857{margin-bottom: 80px !important;}\u00bb][vc_column_text] El circuito de iglesias rurales de Sant&#8217;Antonio&#8230;<\/p>\n","protected":false},"author":1,"featured_media":14592,"parent":15904,"menu_order":0,"comment_status":"closed","ping_status":"closed","template":"full_width.php","meta":{"inline_featured_image":false,"footnotes":""},"class_list":["post-15912","page","type-page","status-publish","has-post-thumbnail","hentry"],"_links":{"self":[{"href":"https:\/\/discovergallura.it\/es\/wp-json\/wp\/v2\/pages\/15912","targetHints":{"allow":["GET"]}}],"collection":[{"href":"https:\/\/discovergallura.it\/es\/wp-json\/wp\/v2\/pages"}],"about":[{"href":"https:\/\/discovergallura.it\/es\/wp-json\/wp\/v2\/types\/page"}],"author":[{"embeddable":true,"href":"https:\/\/discovergallura.it\/es\/wp-json\/wp\/v2\/users\/1"}],"replies":[{"embeddable":true,"href":"https:\/\/discovergallura.it\/es\/wp-json\/wp\/v2\/comments?post=15912"}],"version-history":[{"count":2,"href":"https:\/\/discovergallura.it\/es\/wp-json\/wp\/v2\/pages\/15912\/revisions"}],"predecessor-version":[{"id":15914,"href":"https:\/\/discovergallura.it\/es\/wp-json\/wp\/v2\/pages\/15912\/revisions\/15914"}],"up":[{"embeddable":true,"href":"https:\/\/discovergallura.it\/es\/wp-json\/wp\/v2\/pages\/15904"}],"wp:featuredmedia":[{"embeddable":true,"href":"https:\/\/discovergallura.it\/es\/wp-json\/wp\/v2\/media\/14592"}],"wp:attachment":[{"href":"https:\/\/discovergallura.it\/es\/wp-json\/wp\/v2\/media?parent=15912"}],"curies":[{"name":"wp","href":"https:\/\/api.w.org\/{rel}","templated":true}]}}