{"id":15974,"date":"2023-01-11T11:27:29","date_gmt":"2023-01-11T10:27:29","guid":{"rendered":"https:\/\/discovergallura.it\/siti-iconici-gallura\/"},"modified":"2023-07-24T09:28:12","modified_gmt":"2023-07-24T07:28:12","slug":"siti-iconici-gallura","status":"publish","type":"page","link":"https:\/\/discovergallura.it\/es\/siti-iconici-gallura\/","title":{"rendered":"Lugares emblem\u00e1ticos de Gallura"},"content":{"rendered":"<div class=\"wpb-content-wrapper\"><p>[vc_row css_animation=\u00bb\u00bb row_type=\u00bbrow\u00bb use_row_as_full_screen_section=\u00bbno\u00bb type=\u00bbfull_width\u00bb angled_section=\u00bbno\u00bb text_align=\u00bbleft\u00bb background_image_as_pattern=\u00bbwithout_pattern\u00bb css=\u00bb.vc_custom_1674472741824{margin-top: 80px !important;padding-right: 10% !important;padding-left: 10% !important;}\u00bb z_index=\u00bb\u00bb][vc_column width=\u00bb1\/2&#8243; css=\u00bb.vc_custom_1674646488955{margin-top: 30px !important;margin-bottom: 20px !important;}\u00bb]<div class=\"custom_font_holder \" style=\"font-family: EB garamond; font-style: italic; font-weight: 500; text-decoration: none; text-align: left; --qode-cf-font-size: 25px; --qode-cf-line-height: 26px; --qode-cf-font-size-1440: 25px; --qode-cf-line-height-1440: 26px; --qode-cf-font-size-1366: 25px; --qode-cf-line-height-1366: 26px; --qode-cf-font-size-1280: 25px; --qode-cf-line-height-1280: 26px; --qode-cf-font-size-1024: 25px; --qode-cf-line-height-1024: 26px; --qode-cf-font-size-768: 25px; --qode-cf-line-height-768: 26px; --qode-cf-font-size-680: 25px; --qode-cf-line-height-680: 26px; --qode-cf-font-size-480: 25px; --qode-cf-line-height-480: 26px;\">\n<p style=\"text-align: left;\"><span style=\"font-size: 24pt;\">Gallura est\u00e1 llena de atracciones imperdibles y elegir cu\u00e1les visitar es dif\u00edcil. Sin embargo, hay<\/span><br \/>\n<span style=\"font-size: 24pt;\">algunos lugares emblem\u00e1ticos que expresan la singularidad de esta regi\u00f3n: la belleza del mar y las<\/span><br \/>\n<span style=\"font-size: 24pt;\">playas, la riqueza cultural del interior, la energ\u00eda de la vida nocturna y el paisaje y la naturaleza<\/span><br \/>\n<span style=\"font-size: 24pt;\">excepcionales. <\/span><\/p>\n<\/div>[\/vc_column][vc_column width=\u00bb1\/4&#8243; css=\u00bb.vc_custom_1676393751336{margin-top: 30px !important;}\u00bb offset=\u00bbvc_col-xs-6&#8243;][vc_single_image image=\u00bb147&#8243; img_size=\u00bb300X300&#8243; onclick=\u00bbcustom_link\u00bb qode_css_animation=\u00bb\u00bb qode_hover_animation=\u00bbdarken\u00bb link=\u00bb\/es\/porto-cervo-costa-smeralda\/\u00bb][vc_empty_space height=\u00bb20px\u00bb][vc_column_text]<\/p>\n<h3><span style=\"color: #3390b9;\">porto cervo y costa smeralda<\/span><\/h3>\n<p>[\/vc_column_text][\/vc_column][vc_column width=\u00bb1\/4&#8243; css=\u00bb.vc_custom_1676393755948{margin-top: 30px !important;}\u00bb offset=\u00bbvc_col-xs-6&#8243;][vc_single_image image=\u00bb158&#8243; img_size=\u00bb300X300&#8243; onclick=\u00bbcustom_link\u00bb qode_css_animation=\u00bb\u00bb qode_hover_animation=\u00bbdarken\u00bb link=\u00bb\/es\/santa-teresa-gallura\/\u00bb][vc_empty_space height=\u00bb20px\u00bb][vc_column_text]<\/p>\n<h3><span style=\"color: #3390b9;\">santa teresa de gallura<\/span><\/h3>\n<p>[\/vc_column_text][\/vc_column][\/vc_row][vc_row css_animation=\u00bb\u00bb row_type=\u00bbrow\u00bb use_row_as_full_screen_section=\u00bbno\u00bb type=\u00bbfull_width\u00bb angled_section=\u00bbno\u00bb text_align=\u00bbleft\u00bb background_image_as_pattern=\u00bbwithout_pattern\u00bb css=\u00bb.vc_custom_1674472737616{margin-top: 20px !important;padding-right: 10% !important;padding-left: 10% !important;}\u00bb z_index=\u00bb\u00bb][vc_column width=\u00bb1\/4&#8243; css=\u00bb.vc_custom_1676393728886{margin-top: 30px !important;}\u00bb offset=\u00bbvc_col-xs-6&#8243;][vc_single_image image=\u00bb165&#8243; img_size=\u00bb300X300&#8243; onclick=\u00bbcustom_link\u00bb qode_css_animation=\u00bb\u00bb qode_hover_animation=\u00bbdarken\u00bb link=\u00bb\/es\/porto-rafael\/\u00bb][vc_empty_space height=\u00bb20px\u00bb][vc_column_text]<\/p>\n<h3><span style=\"color: #3390b9;\">porto rafael<\/span><\/h3>\n<p>[\/vc_column_text][\/vc_column][vc_column width=\u00bb1\/4&#8243; css=\u00bb.vc_custom_1676393734973{margin-top: 30px !important;}\u00bb offset=\u00bbvc_col-xs-6&#8243;][vc_single_image image=\u00bb174&#8243; img_size=\u00bb300X300&#8243; onclick=\u00bbcustom_link\u00bb qode_css_animation=\u00bb\u00bb qode_hover_animation=\u00bbdarken\u00bb link=\u00bb\/es\/spiaggia-rosa-isola-budelli\/\u00bb][vc_empty_space height=\u00bb20px\u00bb][vc_column_text]<\/p>\n<h3><span style=\"color: #3390b9;\">playa rosa dell&#8217;isola di budelli<\/span><\/h3>\n<p>[\/vc_column_text][\/vc_column][vc_column width=\u00bb1\/4&#8243; css=\u00bb.vc_custom_1676393740169{margin-top: 30px !important;}\u00bb offset=\u00bbvc_col-xs-6&#8243;][vc_single_image image=\u00bb181&#8243; img_size=\u00bb300X300&#8243; onclick=\u00bbcustom_link\u00bb qode_css_animation=\u00bb\u00bb qode_hover_animation=\u00bbdarken\u00bb link=\u00bb\/es\/isola-di-tavolara\/\u00bb][vc_empty_space height=\u00bb20px\u00bb][vc_column_text]<\/p>\n<h3><span style=\"color: #3390b9;\">isola de tavolara<\/span><\/h3>\n<p>[\/vc_column_text][\/vc_column][vc_column width=\u00bb1\/4&#8243; css=\u00bb.vc_custom_1676393744444{margin-top: 30px !important;}\u00bb offset=\u00bbvc_col-xs-6&#8243;][vc_single_image image=\u00bb185&#8243; img_size=\u00bb300X300&#8243; onclick=\u00bbcustom_link\u00bb qode_css_animation=\u00bb\u00bb qode_hover_animation=\u00bbdarken\u00bb link=\u00bb\/es\/cala-brandinchi\/\u00bb][vc_empty_space height=\u00bb20px\u00bb][vc_column_text]<\/p>\n<h3><span style=\"color: #3390b9;\">cala brandinchi<\/span><\/h3>\n<p>[\/vc_column_text][\/vc_column][\/vc_row][vc_row css_animation=\u00bb\u00bb row_type=\u00bbrow\u00bb use_row_as_full_screen_section=\u00bbno\u00bb type=\u00bbfull_width\u00bb angled_section=\u00bbno\u00bb text_align=\u00bbleft\u00bb background_image_as_pattern=\u00bbwithout_pattern\u00bb css=\u00bb.vc_custom_1676459509560{margin-top: 20px !important;padding-right: 10% !important;padding-left: 10% !important;}\u00bb z_index=\u00bb\u00bb el_id=\u00bbhelp-flex\u00bb][vc_column width=\u00bb1\/4&#8243; css=\u00bb.vc_custom_1676393761337{margin-top: 30px !important;}\u00bb offset=\u00bbvc_col-xs-6&#8243;][vc_single_image image=\u00bb189&#8243; img_size=\u00bb300X300&#8243; onclick=\u00bbcustom_link\u00bb qode_css_animation=\u00bb\u00bb qode_hover_animation=\u00bbdarken\u00bb link=\u00bb\/es\/tempio-pausania-e-monte-limbara\/\u00bb][vc_empty_space height=\u00bb20px\u00bb][vc_column_text]<\/p>\n<h3><span style=\"color: #3390b9;\">tempio pausania y monte limbara<\/span><\/h3>\n<p>[\/vc_column_text][\/vc_column][vc_column width=\u00bb1\/4&#8243; css=\u00bb.vc_custom_1676393765084{margin-top: 30px !important;}\u00bb offset=\u00bbvc_col-xs-6&#8243;][vc_single_image image=\u00bb197&#8243; img_size=\u00bb300X300&#8243; onclick=\u00bbcustom_link\u00bb qode_css_animation=\u00bb\u00bb qode_hover_animation=\u00bbdarken\u00bb link=\u00bb\/es\/il-resegone-aggese\/\u00bb][vc_empty_space height=\u00bb20px\u00bb][vc_column_text]<\/p>\n<h3><span style=\"color: #3390b9;\">il resegone aggese<\/span><\/h3>\n<p>[\/vc_column_text][\/vc_column][vc_column width=\u00bb1\/4&#8243; css=\u00bb.vc_custom_1676393769468{margin-top: 30px !important;}\u00bb offset=\u00bbvc_col-xs-6&#8243;][vc_single_image image=\u00bb201&#8243; img_size=\u00bb300X300&#8243; onclick=\u00bbcustom_link\u00bb qode_css_animation=\u00bb\u00bb qode_hover_animation=\u00bbdarken\u00bb link=\u00bb\/es\/castello-di-balaiana\/\u00bb][vc_empty_space height=\u00bb20px\u00bb][vc_column_text]<\/p>\n<h3><span style=\"color: #3390b9;\">castello de balaiana<\/span><\/h3>\n<p>[\/vc_column_text][\/vc_column][vc_column width=\u00bb1\/4&#8243; css=\u00bb.vc_custom_1676393773952{margin-top: 30px !important;}\u00bb offset=\u00bbvc_col-xs-6&#8243;][vc_single_image image=\u00bb208&#8243; img_size=\u00bb300X300&#8243; onclick=\u00bbcustom_link\u00bb qode_css_animation=\u00bb\u00bb qode_hover_animation=\u00bbdarken\u00bb link=\u00bb\/es\/il-monte-acuto\/\u00bb][vc_empty_space height=\u00bb20px\u00bb][vc_column_text]<\/p>\n<h3><span style=\"color: #3390b9;\">il monte acuto<\/span><\/h3>\n<p>[\/vc_column_text][\/vc_column][\/vc_row][vc_row css_animation=\u00bb\u00bb row_type=\u00bbrow\u00bb use_row_as_full_screen_section=\u00bbno\u00bb type=\u00bbfull_width\u00bb angled_section=\u00bbno\u00bb text_align=\u00bbleft\u00bb background_image_as_pattern=\u00bbwithout_pattern\u00bb css=\u00bb.vc_custom_1676393790696{margin-top: 20px !important;margin-bottom: 120px !important;padding-right: 10% !important;padding-left: 10% !important;}\u00bb z_index=\u00bb\u00bb][vc_column width=\u00bb1\/4&#8243; css=\u00bb.vc_custom_1676393779688{margin-top: 30px !important;}\u00bb offset=\u00bbvc_col-xs-6&#8243;][vc_single_image image=\u00bb216&#8243; img_size=\u00bb300X300&#8243; onclick=\u00bbcustom_link\u00bb qode_css_animation=\u00bb\u00bb qode_hover_animation=\u00bbdarken\u00bb link=\u00bb\/es\/olivastri-millenari-luras\/\u00bb][vc_empty_space height=\u00bb20px\u00bb][vc_column_text]<\/p>\n<h3><span style=\"color: #3390b9;\">gli olivastri millenari de luras<\/span><\/h3>\n<p>[\/vc_column_text][\/vc_column][vc_column width=\u00bb1\/4&#8243; css=\u00bb.vc_custom_1676393783600{margin-top: 30px !important;margin-bottom: 120px !important;}\u00bb offset=\u00bbvc_col-xs-6&#8243;][vc_single_image image=\u00bb218&#8243; img_size=\u00bb300X300&#8243; onclick=\u00bbcustom_link\u00bb qode_css_animation=\u00bb\u00bb qode_hover_animation=\u00bbdarken\u00bb link=\u00bb\/es\/area-archeologica-della-cultura-di-arzachena\/\u00bb][vc_empty_space height=\u00bb20px\u00bb][vc_column_text]<\/p>\n<h3><span style=\"color: #3390b9;\">area archeologica de la cultura de arzachena<\/span><\/h3>\n<p>[\/vc_column_text][\/vc_column][vc_column width=\u00bb1\/4&#8243;][\/vc_column][vc_column width=\u00bb1\/4&#8243;][\/vc_column][\/vc_row]<\/p>\n<\/div>","protected":false},"excerpt":{"rendered":"<p>[vc_row css_animation=\u00bb\u00bb row_type=\u00bbrow\u00bb use_row_as_full_screen_section=\u00bbno\u00bb type=\u00bbfull_width\u00bb angled_section=\u00bbno\u00bb text_align=\u00bbleft\u00bb background_image_as_pattern=\u00bbwithout_pattern\u00bb css=\u00bb.vc_custom_1674472741824{margin-top: 80px !important;padding-right: 10% !important;padding-left: 10% !important;}\u00bb z_index=\u00bb\u00bb][vc_column width=\u00bb1\/2&#8243; css=\u00bb.vc_custom_1674646488955{margin-top: 30px !important;margin-bottom: 20px !important;}\u00bb][\/vc_column][vc_column width=\u00bb1\/4&#8243; css=\u00bb.vc_custom_1676393751336{margin-top: 30px !important;}\u00bb offset=\u00bbvc_col-xs-6&#8243;][vc_single_image image=\u00bb147&#8243; img_size=\u00bb300X300&#8243; onclick=\u00bbcustom_link\u00bb qode_css_animation=\u00bb\u00bb qode_hover_animation=\u00bbdarken\u00bb link=\u00bb\/es\/porto-cervo-costa-smeralda\/\u00bb][vc_empty_space height=\u00bb20px\u00bb][vc_column_text] porto cervo y costa smeralda [\/vc_column_text][\/vc_column][vc_column width=\u00bb1\/4&#8243; css=\u00bb.vc_custom_1676393755948{margin-top: 30px !important;}\u00bb offset=\u00bbvc_col-xs-6&#8243;][vc_single_image&#8230;<\/p>\n","protected":false},"author":1,"featured_media":14153,"parent":0,"menu_order":0,"comment_status":"closed","ping_status":"closed","template":"full_width.php","meta":{"inline_featured_image":false,"footnotes":""},"class_list":["post-15974","page","type-page","status-publish","has-post-thumbnail","hentry"],"_links":{"self":[{"href":"https:\/\/discovergallura.it\/es\/wp-json\/wp\/v2\/pages\/15974","targetHints":{"allow":["GET"]}}],"collection":[{"href":"https:\/\/discovergallura.it\/es\/wp-json\/wp\/v2\/pages"}],"about":[{"href":"https:\/\/discovergallura.it\/es\/wp-json\/wp\/v2\/types\/page"}],"author":[{"embeddable":true,"href":"https:\/\/discovergallura.it\/es\/wp-json\/wp\/v2\/users\/1"}],"replies":[{"embeddable":true,"href":"https:\/\/discovergallura.it\/es\/wp-json\/wp\/v2\/comments?post=15974"}],"version-history":[{"count":5,"href":"https:\/\/discovergallura.it\/es\/wp-json\/wp\/v2\/pages\/15974\/revisions"}],"predecessor-version":[{"id":16443,"href":"https:\/\/discovergallura.it\/es\/wp-json\/wp\/v2\/pages\/15974\/revisions\/16443"}],"wp:featuredmedia":[{"embeddable":true,"href":"https:\/\/discovergallura.it\/es\/wp-json\/wp\/v2\/media\/14153"}],"wp:attachment":[{"href":"https:\/\/discovergallura.it\/es\/wp-json\/wp\/v2\/media?parent=15974"}],"curies":[{"name":"wp","href":"https:\/\/api.w.org\/{rel}","templated":true}]}}