{"id":15976,"date":"2023-01-11T11:31:53","date_gmt":"2023-01-11T10:31:53","guid":{"rendered":"https:\/\/discovergallura.it\/piu-belle-spiagge\/"},"modified":"2023-07-21T16:04:50","modified_gmt":"2023-07-21T14:04:50","slug":"piu-belle-spiagge","status":"publish","type":"page","link":"https:\/\/discovergallura.it\/es\/piu-belle-spiagge\/","title":{"rendered":"Las playas m\u00e1s bonitas"},"content":{"rendered":"<div class=\"wpb-content-wrapper\"><p>[vc_row css_animation=\u00bb\u00bb row_type=\u00bbrow\u00bb use_row_as_full_screen_section=\u00bbno\u00bb type=\u00bbfull_width\u00bb angled_section=\u00bbno\u00bb text_align=\u00bbleft\u00bb background_image_as_pattern=\u00bbwithout_pattern\u00bb css=\u00bb.vc_custom_1674472741824{margin-top: 80px !important;padding-right: 10% !important;padding-left: 10% !important;}\u00bb z_index=\u00bb\u00bb][vc_column width=\u00bb1\/2&#8243; css=\u00bb.vc_custom_1674646473978{margin-top: 30px !important;margin-bottom: 20px !important;padding-right: 10% !important;}\u00bb]<div class=\"custom_font_holder \" style=\"font-family: EB garamond; font-style: italic; font-weight: 500; text-decoration: none; text-align: left; --qode-cf-font-size: 25px; --qode-cf-line-height: 26px; --qode-cf-font-size-1440: 25px; --qode-cf-line-height-1440: 26px; --qode-cf-font-size-1366: 25px; --qode-cf-line-height-1366: 26px; --qode-cf-font-size-1280: 25px; --qode-cf-line-height-1280: 26px; --qode-cf-font-size-1024: 25px; --qode-cf-line-height-1024: 26px; --qode-cf-font-size-768: 25px; --qode-cf-line-height-768: 26px; --qode-cf-font-size-680: 25px; --qode-cf-line-height-680: 26px; --qode-cf-font-size-480: 25px; --qode-cf-line-height-480: 26px;\">\n<p style=\"text-align: left;\"><span style=\"font-size: 24pt;\">La costa Gallurese, famosa por su belleza, est\u00e1 llena de playas para todos los gustos, unidas por un<\/span><br \/>\n<span style=\"font-size: 24pt;\">mar maravilloso. He aqu\u00ed algunas de las playas m\u00e1s bonitas de Cerde\u00f1a, para disfrutar de un<\/span><br \/>\n<span style=\"font-size: 24pt;\">merecido relax, paisajes evocadores y los rayos del sol sobre la piel. <\/span><\/p>\n<\/div>[\/vc_column][vc_column width=\u00bb1\/4&#8243; css=\u00bb.vc_custom_1676393824948{margin-top: 30px !important;}\u00bb offset=\u00bbvc_col-xs-6&#8243;][vc_single_image image=\u00bb407&#8243; img_size=\u00bb300X300&#8243; onclick=\u00bbcustom_link\u00bb qode_css_animation=\u00bb\u00bb qode_hover_animation=\u00bbdarken\u00bb link=\u00bb\/es\/spiaggia-di-li-junchi\/\u00bb][vc_empty_space height=\u00bb20px\u00bb][vc_column_text]<\/p>\n<h3><span style=\"color: #3390b9;\">PLAYA DE LI JUNCHI<\/span><\/h3>\n<p>[\/vc_column_text][\/vc_column][vc_column width=\u00bb1\/4&#8243; css=\u00bb.vc_custom_1676393829297{margin-top: 30px !important;}\u00bb offset=\u00bbvc_col-xs-6&#8243;][vc_single_image image=\u00bb411&#8243; img_size=\u00bb300X300&#8243; onclick=\u00bbcustom_link\u00bb qode_css_animation=\u00bb\u00bb qode_hover_animation=\u00bbdarken\u00bb link=\u00bb\/es\/spiaggia-la-marinedda\/\u00bb][vc_empty_space height=\u00bb20px\u00bb][vc_column_text]<\/p>\n<h3><span style=\"color: #3390b9;\">PLAYA LA MARINEDDA<\/span><\/h3>\n<p>[\/vc_column_text][\/vc_column][\/vc_row][vc_row css_animation=\u00bb\u00bb row_type=\u00bbrow\u00bb use_row_as_full_screen_section=\u00bbno\u00bb type=\u00bbfull_width\u00bb angled_section=\u00bbno\u00bb text_align=\u00bbleft\u00bb background_image_as_pattern=\u00bbwithout_pattern\u00bb css=\u00bb.vc_custom_1674472737616{margin-top: 20px !important;padding-right: 10% !important;padding-left: 10% !important;}\u00bb z_index=\u00bb\u00bb][vc_column width=\u00bb1\/4&#8243; css=\u00bb.vc_custom_1676393833867{margin-top: 30px !important;}\u00bb offset=\u00bbvc_col-xs-6&#8243;][vc_single_image image=\u00bb414&#8243; img_size=\u00bb300X300&#8243; onclick=\u00bbcustom_link\u00bb qode_css_animation=\u00bb\u00bb qode_hover_animation=\u00bbdarken\u00bb link=\u00bb\/es\/cala-tinnari\/\u00bb][vc_empty_space height=\u00bb20px\u00bb][vc_column_text]<\/p>\n<h3><span style=\"color: #3390b9;\">CALA TINNARI<\/span><\/h3>\n<p>[\/vc_column_text][\/vc_column][vc_column width=\u00bb1\/4&#8243; css=\u00bb.vc_custom_1676393838379{margin-top: 30px !important;}\u00bb offset=\u00bbvc_col-xs-6&#8243;][vc_single_image image=\u00bb417&#8243; img_size=\u00bb300X300&#8243; onclick=\u00bbcustom_link\u00bb qode_css_animation=\u00bb\u00bb qode_hover_animation=\u00bbdarken\u00bb link=\u00bb\/es\/spiaggia-di-vignola\/\u00bb][vc_empty_space height=\u00bb20px\u00bb][vc_column_text]<\/p>\n<h3><span style=\"color: #3390b9;\">PLAYA DE VIGNOLA MARE<\/span><\/h3>\n<p>[\/vc_column_text][\/vc_column][vc_column width=\u00bb1\/4&#8243; css=\u00bb.vc_custom_1676393842051{margin-top: 30px !important;}\u00bb offset=\u00bbvc_col-xs-6&#8243;][vc_single_image image=\u00bb420&#8243; img_size=\u00bb300X300&#8243; onclick=\u00bbcustom_link\u00bb qode_css_animation=\u00bb\u00bb qode_hover_animation=\u00bbdarken\u00bb link=\u00bb\/es\/spiaggia-di-rena-majori\/\u00bb][vc_empty_space height=\u00bb20px\u00bb][vc_column_text]<\/p>\n<h3><span style=\"color: #3390b9;\">PLAYA DE RENA MAJORI<\/span><\/h3>\n<p>[\/vc_column_text][\/vc_column][vc_column width=\u00bb1\/4&#8243; css=\u00bb.vc_custom_1676393846355{margin-top: 30px !important;}\u00bb offset=\u00bbvc_col-xs-6&#8243;][vc_single_image image=\u00bb423&#8243; img_size=\u00bb300X300&#8243; onclick=\u00bbcustom_link\u00bb qode_css_animation=\u00bb\u00bb qode_hover_animation=\u00bbdarken\u00bb link=\u00bb\/es\/rena-di-ponente-e-rena-di-levante\/\u00bb][vc_empty_space height=\u00bb20px\u00bb][vc_column_text]<\/p>\n<h3><span style=\"color: #3390b9;\">RENA DI PONENTE E RENA DI LEVANTE<\/span><\/h3>\n<p>[\/vc_column_text][\/vc_column][\/vc_row][vc_row css_animation=\u00bb\u00bb row_type=\u00bbrow\u00bb use_row_as_full_screen_section=\u00bbno\u00bb type=\u00bbfull_width\u00bb angled_section=\u00bbno\u00bb text_align=\u00bbleft\u00bb background_image_as_pattern=\u00bbwithout_pattern\u00bb css=\u00bb.vc_custom_1674472728024{margin-top: 20px !important;padding-right: 10% !important;padding-left: 10% !important;}\u00bb z_index=\u00bb\u00bb][vc_column width=\u00bb1\/4&#8243; css=\u00bb.vc_custom_1676393851656{margin-top: 30px !important;}\u00bb offset=\u00bbvc_col-xs-6&#8243;][vc_single_image image=\u00bb426&#8243; img_size=\u00bb300X300&#8243; onclick=\u00bbcustom_link\u00bb qode_css_animation=\u00bb\u00bb qode_hover_animation=\u00bbdarken\u00bb link=\u00bb\/es\/cala-spinosa\/\u00bb][vc_empty_space height=\u00bb20px\u00bb][vc_column_text]<\/p>\n<h3><span style=\"color: #3390b9;\">cala spinosa<\/span><\/h3>\n<p>[\/vc_column_text][\/vc_column][vc_column width=\u00bb1\/4&#8243; css=\u00bb.vc_custom_1676393856136{margin-top: 30px !important;}\u00bb offset=\u00bbvc_col-xs-6&#8243;][vc_single_image image=\u00bb430&#8243; img_size=\u00bb300X300&#8243; onclick=\u00bbcustom_link\u00bb qode_css_animation=\u00bb\u00bb qode_hover_animation=\u00bbdarken\u00bb link=\u00bb\/es\/spiaggia-del-relitto\/\u00bb][vc_empty_space height=\u00bb20px\u00bb][vc_column_text]<\/p>\n<h3><span style=\"color: #3390b9;\">PLAYA DEL RELITTO<\/span><\/h3>\n<p>[\/vc_column_text][\/vc_column][vc_column width=\u00bb1\/4&#8243; css=\u00bb.vc_custom_1676393861243{margin-top: 30px !important;}\u00bb offset=\u00bbvc_col-xs-6&#8243;][vc_single_image image=\u00bb1627&#8243; img_size=\u00bb300X300&#8243; onclick=\u00bbcustom_link\u00bb qode_css_animation=\u00bb\u00bb qode_hover_animation=\u00bbdarken\u00bb link=\u00bb\/es\/cala-coticcio\/\u00bb][vc_empty_space height=\u00bb20px\u00bb][vc_column_text]<\/p>\n<h3><span style=\"color: #3390b9;\">CALA COTICCIO<\/span><\/h3>\n<p>[\/vc_column_text][\/vc_column][vc_column width=\u00bb1\/4&#8243; css=\u00bb.vc_custom_1676393865297{margin-top: 30px !important;}\u00bb offset=\u00bbvc_col-xs-6&#8243;][vc_single_image image=\u00bb174&#8243; img_size=\u00bb300X300&#8243; onclick=\u00bbcustom_link\u00bb qode_css_animation=\u00bb\u00bb qode_hover_animation=\u00bbdarken\u00bb link=\u00bb\/es\/spiaggia-rosa-isola-budelli\/\u00bb][vc_empty_space height=\u00bb20px\u00bb][vc_column_text]<\/p>\n<h3><span style=\"color: #3390b9;\">PLAYA rosa dell&#8217;isola di budelli<\/span><\/h3>\n<p>[\/vc_column_text][\/vc_column][\/vc_row][vc_row css_animation=\u00bb\u00bb row_type=\u00bbrow\u00bb use_row_as_full_screen_section=\u00bbno\u00bb type=\u00bbfull_width\u00bb angled_section=\u00bbno\u00bb text_align=\u00bbleft\u00bb background_image_as_pattern=\u00bbwithout_pattern\u00bb css=\u00bb.vc_custom_1676393955392{margin-top: 20px !important;margin-bottom: 120px !important;padding-right: 10% !important;padding-left: 10% !important;}\u00bb z_index=\u00bb\u00bb][vc_column width=\u00bb1\/4&#8243; css=\u00bb.vc_custom_1676393938516{margin-top: 30px !important;}\u00bb offset=\u00bbvc_col-xs-6&#8243;][vc_single_image image=\u00bb434&#8243; img_size=\u00bb300X300&#8243; onclick=\u00bbcustom_link\u00bb qode_css_animation=\u00bb\u00bb qode_hover_animation=\u00bbdarken\u00bb link=\u00bb\/es\/spiaggia-di-baja-sardinia\/\u00bb][vc_empty_space height=\u00bb20px\u00bb][vc_column_text]<\/p>\n<h3><span style=\"color: #3390b9;\">PLAYA DE baja sardinia<\/span><\/h3>\n<p>[\/vc_column_text][\/vc_column][vc_column width=\u00bb1\/4&#8243; css=\u00bb.vc_custom_1676393932624{margin-top: 30px !important;}\u00bb offset=\u00bbvc_col-xs-6&#8243;][vc_single_image image=\u00bb439&#8243; img_size=\u00bb300X300&#8243; onclick=\u00bbcustom_link\u00bb qode_css_animation=\u00bb\u00bb qode_hover_animation=\u00bbdarken\u00bb link=\u00bb\/es\/spiaggia-del-principe\/\u00bb][vc_empty_space height=\u00bb20px\u00bb][vc_column_text]<\/p>\n<h3><span style=\"color: #3390b9;\">PLAYA DEL PRINCIPE<\/span><\/h3>\n<p>[\/vc_column_text][\/vc_column][vc_column width=\u00bb1\/4&#8243; css=\u00bb.vc_custom_1676393943211{margin-top: 30px !important;}\u00bb offset=\u00bbvc_col-xs-6&#8243;][vc_single_image image=\u00bb185&#8243; img_size=\u00bb300X300&#8243; onclick=\u00bbcustom_link\u00bb qode_css_animation=\u00bb\u00bb qode_hover_animation=\u00bbdarken\u00bb link=\u00bb\/es\/cala-brandinchi\/\u00bb][vc_empty_space height=\u00bb20px\u00bb][vc_column_text]<\/p>\n<h3><span style=\"color: #3390b9;\">cala brandinchi<\/span><\/h3>\n<p>[\/vc_column_text][\/vc_column][vc_column width=\u00bb1\/4&#8243; css=\u00bb.vc_custom_1676393951651{margin-top: 30px !important;}\u00bb offset=\u00bbvc_col-xs-6&#8243;][vc_single_image image=\u00bb444&#8243; img_size=\u00bb300X300&#8243; onclick=\u00bbcustom_link\u00bb qode_css_animation=\u00bb\u00bb qode_hover_animation=\u00bbdarken\u00bb link=\u00bb\/es\/spiaggia-di-usuledda\/\u00bb][vc_empty_space height=\u00bb20px\u00bb][vc_column_text]<\/p>\n<h3><span style=\"color: #3390b9;\">PLAYA DE usuledda<\/span><\/h3>\n<p>[\/vc_column_text][\/vc_column][\/vc_row]<\/p>\n<\/div>","protected":false},"excerpt":{"rendered":"<p>[vc_row css_animation=\u00bb\u00bb row_type=\u00bbrow\u00bb use_row_as_full_screen_section=\u00bbno\u00bb type=\u00bbfull_width\u00bb angled_section=\u00bbno\u00bb text_align=\u00bbleft\u00bb background_image_as_pattern=\u00bbwithout_pattern\u00bb css=\u00bb.vc_custom_1674472741824{margin-top: 80px !important;padding-right: 10% !important;padding-left: 10% !important;}\u00bb z_index=\u00bb\u00bb][vc_column width=\u00bb1\/2&#8243; css=\u00bb.vc_custom_1674646473978{margin-top: 30px !important;margin-bottom: 20px !important;padding-right: 10% !important;}\u00bb][\/vc_column][vc_column width=\u00bb1\/4&#8243; css=\u00bb.vc_custom_1676393824948{margin-top: 30px !important;}\u00bb offset=\u00bbvc_col-xs-6&#8243;][vc_single_image image=\u00bb407&#8243; img_size=\u00bb300X300&#8243; onclick=\u00bbcustom_link\u00bb qode_css_animation=\u00bb\u00bb qode_hover_animation=\u00bbdarken\u00bb link=\u00bb\/es\/spiaggia-di-li-junchi\/\u00bb][vc_empty_space height=\u00bb20px\u00bb][vc_column_text] PLAYA DE LI JUNCHI [\/vc_column_text][\/vc_column][vc_column width=\u00bb1\/4&#8243; css=\u00bb.vc_custom_1676393829297{margin-top: 30px !important;}\u00bb&#8230;<\/p>\n","protected":false},"author":1,"featured_media":14278,"parent":0,"menu_order":0,"comment_status":"closed","ping_status":"closed","template":"full_width.php","meta":{"inline_featured_image":false,"footnotes":""},"class_list":["post-15976","page","type-page","status-publish","has-post-thumbnail","hentry"],"_links":{"self":[{"href":"https:\/\/discovergallura.it\/es\/wp-json\/wp\/v2\/pages\/15976","targetHints":{"allow":["GET"]}}],"collection":[{"href":"https:\/\/discovergallura.it\/es\/wp-json\/wp\/v2\/pages"}],"about":[{"href":"https:\/\/discovergallura.it\/es\/wp-json\/wp\/v2\/types\/page"}],"author":[{"embeddable":true,"href":"https:\/\/discovergallura.it\/es\/wp-json\/wp\/v2\/users\/1"}],"replies":[{"embeddable":true,"href":"https:\/\/discovergallura.it\/es\/wp-json\/wp\/v2\/comments?post=15976"}],"version-history":[{"count":3,"href":"https:\/\/discovergallura.it\/es\/wp-json\/wp\/v2\/pages\/15976\/revisions"}],"predecessor-version":[{"id":16373,"href":"https:\/\/discovergallura.it\/es\/wp-json\/wp\/v2\/pages\/15976\/revisions\/16373"}],"wp:featuredmedia":[{"embeddable":true,"href":"https:\/\/discovergallura.it\/es\/wp-json\/wp\/v2\/media\/14278"}],"wp:attachment":[{"href":"https:\/\/discovergallura.it\/es\/wp-json\/wp\/v2\/media?parent=15976"}],"curies":[{"name":"wp","href":"https:\/\/api.w.org\/{rel}","templated":true}]}}