{"id":11354,"date":"2023-01-26T17:04:00","date_gmt":"2023-01-26T16:04:00","guid":{"rendered":"https:\/\/discovergallura.it\/olbia\/natura-2\/"},"modified":"2023-05-02T11:43:04","modified_gmt":"2023-05-02T09:43:04","slug":"natura-2","status":"publish","type":"page","link":"https:\/\/discovergallura.it\/fr\/destinazioni\/olbia\/natura-2\/","title":{"rendered":"Nature"},"content":{"rendered":"<div class=\"wpb-content-wrapper\"><p>[vc_row css_animation=\u00a0\u00bb\u00a0\u00bb row_type=\u00a0\u00bbrow\u00a0\u00bb use_row_as_full_screen_section=\u00a0\u00bbno\u00a0\u00bb type=\u00a0\u00bbgrid\u00a0\u00bb angled_section=\u00a0\u00bbno\u00a0\u00bb text_align=\u00a0\u00bbleft\u00a0\u00bb background_image_as_pattern=\u00a0\u00bbwithout_pattern\u00a0\u00bb z_index=\u00a0\u00bb\u00a0\u00bb][vc_column css=\u00a0\u00bb.vc_custom_1674214152573{margin-top: 80px !important;}\u00a0\u00bb][vc_row_inner row_type=\u00a0\u00bbrow\u00a0\u00bb type=\u00a0\u00bbfull_width\u00a0\u00bb text_align=\u00a0\u00bbleft\u00a0\u00bb css_animation=\u00a0\u00bb\u00a0\u00bb][vc_column_inner width=\u00a0\u00bb1\/2&Prime; css=\u00a0\u00bb.vc_custom_1674212921568{margin-bottom: 110px !important;}\u00a0\u00bb][vc_separator type=\u00a0\u00bbsmall\u00a0\u00bb position=\u00a0\u00bbleft\u00a0\u00bb color=\u00a0\u00bb#3390b9&Prime; thickness=\u00a0\u00bb4&Prime; width=\u00a0\u00bb50&Prime;]<div class=\"custom_font_holder \" style=\"font-family: red hat display; font-style: normal; font-weight: 800; color: #3390b9; text-decoration: none; text-align: left; --qode-cf-font-size: 38px; --qode-cf-line-height: 39px; --qode-cf-font-size-1440: 38px; --qode-cf-line-height-1440: 39px; --qode-cf-font-size-1366: 38px; --qode-cf-line-height-1366: 39px; --qode-cf-font-size-1280: 38px; --qode-cf-line-height-1280: 39px; --qode-cf-font-size-1024: 38px; --qode-cf-line-height-1024: 39px; --qode-cf-font-size-768: 38px; --qode-cf-line-height-768: 39px; --qode-cf-font-size-680: 38px; --qode-cf-line-height-680: 39px; --qode-cf-font-size-480: 38px; --qode-cf-line-height-480: 39px;\">NATURE<\/div>[\/vc_column_inner][vc_column_inner width=\u00a0\u00bb1\/2&Prime;][\/vc_column_inner][\/vc_row_inner][vc_row_inner row_type=\u00a0\u00bbrow\u00a0\u00bb type=\u00a0\u00bbfull_width\u00a0\u00bb text_align=\u00a0\u00bbleft\u00a0\u00bb css_animation=\u00a0\u00bb\u00a0\u00bb][vc_column_inner css=\u00a0\u00bb.vc_custom_1675259559603{margin-top: 30px !important;}\u00a0\u00bb][vc_single_image image=\u00a0\u00bb377&Prime; img_size=\u00a0\u00bbfull\u00a0\u00bb alignment=\u00a0\u00bbcenter\u00a0\u00bb qode_css_animation=\u00a0\u00bb\u00a0\u00bb][\/vc_column_inner][\/vc_row_inner][vc_row_inner row_type=\u00a0\u00bbrow\u00a0\u00bb type=\u00a0\u00bbfull_width\u00a0\u00bb text_align=\u00a0\u00bbleft\u00a0\u00bb css_animation=\u00a0\u00bb\u00a0\u00bb][vc_column_inner width=\u00a0\u00bb1\/2&Prime; css=\u00a0\u00bb.vc_custom_1675259520323{margin-top: 30px !important;}\u00a0\u00bb][vc_column_text]<\/p>\n<p style=\"text-align: justify;\">Des lieux extraordinaires qui offrent des exp\u00e9riences et des \u00e9motions inimaginables. La mer qui la borde est une cause directe des reliefs de faible altitude ainsi que des majestueuses pierres polies par les vents qui prennent les formes les plus diverses.<br \/>\nVenez d\u00e9couvrir Olbia, ville entour\u00e9e par la mer et avec un arri\u00e8re-pays incroyablement plein de surprises \u00e0 vivre avec des itin\u00e9raires personnalis\u00e9s !<\/p>\n<p>[\/vc_column_text][\/vc_column_inner][vc_column_inner width=\u00a0\u00bb1\/2&Prime; css=\u00a0\u00bb.vc_custom_1675259523355{margin-top: 30px !important;margin-bottom: 80px !important;}\u00a0\u00bb][vc_column_text]Nous vous conseillons :<\/p>\n<ul>\n<li><strong>Le parc Fausto Noce<\/strong>, avec ses 18 hectares, est le plus grand parc urbain de Sardaigne<br \/>\n(class\u00e9 deuxi\u00e8me meilleur projet vert d\u2019Italie en 2005).<\/li>\n<li><strong>Le parc fluvial du Padrongianus<\/strong> (environ 35 hectares), situ\u00e9 le long d\u2019une partie du cours inf\u00e9rieur du fleuve<br \/>\nPadrongianus, juste au sud de la zone urbaine d\u2019Olbia.<\/li>\n<li><strong>La for\u00eat domaniale de Sorilis<\/strong>, une zone semi-lagunaire de l\u2019int\u00e9rieur du golfe, o\u00f9 les tr\u00e8s pris\u00e9es moules locales sont r\u00e9colt\u00e9es<br \/>\ndans des zones sp\u00e9ciales (parcs).<\/li>\n<li><a href=\"https:\/\/discovergallura.it\/siti-naturali\/area-marina-protetta-tavolara-punta-coda-cavallo\/\">Aire marine prot\u00e9g\u00e9e de Tavolara-Punta Capo Coda Cavallo<\/a> (partag\u00e9e avec Loiri &#8211; Porto<br \/>\nSan Paolo et San Teodoro)<\/li>\n<li><strong>Mont Pinu.<\/strong><\/li>\n<li><strong>Mont Plebi.<\/strong><\/li>\n<li><strong>Mont Cugnana.<\/strong><\/li>\n<\/ul>\n<p>[\/vc_column_text][\/vc_column_inner][\/vc_row_inner][\/vc_column][\/vc_row][vc_row css_animation=\u00a0\u00bb\u00a0\u00bb row_type=\u00a0\u00bbrow\u00a0\u00bb use_row_as_full_screen_section=\u00a0\u00bbno\u00a0\u00bb type=\u00a0\u00bbgrid\u00a0\u00bb angled_section=\u00a0\u00bbno\u00a0\u00bb text_align=\u00a0\u00bbleft\u00a0\u00bb background_image_as_pattern=\u00a0\u00bbwithout_pattern\u00a0\u00bb z_index=\u00a0\u00bb\u00a0\u00bb][vc_column width=\u00a0\u00bb1\/6&Prime;][\/vc_column][vc_column width=\u00a0\u00bb2\/3&Prime; css=\u00a0\u00bb.vc_custom_1674141388895{margin-top: 80px !important;}\u00a0\u00bb offset=\u00a0\u00bbvc_hidden-sm vc_hidden-xs\u00a0\u00bb]<div class=\"custom_font_holder \" style=\"font-family: EB garamond; font-style: italic; font-weight: 500; text-decoration: none; text-align: left; --qode-cf-font-size: 24px; --qode-cf-line-height: 28px; --qode-cf-font-size-1440: 24px; --qode-cf-line-height-1440: 28px; --qode-cf-font-size-1366: 24px; --qode-cf-line-height-1366: 28px; --qode-cf-font-size-1280: 24px; --qode-cf-line-height-1280: 28px; --qode-cf-font-size-1024: 24px; --qode-cf-line-height-1024: 28px; --qode-cf-font-size-768: 24px; --qode-cf-line-height-768: 28px; --qode-cf-font-size-680: 24px; --qode-cf-line-height-680: 28px; --qode-cf-font-size-480: 24px; --qode-cf-line-height-480: 28px;\">\n<p style=\"text-align: center;\"><span style=\"font-size: 24pt; line-height: 110%;\">La mer et une nature pr\u00e9serv\u00e9e. Un v\u00e9ritable paradis pour les amateurs de plein air !<\/span><\/p>\n<\/div>[\/vc_column][vc_column width=\u00a0\u00bb1\/6&Prime;][\/vc_column][\/vc_row][vc_row css_animation=\u00a0\u00bb\u00a0\u00bb row_type=\u00a0\u00bbrow\u00a0\u00bb use_row_as_full_screen_section=\u00a0\u00bbno\u00a0\u00bb type=\u00a0\u00bbfull_width\u00a0\u00bb angled_section=\u00a0\u00bbno\u00a0\u00bb text_align=\u00a0\u00bbleft\u00a0\u00bb background_image_as_pattern=\u00a0\u00bbwithout_pattern\u00a0\u00bb z_index=\u00a0\u00bb\u00a0\u00bb][vc_column css=\u00a0\u00bb.vc_custom_1675702964285{margin-top: 80px !important;margin-bottom: 120px !important;}\u00a0\u00bb]<div class=\"qode-advanced-image-gallery  qode-aig-slider-type qode-tiny-space   \">\n\t<div class=\"qode-aig-slider qode-owl-slider\" data-number-of-items=\"1\" data-enable-loop=\"yes\" data-enable-autoplay=\"yes\" data-slider-speed=\"5000\" data-slider-speed-animation=\"600\" data-slider-padding=\"yes\" data-enable-navigation=\"yes\" data-enable-pagination=\"yes\">\n\t\t\t\t\t<div class=\"qode-aig-image\">\n\t\t\t\t\t\t\t\t\t<img loading=\"lazy\" decoding=\"async\" width=\"1440\" height=\"960\" src=\"https:\/\/discovergallura.it\/wp-content\/uploads\/2023\/01\/Parco-fluviale-del-Padrongianus-shutterstock_1542017429-1.jpg\" class=\"attachment-full size-full\" alt=\"\" srcset=\"https:\/\/discovergallura.it\/wp-content\/uploads\/2023\/01\/Parco-fluviale-del-Padrongianus-shutterstock_1542017429-1.jpg 1440w, https:\/\/discovergallura.it\/wp-content\/uploads\/2023\/01\/Parco-fluviale-del-Padrongianus-shutterstock_1542017429-1-300x200.jpg 300w, https:\/\/discovergallura.it\/wp-content\/uploads\/2023\/01\/Parco-fluviale-del-Padrongianus-shutterstock_1542017429-1-1024x683.jpg 1024w, https:\/\/discovergallura.it\/wp-content\/uploads\/2023\/01\/Parco-fluviale-del-Padrongianus-shutterstock_1542017429-1-768x512.jpg 768w, https:\/\/discovergallura.it\/wp-content\/uploads\/2023\/01\/Parco-fluviale-del-Padrongianus-shutterstock_1542017429-1-700x467.jpg 700w\" sizes=\"auto, (max-width: 1440px) 100vw, 1440px\" \/>\t\t\t\t\t<span class=\"aig-gallery-hover\">\n\t\t\t\t\t\t\t\t\t\t\t<\/span>\n\t\t\t\t\t\t\t<\/div>\n\t\t\t\t\t\t\t\t<div class=\"qode-aig-image\">\n\t\t\t\t\t\t\t\t\t<img loading=\"lazy\" decoding=\"async\" width=\"1024\" height=\"768\" src=\"https:\/\/discovergallura.it\/wp-content\/uploads\/2023\/01\/Monte-Plebi.jpeg\" class=\"attachment-full size-full\" alt=\"\" srcset=\"https:\/\/discovergallura.it\/wp-content\/uploads\/2023\/01\/Monte-Plebi.jpeg 1024w, https:\/\/discovergallura.it\/wp-content\/uploads\/2023\/01\/Monte-Plebi-300x225.jpeg 300w, https:\/\/discovergallura.it\/wp-content\/uploads\/2023\/01\/Monte-Plebi-768x576.jpeg 768w, https:\/\/discovergallura.it\/wp-content\/uploads\/2023\/01\/Monte-Plebi-800x600.jpeg 800w, https:\/\/discovergallura.it\/wp-content\/uploads\/2023\/01\/Monte-Plebi-700x525.jpeg 700w\" sizes=\"auto, (max-width: 1024px) 100vw, 1024px\" \/>\t\t\t\t\t<span class=\"aig-gallery-hover\">\n\t\t\t\t\t\t\t\t\t\t\t<\/span>\n\t\t\t\t\t\t\t<\/div>\n\t\t\t\t\t\t\t\t<div class=\"qode-aig-image\">\n\t\t\t\t\t\t\t\t\t<img loading=\"lazy\" decoding=\"async\" width=\"1134\" height=\"756\" src=\"https:\/\/discovergallura.it\/wp-content\/uploads\/2023\/01\/Monte-Pinu-shutterstock_2055091325.jpg\" class=\"attachment-full size-full\" alt=\"\" srcset=\"https:\/\/discovergallura.it\/wp-content\/uploads\/2023\/01\/Monte-Pinu-shutterstock_2055091325.jpg 1134w, https:\/\/discovergallura.it\/wp-content\/uploads\/2023\/01\/Monte-Pinu-shutterstock_2055091325-300x200.jpg 300w, https:\/\/discovergallura.it\/wp-content\/uploads\/2023\/01\/Monte-Pinu-shutterstock_2055091325-1024x683.jpg 1024w, https:\/\/discovergallura.it\/wp-content\/uploads\/2023\/01\/Monte-Pinu-shutterstock_2055091325-768x512.jpg 768w, https:\/\/discovergallura.it\/wp-content\/uploads\/2023\/01\/Monte-Pinu-shutterstock_2055091325-700x467.jpg 700w\" sizes=\"auto, (max-width: 1134px) 100vw, 1134px\" \/>\t\t\t\t\t<span class=\"aig-gallery-hover\">\n\t\t\t\t\t\t\t\t\t\t\t<\/span>\n\t\t\t\t\t\t\t<\/div>\n\t\t\t\t\t\t\t\t<div class=\"qode-aig-image\">\n\t\t\t\t\t\t\t\t\t<img loading=\"lazy\" decoding=\"async\" width=\"1417\" height=\"479\" src=\"https:\/\/discovergallura.it\/wp-content\/uploads\/2023\/01\/Tavolara-Punta-Capo-Coda-Cavallo-shutterstock_2062163030.jpg\" class=\"attachment-full size-full\" alt=\"\" srcset=\"https:\/\/discovergallura.it\/wp-content\/uploads\/2023\/01\/Tavolara-Punta-Capo-Coda-Cavallo-shutterstock_2062163030.jpg 1417w, https:\/\/discovergallura.it\/wp-content\/uploads\/2023\/01\/Tavolara-Punta-Capo-Coda-Cavallo-shutterstock_2062163030-300x101.jpg 300w, https:\/\/discovergallura.it\/wp-content\/uploads\/2023\/01\/Tavolara-Punta-Capo-Coda-Cavallo-shutterstock_2062163030-1024x346.jpg 1024w, https:\/\/discovergallura.it\/wp-content\/uploads\/2023\/01\/Tavolara-Punta-Capo-Coda-Cavallo-shutterstock_2062163030-768x260.jpg 768w, https:\/\/discovergallura.it\/wp-content\/uploads\/2023\/01\/Tavolara-Punta-Capo-Coda-Cavallo-shutterstock_2062163030-700x237.jpg 700w\" sizes=\"auto, (max-width: 1417px) 100vw, 1417px\" \/>\t\t\t\t\t<span class=\"aig-gallery-hover\">\n\t\t\t\t\t\t\t\t\t\t\t<\/span>\n\t\t\t\t\t\t\t<\/div>\n\t\t\t\t\t\t\t\t<div class=\"qode-aig-image\">\n\t\t\t\t\t\t\t\t\t<img loading=\"lazy\" decoding=\"async\" width=\"960\" height=\"374\" src=\"https:\/\/discovergallura.it\/wp-content\/uploads\/2023\/01\/Foresta-demaniale-di-Sorilis.jpeg\" class=\"attachment-full size-full\" alt=\"\" srcset=\"https:\/\/discovergallura.it\/wp-content\/uploads\/2023\/01\/Foresta-demaniale-di-Sorilis.jpeg 960w, https:\/\/discovergallura.it\/wp-content\/uploads\/2023\/01\/Foresta-demaniale-di-Sorilis-300x117.jpeg 300w, https:\/\/discovergallura.it\/wp-content\/uploads\/2023\/01\/Foresta-demaniale-di-Sorilis-768x299.jpeg 768w, https:\/\/discovergallura.it\/wp-content\/uploads\/2023\/01\/Foresta-demaniale-di-Sorilis-700x273.jpeg 700w\" sizes=\"auto, (max-width: 960px) 100vw, 960px\" \/>\t\t\t\t\t<span class=\"aig-gallery-hover\">\n\t\t\t\t\t\t\t\t\t\t\t<\/span>\n\t\t\t\t\t\t\t<\/div>\n\t\t\t\t\t\t\t\t<div class=\"qode-aig-image\">\n\t\t\t\t\t\t\t\t\t<img loading=\"lazy\" decoding=\"async\" width=\"1200\" height=\"801\" src=\"https:\/\/discovergallura.it\/wp-content\/uploads\/2023\/01\/PARCO-FAUSTO-NOCEshutterstock_1510795004.jpg\" class=\"attachment-full size-full\" alt=\"\" srcset=\"https:\/\/discovergallura.it\/wp-content\/uploads\/2023\/01\/PARCO-FAUSTO-NOCEshutterstock_1510795004.jpg 1200w, https:\/\/discovergallura.it\/wp-content\/uploads\/2023\/01\/PARCO-FAUSTO-NOCEshutterstock_1510795004-300x200.jpg 300w, https:\/\/discovergallura.it\/wp-content\/uploads\/2023\/01\/PARCO-FAUSTO-NOCEshutterstock_1510795004-1024x684.jpg 1024w, https:\/\/discovergallura.it\/wp-content\/uploads\/2023\/01\/PARCO-FAUSTO-NOCEshutterstock_1510795004-768x513.jpg 768w, https:\/\/discovergallura.it\/wp-content\/uploads\/2023\/01\/PARCO-FAUSTO-NOCEshutterstock_1510795004-700x467.jpg 700w\" sizes=\"auto, (max-width: 1200px) 100vw, 1200px\" \/>\t\t\t\t\t<span class=\"aig-gallery-hover\">\n\t\t\t\t\t\t\t\t\t\t\t<\/span>\n\t\t\t\t\t\t\t<\/div>\n\t\t\t\t\t\t\t\t<div class=\"qode-aig-image\">\n\t\t\t\t\t\t\t\t\t<img loading=\"lazy\" decoding=\"async\" width=\"1380\" height=\"521\" src=\"https:\/\/discovergallura.it\/wp-content\/uploads\/2023\/01\/Stabulario-cozze-shutterstock_1903440616.jpg\" class=\"attachment-full size-full\" alt=\"\" srcset=\"https:\/\/discovergallura.it\/wp-content\/uploads\/2023\/01\/Stabulario-cozze-shutterstock_1903440616.jpg 1380w, https:\/\/discovergallura.it\/wp-content\/uploads\/2023\/01\/Stabulario-cozze-shutterstock_1903440616-300x113.jpg 300w, https:\/\/discovergallura.it\/wp-content\/uploads\/2023\/01\/Stabulario-cozze-shutterstock_1903440616-1024x387.jpg 1024w, https:\/\/discovergallura.it\/wp-content\/uploads\/2023\/01\/Stabulario-cozze-shutterstock_1903440616-768x290.jpg 768w, https:\/\/discovergallura.it\/wp-content\/uploads\/2023\/01\/Stabulario-cozze-shutterstock_1903440616-700x264.jpg 700w\" sizes=\"auto, (max-width: 1380px) 100vw, 1380px\" \/>\t\t\t\t\t<span class=\"aig-gallery-hover\">\n\t\t\t\t\t\t\t\t\t\t\t<\/span>\n\t\t\t\t\t\t\t<\/div>\n\t\t\t\t\t\t<\/div>\n<\/div>[\/vc_column][\/vc_row]<\/p>\n<\/div>","protected":false},"excerpt":{"rendered":"<p>[vc_row css_animation=\u00a0\u00bb\u00a0\u00bb row_type=\u00a0\u00bbrow\u00a0\u00bb use_row_as_full_screen_section=\u00a0\u00bbno\u00a0\u00bb type=\u00a0\u00bbgrid\u00a0\u00bb angled_section=\u00a0\u00bbno\u00a0\u00bb text_align=\u00a0\u00bbleft\u00a0\u00bb background_image_as_pattern=\u00a0\u00bbwithout_pattern\u00a0\u00bb z_index=\u00a0\u00bb\u00a0\u00bb][vc_column css=\u00a0\u00bb.vc_custom_1674214152573{margin-top: 80px !important;}\u00a0\u00bb][vc_row_inner row_type=\u00a0\u00bbrow\u00a0\u00bb type=\u00a0\u00bbfull_width\u00a0\u00bb text_align=\u00a0\u00bbleft\u00a0\u00bb css_animation=\u00a0\u00bb\u00a0\u00bb][vc_column_inner width=\u00a0\u00bb1\/2&Prime; css=\u00a0\u00bb.vc_custom_1674212921568{margin-bottom: 110px !important;}\u00a0\u00bb][vc_separator type=\u00a0\u00bbsmall\u00a0\u00bb position=\u00a0\u00bbleft\u00a0\u00bb color=\u00a0\u00bb#3390b9&Prime; thickness=\u00a0\u00bb4&Prime; width=\u00a0\u00bb50&Prime;][\/vc_column_inner][vc_column_inner width=\u00a0\u00bb1\/2&Prime;][\/vc_column_inner][\/vc_row_inner][vc_row_inner row_type=\u00a0\u00bbrow\u00a0\u00bb type=\u00a0\u00bbfull_width\u00a0\u00bb text_align=\u00a0\u00bbleft\u00a0\u00bb css_animation=\u00a0\u00bb\u00a0\u00bb][vc_column_inner css=\u00a0\u00bb.vc_custom_1675259559603{margin-top: 30px !important;}\u00a0\u00bb][vc_single_image image=\u00a0\u00bb377&Prime; img_size=\u00a0\u00bbfull\u00a0\u00bb alignment=\u00a0\u00bbcenter\u00a0\u00bb qode_css_animation=\u00a0\u00bb\u00a0\u00bb][\/vc_column_inner][\/vc_row_inner][vc_row_inner row_type=\u00a0\u00bbrow\u00a0\u00bb type=\u00a0\u00bbfull_width\u00a0\u00bb text_align=\u00a0\u00bbleft\u00a0\u00bb css_animation=\u00a0\u00bb\u00a0\u00bb][vc_column_inner width=\u00a0\u00bb1\/2&Prime; css=\u00a0\u00bb.vc_custom_1675259520323{margin-top: 30px !important;}\u00a0\u00bb][vc_column_text]&#8230;<\/p>\n","protected":false},"author":1,"featured_media":11029,"parent":11032,"menu_order":0,"comment_status":"closed","ping_status":"closed","template":"full_width.php","meta":{"inline_featured_image":false,"footnotes":""},"class_list":["post-11354","page","type-page","status-publish","has-post-thumbnail","hentry"],"_links":{"self":[{"href":"https:\/\/discovergallura.it\/fr\/wp-json\/wp\/v2\/pages\/11354","targetHints":{"allow":["GET"]}}],"collection":[{"href":"https:\/\/discovergallura.it\/fr\/wp-json\/wp\/v2\/pages"}],"about":[{"href":"https:\/\/discovergallura.it\/fr\/wp-json\/wp\/v2\/types\/page"}],"author":[{"embeddable":true,"href":"https:\/\/discovergallura.it\/fr\/wp-json\/wp\/v2\/users\/1"}],"replies":[{"embeddable":true,"href":"https:\/\/discovergallura.it\/fr\/wp-json\/wp\/v2\/comments?post=11354"}],"version-history":[{"count":3,"href":"https:\/\/discovergallura.it\/fr\/wp-json\/wp\/v2\/pages\/11354\/revisions"}],"predecessor-version":[{"id":11357,"href":"https:\/\/discovergallura.it\/fr\/wp-json\/wp\/v2\/pages\/11354\/revisions\/11357"}],"up":[{"embeddable":true,"href":"https:\/\/discovergallura.it\/fr\/wp-json\/wp\/v2\/pages\/11032"}],"wp:featuredmedia":[{"embeddable":true,"href":"https:\/\/discovergallura.it\/fr\/wp-json\/wp\/v2\/media\/11029"}],"wp:attachment":[{"href":"https:\/\/discovergallura.it\/fr\/wp-json\/wp\/v2\/media?parent=11354"}],"curies":[{"name":"wp","href":"https:\/\/api.w.org\/{rel}","templated":true}]}}