{"id":12290,"date":"2023-01-27T10:26:30","date_gmt":"2023-01-27T09:26:30","guid":{"rendered":"https:\/\/discovergallura.it\/monti\/castello-crasta-natura\/"},"modified":"2023-06-12T11:52:41","modified_gmt":"2023-06-12T09:52:41","slug":"castello-crasta-natura","status":"publish","type":"page","link":"https:\/\/discovergallura.it\/fr\/destinazioni\/monti\/castello-crasta-natura\/","title":{"rendered":"Ch\u00e2teau de Crasta et nature"},"content":{"rendered":"<div class=\"wpb-content-wrapper\"><p>[vc_row css_animation=\u00a0\u00bb\u00a0\u00bb row_type=\u00a0\u00bbrow\u00a0\u00bb use_row_as_full_screen_section=\u00a0\u00bbno\u00a0\u00bb type=\u00a0\u00bbgrid\u00a0\u00bb angled_section=\u00a0\u00bbno\u00a0\u00bb text_align=\u00a0\u00bbleft\u00a0\u00bb background_image_as_pattern=\u00a0\u00bbwithout_pattern\u00a0\u00bb z_index=\u00a0\u00bb\u00a0\u00bb][vc_column css=\u00a0\u00bb.vc_custom_1674214152573{margin-top: 80px !important;}\u00a0\u00bb][vc_row_inner row_type=\u00a0\u00bbrow\u00a0\u00bb type=\u00a0\u00bbfull_width\u00a0\u00bb text_align=\u00a0\u00bbleft\u00a0\u00bb css_animation=\u00a0\u00bb\u00a0\u00bb][vc_column_inner width=\u00a0\u00bb1\/2&Prime; css=\u00a0\u00bb.vc_custom_1674212921568{margin-bottom: 110px !important;}\u00a0\u00bb][vc_separator type=\u00a0\u00bbsmall\u00a0\u00bb position=\u00a0\u00bbleft\u00a0\u00bb color=\u00a0\u00bb#3390b9&Prime; thickness=\u00a0\u00bb4&Prime; width=\u00a0\u00bb50&Prime;]<div class=\"custom_font_holder \" style=\"font-family: red hat display; font-style: normal; font-weight: 800; color: #3390b9; text-decoration: none; text-align: left; --qode-cf-font-size: 38px; --qode-cf-line-height: 39px; --qode-cf-font-size-1440: 38px; --qode-cf-line-height-1440: 39px; --qode-cf-font-size-1366: 38px; --qode-cf-line-height-1366: 39px; --qode-cf-font-size-1280: 38px; --qode-cf-line-height-1280: 39px; --qode-cf-font-size-1024: 38px; --qode-cf-line-height-1024: 39px; --qode-cf-font-size-768: 38px; --qode-cf-line-height-768: 39px; --qode-cf-font-size-680: 38px; --qode-cf-line-height-680: 39px; --qode-cf-font-size-480: 38px; --qode-cf-line-height-480: 39px;\">CH\u00c2TEAU DE CRASTA ET NATURE<\/div>[\/vc_column_inner][vc_column_inner width=\u00a0\u00bb1\/2&Prime;][\/vc_column_inner][\/vc_row_inner][vc_row_inner row_type=\u00a0\u00bbrow\u00a0\u00bb type=\u00a0\u00bbfull_width\u00a0\u00bb text_align=\u00a0\u00bbleft\u00a0\u00bb css_animation=\u00a0\u00bb\u00a0\u00bb][vc_column_inner width=\u00a0\u00bb1\/2&Prime;][vc_single_image image=\u00a0\u00bb2270&Prime; img_size=\u00a0\u00bbfull\u00a0\u00bb qode_css_animation=\u00a0\u00bb\u00a0\u00bb][vc_empty_space][\/vc_column_inner][vc_column_inner width=\u00a0\u00bb1\/2&Prime; css=\u00a0\u00bb.vc_custom_1674212910857{margin-bottom: 80px !important;}\u00a0\u00bb][vc_column_text]<\/p>\n<p style=\"text-align: justify;\">Tout comme la Sardaigne a subi des invasions, Monti a \u00e9t\u00e9 soumis \u00e0 diverses dominations au cours des si\u00e8cles, tant\u00f4t par la mer, tant\u00f4t par d\u2019autres sous-r\u00e9gions de l\u2019\u00eele. Le ch\u00e2teau de Crasta s\u2019\u00e9l\u00e8ve sur un promontoire \u00e0 490 m\u00e8tres au-dessus du niveau de la mer, \u00e0 trois kilom\u00e8tres au sud de Monti. Situ\u00e9 dans une position strat\u00e9gique, il dominait ce que l\u2019on appelle le \u00ab couloir ou selle de Monti \u00bb pour garder les voies de communication entre la marine et l\u2019int\u00e9rieur, faisant partie du r\u00e9seau de d\u00e9fense des Judicats de Torres et de celui de Gallura.<br \/>\nParmi les magnifiques sentiers environnants, domin\u00e9s par des affleurements de granit, des cascades s\u2019\u00e9lancent dans un environnement frais et ombrag\u00e9 o\u00f9 l\u2019on peut profiter de moments de d\u00e9tente.<\/p>\n<p>[\/vc_column_text][\/vc_column_inner][\/vc_row_inner][\/vc_column][\/vc_row][vc_row css_animation=\u00a0\u00bb\u00a0\u00bb row_type=\u00a0\u00bbrow\u00a0\u00bb use_row_as_full_screen_section=\u00a0\u00bbno\u00a0\u00bb type=\u00a0\u00bbgrid\u00a0\u00bb angled_section=\u00a0\u00bbno\u00a0\u00bb text_align=\u00a0\u00bbleft\u00a0\u00bb background_image_as_pattern=\u00a0\u00bbwithout_pattern\u00a0\u00bb z_index=\u00a0\u00bb\u00a0\u00bb][vc_column width=\u00a0\u00bb1\/6&Prime;][\/vc_column][vc_column width=\u00a0\u00bb2\/3&Prime; css=\u00a0\u00bb.vc_custom_1674141388895{margin-top: 80px !important;}\u00a0\u00bb offset=\u00a0\u00bbvc_hidden-sm vc_hidden-xs\u00a0\u00bb]<div class=\"custom_font_holder \" style=\"font-family: EB garamond; font-style: italic; font-weight: 500; text-decoration: none; text-align: left; --qode-cf-font-size: 24px; --qode-cf-line-height: 28px; --qode-cf-font-size-1440: 24px; --qode-cf-line-height-1440: 28px; --qode-cf-font-size-1366: 24px; --qode-cf-line-height-1366: 28px; --qode-cf-font-size-1280: 24px; --qode-cf-line-height-1280: 28px; --qode-cf-font-size-1024: 24px; --qode-cf-line-height-1024: 28px; --qode-cf-font-size-768: 24px; --qode-cf-line-height-768: 28px; --qode-cf-font-size-680: 24px; --qode-cf-line-height-680: 28px; --qode-cf-font-size-480: 24px; --qode-cf-line-height-480: 28px;\">\n<p style=\"text-align: center;\"><span style=\"font-size: 24pt; line-height: 110%;\">Entre histoire et sentiers naturels en Gallura.<\/span><\/p>\n<\/div>[\/vc_column][vc_column width=\u00a0\u00bb1\/6&Prime;][\/vc_column][\/vc_row][vc_row css_animation=\u00a0\u00bb\u00a0\u00bb row_type=\u00a0\u00bbrow\u00a0\u00bb use_row_as_full_screen_section=\u00a0\u00bbno\u00a0\u00bb type=\u00a0\u00bbfull_width\u00a0\u00bb angled_section=\u00a0\u00bbno\u00a0\u00bb text_align=\u00a0\u00bbleft\u00a0\u00bb background_image_as_pattern=\u00a0\u00bbwithout_pattern\u00a0\u00bb z_index=\u00a0\u00bb\u00a0\u00bb][vc_column css=\u00a0\u00bb.vc_custom_1675702862805{margin-top: 80px !important;margin-bottom: 120px !important;}\u00a0\u00bb]<div class=\"qode-advanced-image-gallery  qode-aig-slider-type qode-tiny-space   \">\n\t<div class=\"qode-aig-slider qode-owl-slider\" data-number-of-items=\"1\" data-enable-loop=\"yes\" data-enable-autoplay=\"yes\" data-slider-speed=\"5000\" data-slider-speed-animation=\"600\" data-slider-padding=\"yes\" data-enable-navigation=\"yes\" data-enable-pagination=\"yes\">\n\t\t\t\t\t<div class=\"qode-aig-image\">\n\t\t\t\t\t\t\t\t\t<img loading=\"lazy\" decoding=\"async\" width=\"2048\" height=\"1360\" src=\"https:\/\/discovergallura.it\/wp-content\/uploads\/2023\/01\/2019-05-nuraghe.jpeg\" class=\"attachment-full size-full\" alt=\"\" srcset=\"https:\/\/discovergallura.it\/wp-content\/uploads\/2023\/01\/2019-05-nuraghe.jpeg 2048w, https:\/\/discovergallura.it\/wp-content\/uploads\/2023\/01\/2019-05-nuraghe-300x199.jpeg 300w, https:\/\/discovergallura.it\/wp-content\/uploads\/2023\/01\/2019-05-nuraghe-1024x680.jpeg 1024w, https:\/\/discovergallura.it\/wp-content\/uploads\/2023\/01\/2019-05-nuraghe-768x510.jpeg 768w, https:\/\/discovergallura.it\/wp-content\/uploads\/2023\/01\/2019-05-nuraghe-1536x1020.jpeg 1536w, https:\/\/discovergallura.it\/wp-content\/uploads\/2023\/01\/2019-05-nuraghe-700x465.jpeg 700w\" sizes=\"auto, (max-width: 2048px) 100vw, 2048px\" \/>\t\t\t\t\t<span class=\"aig-gallery-hover\">\n\t\t\t\t\t\t\t\t\t\t\t<\/span>\n\t\t\t\t\t\t\t<\/div>\n\t\t\t\t\t\t\t\t<div class=\"qode-aig-image\">\n\t\t\t\t\t\t\t\t\t<img loading=\"lazy\" decoding=\"async\" width=\"1974\" height=\"1311\" src=\"https:\/\/discovergallura.it\/wp-content\/uploads\/2023\/01\/2019-05-sito.jpeg\" class=\"attachment-full size-full\" alt=\"\" srcset=\"https:\/\/discovergallura.it\/wp-content\/uploads\/2023\/01\/2019-05-sito.jpeg 1974w, https:\/\/discovergallura.it\/wp-content\/uploads\/2023\/01\/2019-05-sito-300x199.jpeg 300w, https:\/\/discovergallura.it\/wp-content\/uploads\/2023\/01\/2019-05-sito-1024x680.jpeg 1024w, https:\/\/discovergallura.it\/wp-content\/uploads\/2023\/01\/2019-05-sito-768x510.jpeg 768w, https:\/\/discovergallura.it\/wp-content\/uploads\/2023\/01\/2019-05-sito-1536x1020.jpeg 1536w, https:\/\/discovergallura.it\/wp-content\/uploads\/2023\/01\/2019-05-sito-700x465.jpeg 700w\" sizes=\"auto, (max-width: 1974px) 100vw, 1974px\" \/>\t\t\t\t\t<span class=\"aig-gallery-hover\">\n\t\t\t\t\t\t\t\t\t\t\t<\/span>\n\t\t\t\t\t\t\t<\/div>\n\t\t\t\t\t\t\t\t<div class=\"qode-aig-image\">\n\t\t\t\t\t\t\t\t\t<img loading=\"lazy\" decoding=\"async\" width=\"1024\" height=\"1024\" src=\"https:\/\/discovergallura.it\/wp-content\/uploads\/2023\/01\/muru-mannu-2.jpg\" class=\"attachment-full size-full\" alt=\"\" srcset=\"https:\/\/discovergallura.it\/wp-content\/uploads\/2023\/01\/muru-mannu-2.jpg 1024w, https:\/\/discovergallura.it\/wp-content\/uploads\/2023\/01\/muru-mannu-2-300x300.jpg 300w, https:\/\/discovergallura.it\/wp-content\/uploads\/2023\/01\/muru-mannu-2-150x150.jpg 150w, https:\/\/discovergallura.it\/wp-content\/uploads\/2023\/01\/muru-mannu-2-768x768.jpg 768w, https:\/\/discovergallura.it\/wp-content\/uploads\/2023\/01\/muru-mannu-2-570x570.jpg 570w, https:\/\/discovergallura.it\/wp-content\/uploads\/2023\/01\/muru-mannu-2-500x500.jpg 500w, https:\/\/discovergallura.it\/wp-content\/uploads\/2023\/01\/muru-mannu-2-1000x1000.jpg 1000w, https:\/\/discovergallura.it\/wp-content\/uploads\/2023\/01\/muru-mannu-2-700x700.jpg 700w, https:\/\/discovergallura.it\/wp-content\/uploads\/2023\/01\/muru-mannu-2-650x650.jpg 650w\" sizes=\"auto, (max-width: 1024px) 100vw, 1024px\" \/>\t\t\t\t\t<span class=\"aig-gallery-hover\">\n\t\t\t\t\t\t\t\t\t\t\t<\/span>\n\t\t\t\t\t\t\t<\/div>\n\t\t\t\t\t\t\t\t<div class=\"qode-aig-image\">\n\t\t\t\t\t\t\t\t\t<img loading=\"lazy\" decoding=\"async\" width=\"1440\" height=\"1048\" src=\"https:\/\/discovergallura.it\/wp-content\/uploads\/2023\/01\/sentiero_113_per_muru_mannu_-_monti_mannu_monte_linas_-_villacidro_gonnosfanadiga.jpg\" class=\"attachment-full size-full\" alt=\"\" srcset=\"https:\/\/discovergallura.it\/wp-content\/uploads\/2023\/01\/sentiero_113_per_muru_mannu_-_monti_mannu_monte_linas_-_villacidro_gonnosfanadiga.jpg 1440w, https:\/\/discovergallura.it\/wp-content\/uploads\/2023\/01\/sentiero_113_per_muru_mannu_-_monti_mannu_monte_linas_-_villacidro_gonnosfanadiga-300x218.jpg 300w, https:\/\/discovergallura.it\/wp-content\/uploads\/2023\/01\/sentiero_113_per_muru_mannu_-_monti_mannu_monte_linas_-_villacidro_gonnosfanadiga-1024x745.jpg 1024w, https:\/\/discovergallura.it\/wp-content\/uploads\/2023\/01\/sentiero_113_per_muru_mannu_-_monti_mannu_monte_linas_-_villacidro_gonnosfanadiga-768x559.jpg 768w, https:\/\/discovergallura.it\/wp-content\/uploads\/2023\/01\/sentiero_113_per_muru_mannu_-_monti_mannu_monte_linas_-_villacidro_gonnosfanadiga-700x509.jpg 700w\" sizes=\"auto, (max-width: 1440px) 100vw, 1440px\" \/>\t\t\t\t\t<span class=\"aig-gallery-hover\">\n\t\t\t\t\t\t\t\t\t\t\t<\/span>\n\t\t\t\t\t\t\t<\/div>\n\t\t\t\t\t\t\t\t<div class=\"qode-aig-image\">\n\t\t\t\t\t\t\t\t\t<img loading=\"lazy\" decoding=\"async\" width=\"1440\" height=\"1048\" src=\"https:\/\/discovergallura.it\/wp-content\/uploads\/2023\/01\/sentiero_113_per_muru_mannu_-_monti_mannu_monte_linas_villacidro_gonnosfanadiga.jpg\" class=\"attachment-full size-full\" alt=\"\" srcset=\"https:\/\/discovergallura.it\/wp-content\/uploads\/2023\/01\/sentiero_113_per_muru_mannu_-_monti_mannu_monte_linas_villacidro_gonnosfanadiga.jpg 1440w, https:\/\/discovergallura.it\/wp-content\/uploads\/2023\/01\/sentiero_113_per_muru_mannu_-_monti_mannu_monte_linas_villacidro_gonnosfanadiga-300x218.jpg 300w, https:\/\/discovergallura.it\/wp-content\/uploads\/2023\/01\/sentiero_113_per_muru_mannu_-_monti_mannu_monte_linas_villacidro_gonnosfanadiga-1024x745.jpg 1024w, https:\/\/discovergallura.it\/wp-content\/uploads\/2023\/01\/sentiero_113_per_muru_mannu_-_monti_mannu_monte_linas_villacidro_gonnosfanadiga-768x559.jpg 768w, https:\/\/discovergallura.it\/wp-content\/uploads\/2023\/01\/sentiero_113_per_muru_mannu_-_monti_mannu_monte_linas_villacidro_gonnosfanadiga-700x509.jpg 700w\" sizes=\"auto, (max-width: 1440px) 100vw, 1440px\" \/>\t\t\t\t\t<span class=\"aig-gallery-hover\">\n\t\t\t\t\t\t\t\t\t\t\t<\/span>\n\t\t\t\t\t\t\t<\/div>\n\t\t\t\t\t\t\t\t<div class=\"qode-aig-image\">\n\t\t\t\t\t\t\t\t\t<img loading=\"lazy\" decoding=\"async\" width=\"2560\" height=\"1700\" src=\"https:\/\/discovergallura.it\/wp-content\/uploads\/2023\/01\/2018-01-nuraghe-sa-prexone-copertina-scaled.jpg\" class=\"attachment-full size-full\" alt=\"\" srcset=\"https:\/\/discovergallura.it\/wp-content\/uploads\/2023\/01\/2018-01-nuraghe-sa-prexone-copertina-scaled.jpg 2560w, https:\/\/discovergallura.it\/wp-content\/uploads\/2023\/01\/2018-01-nuraghe-sa-prexone-copertina-300x199.jpg 300w, https:\/\/discovergallura.it\/wp-content\/uploads\/2023\/01\/2018-01-nuraghe-sa-prexone-copertina-1024x680.jpg 1024w, https:\/\/discovergallura.it\/wp-content\/uploads\/2023\/01\/2018-01-nuraghe-sa-prexone-copertina-768x510.jpg 768w, https:\/\/discovergallura.it\/wp-content\/uploads\/2023\/01\/2018-01-nuraghe-sa-prexone-copertina-1536x1020.jpg 1536w, https:\/\/discovergallura.it\/wp-content\/uploads\/2023\/01\/2018-01-nuraghe-sa-prexone-copertina-2048x1360.jpg 2048w, https:\/\/discovergallura.it\/wp-content\/uploads\/2023\/01\/2018-01-nuraghe-sa-prexone-copertina-700x465.jpg 700w\" sizes=\"auto, (max-width: 2560px) 100vw, 2560px\" \/>\t\t\t\t\t<span class=\"aig-gallery-hover\">\n\t\t\t\t\t\t\t\t\t\t\t<\/span>\n\t\t\t\t\t\t\t<\/div>\n\t\t\t\t\t\t<\/div>\n<\/div>[\/vc_column][\/vc_row]<\/p>\n<\/div>","protected":false},"excerpt":{"rendered":"<p>[vc_row css_animation=\u00a0\u00bb\u00a0\u00bb row_type=\u00a0\u00bbrow\u00a0\u00bb use_row_as_full_screen_section=\u00a0\u00bbno\u00a0\u00bb type=\u00a0\u00bbgrid\u00a0\u00bb angled_section=\u00a0\u00bbno\u00a0\u00bb text_align=\u00a0\u00bbleft\u00a0\u00bb background_image_as_pattern=\u00a0\u00bbwithout_pattern\u00a0\u00bb z_index=\u00a0\u00bb\u00a0\u00bb][vc_column css=\u00a0\u00bb.vc_custom_1674214152573{margin-top: 80px !important;}\u00a0\u00bb][vc_row_inner row_type=\u00a0\u00bbrow\u00a0\u00bb type=\u00a0\u00bbfull_width\u00a0\u00bb text_align=\u00a0\u00bbleft\u00a0\u00bb css_animation=\u00a0\u00bb\u00a0\u00bb][vc_column_inner width=\u00a0\u00bb1\/2&Prime; css=\u00a0\u00bb.vc_custom_1674212921568{margin-bottom: 110px !important;}\u00a0\u00bb][vc_separator type=\u00a0\u00bbsmall\u00a0\u00bb position=\u00a0\u00bbleft\u00a0\u00bb color=\u00a0\u00bb#3390b9&Prime; thickness=\u00a0\u00bb4&Prime; width=\u00a0\u00bb50&Prime;][\/vc_column_inner][vc_column_inner width=\u00a0\u00bb1\/2&Prime;][\/vc_column_inner][\/vc_row_inner][vc_row_inner row_type=\u00a0\u00bbrow\u00a0\u00bb type=\u00a0\u00bbfull_width\u00a0\u00bb text_align=\u00a0\u00bbleft\u00a0\u00bb css_animation=\u00a0\u00bb\u00a0\u00bb][vc_column_inner width=\u00a0\u00bb1\/2&Prime;][vc_single_image image=\u00a0\u00bb2270&Prime; img_size=\u00a0\u00bbfull\u00a0\u00bb qode_css_animation=\u00a0\u00bb\u00a0\u00bb][vc_empty_space][\/vc_column_inner][vc_column_inner width=\u00a0\u00bb1\/2&Prime; css=\u00a0\u00bb.vc_custom_1674212910857{margin-bottom: 80px !important;}\u00a0\u00bb][vc_column_text] Tout comme la Sardaigne a subi des&#8230;<\/p>\n","protected":false},"author":1,"featured_media":11565,"parent":12282,"menu_order":0,"comment_status":"closed","ping_status":"closed","template":"full_width.php","meta":{"inline_featured_image":false,"footnotes":""},"class_list":["post-12290","page","type-page","status-publish","has-post-thumbnail","hentry"],"_links":{"self":[{"href":"https:\/\/discovergallura.it\/fr\/wp-json\/wp\/v2\/pages\/12290","targetHints":{"allow":["GET"]}}],"collection":[{"href":"https:\/\/discovergallura.it\/fr\/wp-json\/wp\/v2\/pages"}],"about":[{"href":"https:\/\/discovergallura.it\/fr\/wp-json\/wp\/v2\/types\/page"}],"author":[{"embeddable":true,"href":"https:\/\/discovergallura.it\/fr\/wp-json\/wp\/v2\/users\/1"}],"replies":[{"embeddable":true,"href":"https:\/\/discovergallura.it\/fr\/wp-json\/wp\/v2\/comments?post=12290"}],"version-history":[{"count":9,"href":"https:\/\/discovergallura.it\/fr\/wp-json\/wp\/v2\/pages\/12290\/revisions"}],"predecessor-version":[{"id":13797,"href":"https:\/\/discovergallura.it\/fr\/wp-json\/wp\/v2\/pages\/12290\/revisions\/13797"}],"up":[{"embeddable":true,"href":"https:\/\/discovergallura.it\/fr\/wp-json\/wp\/v2\/pages\/12282"}],"wp:featuredmedia":[{"embeddable":true,"href":"https:\/\/discovergallura.it\/fr\/wp-json\/wp\/v2\/media\/11565"}],"wp:attachment":[{"href":"https:\/\/discovergallura.it\/fr\/wp-json\/wp\/v2\/media?parent=12290"}],"curies":[{"name":"wp","href":"https:\/\/api.w.org\/{rel}","templated":true}]}}