{"id":12525,"date":"2023-02-01T12:48:33","date_gmt":"2023-02-01T11:48:33","guid":{"rendered":"https:\/\/discovergallura.it\/trinita-dagultu-e-vignola\/isola-rossa\/"},"modified":"2023-06-12T12:20:08","modified_gmt":"2023-06-12T10:20:08","slug":"isola-rossa","status":"publish","type":"page","link":"https:\/\/discovergallura.it\/fr\/destinazioni\/trinita-dagultu-e-vignola\/isola-rossa\/","title":{"rendered":"\u00eele rouge"},"content":{"rendered":"<div class=\"wpb-content-wrapper\"><p>[vc_row css_animation=\u00a0\u00bb\u00a0\u00bb row_type=\u00a0\u00bbrow\u00a0\u00bb use_row_as_full_screen_section=\u00a0\u00bbno\u00a0\u00bb type=\u00a0\u00bbgrid\u00a0\u00bb angled_section=\u00a0\u00bbno\u00a0\u00bb text_align=\u00a0\u00bbleft\u00a0\u00bb background_image_as_pattern=\u00a0\u00bbwithout_pattern\u00a0\u00bb z_index=\u00a0\u00bb\u00a0\u00bb][vc_column css=\u00a0\u00bb.vc_custom_1674214152573{margin-top: 80px !important;}\u00a0\u00bb][vc_row_inner row_type=\u00a0\u00bbrow\u00a0\u00bb type=\u00a0\u00bbfull_width\u00a0\u00bb text_align=\u00a0\u00bbleft\u00a0\u00bb css_animation=\u00a0\u00bb\u00a0\u00bb][vc_column_inner width=\u00a0\u00bb1\/2&Prime; css=\u00a0\u00bb.vc_custom_1674212921568{margin-bottom: 110px !important;}\u00a0\u00bb][vc_separator type=\u00a0\u00bbsmall\u00a0\u00bb position=\u00a0\u00bbleft\u00a0\u00bb color=\u00a0\u00bb#3390b9&Prime; thickness=\u00a0\u00bb4&Prime; width=\u00a0\u00bb50&Prime;]<div class=\"custom_font_holder \" style=\"font-family: red hat display; font-style: normal; font-weight: 800; color: #3390b9; text-decoration: none; text-align: left; --qode-cf-font-size: 38px; --qode-cf-line-height: 39px; --qode-cf-font-size-1440: 38px; --qode-cf-line-height-1440: 39px; --qode-cf-font-size-1366: 38px; --qode-cf-line-height-1366: 39px; --qode-cf-font-size-1280: 38px; --qode-cf-line-height-1280: 39px; --qode-cf-font-size-1024: 38px; --qode-cf-line-height-1024: 39px; --qode-cf-font-size-768: 38px; --qode-cf-line-height-768: 39px; --qode-cf-font-size-680: 38px; --qode-cf-line-height-680: 39px; --qode-cf-font-size-480: 38px; --qode-cf-line-height-480: 39px;\">\u00ceLE ROUGE<\/div>[\/vc_column_inner][vc_column_inner width=\u00a0\u00bb1\/2&Prime;][\/vc_column_inner][\/vc_row_inner][vc_row_inner row_type=\u00a0\u00bbrow\u00a0\u00bb type=\u00a0\u00bbfull_width\u00a0\u00bb text_align=\u00a0\u00bbleft\u00a0\u00bb css_animation=\u00a0\u00bb\u00a0\u00bb][vc_column_inner width=\u00a0\u00bb1\/2&Prime;][vc_single_image image=\u00a0\u00bb3348&Prime; img_size=\u00a0\u00bbfull\u00a0\u00bb qode_css_animation=\u00a0\u00bb\u00a0\u00bb][vc_empty_space][\/vc_column_inner][vc_column_inner width=\u00a0\u00bb1\/2&Prime; css=\u00a0\u00bb.vc_custom_1674212910857{margin-bottom: 80px !important;}\u00a0\u00bb][vc_column_text]<\/p>\n<p style=\"text-align: justify;\">\u00c0 quelques kilom\u00e8tres de Costa Paradiso se trouve Isola Rossa, un village de p\u00eacheurs, aujourd\u2019hui devenu une destination touristique, mais qui a su conserver l\u2019atmosph\u00e8re simple et authentique qui le caract\u00e9rise. \u00c0 proximit\u00e9 du petit village, il y a une superbe plage, \u00e9galement adapt\u00e9e aux enfants.<br \/>\nElle tire son nom de l\u2019\u00eelot de granit qui se trouve en face du village, un rocher d\u2019un rose intense qui contraste avec le vert \u00e9clatant du maquis m\u00e9diterran\u00e9en et le blanc immacul\u00e9 des plages.<\/p>\n<p>[\/vc_column_text][\/vc_column_inner][\/vc_row_inner][\/vc_column][\/vc_row][vc_row css_animation=\u00a0\u00bb\u00a0\u00bb row_type=\u00a0\u00bbrow\u00a0\u00bb use_row_as_full_screen_section=\u00a0\u00bbno\u00a0\u00bb type=\u00a0\u00bbgrid\u00a0\u00bb angled_section=\u00a0\u00bbno\u00a0\u00bb text_align=\u00a0\u00bbleft\u00a0\u00bb background_image_as_pattern=\u00a0\u00bbwithout_pattern\u00a0\u00bb z_index=\u00a0\u00bb\u00a0\u00bb][vc_column width=\u00a0\u00bb1\/6&Prime;][\/vc_column][vc_column width=\u00a0\u00bb2\/3&Prime; css=\u00a0\u00bb.vc_custom_1674141388895{margin-top: 80px !important;}\u00a0\u00bb offset=\u00a0\u00bbvc_hidden-sm vc_hidden-xs\u00a0\u00bb]<div class=\"custom_font_holder \" style=\"font-family: EB garamond; font-style: italic; font-weight: 500; text-decoration: none; text-align: left; --qode-cf-font-size: 24px; --qode-cf-line-height: 28px; --qode-cf-font-size-1440: 24px; --qode-cf-line-height-1440: 28px; --qode-cf-font-size-1366: 24px; --qode-cf-line-height-1366: 28px; --qode-cf-font-size-1280: 24px; --qode-cf-line-height-1280: 28px; --qode-cf-font-size-1024: 24px; --qode-cf-line-height-1024: 28px; --qode-cf-font-size-768: 24px; --qode-cf-line-height-768: 28px; --qode-cf-font-size-680: 24px; --qode-cf-line-height-680: 28px; --qode-cf-font-size-480: 24px; --qode-cf-line-height-480: 28px;\">\n<p style=\"text-align: center;\"><span style=\"font-size: 24pt; line-height: 110%;\">La destination id\u00e9ale pour les familles. Un v\u00e9ritable paradis pr\u00e9serv\u00e9.<\/span><\/p>\n<\/div>[\/vc_column][vc_column width=\u00a0\u00bb1\/6&Prime;][\/vc_column][\/vc_row][vc_row css_animation=\u00a0\u00bb\u00a0\u00bb row_type=\u00a0\u00bbrow\u00a0\u00bb use_row_as_full_screen_section=\u00a0\u00bbno\u00a0\u00bb type=\u00a0\u00bbfull_width\u00a0\u00bb angled_section=\u00a0\u00bbno\u00a0\u00bb text_align=\u00a0\u00bbleft\u00a0\u00bb background_image_as_pattern=\u00a0\u00bbwithout_pattern\u00a0\u00bb z_index=\u00a0\u00bb\u00a0\u00bb][vc_column css=\u00a0\u00bb.vc_custom_1675700904256{margin-top: 80px !important;margin-bottom: 120px !important;}\u00a0\u00bb]<div class=\"qode-advanced-image-gallery  qode-aig-slider-type qode-tiny-space   \">\n\t<div class=\"qode-aig-slider qode-owl-slider\" data-number-of-items=\"1\" data-enable-loop=\"yes\" data-enable-autoplay=\"yes\" data-slider-speed=\"5000\" data-slider-speed-animation=\"600\" data-slider-padding=\"yes\" data-enable-navigation=\"yes\" data-enable-pagination=\"yes\">\n\t\t\t\t\t<div class=\"qode-aig-image\">\n\t\t\t\t\t\t\t\t\t<img loading=\"lazy\" decoding=\"async\" width=\"2155\" height=\"1283\" src=\"https:\/\/discovergallura.it\/wp-content\/uploads\/2023\/02\/Isola-Rossa-drone.jpg\" class=\"attachment-full size-full\" alt=\"\" srcset=\"https:\/\/discovergallura.it\/wp-content\/uploads\/2023\/02\/Isola-Rossa-drone.jpg 2155w, https:\/\/discovergallura.it\/wp-content\/uploads\/2023\/02\/Isola-Rossa-drone-300x179.jpg 300w, https:\/\/discovergallura.it\/wp-content\/uploads\/2023\/02\/Isola-Rossa-drone-1024x610.jpg 1024w, https:\/\/discovergallura.it\/wp-content\/uploads\/2023\/02\/Isola-Rossa-drone-768x457.jpg 768w, https:\/\/discovergallura.it\/wp-content\/uploads\/2023\/02\/Isola-Rossa-drone-1536x914.jpg 1536w, https:\/\/discovergallura.it\/wp-content\/uploads\/2023\/02\/Isola-Rossa-drone-2048x1219.jpg 2048w, https:\/\/discovergallura.it\/wp-content\/uploads\/2023\/02\/Isola-Rossa-drone-700x417.jpg 700w\" sizes=\"auto, (max-width: 2155px) 100vw, 2155px\" \/>\t\t\t\t\t<span class=\"aig-gallery-hover\">\n\t\t\t\t\t\t\t\t\t\t\t<\/span>\n\t\t\t\t\t\t\t<\/div>\n\t\t\t\t\t\t\t\t<div class=\"qode-aig-image\">\n\t\t\t\t\t\t\t\t\t<img loading=\"lazy\" decoding=\"async\" width=\"2280\" height=\"1283\" src=\"https:\/\/discovergallura.it\/wp-content\/uploads\/2023\/02\/Isola-Rossa-drone-2.jpg\" class=\"attachment-full size-full\" alt=\"\" srcset=\"https:\/\/discovergallura.it\/wp-content\/uploads\/2023\/02\/Isola-Rossa-drone-2.jpg 2280w, https:\/\/discovergallura.it\/wp-content\/uploads\/2023\/02\/Isola-Rossa-drone-2-300x169.jpg 300w, https:\/\/discovergallura.it\/wp-content\/uploads\/2023\/02\/Isola-Rossa-drone-2-1024x576.jpg 1024w, https:\/\/discovergallura.it\/wp-content\/uploads\/2023\/02\/Isola-Rossa-drone-2-768x432.jpg 768w, https:\/\/discovergallura.it\/wp-content\/uploads\/2023\/02\/Isola-Rossa-drone-2-1536x864.jpg 1536w, https:\/\/discovergallura.it\/wp-content\/uploads\/2023\/02\/Isola-Rossa-drone-2-2048x1152.jpg 2048w, https:\/\/discovergallura.it\/wp-content\/uploads\/2023\/02\/Isola-Rossa-drone-2-700x394.jpg 700w, https:\/\/discovergallura.it\/wp-content\/uploads\/2023\/02\/Isola-Rossa-drone-2-539x303.jpg 539w\" sizes=\"auto, (max-width: 2280px) 100vw, 2280px\" \/>\t\t\t\t\t<span class=\"aig-gallery-hover\">\n\t\t\t\t\t\t\t\t\t\t\t<\/span>\n\t\t\t\t\t\t\t<\/div>\n\t\t\t\t\t\t\t\t<div class=\"qode-aig-image\">\n\t\t\t\t\t\t\t\t\t<img loading=\"lazy\" decoding=\"async\" width=\"2560\" height=\"1440\" src=\"https:\/\/discovergallura.it\/wp-content\/uploads\/2023\/02\/Trinita-scaled.jpg\" class=\"attachment-full size-full\" alt=\"\" srcset=\"https:\/\/discovergallura.it\/wp-content\/uploads\/2023\/02\/Trinita-scaled.jpg 2560w, https:\/\/discovergallura.it\/wp-content\/uploads\/2023\/02\/Trinita-300x169.jpg 300w, https:\/\/discovergallura.it\/wp-content\/uploads\/2023\/02\/Trinita-1024x576.jpg 1024w, https:\/\/discovergallura.it\/wp-content\/uploads\/2023\/02\/Trinita-768x432.jpg 768w, https:\/\/discovergallura.it\/wp-content\/uploads\/2023\/02\/Trinita-1536x864.jpg 1536w, https:\/\/discovergallura.it\/wp-content\/uploads\/2023\/02\/Trinita-2048x1152.jpg 2048w, https:\/\/discovergallura.it\/wp-content\/uploads\/2023\/02\/Trinita-700x394.jpg 700w, https:\/\/discovergallura.it\/wp-content\/uploads\/2023\/02\/Trinita-539x303.jpg 539w\" sizes=\"auto, (max-width: 2560px) 100vw, 2560px\" \/>\t\t\t\t\t<span class=\"aig-gallery-hover\">\n\t\t\t\t\t\t\t\t\t\t\t<\/span>\n\t\t\t\t\t\t\t<\/div>\n\t\t\t\t\t\t\t\t<div class=\"qode-aig-image\">\n\t\t\t\t\t\t\t\t\t<img loading=\"lazy\" decoding=\"async\" width=\"1440\" height=\"1080\" src=\"https:\/\/discovergallura.it\/wp-content\/uploads\/2023\/02\/Trinita-d_Agultu-Tramonto.jpg\" class=\"attachment-full size-full\" alt=\"\" srcset=\"https:\/\/discovergallura.it\/wp-content\/uploads\/2023\/02\/Trinita-d_Agultu-Tramonto.jpg 1440w, https:\/\/discovergallura.it\/wp-content\/uploads\/2023\/02\/Trinita-d_Agultu-Tramonto-300x225.jpg 300w, https:\/\/discovergallura.it\/wp-content\/uploads\/2023\/02\/Trinita-d_Agultu-Tramonto-1024x768.jpg 1024w, https:\/\/discovergallura.it\/wp-content\/uploads\/2023\/02\/Trinita-d_Agultu-Tramonto-768x576.jpg 768w, https:\/\/discovergallura.it\/wp-content\/uploads\/2023\/02\/Trinita-d_Agultu-Tramonto-800x600.jpg 800w, https:\/\/discovergallura.it\/wp-content\/uploads\/2023\/02\/Trinita-d_Agultu-Tramonto-700x525.jpg 700w\" sizes=\"auto, (max-width: 1440px) 100vw, 1440px\" \/>\t\t\t\t\t<span class=\"aig-gallery-hover\">\n\t\t\t\t\t\t\t\t\t\t\t<\/span>\n\t\t\t\t\t\t\t<\/div>\n\t\t\t\t\t\t\t\t<div class=\"qode-aig-image\">\n\t\t\t\t\t\t\t\t\t<img loading=\"lazy\" decoding=\"async\" width=\"960\" height=\"720\" src=\"https:\/\/discovergallura.it\/wp-content\/uploads\/2023\/02\/Isola-Rossa-Spiaggia-di-li-Femini_2.jpg\" class=\"attachment-full size-full\" alt=\"\" srcset=\"https:\/\/discovergallura.it\/wp-content\/uploads\/2023\/02\/Isola-Rossa-Spiaggia-di-li-Femini_2.jpg 960w, https:\/\/discovergallura.it\/wp-content\/uploads\/2023\/02\/Isola-Rossa-Spiaggia-di-li-Femini_2-300x225.jpg 300w, https:\/\/discovergallura.it\/wp-content\/uploads\/2023\/02\/Isola-Rossa-Spiaggia-di-li-Femini_2-768x576.jpg 768w, https:\/\/discovergallura.it\/wp-content\/uploads\/2023\/02\/Isola-Rossa-Spiaggia-di-li-Femini_2-800x600.jpg 800w, https:\/\/discovergallura.it\/wp-content\/uploads\/2023\/02\/Isola-Rossa-Spiaggia-di-li-Femini_2-700x525.jpg 700w\" sizes=\"auto, (max-width: 960px) 100vw, 960px\" \/>\t\t\t\t\t<span class=\"aig-gallery-hover\">\n\t\t\t\t\t\t\t\t\t\t\t<\/span>\n\t\t\t\t\t\t\t<\/div>\n\t\t\t\t\t\t\t\t<div class=\"qode-aig-image\">\n\t\t\t\t\t\t\t\t\t<img loading=\"lazy\" decoding=\"async\" width=\"1169\" height=\"742\" src=\"https:\/\/discovergallura.it\/wp-content\/uploads\/2023\/02\/Isola-Rossa2-volantino.jpg\" class=\"attachment-full size-full\" alt=\"\" srcset=\"https:\/\/discovergallura.it\/wp-content\/uploads\/2023\/02\/Isola-Rossa2-volantino.jpg 1169w, https:\/\/discovergallura.it\/wp-content\/uploads\/2023\/02\/Isola-Rossa2-volantino-300x190.jpg 300w, https:\/\/discovergallura.it\/wp-content\/uploads\/2023\/02\/Isola-Rossa2-volantino-1024x650.jpg 1024w, https:\/\/discovergallura.it\/wp-content\/uploads\/2023\/02\/Isola-Rossa2-volantino-768x487.jpg 768w, https:\/\/discovergallura.it\/wp-content\/uploads\/2023\/02\/Isola-Rossa2-volantino-700x444.jpg 700w\" sizes=\"auto, (max-width: 1169px) 100vw, 1169px\" \/>\t\t\t\t\t<span class=\"aig-gallery-hover\">\n\t\t\t\t\t\t\t\t\t\t\t<\/span>\n\t\t\t\t\t\t\t<\/div>\n\t\t\t\t\t\t\t\t<div class=\"qode-aig-image\">\n\t\t\t\t\t\t\t\t\t<img loading=\"lazy\" decoding=\"async\" width=\"1169\" height=\"742\" src=\"https:\/\/discovergallura.it\/wp-content\/uploads\/2023\/02\/Isola-Rossa3.jpg\" class=\"attachment-full size-full\" alt=\"\" srcset=\"https:\/\/discovergallura.it\/wp-content\/uploads\/2023\/02\/Isola-Rossa3.jpg 1169w, https:\/\/discovergallura.it\/wp-content\/uploads\/2023\/02\/Isola-Rossa3-300x190.jpg 300w, https:\/\/discovergallura.it\/wp-content\/uploads\/2023\/02\/Isola-Rossa3-1024x650.jpg 1024w, https:\/\/discovergallura.it\/wp-content\/uploads\/2023\/02\/Isola-Rossa3-768x487.jpg 768w, https:\/\/discovergallura.it\/wp-content\/uploads\/2023\/02\/Isola-Rossa3-700x444.jpg 700w\" sizes=\"auto, (max-width: 1169px) 100vw, 1169px\" \/>\t\t\t\t\t<span class=\"aig-gallery-hover\">\n\t\t\t\t\t\t\t\t\t\t\t<\/span>\n\t\t\t\t\t\t\t<\/div>\n\t\t\t\t\t\t\t\t<div class=\"qode-aig-image\">\n\t\t\t\t\t\t\t\t\t<img loading=\"lazy\" decoding=\"async\" width=\"1511\" height=\"990\" src=\"https:\/\/discovergallura.it\/wp-content\/uploads\/2023\/02\/Isola-Rossa-dalla-spiaggia.jpg\" class=\"attachment-full size-full\" alt=\"\" srcset=\"https:\/\/discovergallura.it\/wp-content\/uploads\/2023\/02\/Isola-Rossa-dalla-spiaggia.jpg 1511w, https:\/\/discovergallura.it\/wp-content\/uploads\/2023\/02\/Isola-Rossa-dalla-spiaggia-300x197.jpg 300w, https:\/\/discovergallura.it\/wp-content\/uploads\/2023\/02\/Isola-Rossa-dalla-spiaggia-1024x671.jpg 1024w, https:\/\/discovergallura.it\/wp-content\/uploads\/2023\/02\/Isola-Rossa-dalla-spiaggia-768x503.jpg 768w, https:\/\/discovergallura.it\/wp-content\/uploads\/2023\/02\/Isola-Rossa-dalla-spiaggia-700x459.jpg 700w\" sizes=\"auto, (max-width: 1511px) 100vw, 1511px\" \/>\t\t\t\t\t<span class=\"aig-gallery-hover\">\n\t\t\t\t\t\t\t\t\t\t\t<\/span>\n\t\t\t\t\t\t\t<\/div>\n\t\t\t\t\t\t<\/div>\n<\/div>[\/vc_column][\/vc_row]<\/p>\n<\/div>","protected":false},"excerpt":{"rendered":"<p>[vc_row css_animation=\u00a0\u00bb\u00a0\u00bb row_type=\u00a0\u00bbrow\u00a0\u00bb use_row_as_full_screen_section=\u00a0\u00bbno\u00a0\u00bb type=\u00a0\u00bbgrid\u00a0\u00bb angled_section=\u00a0\u00bbno\u00a0\u00bb text_align=\u00a0\u00bbleft\u00a0\u00bb background_image_as_pattern=\u00a0\u00bbwithout_pattern\u00a0\u00bb z_index=\u00a0\u00bb\u00a0\u00bb][vc_column css=\u00a0\u00bb.vc_custom_1674214152573{margin-top: 80px !important;}\u00a0\u00bb][vc_row_inner row_type=\u00a0\u00bbrow\u00a0\u00bb type=\u00a0\u00bbfull_width\u00a0\u00bb text_align=\u00a0\u00bbleft\u00a0\u00bb css_animation=\u00a0\u00bb\u00a0\u00bb][vc_column_inner width=\u00a0\u00bb1\/2&Prime; css=\u00a0\u00bb.vc_custom_1674212921568{margin-bottom: 110px !important;}\u00a0\u00bb][vc_separator type=\u00a0\u00bbsmall\u00a0\u00bb position=\u00a0\u00bbleft\u00a0\u00bb color=\u00a0\u00bb#3390b9&Prime; thickness=\u00a0\u00bb4&Prime; width=\u00a0\u00bb50&Prime;][\/vc_column_inner][vc_column_inner width=\u00a0\u00bb1\/2&Prime;][\/vc_column_inner][\/vc_row_inner][vc_row_inner row_type=\u00a0\u00bbrow\u00a0\u00bb type=\u00a0\u00bbfull_width\u00a0\u00bb text_align=\u00a0\u00bbleft\u00a0\u00bb css_animation=\u00a0\u00bb\u00a0\u00bb][vc_column_inner width=\u00a0\u00bb1\/2&Prime;][vc_single_image image=\u00a0\u00bb3348&Prime; img_size=\u00a0\u00bbfull\u00a0\u00bb qode_css_animation=\u00a0\u00bb\u00a0\u00bb][vc_empty_space][\/vc_column_inner][vc_column_inner width=\u00a0\u00bb1\/2&Prime; css=\u00a0\u00bb.vc_custom_1674212910857{margin-bottom: 80px !important;}\u00a0\u00bb][vc_column_text] \u00c0 quelques kilom\u00e8tres de Costa Paradiso se&#8230;<\/p>\n","protected":false},"author":1,"featured_media":12012,"parent":12513,"menu_order":0,"comment_status":"closed","ping_status":"closed","template":"full_width.php","meta":{"inline_featured_image":false,"footnotes":""},"class_list":["post-12525","page","type-page","status-publish","has-post-thumbnail","hentry"],"_links":{"self":[{"href":"https:\/\/discovergallura.it\/fr\/wp-json\/wp\/v2\/pages\/12525","targetHints":{"allow":["GET"]}}],"collection":[{"href":"https:\/\/discovergallura.it\/fr\/wp-json\/wp\/v2\/pages"}],"about":[{"href":"https:\/\/discovergallura.it\/fr\/wp-json\/wp\/v2\/types\/page"}],"author":[{"embeddable":true,"href":"https:\/\/discovergallura.it\/fr\/wp-json\/wp\/v2\/users\/1"}],"replies":[{"embeddable":true,"href":"https:\/\/discovergallura.it\/fr\/wp-json\/wp\/v2\/comments?post=12525"}],"version-history":[{"count":6,"href":"https:\/\/discovergallura.it\/fr\/wp-json\/wp\/v2\/pages\/12525\/revisions"}],"predecessor-version":[{"id":13844,"href":"https:\/\/discovergallura.it\/fr\/wp-json\/wp\/v2\/pages\/12525\/revisions\/13844"}],"up":[{"embeddable":true,"href":"https:\/\/discovergallura.it\/fr\/wp-json\/wp\/v2\/pages\/12513"}],"wp:featuredmedia":[{"embeddable":true,"href":"https:\/\/discovergallura.it\/fr\/wp-json\/wp\/v2\/media\/12012"}],"wp:attachment":[{"href":"https:\/\/discovergallura.it\/fr\/wp-json\/wp\/v2\/media?parent=12525"}],"curies":[{"name":"wp","href":"https:\/\/api.w.org\/{rel}","templated":true}]}}